{"id":659,"date":"2015-12-25T14:38:18","date_gmt":"2015-12-25T13:38:18","guid":{"rendered":"http:\/\/www.k8radiatori.it\/en\/?post_type=product&#038;p=659"},"modified":"2023-06-29T11:01:29","modified_gmt":"2023-06-29T09:01:29","slug":"yang-mosaico","status":"publish","type":"product","link":"https:\/\/www.k8radiatori.it\/fr\/radiatori\/yang-mosaico\/","title":{"rendered":"Yang Mosaico"},"content":{"rendered":"<p><strong><a href=\"http:\/\/www.k8radiatori.it\/wp-content\/uploads\/2016\/07\/YINYANG-MOSAICO.pdf\" target=\"_blank\" rel=\"noopener\">Scarica qui le specifiche tecniche del radiatore<\/a><\/strong><\/p>\n<p><a href=\"\/contatti\/\">Su richiesta \u00e8 possibile avere schede dettagliate sul prodotto<\/a><\/p>\n<p><a href=\"http:\/\/www.k8radiatori.it\/wp-content\/uploads\/2015\/12\/YingYangMosaico.jpg\"><img decoding=\"async\" loading=\"lazy\" class=\"size-full wp-image-1200 alignleft\" src=\"http:\/\/www.k8radiatori.it\/wp-content\/uploads\/2015\/12\/YingYangMosaico.jpg\" alt=\"Immagine del radiatore Ying mosaico\" width=\"246\" height=\"510\" srcset=\"https:\/\/www.k8radiatori.it\/wp-content\/uploads\/2015\/12\/YingYangMosaico.jpg 246w, https:\/\/www.k8radiatori.it\/wp-content\/uploads\/2015\/12\/YingYangMosaico-193x400.jpg 193w\" sizes=\"(max-width: 246px) 100vw, 246px\" \/><\/a><\/p>","protected":false},"excerpt":{"rendered":"<p>Une note d\u00e9cor est la trame cr\u00e9\u00e9 avec la r\u00e9duction de l\u2019\u00e9paisseur du radiateur et qui transforme Yang en un \u00e9l\u00e9ment mobilier, o\u00f9 fonctionnalit\u00e9 et valeur esth\u00e9tique sont au m\u00eame niveau. Libert\u00e9 dimensionnelle et possibilit\u00e9 de d\u00e9corer la surface transforment Yang en un radiateur avec des qualit\u00e9s de performance \u00e9lev\u00e9es.<\/p>\n","protected":false},"featured_media":661,"comment_status":"closed","ping_status":"closed","template":"","meta":[],"product_cat":[28],"product_tag":[48,132],"yoast_head":"<!-- This site is optimized with the Yoast SEO plugin v20.8 - https:\/\/yoast.com\/wordpress\/plugins\/seo\/ -->\n<title>Yang Mosaico - K8 radiatori<\/title>\n<meta name=\"description\" content=\"Una nota d\u00e9cor \u00e8 la cornice che si viene a creare nella riduzione dello spessore del termoarredo trasformando Yang in un elemento d\u2019arredo dove funzionalit\u00e0 e valore estetico sono sullo stesso piano. Libert\u00e0 dimensionale e possibilit\u00e0 di decorazione della superficie fanno di Yang un calorifero dalle alte qualit\u00e0 prestazionali.The frame created in the reduction of the thickness of the Yang radiator transforms it into a piece of furniture where functionality and aesthetic value are on the same level. Dimensional freedom and possibility to decorate the surface of the Yang make it a high quality performance radiator.Der in der Reduktion der Dicke des Yang Heizk\u00f6rper erstellt Rahmen verwandelt es in ein M\u00f6belst\u00fcck, wo Funktionalit\u00e4t und \u00e4sthetischem Wert sind auf dem gleichen Niveau. Dimensionale Freiheit und M\u00f6glichkeit, schm\u00fccken die Oberfl\u00e4che des Yang machen es zu einem hochwertigen Leistungs Heizk\u00f6rper.Une note d\u00e9cor est la trame cr\u00e9\u00e9 avec la r\u00e9duction de l\u2019\u00e9paisseur du radiateur et qui transforme Yang en un \u00e9l\u00e9ment mobilier, o\u00f9 fonctionnalit\u00e9 et valeur esth\u00e9tique sont au m\u00eame niveau. Libert\u00e9 dimensionnelle et possibilit\u00e9 de d\u00e9corer la surface transforment Yang en un radiateur avec des qualit\u00e9s de performance \u00e9lev\u00e9es.Una nota decorativa es el marco que se crea reduciendo el espesor del radiador transformando Yang en un elemento de decoraci\u00f3n donde la funcionalidad y el valor est\u00e9tico est\u00e1n al mismo nivel. La libertad de dimensi\u00f3n y la posibilidad de decorar la superficie hacen que Yang sea un radiador con grandes cualidades y elevada eficacia.\" \/>\n<meta name=\"robots\" content=\"index, follow, max-snippet:-1, max-image-preview:large, max-video-preview:-1\" \/>\n<link rel=\"canonical\" href=\"https:\/\/www.k8radiatori.it\/fr\/radiatori\/yang-mosaico\/\" \/>\n<meta name=\"twitter:label1\" content=\"Dur\u00e9e de lecture estim\u00e9e\" \/>\n\t<meta name=\"twitter:data1\" content=\"2 minutes\" \/>\n<script type=\"application\/ld+json\" class=\"yoast-schema-graph\">{\"@context\":\"https:\/\/schema.org\",\"@graph\":[{\"@type\":\"WebPage\",\"@id\":\"https:\/\/www.k8radiatori.it\/fr\/radiatori\/yang-mosaico\/\",\"url\":\"https:\/\/www.k8radiatori.it\/fr\/radiatori\/yang-mosaico\/\",\"name\":\"Yang Mosaico - K8 radiatori\",\"isPartOf\":{\"@id\":\"https:\/\/www.k8radiatori.it\/de\/#website\"},\"datePublished\":\"2015-12-25T13:38:18+00:00\",\"dateModified\":\"2023-06-29T09:01:29+00:00\",\"description\":\"Una nota d\u00e9cor \u00e8 la cornice che si viene a creare nella riduzione dello spessore del termoarredo trasformando Yang in un elemento d\u2019arredo dove funzionalit\u00e0 e valore estetico sono sullo stesso piano. Libert\u00e0 dimensionale e possibilit\u00e0 di decorazione della superficie fanno di Yang un calorifero dalle alte qualit\u00e0 prestazionali.The frame created in the reduction of the thickness of the Yang radiator transforms it into a piece of furniture where functionality and aesthetic value are on the same level. Dimensional freedom and possibility to decorate the surface of the Yang make it a high quality performance radiator.Der in der Reduktion der Dicke des Yang Heizk\u00f6rper erstellt Rahmen verwandelt es in ein M\u00f6belst\u00fcck, wo Funktionalit\u00e4t und \u00e4sthetischem Wert sind auf dem gleichen Niveau. Dimensionale Freiheit und M\u00f6glichkeit, schm\u00fccken die Oberfl\u00e4che des Yang machen es zu einem hochwertigen Leistungs Heizk\u00f6rper.Une note d\u00e9cor est la trame cr\u00e9\u00e9 avec la r\u00e9duction de l\u2019\u00e9paisseur du radiateur et qui transforme Yang en un \u00e9l\u00e9ment mobilier, o\u00f9 fonctionnalit\u00e9 et valeur esth\u00e9tique sont au m\u00eame niveau. Libert\u00e9 dimensionnelle et possibilit\u00e9 de d\u00e9corer la surface transforment Yang en un radiateur avec des qualit\u00e9s de performance \u00e9lev\u00e9es.Una nota decorativa es el marco que se crea reduciendo el espesor del radiador transformando Yang en un elemento de decoraci\u00f3n donde la funcionalidad y el valor est\u00e9tico est\u00e1n al mismo nivel. La libertad de dimensi\u00f3n y la posibilidad de decorar la superficie hacen que Yang sea un radiador con grandes cualidades y elevada eficacia.\",\"breadcrumb\":{\"@id\":\"https:\/\/www.k8radiatori.it\/fr\/radiatori\/yang-mosaico\/#breadcrumb\"},\"inLanguage\":\"fr-FR\",\"potentialAction\":[{\"@type\":\"ReadAction\",\"target\":[\"https:\/\/www.k8radiatori.it\/fr\/radiatori\/yang-mosaico\/\"]}]},{\"@type\":\"BreadcrumbList\",\"@id\":\"https:\/\/www.k8radiatori.it\/fr\/radiatori\/yang-mosaico\/#breadcrumb\",\"itemListElement\":[{\"@type\":\"ListItem\",\"position\":1,\"name\":\"Home\",\"item\":\"https:\/\/www.k8radiatori.it\/\"},{\"@type\":\"ListItem\",\"position\":2,\"name\":\"Shop\",\"item\":\"https:\/\/www.k8radiatori.it\/de\/negozio\/\"},{\"@type\":\"ListItem\",\"position\":3,\"name\":\"Yang Mosaico\"}]},{\"@type\":\"WebSite\",\"@id\":\"https:\/\/www.k8radiatori.it\/de\/#website\",\"url\":\"https:\/\/www.k8radiatori.it\/de\/\",\"name\":\"K8 radiatori\",\"description\":\"K8 radiatori\",\"publisher\":{\"@id\":\"https:\/\/www.k8radiatori.it\/de\/#organization\"},\"potentialAction\":[{\"@type\":\"SearchAction\",\"target\":{\"@type\":\"EntryPoint\",\"urlTemplate\":\"https:\/\/www.k8radiatori.it\/de\/?s={search_term_string}\"},\"query-input\":\"required name=search_term_string\"}],\"inLanguage\":\"fr-FR\"},{\"@type\":\"Organization\",\"@id\":\"https:\/\/www.k8radiatori.it\/de\/#organization\",\"name\":\"K8 radiatori\",\"url\":\"https:\/\/www.k8radiatori.it\/de\/\",\"logo\":{\"@type\":\"ImageObject\",\"inLanguage\":\"fr-FR\",\"@id\":\"https:\/\/www.k8radiatori.it\/de\/#\/schema\/logo\/image\/\",\"url\":\"https:\/\/www.k8radiatori.it\/wp-content\/uploads\/2016\/03\/logo.png\",\"contentUrl\":\"https:\/\/www.k8radiatori.it\/wp-content\/uploads\/2016\/03\/logo.png\",\"width\":253,\"height\":283,\"caption\":\"K8 radiatori\"},\"image\":{\"@id\":\"https:\/\/www.k8radiatori.it\/de\/#\/schema\/logo\/image\/\"}}]}<\/script>\n<!-- \/ Yoast SEO plugin. -->","yoast_head_json":{"title":"Yang Mosaico - K8 radiatori","description":"Una nota d\u00e9cor \u00e8 la cornice che si viene a creare nella riduzione dello spessore del termoarredo trasformando Yang in un elemento d\u2019arredo dove funzionalit\u00e0 e valore estetico sono sullo stesso piano. Libert\u00e0 dimensionale e possibilit\u00e0 di decorazione della superficie fanno di Yang un calorifero dalle alte qualit\u00e0 prestazionali.The frame created in the reduction of the thickness of the Yang radiator transforms it into a piece of furniture where functionality and aesthetic value are on the same level. Dimensional freedom and possibility to decorate the surface of the Yang make it a high quality performance radiator.Der in der Reduktion der Dicke des Yang Heizk\u00f6rper erstellt Rahmen verwandelt es in ein M\u00f6belst\u00fcck, wo Funktionalit\u00e4t und \u00e4sthetischem Wert sind auf dem gleichen Niveau. Dimensionale Freiheit und M\u00f6glichkeit, schm\u00fccken die Oberfl\u00e4che des Yang machen es zu einem hochwertigen Leistungs Heizk\u00f6rper.Une note d\u00e9cor est la trame cr\u00e9\u00e9 avec la r\u00e9duction de l\u2019\u00e9paisseur du radiateur et qui transforme Yang en un \u00e9l\u00e9ment mobilier, o\u00f9 fonctionnalit\u00e9 et valeur esth\u00e9tique sont au m\u00eame niveau. Libert\u00e9 dimensionnelle et possibilit\u00e9 de d\u00e9corer la surface transforment Yang en un radiateur avec des qualit\u00e9s de performance \u00e9lev\u00e9es.Una nota decorativa es el marco que se crea reduciendo el espesor del radiador transformando Yang en un elemento de decoraci\u00f3n donde la funcionalidad y el valor est\u00e9tico est\u00e1n al mismo nivel. La libertad de dimensi\u00f3n y la posibilidad de decorar la superficie hacen que Yang sea un radiador con grandes cualidades y elevada eficacia.","robots":{"index":"index","follow":"follow","max-snippet":"max-snippet:-1","max-image-preview":"max-image-preview:large","max-video-preview":"max-video-preview:-1"},"canonical":"https:\/\/www.k8radiatori.it\/fr\/radiatori\/yang-mosaico\/","twitter_misc":{"Dur\u00e9e de lecture estim\u00e9e":"2 minutes"},"schema":{"@context":"https:\/\/schema.org","@graph":[{"@type":"WebPage","@id":"https:\/\/www.k8radiatori.it\/fr\/radiatori\/yang-mosaico\/","url":"https:\/\/www.k8radiatori.it\/fr\/radiatori\/yang-mosaico\/","name":"Yang Mosaico - K8 radiatori","isPartOf":{"@id":"https:\/\/www.k8radiatori.it\/de\/#website"},"datePublished":"2015-12-25T13:38:18+00:00","dateModified":"2023-06-29T09:01:29+00:00","description":"Una nota d\u00e9cor \u00e8 la cornice che si viene a creare nella riduzione dello spessore del termoarredo trasformando Yang in un elemento d\u2019arredo dove funzionalit\u00e0 e valore estetico sono sullo stesso piano. Libert\u00e0 dimensionale e possibilit\u00e0 di decorazione della superficie fanno di Yang un calorifero dalle alte qualit\u00e0 prestazionali.The frame created in the reduction of the thickness of the Yang radiator transforms it into a piece of furniture where functionality and aesthetic value are on the same level. Dimensional freedom and possibility to decorate the surface of the Yang make it a high quality performance radiator.Der in der Reduktion der Dicke des Yang Heizk\u00f6rper erstellt Rahmen verwandelt es in ein M\u00f6belst\u00fcck, wo Funktionalit\u00e4t und \u00e4sthetischem Wert sind auf dem gleichen Niveau. Dimensionale Freiheit und M\u00f6glichkeit, schm\u00fccken die Oberfl\u00e4che des Yang machen es zu einem hochwertigen Leistungs Heizk\u00f6rper.Une note d\u00e9cor est la trame cr\u00e9\u00e9 avec la r\u00e9duction de l\u2019\u00e9paisseur du radiateur et qui transforme Yang en un \u00e9l\u00e9ment mobilier, o\u00f9 fonctionnalit\u00e9 et valeur esth\u00e9tique sont au m\u00eame niveau. Libert\u00e9 dimensionnelle et possibilit\u00e9 de d\u00e9corer la surface transforment Yang en un radiateur avec des qualit\u00e9s de performance \u00e9lev\u00e9es.Una nota decorativa es el marco que se crea reduciendo el espesor del radiador transformando Yang en un elemento de decoraci\u00f3n donde la funcionalidad y el valor est\u00e9tico est\u00e1n al mismo nivel. La libertad de dimensi\u00f3n y la posibilidad de decorar la superficie hacen que Yang sea un radiador con grandes cualidades y elevada eficacia.","breadcrumb":{"@id":"https:\/\/www.k8radiatori.it\/fr\/radiatori\/yang-mosaico\/#breadcrumb"},"inLanguage":"fr-FR","potentialAction":[{"@type":"ReadAction","target":["https:\/\/www.k8radiatori.it\/fr\/radiatori\/yang-mosaico\/"]}]},{"@type":"BreadcrumbList","@id":"https:\/\/www.k8radiatori.it\/fr\/radiatori\/yang-mosaico\/#breadcrumb","itemListElement":[{"@type":"ListItem","position":1,"name":"Home","item":"https:\/\/www.k8radiatori.it\/"},{"@type":"ListItem","position":2,"name":"Shop","item":"https:\/\/www.k8radiatori.it\/de\/negozio\/"},{"@type":"ListItem","position":3,"name":"Yang Mosaico"}]},{"@type":"WebSite","@id":"https:\/\/www.k8radiatori.it\/de\/#website","url":"https:\/\/www.k8radiatori.it\/de\/","name":"K8 radiatori","description":"K8 radiatori","publisher":{"@id":"https:\/\/www.k8radiatori.it\/de\/#organization"},"potentialAction":[{"@type":"SearchAction","target":{"@type":"EntryPoint","urlTemplate":"https:\/\/www.k8radiatori.it\/de\/?s={search_term_string}"},"query-input":"required name=search_term_string"}],"inLanguage":"fr-FR"},{"@type":"Organization","@id":"https:\/\/www.k8radiatori.it\/de\/#organization","name":"K8 radiatori","url":"https:\/\/www.k8radiatori.it\/de\/","logo":{"@type":"ImageObject","inLanguage":"fr-FR","@id":"https:\/\/www.k8radiatori.it\/de\/#\/schema\/logo\/image\/","url":"https:\/\/www.k8radiatori.it\/wp-content\/uploads\/2016\/03\/logo.png","contentUrl":"https:\/\/www.k8radiatori.it\/wp-content\/uploads\/2016\/03\/logo.png","width":253,"height":283,"caption":"K8 radiatori"},"image":{"@id":"https:\/\/www.k8radiatori.it\/de\/#\/schema\/logo\/image\/"}}]}},"_links":{"self":[{"href":"https:\/\/www.k8radiatori.it\/fr\/wp-json\/wp\/v3\/product\/659"}],"collection":[{"href":"https:\/\/www.k8radiatori.it\/fr\/wp-json\/wp\/v3\/product"}],"about":[{"href":"https:\/\/www.k8radiatori.it\/fr\/wp-json\/wp\/v2\/types\/product"}],"replies":[{"embeddable":true,"href":"https:\/\/www.k8radiatori.it\/fr\/wp-json\/wp\/v2\/comments?post=659"}],"wp:featuredmedia":[{"embeddable":true,"href":"https:\/\/www.k8radiatori.it\/fr\/wp-json\/wp\/v2\/media\/661"}],"wp:attachment":[{"href":"https:\/\/www.k8radiatori.it\/fr\/wp-json\/wp\/v2\/media?parent=659"}],"wp:term":[{"taxonomy":"product_cat","embeddable":true,"href":"https:\/\/www.k8radiatori.it\/fr\/wp-json\/wp\/v2\/product_cat?post=659"},{"taxonomy":"product_tag","embeddable":true,"href":"https:\/\/www.k8radiatori.it\/fr\/wp-json\/wp\/v2\/product_tag?post=659"}],"curies":[{"name":"wp","href":"https:\/\/api.w.org\/{rel}","templated":true}]}}