{"id":492,"date":"2015-12-24T02:25:42","date_gmt":"2015-12-24T01:25:42","guid":{"rendered":"http:\/\/www.k8radiatori.it\/en\/?post_type=product&#038;p=492"},"modified":"2023-06-29T11:32:25","modified_gmt":"2023-06-29T09:32:25","slug":"vega-v","status":"publish","type":"product","link":"https:\/\/www.k8radiatori.it\/fr\/radiatori\/vega-v\/","title":{"rendered":"Vega-V"},"content":{"rendered":"<p><strong><a href=\"http:\/\/www.k8radiatori.it\/wp-content\/uploads\/2016\/07\/VEGA_0-V-2T.pdf\" target=\"_blank\">Scarica qui le specifiche tecniche del radiatore<\/a><\/strong><\/p>\n<p><a href=\"\/contatti\/\">Su richiesta \u00e8 possibile avere schede dettagliate sul prodotto<\/a><\/p>\n<p><a href=\"http:\/\/www.k8radiatori.it\/wp-content\/uploads\/2016\/07\/VEGA-V.jpg\"><img decoding=\"async\" loading=\"lazy\" class=\"size-full wp-image-1282 alignleft\" src=\"http:\/\/www.k8radiatori.it\/wp-content\/uploads\/2016\/07\/VEGA-V.jpg\" alt=\"Immagine radiatore VEGA-V\" width=\"299\" height=\"571\" srcset=\"https:\/\/www.k8radiatori.it\/wp-content\/uploads\/2016\/07\/VEGA-V.jpg 299w, https:\/\/www.k8radiatori.it\/wp-content\/uploads\/2016\/07\/VEGA-V-209x400.jpg 209w\" sizes=\"(max-width: 299px) 100vw, 299px\" \/><\/a><\/p>","protected":false},"excerpt":{"rendered":"<p>C&rsquo;est la variante verticaledes radiateurs de la s\u00e9rie VEGA r\u00e9alis\u00e9e compl\u00e9tement en aluminium extrud\u00e9.<br \/>\nL&rsquo;aluminium c&rsquo;est un excellent conducteur de chaleur par rapport \u00e8l&rsquo;acier et \u00e8 la fonte, car il permet d&rsquo;utiliser moins d&rsquo;eau chaude en offrant le m\u00eame rendement thermique. Ainsi grace \u00e8 moins de pertes au niveau des conduites, on obtient une \u00e9conomie thermique importante.<br \/>\nEn plus il s&rsquo;agit d&rsquo;un m\u00e9tal tr\u00e8s l\u00e9ger qui facilite l&rsquo;installation. Les hauteurs disponibles vont d&rsquo;un minimum de 400mm \u00e8 un maximum de 2500mm. Il ya aussi la possibilit\u00e9 de demander pour des entraxes particuliers surtout si l&rsquo;on veut remplacer les vieux radiateurs.<\/p>\n","protected":false},"featured_media":1127,"comment_status":"closed","ping_status":"closed","template":"","meta":[],"product_cat":[180],"product_tag":[48,93],"yoast_head":"<!-- This site is optimized with the Yoast SEO plugin v20.8 - https:\/\/yoast.com\/wordpress\/plugins\/seo\/ -->\n<title>Vega-V - K8 radiatori<\/title>\n<meta name=\"description\" content=\"E&#039; la versione verticale dei radiatori della serie Vega, realizzata totalmente in allumio estruso. L&#039;alluminio \u00e8 un ottimo conduttore del calore, superiore in ci\u00f2 sia all&#039;acciaio sia alla ghisa.Ci\u00f2 permette, a parit\u00e0 di rendimento, di utilizzare acqua meno calda, con un risparmio dovuto a minori perdite di calore nelle tubazioni. Inoltre \u00e8 un metallo leggero, il che lo rende agevole da installare. E&#039; disponibile da un altezza minima di 400 mm ad una massima di 2500 mm, con la possibilit\u00e0 di richiedere interassi particolari dovuti alla necessit\u00e0 di sostituire vecchi termosifoni preesistenti.It is the vertical version of the Vega model, completely realized in extruded aluminium alloy.The extruded aluminium alloy is a perfect conductor of heat, and has better conductivity then other materials such as steel or iron, which allows, at the same heat output, to use less warm water with saving of energy due to the minor dispersion in the house heating system. Furthermore it is a very light metal, which facilitates an easy installation. It is available with a minimum height of 400 mm up to a maximum of 2500 mm, with the possibility of specificy interspace, particularly interesting in the substitution of already existing heating radiators.Das ist die vertikale Version aus extrudiertem Aluminium der Vega Modellen. Das Aluminium ist einen exzellenter W\u00e4rmeleiter (es ist besser als der Stahl und das Gusseisen), deshalb, bei gleicher Leistung, arbeitet dieses Modell aus Aluminium mit weniger heissem Wasser und minimiert somit den W\u00e4rmeverlust. Au\u00dferdem ist das Aluminium ein Leichtmetall, das leicht anzuschlie\u00dfen ist. Diese Version ist in eine H\u00f6he von 400mm bis 2500mm lieferbar und, falls der Austausch der alten Heizk\u00f6rper notwendig ist, sind sie in unterschiedlichsten Anschlussma\u00dfen lieferbar.C&#039;est la variante verticaledes radiateurs de la s\u00e9rie VEGA r\u00e9alis\u00e9e compl\u00e9tement en aluminium extrud\u00e9. L&#039;aluminium c&#039;est un excellent conducteur de chaleur par rapport \u00e8l&#039;acier et \u00e8 la fonte, car il permet d&#039;utiliser moins d&#039;eau chaude en offrant le m\u00eame rendement thermique. Ainsi grace \u00e8 moins de pertes au niveau des conduites, on obtient une \u00e9conomie thermique importante. En plus il s&#039;agit d&#039;un m\u00e9tal tr\u00e8s l\u00e9ger qui facilite l&#039;installation. Les hauteurs disponibles vont d&#039;un minimum de 400mm \u00e8 un maximum de 2500mm. Il ya aussi la possibilit\u00e9 de demander pour des entraxes particuliers surtout si l&#039;on veut remplacer les vieux radiateurs.Es el modelo vertical del grupo de radiadores de la serie Vega, realizado en su totalidad en aluminio troquelado. El aluminio es un excelente conductor de calor, superior en este caso al acero y al hierro fundido. Esta caracter\u00edstica permite, con el mismo rendimiento, utilizar agua menos caliente, con un ahorro debido a menores p\u00e9rdidas de calor en las tuber\u00edas. Adem\u00e1s es un metal liviano, caracter\u00edstica que facilita la instalaci\u00f3n. Est\u00e1 a la venta con una altura m\u00ednima de 400 mm hasta una m\u00e1xima de 2500 mm, y ofrece la posibilidad de satisfacer exigencias particulares debido a la necesidad de sustituir viejos calor\u00edferos ya existentes.\" \/>\n<meta name=\"robots\" content=\"index, follow, max-snippet:-1, max-image-preview:large, max-video-preview:-1\" \/>\n<link rel=\"canonical\" href=\"https:\/\/www.k8radiatori.it\/fr\/radiatori\/vega-v\/\" \/>\n<script type=\"application\/ld+json\" class=\"yoast-schema-graph\">{\"@context\":\"https:\/\/schema.org\",\"@graph\":[{\"@type\":\"WebPage\",\"@id\":\"https:\/\/www.k8radiatori.it\/fr\/radiatori\/vega-v\/\",\"url\":\"https:\/\/www.k8radiatori.it\/fr\/radiatori\/vega-v\/\",\"name\":\"Vega-V - K8 radiatori\",\"isPartOf\":{\"@id\":\"https:\/\/www.k8radiatori.it\/de\/#website\"},\"datePublished\":\"2015-12-24T01:25:42+00:00\",\"dateModified\":\"2023-06-29T09:32:25+00:00\",\"description\":\"E' la versione verticale dei radiatori della serie Vega, realizzata totalmente in allumio estruso. L'alluminio \u00e8 un ottimo conduttore del calore, superiore in ci\u00f2 sia all'acciaio sia alla ghisa.Ci\u00f2 permette, a parit\u00e0 di rendimento, di utilizzare acqua meno calda, con un risparmio dovuto a minori perdite di calore nelle tubazioni. Inoltre \u00e8 un metallo leggero, il che lo rende agevole da installare. E' disponibile da un altezza minima di 400 mm ad una massima di 2500 mm, con la possibilit\u00e0 di richiedere interassi particolari dovuti alla necessit\u00e0 di sostituire vecchi termosifoni preesistenti.It is the vertical version of the Vega model, completely realized in extruded aluminium alloy.The extruded aluminium alloy is a perfect conductor of heat, and has better conductivity then other materials such as steel or iron, which allows, at the same heat output, to use less warm water with saving of energy due to the minor dispersion in the house heating system. Furthermore it is a very light metal, which facilitates an easy installation. It is available with a minimum height of 400 mm up to a maximum of 2500 mm, with the possibility of specificy interspace, particularly interesting in the substitution of already existing heating radiators.Das ist die vertikale Version aus extrudiertem Aluminium der Vega Modellen. Das Aluminium ist einen exzellenter W\u00e4rmeleiter (es ist besser als der Stahl und das Gusseisen), deshalb, bei gleicher Leistung, arbeitet dieses Modell aus Aluminium mit weniger heissem Wasser und minimiert somit den W\u00e4rmeverlust. Au\u00dferdem ist das Aluminium ein Leichtmetall, das leicht anzuschlie\u00dfen ist. Diese Version ist in eine H\u00f6he von 400mm bis 2500mm lieferbar und, falls der Austausch der alten Heizk\u00f6rper notwendig ist, sind sie in unterschiedlichsten Anschlussma\u00dfen lieferbar.C'est la variante verticaledes radiateurs de la s\u00e9rie VEGA r\u00e9alis\u00e9e compl\u00e9tement en aluminium extrud\u00e9. L'aluminium c'est un excellent conducteur de chaleur par rapport \u00e8l'acier et \u00e8 la fonte, car il permet d'utiliser moins d'eau chaude en offrant le m\u00eame rendement thermique. Ainsi grace \u00e8 moins de pertes au niveau des conduites, on obtient une \u00e9conomie thermique importante. En plus il s'agit d'un m\u00e9tal tr\u00e8s l\u00e9ger qui facilite l'installation. Les hauteurs disponibles vont d'un minimum de 400mm \u00e8 un maximum de 2500mm. Il ya aussi la possibilit\u00e9 de demander pour des entraxes particuliers surtout si l'on veut remplacer les vieux radiateurs.Es el modelo vertical del grupo de radiadores de la serie Vega, realizado en su totalidad en aluminio troquelado. El aluminio es un excelente conductor de calor, superior en este caso al acero y al hierro fundido. Esta caracter\u00edstica permite, con el mismo rendimiento, utilizar agua menos caliente, con un ahorro debido a menores p\u00e9rdidas de calor en las tuber\u00edas. Adem\u00e1s es un metal liviano, caracter\u00edstica que facilita la instalaci\u00f3n. Est\u00e1 a la venta con una altura m\u00ednima de 400 mm hasta una m\u00e1xima de 2500 mm, y ofrece la posibilidad de satisfacer exigencias particulares debido a la necesidad de sustituir viejos calor\u00edferos ya existentes.\",\"breadcrumb\":{\"@id\":\"https:\/\/www.k8radiatori.it\/fr\/radiatori\/vega-v\/#breadcrumb\"},\"inLanguage\":\"fr-FR\",\"potentialAction\":[{\"@type\":\"ReadAction\",\"target\":[\"https:\/\/www.k8radiatori.it\/fr\/radiatori\/vega-v\/\"]}]},{\"@type\":\"BreadcrumbList\",\"@id\":\"https:\/\/www.k8radiatori.it\/fr\/radiatori\/vega-v\/#breadcrumb\",\"itemListElement\":[{\"@type\":\"ListItem\",\"position\":1,\"name\":\"Home\",\"item\":\"https:\/\/www.k8radiatori.it\/\"},{\"@type\":\"ListItem\",\"position\":2,\"name\":\"Shop\",\"item\":\"https:\/\/www.k8radiatori.it\/de\/negozio\/\"},{\"@type\":\"ListItem\",\"position\":3,\"name\":\"Vega-V\"}]},{\"@type\":\"WebSite\",\"@id\":\"https:\/\/www.k8radiatori.it\/de\/#website\",\"url\":\"https:\/\/www.k8radiatori.it\/de\/\",\"name\":\"K8 radiatori\",\"description\":\"K8 radiatori\",\"publisher\":{\"@id\":\"https:\/\/www.k8radiatori.it\/de\/#organization\"},\"potentialAction\":[{\"@type\":\"SearchAction\",\"target\":{\"@type\":\"EntryPoint\",\"urlTemplate\":\"https:\/\/www.k8radiatori.it\/de\/?s={search_term_string}\"},\"query-input\":\"required name=search_term_string\"}],\"inLanguage\":\"fr-FR\"},{\"@type\":\"Organization\",\"@id\":\"https:\/\/www.k8radiatori.it\/de\/#organization\",\"name\":\"K8 radiatori\",\"url\":\"https:\/\/www.k8radiatori.it\/de\/\",\"logo\":{\"@type\":\"ImageObject\",\"inLanguage\":\"fr-FR\",\"@id\":\"https:\/\/www.k8radiatori.it\/de\/#\/schema\/logo\/image\/\",\"url\":\"https:\/\/www.k8radiatori.it\/wp-content\/uploads\/2016\/03\/logo.png\",\"contentUrl\":\"https:\/\/www.k8radiatori.it\/wp-content\/uploads\/2016\/03\/logo.png\",\"width\":253,\"height\":283,\"caption\":\"K8 radiatori\"},\"image\":{\"@id\":\"https:\/\/www.k8radiatori.it\/de\/#\/schema\/logo\/image\/\"}}]}<\/script>\n<!-- \/ Yoast SEO plugin. -->","yoast_head_json":{"title":"Vega-V - K8 radiatori","description":"E' la versione verticale dei radiatori della serie Vega, realizzata totalmente in allumio estruso. L'alluminio \u00e8 un ottimo conduttore del calore, superiore in ci\u00f2 sia all'acciaio sia alla ghisa.Ci\u00f2 permette, a parit\u00e0 di rendimento, di utilizzare acqua meno calda, con un risparmio dovuto a minori perdite di calore nelle tubazioni. Inoltre \u00e8 un metallo leggero, il che lo rende agevole da installare. E' disponibile da un altezza minima di 400 mm ad una massima di 2500 mm, con la possibilit\u00e0 di richiedere interassi particolari dovuti alla necessit\u00e0 di sostituire vecchi termosifoni preesistenti.It is the vertical version of the Vega model, completely realized in extruded aluminium alloy.The extruded aluminium alloy is a perfect conductor of heat, and has better conductivity then other materials such as steel or iron, which allows, at the same heat output, to use less warm water with saving of energy due to the minor dispersion in the house heating system. Furthermore it is a very light metal, which facilitates an easy installation. It is available with a minimum height of 400 mm up to a maximum of 2500 mm, with the possibility of specificy interspace, particularly interesting in the substitution of already existing heating radiators.Das ist die vertikale Version aus extrudiertem Aluminium der Vega Modellen. Das Aluminium ist einen exzellenter W\u00e4rmeleiter (es ist besser als der Stahl und das Gusseisen), deshalb, bei gleicher Leistung, arbeitet dieses Modell aus Aluminium mit weniger heissem Wasser und minimiert somit den W\u00e4rmeverlust. Au\u00dferdem ist das Aluminium ein Leichtmetall, das leicht anzuschlie\u00dfen ist. Diese Version ist in eine H\u00f6he von 400mm bis 2500mm lieferbar und, falls der Austausch der alten Heizk\u00f6rper notwendig ist, sind sie in unterschiedlichsten Anschlussma\u00dfen lieferbar.C'est la variante verticaledes radiateurs de la s\u00e9rie VEGA r\u00e9alis\u00e9e compl\u00e9tement en aluminium extrud\u00e9. L'aluminium c'est un excellent conducteur de chaleur par rapport \u00e8l'acier et \u00e8 la fonte, car il permet d'utiliser moins d'eau chaude en offrant le m\u00eame rendement thermique. Ainsi grace \u00e8 moins de pertes au niveau des conduites, on obtient une \u00e9conomie thermique importante. En plus il s'agit d'un m\u00e9tal tr\u00e8s l\u00e9ger qui facilite l'installation. Les hauteurs disponibles vont d'un minimum de 400mm \u00e8 un maximum de 2500mm. Il ya aussi la possibilit\u00e9 de demander pour des entraxes particuliers surtout si l'on veut remplacer les vieux radiateurs.Es el modelo vertical del grupo de radiadores de la serie Vega, realizado en su totalidad en aluminio troquelado. El aluminio es un excelente conductor de calor, superior en este caso al acero y al hierro fundido. Esta caracter\u00edstica permite, con el mismo rendimiento, utilizar agua menos caliente, con un ahorro debido a menores p\u00e9rdidas de calor en las tuber\u00edas. Adem\u00e1s es un metal liviano, caracter\u00edstica que facilita la instalaci\u00f3n. Est\u00e1 a la venta con una altura m\u00ednima de 400 mm hasta una m\u00e1xima de 2500 mm, y ofrece la posibilidad de satisfacer exigencias particulares debido a la necesidad de sustituir viejos calor\u00edferos ya existentes.","robots":{"index":"index","follow":"follow","max-snippet":"max-snippet:-1","max-image-preview":"max-image-preview:large","max-video-preview":"max-video-preview:-1"},"canonical":"https:\/\/www.k8radiatori.it\/fr\/radiatori\/vega-v\/","schema":{"@context":"https:\/\/schema.org","@graph":[{"@type":"WebPage","@id":"https:\/\/www.k8radiatori.it\/fr\/radiatori\/vega-v\/","url":"https:\/\/www.k8radiatori.it\/fr\/radiatori\/vega-v\/","name":"Vega-V - K8 radiatori","isPartOf":{"@id":"https:\/\/www.k8radiatori.it\/de\/#website"},"datePublished":"2015-12-24T01:25:42+00:00","dateModified":"2023-06-29T09:32:25+00:00","description":"E' la versione verticale dei radiatori della serie Vega, realizzata totalmente in allumio estruso. L'alluminio \u00e8 un ottimo conduttore del calore, superiore in ci\u00f2 sia all'acciaio sia alla ghisa.Ci\u00f2 permette, a parit\u00e0 di rendimento, di utilizzare acqua meno calda, con un risparmio dovuto a minori perdite di calore nelle tubazioni. Inoltre \u00e8 un metallo leggero, il che lo rende agevole da installare. E' disponibile da un altezza minima di 400 mm ad una massima di 2500 mm, con la possibilit\u00e0 di richiedere interassi particolari dovuti alla necessit\u00e0 di sostituire vecchi termosifoni preesistenti.It is the vertical version of the Vega model, completely realized in extruded aluminium alloy.The extruded aluminium alloy is a perfect conductor of heat, and has better conductivity then other materials such as steel or iron, which allows, at the same heat output, to use less warm water with saving of energy due to the minor dispersion in the house heating system. Furthermore it is a very light metal, which facilitates an easy installation. It is available with a minimum height of 400 mm up to a maximum of 2500 mm, with the possibility of specificy interspace, particularly interesting in the substitution of already existing heating radiators.Das ist die vertikale Version aus extrudiertem Aluminium der Vega Modellen. Das Aluminium ist einen exzellenter W\u00e4rmeleiter (es ist besser als der Stahl und das Gusseisen), deshalb, bei gleicher Leistung, arbeitet dieses Modell aus Aluminium mit weniger heissem Wasser und minimiert somit den W\u00e4rmeverlust. Au\u00dferdem ist das Aluminium ein Leichtmetall, das leicht anzuschlie\u00dfen ist. Diese Version ist in eine H\u00f6he von 400mm bis 2500mm lieferbar und, falls der Austausch der alten Heizk\u00f6rper notwendig ist, sind sie in unterschiedlichsten Anschlussma\u00dfen lieferbar.C'est la variante verticaledes radiateurs de la s\u00e9rie VEGA r\u00e9alis\u00e9e compl\u00e9tement en aluminium extrud\u00e9. L'aluminium c'est un excellent conducteur de chaleur par rapport \u00e8l'acier et \u00e8 la fonte, car il permet d'utiliser moins d'eau chaude en offrant le m\u00eame rendement thermique. Ainsi grace \u00e8 moins de pertes au niveau des conduites, on obtient une \u00e9conomie thermique importante. En plus il s'agit d'un m\u00e9tal tr\u00e8s l\u00e9ger qui facilite l'installation. Les hauteurs disponibles vont d'un minimum de 400mm \u00e8 un maximum de 2500mm. Il ya aussi la possibilit\u00e9 de demander pour des entraxes particuliers surtout si l'on veut remplacer les vieux radiateurs.Es el modelo vertical del grupo de radiadores de la serie Vega, realizado en su totalidad en aluminio troquelado. El aluminio es un excelente conductor de calor, superior en este caso al acero y al hierro fundido. Esta caracter\u00edstica permite, con el mismo rendimiento, utilizar agua menos caliente, con un ahorro debido a menores p\u00e9rdidas de calor en las tuber\u00edas. Adem\u00e1s es un metal liviano, caracter\u00edstica que facilita la instalaci\u00f3n. Est\u00e1 a la venta con una altura m\u00ednima de 400 mm hasta una m\u00e1xima de 2500 mm, y ofrece la posibilidad de satisfacer exigencias particulares debido a la necesidad de sustituir viejos calor\u00edferos ya existentes.","breadcrumb":{"@id":"https:\/\/www.k8radiatori.it\/fr\/radiatori\/vega-v\/#breadcrumb"},"inLanguage":"fr-FR","potentialAction":[{"@type":"ReadAction","target":["https:\/\/www.k8radiatori.it\/fr\/radiatori\/vega-v\/"]}]},{"@type":"BreadcrumbList","@id":"https:\/\/www.k8radiatori.it\/fr\/radiatori\/vega-v\/#breadcrumb","itemListElement":[{"@type":"ListItem","position":1,"name":"Home","item":"https:\/\/www.k8radiatori.it\/"},{"@type":"ListItem","position":2,"name":"Shop","item":"https:\/\/www.k8radiatori.it\/de\/negozio\/"},{"@type":"ListItem","position":3,"name":"Vega-V"}]},{"@type":"WebSite","@id":"https:\/\/www.k8radiatori.it\/de\/#website","url":"https:\/\/www.k8radiatori.it\/de\/","name":"K8 radiatori","description":"K8 radiatori","publisher":{"@id":"https:\/\/www.k8radiatori.it\/de\/#organization"},"potentialAction":[{"@type":"SearchAction","target":{"@type":"EntryPoint","urlTemplate":"https:\/\/www.k8radiatori.it\/de\/?s={search_term_string}"},"query-input":"required name=search_term_string"}],"inLanguage":"fr-FR"},{"@type":"Organization","@id":"https:\/\/www.k8radiatori.it\/de\/#organization","name":"K8 radiatori","url":"https:\/\/www.k8radiatori.it\/de\/","logo":{"@type":"ImageObject","inLanguage":"fr-FR","@id":"https:\/\/www.k8radiatori.it\/de\/#\/schema\/logo\/image\/","url":"https:\/\/www.k8radiatori.it\/wp-content\/uploads\/2016\/03\/logo.png","contentUrl":"https:\/\/www.k8radiatori.it\/wp-content\/uploads\/2016\/03\/logo.png","width":253,"height":283,"caption":"K8 radiatori"},"image":{"@id":"https:\/\/www.k8radiatori.it\/de\/#\/schema\/logo\/image\/"}}]}},"_links":{"self":[{"href":"https:\/\/www.k8radiatori.it\/fr\/wp-json\/wp\/v3\/product\/492"}],"collection":[{"href":"https:\/\/www.k8radiatori.it\/fr\/wp-json\/wp\/v3\/product"}],"about":[{"href":"https:\/\/www.k8radiatori.it\/fr\/wp-json\/wp\/v2\/types\/product"}],"replies":[{"embeddable":true,"href":"https:\/\/www.k8radiatori.it\/fr\/wp-json\/wp\/v2\/comments?post=492"}],"wp:featuredmedia":[{"embeddable":true,"href":"https:\/\/www.k8radiatori.it\/fr\/wp-json\/wp\/v2\/media\/1127"}],"wp:attachment":[{"href":"https:\/\/www.k8radiatori.it\/fr\/wp-json\/wp\/v2\/media?parent=492"}],"wp:term":[{"taxonomy":"product_cat","embeddable":true,"href":"https:\/\/www.k8radiatori.it\/fr\/wp-json\/wp\/v2\/product_cat?post=492"},{"taxonomy":"product_tag","embeddable":true,"href":"https:\/\/www.k8radiatori.it\/fr\/wp-json\/wp\/v2\/product_tag?post=492"}],"curies":[{"name":"wp","href":"https:\/\/api.w.org\/{rel}","templated":true}]}}