{"id":488,"date":"2015-12-23T15:21:39","date_gmt":"2015-12-23T14:21:39","guid":{"rendered":"http:\/\/www.k8radiatori.it\/en\/?post_type=product&#038;p=488"},"modified":"2023-06-29T11:38:47","modified_gmt":"2023-06-29T09:38:47","slug":"hts","status":"publish","type":"product","link":"https:\/\/www.k8radiatori.it\/fr\/radiatori\/hts\/","title":{"rendered":"HTS"},"content":{"rendered":"<p><strong><a href=\"http:\/\/www.k8radiatori.it\/wp-content\/uploads\/2016\/07\/AMALFI-HTS_CS.pdf\" target=\"_blank\">Scarica qui le specifiche tecniche del radiatore<\/a><\/strong><\/p>\n<p><a href=\"\/contatti\/\">Su richiesta \u00e8 possibile avere schede dettagliate sul prodotto<\/a><\/p>\n<div id=\"attachment_1286\" style=\"width: 642px\" class=\"wp-caption alignleft\"><a href=\"http:\/\/www.k8radiatori.it\/wp-content\/uploads\/2016\/07\/HTS-CS.jpg\"><img aria-describedby=\"caption-attachment-1286\" decoding=\"async\" loading=\"lazy\" class=\"wp-image-1286 size-full\" src=\"http:\/\/www.k8radiatori.it\/wp-content\/uploads\/2016\/07\/HTS-CS.jpg\" alt=\"Immagine radiatore HTS CS\" width=\"632\" height=\"572\" srcset=\"https:\/\/www.k8radiatori.it\/wp-content\/uploads\/2016\/07\/HTS-CS.jpg 632w, https:\/\/www.k8radiatori.it\/wp-content\/uploads\/2016\/07\/HTS-CS-400x362.jpg 400w, https:\/\/www.k8radiatori.it\/wp-content\/uploads\/2016\/07\/HTS-CS-510x462.jpg 510w\" sizes=\"(max-width: 632px) 100vw, 632px\" \/><\/a><p id=\"caption-attachment-1286\" class=\"wp-caption-text\">HTS CS<\/p><\/div>\n<div id=\"attachment_1287\" style=\"width: 651px\" class=\"wp-caption alignleft\"><a href=\"http:\/\/www.k8radiatori.it\/wp-content\/uploads\/2016\/07\/HTS-SS.jpg\"><img aria-describedby=\"caption-attachment-1287\" decoding=\"async\" loading=\"lazy\" class=\"wp-image-1287 size-full\" src=\"http:\/\/www.k8radiatori.it\/wp-content\/uploads\/2016\/07\/HTS-SS.jpg\" alt=\"Immagine radiatore HTS SS\" width=\"641\" height=\"564\" srcset=\"https:\/\/www.k8radiatori.it\/wp-content\/uploads\/2016\/07\/HTS-SS.jpg 641w, https:\/\/www.k8radiatori.it\/wp-content\/uploads\/2016\/07\/HTS-SS-400x352.jpg 400w, https:\/\/www.k8radiatori.it\/wp-content\/uploads\/2016\/07\/HTS-SS-510x449.jpg 510w\" sizes=\"(max-width: 641px) 100vw, 641px\" \/><\/a><p id=\"caption-attachment-1287\" class=\"wp-caption-text\">HTS SS<\/p><\/div><\/p>","protected":false},"excerpt":{"rendered":"<p>Il s&#039;agit d&#039;un radiateur qui, grace \u00e8sa forme allong\u00e9e, peut r\u00e9soudre les probl\u00e8mes des pi\u00e8ces trop petites. Ce mod\u00e8le a deux variantes: la cs, caract\u00e9ris\u00e9;e par la pr\u00e9;cence d&#039;espaces destin\u00e9;s aux serviettes de bain et aux peignoirs. Cette variante est tr\u00e8s similaire au radiateur traditionnel s\u00e8che-serviettes. La variante ss, sans espaces, grace \u00e8 sa structure aux tubes serr\u00e9;s, garantit une capacit\u00e9; de chauffe majeure.<\/p>\n","protected":false},"featured_media":1130,"comment_status":"closed","ping_status":"closed","template":"","meta":[],"product_cat":[29],"product_tag":[76,48],"yoast_head":"<!-- This site is optimized with the Yoast SEO plugin v20.8 - https:\/\/yoast.com\/wordpress\/plugins\/seo\/ -->\n<title>HTS - K8 radiatori<\/title>\n<meta name=\"description\" content=\"Tradizionale radiatore scaldasalviette. La versione SS, senza spazi, garantisce una resa calorica maggiore in quanto il radiatore presenta una lunga teoria di tubi senza soluzione di continuit\u00e0The characteristic of this particular radiator is the long and slender shape, which makes it ideal for installation in restricted areas. It is available in two versions: the CS version, with interspaces sufficient to accommodate towels and bathrobes, similar to traditional heated towel rails; the SS version, without any interspacing, guarantees a greater heat output, due to the fact that the radiator is manufactured with a long row of continuous pipes.Traditioneller Handtuchtrockner. Das SS Modell hat keine Elementabst\u00e4nden und deshalb, dank seiner langen R\u00f6hrenserie, ergibt es eine h\u00f6here W\u00e4rmeleistung.Il s&#039;agit d&#039;un radiateur qui, grace \u00e8sa forme allong\u00e9e, peut r\u00e9soudre les probl\u00e8mes des pi\u00e8ces trop petites. Ce mod\u00e8le a deux variantes: la cs, caract\u00e9ris\u00e9;e par la pr\u00e9;cence d&#039;espaces destin\u00e9;s aux serviettes de bain et aux peignoirs. Cette variante est tr\u00e8s similaire au radiateur traditionnel s\u00e8che-serviettes. La variante ss, sans espaces, grace \u00e8 sa structure aux tubes serr\u00e9;s, garantit une capacit\u00e9; de chauffe majeure.Radiador de calefacci\u00f3n tradicional calienta-toallas. Radiador de calefacci\u00f3n tradicional calienta-toallas. El modelo SS, sin espacios, garantiza un mayor propagaci\u00f3n de calor ya que el radiador posee una hilera continua de tubos.\" \/>\n<meta name=\"robots\" content=\"index, follow, max-snippet:-1, max-image-preview:large, max-video-preview:-1\" \/>\n<link rel=\"canonical\" href=\"https:\/\/www.k8radiatori.it\/en\/radiatori\/hts\/\" \/>\n<meta name=\"twitter:label1\" content=\"Dur\u00e9e de lecture estim\u00e9e\" \/>\n\t<meta name=\"twitter:data1\" content=\"1 minute\" \/>\n<script type=\"application\/ld+json\" class=\"yoast-schema-graph\">{\"@context\":\"https:\/\/schema.org\",\"@graph\":[{\"@type\":\"WebPage\",\"@id\":\"https:\/\/www.k8radiatori.it\/en\/radiatori\/hts\/\",\"url\":\"https:\/\/www.k8radiatori.it\/en\/radiatori\/hts\/\",\"name\":\"HTS - K8 radiatori\",\"isPartOf\":{\"@id\":\"https:\/\/www.k8radiatori.it\/de\/#website\"},\"datePublished\":\"2015-12-23T14:21:39+00:00\",\"dateModified\":\"2023-06-29T09:38:47+00:00\",\"description\":\"Tradizionale radiatore scaldasalviette. La versione SS, senza spazi, garantisce una resa calorica maggiore in quanto il radiatore presenta una lunga teoria di tubi senza soluzione di continuit\u00e0The characteristic of this particular radiator is the long and slender shape, which makes it ideal for installation in restricted areas. It is available in two versions: the CS version, with interspaces sufficient to accommodate towels and bathrobes, similar to traditional heated towel rails; the SS version, without any interspacing, guarantees a greater heat output, due to the fact that the radiator is manufactured with a long row of continuous pipes.Traditioneller Handtuchtrockner. Das SS Modell hat keine Elementabst\u00e4nden und deshalb, dank seiner langen R\u00f6hrenserie, ergibt es eine h\u00f6here W\u00e4rmeleistung.Il s&#039;agit d&#039;un radiateur qui, grace \u00e8sa forme allong\u00e9e, peut r\u00e9soudre les probl\u00e8mes des pi\u00e8ces trop petites. Ce mod\u00e8le a deux variantes: la cs, caract\u00e9ris\u00e9;e par la pr\u00e9;cence d&#039;espaces destin\u00e9;s aux serviettes de bain et aux peignoirs. Cette variante est tr\u00e8s similaire au radiateur traditionnel s\u00e8che-serviettes. La variante ss, sans espaces, grace \u00e8 sa structure aux tubes serr\u00e9;s, garantit une capacit\u00e9; de chauffe majeure.Radiador de calefacci\u00f3n tradicional calienta-toallas. Radiador de calefacci\u00f3n tradicional calienta-toallas. El modelo SS, sin espacios, garantiza un mayor propagaci\u00f3n de calor ya que el radiador posee una hilera continua de tubos.\",\"breadcrumb\":{\"@id\":\"https:\/\/www.k8radiatori.it\/en\/radiatori\/hts\/#breadcrumb\"},\"inLanguage\":\"fr-FR\",\"potentialAction\":[{\"@type\":\"ReadAction\",\"target\":[\"https:\/\/www.k8radiatori.it\/en\/radiatori\/hts\/\"]}]},{\"@type\":\"BreadcrumbList\",\"@id\":\"https:\/\/www.k8radiatori.it\/en\/radiatori\/hts\/#breadcrumb\",\"itemListElement\":[{\"@type\":\"ListItem\",\"position\":1,\"name\":\"Home\",\"item\":\"https:\/\/www.k8radiatori.it\/\"},{\"@type\":\"ListItem\",\"position\":2,\"name\":\"Shop\",\"item\":\"https:\/\/www.k8radiatori.it\/de\/negozio\/\"},{\"@type\":\"ListItem\",\"position\":3,\"name\":\"HTS\"}]},{\"@type\":\"WebSite\",\"@id\":\"https:\/\/www.k8radiatori.it\/de\/#website\",\"url\":\"https:\/\/www.k8radiatori.it\/de\/\",\"name\":\"K8 radiatori\",\"description\":\"K8 radiatori\",\"publisher\":{\"@id\":\"https:\/\/www.k8radiatori.it\/de\/#organization\"},\"potentialAction\":[{\"@type\":\"SearchAction\",\"target\":{\"@type\":\"EntryPoint\",\"urlTemplate\":\"https:\/\/www.k8radiatori.it\/de\/?s={search_term_string}\"},\"query-input\":\"required name=search_term_string\"}],\"inLanguage\":\"fr-FR\"},{\"@type\":\"Organization\",\"@id\":\"https:\/\/www.k8radiatori.it\/de\/#organization\",\"name\":\"K8 radiatori\",\"url\":\"https:\/\/www.k8radiatori.it\/de\/\",\"logo\":{\"@type\":\"ImageObject\",\"inLanguage\":\"fr-FR\",\"@id\":\"https:\/\/www.k8radiatori.it\/de\/#\/schema\/logo\/image\/\",\"url\":\"https:\/\/www.k8radiatori.it\/wp-content\/uploads\/2016\/03\/logo.png\",\"contentUrl\":\"https:\/\/www.k8radiatori.it\/wp-content\/uploads\/2016\/03\/logo.png\",\"width\":253,\"height\":283,\"caption\":\"K8 radiatori\"},\"image\":{\"@id\":\"https:\/\/www.k8radiatori.it\/de\/#\/schema\/logo\/image\/\"}}]}<\/script>\n<!-- \/ Yoast SEO plugin. -->","yoast_head_json":{"title":"HTS - K8 radiatori","description":"Tradizionale radiatore scaldasalviette. La versione SS, senza spazi, garantisce una resa calorica maggiore in quanto il radiatore presenta una lunga teoria di tubi senza soluzione di continuit\u00e0The characteristic of this particular radiator is the long and slender shape, which makes it ideal for installation in restricted areas. It is available in two versions: the CS version, with interspaces sufficient to accommodate towels and bathrobes, similar to traditional heated towel rails; the SS version, without any interspacing, guarantees a greater heat output, due to the fact that the radiator is manufactured with a long row of continuous pipes.Traditioneller Handtuchtrockner. Das SS Modell hat keine Elementabst\u00e4nden und deshalb, dank seiner langen R\u00f6hrenserie, ergibt es eine h\u00f6here W\u00e4rmeleistung.Il s&#039;agit d&#039;un radiateur qui, grace \u00e8sa forme allong\u00e9e, peut r\u00e9soudre les probl\u00e8mes des pi\u00e8ces trop petites. Ce mod\u00e8le a deux variantes: la cs, caract\u00e9ris\u00e9;e par la pr\u00e9;cence d&#039;espaces destin\u00e9;s aux serviettes de bain et aux peignoirs. Cette variante est tr\u00e8s similaire au radiateur traditionnel s\u00e8che-serviettes. La variante ss, sans espaces, grace \u00e8 sa structure aux tubes serr\u00e9;s, garantit une capacit\u00e9; de chauffe majeure.Radiador de calefacci\u00f3n tradicional calienta-toallas. Radiador de calefacci\u00f3n tradicional calienta-toallas. El modelo SS, sin espacios, garantiza un mayor propagaci\u00f3n de calor ya que el radiador posee una hilera continua de tubos.","robots":{"index":"index","follow":"follow","max-snippet":"max-snippet:-1","max-image-preview":"max-image-preview:large","max-video-preview":"max-video-preview:-1"},"canonical":"https:\/\/www.k8radiatori.it\/en\/radiatori\/hts\/","twitter_misc":{"Dur\u00e9e de lecture estim\u00e9e":"1 minute"},"schema":{"@context":"https:\/\/schema.org","@graph":[{"@type":"WebPage","@id":"https:\/\/www.k8radiatori.it\/en\/radiatori\/hts\/","url":"https:\/\/www.k8radiatori.it\/en\/radiatori\/hts\/","name":"HTS - K8 radiatori","isPartOf":{"@id":"https:\/\/www.k8radiatori.it\/de\/#website"},"datePublished":"2015-12-23T14:21:39+00:00","dateModified":"2023-06-29T09:38:47+00:00","description":"Tradizionale radiatore scaldasalviette. La versione SS, senza spazi, garantisce una resa calorica maggiore in quanto il radiatore presenta una lunga teoria di tubi senza soluzione di continuit\u00e0The characteristic of this particular radiator is the long and slender shape, which makes it ideal for installation in restricted areas. It is available in two versions: the CS version, with interspaces sufficient to accommodate towels and bathrobes, similar to traditional heated towel rails; the SS version, without any interspacing, guarantees a greater heat output, due to the fact that the radiator is manufactured with a long row of continuous pipes.Traditioneller Handtuchtrockner. Das SS Modell hat keine Elementabst\u00e4nden und deshalb, dank seiner langen R\u00f6hrenserie, ergibt es eine h\u00f6here W\u00e4rmeleistung.Il s&#039;agit d&#039;un radiateur qui, grace \u00e8sa forme allong\u00e9e, peut r\u00e9soudre les probl\u00e8mes des pi\u00e8ces trop petites. Ce mod\u00e8le a deux variantes: la cs, caract\u00e9ris\u00e9;e par la pr\u00e9;cence d&#039;espaces destin\u00e9;s aux serviettes de bain et aux peignoirs. Cette variante est tr\u00e8s similaire au radiateur traditionnel s\u00e8che-serviettes. La variante ss, sans espaces, grace \u00e8 sa structure aux tubes serr\u00e9;s, garantit une capacit\u00e9; de chauffe majeure.Radiador de calefacci\u00f3n tradicional calienta-toallas. Radiador de calefacci\u00f3n tradicional calienta-toallas. El modelo SS, sin espacios, garantiza un mayor propagaci\u00f3n de calor ya que el radiador posee una hilera continua de tubos.","breadcrumb":{"@id":"https:\/\/www.k8radiatori.it\/en\/radiatori\/hts\/#breadcrumb"},"inLanguage":"fr-FR","potentialAction":[{"@type":"ReadAction","target":["https:\/\/www.k8radiatori.it\/en\/radiatori\/hts\/"]}]},{"@type":"BreadcrumbList","@id":"https:\/\/www.k8radiatori.it\/en\/radiatori\/hts\/#breadcrumb","itemListElement":[{"@type":"ListItem","position":1,"name":"Home","item":"https:\/\/www.k8radiatori.it\/"},{"@type":"ListItem","position":2,"name":"Shop","item":"https:\/\/www.k8radiatori.it\/de\/negozio\/"},{"@type":"ListItem","position":3,"name":"HTS"}]},{"@type":"WebSite","@id":"https:\/\/www.k8radiatori.it\/de\/#website","url":"https:\/\/www.k8radiatori.it\/de\/","name":"K8 radiatori","description":"K8 radiatori","publisher":{"@id":"https:\/\/www.k8radiatori.it\/de\/#organization"},"potentialAction":[{"@type":"SearchAction","target":{"@type":"EntryPoint","urlTemplate":"https:\/\/www.k8radiatori.it\/de\/?s={search_term_string}"},"query-input":"required name=search_term_string"}],"inLanguage":"fr-FR"},{"@type":"Organization","@id":"https:\/\/www.k8radiatori.it\/de\/#organization","name":"K8 radiatori","url":"https:\/\/www.k8radiatori.it\/de\/","logo":{"@type":"ImageObject","inLanguage":"fr-FR","@id":"https:\/\/www.k8radiatori.it\/de\/#\/schema\/logo\/image\/","url":"https:\/\/www.k8radiatori.it\/wp-content\/uploads\/2016\/03\/logo.png","contentUrl":"https:\/\/www.k8radiatori.it\/wp-content\/uploads\/2016\/03\/logo.png","width":253,"height":283,"caption":"K8 radiatori"},"image":{"@id":"https:\/\/www.k8radiatori.it\/de\/#\/schema\/logo\/image\/"}}]}},"_links":{"self":[{"href":"https:\/\/www.k8radiatori.it\/fr\/wp-json\/wp\/v3\/product\/488"}],"collection":[{"href":"https:\/\/www.k8radiatori.it\/fr\/wp-json\/wp\/v3\/product"}],"about":[{"href":"https:\/\/www.k8radiatori.it\/fr\/wp-json\/wp\/v2\/types\/product"}],"replies":[{"embeddable":true,"href":"https:\/\/www.k8radiatori.it\/fr\/wp-json\/wp\/v2\/comments?post=488"}],"wp:featuredmedia":[{"embeddable":true,"href":"https:\/\/www.k8radiatori.it\/fr\/wp-json\/wp\/v2\/media\/1130"}],"wp:attachment":[{"href":"https:\/\/www.k8radiatori.it\/fr\/wp-json\/wp\/v2\/media?parent=488"}],"wp:term":[{"taxonomy":"product_cat","embeddable":true,"href":"https:\/\/www.k8radiatori.it\/fr\/wp-json\/wp\/v2\/product_cat?post=488"},{"taxonomy":"product_tag","embeddable":true,"href":"https:\/\/www.k8radiatori.it\/fr\/wp-json\/wp\/v2\/product_tag?post=488"}],"curies":[{"name":"wp","href":"https:\/\/api.w.org\/{rel}","templated":true}]}}