{"id":2420,"date":"2023-03-29T12:46:55","date_gmt":"2023-03-29T10:46:55","guid":{"rendered":"http:\/\/www.k8radiatori.it\/?post_type=product&#038;p=2420"},"modified":"2023-06-29T11:40:45","modified_gmt":"2023-06-29T09:40:45","slug":"rmx-2","status":"publish","type":"product","link":"https:\/\/www.k8radiatori.it\/fr\/radiatori\/rmx-2\/","title":{"rendered":"RMX"},"content":{"rendered":"<p><strong><a href=\"http:\/\/www.k8radiatori.it\/wp-content\/uploads\/2023\/03\/RMX-TECNICA.pdf\" target=\"_blank\" rel=\"noopener noreferrer\">Scarica qui le specifiche tecniche del radiatore<\/a><\/strong><\/p>\n<p><a href=\"\/contatti\/\">Su richiesta \u00e8 possibile avere schede dettagliate sul prodotto<\/a><\/p>\n<p>&nbsp;<\/p>\n<p><img decoding=\"async\" loading=\"lazy\" class=\"alignnone size-medium wp-image-2423\" src=\"http:\/\/www.k8radiatori.it\/wp-content\/uploads\/2023\/03\/RMX--400x326.jpg\" alt=\"\" width=\"400\" height=\"326\" srcset=\"https:\/\/www.k8radiatori.it\/wp-content\/uploads\/2023\/03\/RMX--400x326.jpg 400w, https:\/\/www.k8radiatori.it\/wp-content\/uploads\/2023\/03\/RMX--510x416.jpg 510w, https:\/\/www.k8radiatori.it\/wp-content\/uploads\/2023\/03\/RMX--1536x1253.jpg 1536w, https:\/\/www.k8radiatori.it\/wp-content\/uploads\/2023\/03\/RMX-.jpg 2000w\" sizes=\"(max-width: 400px) 100vw, 400px\" \/><\/p>\n","protected":false},"excerpt":{"rendered":"<p>Acier. Le design classique du radiateur multi-colonnes en acier a un caract\u00e8re familier. Il tire son nom de la possibilit\u00e9 de multiplier les colonnes radiantes. Il s\u2019adapte \u00e0 tout type d\u2019espaces gr\u00e2ce \u00e0 la veri\u00e9t\u00e9 des tailles en profondeur hauteur et largeur.<\/p>\n","protected":false},"featured_media":2422,"comment_status":"closed","ping_status":"closed","template":"","meta":[],"product_cat":[29],"product_tag":[48,240],"yoast_head":"<!-- This site is optimized with the Yoast SEO plugin v20.8 - https:\/\/yoast.com\/wordpress\/plugins\/seo\/ -->\n<title>RMX - K8 radiatori<\/title>\n<meta name=\"description\" content=\"Acciaio. Il disegno classico del radiatore multicolonna in acciaio \u00e8 di una riconosciuta familiarit\u00e0 e deriva il suo nome dalla possibilit\u00e0 di moltiplicare le colonne radianti. L\u2019idoneit\u00e0 per ogni spazio \u00e8 inoltre dalla sua variet\u00e0 dimensionale in profondit\u00e0, altezza e larghezza.Steel. The classic design of the steel, multi-column radiator is familiar to all; its name from the possibility of multiplying its radiating columns. A wide range of measurements (in width, height and length) is available, which make it perfectly suitable for every environment.Stahl. Das klassische Design dieses Mehrs\u00e4ulen- Heizk\u00f6rpers l\u00e4sst ihn uns vertraut erscheinen, wobei sein Name auf die M\u00f6glichkeit hinweist, die Anzahl der Heizs\u00e4ulen zu erh\u00f6hen. F\u00fcr jeden Raum geeignet, da seine baugr\u00f6\u00dfen in der Tiefe, H\u00f6he und L\u00e4nge variabel sind.Acier. Le design classique du radiateur multi-colonnes en acier a un caract\u00e8re familier. Il tire son nom de la possibilit\u00e9 de multiplier les colonnes radiantes. Il s\u2019adapte \u00e0 tout type d\u2019espaces gr\u00e2ce \u00e0 la veri\u00e9t\u00e9 des tailles en profondeur hauteur et largeur.Acero. El dise\u00f1o cl\u00e1sico del radiador multicolumna en acero es acostumbrado y debe su nombre a la posibilidad de multiplicar las columnas radiantes. La idoneidad para cada espacio deriva adem\u00e1s de su variedad de medidas en cuanto a la profundidad, la altura y la longitud.\" \/>\n<meta name=\"robots\" content=\"index, follow, max-snippet:-1, max-image-preview:large, max-video-preview:-1\" \/>\n<link rel=\"canonical\" href=\"https:\/\/www.k8radiatori.it\/en\/radiatori\/rmx-2\/\" \/>\n<meta name=\"twitter:label1\" content=\"Dur\u00e9e de lecture estim\u00e9e\" \/>\n\t<meta name=\"twitter:data1\" content=\"2 minutes\" \/>\n<script type=\"application\/ld+json\" class=\"yoast-schema-graph\">{\"@context\":\"https:\/\/schema.org\",\"@graph\":[{\"@type\":\"WebPage\",\"@id\":\"https:\/\/www.k8radiatori.it\/en\/radiatori\/rmx-2\/\",\"url\":\"https:\/\/www.k8radiatori.it\/en\/radiatori\/rmx-2\/\",\"name\":\"RMX - K8 radiatori\",\"isPartOf\":{\"@id\":\"https:\/\/www.k8radiatori.it\/de\/#website\"},\"datePublished\":\"2023-03-29T10:46:55+00:00\",\"dateModified\":\"2023-06-29T09:40:45+00:00\",\"description\":\"Acciaio. Il disegno classico del radiatore multicolonna in acciaio \u00e8 di una riconosciuta familiarit\u00e0 e deriva il suo nome dalla possibilit\u00e0 di moltiplicare le colonne radianti. L\u2019idoneit\u00e0 per ogni spazio \u00e8 inoltre dalla sua variet\u00e0 dimensionale in profondit\u00e0, altezza e larghezza.Steel. The classic design of the steel, multi-column radiator is familiar to all; its name from the possibility of multiplying its radiating columns. A wide range of measurements (in width, height and length) is available, which make it perfectly suitable for every environment.Stahl. Das klassische Design dieses Mehrs\u00e4ulen- Heizk\u00f6rpers l\u00e4sst ihn uns vertraut erscheinen, wobei sein Name auf die M\u00f6glichkeit hinweist, die Anzahl der Heizs\u00e4ulen zu erh\u00f6hen. F\u00fcr jeden Raum geeignet, da seine baugr\u00f6\u00dfen in der Tiefe, H\u00f6he und L\u00e4nge variabel sind.Acier. Le design classique du radiateur multi-colonnes en acier a un caract\u00e8re familier. Il tire son nom de la possibilit\u00e9 de multiplier les colonnes radiantes. Il s\u2019adapte \u00e0 tout type d\u2019espaces gr\u00e2ce \u00e0 la veri\u00e9t\u00e9 des tailles en profondeur hauteur et largeur.Acero. El dise\u00f1o cl\u00e1sico del radiador multicolumna en acero es acostumbrado y debe su nombre a la posibilidad de multiplicar las columnas radiantes. La idoneidad para cada espacio deriva adem\u00e1s de su variedad de medidas en cuanto a la profundidad, la altura y la longitud.\",\"breadcrumb\":{\"@id\":\"https:\/\/www.k8radiatori.it\/en\/radiatori\/rmx-2\/#breadcrumb\"},\"inLanguage\":\"fr-FR\",\"potentialAction\":[{\"@type\":\"ReadAction\",\"target\":[\"https:\/\/www.k8radiatori.it\/en\/radiatori\/rmx-2\/\"]}]},{\"@type\":\"BreadcrumbList\",\"@id\":\"https:\/\/www.k8radiatori.it\/en\/radiatori\/rmx-2\/#breadcrumb\",\"itemListElement\":[{\"@type\":\"ListItem\",\"position\":1,\"name\":\"Home\",\"item\":\"https:\/\/www.k8radiatori.it\/\"},{\"@type\":\"ListItem\",\"position\":2,\"name\":\"Shop\",\"item\":\"https:\/\/www.k8radiatori.it\/de\/negozio\/\"},{\"@type\":\"ListItem\",\"position\":3,\"name\":\"RMX\"}]},{\"@type\":\"WebSite\",\"@id\":\"https:\/\/www.k8radiatori.it\/de\/#website\",\"url\":\"https:\/\/www.k8radiatori.it\/de\/\",\"name\":\"K8 radiatori\",\"description\":\"K8 radiatori\",\"publisher\":{\"@id\":\"https:\/\/www.k8radiatori.it\/de\/#organization\"},\"potentialAction\":[{\"@type\":\"SearchAction\",\"target\":{\"@type\":\"EntryPoint\",\"urlTemplate\":\"https:\/\/www.k8radiatori.it\/de\/?s={search_term_string}\"},\"query-input\":\"required name=search_term_string\"}],\"inLanguage\":\"fr-FR\"},{\"@type\":\"Organization\",\"@id\":\"https:\/\/www.k8radiatori.it\/de\/#organization\",\"name\":\"K8 radiatori\",\"url\":\"https:\/\/www.k8radiatori.it\/de\/\",\"logo\":{\"@type\":\"ImageObject\",\"inLanguage\":\"fr-FR\",\"@id\":\"https:\/\/www.k8radiatori.it\/de\/#\/schema\/logo\/image\/\",\"url\":\"https:\/\/www.k8radiatori.it\/wp-content\/uploads\/2016\/03\/logo.png\",\"contentUrl\":\"https:\/\/www.k8radiatori.it\/wp-content\/uploads\/2016\/03\/logo.png\",\"width\":253,\"height\":283,\"caption\":\"K8 radiatori\"},\"image\":{\"@id\":\"https:\/\/www.k8radiatori.it\/de\/#\/schema\/logo\/image\/\"}}]}<\/script>\n<!-- \/ Yoast SEO plugin. -->","yoast_head_json":{"title":"RMX - K8 radiatori","description":"Acciaio. Il disegno classico del radiatore multicolonna in acciaio \u00e8 di una riconosciuta familiarit\u00e0 e deriva il suo nome dalla possibilit\u00e0 di moltiplicare le colonne radianti. L\u2019idoneit\u00e0 per ogni spazio \u00e8 inoltre dalla sua variet\u00e0 dimensionale in profondit\u00e0, altezza e larghezza.Steel. The classic design of the steel, multi-column radiator is familiar to all; its name from the possibility of multiplying its radiating columns. A wide range of measurements (in width, height and length) is available, which make it perfectly suitable for every environment.Stahl. Das klassische Design dieses Mehrs\u00e4ulen- Heizk\u00f6rpers l\u00e4sst ihn uns vertraut erscheinen, wobei sein Name auf die M\u00f6glichkeit hinweist, die Anzahl der Heizs\u00e4ulen zu erh\u00f6hen. F\u00fcr jeden Raum geeignet, da seine baugr\u00f6\u00dfen in der Tiefe, H\u00f6he und L\u00e4nge variabel sind.Acier. Le design classique du radiateur multi-colonnes en acier a un caract\u00e8re familier. Il tire son nom de la possibilit\u00e9 de multiplier les colonnes radiantes. Il s\u2019adapte \u00e0 tout type d\u2019espaces gr\u00e2ce \u00e0 la veri\u00e9t\u00e9 des tailles en profondeur hauteur et largeur.Acero. El dise\u00f1o cl\u00e1sico del radiador multicolumna en acero es acostumbrado y debe su nombre a la posibilidad de multiplicar las columnas radiantes. La idoneidad para cada espacio deriva adem\u00e1s de su variedad de medidas en cuanto a la profundidad, la altura y la longitud.","robots":{"index":"index","follow":"follow","max-snippet":"max-snippet:-1","max-image-preview":"max-image-preview:large","max-video-preview":"max-video-preview:-1"},"canonical":"https:\/\/www.k8radiatori.it\/en\/radiatori\/rmx-2\/","twitter_misc":{"Dur\u00e9e de lecture estim\u00e9e":"2 minutes"},"schema":{"@context":"https:\/\/schema.org","@graph":[{"@type":"WebPage","@id":"https:\/\/www.k8radiatori.it\/en\/radiatori\/rmx-2\/","url":"https:\/\/www.k8radiatori.it\/en\/radiatori\/rmx-2\/","name":"RMX - K8 radiatori","isPartOf":{"@id":"https:\/\/www.k8radiatori.it\/de\/#website"},"datePublished":"2023-03-29T10:46:55+00:00","dateModified":"2023-06-29T09:40:45+00:00","description":"Acciaio. Il disegno classico del radiatore multicolonna in acciaio \u00e8 di una riconosciuta familiarit\u00e0 e deriva il suo nome dalla possibilit\u00e0 di moltiplicare le colonne radianti. L\u2019idoneit\u00e0 per ogni spazio \u00e8 inoltre dalla sua variet\u00e0 dimensionale in profondit\u00e0, altezza e larghezza.Steel. The classic design of the steel, multi-column radiator is familiar to all; its name from the possibility of multiplying its radiating columns. A wide range of measurements (in width, height and length) is available, which make it perfectly suitable for every environment.Stahl. Das klassische Design dieses Mehrs\u00e4ulen- Heizk\u00f6rpers l\u00e4sst ihn uns vertraut erscheinen, wobei sein Name auf die M\u00f6glichkeit hinweist, die Anzahl der Heizs\u00e4ulen zu erh\u00f6hen. F\u00fcr jeden Raum geeignet, da seine baugr\u00f6\u00dfen in der Tiefe, H\u00f6he und L\u00e4nge variabel sind.Acier. Le design classique du radiateur multi-colonnes en acier a un caract\u00e8re familier. Il tire son nom de la possibilit\u00e9 de multiplier les colonnes radiantes. Il s\u2019adapte \u00e0 tout type d\u2019espaces gr\u00e2ce \u00e0 la veri\u00e9t\u00e9 des tailles en profondeur hauteur et largeur.Acero. El dise\u00f1o cl\u00e1sico del radiador multicolumna en acero es acostumbrado y debe su nombre a la posibilidad de multiplicar las columnas radiantes. La idoneidad para cada espacio deriva adem\u00e1s de su variedad de medidas en cuanto a la profundidad, la altura y la longitud.","breadcrumb":{"@id":"https:\/\/www.k8radiatori.it\/en\/radiatori\/rmx-2\/#breadcrumb"},"inLanguage":"fr-FR","potentialAction":[{"@type":"ReadAction","target":["https:\/\/www.k8radiatori.it\/en\/radiatori\/rmx-2\/"]}]},{"@type":"BreadcrumbList","@id":"https:\/\/www.k8radiatori.it\/en\/radiatori\/rmx-2\/#breadcrumb","itemListElement":[{"@type":"ListItem","position":1,"name":"Home","item":"https:\/\/www.k8radiatori.it\/"},{"@type":"ListItem","position":2,"name":"Shop","item":"https:\/\/www.k8radiatori.it\/de\/negozio\/"},{"@type":"ListItem","position":3,"name":"RMX"}]},{"@type":"WebSite","@id":"https:\/\/www.k8radiatori.it\/de\/#website","url":"https:\/\/www.k8radiatori.it\/de\/","name":"K8 radiatori","description":"K8 radiatori","publisher":{"@id":"https:\/\/www.k8radiatori.it\/de\/#organization"},"potentialAction":[{"@type":"SearchAction","target":{"@type":"EntryPoint","urlTemplate":"https:\/\/www.k8radiatori.it\/de\/?s={search_term_string}"},"query-input":"required name=search_term_string"}],"inLanguage":"fr-FR"},{"@type":"Organization","@id":"https:\/\/www.k8radiatori.it\/de\/#organization","name":"K8 radiatori","url":"https:\/\/www.k8radiatori.it\/de\/","logo":{"@type":"ImageObject","inLanguage":"fr-FR","@id":"https:\/\/www.k8radiatori.it\/de\/#\/schema\/logo\/image\/","url":"https:\/\/www.k8radiatori.it\/wp-content\/uploads\/2016\/03\/logo.png","contentUrl":"https:\/\/www.k8radiatori.it\/wp-content\/uploads\/2016\/03\/logo.png","width":253,"height":283,"caption":"K8 radiatori"},"image":{"@id":"https:\/\/www.k8radiatori.it\/de\/#\/schema\/logo\/image\/"}}]}},"_links":{"self":[{"href":"https:\/\/www.k8radiatori.it\/fr\/wp-json\/wp\/v3\/product\/2420"}],"collection":[{"href":"https:\/\/www.k8radiatori.it\/fr\/wp-json\/wp\/v3\/product"}],"about":[{"href":"https:\/\/www.k8radiatori.it\/fr\/wp-json\/wp\/v2\/types\/product"}],"replies":[{"embeddable":true,"href":"https:\/\/www.k8radiatori.it\/fr\/wp-json\/wp\/v2\/comments?post=2420"}],"wp:featuredmedia":[{"embeddable":true,"href":"https:\/\/www.k8radiatori.it\/fr\/wp-json\/wp\/v2\/media\/2422"}],"wp:attachment":[{"href":"https:\/\/www.k8radiatori.it\/fr\/wp-json\/wp\/v2\/media?parent=2420"}],"wp:term":[{"taxonomy":"product_cat","embeddable":true,"href":"https:\/\/www.k8radiatori.it\/fr\/wp-json\/wp\/v2\/product_cat?post=2420"},{"taxonomy":"product_tag","embeddable":true,"href":"https:\/\/www.k8radiatori.it\/fr\/wp-json\/wp\/v2\/product_tag?post=2420"}],"curies":[{"name":"wp","href":"https:\/\/api.w.org\/{rel}","templated":true}]}}