{"id":1697,"date":"2018-07-04T15:22:21","date_gmt":"2018-07-04T13:22:21","guid":{"rendered":"http:\/\/www.k8radiatori.it\/?post_type=product&#038;p=1697"},"modified":"2023-06-28T19:09:39","modified_gmt":"2023-06-28T17:09:39","slug":"magic","status":"publish","type":"product","link":"https:\/\/www.k8radiatori.it\/fr\/radiatori\/magic\/","title":{"rendered":"Magic"},"content":{"rendered":"<p><strong><a href=\"http:\/\/www.k8radiatori.it\/wp-content\/uploads\/2018\/07\/magic.pdf\" target=\"_blank\" rel=\"noopener\">Scarica qui le specifiche tecniche del radiatore<\/a><\/strong><\/p>\n<p><a href=\"\/fr\/contatti\/\">Su richiesta \u00e8 possibile avere schede dettagliate sul prodotto<\/a><\/p>\n<p>&nbsp;<\/p>\n<p><a href=\"http:\/\/www.k8radiatori.it\/wp-content\/uploads\/2018\/07\/radiatori-magic.jpg\"><img decoding=\"async\" loading=\"lazy\" class=\"size-full wp-image-1725 alignleft\" src=\"http:\/\/www.k8radiatori.it\/wp-content\/uploads\/2018\/07\/radiatori-magic.jpg\" alt=\"\" width=\"300\" height=\"492\" srcset=\"https:\/\/www.k8radiatori.it\/wp-content\/uploads\/2018\/07\/radiatori-magic.jpg 300w, https:\/\/www.k8radiatori.it\/wp-content\/uploads\/2018\/07\/radiatori-magic-244x400.jpg 244w\" sizes=\"(max-width: 300px) 100vw, 300px\" \/><\/a><\/p>","protected":false},"excerpt":{"rendered":"<p>Le design au service du confort environnemental; un objet quotidien et transformiste; tel est le radiateur Magic qui est \u00e0 la fois reflet mais capable de devenir source de lumi\u00e8re, gr\u00e2ce au syst\u00e8me d\u2019\u00e9clairage \u00e0 led escamotable (en option).<br \/>\nEssentiel et pr\u00e9cieux, contemporain, dot\u00e9 d\u2019un cadre fin mais d\u2019une profondeur int\u00e9ressante (18 cm), Magic, dans sa version verticale, avec sa grande surface r\u00e9fl\u00e9chissante offre la possibilit\u00e9 de cr\u00e9er des murs-miroirs. Une solution \u00e9l\u00e9gante et raffin\u00e9e pour vos halls d\u2019entr\u00e9e, livings, salles de bain ou chambres \u00e0 coucher.<br \/>\nMagic peut \u00eatre positionn\u00e9 contre un mur en position verticale ou horizontale et il est \u00e9galement disponible en version Power.<br \/>\nD\u00e9tail du design du cadre Magic et du c\u00f4t\u00e9 \u00e0 deux niveaux o\u00f9 l\u2019on peut voir l\u2019emplacement de l\u2019\u00e9clairage \u00e0 led escamotable.<\/p>\n","protected":false},"featured_media":1698,"comment_status":"closed","ping_status":"closed","template":"","meta":[],"product_cat":[28],"product_tag":[],"yoast_head":"<!-- This site is optimized with the Yoast SEO plugin v20.8 - https:\/\/yoast.com\/wordpress\/plugins\/seo\/ -->\n<title>Magic - K8 radiatori<\/title>\n<meta name=\"description\" content=\"Il radiatore Magic \u00e8 uno specchio in grado di diventare una fonte luminosa, grazie al sistema di illuminazione a led a scomparsa\" \/>\n<meta name=\"robots\" content=\"index, follow, max-snippet:-1, max-image-preview:large, max-video-preview:-1\" \/>\n<link rel=\"canonical\" href=\"https:\/\/www.k8radiatori.it\/es\/radiatori\/magic\/\" \/>\n<script type=\"application\/ld+json\" class=\"yoast-schema-graph\">{\"@context\":\"https:\/\/schema.org\",\"@graph\":[{\"@type\":\"WebPage\",\"@id\":\"https:\/\/www.k8radiatori.it\/es\/radiatori\/magic\/\",\"url\":\"https:\/\/www.k8radiatori.it\/es\/radiatori\/magic\/\",\"name\":\"Magic - K8 radiatori\",\"isPartOf\":{\"@id\":\"https:\/\/www.k8radiatori.it\/de\/#website\"},\"datePublished\":\"2018-07-04T13:22:21+00:00\",\"dateModified\":\"2023-06-28T17:09:39+00:00\",\"description\":\"Il radiatore Magic \u00e8 uno specchio in grado di diventare una fonte luminosa, grazie al sistema di illuminazione a led a scomparsa\",\"breadcrumb\":{\"@id\":\"https:\/\/www.k8radiatori.it\/es\/radiatori\/magic\/#breadcrumb\"},\"inLanguage\":\"fr-FR\",\"potentialAction\":[{\"@type\":\"ReadAction\",\"target\":[\"https:\/\/www.k8radiatori.it\/es\/radiatori\/magic\/\"]}]},{\"@type\":\"BreadcrumbList\",\"@id\":\"https:\/\/www.k8radiatori.it\/es\/radiatori\/magic\/#breadcrumb\",\"itemListElement\":[{\"@type\":\"ListItem\",\"position\":1,\"name\":\"Home\",\"item\":\"https:\/\/www.k8radiatori.it\/\"},{\"@type\":\"ListItem\",\"position\":2,\"name\":\"Shop\",\"item\":\"https:\/\/www.k8radiatori.it\/de\/negozio\/\"},{\"@type\":\"ListItem\",\"position\":3,\"name\":\"Magic\"}]},{\"@type\":\"WebSite\",\"@id\":\"https:\/\/www.k8radiatori.it\/de\/#website\",\"url\":\"https:\/\/www.k8radiatori.it\/de\/\",\"name\":\"K8 radiatori\",\"description\":\"K8 radiatori\",\"publisher\":{\"@id\":\"https:\/\/www.k8radiatori.it\/de\/#organization\"},\"potentialAction\":[{\"@type\":\"SearchAction\",\"target\":{\"@type\":\"EntryPoint\",\"urlTemplate\":\"https:\/\/www.k8radiatori.it\/de\/?s={search_term_string}\"},\"query-input\":\"required name=search_term_string\"}],\"inLanguage\":\"fr-FR\"},{\"@type\":\"Organization\",\"@id\":\"https:\/\/www.k8radiatori.it\/de\/#organization\",\"name\":\"K8 radiatori\",\"url\":\"https:\/\/www.k8radiatori.it\/de\/\",\"logo\":{\"@type\":\"ImageObject\",\"inLanguage\":\"fr-FR\",\"@id\":\"https:\/\/www.k8radiatori.it\/de\/#\/schema\/logo\/image\/\",\"url\":\"https:\/\/www.k8radiatori.it\/wp-content\/uploads\/2016\/03\/logo.png\",\"contentUrl\":\"https:\/\/www.k8radiatori.it\/wp-content\/uploads\/2016\/03\/logo.png\",\"width\":253,\"height\":283,\"caption\":\"K8 radiatori\"},\"image\":{\"@id\":\"https:\/\/www.k8radiatori.it\/de\/#\/schema\/logo\/image\/\"}}]}<\/script>\n<!-- \/ Yoast SEO plugin. -->","yoast_head_json":{"title":"Magic - K8 radiatori","description":"Il radiatore Magic \u00e8 uno specchio in grado di diventare una fonte luminosa, grazie al sistema di illuminazione a led a scomparsa","robots":{"index":"index","follow":"follow","max-snippet":"max-snippet:-1","max-image-preview":"max-image-preview:large","max-video-preview":"max-video-preview:-1"},"canonical":"https:\/\/www.k8radiatori.it\/es\/radiatori\/magic\/","schema":{"@context":"https:\/\/schema.org","@graph":[{"@type":"WebPage","@id":"https:\/\/www.k8radiatori.it\/es\/radiatori\/magic\/","url":"https:\/\/www.k8radiatori.it\/es\/radiatori\/magic\/","name":"Magic - K8 radiatori","isPartOf":{"@id":"https:\/\/www.k8radiatori.it\/de\/#website"},"datePublished":"2018-07-04T13:22:21+00:00","dateModified":"2023-06-28T17:09:39+00:00","description":"Il radiatore Magic \u00e8 uno specchio in grado di diventare una fonte luminosa, grazie al sistema di illuminazione a led a scomparsa","breadcrumb":{"@id":"https:\/\/www.k8radiatori.it\/es\/radiatori\/magic\/#breadcrumb"},"inLanguage":"fr-FR","potentialAction":[{"@type":"ReadAction","target":["https:\/\/www.k8radiatori.it\/es\/radiatori\/magic\/"]}]},{"@type":"BreadcrumbList","@id":"https:\/\/www.k8radiatori.it\/es\/radiatori\/magic\/#breadcrumb","itemListElement":[{"@type":"ListItem","position":1,"name":"Home","item":"https:\/\/www.k8radiatori.it\/"},{"@type":"ListItem","position":2,"name":"Shop","item":"https:\/\/www.k8radiatori.it\/de\/negozio\/"},{"@type":"ListItem","position":3,"name":"Magic"}]},{"@type":"WebSite","@id":"https:\/\/www.k8radiatori.it\/de\/#website","url":"https:\/\/www.k8radiatori.it\/de\/","name":"K8 radiatori","description":"K8 radiatori","publisher":{"@id":"https:\/\/www.k8radiatori.it\/de\/#organization"},"potentialAction":[{"@type":"SearchAction","target":{"@type":"EntryPoint","urlTemplate":"https:\/\/www.k8radiatori.it\/de\/?s={search_term_string}"},"query-input":"required name=search_term_string"}],"inLanguage":"fr-FR"},{"@type":"Organization","@id":"https:\/\/www.k8radiatori.it\/de\/#organization","name":"K8 radiatori","url":"https:\/\/www.k8radiatori.it\/de\/","logo":{"@type":"ImageObject","inLanguage":"fr-FR","@id":"https:\/\/www.k8radiatori.it\/de\/#\/schema\/logo\/image\/","url":"https:\/\/www.k8radiatori.it\/wp-content\/uploads\/2016\/03\/logo.png","contentUrl":"https:\/\/www.k8radiatori.it\/wp-content\/uploads\/2016\/03\/logo.png","width":253,"height":283,"caption":"K8 radiatori"},"image":{"@id":"https:\/\/www.k8radiatori.it\/de\/#\/schema\/logo\/image\/"}}]}},"_links":{"self":[{"href":"https:\/\/www.k8radiatori.it\/fr\/wp-json\/wp\/v3\/product\/1697"}],"collection":[{"href":"https:\/\/www.k8radiatori.it\/fr\/wp-json\/wp\/v3\/product"}],"about":[{"href":"https:\/\/www.k8radiatori.it\/fr\/wp-json\/wp\/v2\/types\/product"}],"replies":[{"embeddable":true,"href":"https:\/\/www.k8radiatori.it\/fr\/wp-json\/wp\/v2\/comments?post=1697"}],"wp:featuredmedia":[{"embeddable":true,"href":"https:\/\/www.k8radiatori.it\/fr\/wp-json\/wp\/v2\/media\/1698"}],"wp:attachment":[{"href":"https:\/\/www.k8radiatori.it\/fr\/wp-json\/wp\/v2\/media?parent=1697"}],"wp:term":[{"taxonomy":"product_cat","embeddable":true,"href":"https:\/\/www.k8radiatori.it\/fr\/wp-json\/wp\/v2\/product_cat?post=1697"},{"taxonomy":"product_tag","embeddable":true,"href":"https:\/\/www.k8radiatori.it\/fr\/wp-json\/wp\/v2\/product_tag?post=1697"}],"curies":[{"name":"wp","href":"https:\/\/api.w.org\/{rel}","templated":true}]}}