{"id":1691,"date":"2018-07-04T15:11:00","date_gmt":"2018-07-04T13:11:00","guid":{"rendered":"http:\/\/www.k8radiatori.it\/?post_type=product&#038;p=1691"},"modified":"2018-07-11T09:54:44","modified_gmt":"2018-07-11T07:54:44","slug":"prisma-v","status":"publish","type":"product","link":"https:\/\/www.k8radiatori.it\/fr\/radiatori\/prisma-v\/","title":{"rendered":"Prisma V"},"content":{"rendered":"<p><strong><a href=\"http:\/\/www.k8radiatori.it\/wp-content\/uploads\/2018\/07\/prisma.pdf\" target=\"_blank\" rel=\"noopener\">Scarica qui le specifiche tecniche del radiatore<\/a><\/strong><\/p>\n<p><a href=\"\/contatti\/\">Su richiesta \u00e8 possibile avere schede dettagliate sul prodotto<\/a><\/p>\n<p><a href=\"http:\/\/www.k8radiatori.it\/wp-content\/uploads\/2018\/07\/radiatore-prisma-V.jpg\"><img decoding=\"async\" loading=\"lazy\" class=\"alignleft wp-image-1723 size-full\" src=\"http:\/\/www.k8radiatori.it\/wp-content\/uploads\/2018\/07\/radiatore-prisma-V.jpg\" alt=\"\" width=\"420\" height=\"416\" srcset=\"https:\/\/www.k8radiatori.it\/wp-content\/uploads\/2018\/07\/radiatore-prisma-V.jpg 420w, https:\/\/www.k8radiatori.it\/wp-content\/uploads\/2018\/07\/radiatore-prisma-V-157x157.jpg 157w, https:\/\/www.k8radiatori.it\/wp-content\/uploads\/2018\/07\/radiatore-prisma-V-400x396.jpg 400w\" sizes=\"(max-width: 420px) 100vw, 420px\" \/><\/a><\/p>","protected":false},"excerpt":{"rendered":"<p>Cette solution innovante dans le cadre de r\u00e9novations, de nouvelles constructions ou de remplacements d\u2019anciens \u00e9quipements offre tout le bien-\u00eatre r\u00e9sidentiel n\u00e9cessaire.<br \/>\nPrisma est un radiateur aux caract\u00e9ristiques uniques: une excellente performance thermique; une g\u00e9om\u00e9trie particuli\u00e8re de l\u2019\u00e9l\u00e9ment unique pour cr\u00e9er un effet optique\/dynamique tr\u00e8s efficace; un choix conceptuel\/ esth\u00e9tique polyvalent.<br \/>\nUn projet adaptable, dot\u00e9 d\u2019une forte personnalit\u00e9, offrant la possibilit\u00e9 de positionner le radiateur contre un mur avec des \u00e9l\u00e9ments \u00e0 la verticale ou \u00e0 l\u2019horizontale, tout en cr\u00e9ant un nouveau d\u00e9cor mural esth\u00e9tique, graphique et color\u00e9.<\/p>\n","protected":false},"featured_media":1692,"comment_status":"closed","ping_status":"closed","template":"","meta":[],"product_cat":[28],"product_tag":[],"yoast_head":"<!-- This site is optimized with the Yoast SEO plugin v20.8 - https:\/\/yoast.com\/wordpress\/plugins\/seo\/ -->\n<title>Prisma V - K8 radiatori<\/title>\n<meta name=\"description\" content=\"Prisma \u00e8 un radiatore dalle caratteristiche uniche. Soluzione innovativa per le ristrutturazioni, le nuove costruzioni o la sostituzione di vecchi elementi\" \/>\n<meta name=\"robots\" content=\"index, follow, max-snippet:-1, max-image-preview:large, max-video-preview:-1\" \/>\n<link rel=\"canonical\" href=\"https:\/\/www.k8radiatori.it\/es\/radiatori\/prisma-v\/\" \/>\n<script type=\"application\/ld+json\" class=\"yoast-schema-graph\">{\"@context\":\"https:\/\/schema.org\",\"@graph\":[{\"@type\":\"WebPage\",\"@id\":\"https:\/\/www.k8radiatori.it\/es\/radiatori\/prisma-v\/\",\"url\":\"https:\/\/www.k8radiatori.it\/es\/radiatori\/prisma-v\/\",\"name\":\"Prisma V - K8 radiatori\",\"isPartOf\":{\"@id\":\"https:\/\/www.k8radiatori.it\/de\/#website\"},\"datePublished\":\"2018-07-04T13:11:00+00:00\",\"dateModified\":\"2018-07-11T07:54:44+00:00\",\"description\":\"Prisma \u00e8 un radiatore dalle caratteristiche uniche. Soluzione innovativa per le ristrutturazioni, le nuove costruzioni o la sostituzione di vecchi elementi\",\"breadcrumb\":{\"@id\":\"https:\/\/www.k8radiatori.it\/es\/radiatori\/prisma-v\/#breadcrumb\"},\"inLanguage\":\"fr-FR\",\"potentialAction\":[{\"@type\":\"ReadAction\",\"target\":[\"https:\/\/www.k8radiatori.it\/es\/radiatori\/prisma-v\/\"]}]},{\"@type\":\"BreadcrumbList\",\"@id\":\"https:\/\/www.k8radiatori.it\/es\/radiatori\/prisma-v\/#breadcrumb\",\"itemListElement\":[{\"@type\":\"ListItem\",\"position\":1,\"name\":\"Home\",\"item\":\"https:\/\/www.k8radiatori.it\/\"},{\"@type\":\"ListItem\",\"position\":2,\"name\":\"Shop\",\"item\":\"https:\/\/www.k8radiatori.it\/de\/negozio\/\"},{\"@type\":\"ListItem\",\"position\":3,\"name\":\"Prisma V\"}]},{\"@type\":\"WebSite\",\"@id\":\"https:\/\/www.k8radiatori.it\/de\/#website\",\"url\":\"https:\/\/www.k8radiatori.it\/de\/\",\"name\":\"K8 radiatori\",\"description\":\"K8 radiatori\",\"publisher\":{\"@id\":\"https:\/\/www.k8radiatori.it\/de\/#organization\"},\"potentialAction\":[{\"@type\":\"SearchAction\",\"target\":{\"@type\":\"EntryPoint\",\"urlTemplate\":\"https:\/\/www.k8radiatori.it\/de\/?s={search_term_string}\"},\"query-input\":\"required name=search_term_string\"}],\"inLanguage\":\"fr-FR\"},{\"@type\":\"Organization\",\"@id\":\"https:\/\/www.k8radiatori.it\/de\/#organization\",\"name\":\"K8 radiatori\",\"url\":\"https:\/\/www.k8radiatori.it\/de\/\",\"logo\":{\"@type\":\"ImageObject\",\"inLanguage\":\"fr-FR\",\"@id\":\"https:\/\/www.k8radiatori.it\/de\/#\/schema\/logo\/image\/\",\"url\":\"https:\/\/www.k8radiatori.it\/wp-content\/uploads\/2016\/03\/logo.png\",\"contentUrl\":\"https:\/\/www.k8radiatori.it\/wp-content\/uploads\/2016\/03\/logo.png\",\"width\":253,\"height\":283,\"caption\":\"K8 radiatori\"},\"image\":{\"@id\":\"https:\/\/www.k8radiatori.it\/de\/#\/schema\/logo\/image\/\"}}]}<\/script>\n<!-- \/ Yoast SEO plugin. -->","yoast_head_json":{"title":"Prisma V - K8 radiatori","description":"Prisma \u00e8 un radiatore dalle caratteristiche uniche. Soluzione innovativa per le ristrutturazioni, le nuove costruzioni o la sostituzione di vecchi elementi","robots":{"index":"index","follow":"follow","max-snippet":"max-snippet:-1","max-image-preview":"max-image-preview:large","max-video-preview":"max-video-preview:-1"},"canonical":"https:\/\/www.k8radiatori.it\/es\/radiatori\/prisma-v\/","schema":{"@context":"https:\/\/schema.org","@graph":[{"@type":"WebPage","@id":"https:\/\/www.k8radiatori.it\/es\/radiatori\/prisma-v\/","url":"https:\/\/www.k8radiatori.it\/es\/radiatori\/prisma-v\/","name":"Prisma V - K8 radiatori","isPartOf":{"@id":"https:\/\/www.k8radiatori.it\/de\/#website"},"datePublished":"2018-07-04T13:11:00+00:00","dateModified":"2018-07-11T07:54:44+00:00","description":"Prisma \u00e8 un radiatore dalle caratteristiche uniche. Soluzione innovativa per le ristrutturazioni, le nuove costruzioni o la sostituzione di vecchi elementi","breadcrumb":{"@id":"https:\/\/www.k8radiatori.it\/es\/radiatori\/prisma-v\/#breadcrumb"},"inLanguage":"fr-FR","potentialAction":[{"@type":"ReadAction","target":["https:\/\/www.k8radiatori.it\/es\/radiatori\/prisma-v\/"]}]},{"@type":"BreadcrumbList","@id":"https:\/\/www.k8radiatori.it\/es\/radiatori\/prisma-v\/#breadcrumb","itemListElement":[{"@type":"ListItem","position":1,"name":"Home","item":"https:\/\/www.k8radiatori.it\/"},{"@type":"ListItem","position":2,"name":"Shop","item":"https:\/\/www.k8radiatori.it\/de\/negozio\/"},{"@type":"ListItem","position":3,"name":"Prisma V"}]},{"@type":"WebSite","@id":"https:\/\/www.k8radiatori.it\/de\/#website","url":"https:\/\/www.k8radiatori.it\/de\/","name":"K8 radiatori","description":"K8 radiatori","publisher":{"@id":"https:\/\/www.k8radiatori.it\/de\/#organization"},"potentialAction":[{"@type":"SearchAction","target":{"@type":"EntryPoint","urlTemplate":"https:\/\/www.k8radiatori.it\/de\/?s={search_term_string}"},"query-input":"required name=search_term_string"}],"inLanguage":"fr-FR"},{"@type":"Organization","@id":"https:\/\/www.k8radiatori.it\/de\/#organization","name":"K8 radiatori","url":"https:\/\/www.k8radiatori.it\/de\/","logo":{"@type":"ImageObject","inLanguage":"fr-FR","@id":"https:\/\/www.k8radiatori.it\/de\/#\/schema\/logo\/image\/","url":"https:\/\/www.k8radiatori.it\/wp-content\/uploads\/2016\/03\/logo.png","contentUrl":"https:\/\/www.k8radiatori.it\/wp-content\/uploads\/2016\/03\/logo.png","width":253,"height":283,"caption":"K8 radiatori"},"image":{"@id":"https:\/\/www.k8radiatori.it\/de\/#\/schema\/logo\/image\/"}}]}},"_links":{"self":[{"href":"https:\/\/www.k8radiatori.it\/fr\/wp-json\/wp\/v3\/product\/1691"}],"collection":[{"href":"https:\/\/www.k8radiatori.it\/fr\/wp-json\/wp\/v3\/product"}],"about":[{"href":"https:\/\/www.k8radiatori.it\/fr\/wp-json\/wp\/v2\/types\/product"}],"replies":[{"embeddable":true,"href":"https:\/\/www.k8radiatori.it\/fr\/wp-json\/wp\/v2\/comments?post=1691"}],"wp:featuredmedia":[{"embeddable":true,"href":"https:\/\/www.k8radiatori.it\/fr\/wp-json\/wp\/v2\/media\/1692"}],"wp:attachment":[{"href":"https:\/\/www.k8radiatori.it\/fr\/wp-json\/wp\/v2\/media?parent=1691"}],"wp:term":[{"taxonomy":"product_cat","embeddable":true,"href":"https:\/\/www.k8radiatori.it\/fr\/wp-json\/wp\/v2\/product_cat?post=1691"},{"taxonomy":"product_tag","embeddable":true,"href":"https:\/\/www.k8radiatori.it\/fr\/wp-json\/wp\/v2\/product_tag?post=1691"}],"curies":[{"name":"wp","href":"https:\/\/api.w.org\/{rel}","templated":true}]}}