{"id":763,"date":"2016-03-14T19:44:16","date_gmt":"2016-03-14T18:44:16","guid":{"rendered":"http:\/\/www.k8radiatori.it\/?page_id=763"},"modified":"2016-07-26T10:15:18","modified_gmt":"2016-07-26T08:15:18","slug":"faq","status":"publish","type":"page","link":"https:\/\/www.k8radiatori.it\/fr\/10-motivi-per\/","title":{"rendered":"FAQ"},"content":{"rendered":"<p>[vc_row][vc_column][vc_column_text]<\/p>\n<h1>FAQ<\/h1>\n<p>Un radiateur K8\u00a0poss\u00e8de des qualit\u00e9s intrins\u00e8ques\u00a0et extrins\u00e8ques qui en font un\u00a0des meilleurs radiateurs sur le\u00a0march\u00e9, gr\u00e2ce \u00e0 une s\u00e9rie\u00a0d\u2019attentions que l\u2019entreprise\u00a0transf\u00e8re dans l\u2019ADN de ses\u00a0produits:[\/vc_column_text][\/vc_column][\/vc_row][vc_row][vc_column width=\u00a0\u00bb1\/2&Prime;][vc_column_text]<strong>01. ALUMINIUM EXTRUD\u00c9\u00a0ET ACIER, MAT\u00c9RIAUX\u00a0\u00c9COLOGIQUES<\/strong><br \/>\nLes mat\u00e9riaux utilis\u00e9s dans la\u00a0fabrication de toute la gamme\u00a0K8. L\u2019aluminium extrud\u00e9 et l\u2019acier\u00a0sont des mat\u00e9riaux recyclables\u00a0qui peuvent \u00eatre r\u00e9utilis\u00e9s un\u00a0nombre de fois infini. La firme\u00a0K8 est attentive \u00e0 une culture\u00a0industrielle durable et orient\u00e9e\u00a0vers une client\u00e8le sensible \u00e0 la\u00a0sauvegarde de l\u2019environnement.[\/vc_column_text][\/vc_column][vc_column width=\u00a0\u00bb1\/2&Prime;][vc_column_text]<strong>02. ALUMINIUM EXTRUD\u00c9,\u00a0MAT\u00c9RIAU INNOVANT\u00a0DANS SES FORMES<\/strong><br \/>\nC\u2019est un mat\u00e9riau l\u00e9ger, qui\u00a0permet d\u2019obtenir des radiateurs\u00a0aux formes et aux dimensions\u00a0modernes et innovantes, ainsi\u00a0que des finitions de qualit\u00e9\u00a0comme celles anodis\u00e9es.[\/vc_column_text][\/vc_column][\/vc_row][vc_row][vc_column width=\u00a0\u00bb1\/2&Prime;][vc_column_text]<strong>03. RADIATEURS ADAPT\u00c9S\u00a0\u00c0 TOUS LES STYLES DE VIE<\/strong><br \/>\nLa gamme K8 comprend des\u00a0radiateurs en aluminium extrud\u00e9\u00a0et en acier qui s\u2019adaptent \u00e0 toutes\u00a0les exigences et \u00e0 n\u2019importe\u00a0quel style de vie, en fournissant\u00a0la chaleur de mani\u00e8re extr\u00eamement\u00a0rapide, lorsque n\u00e9cessaire.[\/vc_column_text][\/vc_column][vc_column width=\u00a0\u00bb1\/2&Prime;][vc_column_text]<strong>04. HAUTE EFFICACIT\u00c9\u00a0THERMIQUE<\/strong><br \/>\nPour K8, l\u2019essentiel ne r\u00e9side\u00a0pas seulement dans la forme\u00a0du radiateur, mais aussi dans\u00a0la conception de son \u00abcoeur\u00bb\u00a0m\u00eame. En particulier, l\u2019aluminium\u00a0extrud\u00e9 poss\u00e8de des propri\u00e9t\u00e9s\u00a0physiques extr\u00eamement\u00a0favorables qui rendent nos\u00a0produits performants.[\/vc_column_text][\/vc_column][\/vc_row][vc_row][vc_column width=\u00a0\u00bb1\/2&Prime;][vc_column_text]<strong>05. \u00c9CONOMIE D\u2019\u00c9NERGIE<\/strong><br \/>\nK8 propose un mode d\u2019\u00e9conomie\u00a0d\u2019\u00e9nergie bas\u00e9 sur le contr\u00f4le\u00a0de l\u2019installation et sur l\u2019obtention\u00a0rapide des temp\u00e9ratures\u00a0d\u2019exercice optimales. Sa haute\u00a0performance thermique associ\u00e9e\u00a0\u00e0 une plus petite quantit\u00e9 d\u2019eau\u00a0en circulation, rendue possible\u00a0par les caract\u00e9ristiques de\u00a0l\u2019aluminium extrud\u00e9, permet des\u00a0temps de mise \u00e0 r\u00e9gime plus\u00a0rapides, avec une r\u00e9duction de\u00a0la consommation d\u2019\u00e9nergie et\u00a0des avantages \u00e9conomiques\u00a0consid\u00e9rables.[\/vc_column_text][\/vc_column][vc_column width=\u00a0\u00bb1\/2&Prime;][vc_column_text]<strong>06. DESIGN<\/strong><br \/>\nL\u2019aspect esth\u00e9tique du\u00a0radiateur fait partie de la culture\u00a0productive de K8 dans l\u2019objectif\u00a0de concentrer ses recherches\u00a0de style dans des projets visant\u00a0\u00e0 interpr\u00e9ter les tendances\u00a0les plus contemporaines de\u00a0l\u2019habitation.[\/vc_column_text][\/vc_column][\/vc_row][vc_row][vc_column width=\u00a0\u00bb1\/2&Prime;][vc_column_text]<strong>07. MODULARIT\u00c9 ET\u00a0GRANDE DISPONIBILIT\u00c9\u00a0DE FINITIONS<\/strong><br \/>\nLes radiateurs K8 sont\u00a0modulaires en largeur et en\u00a0hauteur. Certains mod\u00e8les\u00a0peuvent \u00eatre positionn\u00e9s\u00a0librement, m\u00eame au milieu\u00a0d\u2019une pi\u00e8ce, et les plaques\u00a0proposent une vaste gamme\u00a0de dimensions. Tous nos\u00a0radiateurs sont adaptables \u00e0\u00a0tous les espaces et \u00e0 toute\u00a0n\u00e9cessit\u00e9 thermique. La firme\u00a0K8 dispose d\u2019une tr\u00e8s large\u00a0gamme de finitions laqu\u00e9es pour\u00a0lesquelles elle utilise des laques\u00a0standard, certifi\u00e9es sans m\u00e9taux\u00a0lourds, ainsi que des finitions\u00a0galvanis\u00e9es, m\u00e9tallis\u00e9es et des\u00a0oxydations anodiques uniques\u00a0sur le march\u00e9, qui font appel au\u00a0savoir-faire du Groupe Consonni\u00a0sur les finitions m\u00e9talliques.[\/vc_column_text][\/vc_column][vc_column width=\u00a0\u00bb1\/2&Prime;][vc_column_text]<strong>08. DUR\u00c9E DANS LE\u00a0TEMPS<\/strong><br \/>\nLa recherche sur la qualit\u00e9\u00a0des mat\u00e9riaux et les finitions\u00a0se concentre sur leurs\u00a0caract\u00e9ristiques de fiabilit\u00e9\u00a0et de dur\u00e9e dans le temps.\u00a0Les produits K8 sont garantis\u00a0pendant 5 ans.[\/vc_column_text][\/vc_column][\/vc_row][vc_row][vc_column width=\u00a0\u00bb1\/2&Prime;][vc_column_text]<strong>09. CUSTOM MADE<\/strong><br \/>\nAu fil des ans, la firme K8\u00a0radiateurs s\u2019est sp\u00e9cialis\u00e9e\u00a0dans la r\u00e9alisation de produits\u00a0fabriqu\u00e9s d\u2019apr\u00e8s le projet du\u00a0client, avec des variantes en ce\u00a0qui concerne les dimensions,\u00a0les finitions et les prises. Depuis\u00a0toujours, elle est disponible au\u00a0dialogue avec les architectes\u00a0et les concepteurs, en vue de\u00a0trouver la meilleure solution.[\/vc_column_text][\/vc_column][vc_column width=\u00a0\u00bb1\/2&Prime;][vc_column_text]<strong>10. 100% MADE IN ITALY<\/strong><br \/>\nK8 recherche la plus haute\u00a0transparence et la plus grande\u00a0clart\u00e9 tout au long du processus\u00a0de production, en garantissant\u00a0la qualit\u00e9 d\u2019un produit dessin\u00e9,\u00a0con\u00e7u, fabriqu\u00e9 et assembl\u00e9\u00a0en Italie. Son objectif est de\u00a0sauvegarder et de promouvoir\u00a0la qualit\u00e9 italienne sur le march\u00e9\u00a0italien et mondial.[\/vc_column_text][\/vc_column][\/vc_row]<\/p>","protected":false},"excerpt":{"rendered":"<p>[vc_row][vc_column][vc_column_text] FAQ Un radiateur K8\u00a0poss\u00e8de des qualit\u00e9s intrins\u00e8ques\u00a0et extrins\u00e8ques qui en font un\u00a0des meilleurs radiateurs sur le\u00a0march\u00e9, gr\u00e2ce \u00e0 une s\u00e9rie\u00a0d\u2019attentions que l\u2019entreprise\u00a0transf\u00e8re dans l\u2019ADN de ses\u00a0produits:[\/vc_column_text][\/vc_column][\/vc_row][vc_row][vc_column width=\u00a0\u00bb1\/2&Prime;][vc_column_text]01. ALUMINIUM EXTRUD\u00c9\u00a0ET ACIER, MAT\u00c9RIAUX\u00a0\u00c9COLOGIQUES Les mat\u00e9riaux utilis\u00e9s dans la\u00a0fabrication de toute la gamme\u00a0K8. L\u2019aluminium extrud\u00e9 et l\u2019acier\u00a0sont des mat\u00e9riaux recyclables\u00a0qui peuvent \u00eatre r\u00e9utilis\u00e9s un\u00a0nombre de fois infini. &#8230;..<\/p>\n","protected":false},"author":1,"featured_media":0,"parent":0,"menu_order":0,"comment_status":"closed","ping_status":"closed","template":"","meta":[],"acf":[],"yoast_head":"<!-- This site is optimized with the Yoast SEO plugin v20.8 - https:\/\/yoast.com\/wordpress\/plugins\/seo\/ -->\n<title>FAQ - K8 radiatori<\/title>\n<meta name=\"description\" content=\"10 motivi per scegliere un\u00a0 radiatore K8 Un radiatore K8 ha qualita intrinseche ed estrinseche che lo annoverano tra i migliori caloriferi sul mercato, - K8 radiatori\" \/>\n<meta name=\"robots\" content=\"index, follow, max-snippet:-1, max-image-preview:large, max-video-preview:-1\" \/>\n<link rel=\"canonical\" href=\"https:\/\/www.k8radiatori.it\/fr\/10-motivi-per\/\" \/>\n<meta name=\"twitter:label1\" content=\"Dur\u00e9e de lecture estim\u00e9e\" \/>\n\t<meta name=\"twitter:data1\" content=\"17 minutes\" \/>\n<script type=\"application\/ld+json\" class=\"yoast-schema-graph\">{\"@context\":\"https:\/\/schema.org\",\"@graph\":[{\"@type\":\"WebPage\",\"@id\":\"https:\/\/www.k8radiatori.it\/fr\/10-motivi-per\/\",\"url\":\"https:\/\/www.k8radiatori.it\/fr\/10-motivi-per\/\",\"name\":\"FAQ - K8 radiatori\",\"isPartOf\":{\"@id\":\"https:\/\/www.k8radiatori.it\/de\/#website\"},\"datePublished\":\"2016-03-14T18:44:16+00:00\",\"dateModified\":\"2016-07-26T08:15:18+00:00\",\"description\":\"10 motivi per scegliere un\u00a0 radiatore K8 Un radiatore K8 ha qualita intrinseche ed estrinseche che lo annoverano tra i migliori caloriferi sul mercato, - K8 radiatori\",\"breadcrumb\":{\"@id\":\"https:\/\/www.k8radiatori.it\/fr\/10-motivi-per\/#breadcrumb\"},\"inLanguage\":\"fr-FR\",\"potentialAction\":[{\"@type\":\"ReadAction\",\"target\":[\"https:\/\/www.k8radiatori.it\/fr\/10-motivi-per\/\"]}]},{\"@type\":\"BreadcrumbList\",\"@id\":\"https:\/\/www.k8radiatori.it\/fr\/10-motivi-per\/#breadcrumb\",\"itemListElement\":[{\"@type\":\"ListItem\",\"position\":1,\"name\":\"Home\",\"item\":\"https:\/\/www.k8radiatori.it\/\"},{\"@type\":\"ListItem\",\"position\":2,\"name\":\"FAQ\"}]},{\"@type\":\"WebSite\",\"@id\":\"https:\/\/www.k8radiatori.it\/de\/#website\",\"url\":\"https:\/\/www.k8radiatori.it\/de\/\",\"name\":\"K8 radiatori\",\"description\":\"K8 radiatori\",\"publisher\":{\"@id\":\"https:\/\/www.k8radiatori.it\/de\/#organization\"},\"potentialAction\":[{\"@type\":\"SearchAction\",\"target\":{\"@type\":\"EntryPoint\",\"urlTemplate\":\"https:\/\/www.k8radiatori.it\/de\/?s={search_term_string}\"},\"query-input\":\"required name=search_term_string\"}],\"inLanguage\":\"fr-FR\"},{\"@type\":\"Organization\",\"@id\":\"https:\/\/www.k8radiatori.it\/de\/#organization\",\"name\":\"K8 radiatori\",\"url\":\"https:\/\/www.k8radiatori.it\/de\/\",\"logo\":{\"@type\":\"ImageObject\",\"inLanguage\":\"fr-FR\",\"@id\":\"https:\/\/www.k8radiatori.it\/de\/#\/schema\/logo\/image\/\",\"url\":\"https:\/\/www.k8radiatori.it\/wp-content\/uploads\/2016\/03\/logo.png\",\"contentUrl\":\"https:\/\/www.k8radiatori.it\/wp-content\/uploads\/2016\/03\/logo.png\",\"width\":253,\"height\":283,\"caption\":\"K8 radiatori\"},\"image\":{\"@id\":\"https:\/\/www.k8radiatori.it\/de\/#\/schema\/logo\/image\/\"}}]}<\/script>\n<!-- \/ Yoast SEO plugin. -->","yoast_head_json":{"title":"FAQ - K8 radiatori","description":"10 motivi per scegliere un\u00a0 radiatore K8 Un radiatore K8 ha qualita intrinseche ed estrinseche che lo annoverano tra i migliori caloriferi sul mercato, - K8 radiatori","robots":{"index":"index","follow":"follow","max-snippet":"max-snippet:-1","max-image-preview":"max-image-preview:large","max-video-preview":"max-video-preview:-1"},"canonical":"https:\/\/www.k8radiatori.it\/fr\/10-motivi-per\/","twitter_misc":{"Dur\u00e9e de lecture estim\u00e9e":"17 minutes"},"schema":{"@context":"https:\/\/schema.org","@graph":[{"@type":"WebPage","@id":"https:\/\/www.k8radiatori.it\/fr\/10-motivi-per\/","url":"https:\/\/www.k8radiatori.it\/fr\/10-motivi-per\/","name":"FAQ - K8 radiatori","isPartOf":{"@id":"https:\/\/www.k8radiatori.it\/de\/#website"},"datePublished":"2016-03-14T18:44:16+00:00","dateModified":"2016-07-26T08:15:18+00:00","description":"10 motivi per scegliere un\u00a0 radiatore K8 Un radiatore K8 ha qualita intrinseche ed estrinseche che lo annoverano tra i migliori caloriferi sul mercato, - K8 radiatori","breadcrumb":{"@id":"https:\/\/www.k8radiatori.it\/fr\/10-motivi-per\/#breadcrumb"},"inLanguage":"fr-FR","potentialAction":[{"@type":"ReadAction","target":["https:\/\/www.k8radiatori.it\/fr\/10-motivi-per\/"]}]},{"@type":"BreadcrumbList","@id":"https:\/\/www.k8radiatori.it\/fr\/10-motivi-per\/#breadcrumb","itemListElement":[{"@type":"ListItem","position":1,"name":"Home","item":"https:\/\/www.k8radiatori.it\/"},{"@type":"ListItem","position":2,"name":"FAQ"}]},{"@type":"WebSite","@id":"https:\/\/www.k8radiatori.it\/de\/#website","url":"https:\/\/www.k8radiatori.it\/de\/","name":"K8 radiatori","description":"K8 radiatori","publisher":{"@id":"https:\/\/www.k8radiatori.it\/de\/#organization"},"potentialAction":[{"@type":"SearchAction","target":{"@type":"EntryPoint","urlTemplate":"https:\/\/www.k8radiatori.it\/de\/?s={search_term_string}"},"query-input":"required name=search_term_string"}],"inLanguage":"fr-FR"},{"@type":"Organization","@id":"https:\/\/www.k8radiatori.it\/de\/#organization","name":"K8 radiatori","url":"https:\/\/www.k8radiatori.it\/de\/","logo":{"@type":"ImageObject","inLanguage":"fr-FR","@id":"https:\/\/www.k8radiatori.it\/de\/#\/schema\/logo\/image\/","url":"https:\/\/www.k8radiatori.it\/wp-content\/uploads\/2016\/03\/logo.png","contentUrl":"https:\/\/www.k8radiatori.it\/wp-content\/uploads\/2016\/03\/logo.png","width":253,"height":283,"caption":"K8 radiatori"},"image":{"@id":"https:\/\/www.k8radiatori.it\/de\/#\/schema\/logo\/image\/"}}]}},"_links":{"self":[{"href":"https:\/\/www.k8radiatori.it\/fr\/wp-json\/wp\/v2\/pages\/763"}],"collection":[{"href":"https:\/\/www.k8radiatori.it\/fr\/wp-json\/wp\/v2\/pages"}],"about":[{"href":"https:\/\/www.k8radiatori.it\/fr\/wp-json\/wp\/v2\/types\/page"}],"author":[{"embeddable":true,"href":"https:\/\/www.k8radiatori.it\/fr\/wp-json\/wp\/v2\/users\/1"}],"replies":[{"embeddable":true,"href":"https:\/\/www.k8radiatori.it\/fr\/wp-json\/wp\/v2\/comments?post=763"}],"version-history":[{"count":13,"href":"https:\/\/www.k8radiatori.it\/fr\/wp-json\/wp\/v2\/pages\/763\/revisions"}],"predecessor-version":[{"id":1330,"href":"https:\/\/www.k8radiatori.it\/fr\/wp-json\/wp\/v2\/pages\/763\/revisions\/1330"}],"wp:attachment":[{"href":"https:\/\/www.k8radiatori.it\/fr\/wp-json\/wp\/v2\/media?parent=763"}],"curies":[{"name":"wp","href":"https:\/\/api.w.org\/{rel}","templated":true}]}}