{"id":744,"date":"2016-03-14T18:58:19","date_gmt":"2016-03-14T17:58:19","guid":{"rendered":"http:\/\/www.k8radiatori.it\/?page_id=744"},"modified":"2016-04-18T15:48:48","modified_gmt":"2016-04-18T13:48:48","slug":"chi-siamo","status":"publish","type":"page","link":"https:\/\/www.k8radiatori.it\/fr\/chi-siamo\/","title":{"rendered":"Soci\u00e9t\u00e9"},"content":{"rendered":"<p><\/p>\n<h1>Soci\u00e9t\u00e9<\/h1>\n<p>La Soci\u00e9t\u00e9 depuis 1962 fabrique, vend en Italie et \u00e0 l&rsquo;\u00e9tranger des radiateurs innovatifs et d\u00e9coratifs pour l&rsquo;ambiance int\u00e8rieur, de embellissement, \u00e9tablissements publics, de bureaux, de residences, ecc&#8230; Nous offrons des radiateurs non traditionnels par leur forme et leur finition aux clients qui d\u00e9sirent une ambiance soign\u00e9e dans tout les d\u00e9tails, originales dans les solutions, meubl\u00e9es avec des mat\u00e9riaux et une finition de valeur.<\/p>\n<h1>Nos produits<\/h1>\n<p>Th\u00e8rmo bain: radiateurs tubulaires en acier et aluminium avec \u00e9l\u00e9ments chauffants en horizontal et s\u00e8che-serviettes chauffantes hydrothermiques et \u00e9lectriques. Th\u00e8rmo ambiance: radiateurs tubulaires en acier et en aluminium extrud\u00e9s avec des \u00e9l\u00e9ments chauffants en v\u00e9rtical de 400 \u00e0 2500 mm en hauteur.<\/p>","protected":false},"excerpt":{"rendered":"<p>Soci\u00e9t\u00e9 La Soci\u00e9t\u00e9 depuis 1962 fabrique, vend en Italie et \u00e0 l&rsquo;\u00e9tranger des radiateurs innovatifs et d\u00e9coratifs pour l&rsquo;ambiance int\u00e8rieur, de embellissement, \u00e9tablissements publics, de bureaux, de residences, ecc&#8230; Nous offrons des radiateurs non traditionnels par leur forme et leur finition aux clients qui d\u00e9sirent une ambiance soign\u00e9e dans tout les d\u00e9tails, originales dans les &#8230;..<\/p>\n","protected":false},"author":1,"featured_media":0,"parent":0,"menu_order":0,"comment_status":"closed","ping_status":"closed","template":"","meta":[],"acf":[],"yoast_head":"<!-- This site is optimized with the Yoast SEO plugin v20.8 - https:\/\/yoast.com\/wordpress\/plugins\/seo\/ -->\n<title>Soci\u00e9t\u00e9 - K8 radiatori<\/title>\n<meta name=\"description\" content=\"Chi siamo La Societ\u00e0 dal 1962 fabbrica e vende in Italia ed all&#039;estero caloriferi innovativi e decorativi per ambienti domestici, di rappresentanza, di - K8 radiatori\" \/>\n<meta name=\"robots\" content=\"index, follow, max-snippet:-1, max-image-preview:large, max-video-preview:-1\" \/>\n<link rel=\"canonical\" href=\"https:\/\/www.k8radiatori.it\/en\/enchi-siamo\/\" \/>\n<meta name=\"twitter:label1\" content=\"Dur\u00e9e de lecture estim\u00e9e\" \/>\n\t<meta name=\"twitter:data1\" content=\"3 minutes\" \/>\n<script type=\"application\/ld+json\" class=\"yoast-schema-graph\">{\"@context\":\"https:\/\/schema.org\",\"@graph\":[{\"@type\":\"WebPage\",\"@id\":\"https:\/\/www.k8radiatori.it\/en\/enchi-siamo\/\",\"url\":\"https:\/\/www.k8radiatori.it\/en\/enchi-siamo\/\",\"name\":\"Soci\u00e9t\u00e9 - K8 radiatori\",\"isPartOf\":{\"@id\":\"https:\/\/www.k8radiatori.it\/de\/#website\"},\"datePublished\":\"2016-03-14T17:58:19+00:00\",\"dateModified\":\"2016-04-18T13:48:48+00:00\",\"description\":\"Chi siamo La Societ\u00e0 dal 1962 fabbrica e vende in Italia ed all'estero caloriferi innovativi e decorativi per ambienti domestici, di rappresentanza, di - K8 radiatori\",\"breadcrumb\":{\"@id\":\"https:\/\/www.k8radiatori.it\/en\/enchi-siamo\/#breadcrumb\"},\"inLanguage\":\"fr-FR\",\"potentialAction\":[{\"@type\":\"ReadAction\",\"target\":[\"https:\/\/www.k8radiatori.it\/en\/enchi-siamo\/\"]}]},{\"@type\":\"BreadcrumbList\",\"@id\":\"https:\/\/www.k8radiatori.it\/en\/enchi-siamo\/#breadcrumb\",\"itemListElement\":[{\"@type\":\"ListItem\",\"position\":1,\"name\":\"Home\",\"item\":\"https:\/\/www.k8radiatori.it\/\"},{\"@type\":\"ListItem\",\"position\":2,\"name\":\"Company\"}]},{\"@type\":\"WebSite\",\"@id\":\"https:\/\/www.k8radiatori.it\/de\/#website\",\"url\":\"https:\/\/www.k8radiatori.it\/de\/\",\"name\":\"K8 radiatori\",\"description\":\"K8 radiatori\",\"publisher\":{\"@id\":\"https:\/\/www.k8radiatori.it\/de\/#organization\"},\"potentialAction\":[{\"@type\":\"SearchAction\",\"target\":{\"@type\":\"EntryPoint\",\"urlTemplate\":\"https:\/\/www.k8radiatori.it\/de\/?s={search_term_string}\"},\"query-input\":\"required name=search_term_string\"}],\"inLanguage\":\"fr-FR\"},{\"@type\":\"Organization\",\"@id\":\"https:\/\/www.k8radiatori.it\/de\/#organization\",\"name\":\"K8 radiatori\",\"url\":\"https:\/\/www.k8radiatori.it\/de\/\",\"logo\":{\"@type\":\"ImageObject\",\"inLanguage\":\"fr-FR\",\"@id\":\"https:\/\/www.k8radiatori.it\/de\/#\/schema\/logo\/image\/\",\"url\":\"https:\/\/www.k8radiatori.it\/wp-content\/uploads\/2016\/03\/logo.png\",\"contentUrl\":\"https:\/\/www.k8radiatori.it\/wp-content\/uploads\/2016\/03\/logo.png\",\"width\":253,\"height\":283,\"caption\":\"K8 radiatori\"},\"image\":{\"@id\":\"https:\/\/www.k8radiatori.it\/de\/#\/schema\/logo\/image\/\"}}]}<\/script>\n<!-- \/ Yoast SEO plugin. -->","yoast_head_json":{"title":"Soci\u00e9t\u00e9 - K8 radiatori","description":"Chi siamo La Societ\u00e0 dal 1962 fabbrica e vende in Italia ed all'estero caloriferi innovativi e decorativi per ambienti domestici, di rappresentanza, di - K8 radiatori","robots":{"index":"index","follow":"follow","max-snippet":"max-snippet:-1","max-image-preview":"max-image-preview:large","max-video-preview":"max-video-preview:-1"},"canonical":"https:\/\/www.k8radiatori.it\/en\/enchi-siamo\/","twitter_misc":{"Dur\u00e9e de lecture estim\u00e9e":"3 minutes"},"schema":{"@context":"https:\/\/schema.org","@graph":[{"@type":"WebPage","@id":"https:\/\/www.k8radiatori.it\/en\/enchi-siamo\/","url":"https:\/\/www.k8radiatori.it\/en\/enchi-siamo\/","name":"Soci\u00e9t\u00e9 - K8 radiatori","isPartOf":{"@id":"https:\/\/www.k8radiatori.it\/de\/#website"},"datePublished":"2016-03-14T17:58:19+00:00","dateModified":"2016-04-18T13:48:48+00:00","description":"Chi siamo La Societ\u00e0 dal 1962 fabbrica e vende in Italia ed all'estero caloriferi innovativi e decorativi per ambienti domestici, di rappresentanza, di - K8 radiatori","breadcrumb":{"@id":"https:\/\/www.k8radiatori.it\/en\/enchi-siamo\/#breadcrumb"},"inLanguage":"fr-FR","potentialAction":[{"@type":"ReadAction","target":["https:\/\/www.k8radiatori.it\/en\/enchi-siamo\/"]}]},{"@type":"BreadcrumbList","@id":"https:\/\/www.k8radiatori.it\/en\/enchi-siamo\/#breadcrumb","itemListElement":[{"@type":"ListItem","position":1,"name":"Home","item":"https:\/\/www.k8radiatori.it\/"},{"@type":"ListItem","position":2,"name":"Company"}]},{"@type":"WebSite","@id":"https:\/\/www.k8radiatori.it\/de\/#website","url":"https:\/\/www.k8radiatori.it\/de\/","name":"K8 radiatori","description":"K8 radiatori","publisher":{"@id":"https:\/\/www.k8radiatori.it\/de\/#organization"},"potentialAction":[{"@type":"SearchAction","target":{"@type":"EntryPoint","urlTemplate":"https:\/\/www.k8radiatori.it\/de\/?s={search_term_string}"},"query-input":"required name=search_term_string"}],"inLanguage":"fr-FR"},{"@type":"Organization","@id":"https:\/\/www.k8radiatori.it\/de\/#organization","name":"K8 radiatori","url":"https:\/\/www.k8radiatori.it\/de\/","logo":{"@type":"ImageObject","inLanguage":"fr-FR","@id":"https:\/\/www.k8radiatori.it\/de\/#\/schema\/logo\/image\/","url":"https:\/\/www.k8radiatori.it\/wp-content\/uploads\/2016\/03\/logo.png","contentUrl":"https:\/\/www.k8radiatori.it\/wp-content\/uploads\/2016\/03\/logo.png","width":253,"height":283,"caption":"K8 radiatori"},"image":{"@id":"https:\/\/www.k8radiatori.it\/de\/#\/schema\/logo\/image\/"}}]}},"_links":{"self":[{"href":"https:\/\/www.k8radiatori.it\/fr\/wp-json\/wp\/v2\/pages\/744"}],"collection":[{"href":"https:\/\/www.k8radiatori.it\/fr\/wp-json\/wp\/v2\/pages"}],"about":[{"href":"https:\/\/www.k8radiatori.it\/fr\/wp-json\/wp\/v2\/types\/page"}],"author":[{"embeddable":true,"href":"https:\/\/www.k8radiatori.it\/fr\/wp-json\/wp\/v2\/users\/1"}],"replies":[{"embeddable":true,"href":"https:\/\/www.k8radiatori.it\/fr\/wp-json\/wp\/v2\/comments?post=744"}],"version-history":[{"count":3,"href":"https:\/\/www.k8radiatori.it\/fr\/wp-json\/wp\/v2\/pages\/744\/revisions"}],"predecessor-version":[{"id":1036,"href":"https:\/\/www.k8radiatori.it\/fr\/wp-json\/wp\/v2\/pages\/744\/revisions\/1036"}],"wp:attachment":[{"href":"https:\/\/www.k8radiatori.it\/fr\/wp-json\/wp\/v2\/media?parent=744"}],"curies":[{"name":"wp","href":"https:\/\/api.w.org\/{rel}","templated":true}]}}