{"id":2672,"date":"2023-07-03T09:49:53","date_gmt":"2023-07-03T07:49:53","guid":{"rendered":"https:\/\/www.k8radiatori.it\/?page_id=2672"},"modified":"2023-07-03T14:03:46","modified_gmt":"2023-07-03T12:03:46","slug":"news","status":"publish","type":"page","link":"https:\/\/www.k8radiatori.it\/fr\/news\/","title":{"rendered":"NEWS"},"content":{"rendered":"<div class=\"wp-block-query is-layout-flow\"><ul class=\"wp-block-post-template is-layout-flow\"><li class=\"wp-block-post post-2647 post type-post status-publish format-standard has-post-thumbnail hentry category-news\">\n\n<div class=\"wp-block-columns is-layout-flex wp-container-2\">\n<div class=\"wp-block-column is-layout-flow\"><div class=\"wp-block-post-date\"><time datetime=\"2023-07-01T17:02:13+00:00\">Saturday  1 July 2023<\/time><\/div>\n\n<figure style=\"width:200px;height:300px;\" class=\"alignleft wp-block-post-featured-image\"><a href=\"https:\/\/www.k8radiatori.it\/fr\/novita-2023-radiatore-mine\/\" target=\"_self\"  style=\"height:300px\"><img width=\"591\" height=\"866\" src=\"https:\/\/www.k8radiatori.it\/wp-content\/uploads\/2023\/06\/Mine-White.jpg\" class=\"attachment-post-thumbnail size-post-thumbnail wp-post-image\" alt=\"Novit\u00e0 2023 Radiatore MINE WHITE\" decoding=\"async\" loading=\"lazy\" style=\"height:300px;object-fit:cover;\" srcset=\"https:\/\/www.k8radiatori.it\/wp-content\/uploads\/2023\/06\/Mine-White.jpg 591w, https:\/\/www.k8radiatori.it\/wp-content\/uploads\/2023\/06\/Mine-White-273x400.jpg 273w, https:\/\/www.k8radiatori.it\/wp-content\/uploads\/2023\/06\/Mine-White-510x747.jpg 510w\" sizes=\"(max-width: 591px) 100vw, 591px\" \/><\/a><\/figure>\n\n<h2 class=\"wp-block-post-title\"><a href=\"https:\/\/www.k8radiatori.it\/fr\/novita-2023-radiatore-mine\/\" target=\"_self\" >Novit\u00e0 2023 Radiatore MINE WHITE<\/a><\/h2>\n\n<div class=\"wp-block-post-excerpt\"><p class=\"wp-block-post-excerpt__excerpt\">Le projet Mine White est n\u00e9 de la n\u00e9cessit\u00e9 d&rsquo;offrir un produit de qualit\u00e9 \u00e0 un prix comp\u00e9titif. En revisitant le processus de production avec des techniques et des technologies extr\u00eamement modernes sp\u00e9cifiquement adapt\u00e9es \u00e0 ce produit, K8 Radiatori a r\u00e9ussi \u00e0 proposer un radiateur \u00e0 plaque \u00e0 un prix extr\u00eamement comp\u00e9titif, avec une performance &#8230;..<\/p><p class=\"wp-block-post-excerpt__more-text\"><a class=\"wp-block-post-excerpt__more-link\" href=\"https:\/\/www.k8radiatori.it\/fr\/novita-2023-radiatore-mine\/\">Lire la suite<\/a><\/p><\/div><\/div>\n<\/div>\n\n\n\n<hr class=\"wp-block-separator has-css-opacity\"\/>\n\n<\/li><li class=\"wp-block-post post-1658 post type-post status-publish format-standard has-post-thumbnail hentry category-news\">\n\n<div class=\"wp-block-columns is-layout-flex wp-container-4\">\n<div class=\"wp-block-column is-layout-flow\"><div class=\"wp-block-post-date\"><time datetime=\"2018-03-26T09:27:11+00:00\">Monday 26 March 2018<\/time><\/div>\n\n<figure style=\"width:200px;height:300px;\" class=\"alignleft wp-block-post-featured-image\"><a href=\"https:\/\/www.k8radiatori.it\/fr\/k8-radiatori-al-salone-del-mobile-di-milano\/\" target=\"_self\"  style=\"height:300px\"><img width=\"700\" height=\"1254\" src=\"https:\/\/www.k8radiatori.it\/wp-content\/uploads\/2018\/03\/K8-Salone-del-Mobile-2018.jpg\" class=\"attachment-post-thumbnail size-post-thumbnail wp-post-image\" alt=\"K8 Radiatori al Salone del Mobile di Milano\" decoding=\"async\" loading=\"lazy\" style=\"height:300px;object-fit:cover;\" srcset=\"https:\/\/www.k8radiatori.it\/wp-content\/uploads\/2018\/03\/K8-Salone-del-Mobile-2018.jpg 700w, https:\/\/www.k8radiatori.it\/wp-content\/uploads\/2018\/03\/K8-Salone-del-Mobile-2018-223x400.jpg 223w, https:\/\/www.k8radiatori.it\/wp-content\/uploads\/2018\/03\/K8-Salone-del-Mobile-2018-510x914.jpg 510w\" sizes=\"(max-width: 700px) 100vw, 700px\" \/><\/a><\/figure>\n\n<h2 class=\"wp-block-post-title\"><a href=\"https:\/\/www.k8radiatori.it\/fr\/k8-radiatori-al-salone-del-mobile-di-milano\/\" target=\"_self\" >K8 Radiatori al Salone del Mobile di Milano<\/a><\/h2>\n\n<div class=\"wp-block-post-excerpt\"><p class=\"wp-block-post-excerpt__excerpt\">K8 Radiatori parteciper\u00e0 al Salone del Mobile di Milano dal 17 al 22 aprile. Potrete trovare il nostro stand all&rsquo;interno del padiglione 22, allo stand numero L35. JOY DESIGN<\/p><p class=\"wp-block-post-excerpt__more-text\"><a class=\"wp-block-post-excerpt__more-link\" href=\"https:\/\/www.k8radiatori.it\/fr\/k8-radiatori-al-salone-del-mobile-di-milano\/\">Lire la suite<\/a><\/p><\/div><\/div>\n<\/div>\n\n\n\n<hr class=\"wp-block-separator has-css-opacity\"\/>\n\n<\/li><li class=\"wp-block-post post-1570 post type-post status-publish format-standard has-post-thumbnail hentry category-news\">\n\n<div class=\"wp-block-columns is-layout-flex wp-container-6\">\n<div class=\"wp-block-column is-layout-flow\"><div class=\"wp-block-post-date\"><time datetime=\"2017-07-24T12:33:58+00:00\">Monday 24 July 2017<\/time><\/div>\n\n<figure style=\"width:200px;height:300px;\" class=\"alignleft wp-block-post-featured-image\"><a href=\"https:\/\/www.k8radiatori.it\/fr\/novita-2017-radiatore-in-vetro-reflex\/\" target=\"_self\"  style=\"height:300px\"><img width=\"562\" height=\"603\" src=\"https:\/\/www.k8radiatori.it\/wp-content\/uploads\/2017\/07\/Reflex-Mirror-1000x500Vetro-temperato.png\" class=\"attachment-post-thumbnail size-post-thumbnail wp-post-image\" alt=\"Novit\u00e0 2017 Radiatore in Vetro REFLEX\" decoding=\"async\" loading=\"lazy\" style=\"height:300px;object-fit:cover;\" srcset=\"https:\/\/www.k8radiatori.it\/wp-content\/uploads\/2017\/07\/Reflex-Mirror-1000x500Vetro-temperato.png 562w, https:\/\/www.k8radiatori.it\/wp-content\/uploads\/2017\/07\/Reflex-Mirror-1000x500Vetro-temperato-373x400.png 373w, https:\/\/www.k8radiatori.it\/wp-content\/uploads\/2017\/07\/Reflex-Mirror-1000x500Vetro-temperato-510x547.png 510w\" sizes=\"(max-width: 562px) 100vw, 562px\" \/><\/a><\/figure>\n\n<h2 class=\"wp-block-post-title\"><a href=\"https:\/\/www.k8radiatori.it\/fr\/novita-2017-radiatore-in-vetro-reflex\/\" target=\"_self\" >Novit\u00e0 2017 Radiatore in Vetro REFLEX<\/a><\/h2>\n\n<div class=\"wp-block-post-excerpt\"><p class=\"wp-block-post-excerpt__excerpt\">Decisamente una novit\u00e0 interessante nel panorama produttivo di K8 Radiatori. REFLEX rappresenta un approccio nuovo nell&rsquo;intendere il radiatore nella propria abitazione, materiali innovativi quali il vetro temperato ed il facile controllo delle impostazioni su touch pannel, rendono REFLEX un prodotto dal funzionamento particolarmente facile. Inoltre il telecomando ad infrarossi permette un&rsquo;accurata impostazione delle funzioni pi\u00f9 &#8230;..<\/p><p class=\"wp-block-post-excerpt__more-text\"><a class=\"wp-block-post-excerpt__more-link\" href=\"https:\/\/www.k8radiatori.it\/fr\/novita-2017-radiatore-in-vetro-reflex\/\">Lire la suite<\/a><\/p><\/div><\/div>\n<\/div>\n\n\n\n<hr class=\"wp-block-separator has-css-opacity\"\/>\n\n<\/li><li class=\"wp-block-post post-1567 post type-post status-publish format-standard has-post-thumbnail hentry category-news\">\n\n<div class=\"wp-block-columns is-layout-flex wp-container-8\">\n<div class=\"wp-block-column is-layout-flow\"><div class=\"wp-block-post-date\"><time datetime=\"2017-07-21T15:35:58+00:00\">Friday 21 July 2017<\/time><\/div>\n\n<figure style=\"width:200px;height:300px;\" class=\"alignleft wp-block-post-featured-image\"><a href=\"https:\/\/www.k8radiatori.it\/fr\/scegliere-il-radiatore-giusto\/\" target=\"_self\"  style=\"height:300px\"><img width=\"2264\" height=\"1181\" src=\"https:\/\/www.k8radiatori.it\/wp-content\/uploads\/2016\/07\/slide-2.jpg\" class=\"attachment-post-thumbnail size-post-thumbnail wp-post-image\" alt=\"Scegliere il radiatore giusto\" decoding=\"async\" loading=\"lazy\" style=\"height:300px;object-fit:cover;\" srcset=\"https:\/\/www.k8radiatori.it\/wp-content\/uploads\/2016\/07\/slide-2.jpg 2264w, https:\/\/www.k8radiatori.it\/wp-content\/uploads\/2016\/07\/slide-2-400x209.jpg 400w, https:\/\/www.k8radiatori.it\/wp-content\/uploads\/2016\/07\/slide-2-510x266.jpg 510w\" sizes=\"(max-width: 2264px) 100vw, 2264px\" \/><\/a><\/figure>\n\n<h2 class=\"wp-block-post-title\"><a href=\"https:\/\/www.k8radiatori.it\/fr\/scegliere-il-radiatore-giusto\/\" target=\"_self\" >Scegliere il radiatore giusto<\/a><\/h2>\n\n<div class=\"wp-block-post-excerpt\"><p class=\"wp-block-post-excerpt__excerpt\">Scegliere il giusto radiatore non \u00e8 una cosa complessa, ma bisogna tenere conto di alcuni aspetti, sicuramente molto importanti. Non si deve perdere di mira il vero obbiettivo da raggiungere, un radiatore esteticamente accattivante e gradevole ma soprattutto che ci deve fornire il calore necessario a riscaldare l&rsquo;ambiente in cui va collocato. Non sempre il &#8230;..<\/p><p class=\"wp-block-post-excerpt__more-text\"><a class=\"wp-block-post-excerpt__more-link\" href=\"https:\/\/www.k8radiatori.it\/fr\/scegliere-il-radiatore-giusto\/\">Lire la suite<\/a><\/p><\/div><\/div>\n<\/div>\n\n\n\n<hr class=\"wp-block-separator has-css-opacity\"\/>\n\n<\/li><li class=\"wp-block-post post-1562 post type-post status-publish format-standard has-post-thumbnail hentry category-news\">\n\n<div class=\"wp-block-columns is-layout-flex wp-container-10\">\n<div class=\"wp-block-column is-layout-flow\"><div class=\"wp-block-post-date\"><time datetime=\"2017-07-21T15:20:05+00:00\">Friday 21 July 2017<\/time><\/div>\n\n<figure style=\"width:200px;height:300px;\" class=\"alignleft wp-block-post-featured-image\"><a href=\"https:\/\/www.k8radiatori.it\/fr\/radiatori-ed-evoluzione-del-calore\/\" target=\"_self\"  style=\"height:300px\"><img width=\"965\" height=\"1181\" src=\"https:\/\/www.k8radiatori.it\/wp-content\/uploads\/2017\/07\/Specchio-Qadrato-2-10.jpg\" class=\"attachment-post-thumbnail size-post-thumbnail wp-post-image\" alt=\"Radiatori ed evoluzione del calore\" decoding=\"async\" loading=\"lazy\" style=\"height:300px;object-fit:cover;\" srcset=\"https:\/\/www.k8radiatori.it\/wp-content\/uploads\/2017\/07\/Specchio-Qadrato-2-10.jpg 965w, https:\/\/www.k8radiatori.it\/wp-content\/uploads\/2017\/07\/Specchio-Qadrato-2-10-327x400.jpg 327w, https:\/\/www.k8radiatori.it\/wp-content\/uploads\/2017\/07\/Specchio-Qadrato-2-10-510x624.jpg 510w\" sizes=\"(max-width: 965px) 100vw, 965px\" \/><\/a><\/figure>\n\n<h2 class=\"wp-block-post-title\"><a href=\"https:\/\/www.k8radiatori.it\/fr\/radiatori-ed-evoluzione-del-calore\/\" target=\"_self\" >Radiatori ed evoluzione del calore<\/a><\/h2>\n\n<div class=\"wp-block-post-excerpt\"><p class=\"wp-block-post-excerpt__excerpt\">La propensione a vedere il radiatore in una modalit\u00e0 completamente diversa ed innovativa \u00e8 la peculiarit\u00e0 di K8Radiatori, la possibilit\u00e0 di realizzare il corpo scaldante anche a misura e con finiture personalizzate permette a chi progetta di inserire il radiatore in ambienti senza vincoli e limite alcuno. Palazzi d\u2019epoca ristrutturati o abitazioni modernissime dove il &#8230;..<\/p><p class=\"wp-block-post-excerpt__more-text\"><a class=\"wp-block-post-excerpt__more-link\" href=\"https:\/\/www.k8radiatori.it\/fr\/radiatori-ed-evoluzione-del-calore\/\">Lire la suite<\/a><\/p><\/div><\/div>\n<\/div>\n\n\n\n<hr class=\"wp-block-separator has-css-opacity\"\/>\n\n<\/li><li class=\"wp-block-post post-1549 post type-post status-publish format-video has-post-thumbnail hentry category-news post_format-post-format-video\">\n\n<div class=\"wp-block-columns is-layout-flex wp-container-12\">\n<div class=\"wp-block-column is-layout-flow\"><div class=\"wp-block-post-date\"><time datetime=\"2017-06-20T16:44:39+00:00\">Tuesday 20 June 2017<\/time><\/div>\n\n<figure style=\"width:200px;height:300px;\" class=\"alignleft wp-block-post-featured-image\"><a href=\"https:\/\/www.k8radiatori.it\/fr\/k8-radiatori-lambiente\/\" target=\"_self\"  style=\"height:300px\"><img width=\"835\" height=\"1049\" src=\"https:\/\/www.k8radiatori.it\/wp-content\/uploads\/2017\/06\/SKIROSSO1_.jpg\" class=\"attachment-post-thumbnail size-post-thumbnail wp-post-image\" alt=\"K8 Radiatori &#038; l&rsquo;ambiente\" decoding=\"async\" loading=\"lazy\" style=\"height:300px;object-fit:cover;\" srcset=\"https:\/\/www.k8radiatori.it\/wp-content\/uploads\/2017\/06\/SKIROSSO1_.jpg 835w, https:\/\/www.k8radiatori.it\/wp-content\/uploads\/2017\/06\/SKIROSSO1_-318x400.jpg 318w, https:\/\/www.k8radiatori.it\/wp-content\/uploads\/2017\/06\/SKIROSSO1_-510x641.jpg 510w\" sizes=\"(max-width: 835px) 100vw, 835px\" \/><\/a><\/figure>\n\n<h2 class=\"wp-block-post-title\"><a href=\"https:\/\/www.k8radiatori.it\/fr\/k8-radiatori-lambiente\/\" target=\"_self\" >K8 Radiatori &#038; l&rsquo;ambiente<\/a><\/h2>\n\n<div class=\"wp-block-post-excerpt\"><p class=\"wp-block-post-excerpt__excerpt\">L&rsquo;impegno di K8 Radiatori nell&rsquo;utilizzo di materie prime ed in particolare di alluminio riciclabile si manifesta ancor pi\u00f9 con l&rsquo;introduzione dei programmi produttivi nuovi, che vedono l&rsquo;impiego quasi totale di questo utilissimo materiale. Noti sono i motivi che danno all&rsquo;alluminio un ruolo primario a livello produttivo di questa sua utilissima funzione. Se il riciclaggio di &#8230;..<\/p><p class=\"wp-block-post-excerpt__more-text\"><a class=\"wp-block-post-excerpt__more-link\" href=\"https:\/\/www.k8radiatori.it\/fr\/k8-radiatori-lambiente\/\">Lire la suite<\/a><\/p><\/div><\/div>\n<\/div>\n\n\n\n<hr class=\"wp-block-separator has-css-opacity\"\/>\n\n<\/li><\/ul><\/div>","protected":false},"excerpt":{"rendered":"","protected":false},"author":1,"featured_media":0,"parent":0,"menu_order":0,"comment_status":"closed","ping_status":"closed","template":"","meta":[],"acf":[],"yoast_head":"<!-- This site is optimized with the Yoast SEO plugin v20.8 - https:\/\/yoast.com\/wordpress\/plugins\/seo\/ -->\n<title>NEWS - K8 radiatori<\/title>\n<meta name=\"description\" content=\"- K8 radiatori\" \/>\n<meta name=\"robots\" content=\"index, follow, max-snippet:-1, max-image-preview:large, max-video-preview:-1\" \/>\n<link rel=\"canonical\" href=\"https:\/\/www.k8radiatori.it\/news\/\" \/>\n<script type=\"application\/ld+json\" class=\"yoast-schema-graph\">{\"@context\":\"https:\/\/schema.org\",\"@graph\":[{\"@type\":\"WebPage\",\"@id\":\"https:\/\/www.k8radiatori.it\/news\/\",\"url\":\"https:\/\/www.k8radiatori.it\/news\/\",\"name\":\"NEWS - K8 radiatori\",\"isPartOf\":{\"@id\":\"https:\/\/www.k8radiatori.it\/de\/#website\"},\"datePublished\":\"2023-07-03T07:49:53+00:00\",\"dateModified\":\"2023-07-03T12:03:46+00:00\",\"description\":\"- K8 radiatori\",\"breadcrumb\":{\"@id\":\"https:\/\/www.k8radiatori.it\/news\/#breadcrumb\"},\"inLanguage\":\"fr-FR\",\"potentialAction\":[{\"@type\":\"ReadAction\",\"target\":[\"https:\/\/www.k8radiatori.it\/news\/\"]}]},{\"@type\":\"BreadcrumbList\",\"@id\":\"https:\/\/www.k8radiatori.it\/news\/#breadcrumb\",\"itemListElement\":[{\"@type\":\"ListItem\",\"position\":1,\"name\":\"Home\",\"item\":\"https:\/\/www.k8radiatori.it\/\"},{\"@type\":\"ListItem\",\"position\":2,\"name\":\"NEWS\"}]},{\"@type\":\"WebSite\",\"@id\":\"https:\/\/www.k8radiatori.it\/de\/#website\",\"url\":\"https:\/\/www.k8radiatori.it\/de\/\",\"name\":\"K8 radiatori\",\"description\":\"K8 radiatori\",\"publisher\":{\"@id\":\"https:\/\/www.k8radiatori.it\/de\/#organization\"},\"potentialAction\":[{\"@type\":\"SearchAction\",\"target\":{\"@type\":\"EntryPoint\",\"urlTemplate\":\"https:\/\/www.k8radiatori.it\/de\/?s={search_term_string}\"},\"query-input\":\"required name=search_term_string\"}],\"inLanguage\":\"fr-FR\"},{\"@type\":\"Organization\",\"@id\":\"https:\/\/www.k8radiatori.it\/de\/#organization\",\"name\":\"K8 radiatori\",\"url\":\"https:\/\/www.k8radiatori.it\/de\/\",\"logo\":{\"@type\":\"ImageObject\",\"inLanguage\":\"fr-FR\",\"@id\":\"https:\/\/www.k8radiatori.it\/de\/#\/schema\/logo\/image\/\",\"url\":\"https:\/\/www.k8radiatori.it\/wp-content\/uploads\/2016\/03\/logo.png\",\"contentUrl\":\"https:\/\/www.k8radiatori.it\/wp-content\/uploads\/2016\/03\/logo.png\",\"width\":253,\"height\":283,\"caption\":\"K8 radiatori\"},\"image\":{\"@id\":\"https:\/\/www.k8radiatori.it\/de\/#\/schema\/logo\/image\/\"}}]}<\/script>\n<!-- \/ Yoast SEO plugin. -->","yoast_head_json":{"title":"NEWS - K8 radiatori","description":"- K8 radiatori","robots":{"index":"index","follow":"follow","max-snippet":"max-snippet:-1","max-image-preview":"max-image-preview:large","max-video-preview":"max-video-preview:-1"},"canonical":"https:\/\/www.k8radiatori.it\/news\/","schema":{"@context":"https:\/\/schema.org","@graph":[{"@type":"WebPage","@id":"https:\/\/www.k8radiatori.it\/news\/","url":"https:\/\/www.k8radiatori.it\/news\/","name":"NEWS - K8 radiatori","isPartOf":{"@id":"https:\/\/www.k8radiatori.it\/de\/#website"},"datePublished":"2023-07-03T07:49:53+00:00","dateModified":"2023-07-03T12:03:46+00:00","description":"- K8 radiatori","breadcrumb":{"@id":"https:\/\/www.k8radiatori.it\/news\/#breadcrumb"},"inLanguage":"fr-FR","potentialAction":[{"@type":"ReadAction","target":["https:\/\/www.k8radiatori.it\/news\/"]}]},{"@type":"BreadcrumbList","@id":"https:\/\/www.k8radiatori.it\/news\/#breadcrumb","itemListElement":[{"@type":"ListItem","position":1,"name":"Home","item":"https:\/\/www.k8radiatori.it\/"},{"@type":"ListItem","position":2,"name":"NEWS"}]},{"@type":"WebSite","@id":"https:\/\/www.k8radiatori.it\/de\/#website","url":"https:\/\/www.k8radiatori.it\/de\/","name":"K8 radiatori","description":"K8 radiatori","publisher":{"@id":"https:\/\/www.k8radiatori.it\/de\/#organization"},"potentialAction":[{"@type":"SearchAction","target":{"@type":"EntryPoint","urlTemplate":"https:\/\/www.k8radiatori.it\/de\/?s={search_term_string}"},"query-input":"required name=search_term_string"}],"inLanguage":"fr-FR"},{"@type":"Organization","@id":"https:\/\/www.k8radiatori.it\/de\/#organization","name":"K8 radiatori","url":"https:\/\/www.k8radiatori.it\/de\/","logo":{"@type":"ImageObject","inLanguage":"fr-FR","@id":"https:\/\/www.k8radiatori.it\/de\/#\/schema\/logo\/image\/","url":"https:\/\/www.k8radiatori.it\/wp-content\/uploads\/2016\/03\/logo.png","contentUrl":"https:\/\/www.k8radiatori.it\/wp-content\/uploads\/2016\/03\/logo.png","width":253,"height":283,"caption":"K8 radiatori"},"image":{"@id":"https:\/\/www.k8radiatori.it\/de\/#\/schema\/logo\/image\/"}}]}},"_links":{"self":[{"href":"https:\/\/www.k8radiatori.it\/fr\/wp-json\/wp\/v2\/pages\/2672"}],"collection":[{"href":"https:\/\/www.k8radiatori.it\/fr\/wp-json\/wp\/v2\/pages"}],"about":[{"href":"https:\/\/www.k8radiatori.it\/fr\/wp-json\/wp\/v2\/types\/page"}],"author":[{"embeddable":true,"href":"https:\/\/www.k8radiatori.it\/fr\/wp-json\/wp\/v2\/users\/1"}],"replies":[{"embeddable":true,"href":"https:\/\/www.k8radiatori.it\/fr\/wp-json\/wp\/v2\/comments?post=2672"}],"version-history":[{"count":10,"href":"https:\/\/www.k8radiatori.it\/fr\/wp-json\/wp\/v2\/pages\/2672\/revisions"}],"predecessor-version":[{"id":2710,"href":"https:\/\/www.k8radiatori.it\/fr\/wp-json\/wp\/v2\/pages\/2672\/revisions\/2710"}],"wp:attachment":[{"href":"https:\/\/www.k8radiatori.it\/fr\/wp-json\/wp\/v2\/media?parent=2672"}],"curies":[{"name":"wp","href":"https:\/\/api.w.org\/{rel}","templated":true}]}}