{"id":571,"date":"2015-12-25T09:39:16","date_gmt":"2015-12-25T08:39:16","guid":{"rendered":"http:\/\/www.k8radiatori.it\/en\/?post_type=product&#038;p=571"},"modified":"2023-06-28T19:33:06","modified_gmt":"2023-06-28T17:33:06","slug":"mosaico","status":"publish","type":"product","link":"https:\/\/www.k8radiatori.it\/es\/radiatori\/mosaico\/","title":{"rendered":"Mosaico"},"content":{"rendered":"<p><strong><a href=\"http:\/\/www.k8radiatori.it\/wp-content\/uploads\/2016\/07\/Mosaico.pdf\" target=\"_blank\">Scarica qui le specifiche tecniche del radiatore<\/a><\/strong><\/p>\n<p><a href=\"\/contatti\/\">Su richiesta \u00e8 possibile avere schede dettagliate sul prodotto<\/a><\/p>\n<p><a href=\"http:\/\/www.k8radiatori.it\/wp-content\/uploads\/2015\/12\/mosaico.jpg\"><img decoding=\"async\" loading=\"lazy\" class=\"size-full wp-image-1199 alignleft\" src=\"http:\/\/www.k8radiatori.it\/wp-content\/uploads\/2015\/12\/mosaico.jpg\" alt=\"Immagine radiatore Mosaico\" width=\"240\" height=\"422\" srcset=\"https:\/\/www.k8radiatori.it\/wp-content\/uploads\/2015\/12\/mosaico.jpg 240w, https:\/\/www.k8radiatori.it\/wp-content\/uploads\/2015\/12\/mosaico-227x400.jpg 227w\" sizes=\"(max-width: 240px) 100vw, 240px\" \/><\/a><\/p>\n<p>&nbsp;<\/p>","protected":false},"excerpt":{"rendered":"<p>Un nuevo radiador cuyo dise\u00f1o tiene reminiscencias de las decoraciones de catedrales rom\u00e1nicas y g\u00f3ticas, como\u00a0un antiguo portal esculpido con incrustaciones en bajo relieve.<\/p>\n","protected":false},"featured_media":1092,"comment_status":"closed","ping_status":"closed","template":"","meta":[],"product_cat":[28],"product_tag":[48,112],"yoast_head":"<!-- This site is optimized with the Yoast SEO plugin v20.8 - https:\/\/yoast.com\/wordpress\/plugins\/seo\/ -->\n<title>Mosaico - K8 radiatori<\/title>\n<meta name=\"description\" content=\"E\u2019 un termosifone minimale il\u00a0cui disegno ricorda le antiche\u00a0decorazioni di cattedrali\u00a0romaniche e gotiche. \u201cMosaico\u201d, come un antico\u00a0portale scolpito ed intarsiato\u00a0a bassorilievo, impreziosisce\u00a0con le sue decorazioni,\u00a0ambienti ed architetture\u00a0classiche e moderne.A new radiator with a\u00a0design reminiscent of the\u00a0minimalist decor of the old\u00a0Romanesque and Gothic\u00a0cathedrals. Like an ancient door, carved\u00a0and embossed, &quot;&quot;Mosaic&quot;&quot;\u00a0brings classic architecture\u00a0into the modern home.A new radiator with a\u00a0design reminiscent of the\u00a0minimalist decor of the old\u00a0Romanesque and Gothic\u00a0cathedrals. Like an ancient door, carved\u00a0and embossed, &quot;&quot;Mosaic&quot;&quot;\u00a0brings classic architecture\u00a0into the modern home.Radiateur minimaliste dont le motif \u00e9voque les d\u00e9corations anciennes des cath\u00e9drales romanes et gothiques. \u201cMosaico\u201d comme un ancien portail sculpt\u00e9 et marquet\u00e9 \u00e0 bas-relief met en valeur avec ses d\u00e9corations une\u00a0architecture d\u2019int\u00e9rieur classique et moderneUn nuevo radiador cuyo dise\u00f1o tiene reminiscencias de las decoraciones de catedrales rom\u00e1nicas y g\u00f3ticas, como\u00a0un antiguo portal esculpido con incrustaciones en bajo relieve.\" \/>\n<meta name=\"robots\" content=\"index, follow, max-snippet:-1, max-image-preview:large, max-video-preview:-1\" \/>\n<link rel=\"canonical\" href=\"https:\/\/www.k8radiatori.it\/radiatori\/mosaico\/\" \/>\n<script type=\"application\/ld+json\" class=\"yoast-schema-graph\">{\"@context\":\"https:\/\/schema.org\",\"@graph\":[{\"@type\":\"WebPage\",\"@id\":\"https:\/\/www.k8radiatori.it\/radiatori\/mosaico\/\",\"url\":\"https:\/\/www.k8radiatori.it\/radiatori\/mosaico\/\",\"name\":\"Mosaico - K8 radiatori\",\"isPartOf\":{\"@id\":\"https:\/\/www.k8radiatori.it\/de\/#website\"},\"datePublished\":\"2015-12-25T08:39:16+00:00\",\"dateModified\":\"2023-06-28T17:33:06+00:00\",\"description\":\"E\u2019 un termosifone minimale il\u00a0cui disegno ricorda le antiche\u00a0decorazioni di cattedrali\u00a0romaniche e gotiche. \u201cMosaico\u201d, come un antico\u00a0portale scolpito ed intarsiato\u00a0a bassorilievo, impreziosisce\u00a0con le sue decorazioni,\u00a0ambienti ed architetture\u00a0classiche e moderne.A new radiator with a\u00a0design reminiscent of the\u00a0minimalist decor of the old\u00a0Romanesque and Gothic\u00a0cathedrals. Like an ancient door, carved\u00a0and embossed, \\\"\\\"Mosaic\\\"\\\"\u00a0brings classic architecture\u00a0into the modern home.A new radiator with a\u00a0design reminiscent of the\u00a0minimalist decor of the old\u00a0Romanesque and Gothic\u00a0cathedrals. Like an ancient door, carved\u00a0and embossed, \\\"\\\"Mosaic\\\"\\\"\u00a0brings classic architecture\u00a0into the modern home.Radiateur minimaliste dont le motif \u00e9voque les d\u00e9corations anciennes des cath\u00e9drales romanes et gothiques. \u201cMosaico\u201d comme un ancien portail sculpt\u00e9 et marquet\u00e9 \u00e0 bas-relief met en valeur avec ses d\u00e9corations une\u00a0architecture d\u2019int\u00e9rieur classique et moderneUn nuevo radiador cuyo dise\u00f1o tiene reminiscencias de las decoraciones de catedrales rom\u00e1nicas y g\u00f3ticas, como\u00a0un antiguo portal esculpido con incrustaciones en bajo relieve.\",\"breadcrumb\":{\"@id\":\"https:\/\/www.k8radiatori.it\/radiatori\/mosaico\/#breadcrumb\"},\"inLanguage\":\"es\",\"potentialAction\":[{\"@type\":\"ReadAction\",\"target\":[\"https:\/\/www.k8radiatori.it\/radiatori\/mosaico\/\"]}]},{\"@type\":\"BreadcrumbList\",\"@id\":\"https:\/\/www.k8radiatori.it\/radiatori\/mosaico\/#breadcrumb\",\"itemListElement\":[{\"@type\":\"ListItem\",\"position\":1,\"name\":\"Home\",\"item\":\"https:\/\/www.k8radiatori.it\/\"},{\"@type\":\"ListItem\",\"position\":2,\"name\":\"Shop\",\"item\":\"https:\/\/www.k8radiatori.it\/de\/negozio\/\"},{\"@type\":\"ListItem\",\"position\":3,\"name\":\"Mosaico\"}]},{\"@type\":\"WebSite\",\"@id\":\"https:\/\/www.k8radiatori.it\/de\/#website\",\"url\":\"https:\/\/www.k8radiatori.it\/de\/\",\"name\":\"K8 radiatori\",\"description\":\"K8 radiatori\",\"publisher\":{\"@id\":\"https:\/\/www.k8radiatori.it\/de\/#organization\"},\"potentialAction\":[{\"@type\":\"SearchAction\",\"target\":{\"@type\":\"EntryPoint\",\"urlTemplate\":\"https:\/\/www.k8radiatori.it\/de\/?s={search_term_string}\"},\"query-input\":\"required name=search_term_string\"}],\"inLanguage\":\"es\"},{\"@type\":\"Organization\",\"@id\":\"https:\/\/www.k8radiatori.it\/de\/#organization\",\"name\":\"K8 radiatori\",\"url\":\"https:\/\/www.k8radiatori.it\/de\/\",\"logo\":{\"@type\":\"ImageObject\",\"inLanguage\":\"es\",\"@id\":\"https:\/\/www.k8radiatori.it\/de\/#\/schema\/logo\/image\/\",\"url\":\"https:\/\/www.k8radiatori.it\/wp-content\/uploads\/2016\/03\/logo.png\",\"contentUrl\":\"https:\/\/www.k8radiatori.it\/wp-content\/uploads\/2016\/03\/logo.png\",\"width\":253,\"height\":283,\"caption\":\"K8 radiatori\"},\"image\":{\"@id\":\"https:\/\/www.k8radiatori.it\/de\/#\/schema\/logo\/image\/\"}}]}<\/script>\n<!-- \/ Yoast SEO plugin. -->","yoast_head_json":{"title":"Mosaico - K8 radiatori","description":"E\u2019 un termosifone minimale il\u00a0cui disegno ricorda le antiche\u00a0decorazioni di cattedrali\u00a0romaniche e gotiche. \u201cMosaico\u201d, come un antico\u00a0portale scolpito ed intarsiato\u00a0a bassorilievo, impreziosisce\u00a0con le sue decorazioni,\u00a0ambienti ed architetture\u00a0classiche e moderne.A new radiator with a\u00a0design reminiscent of the\u00a0minimalist decor of the old\u00a0Romanesque and Gothic\u00a0cathedrals. Like an ancient door, carved\u00a0and embossed, \"\"Mosaic\"\"\u00a0brings classic architecture\u00a0into the modern home.A new radiator with a\u00a0design reminiscent of the\u00a0minimalist decor of the old\u00a0Romanesque and Gothic\u00a0cathedrals. Like an ancient door, carved\u00a0and embossed, \"\"Mosaic\"\"\u00a0brings classic architecture\u00a0into the modern home.Radiateur minimaliste dont le motif \u00e9voque les d\u00e9corations anciennes des cath\u00e9drales romanes et gothiques. \u201cMosaico\u201d comme un ancien portail sculpt\u00e9 et marquet\u00e9 \u00e0 bas-relief met en valeur avec ses d\u00e9corations une\u00a0architecture d\u2019int\u00e9rieur classique et moderneUn nuevo radiador cuyo dise\u00f1o tiene reminiscencias de las decoraciones de catedrales rom\u00e1nicas y g\u00f3ticas, como\u00a0un antiguo portal esculpido con incrustaciones en bajo relieve.","robots":{"index":"index","follow":"follow","max-snippet":"max-snippet:-1","max-image-preview":"max-image-preview:large","max-video-preview":"max-video-preview:-1"},"canonical":"https:\/\/www.k8radiatori.it\/radiatori\/mosaico\/","schema":{"@context":"https:\/\/schema.org","@graph":[{"@type":"WebPage","@id":"https:\/\/www.k8radiatori.it\/radiatori\/mosaico\/","url":"https:\/\/www.k8radiatori.it\/radiatori\/mosaico\/","name":"Mosaico - K8 radiatori","isPartOf":{"@id":"https:\/\/www.k8radiatori.it\/de\/#website"},"datePublished":"2015-12-25T08:39:16+00:00","dateModified":"2023-06-28T17:33:06+00:00","description":"E\u2019 un termosifone minimale il\u00a0cui disegno ricorda le antiche\u00a0decorazioni di cattedrali\u00a0romaniche e gotiche. \u201cMosaico\u201d, come un antico\u00a0portale scolpito ed intarsiato\u00a0a bassorilievo, impreziosisce\u00a0con le sue decorazioni,\u00a0ambienti ed architetture\u00a0classiche e moderne.A new radiator with a\u00a0design reminiscent of the\u00a0minimalist decor of the old\u00a0Romanesque and Gothic\u00a0cathedrals. Like an ancient door, carved\u00a0and embossed, \"\"Mosaic\"\"\u00a0brings classic architecture\u00a0into the modern home.A new radiator with a\u00a0design reminiscent of the\u00a0minimalist decor of the old\u00a0Romanesque and Gothic\u00a0cathedrals. Like an ancient door, carved\u00a0and embossed, \"\"Mosaic\"\"\u00a0brings classic architecture\u00a0into the modern home.Radiateur minimaliste dont le motif \u00e9voque les d\u00e9corations anciennes des cath\u00e9drales romanes et gothiques. \u201cMosaico\u201d comme un ancien portail sculpt\u00e9 et marquet\u00e9 \u00e0 bas-relief met en valeur avec ses d\u00e9corations une\u00a0architecture d\u2019int\u00e9rieur classique et moderneUn nuevo radiador cuyo dise\u00f1o tiene reminiscencias de las decoraciones de catedrales rom\u00e1nicas y g\u00f3ticas, como\u00a0un antiguo portal esculpido con incrustaciones en bajo relieve.","breadcrumb":{"@id":"https:\/\/www.k8radiatori.it\/radiatori\/mosaico\/#breadcrumb"},"inLanguage":"es","potentialAction":[{"@type":"ReadAction","target":["https:\/\/www.k8radiatori.it\/radiatori\/mosaico\/"]}]},{"@type":"BreadcrumbList","@id":"https:\/\/www.k8radiatori.it\/radiatori\/mosaico\/#breadcrumb","itemListElement":[{"@type":"ListItem","position":1,"name":"Home","item":"https:\/\/www.k8radiatori.it\/"},{"@type":"ListItem","position":2,"name":"Shop","item":"https:\/\/www.k8radiatori.it\/de\/negozio\/"},{"@type":"ListItem","position":3,"name":"Mosaico"}]},{"@type":"WebSite","@id":"https:\/\/www.k8radiatori.it\/de\/#website","url":"https:\/\/www.k8radiatori.it\/de\/","name":"K8 radiatori","description":"K8 radiatori","publisher":{"@id":"https:\/\/www.k8radiatori.it\/de\/#organization"},"potentialAction":[{"@type":"SearchAction","target":{"@type":"EntryPoint","urlTemplate":"https:\/\/www.k8radiatori.it\/de\/?s={search_term_string}"},"query-input":"required name=search_term_string"}],"inLanguage":"es"},{"@type":"Organization","@id":"https:\/\/www.k8radiatori.it\/de\/#organization","name":"K8 radiatori","url":"https:\/\/www.k8radiatori.it\/de\/","logo":{"@type":"ImageObject","inLanguage":"es","@id":"https:\/\/www.k8radiatori.it\/de\/#\/schema\/logo\/image\/","url":"https:\/\/www.k8radiatori.it\/wp-content\/uploads\/2016\/03\/logo.png","contentUrl":"https:\/\/www.k8radiatori.it\/wp-content\/uploads\/2016\/03\/logo.png","width":253,"height":283,"caption":"K8 radiatori"},"image":{"@id":"https:\/\/www.k8radiatori.it\/de\/#\/schema\/logo\/image\/"}}]}},"_links":{"self":[{"href":"https:\/\/www.k8radiatori.it\/es\/wp-json\/wp\/v3\/product\/571"}],"collection":[{"href":"https:\/\/www.k8radiatori.it\/es\/wp-json\/wp\/v3\/product"}],"about":[{"href":"https:\/\/www.k8radiatori.it\/es\/wp-json\/wp\/v2\/types\/product"}],"replies":[{"embeddable":true,"href":"https:\/\/www.k8radiatori.it\/es\/wp-json\/wp\/v2\/comments?post=571"}],"wp:featuredmedia":[{"embeddable":true,"href":"https:\/\/www.k8radiatori.it\/es\/wp-json\/wp\/v2\/media\/1092"}],"wp:attachment":[{"href":"https:\/\/www.k8radiatori.it\/es\/wp-json\/wp\/v2\/media?parent=571"}],"wp:term":[{"taxonomy":"product_cat","embeddable":true,"href":"https:\/\/www.k8radiatori.it\/es\/wp-json\/wp\/v2\/product_cat?post=571"},{"taxonomy":"product_tag","embeddable":true,"href":"https:\/\/www.k8radiatori.it\/es\/wp-json\/wp\/v2\/product_tag?post=571"}],"curies":[{"name":"wp","href":"https:\/\/api.w.org\/{rel}","templated":true}]}}