{"id":565,"date":"2015-12-25T09:26:04","date_gmt":"2015-12-25T08:26:04","guid":{"rendered":"http:\/\/www.k8radiatori.it\/en\/?post_type=product&#038;p=565"},"modified":"2023-06-28T19:05:42","modified_gmt":"2023-06-28T17:05:42","slug":"bamboo","status":"publish","type":"product","link":"https:\/\/www.k8radiatori.it\/es\/radiatori\/bamboo\/","title":{"rendered":"Bamboo"},"content":{"rendered":"<p><strong><a href=\"http:\/\/www.k8radiatori.it\/wp-content\/uploads\/2016\/07\/Mosaico-Circle.pdf\" target=\"_blank\">Scarica qui le specifiche tecniche del radiatore<\/a><\/strong><\/p>\n<p><a href=\"\/contatti\/\">Su richiesta \u00e8 possibile avere schede dettagliate sul prodotto<\/a><\/p>\n<p><a href=\"http:\/\/www.k8radiatori.it\/wp-content\/uploads\/2016\/07\/Bamboo-BambooEvolution.jpg\"><img decoding=\"async\" loading=\"lazy\" class=\"size-full wp-image-1203 alignleft\" src=\"http:\/\/www.k8radiatori.it\/wp-content\/uploads\/2016\/07\/Bamboo-BambooEvolution.jpg\" alt=\"Disegno Bamboo\/Bamboo Evolution\" width=\"242\" height=\"490\" srcset=\"https:\/\/www.k8radiatori.it\/wp-content\/uploads\/2016\/07\/Bamboo-BambooEvolution.jpg 242w, https:\/\/www.k8radiatori.it\/wp-content\/uploads\/2016\/07\/Bamboo-BambooEvolution-198x400.jpg 198w\" sizes=\"(max-width: 242px) 100vw, 242px\" \/><\/a><\/p>\n<p>&nbsp;<\/p>","protected":false},"excerpt":{"rendered":"<p>Radiador de dise\u00f1o minimalista y elegante.Inspirado directamente de la\u00a0naturaleza, recuerda las formas de un bosque de bamb\u00fa.<\/p>\n<p>Realizado en un\u00a0\u00fanico m\u00f3dulo con dos dibujos diferentes (frontal\/posterior), y en un solo\u00a0proceso de producci\u00f3n, nunca se crear\u00e1n dos radiadores con id\u00e9ntico\u00a0dise\u00f1o, al igual que pasa en la naturaleza.<\/p>\n<p>Su dise\u00f1o atemporal permite su\u00a0combinaci\u00f3n tanto en ambientes modernos como cl\u00e1sicos.<\/p>\n","protected":false},"featured_media":1090,"comment_status":"closed","ping_status":"closed","template":"","meta":[],"product_cat":[28],"product_tag":[111,48],"yoast_head":"<!-- This site is optimized with the Yoast SEO plugin v20.8 - https:\/\/yoast.com\/wordpress\/plugins\/seo\/ -->\n<title>Bamboo - K8 radiatori<\/title>\n<meta name=\"description\" content=\"\u00c8 un termosifone dal design minimale, elegante e prezioso. Si ispira direttamente alla natura\u00a0ricordando le forme slanciate\u00a0di una foresta di bamb\u00f9. Realizzato in un unico\u00a0modulo con due differenti\u00a0disegni (fronte\/retro),\u00a0consente molteplici assemblaggi\u00a0ed infiniti ritmi. Questa peculiarit\u00e0 garantisce\u00a0l\u2019impossibilit\u00e0 di avere due\u00a0termosifoni identici. Il suo design atemporale\u00a0legato al mondo della natura\u00a0permette un armonioso\u00a0inserimento sia in ambienti\u00a0moderni che classiciDirectly inspired by the\u00a0slender growth of a forest\u00a0of bamboo, this radiator is\u00a0both minimalistic and\u00a0elegant.  By using a unique\u00a0production process, no two\u00a0radiators will ever be created\u00a0with \u00a0exactly the same\u00a0design; as would be found\u00a0in nature.  It harmoniously\u00a0brings the world of nature,\u00a0n a modern and classic\u00a0form, in to the home.Directly inspired by the\u00a0slender growth of a forest\u00a0of bamboo, this radiator is\u00a0both minimalistic and\u00a0elegant.  By using a unique\u00a0production process, no two\u00a0radiators will ever be created\u00a0with exactly the same\u00a0design; as would be found\u00a0in nature.  It harmoniously\u00a0brings the world of nature,\u00a0n a modern and classic\u00a0form, in to the home.Un design minimaliste \u00e9l\u00e9gant et pr\u00e9cieux pour un radiateur qui s\u2019inspire \u00a0directement de la nature en \u00e9voquant les formes \u00e9lanc\u00e9es d\u2019une for\u00eat de\u00a0bambous.  R\u00e9alis\u00e9 en un seul module avec deux motifs diff\u00e9rents\u00a0(face et dos) il permet une multitude de combinaisons et des rythmes infinis.  Cette sp\u00e9cificit\u00e9 garantie l\u2019impossibilit\u00e9 d\u2019avoir deux radiateurs pareils.  Son design intemporel li\u00e9 au monde v\u00e9g\u00e9tal s\u2019int\u00e8gre aussi bien dans une\u00a0ambiance moderne que classiqueRadiador de dise\u00f1o minimalista y elegante.Inspirado directamente de la\u00a0naturaleza, recuerda las formas de un bosque de bamb\u00fa.  Realizado en un\u00a0\u00fanico m\u00f3dulo con dos dibujos diferentes (frontal\/posterior), y en un solo\u00a0proceso de producci\u00f3n, nunca se crear\u00e1n dos radiadores con id\u00e9ntico\u00a0dise\u00f1o, al igual que pasa en la naturaleza.  Su dise\u00f1o atemporal permite su\u00a0combinaci\u00f3n tanto en ambientes modernos como cl\u00e1sicos.\" \/>\n<meta name=\"robots\" content=\"index, follow, max-snippet:-1, max-image-preview:large, max-video-preview:-1\" \/>\n<link rel=\"canonical\" href=\"https:\/\/www.k8radiatori.it\/radiatori\/bamboo\/\" \/>\n<script type=\"application\/ld+json\" class=\"yoast-schema-graph\">{\"@context\":\"https:\/\/schema.org\",\"@graph\":[{\"@type\":\"WebPage\",\"@id\":\"https:\/\/www.k8radiatori.it\/radiatori\/bamboo\/\",\"url\":\"https:\/\/www.k8radiatori.it\/radiatori\/bamboo\/\",\"name\":\"Bamboo - K8 radiatori\",\"isPartOf\":{\"@id\":\"https:\/\/www.k8radiatori.it\/de\/#website\"},\"datePublished\":\"2015-12-25T08:26:04+00:00\",\"dateModified\":\"2023-06-28T17:05:42+00:00\",\"description\":\"\u00c8 un termosifone dal design minimale, elegante e prezioso. Si ispira direttamente alla natura\u00a0ricordando le forme slanciate\u00a0di una foresta di bamb\u00f9. Realizzato in un unico\u00a0modulo con due differenti\u00a0disegni (fronte\/retro),\u00a0consente molteplici assemblaggi\u00a0ed infiniti ritmi. Questa peculiarit\u00e0 garantisce\u00a0l\u2019impossibilit\u00e0 di avere due\u00a0termosifoni identici. Il suo design atemporale\u00a0legato al mondo della natura\u00a0permette un armonioso\u00a0inserimento sia in ambienti\u00a0moderni che classiciDirectly inspired by the\u00a0slender growth of a forest\u00a0of bamboo, this radiator is\u00a0both minimalistic and\u00a0elegant. By using a unique\u00a0production process, no two\u00a0radiators will ever be created\u00a0with \u00a0exactly the same\u00a0design; as would be found\u00a0in nature. It harmoniously\u00a0brings the world of nature,\u00a0n a modern and classic\u00a0form, in to the home.Directly inspired by the\u00a0slender growth of a forest\u00a0of bamboo, this radiator is\u00a0both minimalistic and\u00a0elegant. By using a unique\u00a0production process, no two\u00a0radiators will ever be created\u00a0with exactly the same\u00a0design; as would be found\u00a0in nature. It harmoniously\u00a0brings the world of nature,\u00a0n a modern and classic\u00a0form, in to the home.Un design minimaliste \u00e9l\u00e9gant et pr\u00e9cieux pour un radiateur qui s\u2019inspire \u00a0directement de la nature en \u00e9voquant les formes \u00e9lanc\u00e9es d\u2019une for\u00eat de\u00a0bambous. R\u00e9alis\u00e9 en un seul module avec deux motifs diff\u00e9rents\u00a0(face et dos) il permet une multitude de combinaisons et des rythmes infinis. Cette sp\u00e9cificit\u00e9 garantie l\u2019impossibilit\u00e9 d\u2019avoir deux radiateurs pareils. Son design intemporel li\u00e9 au monde v\u00e9g\u00e9tal s\u2019int\u00e8gre aussi bien dans une\u00a0ambiance moderne que classiqueRadiador de dise\u00f1o minimalista y elegante.Inspirado directamente de la\u00a0naturaleza, recuerda las formas de un bosque de bamb\u00fa. Realizado en un\u00a0\u00fanico m\u00f3dulo con dos dibujos diferentes (frontal\/posterior), y en un solo\u00a0proceso de producci\u00f3n, nunca se crear\u00e1n dos radiadores con id\u00e9ntico\u00a0dise\u00f1o, al igual que pasa en la naturaleza. Su dise\u00f1o atemporal permite su\u00a0combinaci\u00f3n tanto en ambientes modernos como cl\u00e1sicos.\",\"breadcrumb\":{\"@id\":\"https:\/\/www.k8radiatori.it\/radiatori\/bamboo\/#breadcrumb\"},\"inLanguage\":\"es\",\"potentialAction\":[{\"@type\":\"ReadAction\",\"target\":[\"https:\/\/www.k8radiatori.it\/radiatori\/bamboo\/\"]}]},{\"@type\":\"BreadcrumbList\",\"@id\":\"https:\/\/www.k8radiatori.it\/radiatori\/bamboo\/#breadcrumb\",\"itemListElement\":[{\"@type\":\"ListItem\",\"position\":1,\"name\":\"Home\",\"item\":\"https:\/\/www.k8radiatori.it\/\"},{\"@type\":\"ListItem\",\"position\":2,\"name\":\"Shop\",\"item\":\"https:\/\/www.k8radiatori.it\/de\/negozio\/\"},{\"@type\":\"ListItem\",\"position\":3,\"name\":\"Bamboo\"}]},{\"@type\":\"WebSite\",\"@id\":\"https:\/\/www.k8radiatori.it\/de\/#website\",\"url\":\"https:\/\/www.k8radiatori.it\/de\/\",\"name\":\"K8 radiatori\",\"description\":\"K8 radiatori\",\"publisher\":{\"@id\":\"https:\/\/www.k8radiatori.it\/de\/#organization\"},\"potentialAction\":[{\"@type\":\"SearchAction\",\"target\":{\"@type\":\"EntryPoint\",\"urlTemplate\":\"https:\/\/www.k8radiatori.it\/de\/?s={search_term_string}\"},\"query-input\":\"required name=search_term_string\"}],\"inLanguage\":\"es\"},{\"@type\":\"Organization\",\"@id\":\"https:\/\/www.k8radiatori.it\/de\/#organization\",\"name\":\"K8 radiatori\",\"url\":\"https:\/\/www.k8radiatori.it\/de\/\",\"logo\":{\"@type\":\"ImageObject\",\"inLanguage\":\"es\",\"@id\":\"https:\/\/www.k8radiatori.it\/de\/#\/schema\/logo\/image\/\",\"url\":\"https:\/\/www.k8radiatori.it\/wp-content\/uploads\/2016\/03\/logo.png\",\"contentUrl\":\"https:\/\/www.k8radiatori.it\/wp-content\/uploads\/2016\/03\/logo.png\",\"width\":253,\"height\":283,\"caption\":\"K8 radiatori\"},\"image\":{\"@id\":\"https:\/\/www.k8radiatori.it\/de\/#\/schema\/logo\/image\/\"}}]}<\/script>\n<!-- \/ Yoast SEO plugin. -->","yoast_head_json":{"title":"Bamboo - K8 radiatori","description":"\u00c8 un termosifone dal design minimale, elegante e prezioso. Si ispira direttamente alla natura\u00a0ricordando le forme slanciate\u00a0di una foresta di bamb\u00f9. Realizzato in un unico\u00a0modulo con due differenti\u00a0disegni (fronte\/retro),\u00a0consente molteplici assemblaggi\u00a0ed infiniti ritmi. Questa peculiarit\u00e0 garantisce\u00a0l\u2019impossibilit\u00e0 di avere due\u00a0termosifoni identici. Il suo design atemporale\u00a0legato al mondo della natura\u00a0permette un armonioso\u00a0inserimento sia in ambienti\u00a0moderni che classiciDirectly inspired by the\u00a0slender growth of a forest\u00a0of bamboo, this radiator is\u00a0both minimalistic and\u00a0elegant.  By using a unique\u00a0production process, no two\u00a0radiators will ever be created\u00a0with \u00a0exactly the same\u00a0design; as would be found\u00a0in nature.  It harmoniously\u00a0brings the world of nature,\u00a0n a modern and classic\u00a0form, in to the home.Directly inspired by the\u00a0slender growth of a forest\u00a0of bamboo, this radiator is\u00a0both minimalistic and\u00a0elegant.  By using a unique\u00a0production process, no two\u00a0radiators will ever be created\u00a0with exactly the same\u00a0design; as would be found\u00a0in nature.  It harmoniously\u00a0brings the world of nature,\u00a0n a modern and classic\u00a0form, in to the home.Un design minimaliste \u00e9l\u00e9gant et pr\u00e9cieux pour un radiateur qui s\u2019inspire \u00a0directement de la nature en \u00e9voquant les formes \u00e9lanc\u00e9es d\u2019une for\u00eat de\u00a0bambous.  R\u00e9alis\u00e9 en un seul module avec deux motifs diff\u00e9rents\u00a0(face et dos) il permet une multitude de combinaisons et des rythmes infinis.  Cette sp\u00e9cificit\u00e9 garantie l\u2019impossibilit\u00e9 d\u2019avoir deux radiateurs pareils.  Son design intemporel li\u00e9 au monde v\u00e9g\u00e9tal s\u2019int\u00e8gre aussi bien dans une\u00a0ambiance moderne que classiqueRadiador de dise\u00f1o minimalista y elegante.Inspirado directamente de la\u00a0naturaleza, recuerda las formas de un bosque de bamb\u00fa.  Realizado en un\u00a0\u00fanico m\u00f3dulo con dos dibujos diferentes (frontal\/posterior), y en un solo\u00a0proceso de producci\u00f3n, nunca se crear\u00e1n dos radiadores con id\u00e9ntico\u00a0dise\u00f1o, al igual que pasa en la naturaleza.  Su dise\u00f1o atemporal permite su\u00a0combinaci\u00f3n tanto en ambientes modernos como cl\u00e1sicos.","robots":{"index":"index","follow":"follow","max-snippet":"max-snippet:-1","max-image-preview":"max-image-preview:large","max-video-preview":"max-video-preview:-1"},"canonical":"https:\/\/www.k8radiatori.it\/radiatori\/bamboo\/","schema":{"@context":"https:\/\/schema.org","@graph":[{"@type":"WebPage","@id":"https:\/\/www.k8radiatori.it\/radiatori\/bamboo\/","url":"https:\/\/www.k8radiatori.it\/radiatori\/bamboo\/","name":"Bamboo - K8 radiatori","isPartOf":{"@id":"https:\/\/www.k8radiatori.it\/de\/#website"},"datePublished":"2015-12-25T08:26:04+00:00","dateModified":"2023-06-28T17:05:42+00:00","description":"\u00c8 un termosifone dal design minimale, elegante e prezioso. Si ispira direttamente alla natura\u00a0ricordando le forme slanciate\u00a0di una foresta di bamb\u00f9. Realizzato in un unico\u00a0modulo con due differenti\u00a0disegni (fronte\/retro),\u00a0consente molteplici assemblaggi\u00a0ed infiniti ritmi. Questa peculiarit\u00e0 garantisce\u00a0l\u2019impossibilit\u00e0 di avere due\u00a0termosifoni identici. Il suo design atemporale\u00a0legato al mondo della natura\u00a0permette un armonioso\u00a0inserimento sia in ambienti\u00a0moderni che classiciDirectly inspired by the\u00a0slender growth of a forest\u00a0of bamboo, this radiator is\u00a0both minimalistic and\u00a0elegant. By using a unique\u00a0production process, no two\u00a0radiators will ever be created\u00a0with \u00a0exactly the same\u00a0design; as would be found\u00a0in nature. It harmoniously\u00a0brings the world of nature,\u00a0n a modern and classic\u00a0form, in to the home.Directly inspired by the\u00a0slender growth of a forest\u00a0of bamboo, this radiator is\u00a0both minimalistic and\u00a0elegant. By using a unique\u00a0production process, no two\u00a0radiators will ever be created\u00a0with exactly the same\u00a0design; as would be found\u00a0in nature. It harmoniously\u00a0brings the world of nature,\u00a0n a modern and classic\u00a0form, in to the home.Un design minimaliste \u00e9l\u00e9gant et pr\u00e9cieux pour un radiateur qui s\u2019inspire \u00a0directement de la nature en \u00e9voquant les formes \u00e9lanc\u00e9es d\u2019une for\u00eat de\u00a0bambous. R\u00e9alis\u00e9 en un seul module avec deux motifs diff\u00e9rents\u00a0(face et dos) il permet une multitude de combinaisons et des rythmes infinis. Cette sp\u00e9cificit\u00e9 garantie l\u2019impossibilit\u00e9 d\u2019avoir deux radiateurs pareils. Son design intemporel li\u00e9 au monde v\u00e9g\u00e9tal s\u2019int\u00e8gre aussi bien dans une\u00a0ambiance moderne que classiqueRadiador de dise\u00f1o minimalista y elegante.Inspirado directamente de la\u00a0naturaleza, recuerda las formas de un bosque de bamb\u00fa. Realizado en un\u00a0\u00fanico m\u00f3dulo con dos dibujos diferentes (frontal\/posterior), y en un solo\u00a0proceso de producci\u00f3n, nunca se crear\u00e1n dos radiadores con id\u00e9ntico\u00a0dise\u00f1o, al igual que pasa en la naturaleza. Su dise\u00f1o atemporal permite su\u00a0combinaci\u00f3n tanto en ambientes modernos como cl\u00e1sicos.","breadcrumb":{"@id":"https:\/\/www.k8radiatori.it\/radiatori\/bamboo\/#breadcrumb"},"inLanguage":"es","potentialAction":[{"@type":"ReadAction","target":["https:\/\/www.k8radiatori.it\/radiatori\/bamboo\/"]}]},{"@type":"BreadcrumbList","@id":"https:\/\/www.k8radiatori.it\/radiatori\/bamboo\/#breadcrumb","itemListElement":[{"@type":"ListItem","position":1,"name":"Home","item":"https:\/\/www.k8radiatori.it\/"},{"@type":"ListItem","position":2,"name":"Shop","item":"https:\/\/www.k8radiatori.it\/de\/negozio\/"},{"@type":"ListItem","position":3,"name":"Bamboo"}]},{"@type":"WebSite","@id":"https:\/\/www.k8radiatori.it\/de\/#website","url":"https:\/\/www.k8radiatori.it\/de\/","name":"K8 radiatori","description":"K8 radiatori","publisher":{"@id":"https:\/\/www.k8radiatori.it\/de\/#organization"},"potentialAction":[{"@type":"SearchAction","target":{"@type":"EntryPoint","urlTemplate":"https:\/\/www.k8radiatori.it\/de\/?s={search_term_string}"},"query-input":"required name=search_term_string"}],"inLanguage":"es"},{"@type":"Organization","@id":"https:\/\/www.k8radiatori.it\/de\/#organization","name":"K8 radiatori","url":"https:\/\/www.k8radiatori.it\/de\/","logo":{"@type":"ImageObject","inLanguage":"es","@id":"https:\/\/www.k8radiatori.it\/de\/#\/schema\/logo\/image\/","url":"https:\/\/www.k8radiatori.it\/wp-content\/uploads\/2016\/03\/logo.png","contentUrl":"https:\/\/www.k8radiatori.it\/wp-content\/uploads\/2016\/03\/logo.png","width":253,"height":283,"caption":"K8 radiatori"},"image":{"@id":"https:\/\/www.k8radiatori.it\/de\/#\/schema\/logo\/image\/"}}]}},"_links":{"self":[{"href":"https:\/\/www.k8radiatori.it\/es\/wp-json\/wp\/v3\/product\/565"}],"collection":[{"href":"https:\/\/www.k8radiatori.it\/es\/wp-json\/wp\/v3\/product"}],"about":[{"href":"https:\/\/www.k8radiatori.it\/es\/wp-json\/wp\/v2\/types\/product"}],"replies":[{"embeddable":true,"href":"https:\/\/www.k8radiatori.it\/es\/wp-json\/wp\/v2\/comments?post=565"}],"wp:featuredmedia":[{"embeddable":true,"href":"https:\/\/www.k8radiatori.it\/es\/wp-json\/wp\/v2\/media\/1090"}],"wp:attachment":[{"href":"https:\/\/www.k8radiatori.it\/es\/wp-json\/wp\/v2\/media?parent=565"}],"wp:term":[{"taxonomy":"product_cat","embeddable":true,"href":"https:\/\/www.k8radiatori.it\/es\/wp-json\/wp\/v2\/product_cat?post=565"},{"taxonomy":"product_tag","embeddable":true,"href":"https:\/\/www.k8radiatori.it\/es\/wp-json\/wp\/v2\/product_tag?post=565"}],"curies":[{"name":"wp","href":"https:\/\/api.w.org\/{rel}","templated":true}]}}