{"id":552,"date":"2015-12-25T07:49:58","date_gmt":"2015-12-25T06:49:58","guid":{"rendered":"http:\/\/www.k8radiatori.it\/en\/?post_type=product&#038;p=552"},"modified":"2023-06-28T19:51:53","modified_gmt":"2023-06-28T17:51:53","slug":"trama","status":"publish","type":"product","link":"https:\/\/www.k8radiatori.it\/es\/radiatori\/trama\/","title":{"rendered":"Trama"},"content":{"rendered":"<p><strong><a href=\"http:\/\/www.k8radiatori.it\/wp-content\/uploads\/2016\/07\/Spekkio-Trama-Wall1.pdf\" target=\"_blank\">Scarica qui le specifiche tecniche del radiatore<\/a><\/strong><\/p>\n<p><a href=\"\/contatti\/\">Su richiesta \u00e8 possibile avere schede dettagliate sul prodotto<\/a><\/p>\n<p><a href=\"http:\/\/www.k8radiatori.it\/wp-content\/uploads\/2016\/07\/Trama.jpg\"><img decoding=\"async\" loading=\"lazy\" class=\"size-full wp-image-1225 alignleft\" src=\"http:\/\/www.k8radiatori.it\/wp-content\/uploads\/2016\/07\/Trama.jpg\" alt=\"Immagine radiatore Trama\" width=\"264\" height=\"572\" srcset=\"https:\/\/www.k8radiatori.it\/wp-content\/uploads\/2016\/07\/Trama.jpg 264w, https:\/\/www.k8radiatori.it\/wp-content\/uploads\/2016\/07\/Trama-185x400.jpg 185w\" sizes=\"(max-width: 264px) 100vw, 264px\" \/><\/a><\/p>\n<p>&nbsp;<\/p>\n<p>&nbsp;<\/p>","protected":false},"excerpt":{"rendered":"<p>Trama, es un radiador con un dise\u00f1o m\u00ednimo. Caracterizado por un dise\u00f1o\u00a0coloreado y din\u00e1mico que encrespa la superficie blanca del plano. Su\u00a0particularidad est\u00e1 conectada con el efecto de profundidad debida a la\u00a0elaboraci\u00f3n en dos planos paralelos. El plano externo, blanco brillante\u00a0ha sido perforado como un tejido bordado simple y din\u00e1mico.<br \/>\nEl plano inferior est\u00e1 caracterizado por coloraciones \u00e1cidas y modernas.\u00a0Trama es un radiador que se integra en los ambientes dom\u00e9sticos de\u00a0forma contempor\u00e1nea y firme, dialogando con las decoraciones\u00a0coloreadas y modernas del nuevo dise\u00f1o contempor\u00e1neo.<br \/>\nDisponible en varios colores y acabados.<br \/>\nEl dise\u00f1o esencial, el contraste entre dos superficies y entre dos\u00a0colores, el detalle de la caperuza cubrerespiradero TRAMA valoriza\u00a0ambientes modernos y es protagonista indiscutido de la escena.<\/p>\n","protected":false},"featured_media":1104,"comment_status":"closed","ping_status":"closed","template":"","meta":[],"product_cat":[28],"product_tag":[48,109],"yoast_head":"<!-- This site is optimized with the Yoast SEO plugin v20.8 - https:\/\/yoast.com\/wordpress\/plugins\/seo\/ -->\n<title>Trama - K8 radiatori<\/title>\n<meta name=\"description\" content=\"Trama, \u00e8 un calorifero dal design minimale,caratterizzato da un disegno\u00a0colorato e dinamico che increspa la superficie bianca del piano. La sua particolarit\u00e0 \u00e8 legata all\u2019effetto di profondit\u00e0 dato dalla lavorazione\u00a0su due piani paralleli. Il piano esterno, bianco lucido, \u00e8 traforato come\u00a0un tessuto da un ricamo semplice e dinamico. Il piano sottostante, \u00e8 caratterizzato da colorazioni acide e moderne. Trama \u00e8 un calorifero che si inserisce negli ambienti domestici in modo\u00a0contemporaneo e deciso, dialogando con gli arredi colorati e moderni\u00a0del nuovo design contemporaneo. Disponibile in diversi colori e finiture. Il design essenziale, il contrasto tra due superfici e fra due colori, il\u00a0dettaglio del cappuccio coprisfiato, TRAMA valorizza ambienti moderni\u00a0e si erge a protagonista indiscusso della scena.Trama, is a minimal designed radiator, featuring a coloured and dynamic\u00a0design, changing the white top surface. Its peculiarity depends on the\u00a0depth effect depending on the two parallel tops. The external top, bright\u00a0white, is drilled as a simple and dynamic embroidered fabric. The underneath top features frosted and modern patterns. Trama is a\u00a0radiator to be used in contemporary ambiences, standing out as a unique\u00a0unit, perfectly mixed with the coloured and modern new designed\u00a0accessories. Available in different colours and finishes. The essential design, the contrast between two surfaces and two\u00a0colours, the detail of the vent cover, TRAMA enhances the modern\u00a0ambiences and becomes the real scene protagonist.Trama, is a minimal designed radiator, featuring a coloured and dynamic\u00a0design, changing the white top surface. Its peculiarity depends on the\u00a0depth effect depending on the two parallel tops. The external top, bright\u00a0white, is drilled as a simple and dynamic embroidered fabric. The underneath top features frosted and modern patterns. Trama is a\u00a0radiator to be used in contemporary ambiences, standing out as a unique\u00a0unit, perfectly mixed with the coloured and modern new designed\u00a0accessories. Available in different colours and finishes. The essential design, the contrast between two surfaces and two\u00a0colours, the detail of the vent cover, TRAMA enhances the modern\u00a0ambiences and becomes the real scene protagonist.Trama, c\u2019est un radiateur au dessin minimum, caract\u00e9ris\u00e9 par un dessin\u00a0color\u00e9 et dynamique qui change la surface blanche du dessus. Sa particularit\u00e9 est li\u00e9e \u00e0 l&#039;effet profondeur donn\u00e9e par l&#039;usinage de\u00a0deux dessus parall\u00e8les. Le dessus externe, blanc brillant, est perc\u00e9 tout\u00a0juste comme un tissu brod\u00e9 simple et dynamique. Le dessus au-dessous est caract\u00e9ris\u00e9 par des coloris acides et modernes. Trama est un radiateur qui s&#039;ins\u00e8re dans les ambiances domestiques\u00a0de fa\u00e7on contemporaine et forte, en se mixant parfaitement avec les\u00a0ameublements color\u00e9s et modernes au dessin unique. Disponible dans diff\u00e9rents coloris et dimensions. Dessin essentiel, le contraste entre deux surfaces et deux coloris, le\u00a0d\u00e9tails de la couverture de la d\u00e9charge, TRAMA valorise les ambiances\u00a0modernes et devient le v\u00e9ritable protagoniste de la salle.Trama, es un radiador con un dise\u00f1o m\u00ednimo. Caracterizado por un dise\u00f1o\u00a0coloreado y din\u00e1mico que encrespa la superficie blanca del plano. Su\u00a0particularidad est\u00e1 conectada con el efecto de profundidad debida a la\u00a0elaboraci\u00f3n en dos planos paralelos. El plano externo, blanco brillante\u00a0ha sido perforado como un tejido bordado simple y din\u00e1mico. El plano inferior est\u00e1 caracterizado por coloraciones \u00e1cidas y modernas.\u00a0Trama es un radiador que se integra en los ambientes dom\u00e9sticos de\u00a0forma contempor\u00e1nea y firme, dialogando con las decoraciones\u00a0coloreadas y modernas del nuevo dise\u00f1o contempor\u00e1neo. Disponible en varios colores y acabados. El dise\u00f1o esencial, el contraste entre dos superficies y entre dos\u00a0colores, el detalle de la caperuza cubrerespiradero TRAMA valoriza\u00a0ambientes modernos y es protagonista indiscutido de la escena.\" \/>\n<meta name=\"robots\" content=\"index, follow, max-snippet:-1, max-image-preview:large, max-video-preview:-1\" \/>\n<link rel=\"canonical\" href=\"https:\/\/www.k8radiatori.it\/fr\/radiatori\/trama\/\" \/>\n<script type=\"application\/ld+json\" class=\"yoast-schema-graph\">{\"@context\":\"https:\/\/schema.org\",\"@graph\":[{\"@type\":\"WebPage\",\"@id\":\"https:\/\/www.k8radiatori.it\/fr\/radiatori\/trama\/\",\"url\":\"https:\/\/www.k8radiatori.it\/fr\/radiatori\/trama\/\",\"name\":\"Trama - K8 radiatori\",\"isPartOf\":{\"@id\":\"https:\/\/www.k8radiatori.it\/de\/#website\"},\"datePublished\":\"2015-12-25T06:49:58+00:00\",\"dateModified\":\"2023-06-28T17:51:53+00:00\",\"description\":\"Trama, \u00e8 un calorifero dal design minimale,caratterizzato da un disegno\u00a0colorato e dinamico che increspa la superficie bianca del piano. La sua particolarit\u00e0 \u00e8 legata all\u2019effetto di profondit\u00e0 dato dalla lavorazione\u00a0su due piani paralleli. Il piano esterno, bianco lucido, \u00e8 traforato come\u00a0un tessuto da un ricamo semplice e dinamico. Il piano sottostante, \u00e8 caratterizzato da colorazioni acide e moderne. Trama \u00e8 un calorifero che si inserisce negli ambienti domestici in modo\u00a0contemporaneo e deciso, dialogando con gli arredi colorati e moderni\u00a0del nuovo design contemporaneo. Disponibile in diversi colori e finiture. Il design essenziale, il contrasto tra due superfici e fra due colori, il\u00a0dettaglio del cappuccio coprisfiato, TRAMA valorizza ambienti moderni\u00a0e si erge a protagonista indiscusso della scena.Trama, is a minimal designed radiator, featuring a coloured and dynamic\u00a0design, changing the white top surface. Its peculiarity depends on the\u00a0depth effect depending on the two parallel tops. The external top, bright\u00a0white, is drilled as a simple and dynamic embroidered fabric. The underneath top features frosted and modern patterns. Trama is a\u00a0radiator to be used in contemporary ambiences, standing out as a unique\u00a0unit, perfectly mixed with the coloured and modern new designed\u00a0accessories. Available in different colours and finishes. The essential design, the contrast between two surfaces and two\u00a0colours, the detail of the vent cover, TRAMA enhances the modern\u00a0ambiences and becomes the real scene protagonist.Trama, is a minimal designed radiator, featuring a coloured and dynamic\u00a0design, changing the white top surface. Its peculiarity depends on the\u00a0depth effect depending on the two parallel tops. The external top, bright\u00a0white, is drilled as a simple and dynamic embroidered fabric. The underneath top features frosted and modern patterns. Trama is a\u00a0radiator to be used in contemporary ambiences, standing out as a unique\u00a0unit, perfectly mixed with the coloured and modern new designed\u00a0accessories. Available in different colours and finishes. The essential design, the contrast between two surfaces and two\u00a0colours, the detail of the vent cover, TRAMA enhances the modern\u00a0ambiences and becomes the real scene protagonist.Trama, c\u2019est un radiateur au dessin minimum, caract\u00e9ris\u00e9 par un dessin\u00a0color\u00e9 et dynamique qui change la surface blanche du dessus. Sa particularit\u00e9 est li\u00e9e \u00e0 l'effet profondeur donn\u00e9e par l'usinage de\u00a0deux dessus parall\u00e8les. Le dessus externe, blanc brillant, est perc\u00e9 tout\u00a0juste comme un tissu brod\u00e9 simple et dynamique. Le dessus au-dessous est caract\u00e9ris\u00e9 par des coloris acides et modernes. Trama est un radiateur qui s'ins\u00e8re dans les ambiances domestiques\u00a0de fa\u00e7on contemporaine et forte, en se mixant parfaitement avec les\u00a0ameublements color\u00e9s et modernes au dessin unique. Disponible dans diff\u00e9rents coloris et dimensions. Dessin essentiel, le contraste entre deux surfaces et deux coloris, le\u00a0d\u00e9tails de la couverture de la d\u00e9charge, TRAMA valorise les ambiances\u00a0modernes et devient le v\u00e9ritable protagoniste de la salle.Trama, es un radiador con un dise\u00f1o m\u00ednimo. Caracterizado por un dise\u00f1o\u00a0coloreado y din\u00e1mico que encrespa la superficie blanca del plano. Su\u00a0particularidad est\u00e1 conectada con el efecto de profundidad debida a la\u00a0elaboraci\u00f3n en dos planos paralelos. El plano externo, blanco brillante\u00a0ha sido perforado como un tejido bordado simple y din\u00e1mico. El plano inferior est\u00e1 caracterizado por coloraciones \u00e1cidas y modernas.\u00a0Trama es un radiador que se integra en los ambientes dom\u00e9sticos de\u00a0forma contempor\u00e1nea y firme, dialogando con las decoraciones\u00a0coloreadas y modernas del nuevo dise\u00f1o contempor\u00e1neo. Disponible en varios colores y acabados. El dise\u00f1o esencial, el contraste entre dos superficies y entre dos\u00a0colores, el detalle de la caperuza cubrerespiradero TRAMA valoriza\u00a0ambientes modernos y es protagonista indiscutido de la escena.\",\"breadcrumb\":{\"@id\":\"https:\/\/www.k8radiatori.it\/fr\/radiatori\/trama\/#breadcrumb\"},\"inLanguage\":\"es\",\"potentialAction\":[{\"@type\":\"ReadAction\",\"target\":[\"https:\/\/www.k8radiatori.it\/fr\/radiatori\/trama\/\"]}]},{\"@type\":\"BreadcrumbList\",\"@id\":\"https:\/\/www.k8radiatori.it\/fr\/radiatori\/trama\/#breadcrumb\",\"itemListElement\":[{\"@type\":\"ListItem\",\"position\":1,\"name\":\"Home\",\"item\":\"https:\/\/www.k8radiatori.it\/\"},{\"@type\":\"ListItem\",\"position\":2,\"name\":\"Shop\",\"item\":\"https:\/\/www.k8radiatori.it\/de\/negozio\/\"},{\"@type\":\"ListItem\",\"position\":3,\"name\":\"Trama\"}]},{\"@type\":\"WebSite\",\"@id\":\"https:\/\/www.k8radiatori.it\/de\/#website\",\"url\":\"https:\/\/www.k8radiatori.it\/de\/\",\"name\":\"K8 radiatori\",\"description\":\"K8 radiatori\",\"publisher\":{\"@id\":\"https:\/\/www.k8radiatori.it\/de\/#organization\"},\"potentialAction\":[{\"@type\":\"SearchAction\",\"target\":{\"@type\":\"EntryPoint\",\"urlTemplate\":\"https:\/\/www.k8radiatori.it\/de\/?s={search_term_string}\"},\"query-input\":\"required name=search_term_string\"}],\"inLanguage\":\"es\"},{\"@type\":\"Organization\",\"@id\":\"https:\/\/www.k8radiatori.it\/de\/#organization\",\"name\":\"K8 radiatori\",\"url\":\"https:\/\/www.k8radiatori.it\/de\/\",\"logo\":{\"@type\":\"ImageObject\",\"inLanguage\":\"es\",\"@id\":\"https:\/\/www.k8radiatori.it\/de\/#\/schema\/logo\/image\/\",\"url\":\"https:\/\/www.k8radiatori.it\/wp-content\/uploads\/2016\/03\/logo.png\",\"contentUrl\":\"https:\/\/www.k8radiatori.it\/wp-content\/uploads\/2016\/03\/logo.png\",\"width\":253,\"height\":283,\"caption\":\"K8 radiatori\"},\"image\":{\"@id\":\"https:\/\/www.k8radiatori.it\/de\/#\/schema\/logo\/image\/\"}}]}<\/script>\n<!-- \/ Yoast SEO plugin. -->","yoast_head_json":{"title":"Trama - K8 radiatori","description":"Trama, \u00e8 un calorifero dal design minimale,caratterizzato da un disegno\u00a0colorato e dinamico che increspa la superficie bianca del piano. La sua particolarit\u00e0 \u00e8 legata all\u2019effetto di profondit\u00e0 dato dalla lavorazione\u00a0su due piani paralleli. Il piano esterno, bianco lucido, \u00e8 traforato come\u00a0un tessuto da un ricamo semplice e dinamico. Il piano sottostante, \u00e8 caratterizzato da colorazioni acide e moderne. Trama \u00e8 un calorifero che si inserisce negli ambienti domestici in modo\u00a0contemporaneo e deciso, dialogando con gli arredi colorati e moderni\u00a0del nuovo design contemporaneo. Disponibile in diversi colori e finiture. Il design essenziale, il contrasto tra due superfici e fra due colori, il\u00a0dettaglio del cappuccio coprisfiato, TRAMA valorizza ambienti moderni\u00a0e si erge a protagonista indiscusso della scena.Trama, is a minimal designed radiator, featuring a coloured and dynamic\u00a0design, changing the white top surface. Its peculiarity depends on the\u00a0depth effect depending on the two parallel tops. The external top, bright\u00a0white, is drilled as a simple and dynamic embroidered fabric. The underneath top features frosted and modern patterns. Trama is a\u00a0radiator to be used in contemporary ambiences, standing out as a unique\u00a0unit, perfectly mixed with the coloured and modern new designed\u00a0accessories. Available in different colours and finishes. The essential design, the contrast between two surfaces and two\u00a0colours, the detail of the vent cover, TRAMA enhances the modern\u00a0ambiences and becomes the real scene protagonist.Trama, is a minimal designed radiator, featuring a coloured and dynamic\u00a0design, changing the white top surface. Its peculiarity depends on the\u00a0depth effect depending on the two parallel tops. The external top, bright\u00a0white, is drilled as a simple and dynamic embroidered fabric. The underneath top features frosted and modern patterns. Trama is a\u00a0radiator to be used in contemporary ambiences, standing out as a unique\u00a0unit, perfectly mixed with the coloured and modern new designed\u00a0accessories. Available in different colours and finishes. The essential design, the contrast between two surfaces and two\u00a0colours, the detail of the vent cover, TRAMA enhances the modern\u00a0ambiences and becomes the real scene protagonist.Trama, c\u2019est un radiateur au dessin minimum, caract\u00e9ris\u00e9 par un dessin\u00a0color\u00e9 et dynamique qui change la surface blanche du dessus. Sa particularit\u00e9 est li\u00e9e \u00e0 l'effet profondeur donn\u00e9e par l'usinage de\u00a0deux dessus parall\u00e8les. Le dessus externe, blanc brillant, est perc\u00e9 tout\u00a0juste comme un tissu brod\u00e9 simple et dynamique. Le dessus au-dessous est caract\u00e9ris\u00e9 par des coloris acides et modernes. Trama est un radiateur qui s'ins\u00e8re dans les ambiances domestiques\u00a0de fa\u00e7on contemporaine et forte, en se mixant parfaitement avec les\u00a0ameublements color\u00e9s et modernes au dessin unique. Disponible dans diff\u00e9rents coloris et dimensions. Dessin essentiel, le contraste entre deux surfaces et deux coloris, le\u00a0d\u00e9tails de la couverture de la d\u00e9charge, TRAMA valorise les ambiances\u00a0modernes et devient le v\u00e9ritable protagoniste de la salle.Trama, es un radiador con un dise\u00f1o m\u00ednimo. Caracterizado por un dise\u00f1o\u00a0coloreado y din\u00e1mico que encrespa la superficie blanca del plano. Su\u00a0particularidad est\u00e1 conectada con el efecto de profundidad debida a la\u00a0elaboraci\u00f3n en dos planos paralelos. El plano externo, blanco brillante\u00a0ha sido perforado como un tejido bordado simple y din\u00e1mico. El plano inferior est\u00e1 caracterizado por coloraciones \u00e1cidas y modernas.\u00a0Trama es un radiador que se integra en los ambientes dom\u00e9sticos de\u00a0forma contempor\u00e1nea y firme, dialogando con las decoraciones\u00a0coloreadas y modernas del nuevo dise\u00f1o contempor\u00e1neo. Disponible en varios colores y acabados. El dise\u00f1o esencial, el contraste entre dos superficies y entre dos\u00a0colores, el detalle de la caperuza cubrerespiradero TRAMA valoriza\u00a0ambientes modernos y es protagonista indiscutido de la escena.","robots":{"index":"index","follow":"follow","max-snippet":"max-snippet:-1","max-image-preview":"max-image-preview:large","max-video-preview":"max-video-preview:-1"},"canonical":"https:\/\/www.k8radiatori.it\/fr\/radiatori\/trama\/","schema":{"@context":"https:\/\/schema.org","@graph":[{"@type":"WebPage","@id":"https:\/\/www.k8radiatori.it\/fr\/radiatori\/trama\/","url":"https:\/\/www.k8radiatori.it\/fr\/radiatori\/trama\/","name":"Trama - K8 radiatori","isPartOf":{"@id":"https:\/\/www.k8radiatori.it\/de\/#website"},"datePublished":"2015-12-25T06:49:58+00:00","dateModified":"2023-06-28T17:51:53+00:00","description":"Trama, \u00e8 un calorifero dal design minimale,caratterizzato da un disegno\u00a0colorato e dinamico che increspa la superficie bianca del piano. La sua particolarit\u00e0 \u00e8 legata all\u2019effetto di profondit\u00e0 dato dalla lavorazione\u00a0su due piani paralleli. Il piano esterno, bianco lucido, \u00e8 traforato come\u00a0un tessuto da un ricamo semplice e dinamico. Il piano sottostante, \u00e8 caratterizzato da colorazioni acide e moderne. Trama \u00e8 un calorifero che si inserisce negli ambienti domestici in modo\u00a0contemporaneo e deciso, dialogando con gli arredi colorati e moderni\u00a0del nuovo design contemporaneo. Disponibile in diversi colori e finiture. Il design essenziale, il contrasto tra due superfici e fra due colori, il\u00a0dettaglio del cappuccio coprisfiato, TRAMA valorizza ambienti moderni\u00a0e si erge a protagonista indiscusso della scena.Trama, is a minimal designed radiator, featuring a coloured and dynamic\u00a0design, changing the white top surface. Its peculiarity depends on the\u00a0depth effect depending on the two parallel tops. The external top, bright\u00a0white, is drilled as a simple and dynamic embroidered fabric. The underneath top features frosted and modern patterns. Trama is a\u00a0radiator to be used in contemporary ambiences, standing out as a unique\u00a0unit, perfectly mixed with the coloured and modern new designed\u00a0accessories. Available in different colours and finishes. The essential design, the contrast between two surfaces and two\u00a0colours, the detail of the vent cover, TRAMA enhances the modern\u00a0ambiences and becomes the real scene protagonist.Trama, is a minimal designed radiator, featuring a coloured and dynamic\u00a0design, changing the white top surface. Its peculiarity depends on the\u00a0depth effect depending on the two parallel tops. The external top, bright\u00a0white, is drilled as a simple and dynamic embroidered fabric. The underneath top features frosted and modern patterns. Trama is a\u00a0radiator to be used in contemporary ambiences, standing out as a unique\u00a0unit, perfectly mixed with the coloured and modern new designed\u00a0accessories. Available in different colours and finishes. The essential design, the contrast between two surfaces and two\u00a0colours, the detail of the vent cover, TRAMA enhances the modern\u00a0ambiences and becomes the real scene protagonist.Trama, c\u2019est un radiateur au dessin minimum, caract\u00e9ris\u00e9 par un dessin\u00a0color\u00e9 et dynamique qui change la surface blanche du dessus. Sa particularit\u00e9 est li\u00e9e \u00e0 l'effet profondeur donn\u00e9e par l'usinage de\u00a0deux dessus parall\u00e8les. Le dessus externe, blanc brillant, est perc\u00e9 tout\u00a0juste comme un tissu brod\u00e9 simple et dynamique. Le dessus au-dessous est caract\u00e9ris\u00e9 par des coloris acides et modernes. Trama est un radiateur qui s'ins\u00e8re dans les ambiances domestiques\u00a0de fa\u00e7on contemporaine et forte, en se mixant parfaitement avec les\u00a0ameublements color\u00e9s et modernes au dessin unique. Disponible dans diff\u00e9rents coloris et dimensions. Dessin essentiel, le contraste entre deux surfaces et deux coloris, le\u00a0d\u00e9tails de la couverture de la d\u00e9charge, TRAMA valorise les ambiances\u00a0modernes et devient le v\u00e9ritable protagoniste de la salle.Trama, es un radiador con un dise\u00f1o m\u00ednimo. Caracterizado por un dise\u00f1o\u00a0coloreado y din\u00e1mico que encrespa la superficie blanca del plano. Su\u00a0particularidad est\u00e1 conectada con el efecto de profundidad debida a la\u00a0elaboraci\u00f3n en dos planos paralelos. El plano externo, blanco brillante\u00a0ha sido perforado como un tejido bordado simple y din\u00e1mico. El plano inferior est\u00e1 caracterizado por coloraciones \u00e1cidas y modernas.\u00a0Trama es un radiador que se integra en los ambientes dom\u00e9sticos de\u00a0forma contempor\u00e1nea y firme, dialogando con las decoraciones\u00a0coloreadas y modernas del nuevo dise\u00f1o contempor\u00e1neo. Disponible en varios colores y acabados. El dise\u00f1o esencial, el contraste entre dos superficies y entre dos\u00a0colores, el detalle de la caperuza cubrerespiradero TRAMA valoriza\u00a0ambientes modernos y es protagonista indiscutido de la escena.","breadcrumb":{"@id":"https:\/\/www.k8radiatori.it\/fr\/radiatori\/trama\/#breadcrumb"},"inLanguage":"es","potentialAction":[{"@type":"ReadAction","target":["https:\/\/www.k8radiatori.it\/fr\/radiatori\/trama\/"]}]},{"@type":"BreadcrumbList","@id":"https:\/\/www.k8radiatori.it\/fr\/radiatori\/trama\/#breadcrumb","itemListElement":[{"@type":"ListItem","position":1,"name":"Home","item":"https:\/\/www.k8radiatori.it\/"},{"@type":"ListItem","position":2,"name":"Shop","item":"https:\/\/www.k8radiatori.it\/de\/negozio\/"},{"@type":"ListItem","position":3,"name":"Trama"}]},{"@type":"WebSite","@id":"https:\/\/www.k8radiatori.it\/de\/#website","url":"https:\/\/www.k8radiatori.it\/de\/","name":"K8 radiatori","description":"K8 radiatori","publisher":{"@id":"https:\/\/www.k8radiatori.it\/de\/#organization"},"potentialAction":[{"@type":"SearchAction","target":{"@type":"EntryPoint","urlTemplate":"https:\/\/www.k8radiatori.it\/de\/?s={search_term_string}"},"query-input":"required name=search_term_string"}],"inLanguage":"es"},{"@type":"Organization","@id":"https:\/\/www.k8radiatori.it\/de\/#organization","name":"K8 radiatori","url":"https:\/\/www.k8radiatori.it\/de\/","logo":{"@type":"ImageObject","inLanguage":"es","@id":"https:\/\/www.k8radiatori.it\/de\/#\/schema\/logo\/image\/","url":"https:\/\/www.k8radiatori.it\/wp-content\/uploads\/2016\/03\/logo.png","contentUrl":"https:\/\/www.k8radiatori.it\/wp-content\/uploads\/2016\/03\/logo.png","width":253,"height":283,"caption":"K8 radiatori"},"image":{"@id":"https:\/\/www.k8radiatori.it\/de\/#\/schema\/logo\/image\/"}}]}},"_links":{"self":[{"href":"https:\/\/www.k8radiatori.it\/es\/wp-json\/wp\/v3\/product\/552"}],"collection":[{"href":"https:\/\/www.k8radiatori.it\/es\/wp-json\/wp\/v3\/product"}],"about":[{"href":"https:\/\/www.k8radiatori.it\/es\/wp-json\/wp\/v2\/types\/product"}],"replies":[{"embeddable":true,"href":"https:\/\/www.k8radiatori.it\/es\/wp-json\/wp\/v2\/comments?post=552"}],"wp:featuredmedia":[{"embeddable":true,"href":"https:\/\/www.k8radiatori.it\/es\/wp-json\/wp\/v2\/media\/1104"}],"wp:attachment":[{"href":"https:\/\/www.k8radiatori.it\/es\/wp-json\/wp\/v2\/media?parent=552"}],"wp:term":[{"taxonomy":"product_cat","embeddable":true,"href":"https:\/\/www.k8radiatori.it\/es\/wp-json\/wp\/v2\/product_cat?post=552"},{"taxonomy":"product_tag","embeddable":true,"href":"https:\/\/www.k8radiatori.it\/es\/wp-json\/wp\/v2\/product_tag?post=552"}],"curies":[{"name":"wp","href":"https:\/\/api.w.org\/{rel}","templated":true}]}}