{"id":499,"date":"2015-12-24T03:10:31","date_gmt":"2015-12-24T02:10:31","guid":{"rendered":"http:\/\/www.k8radiatori.it\/en\/?post_type=product&#038;p=499"},"modified":"2023-06-29T11:39:17","modified_gmt":"2023-06-29T09:39:17","slug":"mts","status":"publish","type":"product","link":"https:\/\/www.k8radiatori.it\/es\/radiatori\/mts\/","title":{"rendered":"MTS"},"content":{"rendered":"<p><strong><a href=\"http:\/\/www.k8radiatori.it\/wp-content\/uploads\/2016\/07\/MTS-RAVELLO.pdf\" target=\"_blank\">Scarica qui le specifiche tecniche del radiatore<\/a><\/strong><\/p>\n<p><a href=\"\/contatti\/\">Su richiesta \u00e8 possibile avere schede dettagliate sul prodotto<\/a><\/p>\n<p><a href=\"http:\/\/www.k8radiatori.it\/wp-content\/uploads\/2016\/07\/MTS.jpg\"><img decoding=\"async\" loading=\"lazy\" class=\"size-full wp-image-1289 alignleft\" src=\"http:\/\/www.k8radiatori.it\/wp-content\/uploads\/2016\/07\/MTS.jpg\" alt=\"Immagine radiatore MTS\" width=\"331\" height=\"575\" srcset=\"https:\/\/www.k8radiatori.it\/wp-content\/uploads\/2016\/07\/MTS.jpg 331w, https:\/\/www.k8radiatori.it\/wp-content\/uploads\/2016\/07\/MTS-230x400.jpg 230w\" sizes=\"(max-width: 331px) 100vw, 331px\" \/><\/a><\/p>","protected":false},"excerpt":{"rendered":"<p>Nuestros radiadores tubulares de una sola columna en acero soldado, tienen una forma linear cl\u00e1sica, son muy funcionales y se adaptan a todo tipo de ambiente y decoraci\u00f3n. Tienen un elevado rendimiento t\u00e9rmico, son muy estilizados; por ello, pueder ser utilizados tambi\u00e9n para separar ambientes. A petici\u00f3n del interresado pueder ser realizadas personalizaciones con medidas especiales.<\/p>\n","protected":false},"featured_media":1131,"comment_status":"closed","ping_status":"closed","template":"","meta":[],"product_cat":[29],"product_tag":[48,95],"yoast_head":"<!-- This site is optimized with the Yoast SEO plugin v20.8 - https:\/\/yoast.com\/wordpress\/plugins\/seo\/ -->\n<title>MTS - K8 radiatori<\/title>\n<meta name=\"description\" content=\"I nostri radiatori tubolari monocolonna in acciaio saldato, sono di forma lineare classica, sono molto funzionali e si adattano ad ogni tipo di ambiente ed arredamento. Essi hanno un elevato rendimento termico, sono molto sottili e pertanto possono essere utilizzati anche per separare ambienti. A richiesta possono essere eseguite personalizzazioni in misure speciali.Our monocolumn tubular radiators welded steel made, have linear classic design, are very functional and fit with any kind of room and furniture. They have very high output. They are very compact and therefore can be used to divide rooms. On request they are manufactured in personalized way and special dimension.Unsere monoreihigen R\u00f6hrenheizk\u00f6rper aus geschwei\u00dften Stahl haben ein klassisches Design, sind sehr zweckm\u00e4\u00dfig und passen zu jedem Bereich und jeder Einrichtung. Sie haben eine hohe W\u00e4rmeleitung, sind sehr d\u00fcnn und deshalb k\u00f6nnen sie auch als Raumteiler dienen. Sie sind in verschiedenen Bauh\u00f6hen und tiefen und beliebiger L\u00e4nge nach Wunsch lieferbar.Nos radiateurs tubolaires mono-colonne en acier soud\u00e9, ont une forme lin\u00e9aire classique. Ils sont tr\u00e8s fonctionnels et ils s&#039;adaptent tr\u00e8s bien dans toutes les pi\u00e8ces d&#039;int\u00e9rieurs. Ils se caract\u00e9;risent par un rendement thermique tr\u00e8s \u00e9;lev\u00e9;. Grace \u00e8leur structure tr\u00e8s mince on peut les utiliser pour s\u00e9;parer des pi\u00e8ces. Sur demande ils peuvent \u00eatres peronnalis\u00e9;s m\u00eame pour ce qui concerne les dimensions.Nuestros radiadores tubulares de una sola columna en acero soldado, tienen una forma linear cl\u00e1sica, son muy funcionales y se adaptan a todo tipo de ambiente y decoraci\u00f3n. Tienen un elevado rendimiento t\u00e9rmico, son muy estilizados; por ello, pueder ser utilizados tambi\u00e9n para separar ambientes. A petici\u00f3n del interresado pueder ser realizadas personalizaciones con medidas especiales.\" \/>\n<meta name=\"robots\" content=\"index, follow, max-snippet:-1, max-image-preview:large, max-video-preview:-1\" \/>\n<link rel=\"canonical\" href=\"https:\/\/www.k8radiatori.it\/fr\/radiatori\/mts\/\" \/>\n<script type=\"application\/ld+json\" class=\"yoast-schema-graph\">{\"@context\":\"https:\/\/schema.org\",\"@graph\":[{\"@type\":\"WebPage\",\"@id\":\"https:\/\/www.k8radiatori.it\/fr\/radiatori\/mts\/\",\"url\":\"https:\/\/www.k8radiatori.it\/fr\/radiatori\/mts\/\",\"name\":\"MTS - K8 radiatori\",\"isPartOf\":{\"@id\":\"https:\/\/www.k8radiatori.it\/de\/#website\"},\"datePublished\":\"2015-12-24T02:10:31+00:00\",\"dateModified\":\"2023-06-29T09:39:17+00:00\",\"description\":\"I nostri radiatori tubolari monocolonna in acciaio saldato, sono di forma lineare classica, sono molto funzionali e si adattano ad ogni tipo di ambiente ed arredamento. Essi hanno un elevato rendimento termico, sono molto sottili e pertanto possono essere utilizzati anche per separare ambienti. A richiesta possono essere eseguite personalizzazioni in misure speciali.Our monocolumn tubular radiators welded steel made, have linear classic design, are very functional and fit with any kind of room and furniture. They have very high output. They are very compact and therefore can be used to divide rooms. On request they are manufactured in personalized way and special dimension.Unsere monoreihigen R\u00f6hrenheizk\u00f6rper aus geschwei\u00dften Stahl haben ein klassisches Design, sind sehr zweckm\u00e4\u00dfig und passen zu jedem Bereich und jeder Einrichtung. Sie haben eine hohe W\u00e4rmeleitung, sind sehr d\u00fcnn und deshalb k\u00f6nnen sie auch als Raumteiler dienen. Sie sind in verschiedenen Bauh\u00f6hen und tiefen und beliebiger L\u00e4nge nach Wunsch lieferbar.Nos radiateurs tubolaires mono-colonne en acier soud\u00e9, ont une forme lin\u00e9aire classique. Ils sont tr\u00e8s fonctionnels et ils s'adaptent tr\u00e8s bien dans toutes les pi\u00e8ces d'int\u00e9rieurs. Ils se caract\u00e9;risent par un rendement thermique tr\u00e8s \u00e9;lev\u00e9;. Grace \u00e8leur structure tr\u00e8s mince on peut les utiliser pour s\u00e9;parer des pi\u00e8ces. Sur demande ils peuvent \u00eatres peronnalis\u00e9;s m\u00eame pour ce qui concerne les dimensions.Nuestros radiadores tubulares de una sola columna en acero soldado, tienen una forma linear cl\u00e1sica, son muy funcionales y se adaptan a todo tipo de ambiente y decoraci\u00f3n. Tienen un elevado rendimiento t\u00e9rmico, son muy estilizados; por ello, pueder ser utilizados tambi\u00e9n para separar ambientes. A petici\u00f3n del interresado pueder ser realizadas personalizaciones con medidas especiales.\",\"breadcrumb\":{\"@id\":\"https:\/\/www.k8radiatori.it\/fr\/radiatori\/mts\/#breadcrumb\"},\"inLanguage\":\"es\",\"potentialAction\":[{\"@type\":\"ReadAction\",\"target\":[\"https:\/\/www.k8radiatori.it\/fr\/radiatori\/mts\/\"]}]},{\"@type\":\"BreadcrumbList\",\"@id\":\"https:\/\/www.k8radiatori.it\/fr\/radiatori\/mts\/#breadcrumb\",\"itemListElement\":[{\"@type\":\"ListItem\",\"position\":1,\"name\":\"Home\",\"item\":\"https:\/\/www.k8radiatori.it\/\"},{\"@type\":\"ListItem\",\"position\":2,\"name\":\"Shop\",\"item\":\"https:\/\/www.k8radiatori.it\/de\/negozio\/\"},{\"@type\":\"ListItem\",\"position\":3,\"name\":\"MTS\"}]},{\"@type\":\"WebSite\",\"@id\":\"https:\/\/www.k8radiatori.it\/de\/#website\",\"url\":\"https:\/\/www.k8radiatori.it\/de\/\",\"name\":\"K8 radiatori\",\"description\":\"K8 radiatori\",\"publisher\":{\"@id\":\"https:\/\/www.k8radiatori.it\/de\/#organization\"},\"potentialAction\":[{\"@type\":\"SearchAction\",\"target\":{\"@type\":\"EntryPoint\",\"urlTemplate\":\"https:\/\/www.k8radiatori.it\/de\/?s={search_term_string}\"},\"query-input\":\"required name=search_term_string\"}],\"inLanguage\":\"es\"},{\"@type\":\"Organization\",\"@id\":\"https:\/\/www.k8radiatori.it\/de\/#organization\",\"name\":\"K8 radiatori\",\"url\":\"https:\/\/www.k8radiatori.it\/de\/\",\"logo\":{\"@type\":\"ImageObject\",\"inLanguage\":\"es\",\"@id\":\"https:\/\/www.k8radiatori.it\/de\/#\/schema\/logo\/image\/\",\"url\":\"https:\/\/www.k8radiatori.it\/wp-content\/uploads\/2016\/03\/logo.png\",\"contentUrl\":\"https:\/\/www.k8radiatori.it\/wp-content\/uploads\/2016\/03\/logo.png\",\"width\":253,\"height\":283,\"caption\":\"K8 radiatori\"},\"image\":{\"@id\":\"https:\/\/www.k8radiatori.it\/de\/#\/schema\/logo\/image\/\"}}]}<\/script>\n<!-- \/ Yoast SEO plugin. -->","yoast_head_json":{"title":"MTS - K8 radiatori","description":"I nostri radiatori tubolari monocolonna in acciaio saldato, sono di forma lineare classica, sono molto funzionali e si adattano ad ogni tipo di ambiente ed arredamento. Essi hanno un elevato rendimento termico, sono molto sottili e pertanto possono essere utilizzati anche per separare ambienti. A richiesta possono essere eseguite personalizzazioni in misure speciali.Our monocolumn tubular radiators welded steel made, have linear classic design, are very functional and fit with any kind of room and furniture. They have very high output. They are very compact and therefore can be used to divide rooms. On request they are manufactured in personalized way and special dimension.Unsere monoreihigen R\u00f6hrenheizk\u00f6rper aus geschwei\u00dften Stahl haben ein klassisches Design, sind sehr zweckm\u00e4\u00dfig und passen zu jedem Bereich und jeder Einrichtung. Sie haben eine hohe W\u00e4rmeleitung, sind sehr d\u00fcnn und deshalb k\u00f6nnen sie auch als Raumteiler dienen. Sie sind in verschiedenen Bauh\u00f6hen und tiefen und beliebiger L\u00e4nge nach Wunsch lieferbar.Nos radiateurs tubolaires mono-colonne en acier soud\u00e9, ont une forme lin\u00e9aire classique. Ils sont tr\u00e8s fonctionnels et ils s'adaptent tr\u00e8s bien dans toutes les pi\u00e8ces d'int\u00e9rieurs. Ils se caract\u00e9;risent par un rendement thermique tr\u00e8s \u00e9;lev\u00e9;. Grace \u00e8leur structure tr\u00e8s mince on peut les utiliser pour s\u00e9;parer des pi\u00e8ces. Sur demande ils peuvent \u00eatres peronnalis\u00e9;s m\u00eame pour ce qui concerne les dimensions.Nuestros radiadores tubulares de una sola columna en acero soldado, tienen una forma linear cl\u00e1sica, son muy funcionales y se adaptan a todo tipo de ambiente y decoraci\u00f3n. Tienen un elevado rendimiento t\u00e9rmico, son muy estilizados; por ello, pueder ser utilizados tambi\u00e9n para separar ambientes. A petici\u00f3n del interresado pueder ser realizadas personalizaciones con medidas especiales.","robots":{"index":"index","follow":"follow","max-snippet":"max-snippet:-1","max-image-preview":"max-image-preview:large","max-video-preview":"max-video-preview:-1"},"canonical":"https:\/\/www.k8radiatori.it\/fr\/radiatori\/mts\/","schema":{"@context":"https:\/\/schema.org","@graph":[{"@type":"WebPage","@id":"https:\/\/www.k8radiatori.it\/fr\/radiatori\/mts\/","url":"https:\/\/www.k8radiatori.it\/fr\/radiatori\/mts\/","name":"MTS - K8 radiatori","isPartOf":{"@id":"https:\/\/www.k8radiatori.it\/de\/#website"},"datePublished":"2015-12-24T02:10:31+00:00","dateModified":"2023-06-29T09:39:17+00:00","description":"I nostri radiatori tubolari monocolonna in acciaio saldato, sono di forma lineare classica, sono molto funzionali e si adattano ad ogni tipo di ambiente ed arredamento. Essi hanno un elevato rendimento termico, sono molto sottili e pertanto possono essere utilizzati anche per separare ambienti. A richiesta possono essere eseguite personalizzazioni in misure speciali.Our monocolumn tubular radiators welded steel made, have linear classic design, are very functional and fit with any kind of room and furniture. They have very high output. They are very compact and therefore can be used to divide rooms. On request they are manufactured in personalized way and special dimension.Unsere monoreihigen R\u00f6hrenheizk\u00f6rper aus geschwei\u00dften Stahl haben ein klassisches Design, sind sehr zweckm\u00e4\u00dfig und passen zu jedem Bereich und jeder Einrichtung. Sie haben eine hohe W\u00e4rmeleitung, sind sehr d\u00fcnn und deshalb k\u00f6nnen sie auch als Raumteiler dienen. Sie sind in verschiedenen Bauh\u00f6hen und tiefen und beliebiger L\u00e4nge nach Wunsch lieferbar.Nos radiateurs tubolaires mono-colonne en acier soud\u00e9, ont une forme lin\u00e9aire classique. Ils sont tr\u00e8s fonctionnels et ils s'adaptent tr\u00e8s bien dans toutes les pi\u00e8ces d'int\u00e9rieurs. Ils se caract\u00e9;risent par un rendement thermique tr\u00e8s \u00e9;lev\u00e9;. Grace \u00e8leur structure tr\u00e8s mince on peut les utiliser pour s\u00e9;parer des pi\u00e8ces. Sur demande ils peuvent \u00eatres peronnalis\u00e9;s m\u00eame pour ce qui concerne les dimensions.Nuestros radiadores tubulares de una sola columna en acero soldado, tienen una forma linear cl\u00e1sica, son muy funcionales y se adaptan a todo tipo de ambiente y decoraci\u00f3n. Tienen un elevado rendimiento t\u00e9rmico, son muy estilizados; por ello, pueder ser utilizados tambi\u00e9n para separar ambientes. A petici\u00f3n del interresado pueder ser realizadas personalizaciones con medidas especiales.","breadcrumb":{"@id":"https:\/\/www.k8radiatori.it\/fr\/radiatori\/mts\/#breadcrumb"},"inLanguage":"es","potentialAction":[{"@type":"ReadAction","target":["https:\/\/www.k8radiatori.it\/fr\/radiatori\/mts\/"]}]},{"@type":"BreadcrumbList","@id":"https:\/\/www.k8radiatori.it\/fr\/radiatori\/mts\/#breadcrumb","itemListElement":[{"@type":"ListItem","position":1,"name":"Home","item":"https:\/\/www.k8radiatori.it\/"},{"@type":"ListItem","position":2,"name":"Shop","item":"https:\/\/www.k8radiatori.it\/de\/negozio\/"},{"@type":"ListItem","position":3,"name":"MTS"}]},{"@type":"WebSite","@id":"https:\/\/www.k8radiatori.it\/de\/#website","url":"https:\/\/www.k8radiatori.it\/de\/","name":"K8 radiatori","description":"K8 radiatori","publisher":{"@id":"https:\/\/www.k8radiatori.it\/de\/#organization"},"potentialAction":[{"@type":"SearchAction","target":{"@type":"EntryPoint","urlTemplate":"https:\/\/www.k8radiatori.it\/de\/?s={search_term_string}"},"query-input":"required name=search_term_string"}],"inLanguage":"es"},{"@type":"Organization","@id":"https:\/\/www.k8radiatori.it\/de\/#organization","name":"K8 radiatori","url":"https:\/\/www.k8radiatori.it\/de\/","logo":{"@type":"ImageObject","inLanguage":"es","@id":"https:\/\/www.k8radiatori.it\/de\/#\/schema\/logo\/image\/","url":"https:\/\/www.k8radiatori.it\/wp-content\/uploads\/2016\/03\/logo.png","contentUrl":"https:\/\/www.k8radiatori.it\/wp-content\/uploads\/2016\/03\/logo.png","width":253,"height":283,"caption":"K8 radiatori"},"image":{"@id":"https:\/\/www.k8radiatori.it\/de\/#\/schema\/logo\/image\/"}}]}},"_links":{"self":[{"href":"https:\/\/www.k8radiatori.it\/es\/wp-json\/wp\/v3\/product\/499"}],"collection":[{"href":"https:\/\/www.k8radiatori.it\/es\/wp-json\/wp\/v3\/product"}],"about":[{"href":"https:\/\/www.k8radiatori.it\/es\/wp-json\/wp\/v2\/types\/product"}],"replies":[{"embeddable":true,"href":"https:\/\/www.k8radiatori.it\/es\/wp-json\/wp\/v2\/comments?post=499"}],"wp:featuredmedia":[{"embeddable":true,"href":"https:\/\/www.k8radiatori.it\/es\/wp-json\/wp\/v2\/media\/1131"}],"wp:attachment":[{"href":"https:\/\/www.k8radiatori.it\/es\/wp-json\/wp\/v2\/media?parent=499"}],"wp:term":[{"taxonomy":"product_cat","embeddable":true,"href":"https:\/\/www.k8radiatori.it\/es\/wp-json\/wp\/v2\/product_cat?post=499"},{"taxonomy":"product_tag","embeddable":true,"href":"https:\/\/www.k8radiatori.it\/es\/wp-json\/wp\/v2\/product_tag?post=499"}],"curies":[{"name":"wp","href":"https:\/\/api.w.org\/{rel}","templated":true}]}}