{"id":2622,"date":"2023-06-27T15:43:33","date_gmt":"2023-06-27T13:43:33","guid":{"rendered":"https:\/\/www.k8radiatori.it\/?post_type=product&#038;p=2622"},"modified":"2023-07-01T12:23:17","modified_gmt":"2023-07-01T10:23:17","slug":"mine-white","status":"publish","type":"product","link":"https:\/\/www.k8radiatori.it\/es\/radiatori\/mine-white\/","title":{"rendered":"Mine White"},"content":{"rendered":"<p><strong><a href=\"https:\/\/www.k8radiatori.it\/wp-content\/uploads\/2023\/06\/mine-white_scheda-tecnica.pdf\" target=\"_blank\" rel=\"noopener noreferrer\">Descarga aqu\u00ed las especificaciones t\u00e9cnicas del radiador.<\/a><\/strong><\/p>\n<p><a href=\"\/contatti\/\">Se proporcionar\u00e1n hojas de producto detalladas bajo petici\u00f3n.<\/a><\/p>\n<p>&nbsp;<\/p>\n<p><img decoding=\"async\" loading=\"lazy\" class=\"alignnone wp-image-2619 size-medium\" src=\"https:\/\/www.k8radiatori.it\/wp-content\/uploads\/2023\/06\/mine-white-dimensions--320x400.jpg\" alt=\"\" width=\"320\" height=\"400\" srcset=\"https:\/\/www.k8radiatori.it\/wp-content\/uploads\/2023\/06\/mine-white-dimensions--320x400.jpg 320w, https:\/\/www.k8radiatori.it\/wp-content\/uploads\/2023\/06\/mine-white-dimensions--510x638.jpg 510w, https:\/\/www.k8radiatori.it\/wp-content\/uploads\/2023\/06\/mine-white-dimensions--1229x1536.jpg 1229w, https:\/\/www.k8radiatori.it\/wp-content\/uploads\/2023\/06\/mine-white-dimensions--rotated.jpg 1280w\" sizes=\"(max-width: 320px) 100vw, 320px\" \/><\/p>","protected":false},"excerpt":{"rendered":"<p><strong>Mine White<\/strong> nace de la necesidad de ofrecer un producto de calidad a un precio competitivo. Al revisar el proceso de producci\u00f3n con ajustes y tecnolog\u00edas extremadamente modernas para este producto en particular, K8 Radiadores ha logrado ofrecer un radiador de placa a un precio sumamente competitivo, con una importante eficiencia t\u00e9rmica y un dise\u00f1o moderno y atractivo. Disponible en el acabado blanco mate muy solicitado de forma est\u00e1ndar, se presta para combinaciones modernas e interesantes con otros componentes del mobiliario del hogar.<\/p>\n<p>El n\u00facleo t\u00e9rmico de la serie Mine est\u00e1 hecho de aluminio completamente reciclable y es el mismo que el de otras placas de la Colecci\u00f3n Design de K8 Radiadores.<\/p>\n","protected":false},"featured_media":2621,"comment_status":"closed","ping_status":"closed","template":"","meta":[],"product_cat":[28],"product_tag":[48,267,268],"yoast_head":"<!-- This site is optimized with the Yoast SEO plugin v20.8 - https:\/\/yoast.com\/wordpress\/plugins\/seo\/ -->\n<title>Mine White - K8 radiatori<\/title>\n<meta name=\"description\" content=\"Mine White nasce dall&#039;esigenza di offrire un prodotto di qualit\u00e0 ad un prezzo competitivo. Rivisto il processo produttivo con accorgimenti e tecnologie estremamente moderne per questo specifico prodotto, K8 Radiatori \u00e8 riuscita ad offrire un radiatore a piastra ad un prezzo estremamente competitivo, con una resa termica importante ed un design moderno ed accattivante. Disponibile nella finitura oggi molto richiesta del bianco opaco di serie, si presta ad abbinamenti moderni e interessanti con gli altri componenti dell&#039;arredo domestico.  Il cuore termico del programma Mine \u00e8 in alluminio completamente\u00a0riciclabile ed \u00e8 lo stesso delle altre piastre della Collezione Design di K8 Radiatori.Mine White was born out of the need to offer a high-quality product at a competitive price. By revising the production process with refinements and extremely modern technologies for this specific product, K8 Radiators has managed to offer a flat radiator at an extremely competitive price, with significant heat output and a modern and captivating design. Available in the highly sought-after matte white finish as standard, it lends itself to modern and interesting combinations with other components of home furnishings.  The thermal core of the Mine series is made of fully recyclable aluminum and is the same as the other flat radiators in K8 Radiators&#039; Design Collection.Mine White entsteht aus dem Bed\u00fcrfnis, ein qualitativ hochwertiges Produkt zu einem wettbewerbsf\u00e4higen Preis anzubieten. Durch die \u00dcberarbeitung des Produktionsprozesses mit ausgekl\u00fcgelten Anpassungen und \u00e4u\u00dferst modernen Technologien speziell f\u00fcr dieses Produkt ist es K8 Radiatoren gelungen, einen Plattenheizk\u00f6rper zu einem \u00e4u\u00dferst konkurrenzf\u00e4higen Preis anzubieten, mit einer wichtigen W\u00e4rmeleistung und einem modernen und ansprechenden Design. In der Standardausf\u00fchrung in mattem Wei\u00df erh\u00e4ltlich, passt er perfekt zu modernen und interessanten Kombinationen mit anderen M\u00f6belkomponenten.  Der W\u00e4rmeleiterkern der Mine-Serie besteht aus vollst\u00e4ndig recycelbarem Aluminium und ist derselbe wie bei den anderen Platten der Design-Kollektion von K8 Radiatoren.Mine White est n\u00e9 du besoin d&#039;offrir un produit de qualit\u00e9 \u00e0 un prix comp\u00e9titif. En revisitant le processus de production avec des ajustements et des technologies extr\u00eamement modernes pour ce produit sp\u00e9cifique, K8 Radiateurs a r\u00e9ussi \u00e0 proposer un radiateur \u00e0 plaque \u00e0 un prix extr\u00eamement comp\u00e9titif, avec un rendement thermique important et un design moderne et attrayant. Disponible dans la finition blanc mat tr\u00e8s demand\u00e9e en standard, il se pr\u00eate \u00e0 des combinaisons modernes et int\u00e9ressantes avec les autres composants de l&#039;am\u00e9nagement int\u00e9rieur.  Le c\u0153ur thermique de la gamme Mine est en aluminium enti\u00e8rement recyclable et est identique aux autres plaques de la Collection Design de K8 Radiateurs.Mine White nace de la necesidad de ofrecer un producto de calidad a un precio competitivo. Al revisar el proceso de producci\u00f3n con ajustes y tecnolog\u00edas extremadamente modernas para este producto en particular, K8 Radiadores ha logrado ofrecer un radiador de placa a un precio sumamente competitivo, con una importante eficiencia t\u00e9rmica y un dise\u00f1o moderno y atractivo. Disponible en el acabado blanco mate muy solicitado de forma est\u00e1ndar, se presta para combinaciones modernas e interesantes con otros componentes del mobiliario del hogar.  El n\u00facleo t\u00e9rmico de la serie Mine est\u00e1 hecho de aluminio completamente reciclable y es el mismo que el de otras placas de la Colecci\u00f3n Design de K8 Radiadores.\" \/>\n<meta name=\"robots\" content=\"index, follow, max-snippet:-1, max-image-preview:large, max-video-preview:-1\" \/>\n<link rel=\"canonical\" href=\"https:\/\/www.k8radiatori.it\/radiatori\/mine-white\/\" \/>\n<meta name=\"twitter:label1\" content=\"Tiempo de lectura\" \/>\n\t<meta name=\"twitter:data1\" content=\"1 minuto\" \/>\n<script type=\"application\/ld+json\" class=\"yoast-schema-graph\">{\"@context\":\"https:\/\/schema.org\",\"@graph\":[{\"@type\":\"WebPage\",\"@id\":\"https:\/\/www.k8radiatori.it\/radiatori\/mine-white\/\",\"url\":\"https:\/\/www.k8radiatori.it\/radiatori\/mine-white\/\",\"name\":\"Mine White - K8 radiatori\",\"isPartOf\":{\"@id\":\"https:\/\/www.k8radiatori.it\/de\/#website\"},\"datePublished\":\"2023-06-27T13:43:33+00:00\",\"dateModified\":\"2023-07-01T10:23:17+00:00\",\"description\":\"Mine White nasce dall'esigenza di offrire un prodotto di qualit\u00e0 ad un prezzo competitivo. Rivisto il processo produttivo con accorgimenti e tecnologie estremamente moderne per questo specifico prodotto, K8 Radiatori \u00e8 riuscita ad offrire un radiatore a piastra ad un prezzo estremamente competitivo, con una resa termica importante ed un design moderno ed accattivante. Disponibile nella finitura oggi molto richiesta del bianco opaco di serie, si presta ad abbinamenti moderni e interessanti con gli altri componenti dell'arredo domestico. Il cuore termico del programma Mine \u00e8 in alluminio completamente\u00a0riciclabile ed \u00e8 lo stesso delle altre piastre della Collezione Design di K8 Radiatori.Mine White was born out of the need to offer a high-quality product at a competitive price. By revising the production process with refinements and extremely modern technologies for this specific product, K8 Radiators has managed to offer a flat radiator at an extremely competitive price, with significant heat output and a modern and captivating design. Available in the highly sought-after matte white finish as standard, it lends itself to modern and interesting combinations with other components of home furnishings. The thermal core of the Mine series is made of fully recyclable aluminum and is the same as the other flat radiators in K8 Radiators' Design Collection.Mine White entsteht aus dem Bed\u00fcrfnis, ein qualitativ hochwertiges Produkt zu einem wettbewerbsf\u00e4higen Preis anzubieten. Durch die \u00dcberarbeitung des Produktionsprozesses mit ausgekl\u00fcgelten Anpassungen und \u00e4u\u00dferst modernen Technologien speziell f\u00fcr dieses Produkt ist es K8 Radiatoren gelungen, einen Plattenheizk\u00f6rper zu einem \u00e4u\u00dferst konkurrenzf\u00e4higen Preis anzubieten, mit einer wichtigen W\u00e4rmeleistung und einem modernen und ansprechenden Design. In der Standardausf\u00fchrung in mattem Wei\u00df erh\u00e4ltlich, passt er perfekt zu modernen und interessanten Kombinationen mit anderen M\u00f6belkomponenten. Der W\u00e4rmeleiterkern der Mine-Serie besteht aus vollst\u00e4ndig recycelbarem Aluminium und ist derselbe wie bei den anderen Platten der Design-Kollektion von K8 Radiatoren.Mine White est n\u00e9 du besoin d'offrir un produit de qualit\u00e9 \u00e0 un prix comp\u00e9titif. En revisitant le processus de production avec des ajustements et des technologies extr\u00eamement modernes pour ce produit sp\u00e9cifique, K8 Radiateurs a r\u00e9ussi \u00e0 proposer un radiateur \u00e0 plaque \u00e0 un prix extr\u00eamement comp\u00e9titif, avec un rendement thermique important et un design moderne et attrayant. Disponible dans la finition blanc mat tr\u00e8s demand\u00e9e en standard, il se pr\u00eate \u00e0 des combinaisons modernes et int\u00e9ressantes avec les autres composants de l'am\u00e9nagement int\u00e9rieur. Le c\u0153ur thermique de la gamme Mine est en aluminium enti\u00e8rement recyclable et est identique aux autres plaques de la Collection Design de K8 Radiateurs.Mine White nace de la necesidad de ofrecer un producto de calidad a un precio competitivo. Al revisar el proceso de producci\u00f3n con ajustes y tecnolog\u00edas extremadamente modernas para este producto en particular, K8 Radiadores ha logrado ofrecer un radiador de placa a un precio sumamente competitivo, con una importante eficiencia t\u00e9rmica y un dise\u00f1o moderno y atractivo. Disponible en el acabado blanco mate muy solicitado de forma est\u00e1ndar, se presta para combinaciones modernas e interesantes con otros componentes del mobiliario del hogar. El n\u00facleo t\u00e9rmico de la serie Mine est\u00e1 hecho de aluminio completamente reciclable y es el mismo que el de otras placas de la Colecci\u00f3n Design de K8 Radiadores.\",\"breadcrumb\":{\"@id\":\"https:\/\/www.k8radiatori.it\/radiatori\/mine-white\/#breadcrumb\"},\"inLanguage\":\"es\",\"potentialAction\":[{\"@type\":\"ReadAction\",\"target\":[\"https:\/\/www.k8radiatori.it\/radiatori\/mine-white\/\"]}]},{\"@type\":\"BreadcrumbList\",\"@id\":\"https:\/\/www.k8radiatori.it\/radiatori\/mine-white\/#breadcrumb\",\"itemListElement\":[{\"@type\":\"ListItem\",\"position\":1,\"name\":\"Home\",\"item\":\"https:\/\/www.k8radiatori.it\/\"},{\"@type\":\"ListItem\",\"position\":2,\"name\":\"Shop\",\"item\":\"https:\/\/www.k8radiatori.it\/de\/negozio\/\"},{\"@type\":\"ListItem\",\"position\":3,\"name\":\"Mine White\"}]},{\"@type\":\"WebSite\",\"@id\":\"https:\/\/www.k8radiatori.it\/de\/#website\",\"url\":\"https:\/\/www.k8radiatori.it\/de\/\",\"name\":\"K8 radiatori\",\"description\":\"K8 radiatori\",\"publisher\":{\"@id\":\"https:\/\/www.k8radiatori.it\/de\/#organization\"},\"potentialAction\":[{\"@type\":\"SearchAction\",\"target\":{\"@type\":\"EntryPoint\",\"urlTemplate\":\"https:\/\/www.k8radiatori.it\/de\/?s={search_term_string}\"},\"query-input\":\"required name=search_term_string\"}],\"inLanguage\":\"es\"},{\"@type\":\"Organization\",\"@id\":\"https:\/\/www.k8radiatori.it\/de\/#organization\",\"name\":\"K8 radiatori\",\"url\":\"https:\/\/www.k8radiatori.it\/de\/\",\"logo\":{\"@type\":\"ImageObject\",\"inLanguage\":\"es\",\"@id\":\"https:\/\/www.k8radiatori.it\/de\/#\/schema\/logo\/image\/\",\"url\":\"https:\/\/www.k8radiatori.it\/wp-content\/uploads\/2016\/03\/logo.png\",\"contentUrl\":\"https:\/\/www.k8radiatori.it\/wp-content\/uploads\/2016\/03\/logo.png\",\"width\":253,\"height\":283,\"caption\":\"K8 radiatori\"},\"image\":{\"@id\":\"https:\/\/www.k8radiatori.it\/de\/#\/schema\/logo\/image\/\"}}]}<\/script>\n<!-- \/ Yoast SEO plugin. -->","yoast_head_json":{"title":"Mine White - K8 radiatori","description":"Mine White nasce dall'esigenza di offrire un prodotto di qualit\u00e0 ad un prezzo competitivo. Rivisto il processo produttivo con accorgimenti e tecnologie estremamente moderne per questo specifico prodotto, K8 Radiatori \u00e8 riuscita ad offrire un radiatore a piastra ad un prezzo estremamente competitivo, con una resa termica importante ed un design moderno ed accattivante. Disponibile nella finitura oggi molto richiesta del bianco opaco di serie, si presta ad abbinamenti moderni e interessanti con gli altri componenti dell'arredo domestico.  Il cuore termico del programma Mine \u00e8 in alluminio completamente\u00a0riciclabile ed \u00e8 lo stesso delle altre piastre della Collezione Design di K8 Radiatori.Mine White was born out of the need to offer a high-quality product at a competitive price. By revising the production process with refinements and extremely modern technologies for this specific product, K8 Radiators has managed to offer a flat radiator at an extremely competitive price, with significant heat output and a modern and captivating design. Available in the highly sought-after matte white finish as standard, it lends itself to modern and interesting combinations with other components of home furnishings.  The thermal core of the Mine series is made of fully recyclable aluminum and is the same as the other flat radiators in K8 Radiators' Design Collection.Mine White entsteht aus dem Bed\u00fcrfnis, ein qualitativ hochwertiges Produkt zu einem wettbewerbsf\u00e4higen Preis anzubieten. Durch die \u00dcberarbeitung des Produktionsprozesses mit ausgekl\u00fcgelten Anpassungen und \u00e4u\u00dferst modernen Technologien speziell f\u00fcr dieses Produkt ist es K8 Radiatoren gelungen, einen Plattenheizk\u00f6rper zu einem \u00e4u\u00dferst konkurrenzf\u00e4higen Preis anzubieten, mit einer wichtigen W\u00e4rmeleistung und einem modernen und ansprechenden Design. In der Standardausf\u00fchrung in mattem Wei\u00df erh\u00e4ltlich, passt er perfekt zu modernen und interessanten Kombinationen mit anderen M\u00f6belkomponenten.  Der W\u00e4rmeleiterkern der Mine-Serie besteht aus vollst\u00e4ndig recycelbarem Aluminium und ist derselbe wie bei den anderen Platten der Design-Kollektion von K8 Radiatoren.Mine White est n\u00e9 du besoin d'offrir un produit de qualit\u00e9 \u00e0 un prix comp\u00e9titif. En revisitant le processus de production avec des ajustements et des technologies extr\u00eamement modernes pour ce produit sp\u00e9cifique, K8 Radiateurs a r\u00e9ussi \u00e0 proposer un radiateur \u00e0 plaque \u00e0 un prix extr\u00eamement comp\u00e9titif, avec un rendement thermique important et un design moderne et attrayant. Disponible dans la finition blanc mat tr\u00e8s demand\u00e9e en standard, il se pr\u00eate \u00e0 des combinaisons modernes et int\u00e9ressantes avec les autres composants de l'am\u00e9nagement int\u00e9rieur.  Le c\u0153ur thermique de la gamme Mine est en aluminium enti\u00e8rement recyclable et est identique aux autres plaques de la Collection Design de K8 Radiateurs.Mine White nace de la necesidad de ofrecer un producto de calidad a un precio competitivo. Al revisar el proceso de producci\u00f3n con ajustes y tecnolog\u00edas extremadamente modernas para este producto en particular, K8 Radiadores ha logrado ofrecer un radiador de placa a un precio sumamente competitivo, con una importante eficiencia t\u00e9rmica y un dise\u00f1o moderno y atractivo. Disponible en el acabado blanco mate muy solicitado de forma est\u00e1ndar, se presta para combinaciones modernas e interesantes con otros componentes del mobiliario del hogar.  El n\u00facleo t\u00e9rmico de la serie Mine est\u00e1 hecho de aluminio completamente reciclable y es el mismo que el de otras placas de la Colecci\u00f3n Design de K8 Radiadores.","robots":{"index":"index","follow":"follow","max-snippet":"max-snippet:-1","max-image-preview":"max-image-preview:large","max-video-preview":"max-video-preview:-1"},"canonical":"https:\/\/www.k8radiatori.it\/radiatori\/mine-white\/","twitter_misc":{"Tiempo de lectura":"1 minuto"},"schema":{"@context":"https:\/\/schema.org","@graph":[{"@type":"WebPage","@id":"https:\/\/www.k8radiatori.it\/radiatori\/mine-white\/","url":"https:\/\/www.k8radiatori.it\/radiatori\/mine-white\/","name":"Mine White - K8 radiatori","isPartOf":{"@id":"https:\/\/www.k8radiatori.it\/de\/#website"},"datePublished":"2023-06-27T13:43:33+00:00","dateModified":"2023-07-01T10:23:17+00:00","description":"Mine White nasce dall'esigenza di offrire un prodotto di qualit\u00e0 ad un prezzo competitivo. Rivisto il processo produttivo con accorgimenti e tecnologie estremamente moderne per questo specifico prodotto, K8 Radiatori \u00e8 riuscita ad offrire un radiatore a piastra ad un prezzo estremamente competitivo, con una resa termica importante ed un design moderno ed accattivante. Disponibile nella finitura oggi molto richiesta del bianco opaco di serie, si presta ad abbinamenti moderni e interessanti con gli altri componenti dell'arredo domestico. Il cuore termico del programma Mine \u00e8 in alluminio completamente\u00a0riciclabile ed \u00e8 lo stesso delle altre piastre della Collezione Design di K8 Radiatori.Mine White was born out of the need to offer a high-quality product at a competitive price. By revising the production process with refinements and extremely modern technologies for this specific product, K8 Radiators has managed to offer a flat radiator at an extremely competitive price, with significant heat output and a modern and captivating design. Available in the highly sought-after matte white finish as standard, it lends itself to modern and interesting combinations with other components of home furnishings. The thermal core of the Mine series is made of fully recyclable aluminum and is the same as the other flat radiators in K8 Radiators' Design Collection.Mine White entsteht aus dem Bed\u00fcrfnis, ein qualitativ hochwertiges Produkt zu einem wettbewerbsf\u00e4higen Preis anzubieten. Durch die \u00dcberarbeitung des Produktionsprozesses mit ausgekl\u00fcgelten Anpassungen und \u00e4u\u00dferst modernen Technologien speziell f\u00fcr dieses Produkt ist es K8 Radiatoren gelungen, einen Plattenheizk\u00f6rper zu einem \u00e4u\u00dferst konkurrenzf\u00e4higen Preis anzubieten, mit einer wichtigen W\u00e4rmeleistung und einem modernen und ansprechenden Design. In der Standardausf\u00fchrung in mattem Wei\u00df erh\u00e4ltlich, passt er perfekt zu modernen und interessanten Kombinationen mit anderen M\u00f6belkomponenten. Der W\u00e4rmeleiterkern der Mine-Serie besteht aus vollst\u00e4ndig recycelbarem Aluminium und ist derselbe wie bei den anderen Platten der Design-Kollektion von K8 Radiatoren.Mine White est n\u00e9 du besoin d'offrir un produit de qualit\u00e9 \u00e0 un prix comp\u00e9titif. En revisitant le processus de production avec des ajustements et des technologies extr\u00eamement modernes pour ce produit sp\u00e9cifique, K8 Radiateurs a r\u00e9ussi \u00e0 proposer un radiateur \u00e0 plaque \u00e0 un prix extr\u00eamement comp\u00e9titif, avec un rendement thermique important et un design moderne et attrayant. Disponible dans la finition blanc mat tr\u00e8s demand\u00e9e en standard, il se pr\u00eate \u00e0 des combinaisons modernes et int\u00e9ressantes avec les autres composants de l'am\u00e9nagement int\u00e9rieur. Le c\u0153ur thermique de la gamme Mine est en aluminium enti\u00e8rement recyclable et est identique aux autres plaques de la Collection Design de K8 Radiateurs.Mine White nace de la necesidad de ofrecer un producto de calidad a un precio competitivo. Al revisar el proceso de producci\u00f3n con ajustes y tecnolog\u00edas extremadamente modernas para este producto en particular, K8 Radiadores ha logrado ofrecer un radiador de placa a un precio sumamente competitivo, con una importante eficiencia t\u00e9rmica y un dise\u00f1o moderno y atractivo. Disponible en el acabado blanco mate muy solicitado de forma est\u00e1ndar, se presta para combinaciones modernas e interesantes con otros componentes del mobiliario del hogar. El n\u00facleo t\u00e9rmico de la serie Mine est\u00e1 hecho de aluminio completamente reciclable y es el mismo que el de otras placas de la Colecci\u00f3n Design de K8 Radiadores.","breadcrumb":{"@id":"https:\/\/www.k8radiatori.it\/radiatori\/mine-white\/#breadcrumb"},"inLanguage":"es","potentialAction":[{"@type":"ReadAction","target":["https:\/\/www.k8radiatori.it\/radiatori\/mine-white\/"]}]},{"@type":"BreadcrumbList","@id":"https:\/\/www.k8radiatori.it\/radiatori\/mine-white\/#breadcrumb","itemListElement":[{"@type":"ListItem","position":1,"name":"Home","item":"https:\/\/www.k8radiatori.it\/"},{"@type":"ListItem","position":2,"name":"Shop","item":"https:\/\/www.k8radiatori.it\/de\/negozio\/"},{"@type":"ListItem","position":3,"name":"Mine White"}]},{"@type":"WebSite","@id":"https:\/\/www.k8radiatori.it\/de\/#website","url":"https:\/\/www.k8radiatori.it\/de\/","name":"K8 radiatori","description":"K8 radiatori","publisher":{"@id":"https:\/\/www.k8radiatori.it\/de\/#organization"},"potentialAction":[{"@type":"SearchAction","target":{"@type":"EntryPoint","urlTemplate":"https:\/\/www.k8radiatori.it\/de\/?s={search_term_string}"},"query-input":"required name=search_term_string"}],"inLanguage":"es"},{"@type":"Organization","@id":"https:\/\/www.k8radiatori.it\/de\/#organization","name":"K8 radiatori","url":"https:\/\/www.k8radiatori.it\/de\/","logo":{"@type":"ImageObject","inLanguage":"es","@id":"https:\/\/www.k8radiatori.it\/de\/#\/schema\/logo\/image\/","url":"https:\/\/www.k8radiatori.it\/wp-content\/uploads\/2016\/03\/logo.png","contentUrl":"https:\/\/www.k8radiatori.it\/wp-content\/uploads\/2016\/03\/logo.png","width":253,"height":283,"caption":"K8 radiatori"},"image":{"@id":"https:\/\/www.k8radiatori.it\/de\/#\/schema\/logo\/image\/"}}]}},"_links":{"self":[{"href":"https:\/\/www.k8radiatori.it\/es\/wp-json\/wp\/v3\/product\/2622"}],"collection":[{"href":"https:\/\/www.k8radiatori.it\/es\/wp-json\/wp\/v3\/product"}],"about":[{"href":"https:\/\/www.k8radiatori.it\/es\/wp-json\/wp\/v2\/types\/product"}],"replies":[{"embeddable":true,"href":"https:\/\/www.k8radiatori.it\/es\/wp-json\/wp\/v2\/comments?post=2622"}],"wp:featuredmedia":[{"embeddable":true,"href":"https:\/\/www.k8radiatori.it\/es\/wp-json\/wp\/v2\/media\/2621"}],"wp:attachment":[{"href":"https:\/\/www.k8radiatori.it\/es\/wp-json\/wp\/v2\/media?parent=2622"}],"wp:term":[{"taxonomy":"product_cat","embeddable":true,"href":"https:\/\/www.k8radiatori.it\/es\/wp-json\/wp\/v2\/product_cat?post=2622"},{"taxonomy":"product_tag","embeddable":true,"href":"https:\/\/www.k8radiatori.it\/es\/wp-json\/wp\/v2\/product_tag?post=2622"}],"curies":[{"name":"wp","href":"https:\/\/api.w.org\/{rel}","templated":true}]}}