{"id":2397,"date":"2023-03-29T11:15:49","date_gmt":"2023-03-29T09:15:49","guid":{"rendered":"http:\/\/www.k8radiatori.it\/?post_type=product&#038;p=2397"},"modified":"2023-06-29T12:06:24","modified_gmt":"2023-06-29T10:06:24","slug":"moon","status":"publish","type":"product","link":"https:\/\/www.k8radiatori.it\/es\/radiatori\/moon\/","title":{"rendered":"Moon"},"content":{"rendered":"<p><strong><a href=\"http:\/\/www.k8radiatori.it\/wp-content\/uploads\/2023\/03\/Moon-tecnica.pdf\" target=\"_blank\" rel=\"noopener noreferrer\">Scarica qui le specifiche tecniche del radiatore<\/a><\/strong><\/p>\n<p><a href=\"\/contatti\/\">Su richiesta \u00e8 possibile avere schede dettagliate sul prodotto<\/a><\/p>\n<p><img decoding=\"async\" loading=\"lazy\" class=\"alignnone size-medium wp-image-2400\" src=\"http:\/\/www.k8radiatori.it\/wp-content\/uploads\/2023\/03\/Moon-155x400.jpg\" alt=\"\" width=\"155\" height=\"400\" srcset=\"https:\/\/www.k8radiatori.it\/wp-content\/uploads\/2023\/03\/Moon-155x400.jpg 155w, https:\/\/www.k8radiatori.it\/wp-content\/uploads\/2023\/03\/Moon.jpg 500w\" sizes=\"(max-width: 155px) 100vw, 155px\" \/><\/p>\n","protected":false},"excerpt":{"rendered":"<p>Vaso. Una zona de confort calefaccionada por Moon y animada en la pared por los grafismos redondeados de la superficie pulida del vidrio templado de 8 mm. Cortada en dos partes asim\u00e9tricas por el toallero (opcional), Moon es \u00fatil como complemento del sistema de calefacci\u00f3n tradicional para cuartos de ba\u00f1o o zonas de ducha.<\/p>\n","protected":false},"featured_media":2401,"comment_status":"closed","ping_status":"closed","template":"","meta":[],"product_cat":[28],"product_tag":[48,246],"yoast_head":"<!-- This site is optimized with the Yoast SEO plugin v20.8 - https:\/\/yoast.com\/wordpress\/plugins\/seo\/ -->\n<title>Moon - K8 radiatori<\/title>\n<meta name=\"description\" content=\"Vetro. Una comfort zone scaldata da Moon e animata sulla parete dal grafismo tondeggiante della lucida superficie del vetro temperato da 8mm. Tagliata in due parti asimmetriche dal portasalviette (optional), Moon \u00e8 utile come integrazione al tradizionale sistema di riscaldamento per ambienti bagno o aree doccia.Glass. A comfort zone warmed by Moon and animated on the wall by the rounded graphics of the glossy surface of the 8mm tempered glass. Cut into two asymmetrical parts by the towel holder (optional), Moon is useful as an integration to the traditional heating system for bathrooms or shower areas.Glas. Eine Komfortzone, die von Moon erw\u00e4rmt und an der Wand durch die abgerundete Grafik der gl\u00e4nzenden Oberfl\u00e4che des 8 mm starken geh\u00e4rteten Glases belebt wird. Moon ist durch den Handtuchhalter (optional) in zwei asymmetrische Teile geteilt und eignet sich zur Integration in das herk\u00f6mmliche Heizsystem von badezimmern oder Duschbereichen.Verre. Une zone de confort chauff\u00e9e par Moon et anim\u00e9e sur le mur par le graphisme arrondi de la surface brillante du verre tremp\u00e9 de 8mm. Divis\u00e9e en deux parties asym\u00e9triques par le porte-serviettes (en option), Moon est utile comme compl\u00e9ment du syst\u00e8me de chauffage traditionnel dans les salles de bains ou les salles d\u2019eau.Vaso. Una zona de confort calefaccionada por Moon y animada en la pared por los grafismos redondeados de la superficie pulida del vidrio templado de 8 mm. Cortada en dos partes asim\u00e9tricas por el toallero (opcional), Moon es \u00fatil como complemento del sistema de calefacci\u00f3n tradicional para cuartos de ba\u00f1o o zonas de ducha.\" \/>\n<meta name=\"robots\" content=\"index, follow, max-snippet:-1, max-image-preview:large, max-video-preview:-1\" \/>\n<link rel=\"canonical\" href=\"https:\/\/www.k8radiatori.it\/fr\/radiatori\/moon\/\" \/>\n<meta name=\"twitter:label1\" content=\"Tiempo de lectura\" \/>\n\t<meta name=\"twitter:data1\" content=\"1 minuto\" \/>\n<script type=\"application\/ld+json\" class=\"yoast-schema-graph\">{\"@context\":\"https:\/\/schema.org\",\"@graph\":[{\"@type\":\"WebPage\",\"@id\":\"https:\/\/www.k8radiatori.it\/fr\/radiatori\/moon\/\",\"url\":\"https:\/\/www.k8radiatori.it\/fr\/radiatori\/moon\/\",\"name\":\"Moon - K8 radiatori\",\"isPartOf\":{\"@id\":\"https:\/\/www.k8radiatori.it\/de\/#website\"},\"datePublished\":\"2023-03-29T09:15:49+00:00\",\"dateModified\":\"2023-06-29T10:06:24+00:00\",\"description\":\"Vetro. Una comfort zone scaldata da Moon e animata sulla parete dal grafismo tondeggiante della lucida superficie del vetro temperato da 8mm. Tagliata in due parti asimmetriche dal portasalviette (optional), Moon \u00e8 utile come integrazione al tradizionale sistema di riscaldamento per ambienti bagno o aree doccia.Glass. A comfort zone warmed by Moon and animated on the wall by the rounded graphics of the glossy surface of the 8mm tempered glass. Cut into two asymmetrical parts by the towel holder (optional), Moon is useful as an integration to the traditional heating system for bathrooms or shower areas.Glas. Eine Komfortzone, die von Moon erw\u00e4rmt und an der Wand durch die abgerundete Grafik der gl\u00e4nzenden Oberfl\u00e4che des 8 mm starken geh\u00e4rteten Glases belebt wird. Moon ist durch den Handtuchhalter (optional) in zwei asymmetrische Teile geteilt und eignet sich zur Integration in das herk\u00f6mmliche Heizsystem von badezimmern oder Duschbereichen.Verre. Une zone de confort chauff\u00e9e par Moon et anim\u00e9e sur le mur par le graphisme arrondi de la surface brillante du verre tremp\u00e9 de 8mm. Divis\u00e9e en deux parties asym\u00e9triques par le porte-serviettes (en option), Moon est utile comme compl\u00e9ment du syst\u00e8me de chauffage traditionnel dans les salles de bains ou les salles d\u2019eau.Vaso. Una zona de confort calefaccionada por Moon y animada en la pared por los grafismos redondeados de la superficie pulida del vidrio templado de 8 mm. Cortada en dos partes asim\u00e9tricas por el toallero (opcional), Moon es \u00fatil como complemento del sistema de calefacci\u00f3n tradicional para cuartos de ba\u00f1o o zonas de ducha.\",\"breadcrumb\":{\"@id\":\"https:\/\/www.k8radiatori.it\/fr\/radiatori\/moon\/#breadcrumb\"},\"inLanguage\":\"es\",\"potentialAction\":[{\"@type\":\"ReadAction\",\"target\":[\"https:\/\/www.k8radiatori.it\/fr\/radiatori\/moon\/\"]}]},{\"@type\":\"BreadcrumbList\",\"@id\":\"https:\/\/www.k8radiatori.it\/fr\/radiatori\/moon\/#breadcrumb\",\"itemListElement\":[{\"@type\":\"ListItem\",\"position\":1,\"name\":\"Home\",\"item\":\"https:\/\/www.k8radiatori.it\/\"},{\"@type\":\"ListItem\",\"position\":2,\"name\":\"Shop\",\"item\":\"https:\/\/www.k8radiatori.it\/de\/negozio\/\"},{\"@type\":\"ListItem\",\"position\":3,\"name\":\"Moon\"}]},{\"@type\":\"WebSite\",\"@id\":\"https:\/\/www.k8radiatori.it\/de\/#website\",\"url\":\"https:\/\/www.k8radiatori.it\/de\/\",\"name\":\"K8 radiatori\",\"description\":\"K8 radiatori\",\"publisher\":{\"@id\":\"https:\/\/www.k8radiatori.it\/de\/#organization\"},\"potentialAction\":[{\"@type\":\"SearchAction\",\"target\":{\"@type\":\"EntryPoint\",\"urlTemplate\":\"https:\/\/www.k8radiatori.it\/de\/?s={search_term_string}\"},\"query-input\":\"required name=search_term_string\"}],\"inLanguage\":\"es\"},{\"@type\":\"Organization\",\"@id\":\"https:\/\/www.k8radiatori.it\/de\/#organization\",\"name\":\"K8 radiatori\",\"url\":\"https:\/\/www.k8radiatori.it\/de\/\",\"logo\":{\"@type\":\"ImageObject\",\"inLanguage\":\"es\",\"@id\":\"https:\/\/www.k8radiatori.it\/de\/#\/schema\/logo\/image\/\",\"url\":\"https:\/\/www.k8radiatori.it\/wp-content\/uploads\/2016\/03\/logo.png\",\"contentUrl\":\"https:\/\/www.k8radiatori.it\/wp-content\/uploads\/2016\/03\/logo.png\",\"width\":253,\"height\":283,\"caption\":\"K8 radiatori\"},\"image\":{\"@id\":\"https:\/\/www.k8radiatori.it\/de\/#\/schema\/logo\/image\/\"}}]}<\/script>\n<!-- \/ Yoast SEO plugin. -->","yoast_head_json":{"title":"Moon - K8 radiatori","description":"Vetro. Una comfort zone scaldata da Moon e animata sulla parete dal grafismo tondeggiante della lucida superficie del vetro temperato da 8mm. Tagliata in due parti asimmetriche dal portasalviette (optional), Moon \u00e8 utile come integrazione al tradizionale sistema di riscaldamento per ambienti bagno o aree doccia.Glass. A comfort zone warmed by Moon and animated on the wall by the rounded graphics of the glossy surface of the 8mm tempered glass. Cut into two asymmetrical parts by the towel holder (optional), Moon is useful as an integration to the traditional heating system for bathrooms or shower areas.Glas. Eine Komfortzone, die von Moon erw\u00e4rmt und an der Wand durch die abgerundete Grafik der gl\u00e4nzenden Oberfl\u00e4che des 8 mm starken geh\u00e4rteten Glases belebt wird. Moon ist durch den Handtuchhalter (optional) in zwei asymmetrische Teile geteilt und eignet sich zur Integration in das herk\u00f6mmliche Heizsystem von badezimmern oder Duschbereichen.Verre. Une zone de confort chauff\u00e9e par Moon et anim\u00e9e sur le mur par le graphisme arrondi de la surface brillante du verre tremp\u00e9 de 8mm. Divis\u00e9e en deux parties asym\u00e9triques par le porte-serviettes (en option), Moon est utile comme compl\u00e9ment du syst\u00e8me de chauffage traditionnel dans les salles de bains ou les salles d\u2019eau.Vaso. Una zona de confort calefaccionada por Moon y animada en la pared por los grafismos redondeados de la superficie pulida del vidrio templado de 8 mm. Cortada en dos partes asim\u00e9tricas por el toallero (opcional), Moon es \u00fatil como complemento del sistema de calefacci\u00f3n tradicional para cuartos de ba\u00f1o o zonas de ducha.","robots":{"index":"index","follow":"follow","max-snippet":"max-snippet:-1","max-image-preview":"max-image-preview:large","max-video-preview":"max-video-preview:-1"},"canonical":"https:\/\/www.k8radiatori.it\/fr\/radiatori\/moon\/","twitter_misc":{"Tiempo de lectura":"1 minuto"},"schema":{"@context":"https:\/\/schema.org","@graph":[{"@type":"WebPage","@id":"https:\/\/www.k8radiatori.it\/fr\/radiatori\/moon\/","url":"https:\/\/www.k8radiatori.it\/fr\/radiatori\/moon\/","name":"Moon - K8 radiatori","isPartOf":{"@id":"https:\/\/www.k8radiatori.it\/de\/#website"},"datePublished":"2023-03-29T09:15:49+00:00","dateModified":"2023-06-29T10:06:24+00:00","description":"Vetro. Una comfort zone scaldata da Moon e animata sulla parete dal grafismo tondeggiante della lucida superficie del vetro temperato da 8mm. Tagliata in due parti asimmetriche dal portasalviette (optional), Moon \u00e8 utile come integrazione al tradizionale sistema di riscaldamento per ambienti bagno o aree doccia.Glass. A comfort zone warmed by Moon and animated on the wall by the rounded graphics of the glossy surface of the 8mm tempered glass. Cut into two asymmetrical parts by the towel holder (optional), Moon is useful as an integration to the traditional heating system for bathrooms or shower areas.Glas. Eine Komfortzone, die von Moon erw\u00e4rmt und an der Wand durch die abgerundete Grafik der gl\u00e4nzenden Oberfl\u00e4che des 8 mm starken geh\u00e4rteten Glases belebt wird. Moon ist durch den Handtuchhalter (optional) in zwei asymmetrische Teile geteilt und eignet sich zur Integration in das herk\u00f6mmliche Heizsystem von badezimmern oder Duschbereichen.Verre. Une zone de confort chauff\u00e9e par Moon et anim\u00e9e sur le mur par le graphisme arrondi de la surface brillante du verre tremp\u00e9 de 8mm. Divis\u00e9e en deux parties asym\u00e9triques par le porte-serviettes (en option), Moon est utile comme compl\u00e9ment du syst\u00e8me de chauffage traditionnel dans les salles de bains ou les salles d\u2019eau.Vaso. Una zona de confort calefaccionada por Moon y animada en la pared por los grafismos redondeados de la superficie pulida del vidrio templado de 8 mm. Cortada en dos partes asim\u00e9tricas por el toallero (opcional), Moon es \u00fatil como complemento del sistema de calefacci\u00f3n tradicional para cuartos de ba\u00f1o o zonas de ducha.","breadcrumb":{"@id":"https:\/\/www.k8radiatori.it\/fr\/radiatori\/moon\/#breadcrumb"},"inLanguage":"es","potentialAction":[{"@type":"ReadAction","target":["https:\/\/www.k8radiatori.it\/fr\/radiatori\/moon\/"]}]},{"@type":"BreadcrumbList","@id":"https:\/\/www.k8radiatori.it\/fr\/radiatori\/moon\/#breadcrumb","itemListElement":[{"@type":"ListItem","position":1,"name":"Home","item":"https:\/\/www.k8radiatori.it\/"},{"@type":"ListItem","position":2,"name":"Shop","item":"https:\/\/www.k8radiatori.it\/de\/negozio\/"},{"@type":"ListItem","position":3,"name":"Moon"}]},{"@type":"WebSite","@id":"https:\/\/www.k8radiatori.it\/de\/#website","url":"https:\/\/www.k8radiatori.it\/de\/","name":"K8 radiatori","description":"K8 radiatori","publisher":{"@id":"https:\/\/www.k8radiatori.it\/de\/#organization"},"potentialAction":[{"@type":"SearchAction","target":{"@type":"EntryPoint","urlTemplate":"https:\/\/www.k8radiatori.it\/de\/?s={search_term_string}"},"query-input":"required name=search_term_string"}],"inLanguage":"es"},{"@type":"Organization","@id":"https:\/\/www.k8radiatori.it\/de\/#organization","name":"K8 radiatori","url":"https:\/\/www.k8radiatori.it\/de\/","logo":{"@type":"ImageObject","inLanguage":"es","@id":"https:\/\/www.k8radiatori.it\/de\/#\/schema\/logo\/image\/","url":"https:\/\/www.k8radiatori.it\/wp-content\/uploads\/2016\/03\/logo.png","contentUrl":"https:\/\/www.k8radiatori.it\/wp-content\/uploads\/2016\/03\/logo.png","width":253,"height":283,"caption":"K8 radiatori"},"image":{"@id":"https:\/\/www.k8radiatori.it\/de\/#\/schema\/logo\/image\/"}}]}},"_links":{"self":[{"href":"https:\/\/www.k8radiatori.it\/es\/wp-json\/wp\/v3\/product\/2397"}],"collection":[{"href":"https:\/\/www.k8radiatori.it\/es\/wp-json\/wp\/v3\/product"}],"about":[{"href":"https:\/\/www.k8radiatori.it\/es\/wp-json\/wp\/v2\/types\/product"}],"replies":[{"embeddable":true,"href":"https:\/\/www.k8radiatori.it\/es\/wp-json\/wp\/v2\/comments?post=2397"}],"wp:featuredmedia":[{"embeddable":true,"href":"https:\/\/www.k8radiatori.it\/es\/wp-json\/wp\/v2\/media\/2401"}],"wp:attachment":[{"href":"https:\/\/www.k8radiatori.it\/es\/wp-json\/wp\/v2\/media?parent=2397"}],"wp:term":[{"taxonomy":"product_cat","embeddable":true,"href":"https:\/\/www.k8radiatori.it\/es\/wp-json\/wp\/v2\/product_cat?post=2397"},{"taxonomy":"product_tag","embeddable":true,"href":"https:\/\/www.k8radiatori.it\/es\/wp-json\/wp\/v2\/product_tag?post=2397"}],"curies":[{"name":"wp","href":"https:\/\/api.w.org\/{rel}","templated":true}]}}