{"id":1065,"date":"2016-06-15T15:04:06","date_gmt":"2016-06-15T13:04:06","guid":{"rendered":"http:\/\/www.k8radiatori.it\/prodotto\/yin-camelia\/"},"modified":"2023-06-29T11:02:35","modified_gmt":"2023-06-29T09:02:35","slug":"yang-nature-camelia","status":"publish","type":"product","link":"https:\/\/www.k8radiatori.it\/es\/radiatori\/yang-camelia\/","title":{"rendered":"Yang Nature Camelia"},"content":{"rendered":"<p><strong><a href=\"http:\/\/www.k8radiatori.it\/wp-content\/uploads\/2016\/07\/yinyang_trama-nature_CAMELIA-SALICE.pdf\" target=\"_blank\">Scarica qui le specifiche tecniche del radiatore<\/a><\/strong><\/p>\n<p><a href=\"\/contatti\/\">Su richiesta \u00e8 possibile avere schede dettagliate sul prodotto<\/a><\/p>\n<p><a href=\"http:\/\/www.k8radiatori.it\/wp-content\/uploads\/2016\/07\/YINYANG-NATURE-CAMELIA.jpg\"><img decoding=\"async\" loading=\"lazy\" class=\"size-full wp-image-1228 alignleft\" src=\"http:\/\/www.k8radiatori.it\/wp-content\/uploads\/2016\/07\/YINYANG-NATURE-CAMELIA.jpg\" alt=\"Immagine radiatore YIN&amp;YANG NATURE CAMELIA\" width=\"244\" height=\"533\" srcset=\"https:\/\/www.k8radiatori.it\/wp-content\/uploads\/2016\/07\/YINYANG-NATURE-CAMELIA.jpg 244w, https:\/\/www.k8radiatori.it\/wp-content\/uploads\/2016\/07\/YINYANG-NATURE-CAMELIA-183x400.jpg 183w\" sizes=\"(max-width: 244px) 100vw, 244px\" \/><\/a><\/p>","protected":false},"excerpt":{"rendered":"<p>Perfil minimalista extrafino que anula todo toda el grosor del radiador, una forma estilizada,<br \/>\nun volumen ligero en la pared. Colocaci\u00f3n horizontal o vertical; superficie lisa o personalizada<br \/>\ncon decoraciones \u201ctrama\u201d, \u201cmosaico\u201d o decoraci\u00f3n \u201ccamelia\u201d, \u201csalice\u201d y \u201cribes\u201d. Yin es un<br \/>\nradiador con un excelente rendimiento t\u00e9rmico.<\/p>\n","protected":false},"featured_media":1410,"comment_status":"closed","ping_status":"closed","template":"","meta":[],"product_cat":[28],"product_tag":[48,131],"yoast_head":"<!-- This site is optimized with the Yoast SEO plugin v20.8 - https:\/\/yoast.com\/wordpress\/plugins\/seo\/ -->\n<title>Yang Nature Camelia - K8 radiatori<\/title>\n<meta name=\"description\" content=\"Profilo minimale a lama che annulla tutto lo spessore del termoarredo, una forma slanciata, un volume leggero sulla parete. Da posizionare in orizzontale o verticale; superficie liscia o personalizzabile con decorazioni trama mosaico o decoro camelia, salice e ribes. Yin \u00e8 un termoarredo dalle eccellenti performance termiche.A blade profile which cancels the thickness of the radiator, a slender shape, a light volume on the wall. To be positioned horizontally or vertically; the surface can be smooth or customizable with decorations such as camelia, salice and ribes, or mosaico and trama. Yin is a radiator with excellent thermal performance.Ein Fl\u00fcgelprofil, das die Dicke des K\u00fchlers aufhebt, eine schlanke Form, eine Lichtmenge an der Wand. Horizontal oder vertikal positioniert werden; die Oberfl\u00e4che kann glatt oder individuell mit Dekorationen wie Camelia, Salice und Ribes, oder mosaico und Trama sein. Yin ist ein Heizk\u00f6rper mit ausgezeichneter thermischer Leistung.Profile lame minimal qui annule la totalit\u00e9 de l\u2019\u00e9paisseur du radiateur, une silhouette \u00e9lanc\u00e9e, un volume l\u00e9ger sur la paroi. \u00c0 positionner horizontalement ou verticalement: surface lisse ou personnalisable avec d\u00e9corations trama mosaico ou d\u00e9cors camelia, salice et ribes. Yin est un radiateur ayant d\u2019excellentes performances thermiques.Perfil minimalista extrafino que anula todo toda el grosor del radiador, una forma estilizada, un volumen ligero en la pared. Colocaci\u00f3n horizontal o vertical; superficie lisa o personalizada con decoraciones \u201ctrama\u201d, \u201cmosaico\u201d o decoraci\u00f3n \u201ccamelia\u201d, \u201csalice\u201d y \u201cribes\u201d. Yin es un radiador con un excelente rendimiento t\u00e9rmico.\" \/>\n<meta name=\"robots\" content=\"index, follow, max-snippet:-1, max-image-preview:large, max-video-preview:-1\" \/>\n<link rel=\"canonical\" href=\"https:\/\/www.k8radiatori.it\/es\/radiatori\/yang-camelia\/\" \/>\n<script type=\"application\/ld+json\" class=\"yoast-schema-graph\">{\"@context\":\"https:\/\/schema.org\",\"@graph\":[{\"@type\":\"WebPage\",\"@id\":\"https:\/\/www.k8radiatori.it\/es\/radiatori\/yang-camelia\/\",\"url\":\"https:\/\/www.k8radiatori.it\/es\/radiatori\/yang-camelia\/\",\"name\":\"Yang Nature Camelia - K8 radiatori\",\"isPartOf\":{\"@id\":\"https:\/\/www.k8radiatori.it\/de\/#website\"},\"datePublished\":\"2016-06-15T13:04:06+00:00\",\"dateModified\":\"2023-06-29T09:02:35+00:00\",\"description\":\"Profilo minimale a lama che annulla tutto lo spessore del termoarredo, una forma slanciata, un volume leggero sulla parete. Da posizionare in orizzontale o verticale; superficie liscia o personalizzabile con decorazioni trama mosaico o decoro camelia, salice e ribes. Yin \u00e8 un termoarredo dalle eccellenti performance termiche.A blade profile which cancels the thickness of the radiator, a slender shape, a light volume on the wall. To be positioned horizontally or vertically; the surface can be smooth or customizable with decorations such as camelia, salice and ribes, or mosaico and trama. Yin is a radiator with excellent thermal performance.Ein Fl\u00fcgelprofil, das die Dicke des K\u00fchlers aufhebt, eine schlanke Form, eine Lichtmenge an der Wand. Horizontal oder vertikal positioniert werden; die Oberfl\u00e4che kann glatt oder individuell mit Dekorationen wie Camelia, Salice und Ribes, oder mosaico und Trama sein. Yin ist ein Heizk\u00f6rper mit ausgezeichneter thermischer Leistung.Profile lame minimal qui annule la totalit\u00e9 de l\u2019\u00e9paisseur du radiateur, une silhouette \u00e9lanc\u00e9e, un volume l\u00e9ger sur la paroi. \u00c0 positionner horizontalement ou verticalement: surface lisse ou personnalisable avec d\u00e9corations trama mosaico ou d\u00e9cors camelia, salice et ribes. Yin est un radiateur ayant d\u2019excellentes performances thermiques.Perfil minimalista extrafino que anula todo toda el grosor del radiador, una forma estilizada, un volumen ligero en la pared. Colocaci\u00f3n horizontal o vertical; superficie lisa o personalizada con decoraciones \u201ctrama\u201d, \u201cmosaico\u201d o decoraci\u00f3n \u201ccamelia\u201d, \u201csalice\u201d y \u201cribes\u201d. Yin es un radiador con un excelente rendimiento t\u00e9rmico.\",\"breadcrumb\":{\"@id\":\"https:\/\/www.k8radiatori.it\/es\/radiatori\/yang-camelia\/#breadcrumb\"},\"inLanguage\":\"es\",\"potentialAction\":[{\"@type\":\"ReadAction\",\"target\":[\"https:\/\/www.k8radiatori.it\/es\/radiatori\/yang-camelia\/\"]}]},{\"@type\":\"BreadcrumbList\",\"@id\":\"https:\/\/www.k8radiatori.it\/es\/radiatori\/yang-camelia\/#breadcrumb\",\"itemListElement\":[{\"@type\":\"ListItem\",\"position\":1,\"name\":\"Home\",\"item\":\"https:\/\/www.k8radiatori.it\/\"},{\"@type\":\"ListItem\",\"position\":2,\"name\":\"Shop\",\"item\":\"https:\/\/www.k8radiatori.it\/de\/negozio\/\"},{\"@type\":\"ListItem\",\"position\":3,\"name\":\"Yang Nature Camelia\"}]},{\"@type\":\"WebSite\",\"@id\":\"https:\/\/www.k8radiatori.it\/de\/#website\",\"url\":\"https:\/\/www.k8radiatori.it\/de\/\",\"name\":\"K8 radiatori\",\"description\":\"K8 radiatori\",\"publisher\":{\"@id\":\"https:\/\/www.k8radiatori.it\/de\/#organization\"},\"potentialAction\":[{\"@type\":\"SearchAction\",\"target\":{\"@type\":\"EntryPoint\",\"urlTemplate\":\"https:\/\/www.k8radiatori.it\/de\/?s={search_term_string}\"},\"query-input\":\"required name=search_term_string\"}],\"inLanguage\":\"es\"},{\"@type\":\"Organization\",\"@id\":\"https:\/\/www.k8radiatori.it\/de\/#organization\",\"name\":\"K8 radiatori\",\"url\":\"https:\/\/www.k8radiatori.it\/de\/\",\"logo\":{\"@type\":\"ImageObject\",\"inLanguage\":\"es\",\"@id\":\"https:\/\/www.k8radiatori.it\/de\/#\/schema\/logo\/image\/\",\"url\":\"https:\/\/www.k8radiatori.it\/wp-content\/uploads\/2016\/03\/logo.png\",\"contentUrl\":\"https:\/\/www.k8radiatori.it\/wp-content\/uploads\/2016\/03\/logo.png\",\"width\":253,\"height\":283,\"caption\":\"K8 radiatori\"},\"image\":{\"@id\":\"https:\/\/www.k8radiatori.it\/de\/#\/schema\/logo\/image\/\"}}]}<\/script>\n<!-- \/ Yoast SEO plugin. -->","yoast_head_json":{"title":"Yang Nature Camelia - K8 radiatori","description":"Profilo minimale a lama che annulla tutto lo spessore del termoarredo, una forma slanciata, un volume leggero sulla parete. Da posizionare in orizzontale o verticale; superficie liscia o personalizzabile con decorazioni trama mosaico o decoro camelia, salice e ribes. Yin \u00e8 un termoarredo dalle eccellenti performance termiche.A blade profile which cancels the thickness of the radiator, a slender shape, a light volume on the wall. To be positioned horizontally or vertically; the surface can be smooth or customizable with decorations such as camelia, salice and ribes, or mosaico and trama. Yin is a radiator with excellent thermal performance.Ein Fl\u00fcgelprofil, das die Dicke des K\u00fchlers aufhebt, eine schlanke Form, eine Lichtmenge an der Wand. Horizontal oder vertikal positioniert werden; die Oberfl\u00e4che kann glatt oder individuell mit Dekorationen wie Camelia, Salice und Ribes, oder mosaico und Trama sein. Yin ist ein Heizk\u00f6rper mit ausgezeichneter thermischer Leistung.Profile lame minimal qui annule la totalit\u00e9 de l\u2019\u00e9paisseur du radiateur, une silhouette \u00e9lanc\u00e9e, un volume l\u00e9ger sur la paroi. \u00c0 positionner horizontalement ou verticalement: surface lisse ou personnalisable avec d\u00e9corations trama mosaico ou d\u00e9cors camelia, salice et ribes. Yin est un radiateur ayant d\u2019excellentes performances thermiques.Perfil minimalista extrafino que anula todo toda el grosor del radiador, una forma estilizada, un volumen ligero en la pared. Colocaci\u00f3n horizontal o vertical; superficie lisa o personalizada con decoraciones \u201ctrama\u201d, \u201cmosaico\u201d o decoraci\u00f3n \u201ccamelia\u201d, \u201csalice\u201d y \u201cribes\u201d. Yin es un radiador con un excelente rendimiento t\u00e9rmico.","robots":{"index":"index","follow":"follow","max-snippet":"max-snippet:-1","max-image-preview":"max-image-preview:large","max-video-preview":"max-video-preview:-1"},"canonical":"https:\/\/www.k8radiatori.it\/es\/radiatori\/yang-camelia\/","schema":{"@context":"https:\/\/schema.org","@graph":[{"@type":"WebPage","@id":"https:\/\/www.k8radiatori.it\/es\/radiatori\/yang-camelia\/","url":"https:\/\/www.k8radiatori.it\/es\/radiatori\/yang-camelia\/","name":"Yang Nature Camelia - K8 radiatori","isPartOf":{"@id":"https:\/\/www.k8radiatori.it\/de\/#website"},"datePublished":"2016-06-15T13:04:06+00:00","dateModified":"2023-06-29T09:02:35+00:00","description":"Profilo minimale a lama che annulla tutto lo spessore del termoarredo, una forma slanciata, un volume leggero sulla parete. Da posizionare in orizzontale o verticale; superficie liscia o personalizzabile con decorazioni trama mosaico o decoro camelia, salice e ribes. Yin \u00e8 un termoarredo dalle eccellenti performance termiche.A blade profile which cancels the thickness of the radiator, a slender shape, a light volume on the wall. To be positioned horizontally or vertically; the surface can be smooth or customizable with decorations such as camelia, salice and ribes, or mosaico and trama. Yin is a radiator with excellent thermal performance.Ein Fl\u00fcgelprofil, das die Dicke des K\u00fchlers aufhebt, eine schlanke Form, eine Lichtmenge an der Wand. Horizontal oder vertikal positioniert werden; die Oberfl\u00e4che kann glatt oder individuell mit Dekorationen wie Camelia, Salice und Ribes, oder mosaico und Trama sein. Yin ist ein Heizk\u00f6rper mit ausgezeichneter thermischer Leistung.Profile lame minimal qui annule la totalit\u00e9 de l\u2019\u00e9paisseur du radiateur, une silhouette \u00e9lanc\u00e9e, un volume l\u00e9ger sur la paroi. \u00c0 positionner horizontalement ou verticalement: surface lisse ou personnalisable avec d\u00e9corations trama mosaico ou d\u00e9cors camelia, salice et ribes. Yin est un radiateur ayant d\u2019excellentes performances thermiques.Perfil minimalista extrafino que anula todo toda el grosor del radiador, una forma estilizada, un volumen ligero en la pared. Colocaci\u00f3n horizontal o vertical; superficie lisa o personalizada con decoraciones \u201ctrama\u201d, \u201cmosaico\u201d o decoraci\u00f3n \u201ccamelia\u201d, \u201csalice\u201d y \u201cribes\u201d. Yin es un radiador con un excelente rendimiento t\u00e9rmico.","breadcrumb":{"@id":"https:\/\/www.k8radiatori.it\/es\/radiatori\/yang-camelia\/#breadcrumb"},"inLanguage":"es","potentialAction":[{"@type":"ReadAction","target":["https:\/\/www.k8radiatori.it\/es\/radiatori\/yang-camelia\/"]}]},{"@type":"BreadcrumbList","@id":"https:\/\/www.k8radiatori.it\/es\/radiatori\/yang-camelia\/#breadcrumb","itemListElement":[{"@type":"ListItem","position":1,"name":"Home","item":"https:\/\/www.k8radiatori.it\/"},{"@type":"ListItem","position":2,"name":"Shop","item":"https:\/\/www.k8radiatori.it\/de\/negozio\/"},{"@type":"ListItem","position":3,"name":"Yang Nature Camelia"}]},{"@type":"WebSite","@id":"https:\/\/www.k8radiatori.it\/de\/#website","url":"https:\/\/www.k8radiatori.it\/de\/","name":"K8 radiatori","description":"K8 radiatori","publisher":{"@id":"https:\/\/www.k8radiatori.it\/de\/#organization"},"potentialAction":[{"@type":"SearchAction","target":{"@type":"EntryPoint","urlTemplate":"https:\/\/www.k8radiatori.it\/de\/?s={search_term_string}"},"query-input":"required name=search_term_string"}],"inLanguage":"es"},{"@type":"Organization","@id":"https:\/\/www.k8radiatori.it\/de\/#organization","name":"K8 radiatori","url":"https:\/\/www.k8radiatori.it\/de\/","logo":{"@type":"ImageObject","inLanguage":"es","@id":"https:\/\/www.k8radiatori.it\/de\/#\/schema\/logo\/image\/","url":"https:\/\/www.k8radiatori.it\/wp-content\/uploads\/2016\/03\/logo.png","contentUrl":"https:\/\/www.k8radiatori.it\/wp-content\/uploads\/2016\/03\/logo.png","width":253,"height":283,"caption":"K8 radiatori"},"image":{"@id":"https:\/\/www.k8radiatori.it\/de\/#\/schema\/logo\/image\/"}}]}},"_links":{"self":[{"href":"https:\/\/www.k8radiatori.it\/es\/wp-json\/wp\/v3\/product\/1065"}],"collection":[{"href":"https:\/\/www.k8radiatori.it\/es\/wp-json\/wp\/v3\/product"}],"about":[{"href":"https:\/\/www.k8radiatori.it\/es\/wp-json\/wp\/v2\/types\/product"}],"replies":[{"embeddable":true,"href":"https:\/\/www.k8radiatori.it\/es\/wp-json\/wp\/v2\/comments?post=1065"}],"wp:featuredmedia":[{"embeddable":true,"href":"https:\/\/www.k8radiatori.it\/es\/wp-json\/wp\/v2\/media\/1410"}],"wp:attachment":[{"href":"https:\/\/www.k8radiatori.it\/es\/wp-json\/wp\/v2\/media?parent=1065"}],"wp:term":[{"taxonomy":"product_cat","embeddable":true,"href":"https:\/\/www.k8radiatori.it\/es\/wp-json\/wp\/v2\/product_cat?post=1065"},{"taxonomy":"product_tag","embeddable":true,"href":"https:\/\/www.k8radiatori.it\/es\/wp-json\/wp\/v2\/product_tag?post=1065"}],"curies":[{"name":"wp","href":"https:\/\/api.w.org\/{rel}","templated":true}]}}