{"id":1064,"date":"2016-06-15T15:01:20","date_gmt":"2016-06-15T13:01:20","guid":{"rendered":"http:\/\/www.k8radiatori.it\/prodotto\/yang-ribes\/"},"modified":"2023-06-28T19:04:18","modified_gmt":"2023-06-28T17:04:18","slug":"yin-nature-ribes","status":"publish","type":"product","link":"https:\/\/www.k8radiatori.it\/es\/radiatori\/yin-ribes\/","title":{"rendered":"Yin Nature Ribes"},"content":{"rendered":"<p><strong><a href=\"http:\/\/www.k8radiatori.it\/wp-content\/uploads\/2016\/07\/yinyang_trama-nature_CAMELIA-SALICE.pdf\" target=\"_blank\" rel=\"noopener\">Scarica qui le specifiche tecniche del radiatore<\/a><\/strong><\/p>\n<p><a href=\"\/contatti\/\">Su richiesta \u00e8 possibile avere schede dettagliate sul prodotto<\/a><\/p>\n<p><a href=\"http:\/\/www.k8radiatori.it\/wp-content\/uploads\/2016\/07\/YINYANG-NATURE-RIBES.jpg\"><img decoding=\"async\" loading=\"lazy\" class=\"size-full wp-image-1229 alignleft\" src=\"http:\/\/www.k8radiatori.it\/wp-content\/uploads\/2016\/07\/YINYANG-NATURE-RIBES.jpg\" alt=\"Immagine radiatore YIN&amp;YANG NATURE RIBES\" width=\"243\" height=\"536\" srcset=\"https:\/\/www.k8radiatori.it\/wp-content\/uploads\/2016\/07\/YINYANG-NATURE-RIBES.jpg 243w, https:\/\/www.k8radiatori.it\/wp-content\/uploads\/2016\/07\/YINYANG-NATURE-RIBES-181x400.jpg 181w\" sizes=\"(max-width: 243px) 100vw, 243px\" \/><\/a><\/p>","protected":false},"excerpt":{"rendered":"<p>A decorative es el marco el que se creates reduciendo RICHIESTA of radiador thus transforming an element Yang en de decoraci\u00f3n whence funcionalidad y el valor aesthetic est\u00e1n to mismo nivel.<\/p>\n<p>Dimensi\u00f3n de la libertad y la posibilidad de decorar surface hacen que sea Yang with a radiador grandes y cualidades elevada eficacia.<\/p>\n","protected":false},"featured_media":1408,"comment_status":"closed","ping_status":"closed","template":"","meta":[],"product_cat":[28],"product_tag":[48,133],"yoast_head":"<!-- This site is optimized with the Yoast SEO plugin v20.8 - https:\/\/yoast.com\/wordpress\/plugins\/seo\/ -->\n<title>Yin Nature Ribes - K8 radiatori<\/title>\n<meta name=\"description\" content=\"Una nota d\u00e9cor \u00e8 la cornice che si viene a creare nella riduzione dello spessore del termoarredo trasformando Yang in un elemento d\u2019arredo dove funzionalit\u00e0 e valore estetico sono sullo stesso piano.  Libert\u00e0 dimensionale e possibilit\u00e0 di decorazione della superficie fanno di Yang un calorifero dalle alte qualit\u00e0 prestazionali.The frame created in the reduction of the thickness of the Yang radiator transforms it into a piece of furniture where functionality and aesthetic value are on the same level.  Dimensional freedom and possibility to decorate the surface of the Yang make it a high quality performance radiator.Der in der Reduktion der Dicke des Yang Heizk\u00f6rper erstellt Rahmen verwandelt es in ein M\u00f6belst\u00fcck, wo Funktionalit\u00e4t und \u00e4sthetischem Wert sind auf dem gleichen Niveau. Dimensionale Freiheit und M\u00f6glichkeit, schm\u00fccken die Oberfl\u00e4che des Yang machen es zu einem hochwertigen Leistungs Heizk\u00f6rper.Une note d\u00e9cor est la trame cr\u00e9\u00e9 avec la r\u00e9duction de l\u2019\u00e9paisseur du radiateur et qui transforme Yang en un \u00e9l\u00e9ment mobilier, o\u00f9 fonctionnalit\u00e9 et valeur esth\u00e9tique sont au m\u00eame niveau.  Libert\u00e9 dimensionnelle et possibilit\u00e9 de d\u00e9corer la surface transforment Yang en un radiateur avec des qualit\u00e9s de performance \u00e9lev\u00e9es.A decorative es el marco el que se creates reduciendo RICHIESTA of radiador thus transforming an element Yang en de decoraci\u00f3n whence funcionalidad y el valor aesthetic est\u00e1n to mismo nivel.  Dimensi\u00f3n de la libertad y la posibilidad de decorar surface hacen que sea Yang with a radiador grandes y cualidades elevada eficacia.\" \/>\n<meta name=\"robots\" content=\"index, follow, max-snippet:-1, max-image-preview:large, max-video-preview:-1\" \/>\n<link rel=\"canonical\" href=\"https:\/\/www.k8radiatori.it\/radiatori\/termoarredo-yin-ribes\/\" \/>\n<meta name=\"twitter:label1\" content=\"Tiempo de lectura\" \/>\n\t<meta name=\"twitter:data1\" content=\"1 minuto\" \/>\n<script type=\"application\/ld+json\" class=\"yoast-schema-graph\">{\"@context\":\"https:\/\/schema.org\",\"@graph\":[{\"@type\":\"WebPage\",\"@id\":\"https:\/\/www.k8radiatori.it\/radiatori\/termoarredo-yin-ribes\/\",\"url\":\"https:\/\/www.k8radiatori.it\/radiatori\/termoarredo-yin-ribes\/\",\"name\":\"Yin Nature Ribes - K8 radiatori\",\"isPartOf\":{\"@id\":\"https:\/\/www.k8radiatori.it\/de\/#website\"},\"datePublished\":\"2016-06-15T13:01:20+00:00\",\"dateModified\":\"2023-06-28T17:04:18+00:00\",\"description\":\"Una nota d\u00e9cor \u00e8 la cornice che si viene a creare nella riduzione dello spessore del termoarredo trasformando Yang in un elemento d\u2019arredo dove funzionalit\u00e0 e valore estetico sono sullo stesso piano. Libert\u00e0 dimensionale e possibilit\u00e0 di decorazione della superficie fanno di Yang un calorifero dalle alte qualit\u00e0 prestazionali.The frame created in the reduction of the thickness of the Yang radiator transforms it into a piece of furniture where functionality and aesthetic value are on the same level. Dimensional freedom and possibility to decorate the surface of the Yang make it a high quality performance radiator.Der in der Reduktion der Dicke des Yang Heizk\u00f6rper erstellt Rahmen verwandelt es in ein M\u00f6belst\u00fcck, wo Funktionalit\u00e4t und \u00e4sthetischem Wert sind auf dem gleichen Niveau. Dimensionale Freiheit und M\u00f6glichkeit, schm\u00fccken die Oberfl\u00e4che des Yang machen es zu einem hochwertigen Leistungs Heizk\u00f6rper.Une note d\u00e9cor est la trame cr\u00e9\u00e9 avec la r\u00e9duction de l\u2019\u00e9paisseur du radiateur et qui transforme Yang en un \u00e9l\u00e9ment mobilier, o\u00f9 fonctionnalit\u00e9 et valeur esth\u00e9tique sont au m\u00eame niveau. Libert\u00e9 dimensionnelle et possibilit\u00e9 de d\u00e9corer la surface transforment Yang en un radiateur avec des qualit\u00e9s de performance \u00e9lev\u00e9es.A decorative es el marco el que se creates reduciendo RICHIESTA of radiador thus transforming an element Yang en de decoraci\u00f3n whence funcionalidad y el valor aesthetic est\u00e1n to mismo nivel. Dimensi\u00f3n de la libertad y la posibilidad de decorar surface hacen que sea Yang with a radiador grandes y cualidades elevada eficacia.\",\"breadcrumb\":{\"@id\":\"https:\/\/www.k8radiatori.it\/radiatori\/termoarredo-yin-ribes\/#breadcrumb\"},\"inLanguage\":\"es\",\"potentialAction\":[{\"@type\":\"ReadAction\",\"target\":[\"https:\/\/www.k8radiatori.it\/radiatori\/termoarredo-yin-ribes\/\"]}]},{\"@type\":\"BreadcrumbList\",\"@id\":\"https:\/\/www.k8radiatori.it\/radiatori\/termoarredo-yin-ribes\/#breadcrumb\",\"itemListElement\":[{\"@type\":\"ListItem\",\"position\":1,\"name\":\"Home\",\"item\":\"https:\/\/www.k8radiatori.it\/\"},{\"@type\":\"ListItem\",\"position\":2,\"name\":\"Shop\",\"item\":\"https:\/\/www.k8radiatori.it\/de\/negozio\/\"},{\"@type\":\"ListItem\",\"position\":3,\"name\":\"Yin Nature Ribes, termoarredo\"}]},{\"@type\":\"WebSite\",\"@id\":\"https:\/\/www.k8radiatori.it\/de\/#website\",\"url\":\"https:\/\/www.k8radiatori.it\/de\/\",\"name\":\"K8 radiatori\",\"description\":\"K8 radiatori\",\"publisher\":{\"@id\":\"https:\/\/www.k8radiatori.it\/de\/#organization\"},\"potentialAction\":[{\"@type\":\"SearchAction\",\"target\":{\"@type\":\"EntryPoint\",\"urlTemplate\":\"https:\/\/www.k8radiatori.it\/de\/?s={search_term_string}\"},\"query-input\":\"required name=search_term_string\"}],\"inLanguage\":\"es\"},{\"@type\":\"Organization\",\"@id\":\"https:\/\/www.k8radiatori.it\/de\/#organization\",\"name\":\"K8 radiatori\",\"url\":\"https:\/\/www.k8radiatori.it\/de\/\",\"logo\":{\"@type\":\"ImageObject\",\"inLanguage\":\"es\",\"@id\":\"https:\/\/www.k8radiatori.it\/de\/#\/schema\/logo\/image\/\",\"url\":\"https:\/\/www.k8radiatori.it\/wp-content\/uploads\/2016\/03\/logo.png\",\"contentUrl\":\"https:\/\/www.k8radiatori.it\/wp-content\/uploads\/2016\/03\/logo.png\",\"width\":253,\"height\":283,\"caption\":\"K8 radiatori\"},\"image\":{\"@id\":\"https:\/\/www.k8radiatori.it\/de\/#\/schema\/logo\/image\/\"}}]}<\/script>\n<!-- \/ Yoast SEO plugin. -->","yoast_head_json":{"title":"Yin Nature Ribes - K8 radiatori","description":"Una nota d\u00e9cor \u00e8 la cornice che si viene a creare nella riduzione dello spessore del termoarredo trasformando Yang in un elemento d\u2019arredo dove funzionalit\u00e0 e valore estetico sono sullo stesso piano.  Libert\u00e0 dimensionale e possibilit\u00e0 di decorazione della superficie fanno di Yang un calorifero dalle alte qualit\u00e0 prestazionali.The frame created in the reduction of the thickness of the Yang radiator transforms it into a piece of furniture where functionality and aesthetic value are on the same level.  Dimensional freedom and possibility to decorate the surface of the Yang make it a high quality performance radiator.Der in der Reduktion der Dicke des Yang Heizk\u00f6rper erstellt Rahmen verwandelt es in ein M\u00f6belst\u00fcck, wo Funktionalit\u00e4t und \u00e4sthetischem Wert sind auf dem gleichen Niveau. Dimensionale Freiheit und M\u00f6glichkeit, schm\u00fccken die Oberfl\u00e4che des Yang machen es zu einem hochwertigen Leistungs Heizk\u00f6rper.Une note d\u00e9cor est la trame cr\u00e9\u00e9 avec la r\u00e9duction de l\u2019\u00e9paisseur du radiateur et qui transforme Yang en un \u00e9l\u00e9ment mobilier, o\u00f9 fonctionnalit\u00e9 et valeur esth\u00e9tique sont au m\u00eame niveau.  Libert\u00e9 dimensionnelle et possibilit\u00e9 de d\u00e9corer la surface transforment Yang en un radiateur avec des qualit\u00e9s de performance \u00e9lev\u00e9es.A decorative es el marco el que se creates reduciendo RICHIESTA of radiador thus transforming an element Yang en de decoraci\u00f3n whence funcionalidad y el valor aesthetic est\u00e1n to mismo nivel.  Dimensi\u00f3n de la libertad y la posibilidad de decorar surface hacen que sea Yang with a radiador grandes y cualidades elevada eficacia.","robots":{"index":"index","follow":"follow","max-snippet":"max-snippet:-1","max-image-preview":"max-image-preview:large","max-video-preview":"max-video-preview:-1"},"canonical":"https:\/\/www.k8radiatori.it\/radiatori\/termoarredo-yin-ribes\/","twitter_misc":{"Tiempo de lectura":"1 minuto"},"schema":{"@context":"https:\/\/schema.org","@graph":[{"@type":"WebPage","@id":"https:\/\/www.k8radiatori.it\/radiatori\/termoarredo-yin-ribes\/","url":"https:\/\/www.k8radiatori.it\/radiatori\/termoarredo-yin-ribes\/","name":"Yin Nature Ribes - K8 radiatori","isPartOf":{"@id":"https:\/\/www.k8radiatori.it\/de\/#website"},"datePublished":"2016-06-15T13:01:20+00:00","dateModified":"2023-06-28T17:04:18+00:00","description":"Una nota d\u00e9cor \u00e8 la cornice che si viene a creare nella riduzione dello spessore del termoarredo trasformando Yang in un elemento d\u2019arredo dove funzionalit\u00e0 e valore estetico sono sullo stesso piano. Libert\u00e0 dimensionale e possibilit\u00e0 di decorazione della superficie fanno di Yang un calorifero dalle alte qualit\u00e0 prestazionali.The frame created in the reduction of the thickness of the Yang radiator transforms it into a piece of furniture where functionality and aesthetic value are on the same level. Dimensional freedom and possibility to decorate the surface of the Yang make it a high quality performance radiator.Der in der Reduktion der Dicke des Yang Heizk\u00f6rper erstellt Rahmen verwandelt es in ein M\u00f6belst\u00fcck, wo Funktionalit\u00e4t und \u00e4sthetischem Wert sind auf dem gleichen Niveau. Dimensionale Freiheit und M\u00f6glichkeit, schm\u00fccken die Oberfl\u00e4che des Yang machen es zu einem hochwertigen Leistungs Heizk\u00f6rper.Une note d\u00e9cor est la trame cr\u00e9\u00e9 avec la r\u00e9duction de l\u2019\u00e9paisseur du radiateur et qui transforme Yang en un \u00e9l\u00e9ment mobilier, o\u00f9 fonctionnalit\u00e9 et valeur esth\u00e9tique sont au m\u00eame niveau. Libert\u00e9 dimensionnelle et possibilit\u00e9 de d\u00e9corer la surface transforment Yang en un radiateur avec des qualit\u00e9s de performance \u00e9lev\u00e9es.A decorative es el marco el que se creates reduciendo RICHIESTA of radiador thus transforming an element Yang en de decoraci\u00f3n whence funcionalidad y el valor aesthetic est\u00e1n to mismo nivel. Dimensi\u00f3n de la libertad y la posibilidad de decorar surface hacen que sea Yang with a radiador grandes y cualidades elevada eficacia.","breadcrumb":{"@id":"https:\/\/www.k8radiatori.it\/radiatori\/termoarredo-yin-ribes\/#breadcrumb"},"inLanguage":"es","potentialAction":[{"@type":"ReadAction","target":["https:\/\/www.k8radiatori.it\/radiatori\/termoarredo-yin-ribes\/"]}]},{"@type":"BreadcrumbList","@id":"https:\/\/www.k8radiatori.it\/radiatori\/termoarredo-yin-ribes\/#breadcrumb","itemListElement":[{"@type":"ListItem","position":1,"name":"Home","item":"https:\/\/www.k8radiatori.it\/"},{"@type":"ListItem","position":2,"name":"Shop","item":"https:\/\/www.k8radiatori.it\/de\/negozio\/"},{"@type":"ListItem","position":3,"name":"Yin Nature Ribes, termoarredo"}]},{"@type":"WebSite","@id":"https:\/\/www.k8radiatori.it\/de\/#website","url":"https:\/\/www.k8radiatori.it\/de\/","name":"K8 radiatori","description":"K8 radiatori","publisher":{"@id":"https:\/\/www.k8radiatori.it\/de\/#organization"},"potentialAction":[{"@type":"SearchAction","target":{"@type":"EntryPoint","urlTemplate":"https:\/\/www.k8radiatori.it\/de\/?s={search_term_string}"},"query-input":"required name=search_term_string"}],"inLanguage":"es"},{"@type":"Organization","@id":"https:\/\/www.k8radiatori.it\/de\/#organization","name":"K8 radiatori","url":"https:\/\/www.k8radiatori.it\/de\/","logo":{"@type":"ImageObject","inLanguage":"es","@id":"https:\/\/www.k8radiatori.it\/de\/#\/schema\/logo\/image\/","url":"https:\/\/www.k8radiatori.it\/wp-content\/uploads\/2016\/03\/logo.png","contentUrl":"https:\/\/www.k8radiatori.it\/wp-content\/uploads\/2016\/03\/logo.png","width":253,"height":283,"caption":"K8 radiatori"},"image":{"@id":"https:\/\/www.k8radiatori.it\/de\/#\/schema\/logo\/image\/"}}]}},"_links":{"self":[{"href":"https:\/\/www.k8radiatori.it\/es\/wp-json\/wp\/v3\/product\/1064"}],"collection":[{"href":"https:\/\/www.k8radiatori.it\/es\/wp-json\/wp\/v3\/product"}],"about":[{"href":"https:\/\/www.k8radiatori.it\/es\/wp-json\/wp\/v2\/types\/product"}],"replies":[{"embeddable":true,"href":"https:\/\/www.k8radiatori.it\/es\/wp-json\/wp\/v2\/comments?post=1064"}],"wp:featuredmedia":[{"embeddable":true,"href":"https:\/\/www.k8radiatori.it\/es\/wp-json\/wp\/v2\/media\/1408"}],"wp:attachment":[{"href":"https:\/\/www.k8radiatori.it\/es\/wp-json\/wp\/v2\/media?parent=1064"}],"wp:term":[{"taxonomy":"product_cat","embeddable":true,"href":"https:\/\/www.k8radiatori.it\/es\/wp-json\/wp\/v2\/product_cat?post=1064"},{"taxonomy":"product_tag","embeddable":true,"href":"https:\/\/www.k8radiatori.it\/es\/wp-json\/wp\/v2\/product_tag?post=1064"}],"curies":[{"name":"wp","href":"https:\/\/api.w.org\/{rel}","templated":true}]}}