{"id":744,"date":"2016-03-14T18:58:19","date_gmt":"2016-03-14T17:58:19","guid":{"rendered":"http:\/\/www.k8radiatori.it\/?page_id=744"},"modified":"2016-04-18T15:48:48","modified_gmt":"2016-04-18T13:48:48","slug":"chi-siamo","status":"publish","type":"page","link":"https:\/\/www.k8radiatori.it\/es\/chi-siamo\/","title":{"rendered":"Sociedad"},"content":{"rendered":"<p><\/p>\n<h1>Sociedad<\/h1>\n<p>La Sociedad desde 1962 produce y vende tanto en Italia como en el extranjero radiadores de calefacci\u00f3n innovadores y decorativos para ambientes dom\u00e9sticos, de representaci\u00f3n, de lugares p\u00fablicos, de oficinas, de segundas casas, etc&#8230; Ofrecemos radiadores de calefacci\u00f3n no convencionales en lo que respecta a formas y acabados a los clientes que desean tener ambientes cuidados en los m\u00e1s m\u00ednimos detalles, originales en cuanto a soluciones, decorados con materiales y acabados preciados.<\/p>\n<h1>Nuestros productos<\/h1>\n<p>Decoraci\u00f3n ba\u00f1o: radiadores tubulares en acero y aluminio con elementos horizontales propagadores de calor, con porta-toallas propagadores de calor hidrot\u00e9rmicos y el\u00e9ctricos con una producci\u00f3n limitada de calor. Por lo tanto todo ello conlleva a un bajo consumo energ\u00e9tico. Termo Decoraci\u00f3n: radiadores tubulares en acero y aluminio troquelado con elementos propagadores de calor verticales con una altura de 400 a 2500 mm.<\/p>","protected":false},"excerpt":{"rendered":"<p>Sociedad La Sociedad desde 1962 produce y vende tanto en Italia como en el extranjero radiadores de calefacci\u00f3n innovadores y decorativos para ambientes dom\u00e9sticos, de representaci\u00f3n, de lugares p\u00fablicos, de oficinas, de segundas casas, etc&#8230; Ofrecemos radiadores de calefacci\u00f3n no convencionales en lo que respecta a formas y acabados a los clientes que desean tener &#8230;..<\/p>\n","protected":false},"author":1,"featured_media":0,"parent":0,"menu_order":0,"comment_status":"closed","ping_status":"closed","template":"","meta":[],"acf":[],"yoast_head":"<!-- This site is optimized with the Yoast SEO plugin v20.8 - https:\/\/yoast.com\/wordpress\/plugins\/seo\/ -->\n<title>Sociedad - K8 radiatori<\/title>\n<meta name=\"description\" content=\"Chi siamo La Societ\u00e0 dal 1962 fabbrica e vende in Italia ed all&#039;estero caloriferi innovativi e decorativi per ambienti domestici, di rappresentanza, di - K8 radiatori\" \/>\n<meta name=\"robots\" content=\"index, follow, max-snippet:-1, max-image-preview:large, max-video-preview:-1\" \/>\n<link rel=\"canonical\" href=\"https:\/\/www.k8radiatori.it\/en\/enchi-siamo\/\" \/>\n<meta name=\"twitter:label1\" content=\"Tiempo de lectura\" \/>\n\t<meta name=\"twitter:data1\" content=\"3 minutos\" \/>\n<script type=\"application\/ld+json\" class=\"yoast-schema-graph\">{\"@context\":\"https:\/\/schema.org\",\"@graph\":[{\"@type\":\"WebPage\",\"@id\":\"https:\/\/www.k8radiatori.it\/en\/enchi-siamo\/\",\"url\":\"https:\/\/www.k8radiatori.it\/en\/enchi-siamo\/\",\"name\":\"Sociedad - K8 radiatori\",\"isPartOf\":{\"@id\":\"https:\/\/www.k8radiatori.it\/de\/#website\"},\"datePublished\":\"2016-03-14T17:58:19+00:00\",\"dateModified\":\"2016-04-18T13:48:48+00:00\",\"description\":\"Chi siamo La Societ\u00e0 dal 1962 fabbrica e vende in Italia ed all'estero caloriferi innovativi e decorativi per ambienti domestici, di rappresentanza, di - K8 radiatori\",\"breadcrumb\":{\"@id\":\"https:\/\/www.k8radiatori.it\/en\/enchi-siamo\/#breadcrumb\"},\"inLanguage\":\"es\",\"potentialAction\":[{\"@type\":\"ReadAction\",\"target\":[\"https:\/\/www.k8radiatori.it\/en\/enchi-siamo\/\"]}]},{\"@type\":\"BreadcrumbList\",\"@id\":\"https:\/\/www.k8radiatori.it\/en\/enchi-siamo\/#breadcrumb\",\"itemListElement\":[{\"@type\":\"ListItem\",\"position\":1,\"name\":\"Home\",\"item\":\"https:\/\/www.k8radiatori.it\/\"},{\"@type\":\"ListItem\",\"position\":2,\"name\":\"Company\"}]},{\"@type\":\"WebSite\",\"@id\":\"https:\/\/www.k8radiatori.it\/de\/#website\",\"url\":\"https:\/\/www.k8radiatori.it\/de\/\",\"name\":\"K8 radiatori\",\"description\":\"K8 radiatori\",\"publisher\":{\"@id\":\"https:\/\/www.k8radiatori.it\/de\/#organization\"},\"potentialAction\":[{\"@type\":\"SearchAction\",\"target\":{\"@type\":\"EntryPoint\",\"urlTemplate\":\"https:\/\/www.k8radiatori.it\/de\/?s={search_term_string}\"},\"query-input\":\"required name=search_term_string\"}],\"inLanguage\":\"es\"},{\"@type\":\"Organization\",\"@id\":\"https:\/\/www.k8radiatori.it\/de\/#organization\",\"name\":\"K8 radiatori\",\"url\":\"https:\/\/www.k8radiatori.it\/de\/\",\"logo\":{\"@type\":\"ImageObject\",\"inLanguage\":\"es\",\"@id\":\"https:\/\/www.k8radiatori.it\/de\/#\/schema\/logo\/image\/\",\"url\":\"https:\/\/www.k8radiatori.it\/wp-content\/uploads\/2016\/03\/logo.png\",\"contentUrl\":\"https:\/\/www.k8radiatori.it\/wp-content\/uploads\/2016\/03\/logo.png\",\"width\":253,\"height\":283,\"caption\":\"K8 radiatori\"},\"image\":{\"@id\":\"https:\/\/www.k8radiatori.it\/de\/#\/schema\/logo\/image\/\"}}]}<\/script>\n<!-- \/ Yoast SEO plugin. -->","yoast_head_json":{"title":"Sociedad - K8 radiatori","description":"Chi siamo La Societ\u00e0 dal 1962 fabbrica e vende in Italia ed all'estero caloriferi innovativi e decorativi per ambienti domestici, di rappresentanza, di - K8 radiatori","robots":{"index":"index","follow":"follow","max-snippet":"max-snippet:-1","max-image-preview":"max-image-preview:large","max-video-preview":"max-video-preview:-1"},"canonical":"https:\/\/www.k8radiatori.it\/en\/enchi-siamo\/","twitter_misc":{"Tiempo de lectura":"3 minutos"},"schema":{"@context":"https:\/\/schema.org","@graph":[{"@type":"WebPage","@id":"https:\/\/www.k8radiatori.it\/en\/enchi-siamo\/","url":"https:\/\/www.k8radiatori.it\/en\/enchi-siamo\/","name":"Sociedad - K8 radiatori","isPartOf":{"@id":"https:\/\/www.k8radiatori.it\/de\/#website"},"datePublished":"2016-03-14T17:58:19+00:00","dateModified":"2016-04-18T13:48:48+00:00","description":"Chi siamo La Societ\u00e0 dal 1962 fabbrica e vende in Italia ed all'estero caloriferi innovativi e decorativi per ambienti domestici, di rappresentanza, di - K8 radiatori","breadcrumb":{"@id":"https:\/\/www.k8radiatori.it\/en\/enchi-siamo\/#breadcrumb"},"inLanguage":"es","potentialAction":[{"@type":"ReadAction","target":["https:\/\/www.k8radiatori.it\/en\/enchi-siamo\/"]}]},{"@type":"BreadcrumbList","@id":"https:\/\/www.k8radiatori.it\/en\/enchi-siamo\/#breadcrumb","itemListElement":[{"@type":"ListItem","position":1,"name":"Home","item":"https:\/\/www.k8radiatori.it\/"},{"@type":"ListItem","position":2,"name":"Company"}]},{"@type":"WebSite","@id":"https:\/\/www.k8radiatori.it\/de\/#website","url":"https:\/\/www.k8radiatori.it\/de\/","name":"K8 radiatori","description":"K8 radiatori","publisher":{"@id":"https:\/\/www.k8radiatori.it\/de\/#organization"},"potentialAction":[{"@type":"SearchAction","target":{"@type":"EntryPoint","urlTemplate":"https:\/\/www.k8radiatori.it\/de\/?s={search_term_string}"},"query-input":"required name=search_term_string"}],"inLanguage":"es"},{"@type":"Organization","@id":"https:\/\/www.k8radiatori.it\/de\/#organization","name":"K8 radiatori","url":"https:\/\/www.k8radiatori.it\/de\/","logo":{"@type":"ImageObject","inLanguage":"es","@id":"https:\/\/www.k8radiatori.it\/de\/#\/schema\/logo\/image\/","url":"https:\/\/www.k8radiatori.it\/wp-content\/uploads\/2016\/03\/logo.png","contentUrl":"https:\/\/www.k8radiatori.it\/wp-content\/uploads\/2016\/03\/logo.png","width":253,"height":283,"caption":"K8 radiatori"},"image":{"@id":"https:\/\/www.k8radiatori.it\/de\/#\/schema\/logo\/image\/"}}]}},"_links":{"self":[{"href":"https:\/\/www.k8radiatori.it\/es\/wp-json\/wp\/v2\/pages\/744"}],"collection":[{"href":"https:\/\/www.k8radiatori.it\/es\/wp-json\/wp\/v2\/pages"}],"about":[{"href":"https:\/\/www.k8radiatori.it\/es\/wp-json\/wp\/v2\/types\/page"}],"author":[{"embeddable":true,"href":"https:\/\/www.k8radiatori.it\/es\/wp-json\/wp\/v2\/users\/1"}],"replies":[{"embeddable":true,"href":"https:\/\/www.k8radiatori.it\/es\/wp-json\/wp\/v2\/comments?post=744"}],"version-history":[{"count":6,"href":"https:\/\/www.k8radiatori.it\/es\/wp-json\/wp\/v2\/pages\/744\/revisions"}],"predecessor-version":[{"id":1036,"href":"https:\/\/www.k8radiatori.it\/es\/wp-json\/wp\/v2\/pages\/744\/revisions\/1036"}],"wp:attachment":[{"href":"https:\/\/www.k8radiatori.it\/es\/wp-json\/wp\/v2\/media?parent=744"}],"curies":[{"name":"wp","href":"https:\/\/api.w.org\/{rel}","templated":true}]}}