{"id":638,"date":"2015-12-25T13:47:51","date_gmt":"2015-12-25T12:47:51","guid":{"rendered":"http:\/\/www.k8radiatori.it\/en\/?post_type=product&#038;p=638"},"modified":"2023-06-28T19:44:28","modified_gmt":"2023-06-28T17:44:28","slug":"obliquo","status":"publish","type":"product","link":"https:\/\/www.k8radiatori.it\/en\/radiatori\/obliquo\/","title":{"rendered":"Obliquo"},"content":{"rendered":"<p><strong><a href=\"http:\/\/www.k8radiatori.it\/wp-content\/uploads\/2016\/07\/Obliquo-Onde-Ski.pdf\" target=\"_blank\">Download here the specific data<\/a><\/strong><\/p>\n<p><a href=\"\/contatti\/\">For more information contact us<\/a><\/p>\n<p><a href=\"http:\/\/www.k8radiatori.it\/wp-content\/uploads\/2016\/07\/Obliquo.jpg\"><img decoding=\"async\" loading=\"lazy\" class=\"aligncenter size-full wp-image-1220\" src=\"http:\/\/www.k8radiatori.it\/wp-content\/uploads\/2016\/07\/Obliquo.jpg\" alt=\"Immagine radiatore Obliquo\" width=\"803\" height=\"552\" srcset=\"https:\/\/www.k8radiatori.it\/wp-content\/uploads\/2016\/07\/Obliquo.jpg 803w, https:\/\/www.k8radiatori.it\/wp-content\/uploads\/2016\/07\/Obliquo-400x275.jpg 400w, https:\/\/www.k8radiatori.it\/wp-content\/uploads\/2016\/07\/Obliquo-510x351.jpg 510w\" sizes=\"(max-width: 803px) 100vw, 803px\" \/><\/a><\/p>\n<p>&nbsp;<\/p>","protected":false},"excerpt":{"rendered":"<p>A monolith composed of a number of sections, Obliquo was born as a radiator with high\u00a0performances, designed for renovation or replacement of old radiators.<\/p>\n<p>Width and height to the nearest centimeter, adaptability to any size or pipes positions, high thermal performance in less space available on the wall, free standing versions make it a radiator that will meet\u00a0your needs.<\/p>\n","protected":false},"featured_media":1096,"comment_status":"closed","ping_status":"closed","template":"","meta":[],"product_cat":[28],"product_tag":[48,128],"yoast_head":"<!-- This site is optimized with the Yoast SEO plugin v20.8 - https:\/\/yoast.com\/wordpress\/plugins\/seo\/ -->\n<title>Obliquo - K8 radiatori<\/title>\n<meta name=\"description\" content=\"Un monolito composto da elementi affiancabili, Obliquo nasce come calorifero ad alta resa,\u00a0pensato per ristrutturazioni o sostituzione dei vecchi elementi.  Modulo inclinato a 45\u00b0; altezza\u00a0e larghezza al centimetro e adattabilit\u00e0 a lavori su misura; rese termiche elevate in minor\u00a0spazio.  Disponibile a parete, centrostanza o \u2018porcellino\u2019, Obliquo \u00e9 un termoarredo in grado\u00a0di soddisfare qualsiasi esigenza.A monolith composed of a number of sections, Obliquo was born as a radiator with high\u00a0performances, designed for renovation or replacement of old radiators.  Width and height to the nearest centimeter, adaptability to any size or pipes positions, high thermal performance in less space available on the wall, free standing versions make it a radiator that will meet\u00a0your needs.Ein Monolith aus einer Reihe von Abschnitten, wurde Obliquo als Strahler mit hoher Leistung,\u00a0f\u00fcr die Renovierung oder den Ersatz von alten Heizk\u00f6rpern entwickelt geboren.  Breite und\u00a0H\u00f6he auf den Zentimeter, die Anpassungsf\u00e4higkeit an jegliche Gr\u00f6\u00dfe oder Positionen Rohre,\u00a0hohe thermische Leistung auf weniger Raum an der Wand zur Verf\u00fcgung, frei stehend Versionen machen es zu einem Heizk\u00f6rper, der Ihren Bed\u00fcrfnissen gerecht wirdUn monolithe compos\u00e9 d\u2019\u00e9l\u00e9ments qui peuvent \u00eatre adjoints, Obliquo na\u00eet comme radiateur\u00a0\u00e0 haute performance, con\u00e7u pour la r\u00e9novation ou le remplacement des anciennes \u00e9l\u00e9ments.  Module inclin\u00e9 \u00e0 45\u00b0; hauteur et largeur au centim\u00e8tre et adaptabilit\u00e9 \u00e0 travaux sur mesure;\u00a0performances thermiques \u00e9lev\u00e9es dans moins d\u2019espace.  Disponible \u00e0 paroi, milieu de pi\u00e8ce\u00a0ou \u2018fix\u00e9 au sol\u2019, Obliquo est un radiateur en mesure de r\u00e9pondre \u00e0 tout besoin.Un monolito compuesto por tres elementos que se pueden adosar, Obliquo nace como un\u00a0radiador de alto rendimento, pensado para rehabilitaciones o la sustituci\u00f3n de elementos\u00a0antiguos.  M\u00f3dulo inclinado a 45\u00b0; altura y anchura al cent\u00edmetro y adaptabilidad a trabajos\u00a0a medida; rendimento t\u00e9rmico elevado en menor espacio .  Posibilidad de colocaci\u00f3n en la\u00a0pared, centro de la habitaci\u00f3n o sujeto al suelo, Obliquo es un radiador capaz de satisfacercualquier tipo de necesidad.\" \/>\n<meta name=\"robots\" content=\"index, follow, max-snippet:-1, max-image-preview:large, max-video-preview:-1\" \/>\n<link rel=\"canonical\" href=\"https:\/\/www.k8radiatori.it\/de\/radiatori\/obliquo\/\" \/>\n<script type=\"application\/ld+json\" class=\"yoast-schema-graph\">{\"@context\":\"https:\/\/schema.org\",\"@graph\":[{\"@type\":\"WebPage\",\"@id\":\"https:\/\/www.k8radiatori.it\/de\/radiatori\/obliquo\/\",\"url\":\"https:\/\/www.k8radiatori.it\/de\/radiatori\/obliquo\/\",\"name\":\"Obliquo - K8 radiatori\",\"isPartOf\":{\"@id\":\"https:\/\/www.k8radiatori.it\/de\/#website\"},\"datePublished\":\"2015-12-25T12:47:51+00:00\",\"dateModified\":\"2023-06-28T17:44:28+00:00\",\"description\":\"Un monolito composto da elementi affiancabili, Obliquo nasce come calorifero ad alta resa,\u00a0pensato per ristrutturazioni o sostituzione dei vecchi elementi. Modulo inclinato a 45\u00b0; altezza\u00a0e larghezza al centimetro e adattabilit\u00e0 a lavori su misura; rese termiche elevate in minor\u00a0spazio. Disponibile a parete, centrostanza o \u2018porcellino\u2019, Obliquo \u00e9 un termoarredo in grado\u00a0di soddisfare qualsiasi esigenza.A monolith composed of a number of sections, Obliquo was born as a radiator with high\u00a0performances, designed for renovation or replacement of old radiators. Width and height to the nearest centimeter, adaptability to any size or pipes positions, high thermal performance in less space available on the wall, free standing versions make it a radiator that will meet\u00a0your needs.Ein Monolith aus einer Reihe von Abschnitten, wurde Obliquo als Strahler mit hoher Leistung,\u00a0f\u00fcr die Renovierung oder den Ersatz von alten Heizk\u00f6rpern entwickelt geboren. Breite und\u00a0H\u00f6he auf den Zentimeter, die Anpassungsf\u00e4higkeit an jegliche Gr\u00f6\u00dfe oder Positionen Rohre,\u00a0hohe thermische Leistung auf weniger Raum an der Wand zur Verf\u00fcgung, frei stehend Versionen machen es zu einem Heizk\u00f6rper, der Ihren Bed\u00fcrfnissen gerecht wirdUn monolithe compos\u00e9 d\u2019\u00e9l\u00e9ments qui peuvent \u00eatre adjoints, Obliquo na\u00eet comme radiateur\u00a0\u00e0 haute performance, con\u00e7u pour la r\u00e9novation ou le remplacement des anciennes \u00e9l\u00e9ments. Module inclin\u00e9 \u00e0 45\u00b0; hauteur et largeur au centim\u00e8tre et adaptabilit\u00e9 \u00e0 travaux sur mesure;\u00a0performances thermiques \u00e9lev\u00e9es dans moins d\u2019espace. Disponible \u00e0 paroi, milieu de pi\u00e8ce\u00a0ou \u2018fix\u00e9 au sol\u2019, Obliquo est un radiateur en mesure de r\u00e9pondre \u00e0 tout besoin.Un monolito compuesto por tres elementos que se pueden adosar, Obliquo nace como un\u00a0radiador de alto rendimento, pensado para rehabilitaciones o la sustituci\u00f3n de elementos\u00a0antiguos. M\u00f3dulo inclinado a 45\u00b0; altura y anchura al cent\u00edmetro y adaptabilidad a trabajos\u00a0a medida; rendimento t\u00e9rmico elevado en menor espacio . Posibilidad de colocaci\u00f3n en la\u00a0pared, centro de la habitaci\u00f3n o sujeto al suelo, Obliquo es un radiador capaz de satisfacercualquier tipo de necesidad.\",\"breadcrumb\":{\"@id\":\"https:\/\/www.k8radiatori.it\/de\/radiatori\/obliquo\/#breadcrumb\"},\"inLanguage\":\"en-US\",\"potentialAction\":[{\"@type\":\"ReadAction\",\"target\":[\"https:\/\/www.k8radiatori.it\/de\/radiatori\/obliquo\/\"]}]},{\"@type\":\"BreadcrumbList\",\"@id\":\"https:\/\/www.k8radiatori.it\/de\/radiatori\/obliquo\/#breadcrumb\",\"itemListElement\":[{\"@type\":\"ListItem\",\"position\":1,\"name\":\"Home\",\"item\":\"https:\/\/www.k8radiatori.it\/\"},{\"@type\":\"ListItem\",\"position\":2,\"name\":\"Shop\",\"item\":\"https:\/\/www.k8radiatori.it\/de\/negozio\/\"},{\"@type\":\"ListItem\",\"position\":3,\"name\":\"Obliquo\"}]},{\"@type\":\"WebSite\",\"@id\":\"https:\/\/www.k8radiatori.it\/de\/#website\",\"url\":\"https:\/\/www.k8radiatori.it\/de\/\",\"name\":\"K8 radiatori\",\"description\":\"K8 radiatori\",\"publisher\":{\"@id\":\"https:\/\/www.k8radiatori.it\/de\/#organization\"},\"potentialAction\":[{\"@type\":\"SearchAction\",\"target\":{\"@type\":\"EntryPoint\",\"urlTemplate\":\"https:\/\/www.k8radiatori.it\/de\/?s={search_term_string}\"},\"query-input\":\"required name=search_term_string\"}],\"inLanguage\":\"en-US\"},{\"@type\":\"Organization\",\"@id\":\"https:\/\/www.k8radiatori.it\/de\/#organization\",\"name\":\"K8 radiatori\",\"url\":\"https:\/\/www.k8radiatori.it\/de\/\",\"logo\":{\"@type\":\"ImageObject\",\"inLanguage\":\"en-US\",\"@id\":\"https:\/\/www.k8radiatori.it\/de\/#\/schema\/logo\/image\/\",\"url\":\"https:\/\/www.k8radiatori.it\/wp-content\/uploads\/2016\/03\/logo.png\",\"contentUrl\":\"https:\/\/www.k8radiatori.it\/wp-content\/uploads\/2016\/03\/logo.png\",\"width\":253,\"height\":283,\"caption\":\"K8 radiatori\"},\"image\":{\"@id\":\"https:\/\/www.k8radiatori.it\/de\/#\/schema\/logo\/image\/\"}}]}<\/script>\n<!-- \/ Yoast SEO plugin. -->","yoast_head_json":{"title":"Obliquo - K8 radiatori","description":"Un monolito composto da elementi affiancabili, Obliquo nasce come calorifero ad alta resa,\u00a0pensato per ristrutturazioni o sostituzione dei vecchi elementi.  Modulo inclinato a 45\u00b0; altezza\u00a0e larghezza al centimetro e adattabilit\u00e0 a lavori su misura; rese termiche elevate in minor\u00a0spazio.  Disponibile a parete, centrostanza o \u2018porcellino\u2019, Obliquo \u00e9 un termoarredo in grado\u00a0di soddisfare qualsiasi esigenza.A monolith composed of a number of sections, Obliquo was born as a radiator with high\u00a0performances, designed for renovation or replacement of old radiators.  Width and height to the nearest centimeter, adaptability to any size or pipes positions, high thermal performance in less space available on the wall, free standing versions make it a radiator that will meet\u00a0your needs.Ein Monolith aus einer Reihe von Abschnitten, wurde Obliquo als Strahler mit hoher Leistung,\u00a0f\u00fcr die Renovierung oder den Ersatz von alten Heizk\u00f6rpern entwickelt geboren.  Breite und\u00a0H\u00f6he auf den Zentimeter, die Anpassungsf\u00e4higkeit an jegliche Gr\u00f6\u00dfe oder Positionen Rohre,\u00a0hohe thermische Leistung auf weniger Raum an der Wand zur Verf\u00fcgung, frei stehend Versionen machen es zu einem Heizk\u00f6rper, der Ihren Bed\u00fcrfnissen gerecht wirdUn monolithe compos\u00e9 d\u2019\u00e9l\u00e9ments qui peuvent \u00eatre adjoints, Obliquo na\u00eet comme radiateur\u00a0\u00e0 haute performance, con\u00e7u pour la r\u00e9novation ou le remplacement des anciennes \u00e9l\u00e9ments.  Module inclin\u00e9 \u00e0 45\u00b0; hauteur et largeur au centim\u00e8tre et adaptabilit\u00e9 \u00e0 travaux sur mesure;\u00a0performances thermiques \u00e9lev\u00e9es dans moins d\u2019espace.  Disponible \u00e0 paroi, milieu de pi\u00e8ce\u00a0ou \u2018fix\u00e9 au sol\u2019, Obliquo est un radiateur en mesure de r\u00e9pondre \u00e0 tout besoin.Un monolito compuesto por tres elementos que se pueden adosar, Obliquo nace como un\u00a0radiador de alto rendimento, pensado para rehabilitaciones o la sustituci\u00f3n de elementos\u00a0antiguos.  M\u00f3dulo inclinado a 45\u00b0; altura y anchura al cent\u00edmetro y adaptabilidad a trabajos\u00a0a medida; rendimento t\u00e9rmico elevado en menor espacio .  Posibilidad de colocaci\u00f3n en la\u00a0pared, centro de la habitaci\u00f3n o sujeto al suelo, Obliquo es un radiador capaz de satisfacercualquier tipo de necesidad.","robots":{"index":"index","follow":"follow","max-snippet":"max-snippet:-1","max-image-preview":"max-image-preview:large","max-video-preview":"max-video-preview:-1"},"canonical":"https:\/\/www.k8radiatori.it\/de\/radiatori\/obliquo\/","schema":{"@context":"https:\/\/schema.org","@graph":[{"@type":"WebPage","@id":"https:\/\/www.k8radiatori.it\/de\/radiatori\/obliquo\/","url":"https:\/\/www.k8radiatori.it\/de\/radiatori\/obliquo\/","name":"Obliquo - K8 radiatori","isPartOf":{"@id":"https:\/\/www.k8radiatori.it\/de\/#website"},"datePublished":"2015-12-25T12:47:51+00:00","dateModified":"2023-06-28T17:44:28+00:00","description":"Un monolito composto da elementi affiancabili, Obliquo nasce come calorifero ad alta resa,\u00a0pensato per ristrutturazioni o sostituzione dei vecchi elementi. Modulo inclinato a 45\u00b0; altezza\u00a0e larghezza al centimetro e adattabilit\u00e0 a lavori su misura; rese termiche elevate in minor\u00a0spazio. Disponibile a parete, centrostanza o \u2018porcellino\u2019, Obliquo \u00e9 un termoarredo in grado\u00a0di soddisfare qualsiasi esigenza.A monolith composed of a number of sections, Obliquo was born as a radiator with high\u00a0performances, designed for renovation or replacement of old radiators. Width and height to the nearest centimeter, adaptability to any size or pipes positions, high thermal performance in less space available on the wall, free standing versions make it a radiator that will meet\u00a0your needs.Ein Monolith aus einer Reihe von Abschnitten, wurde Obliquo als Strahler mit hoher Leistung,\u00a0f\u00fcr die Renovierung oder den Ersatz von alten Heizk\u00f6rpern entwickelt geboren. Breite und\u00a0H\u00f6he auf den Zentimeter, die Anpassungsf\u00e4higkeit an jegliche Gr\u00f6\u00dfe oder Positionen Rohre,\u00a0hohe thermische Leistung auf weniger Raum an der Wand zur Verf\u00fcgung, frei stehend Versionen machen es zu einem Heizk\u00f6rper, der Ihren Bed\u00fcrfnissen gerecht wirdUn monolithe compos\u00e9 d\u2019\u00e9l\u00e9ments qui peuvent \u00eatre adjoints, Obliquo na\u00eet comme radiateur\u00a0\u00e0 haute performance, con\u00e7u pour la r\u00e9novation ou le remplacement des anciennes \u00e9l\u00e9ments. Module inclin\u00e9 \u00e0 45\u00b0; hauteur et largeur au centim\u00e8tre et adaptabilit\u00e9 \u00e0 travaux sur mesure;\u00a0performances thermiques \u00e9lev\u00e9es dans moins d\u2019espace. Disponible \u00e0 paroi, milieu de pi\u00e8ce\u00a0ou \u2018fix\u00e9 au sol\u2019, Obliquo est un radiateur en mesure de r\u00e9pondre \u00e0 tout besoin.Un monolito compuesto por tres elementos que se pueden adosar, Obliquo nace como un\u00a0radiador de alto rendimento, pensado para rehabilitaciones o la sustituci\u00f3n de elementos\u00a0antiguos. M\u00f3dulo inclinado a 45\u00b0; altura y anchura al cent\u00edmetro y adaptabilidad a trabajos\u00a0a medida; rendimento t\u00e9rmico elevado en menor espacio . Posibilidad de colocaci\u00f3n en la\u00a0pared, centro de la habitaci\u00f3n o sujeto al suelo, Obliquo es un radiador capaz de satisfacercualquier tipo de necesidad.","breadcrumb":{"@id":"https:\/\/www.k8radiatori.it\/de\/radiatori\/obliquo\/#breadcrumb"},"inLanguage":"en-US","potentialAction":[{"@type":"ReadAction","target":["https:\/\/www.k8radiatori.it\/de\/radiatori\/obliquo\/"]}]},{"@type":"BreadcrumbList","@id":"https:\/\/www.k8radiatori.it\/de\/radiatori\/obliquo\/#breadcrumb","itemListElement":[{"@type":"ListItem","position":1,"name":"Home","item":"https:\/\/www.k8radiatori.it\/"},{"@type":"ListItem","position":2,"name":"Shop","item":"https:\/\/www.k8radiatori.it\/de\/negozio\/"},{"@type":"ListItem","position":3,"name":"Obliquo"}]},{"@type":"WebSite","@id":"https:\/\/www.k8radiatori.it\/de\/#website","url":"https:\/\/www.k8radiatori.it\/de\/","name":"K8 radiatori","description":"K8 radiatori","publisher":{"@id":"https:\/\/www.k8radiatori.it\/de\/#organization"},"potentialAction":[{"@type":"SearchAction","target":{"@type":"EntryPoint","urlTemplate":"https:\/\/www.k8radiatori.it\/de\/?s={search_term_string}"},"query-input":"required name=search_term_string"}],"inLanguage":"en-US"},{"@type":"Organization","@id":"https:\/\/www.k8radiatori.it\/de\/#organization","name":"K8 radiatori","url":"https:\/\/www.k8radiatori.it\/de\/","logo":{"@type":"ImageObject","inLanguage":"en-US","@id":"https:\/\/www.k8radiatori.it\/de\/#\/schema\/logo\/image\/","url":"https:\/\/www.k8radiatori.it\/wp-content\/uploads\/2016\/03\/logo.png","contentUrl":"https:\/\/www.k8radiatori.it\/wp-content\/uploads\/2016\/03\/logo.png","width":253,"height":283,"caption":"K8 radiatori"},"image":{"@id":"https:\/\/www.k8radiatori.it\/de\/#\/schema\/logo\/image\/"}}]}},"_links":{"self":[{"href":"https:\/\/www.k8radiatori.it\/en\/wp-json\/wp\/v3\/product\/638"}],"collection":[{"href":"https:\/\/www.k8radiatori.it\/en\/wp-json\/wp\/v3\/product"}],"about":[{"href":"https:\/\/www.k8radiatori.it\/en\/wp-json\/wp\/v2\/types\/product"}],"replies":[{"embeddable":true,"href":"https:\/\/www.k8radiatori.it\/en\/wp-json\/wp\/v2\/comments?post=638"}],"wp:featuredmedia":[{"embeddable":true,"href":"https:\/\/www.k8radiatori.it\/en\/wp-json\/wp\/v2\/media\/1096"}],"wp:attachment":[{"href":"https:\/\/www.k8radiatori.it\/en\/wp-json\/wp\/v2\/media?parent=638"}],"wp:term":[{"taxonomy":"product_cat","embeddable":true,"href":"https:\/\/www.k8radiatori.it\/en\/wp-json\/wp\/v2\/product_cat?post=638"},{"taxonomy":"product_tag","embeddable":true,"href":"https:\/\/www.k8radiatori.it\/en\/wp-json\/wp\/v2\/product_tag?post=638"}],"curies":[{"name":"wp","href":"https:\/\/api.w.org\/{rel}","templated":true}]}}