{"id":616,"date":"2015-12-25T12:46:57","date_gmt":"2015-12-25T11:46:57","guid":{"rendered":"http:\/\/www.k8radiatori.it\/en\/?post_type=product&#038;p=616"},"modified":"2023-06-29T10:54:29","modified_gmt":"2023-06-29T08:54:29","slug":"power-nature-camelia","status":"publish","type":"product","link":"https:\/\/www.k8radiatori.it\/en\/radiatori\/power-nature-camelia\/","title":{"rendered":"Power Nature Camelia"},"content":{"rendered":"<p><strong><a href=\"http:\/\/www.k8radiatori.it\/wp-content\/uploads\/2016\/07\/POWER_WALL-NATURE_RIBES-CAMELIA-SALICE.pdf\" target=\"_blank\"> Download here the specific data<\/a><\/strong><\/p>\n<p><a href=\"\/contatti\/\">For more information contact us<\/a><\/p>\n<p><a href=\"http:\/\/www.k8radiatori.it\/wp-content\/uploads\/2016\/07\/POWER-NATURE-CAMELIA.jpg\"><img decoding=\"async\" loading=\"lazy\" class=\"size-full wp-image-1235 alignleft\" src=\"http:\/\/www.k8radiatori.it\/wp-content\/uploads\/2016\/07\/POWER-NATURE-CAMELIA.jpg\" alt=\"Immagine radiatore POWER NATURE CAMELIA\" width=\"262\" height=\"537\" srcset=\"https:\/\/www.k8radiatori.it\/wp-content\/uploads\/2016\/07\/POWER-NATURE-CAMELIA.jpg 262w, https:\/\/www.k8radiatori.it\/wp-content\/uploads\/2016\/07\/POWER-NATURE-CAMELIA-195x400.jpg 195w\" sizes=\"(max-width: 262px) 100vw, 262px\" \/><\/a><\/p>","protected":false},"excerpt":{"rendered":"<p>When your rooms require extra heat, Power is the ideal solution. This feature is available for the models Mosaico, Nature (Ribes, Camelia and Salice), Spekkio, Trama and Wall. Power produces more heat without changing the aesthetic appearance of these radiators, thanks to the greater depth of the diffuser grill at the top of the radiator. This feature is ideal for situations where more heat is required without increasing the space occupied by the radiator.<\/p>\n","protected":false},"featured_media":1407,"comment_status":"closed","ping_status":"closed","template":"","meta":[],"product_cat":[28],"product_tag":[48,122],"yoast_head":"<!-- This site is optimized with the Yoast SEO plugin v20.8 - https:\/\/yoast.com\/wordpress\/plugins\/seo\/ -->\n<title>Power Nature Camelia - K8 radiatori<\/title>\n<meta name=\"description\" content=\"Quando l&#039;ambiente da riscaldare richiede pi\u00f9 calore, Power \u00e8 la soluzione ideale. Disponibile per i modelli Mosaico, Nature (Ribes, Camelia e Salice), Spekkio, Trama e Wall, Power fornisce pi\u00f9 calore, mantenendo invariato l&#039;aspetto estetico del termoarredo, grazie alla sua maggiore profondit\u00e0 e alla griglia di diffusione aperta sul lato superiore del termoarredo. Ideale per chi necessita di molto calore, oppure per chi desidera contenere gli ingombri del termoarredo.When your rooms require extra heat, Power is the ideal solution. This feature is available for the models Mosaico, Nature (Ribes, Camelia and Salice), Spekkio, Trama and Wall. Power produces more heat without changing the aesthetic appearance of these radiators, thanks to the greater depth of the diffuser grill at the top of the radiator. This feature is ideal for situations where more heat is required without increasing the space occupied by the radiator.Wenn der zu heizende Raum mehr W\u00e4rme erfordert, dann ist Power die ideale L\u00f6sung. Lieferbar f\u00fcr die Modelle Mosaico, Nature (Ribes, Camelia und Salice), Spekkio, Trama und Wall liefert Power mehr W\u00e4rme ohne dabei das Aussehen des Raumheizk\u00f6rpers zu beeinflussen. Dies liegt an seiner gr\u00f6\u00dferen Tiefe und dem auf der Oberseite des Raumheizk\u00f6rpers offenen L\u00fcftungsgitter. Ideal f\u00fcr alle, die es gerne warm haben oder wenn man den Raumbedarf des Heizk\u00f6rpers einschr\u00e4nken m\u00f6chze.Lorsque la pi\u00e8ce \u00e0 r\u00e9chauffer demande encore plus de chaleur, Power est la solution id\u00e9ale. Disponible pour les mod\u00e8les Mosaico, Nature (Ribes, Camelia et Salice), Spekkio, Trama et Wall, Power fournit plus de chaleur, tout en gardant inchang\u00e9 l&#039;aspect esth\u00e9tique du s\u00e8che-serviettes, gr\u00e2ce \u00e0 sa plus grande profondeur et \u00e0 la grille de diffusion ouverte sur le c\u00f4te sup\u00e9rieur du s\u00e8che-serviettes. Id\u00e9al pour qui a besoin de plus de chaleur, ou alors pour qui d\u00e9sir r\u00e9duire l&#039;encombrement du s\u00e8che-serviettes.Cuando el calor de \u00e0rea requiere m\u00e0s calor, Power es la Soluci\u00f3n ideal. Disponible para modelos Mosaic, Natures (Ribes, Camelia y Willow), Spekkio, Trama y Wall, Power proporciona m\u00e0s calor, mientras whether it maintains aparencia the radiator, debido a mayor of profundidad y Extension de rejilla abierta en la part de calentador Superior de toallas. Ideal para aquellos que necesitan a large cantidad de calor, or para aquellos que quieren reducir el tama\u00f1o of the radiator.\" \/>\n<meta name=\"robots\" content=\"index, follow, max-snippet:-1, max-image-preview:large, max-video-preview:-1\" \/>\n<link rel=\"canonical\" href=\"https:\/\/www.k8radiatori.it\/es\/radiatori\/power-nature-camelia\/\" \/>\n<script type=\"application\/ld+json\" class=\"yoast-schema-graph\">{\"@context\":\"https:\/\/schema.org\",\"@graph\":[{\"@type\":\"WebPage\",\"@id\":\"https:\/\/www.k8radiatori.it\/es\/radiatori\/power-nature-camelia\/\",\"url\":\"https:\/\/www.k8radiatori.it\/es\/radiatori\/power-nature-camelia\/\",\"name\":\"Power Nature Camelia - K8 radiatori\",\"isPartOf\":{\"@id\":\"https:\/\/www.k8radiatori.it\/de\/#website\"},\"datePublished\":\"2015-12-25T11:46:57+00:00\",\"dateModified\":\"2023-06-29T08:54:29+00:00\",\"description\":\"Quando l'ambiente da riscaldare richiede pi\u00f9 calore, Power \u00e8 la soluzione ideale. Disponibile per i modelli Mosaico, Nature (Ribes, Camelia e Salice), Spekkio, Trama e Wall, Power fornisce pi\u00f9 calore, mantenendo invariato l'aspetto estetico del termoarredo, grazie alla sua maggiore profondit\u00e0 e alla griglia di diffusione aperta sul lato superiore del termoarredo. Ideale per chi necessita di molto calore, oppure per chi desidera contenere gli ingombri del termoarredo.When your rooms require extra heat, Power is the ideal solution. This feature is available for the models Mosaico, Nature (Ribes, Camelia and Salice), Spekkio, Trama and Wall. Power produces more heat without changing the aesthetic appearance of these radiators, thanks to the greater depth of the diffuser grill at the top of the radiator. This feature is ideal for situations where more heat is required without increasing the space occupied by the radiator.Wenn der zu heizende Raum mehr W\u00e4rme erfordert, dann ist Power die ideale L\u00f6sung. Lieferbar f\u00fcr die Modelle Mosaico, Nature (Ribes, Camelia und Salice), Spekkio, Trama und Wall liefert Power mehr W\u00e4rme ohne dabei das Aussehen des Raumheizk\u00f6rpers zu beeinflussen. Dies liegt an seiner gr\u00f6\u00dferen Tiefe und dem auf der Oberseite des Raumheizk\u00f6rpers offenen L\u00fcftungsgitter. Ideal f\u00fcr alle, die es gerne warm haben oder wenn man den Raumbedarf des Heizk\u00f6rpers einschr\u00e4nken m\u00f6chze.Lorsque la pi\u00e8ce \u00e0 r\u00e9chauffer demande encore plus de chaleur, Power est la solution id\u00e9ale. Disponible pour les mod\u00e8les Mosaico, Nature (Ribes, Camelia et Salice), Spekkio, Trama et Wall, Power fournit plus de chaleur, tout en gardant inchang\u00e9 l&#039;aspect esth\u00e9tique du s\u00e8che-serviettes, gr\u00e2ce \u00e0 sa plus grande profondeur et \u00e0 la grille de diffusion ouverte sur le c\u00f4te sup\u00e9rieur du s\u00e8che-serviettes. Id\u00e9al pour qui a besoin de plus de chaleur, ou alors pour qui d\u00e9sir r\u00e9duire l&#039;encombrement du s\u00e8che-serviettes.Cuando el calor de \u00e0rea requiere m\u00e0s calor, Power es la Soluci\u00f3n ideal. Disponible para modelos Mosaic, Natures (Ribes, Camelia y Willow), Spekkio, Trama y Wall, Power proporciona m\u00e0s calor, mientras whether it maintains aparencia the radiator, debido a mayor of profundidad y Extension de rejilla abierta en la part de calentador Superior de toallas. Ideal para aquellos que necesitan a large cantidad de calor, or para aquellos que quieren reducir el tama\u00f1o of the radiator.\",\"breadcrumb\":{\"@id\":\"https:\/\/www.k8radiatori.it\/es\/radiatori\/power-nature-camelia\/#breadcrumb\"},\"inLanguage\":\"en-US\",\"potentialAction\":[{\"@type\":\"ReadAction\",\"target\":[\"https:\/\/www.k8radiatori.it\/es\/radiatori\/power-nature-camelia\/\"]}]},{\"@type\":\"BreadcrumbList\",\"@id\":\"https:\/\/www.k8radiatori.it\/es\/radiatori\/power-nature-camelia\/#breadcrumb\",\"itemListElement\":[{\"@type\":\"ListItem\",\"position\":1,\"name\":\"Home\",\"item\":\"https:\/\/www.k8radiatori.it\/\"},{\"@type\":\"ListItem\",\"position\":2,\"name\":\"Shop\",\"item\":\"https:\/\/www.k8radiatori.it\/de\/negozio\/\"},{\"@type\":\"ListItem\",\"position\":3,\"name\":\"Power Nature Camelia\"}]},{\"@type\":\"WebSite\",\"@id\":\"https:\/\/www.k8radiatori.it\/de\/#website\",\"url\":\"https:\/\/www.k8radiatori.it\/de\/\",\"name\":\"K8 radiatori\",\"description\":\"K8 radiatori\",\"publisher\":{\"@id\":\"https:\/\/www.k8radiatori.it\/de\/#organization\"},\"potentialAction\":[{\"@type\":\"SearchAction\",\"target\":{\"@type\":\"EntryPoint\",\"urlTemplate\":\"https:\/\/www.k8radiatori.it\/de\/?s={search_term_string}\"},\"query-input\":\"required name=search_term_string\"}],\"inLanguage\":\"en-US\"},{\"@type\":\"Organization\",\"@id\":\"https:\/\/www.k8radiatori.it\/de\/#organization\",\"name\":\"K8 radiatori\",\"url\":\"https:\/\/www.k8radiatori.it\/de\/\",\"logo\":{\"@type\":\"ImageObject\",\"inLanguage\":\"en-US\",\"@id\":\"https:\/\/www.k8radiatori.it\/de\/#\/schema\/logo\/image\/\",\"url\":\"https:\/\/www.k8radiatori.it\/wp-content\/uploads\/2016\/03\/logo.png\",\"contentUrl\":\"https:\/\/www.k8radiatori.it\/wp-content\/uploads\/2016\/03\/logo.png\",\"width\":253,\"height\":283,\"caption\":\"K8 radiatori\"},\"image\":{\"@id\":\"https:\/\/www.k8radiatori.it\/de\/#\/schema\/logo\/image\/\"}}]}<\/script>\n<!-- \/ Yoast SEO plugin. -->","yoast_head_json":{"title":"Power Nature Camelia - K8 radiatori","description":"Quando l'ambiente da riscaldare richiede pi\u00f9 calore, Power \u00e8 la soluzione ideale. Disponibile per i modelli Mosaico, Nature (Ribes, Camelia e Salice), Spekkio, Trama e Wall, Power fornisce pi\u00f9 calore, mantenendo invariato l'aspetto estetico del termoarredo, grazie alla sua maggiore profondit\u00e0 e alla griglia di diffusione aperta sul lato superiore del termoarredo. Ideale per chi necessita di molto calore, oppure per chi desidera contenere gli ingombri del termoarredo.When your rooms require extra heat, Power is the ideal solution. This feature is available for the models Mosaico, Nature (Ribes, Camelia and Salice), Spekkio, Trama and Wall. Power produces more heat without changing the aesthetic appearance of these radiators, thanks to the greater depth of the diffuser grill at the top of the radiator. This feature is ideal for situations where more heat is required without increasing the space occupied by the radiator.Wenn der zu heizende Raum mehr W\u00e4rme erfordert, dann ist Power die ideale L\u00f6sung. Lieferbar f\u00fcr die Modelle Mosaico, Nature (Ribes, Camelia und Salice), Spekkio, Trama und Wall liefert Power mehr W\u00e4rme ohne dabei das Aussehen des Raumheizk\u00f6rpers zu beeinflussen. Dies liegt an seiner gr\u00f6\u00dferen Tiefe und dem auf der Oberseite des Raumheizk\u00f6rpers offenen L\u00fcftungsgitter. Ideal f\u00fcr alle, die es gerne warm haben oder wenn man den Raumbedarf des Heizk\u00f6rpers einschr\u00e4nken m\u00f6chze.Lorsque la pi\u00e8ce \u00e0 r\u00e9chauffer demande encore plus de chaleur, Power est la solution id\u00e9ale. Disponible pour les mod\u00e8les Mosaico, Nature (Ribes, Camelia et Salice), Spekkio, Trama et Wall, Power fournit plus de chaleur, tout en gardant inchang\u00e9 l&#039;aspect esth\u00e9tique du s\u00e8che-serviettes, gr\u00e2ce \u00e0 sa plus grande profondeur et \u00e0 la grille de diffusion ouverte sur le c\u00f4te sup\u00e9rieur du s\u00e8che-serviettes. Id\u00e9al pour qui a besoin de plus de chaleur, ou alors pour qui d\u00e9sir r\u00e9duire l&#039;encombrement du s\u00e8che-serviettes.Cuando el calor de \u00e0rea requiere m\u00e0s calor, Power es la Soluci\u00f3n ideal. Disponible para modelos Mosaic, Natures (Ribes, Camelia y Willow), Spekkio, Trama y Wall, Power proporciona m\u00e0s calor, mientras whether it maintains aparencia the radiator, debido a mayor of profundidad y Extension de rejilla abierta en la part de calentador Superior de toallas. Ideal para aquellos que necesitan a large cantidad de calor, or para aquellos que quieren reducir el tama\u00f1o of the radiator.","robots":{"index":"index","follow":"follow","max-snippet":"max-snippet:-1","max-image-preview":"max-image-preview:large","max-video-preview":"max-video-preview:-1"},"canonical":"https:\/\/www.k8radiatori.it\/es\/radiatori\/power-nature-camelia\/","schema":{"@context":"https:\/\/schema.org","@graph":[{"@type":"WebPage","@id":"https:\/\/www.k8radiatori.it\/es\/radiatori\/power-nature-camelia\/","url":"https:\/\/www.k8radiatori.it\/es\/radiatori\/power-nature-camelia\/","name":"Power Nature Camelia - K8 radiatori","isPartOf":{"@id":"https:\/\/www.k8radiatori.it\/de\/#website"},"datePublished":"2015-12-25T11:46:57+00:00","dateModified":"2023-06-29T08:54:29+00:00","description":"Quando l'ambiente da riscaldare richiede pi\u00f9 calore, Power \u00e8 la soluzione ideale. Disponibile per i modelli Mosaico, Nature (Ribes, Camelia e Salice), Spekkio, Trama e Wall, Power fornisce pi\u00f9 calore, mantenendo invariato l'aspetto estetico del termoarredo, grazie alla sua maggiore profondit\u00e0 e alla griglia di diffusione aperta sul lato superiore del termoarredo. Ideale per chi necessita di molto calore, oppure per chi desidera contenere gli ingombri del termoarredo.When your rooms require extra heat, Power is the ideal solution. This feature is available for the models Mosaico, Nature (Ribes, Camelia and Salice), Spekkio, Trama and Wall. Power produces more heat without changing the aesthetic appearance of these radiators, thanks to the greater depth of the diffuser grill at the top of the radiator. This feature is ideal for situations where more heat is required without increasing the space occupied by the radiator.Wenn der zu heizende Raum mehr W\u00e4rme erfordert, dann ist Power die ideale L\u00f6sung. Lieferbar f\u00fcr die Modelle Mosaico, Nature (Ribes, Camelia und Salice), Spekkio, Trama und Wall liefert Power mehr W\u00e4rme ohne dabei das Aussehen des Raumheizk\u00f6rpers zu beeinflussen. Dies liegt an seiner gr\u00f6\u00dferen Tiefe und dem auf der Oberseite des Raumheizk\u00f6rpers offenen L\u00fcftungsgitter. Ideal f\u00fcr alle, die es gerne warm haben oder wenn man den Raumbedarf des Heizk\u00f6rpers einschr\u00e4nken m\u00f6chze.Lorsque la pi\u00e8ce \u00e0 r\u00e9chauffer demande encore plus de chaleur, Power est la solution id\u00e9ale. Disponible pour les mod\u00e8les Mosaico, Nature (Ribes, Camelia et Salice), Spekkio, Trama et Wall, Power fournit plus de chaleur, tout en gardant inchang\u00e9 l&#039;aspect esth\u00e9tique du s\u00e8che-serviettes, gr\u00e2ce \u00e0 sa plus grande profondeur et \u00e0 la grille de diffusion ouverte sur le c\u00f4te sup\u00e9rieur du s\u00e8che-serviettes. Id\u00e9al pour qui a besoin de plus de chaleur, ou alors pour qui d\u00e9sir r\u00e9duire l&#039;encombrement du s\u00e8che-serviettes.Cuando el calor de \u00e0rea requiere m\u00e0s calor, Power es la Soluci\u00f3n ideal. Disponible para modelos Mosaic, Natures (Ribes, Camelia y Willow), Spekkio, Trama y Wall, Power proporciona m\u00e0s calor, mientras whether it maintains aparencia the radiator, debido a mayor of profundidad y Extension de rejilla abierta en la part de calentador Superior de toallas. Ideal para aquellos que necesitan a large cantidad de calor, or para aquellos que quieren reducir el tama\u00f1o of the radiator.","breadcrumb":{"@id":"https:\/\/www.k8radiatori.it\/es\/radiatori\/power-nature-camelia\/#breadcrumb"},"inLanguage":"en-US","potentialAction":[{"@type":"ReadAction","target":["https:\/\/www.k8radiatori.it\/es\/radiatori\/power-nature-camelia\/"]}]},{"@type":"BreadcrumbList","@id":"https:\/\/www.k8radiatori.it\/es\/radiatori\/power-nature-camelia\/#breadcrumb","itemListElement":[{"@type":"ListItem","position":1,"name":"Home","item":"https:\/\/www.k8radiatori.it\/"},{"@type":"ListItem","position":2,"name":"Shop","item":"https:\/\/www.k8radiatori.it\/de\/negozio\/"},{"@type":"ListItem","position":3,"name":"Power Nature Camelia"}]},{"@type":"WebSite","@id":"https:\/\/www.k8radiatori.it\/de\/#website","url":"https:\/\/www.k8radiatori.it\/de\/","name":"K8 radiatori","description":"K8 radiatori","publisher":{"@id":"https:\/\/www.k8radiatori.it\/de\/#organization"},"potentialAction":[{"@type":"SearchAction","target":{"@type":"EntryPoint","urlTemplate":"https:\/\/www.k8radiatori.it\/de\/?s={search_term_string}"},"query-input":"required name=search_term_string"}],"inLanguage":"en-US"},{"@type":"Organization","@id":"https:\/\/www.k8radiatori.it\/de\/#organization","name":"K8 radiatori","url":"https:\/\/www.k8radiatori.it\/de\/","logo":{"@type":"ImageObject","inLanguage":"en-US","@id":"https:\/\/www.k8radiatori.it\/de\/#\/schema\/logo\/image\/","url":"https:\/\/www.k8radiatori.it\/wp-content\/uploads\/2016\/03\/logo.png","contentUrl":"https:\/\/www.k8radiatori.it\/wp-content\/uploads\/2016\/03\/logo.png","width":253,"height":283,"caption":"K8 radiatori"},"image":{"@id":"https:\/\/www.k8radiatori.it\/de\/#\/schema\/logo\/image\/"}}]}},"_links":{"self":[{"href":"https:\/\/www.k8radiatori.it\/en\/wp-json\/wp\/v3\/product\/616"}],"collection":[{"href":"https:\/\/www.k8radiatori.it\/en\/wp-json\/wp\/v3\/product"}],"about":[{"href":"https:\/\/www.k8radiatori.it\/en\/wp-json\/wp\/v2\/types\/product"}],"replies":[{"embeddable":true,"href":"https:\/\/www.k8radiatori.it\/en\/wp-json\/wp\/v2\/comments?post=616"}],"wp:featuredmedia":[{"embeddable":true,"href":"https:\/\/www.k8radiatori.it\/en\/wp-json\/wp\/v2\/media\/1407"}],"wp:attachment":[{"href":"https:\/\/www.k8radiatori.it\/en\/wp-json\/wp\/v2\/media?parent=616"}],"wp:term":[{"taxonomy":"product_cat","embeddable":true,"href":"https:\/\/www.k8radiatori.it\/en\/wp-json\/wp\/v2\/product_cat?post=616"},{"taxonomy":"product_tag","embeddable":true,"href":"https:\/\/www.k8radiatori.it\/en\/wp-json\/wp\/v2\/product_tag?post=616"}],"curies":[{"name":"wp","href":"https:\/\/api.w.org\/{rel}","templated":true}]}}