{"id":604,"date":"2015-12-25T12:13:15","date_gmt":"2015-12-25T11:13:15","guid":{"rendered":"http:\/\/www.k8radiatori.it\/en\/?post_type=product&#038;p=604"},"modified":"2023-06-28T19:45:42","modified_gmt":"2023-06-28T17:45:42","slug":"onde","status":"publish","type":"product","link":"https:\/\/www.k8radiatori.it\/en\/radiatori\/onde\/","title":{"rendered":"Onde"},"content":{"rendered":"<p><strong><a href=\"http:\/\/www.k8radiatori.it\/wp-content\/uploads\/2016\/07\/Obliquo-Onde-Ski.pdf\" target=\"_blank\">Download here the specific data<\/a><\/strong><\/p>\n<p><a href=\"\/contatti\/\">For more information contact us<\/a><\/p>\n<p><a href=\"http:\/\/www.k8radiatori.it\/wp-content\/uploads\/2016\/07\/Onde.jpg\"><img decoding=\"async\" loading=\"lazy\" class=\"size-full wp-image-1221 alignleft\" src=\"http:\/\/www.k8radiatori.it\/wp-content\/uploads\/2016\/07\/Onde.jpg\" alt=\"Immagine radiatore Onde\" width=\"214\" height=\"552\" srcset=\"https:\/\/www.k8radiatori.it\/wp-content\/uploads\/2016\/07\/Onde.jpg 214w, https:\/\/www.k8radiatori.it\/wp-content\/uploads\/2016\/07\/Onde-155x400.jpg 155w\" sizes=\"(max-width: 214px) 100vw, 214px\" \/><\/a><\/p>\n<p>&nbsp;<\/p>\n<p>&nbsp;<\/p>","protected":false},"excerpt":{"rendered":"<p>The Onde\u2019s alternating curved surfaces are inspired by the movement of waves.<\/p>\n<p>As a unique feature, this modular radiator allows the customer creative control over the final design in order to create a original piece of contemporary heating.<\/p>\n","protected":false},"featured_media":1097,"comment_status":"closed","ping_status":"closed","template":"","meta":[],"product_cat":[28],"product_tag":[48,118],"yoast_head":"<!-- This site is optimized with the Yoast SEO plugin v20.8 - https:\/\/yoast.com\/wordpress\/plugins\/seo\/ -->\n<title>Onde - K8 radiatori<\/title>\n<meta name=\"description\" content=\"Onde \u00e8 un termosifone che ricorda nella forma il movimento delle onde del mare.  Onde \u00e8 un prodotto componibile giocato sulla possibilit\u00e0 di alternare superfici curve a superfici lineari.  Questa possibilit\u00e0 determina numerose e differenti configurazioni visive, dando la possibilit\u00e0 al cliente di comporre a proprio piacimento il disegno finale del prodotto.The Onde\u2019s alternating curved surfaces are inspired by the movement of waves.  As a unique feature, this modular radiator allows the customer creative control over the final design in order to create a original piece of contemporary heating.The Onde\u2019s alternating curved surfaces are inspired by the movement of waves.  As a unique feature, this modular radiator allows the customer creative control over the final design in order to create a original piece of contemporary heating.The Onde\u2019s alternating curved surfaces are inspired by the movement of waves.  As a unique feature, this modular radiator allows the customer creative control over the final design in order to create a original piece of contemporary heating.The Onde\u2019s alternating curved surfaces are inspired by the movement of waves.  As a unique feature, this modular radiator allows the customer creative control over the final design in order to create a original piece of contemporary heating.\" \/>\n<meta name=\"robots\" content=\"index, follow, max-snippet:-1, max-image-preview:large, max-video-preview:-1\" \/>\n<link rel=\"canonical\" href=\"https:\/\/www.k8radiatori.it\/en\/radiatori\/onde\/\" \/>\n<script type=\"application\/ld+json\" class=\"yoast-schema-graph\">{\"@context\":\"https:\/\/schema.org\",\"@graph\":[{\"@type\":\"WebPage\",\"@id\":\"https:\/\/www.k8radiatori.it\/en\/radiatori\/onde\/\",\"url\":\"https:\/\/www.k8radiatori.it\/en\/radiatori\/onde\/\",\"name\":\"Onde - K8 radiatori\",\"isPartOf\":{\"@id\":\"https:\/\/www.k8radiatori.it\/de\/#website\"},\"datePublished\":\"2015-12-25T11:13:15+00:00\",\"dateModified\":\"2023-06-28T17:45:42+00:00\",\"description\":\"Onde \u00e8 un termosifone che ricorda nella forma il movimento delle onde del mare. Onde \u00e8 un prodotto componibile giocato sulla possibilit\u00e0 di alternare superfici curve a superfici lineari. Questa possibilit\u00e0 determina numerose e differenti configurazioni visive, dando la possibilit\u00e0 al cliente di comporre a proprio piacimento il disegno finale del prodotto.The Onde\u2019s alternating curved surfaces are inspired by the movement of waves. As a unique feature, this modular radiator allows the customer creative control over the final design in order to create a original piece of contemporary heating.The Onde\u2019s alternating curved surfaces are inspired by the movement of waves. As a unique feature, this modular radiator allows the customer creative control over the final design in order to create a original piece of contemporary heating.The Onde\u2019s alternating curved surfaces are inspired by the movement of waves. As a unique feature, this modular radiator allows the customer creative control over the final design in order to create a original piece of contemporary heating.The Onde\u2019s alternating curved surfaces are inspired by the movement of waves. As a unique feature, this modular radiator allows the customer creative control over the final design in order to create a original piece of contemporary heating.\",\"breadcrumb\":{\"@id\":\"https:\/\/www.k8radiatori.it\/en\/radiatori\/onde\/#breadcrumb\"},\"inLanguage\":\"en-US\",\"potentialAction\":[{\"@type\":\"ReadAction\",\"target\":[\"https:\/\/www.k8radiatori.it\/en\/radiatori\/onde\/\"]}]},{\"@type\":\"BreadcrumbList\",\"@id\":\"https:\/\/www.k8radiatori.it\/en\/radiatori\/onde\/#breadcrumb\",\"itemListElement\":[{\"@type\":\"ListItem\",\"position\":1,\"name\":\"Home\",\"item\":\"https:\/\/www.k8radiatori.it\/\"},{\"@type\":\"ListItem\",\"position\":2,\"name\":\"Shop\",\"item\":\"https:\/\/www.k8radiatori.it\/de\/negozio\/\"},{\"@type\":\"ListItem\",\"position\":3,\"name\":\"Onde\"}]},{\"@type\":\"WebSite\",\"@id\":\"https:\/\/www.k8radiatori.it\/de\/#website\",\"url\":\"https:\/\/www.k8radiatori.it\/de\/\",\"name\":\"K8 radiatori\",\"description\":\"K8 radiatori\",\"publisher\":{\"@id\":\"https:\/\/www.k8radiatori.it\/de\/#organization\"},\"potentialAction\":[{\"@type\":\"SearchAction\",\"target\":{\"@type\":\"EntryPoint\",\"urlTemplate\":\"https:\/\/www.k8radiatori.it\/de\/?s={search_term_string}\"},\"query-input\":\"required name=search_term_string\"}],\"inLanguage\":\"en-US\"},{\"@type\":\"Organization\",\"@id\":\"https:\/\/www.k8radiatori.it\/de\/#organization\",\"name\":\"K8 radiatori\",\"url\":\"https:\/\/www.k8radiatori.it\/de\/\",\"logo\":{\"@type\":\"ImageObject\",\"inLanguage\":\"en-US\",\"@id\":\"https:\/\/www.k8radiatori.it\/de\/#\/schema\/logo\/image\/\",\"url\":\"https:\/\/www.k8radiatori.it\/wp-content\/uploads\/2016\/03\/logo.png\",\"contentUrl\":\"https:\/\/www.k8radiatori.it\/wp-content\/uploads\/2016\/03\/logo.png\",\"width\":253,\"height\":283,\"caption\":\"K8 radiatori\"},\"image\":{\"@id\":\"https:\/\/www.k8radiatori.it\/de\/#\/schema\/logo\/image\/\"}}]}<\/script>\n<!-- \/ Yoast SEO plugin. -->","yoast_head_json":{"title":"Onde - K8 radiatori","description":"Onde \u00e8 un termosifone che ricorda nella forma il movimento delle onde del mare.  Onde \u00e8 un prodotto componibile giocato sulla possibilit\u00e0 di alternare superfici curve a superfici lineari.  Questa possibilit\u00e0 determina numerose e differenti configurazioni visive, dando la possibilit\u00e0 al cliente di comporre a proprio piacimento il disegno finale del prodotto.The Onde\u2019s alternating curved surfaces are inspired by the movement of waves.  As a unique feature, this modular radiator allows the customer creative control over the final design in order to create a original piece of contemporary heating.The Onde\u2019s alternating curved surfaces are inspired by the movement of waves.  As a unique feature, this modular radiator allows the customer creative control over the final design in order to create a original piece of contemporary heating.The Onde\u2019s alternating curved surfaces are inspired by the movement of waves.  As a unique feature, this modular radiator allows the customer creative control over the final design in order to create a original piece of contemporary heating.The Onde\u2019s alternating curved surfaces are inspired by the movement of waves.  As a unique feature, this modular radiator allows the customer creative control over the final design in order to create a original piece of contemporary heating.","robots":{"index":"index","follow":"follow","max-snippet":"max-snippet:-1","max-image-preview":"max-image-preview:large","max-video-preview":"max-video-preview:-1"},"canonical":"https:\/\/www.k8radiatori.it\/en\/radiatori\/onde\/","schema":{"@context":"https:\/\/schema.org","@graph":[{"@type":"WebPage","@id":"https:\/\/www.k8radiatori.it\/en\/radiatori\/onde\/","url":"https:\/\/www.k8radiatori.it\/en\/radiatori\/onde\/","name":"Onde - K8 radiatori","isPartOf":{"@id":"https:\/\/www.k8radiatori.it\/de\/#website"},"datePublished":"2015-12-25T11:13:15+00:00","dateModified":"2023-06-28T17:45:42+00:00","description":"Onde \u00e8 un termosifone che ricorda nella forma il movimento delle onde del mare. Onde \u00e8 un prodotto componibile giocato sulla possibilit\u00e0 di alternare superfici curve a superfici lineari. Questa possibilit\u00e0 determina numerose e differenti configurazioni visive, dando la possibilit\u00e0 al cliente di comporre a proprio piacimento il disegno finale del prodotto.The Onde\u2019s alternating curved surfaces are inspired by the movement of waves. As a unique feature, this modular radiator allows the customer creative control over the final design in order to create a original piece of contemporary heating.The Onde\u2019s alternating curved surfaces are inspired by the movement of waves. As a unique feature, this modular radiator allows the customer creative control over the final design in order to create a original piece of contemporary heating.The Onde\u2019s alternating curved surfaces are inspired by the movement of waves. As a unique feature, this modular radiator allows the customer creative control over the final design in order to create a original piece of contemporary heating.The Onde\u2019s alternating curved surfaces are inspired by the movement of waves. As a unique feature, this modular radiator allows the customer creative control over the final design in order to create a original piece of contemporary heating.","breadcrumb":{"@id":"https:\/\/www.k8radiatori.it\/en\/radiatori\/onde\/#breadcrumb"},"inLanguage":"en-US","potentialAction":[{"@type":"ReadAction","target":["https:\/\/www.k8radiatori.it\/en\/radiatori\/onde\/"]}]},{"@type":"BreadcrumbList","@id":"https:\/\/www.k8radiatori.it\/en\/radiatori\/onde\/#breadcrumb","itemListElement":[{"@type":"ListItem","position":1,"name":"Home","item":"https:\/\/www.k8radiatori.it\/"},{"@type":"ListItem","position":2,"name":"Shop","item":"https:\/\/www.k8radiatori.it\/de\/negozio\/"},{"@type":"ListItem","position":3,"name":"Onde"}]},{"@type":"WebSite","@id":"https:\/\/www.k8radiatori.it\/de\/#website","url":"https:\/\/www.k8radiatori.it\/de\/","name":"K8 radiatori","description":"K8 radiatori","publisher":{"@id":"https:\/\/www.k8radiatori.it\/de\/#organization"},"potentialAction":[{"@type":"SearchAction","target":{"@type":"EntryPoint","urlTemplate":"https:\/\/www.k8radiatori.it\/de\/?s={search_term_string}"},"query-input":"required name=search_term_string"}],"inLanguage":"en-US"},{"@type":"Organization","@id":"https:\/\/www.k8radiatori.it\/de\/#organization","name":"K8 radiatori","url":"https:\/\/www.k8radiatori.it\/de\/","logo":{"@type":"ImageObject","inLanguage":"en-US","@id":"https:\/\/www.k8radiatori.it\/de\/#\/schema\/logo\/image\/","url":"https:\/\/www.k8radiatori.it\/wp-content\/uploads\/2016\/03\/logo.png","contentUrl":"https:\/\/www.k8radiatori.it\/wp-content\/uploads\/2016\/03\/logo.png","width":253,"height":283,"caption":"K8 radiatori"},"image":{"@id":"https:\/\/www.k8radiatori.it\/de\/#\/schema\/logo\/image\/"}}]}},"_links":{"self":[{"href":"https:\/\/www.k8radiatori.it\/en\/wp-json\/wp\/v3\/product\/604"}],"collection":[{"href":"https:\/\/www.k8radiatori.it\/en\/wp-json\/wp\/v3\/product"}],"about":[{"href":"https:\/\/www.k8radiatori.it\/en\/wp-json\/wp\/v2\/types\/product"}],"replies":[{"embeddable":true,"href":"https:\/\/www.k8radiatori.it\/en\/wp-json\/wp\/v2\/comments?post=604"}],"wp:featuredmedia":[{"embeddable":true,"href":"https:\/\/www.k8radiatori.it\/en\/wp-json\/wp\/v2\/media\/1097"}],"wp:attachment":[{"href":"https:\/\/www.k8radiatori.it\/en\/wp-json\/wp\/v2\/media?parent=604"}],"wp:term":[{"taxonomy":"product_cat","embeddable":true,"href":"https:\/\/www.k8radiatori.it\/en\/wp-json\/wp\/v2\/product_cat?post=604"},{"taxonomy":"product_tag","embeddable":true,"href":"https:\/\/www.k8radiatori.it\/en\/wp-json\/wp\/v2\/product_tag?post=604"}],"curies":[{"name":"wp","href":"https:\/\/api.w.org\/{rel}","templated":true}]}}