{"id":592,"date":"2015-12-25T11:58:39","date_gmt":"2015-12-25T10:58:39","guid":{"rendered":"http:\/\/www.k8radiatori.it\/en\/?post_type=product&#038;p=592"},"modified":"2023-06-28T19:39:52","modified_gmt":"2023-06-28T17:39:52","slug":"nature-salice","status":"publish","type":"product","link":"https:\/\/www.k8radiatori.it\/en\/radiatori\/nature-salice\/","title":{"rendered":"Nature Salice"},"content":{"rendered":"<p><strong><a href=\"http:\/\/www.k8radiatori.it\/wp-content\/uploads\/2016\/07\/NatureCamelia-Salice-Ribes.pdf\" target=\"_blank\">Download here the specific data<\/a><\/strong><\/p>\n<p><a href=\"\/contatti\/\">For more information contact us<\/a><\/p>\n<p><a href=\"http:\/\/www.k8radiatori.it\/wp-content\/uploads\/2016\/07\/NatureSalice.jpg\"><img decoding=\"async\" loading=\"lazy\" class=\"size-full wp-image-1211 alignleft\" src=\"http:\/\/www.k8radiatori.it\/wp-content\/uploads\/2016\/07\/NatureSalice.jpg\" alt=\"Immagine radiatore Nature Salice\" width=\"136\" height=\"505\" srcset=\"https:\/\/www.k8radiatori.it\/wp-content\/uploads\/2016\/07\/NatureSalice.jpg 136w, https:\/\/www.k8radiatori.it\/wp-content\/uploads\/2016\/07\/NatureSalice-108x400.jpg 108w\" sizes=\"(max-width: 136px) 100vw, 136px\" \/><\/a><\/p>","protected":false},"excerpt":{"rendered":"<p>Nature is a set of towel warmers radiators inspired by the garden.<\/p>\n<p>The twisted branches, buds and flowers that\u00a0characterize the design are the natural elements on which to hang towel and bathrobes.<\/p>\n<p>Salice belongs to Nature\u00a0range.<\/p>\n","protected":false},"featured_media":1094,"comment_status":"closed","ping_status":"closed","template":"","meta":[],"product_cat":[28],"product_tag":[48,116],"yoast_head":"<!-- This site is optimized with the Yoast SEO plugin v20.8 - https:\/\/yoast.com\/wordpress\/plugins\/seo\/ -->\n<title>Nature Salice - K8 radiatori<\/title>\n<meta name=\"description\" content=\"Nature \u00e8 un set di radiatori scaldasalviette ispirato alle forme morbide ed avvolgenti dei fiori.  I rami intrecciati,\u00a0le gemme, i fiori che caratterizzano il design delle linee sono gli elementi naturali a cui appendere asciugamani\u00a0ed accappatoi.  Salice fa parte della serie Nature.Nature is a set of towel warmers radiators inspired by the garden.  The twisted branches, buds and flowers that\u00a0characterize the design are the natural elements on which to hang towel and bathrobes.  Salice belongs to Nature\u00a0range.Nature is a set of towel warmers radiators inspired by the garden.  The twisted branches, buds and flowers that\u00a0characterize the design are the natural elements on which to hang towel and bathrobes.  Salice belongs to Nature\u00a0range.Nature c\u2019est un set de radiateurs porte serviettes inspir\u00e9 du monde vegetal.  Lignes douces et enveloppantes des\u00a0fleurs, tressage de branches, bourgeons qui caract\u00e9risent le design.  Des \u00e9l\u00e9ments v\u00e9g\u00e9taux sur lesquels accrocher\u00a0serviettes et peignoirs. Salice fait partie de la s\u00e9rie Nature.Nature es una serie de toalleros inspirado en las formas suaves y envolventes de las flores.  Las ramas trenzadas,\u00a0las gemas, las flores que caracterizan el dise\u00f1o de las l\u00edneas son los elementos de la Naturaleza en los que colgar\u00a0las toallas y albornoces.  Salice es parte de la serie Nature.\" \/>\n<meta name=\"robots\" content=\"index, follow, max-snippet:-1, max-image-preview:large, max-video-preview:-1\" \/>\n<link rel=\"canonical\" href=\"https:\/\/www.k8radiatori.it\/en\/radiatori\/nature-salice\/\" \/>\n<script type=\"application\/ld+json\" class=\"yoast-schema-graph\">{\"@context\":\"https:\/\/schema.org\",\"@graph\":[{\"@type\":\"WebPage\",\"@id\":\"https:\/\/www.k8radiatori.it\/en\/radiatori\/nature-salice\/\",\"url\":\"https:\/\/www.k8radiatori.it\/en\/radiatori\/nature-salice\/\",\"name\":\"Nature Salice - K8 radiatori\",\"isPartOf\":{\"@id\":\"https:\/\/www.k8radiatori.it\/de\/#website\"},\"datePublished\":\"2015-12-25T10:58:39+00:00\",\"dateModified\":\"2023-06-28T17:39:52+00:00\",\"description\":\"Nature \u00e8 un set di radiatori scaldasalviette ispirato alle forme morbide ed avvolgenti dei fiori. I rami intrecciati,\u00a0le gemme, i fiori che caratterizzano il design delle linee sono gli elementi naturali a cui appendere asciugamani\u00a0ed accappatoi. Salice fa parte della serie Nature.Nature is a set of towel warmers radiators inspired by the garden. The twisted branches, buds and flowers that\u00a0characterize the design are the natural elements on which to hang towel and bathrobes. Salice belongs to Nature\u00a0range.Nature is a set of towel warmers radiators inspired by the garden. The twisted branches, buds and flowers that\u00a0characterize the design are the natural elements on which to hang towel and bathrobes. Salice belongs to Nature\u00a0range.Nature c\u2019est un set de radiateurs porte serviettes inspir\u00e9 du monde vegetal. Lignes douces et enveloppantes des\u00a0fleurs, tressage de branches, bourgeons qui caract\u00e9risent le design. Des \u00e9l\u00e9ments v\u00e9g\u00e9taux sur lesquels accrocher\u00a0serviettes et peignoirs. Salice fait partie de la s\u00e9rie Nature.Nature es una serie de toalleros inspirado en las formas suaves y envolventes de las flores. Las ramas trenzadas,\u00a0las gemas, las flores que caracterizan el dise\u00f1o de las l\u00edneas son los elementos de la Naturaleza en los que colgar\u00a0las toallas y albornoces. Salice es parte de la serie Nature.\",\"breadcrumb\":{\"@id\":\"https:\/\/www.k8radiatori.it\/en\/radiatori\/nature-salice\/#breadcrumb\"},\"inLanguage\":\"en-US\",\"potentialAction\":[{\"@type\":\"ReadAction\",\"target\":[\"https:\/\/www.k8radiatori.it\/en\/radiatori\/nature-salice\/\"]}]},{\"@type\":\"BreadcrumbList\",\"@id\":\"https:\/\/www.k8radiatori.it\/en\/radiatori\/nature-salice\/#breadcrumb\",\"itemListElement\":[{\"@type\":\"ListItem\",\"position\":1,\"name\":\"Home\",\"item\":\"https:\/\/www.k8radiatori.it\/\"},{\"@type\":\"ListItem\",\"position\":2,\"name\":\"Shop\",\"item\":\"https:\/\/www.k8radiatori.it\/de\/negozio\/\"},{\"@type\":\"ListItem\",\"position\":3,\"name\":\"Nature Salice\"}]},{\"@type\":\"WebSite\",\"@id\":\"https:\/\/www.k8radiatori.it\/de\/#website\",\"url\":\"https:\/\/www.k8radiatori.it\/de\/\",\"name\":\"K8 radiatori\",\"description\":\"K8 radiatori\",\"publisher\":{\"@id\":\"https:\/\/www.k8radiatori.it\/de\/#organization\"},\"potentialAction\":[{\"@type\":\"SearchAction\",\"target\":{\"@type\":\"EntryPoint\",\"urlTemplate\":\"https:\/\/www.k8radiatori.it\/de\/?s={search_term_string}\"},\"query-input\":\"required name=search_term_string\"}],\"inLanguage\":\"en-US\"},{\"@type\":\"Organization\",\"@id\":\"https:\/\/www.k8radiatori.it\/de\/#organization\",\"name\":\"K8 radiatori\",\"url\":\"https:\/\/www.k8radiatori.it\/de\/\",\"logo\":{\"@type\":\"ImageObject\",\"inLanguage\":\"en-US\",\"@id\":\"https:\/\/www.k8radiatori.it\/de\/#\/schema\/logo\/image\/\",\"url\":\"https:\/\/www.k8radiatori.it\/wp-content\/uploads\/2016\/03\/logo.png\",\"contentUrl\":\"https:\/\/www.k8radiatori.it\/wp-content\/uploads\/2016\/03\/logo.png\",\"width\":253,\"height\":283,\"caption\":\"K8 radiatori\"},\"image\":{\"@id\":\"https:\/\/www.k8radiatori.it\/de\/#\/schema\/logo\/image\/\"}}]}<\/script>\n<!-- \/ Yoast SEO plugin. -->","yoast_head_json":{"title":"Nature Salice - K8 radiatori","description":"Nature \u00e8 un set di radiatori scaldasalviette ispirato alle forme morbide ed avvolgenti dei fiori.  I rami intrecciati,\u00a0le gemme, i fiori che caratterizzano il design delle linee sono gli elementi naturali a cui appendere asciugamani\u00a0ed accappatoi.  Salice fa parte della serie Nature.Nature is a set of towel warmers radiators inspired by the garden.  The twisted branches, buds and flowers that\u00a0characterize the design are the natural elements on which to hang towel and bathrobes.  Salice belongs to Nature\u00a0range.Nature is a set of towel warmers radiators inspired by the garden.  The twisted branches, buds and flowers that\u00a0characterize the design are the natural elements on which to hang towel and bathrobes.  Salice belongs to Nature\u00a0range.Nature c\u2019est un set de radiateurs porte serviettes inspir\u00e9 du monde vegetal.  Lignes douces et enveloppantes des\u00a0fleurs, tressage de branches, bourgeons qui caract\u00e9risent le design.  Des \u00e9l\u00e9ments v\u00e9g\u00e9taux sur lesquels accrocher\u00a0serviettes et peignoirs. Salice fait partie de la s\u00e9rie Nature.Nature es una serie de toalleros inspirado en las formas suaves y envolventes de las flores.  Las ramas trenzadas,\u00a0las gemas, las flores que caracterizan el dise\u00f1o de las l\u00edneas son los elementos de la Naturaleza en los que colgar\u00a0las toallas y albornoces.  Salice es parte de la serie Nature.","robots":{"index":"index","follow":"follow","max-snippet":"max-snippet:-1","max-image-preview":"max-image-preview:large","max-video-preview":"max-video-preview:-1"},"canonical":"https:\/\/www.k8radiatori.it\/en\/radiatori\/nature-salice\/","schema":{"@context":"https:\/\/schema.org","@graph":[{"@type":"WebPage","@id":"https:\/\/www.k8radiatori.it\/en\/radiatori\/nature-salice\/","url":"https:\/\/www.k8radiatori.it\/en\/radiatori\/nature-salice\/","name":"Nature Salice - K8 radiatori","isPartOf":{"@id":"https:\/\/www.k8radiatori.it\/de\/#website"},"datePublished":"2015-12-25T10:58:39+00:00","dateModified":"2023-06-28T17:39:52+00:00","description":"Nature \u00e8 un set di radiatori scaldasalviette ispirato alle forme morbide ed avvolgenti dei fiori. I rami intrecciati,\u00a0le gemme, i fiori che caratterizzano il design delle linee sono gli elementi naturali a cui appendere asciugamani\u00a0ed accappatoi. Salice fa parte della serie Nature.Nature is a set of towel warmers radiators inspired by the garden. The twisted branches, buds and flowers that\u00a0characterize the design are the natural elements on which to hang towel and bathrobes. Salice belongs to Nature\u00a0range.Nature is a set of towel warmers radiators inspired by the garden. The twisted branches, buds and flowers that\u00a0characterize the design are the natural elements on which to hang towel and bathrobes. Salice belongs to Nature\u00a0range.Nature c\u2019est un set de radiateurs porte serviettes inspir\u00e9 du monde vegetal. Lignes douces et enveloppantes des\u00a0fleurs, tressage de branches, bourgeons qui caract\u00e9risent le design. Des \u00e9l\u00e9ments v\u00e9g\u00e9taux sur lesquels accrocher\u00a0serviettes et peignoirs. Salice fait partie de la s\u00e9rie Nature.Nature es una serie de toalleros inspirado en las formas suaves y envolventes de las flores. Las ramas trenzadas,\u00a0las gemas, las flores que caracterizan el dise\u00f1o de las l\u00edneas son los elementos de la Naturaleza en los que colgar\u00a0las toallas y albornoces. Salice es parte de la serie Nature.","breadcrumb":{"@id":"https:\/\/www.k8radiatori.it\/en\/radiatori\/nature-salice\/#breadcrumb"},"inLanguage":"en-US","potentialAction":[{"@type":"ReadAction","target":["https:\/\/www.k8radiatori.it\/en\/radiatori\/nature-salice\/"]}]},{"@type":"BreadcrumbList","@id":"https:\/\/www.k8radiatori.it\/en\/radiatori\/nature-salice\/#breadcrumb","itemListElement":[{"@type":"ListItem","position":1,"name":"Home","item":"https:\/\/www.k8radiatori.it\/"},{"@type":"ListItem","position":2,"name":"Shop","item":"https:\/\/www.k8radiatori.it\/de\/negozio\/"},{"@type":"ListItem","position":3,"name":"Nature Salice"}]},{"@type":"WebSite","@id":"https:\/\/www.k8radiatori.it\/de\/#website","url":"https:\/\/www.k8radiatori.it\/de\/","name":"K8 radiatori","description":"K8 radiatori","publisher":{"@id":"https:\/\/www.k8radiatori.it\/de\/#organization"},"potentialAction":[{"@type":"SearchAction","target":{"@type":"EntryPoint","urlTemplate":"https:\/\/www.k8radiatori.it\/de\/?s={search_term_string}"},"query-input":"required name=search_term_string"}],"inLanguage":"en-US"},{"@type":"Organization","@id":"https:\/\/www.k8radiatori.it\/de\/#organization","name":"K8 radiatori","url":"https:\/\/www.k8radiatori.it\/de\/","logo":{"@type":"ImageObject","inLanguage":"en-US","@id":"https:\/\/www.k8radiatori.it\/de\/#\/schema\/logo\/image\/","url":"https:\/\/www.k8radiatori.it\/wp-content\/uploads\/2016\/03\/logo.png","contentUrl":"https:\/\/www.k8radiatori.it\/wp-content\/uploads\/2016\/03\/logo.png","width":253,"height":283,"caption":"K8 radiatori"},"image":{"@id":"https:\/\/www.k8radiatori.it\/de\/#\/schema\/logo\/image\/"}}]}},"_links":{"self":[{"href":"https:\/\/www.k8radiatori.it\/en\/wp-json\/wp\/v3\/product\/592"}],"collection":[{"href":"https:\/\/www.k8radiatori.it\/en\/wp-json\/wp\/v3\/product"}],"about":[{"href":"https:\/\/www.k8radiatori.it\/en\/wp-json\/wp\/v2\/types\/product"}],"replies":[{"embeddable":true,"href":"https:\/\/www.k8radiatori.it\/en\/wp-json\/wp\/v2\/comments?post=592"}],"wp:featuredmedia":[{"embeddable":true,"href":"https:\/\/www.k8radiatori.it\/en\/wp-json\/wp\/v2\/media\/1094"}],"wp:attachment":[{"href":"https:\/\/www.k8radiatori.it\/en\/wp-json\/wp\/v2\/media?parent=592"}],"wp:term":[{"taxonomy":"product_cat","embeddable":true,"href":"https:\/\/www.k8radiatori.it\/en\/wp-json\/wp\/v2\/product_cat?post=592"},{"taxonomy":"product_tag","embeddable":true,"href":"https:\/\/www.k8radiatori.it\/en\/wp-json\/wp\/v2\/product_tag?post=592"}],"curies":[{"name":"wp","href":"https:\/\/api.w.org\/{rel}","templated":true}]}}