{"id":575,"date":"2015-12-25T09:48:08","date_gmt":"2015-12-25T08:48:08","guid":{"rendered":"http:\/\/www.k8radiatori.it\/en\/?post_type=product&#038;p=575"},"modified":"2023-06-28T19:50:38","modified_gmt":"2023-06-28T17:50:38","slug":"spekkio","status":"publish","type":"product","link":"https:\/\/www.k8radiatori.it\/en\/radiatori\/spekkio\/","title":{"rendered":"Spekkio"},"content":{"rendered":"<p><strong><a href=\"http:\/\/www.k8radiatori.it\/wp-content\/uploads\/2016\/07\/Spekkio-Trama-Wall1.pdf\" target=\"_blank\">Download here the specific data<\/a><\/strong><\/p>\n<p><a href=\"\/contatti\/\">For more information contact us<\/a><\/p>\n<p><a href=\"http:\/\/www.k8radiatori.it\/wp-content\/uploads\/2016\/07\/Spekkio.jpg\"><img decoding=\"async\" loading=\"lazy\" class=\"size-full wp-image-1224 alignleft\" src=\"http:\/\/www.k8radiatori.it\/wp-content\/uploads\/2016\/07\/Spekkio.jpg\" alt=\"Immagine radiatore Spekkio\" width=\"302\" height=\"546\" srcset=\"https:\/\/www.k8radiatori.it\/wp-content\/uploads\/2016\/07\/Spekkio.jpg 302w, https:\/\/www.k8radiatori.it\/wp-content\/uploads\/2016\/07\/Spekkio-221x400.jpg 221w\" sizes=\"(max-width: 302px) 100vw, 302px\" \/><\/a><\/p>\n<p>&nbsp;<\/p>","protected":false},"excerpt":{"rendered":"<p>With its elegant curved frame which embellishes and conceals a modern\u00a0integrated lighting system, &#8220;&#8221;Spekkio&#8221;&#8221; is a heater that performs multiple\u00a0functions in a single design: radiator, mirror and lighting system.<\/p>\n<p>For this\u00a0reason, its inclusion is ideal in the bathroom, the bedroom, but also the\u00a0entrance hall where both form and function combine to add to any interior.<\/p>\n","protected":false},"featured_media":1103,"comment_status":"closed","ping_status":"closed","template":"","meta":[],"product_cat":[28],"product_tag":[48,113],"yoast_head":"<!-- This site is optimized with the Yoast SEO plugin v20.8 - https:\/\/yoast.com\/wordpress\/plugins\/seo\/ -->\n<title>Spekkio - K8 radiatori<\/title>\n<meta name=\"description\" content=\"Con la sua cornice curvilinea ed elegante che impreziosisce e cela un\u00a0moderno sistema di illuminazione integrato, \u201cSpekkio\u201d \u00e8 un termosifone\u00a0che assolve pi\u00f9 funzioni in un unico elemento: \u00a0termosifone, specchio e\u00a0sistema di illuminazione.  Per questo motivo \u00e8 ideale il suo inserimento\u00a0nell\u2019ambiente bagno, nelle camere da letto ma anche ad esempio in un\u00a0ingresso di rappresentanza, conferendo allo stesso tempo funzione ed\u00a0eleganza all\u2019architettura circostante.With its elegant curved frame which embellishes and conceals a modern\u00a0integrated lighting system, &quot;&quot;Spekkio&quot;&quot; is a heater that performs multiple\u00a0functions in a single design: radiator, mirror and lighting system.  For this\u00a0reason, its inclusion is ideal in the bathroom, the bedroom, but also the\u00a0entrance hall where both form and function combine to add to any interior.With its elegant curved frame which embellishes and conceals a modern\u00a0integrated lighting system, &quot;&quot;Spekkio&quot;&quot; is a heater that performs multiple\u00a0functions in a single design: radiator, mirror and lighting system.  For this\u00a0reason, its inclusion is ideal in the bathroom, the bedroom, but also the\u00a0entrance hall where both form and function combine to add to any interior.Avec son cadre galb\u00e9 et \u00e9l\u00e9gant qui enrichie et cache en m\u00eame temps le\u00a0moderne syst\u00e8me d\u2019\u00e9clairage \u201cSpekkio\u201d est le radiateur qui accomplie\u00a0plusieurs fonctions: radiateur miroir et syst\u00e8me d\u2019\u00e9clairage.  De ce fait il est la pi\u00e8ce id\u00e9ale pour la salle de bain les chambres \u00e0 coucher\u00a0mais aussi une pi\u00e8ce maitresse d\u2019une entr\u00e9e dans un contexte r\u00e9sidentiel\u00a0ou d\u2019entreprise en conjuguant fonctionnalit\u00e9 et mise en sc\u00e8ne dans\u00a0l\u2019architecture d\u2019int\u00e9rieur.  &nbsp;Con la sua cornice curvilinea ed elegante che impreziosisce e cela un\u00a0moderno sistema di illuminazione integrato, \u201cSpekkio\u201d \u00e8 un termosifone\u00a0che assolve pi\u00f9 funzioni in un unico elemento: \u00a0termosifone, specchio e\u00a0sistema di illuminazione.  Per questo motivo \u00e8 ideale il suo inserimento\u00a0nell\u2019ambiente bagno, nelle camere da letto ma anche ad esempio in un\u00a0ingresso di rappresentanza, conferendo allo stesso tempo funzione ed\u00a0eleganza all\u2019architettura circostante.\" \/>\n<meta name=\"robots\" content=\"index, follow, max-snippet:-1, max-image-preview:large, max-video-preview:-1\" \/>\n<link rel=\"canonical\" href=\"https:\/\/www.k8radiatori.it\/es\/radiatori\/spekkio\/\" \/>\n<script type=\"application\/ld+json\" class=\"yoast-schema-graph\">{\"@context\":\"https:\/\/schema.org\",\"@graph\":[{\"@type\":\"WebPage\",\"@id\":\"https:\/\/www.k8radiatori.it\/es\/radiatori\/spekkio\/\",\"url\":\"https:\/\/www.k8radiatori.it\/es\/radiatori\/spekkio\/\",\"name\":\"Spekkio - K8 radiatori\",\"isPartOf\":{\"@id\":\"https:\/\/www.k8radiatori.it\/de\/#website\"},\"datePublished\":\"2015-12-25T08:48:08+00:00\",\"dateModified\":\"2023-06-28T17:50:38+00:00\",\"description\":\"Con la sua cornice curvilinea ed elegante che impreziosisce e cela un\u00a0moderno sistema di illuminazione integrato, \u201cSpekkio\u201d \u00e8 un termosifone\u00a0che assolve pi\u00f9 funzioni in un unico elemento: \u00a0termosifone, specchio e\u00a0sistema di illuminazione. Per questo motivo \u00e8 ideale il suo inserimento\u00a0nell\u2019ambiente bagno, nelle camere da letto ma anche ad esempio in un\u00a0ingresso di rappresentanza, conferendo allo stesso tempo funzione ed\u00a0eleganza all\u2019architettura circostante.With its elegant curved frame which embellishes and conceals a modern\u00a0integrated lighting system, \\\"\\\"Spekkio\\\"\\\" is a heater that performs multiple\u00a0functions in a single design: radiator, mirror and lighting system. For this\u00a0reason, its inclusion is ideal in the bathroom, the bedroom, but also the\u00a0entrance hall where both form and function combine to add to any interior.With its elegant curved frame which embellishes and conceals a modern\u00a0integrated lighting system, \\\"\\\"Spekkio\\\"\\\" is a heater that performs multiple\u00a0functions in a single design: radiator, mirror and lighting system. For this\u00a0reason, its inclusion is ideal in the bathroom, the bedroom, but also the\u00a0entrance hall where both form and function combine to add to any interior.Avec son cadre galb\u00e9 et \u00e9l\u00e9gant qui enrichie et cache en m\u00eame temps le\u00a0moderne syst\u00e8me d\u2019\u00e9clairage \u201cSpekkio\u201d est le radiateur qui accomplie\u00a0plusieurs fonctions: radiateur miroir et syst\u00e8me d\u2019\u00e9clairage. De ce fait il est la pi\u00e8ce id\u00e9ale pour la salle de bain les chambres \u00e0 coucher\u00a0mais aussi une pi\u00e8ce maitresse d\u2019une entr\u00e9e dans un contexte r\u00e9sidentiel\u00a0ou d\u2019entreprise en conjuguant fonctionnalit\u00e9 et mise en sc\u00e8ne dans\u00a0l\u2019architecture d\u2019int\u00e9rieur. &nbsp;Con la sua cornice curvilinea ed elegante che impreziosisce e cela un\u00a0moderno sistema di illuminazione integrato, \u201cSpekkio\u201d \u00e8 un termosifone\u00a0che assolve pi\u00f9 funzioni in un unico elemento: \u00a0termosifone, specchio e\u00a0sistema di illuminazione. Per questo motivo \u00e8 ideale il suo inserimento\u00a0nell\u2019ambiente bagno, nelle camere da letto ma anche ad esempio in un\u00a0ingresso di rappresentanza, conferendo allo stesso tempo funzione ed\u00a0eleganza all\u2019architettura circostante.\",\"breadcrumb\":{\"@id\":\"https:\/\/www.k8radiatori.it\/es\/radiatori\/spekkio\/#breadcrumb\"},\"inLanguage\":\"en-US\",\"potentialAction\":[{\"@type\":\"ReadAction\",\"target\":[\"https:\/\/www.k8radiatori.it\/es\/radiatori\/spekkio\/\"]}]},{\"@type\":\"BreadcrumbList\",\"@id\":\"https:\/\/www.k8radiatori.it\/es\/radiatori\/spekkio\/#breadcrumb\",\"itemListElement\":[{\"@type\":\"ListItem\",\"position\":1,\"name\":\"Home\",\"item\":\"https:\/\/www.k8radiatori.it\/\"},{\"@type\":\"ListItem\",\"position\":2,\"name\":\"Shop\",\"item\":\"https:\/\/www.k8radiatori.it\/de\/negozio\/\"},{\"@type\":\"ListItem\",\"position\":3,\"name\":\"Spekkio\"}]},{\"@type\":\"WebSite\",\"@id\":\"https:\/\/www.k8radiatori.it\/de\/#website\",\"url\":\"https:\/\/www.k8radiatori.it\/de\/\",\"name\":\"K8 radiatori\",\"description\":\"K8 radiatori\",\"publisher\":{\"@id\":\"https:\/\/www.k8radiatori.it\/de\/#organization\"},\"potentialAction\":[{\"@type\":\"SearchAction\",\"target\":{\"@type\":\"EntryPoint\",\"urlTemplate\":\"https:\/\/www.k8radiatori.it\/de\/?s={search_term_string}\"},\"query-input\":\"required name=search_term_string\"}],\"inLanguage\":\"en-US\"},{\"@type\":\"Organization\",\"@id\":\"https:\/\/www.k8radiatori.it\/de\/#organization\",\"name\":\"K8 radiatori\",\"url\":\"https:\/\/www.k8radiatori.it\/de\/\",\"logo\":{\"@type\":\"ImageObject\",\"inLanguage\":\"en-US\",\"@id\":\"https:\/\/www.k8radiatori.it\/de\/#\/schema\/logo\/image\/\",\"url\":\"https:\/\/www.k8radiatori.it\/wp-content\/uploads\/2016\/03\/logo.png\",\"contentUrl\":\"https:\/\/www.k8radiatori.it\/wp-content\/uploads\/2016\/03\/logo.png\",\"width\":253,\"height\":283,\"caption\":\"K8 radiatori\"},\"image\":{\"@id\":\"https:\/\/www.k8radiatori.it\/de\/#\/schema\/logo\/image\/\"}}]}<\/script>\n<!-- \/ Yoast SEO plugin. -->","yoast_head_json":{"title":"Spekkio - K8 radiatori","description":"Con la sua cornice curvilinea ed elegante che impreziosisce e cela un\u00a0moderno sistema di illuminazione integrato, \u201cSpekkio\u201d \u00e8 un termosifone\u00a0che assolve pi\u00f9 funzioni in un unico elemento: \u00a0termosifone, specchio e\u00a0sistema di illuminazione.  Per questo motivo \u00e8 ideale il suo inserimento\u00a0nell\u2019ambiente bagno, nelle camere da letto ma anche ad esempio in un\u00a0ingresso di rappresentanza, conferendo allo stesso tempo funzione ed\u00a0eleganza all\u2019architettura circostante.With its elegant curved frame which embellishes and conceals a modern\u00a0integrated lighting system, \"\"Spekkio\"\" is a heater that performs multiple\u00a0functions in a single design: radiator, mirror and lighting system.  For this\u00a0reason, its inclusion is ideal in the bathroom, the bedroom, but also the\u00a0entrance hall where both form and function combine to add to any interior.With its elegant curved frame which embellishes and conceals a modern\u00a0integrated lighting system, \"\"Spekkio\"\" is a heater that performs multiple\u00a0functions in a single design: radiator, mirror and lighting system.  For this\u00a0reason, its inclusion is ideal in the bathroom, the bedroom, but also the\u00a0entrance hall where both form and function combine to add to any interior.Avec son cadre galb\u00e9 et \u00e9l\u00e9gant qui enrichie et cache en m\u00eame temps le\u00a0moderne syst\u00e8me d\u2019\u00e9clairage \u201cSpekkio\u201d est le radiateur qui accomplie\u00a0plusieurs fonctions: radiateur miroir et syst\u00e8me d\u2019\u00e9clairage.  De ce fait il est la pi\u00e8ce id\u00e9ale pour la salle de bain les chambres \u00e0 coucher\u00a0mais aussi une pi\u00e8ce maitresse d\u2019une entr\u00e9e dans un contexte r\u00e9sidentiel\u00a0ou d\u2019entreprise en conjuguant fonctionnalit\u00e9 et mise en sc\u00e8ne dans\u00a0l\u2019architecture d\u2019int\u00e9rieur.  &nbsp;Con la sua cornice curvilinea ed elegante che impreziosisce e cela un\u00a0moderno sistema di illuminazione integrato, \u201cSpekkio\u201d \u00e8 un termosifone\u00a0che assolve pi\u00f9 funzioni in un unico elemento: \u00a0termosifone, specchio e\u00a0sistema di illuminazione.  Per questo motivo \u00e8 ideale il suo inserimento\u00a0nell\u2019ambiente bagno, nelle camere da letto ma anche ad esempio in un\u00a0ingresso di rappresentanza, conferendo allo stesso tempo funzione ed\u00a0eleganza all\u2019architettura circostante.","robots":{"index":"index","follow":"follow","max-snippet":"max-snippet:-1","max-image-preview":"max-image-preview:large","max-video-preview":"max-video-preview:-1"},"canonical":"https:\/\/www.k8radiatori.it\/es\/radiatori\/spekkio\/","schema":{"@context":"https:\/\/schema.org","@graph":[{"@type":"WebPage","@id":"https:\/\/www.k8radiatori.it\/es\/radiatori\/spekkio\/","url":"https:\/\/www.k8radiatori.it\/es\/radiatori\/spekkio\/","name":"Spekkio - K8 radiatori","isPartOf":{"@id":"https:\/\/www.k8radiatori.it\/de\/#website"},"datePublished":"2015-12-25T08:48:08+00:00","dateModified":"2023-06-28T17:50:38+00:00","description":"Con la sua cornice curvilinea ed elegante che impreziosisce e cela un\u00a0moderno sistema di illuminazione integrato, \u201cSpekkio\u201d \u00e8 un termosifone\u00a0che assolve pi\u00f9 funzioni in un unico elemento: \u00a0termosifone, specchio e\u00a0sistema di illuminazione. Per questo motivo \u00e8 ideale il suo inserimento\u00a0nell\u2019ambiente bagno, nelle camere da letto ma anche ad esempio in un\u00a0ingresso di rappresentanza, conferendo allo stesso tempo funzione ed\u00a0eleganza all\u2019architettura circostante.With its elegant curved frame which embellishes and conceals a modern\u00a0integrated lighting system, \"\"Spekkio\"\" is a heater that performs multiple\u00a0functions in a single design: radiator, mirror and lighting system. For this\u00a0reason, its inclusion is ideal in the bathroom, the bedroom, but also the\u00a0entrance hall where both form and function combine to add to any interior.With its elegant curved frame which embellishes and conceals a modern\u00a0integrated lighting system, \"\"Spekkio\"\" is a heater that performs multiple\u00a0functions in a single design: radiator, mirror and lighting system. For this\u00a0reason, its inclusion is ideal in the bathroom, the bedroom, but also the\u00a0entrance hall where both form and function combine to add to any interior.Avec son cadre galb\u00e9 et \u00e9l\u00e9gant qui enrichie et cache en m\u00eame temps le\u00a0moderne syst\u00e8me d\u2019\u00e9clairage \u201cSpekkio\u201d est le radiateur qui accomplie\u00a0plusieurs fonctions: radiateur miroir et syst\u00e8me d\u2019\u00e9clairage. De ce fait il est la pi\u00e8ce id\u00e9ale pour la salle de bain les chambres \u00e0 coucher\u00a0mais aussi une pi\u00e8ce maitresse d\u2019une entr\u00e9e dans un contexte r\u00e9sidentiel\u00a0ou d\u2019entreprise en conjuguant fonctionnalit\u00e9 et mise en sc\u00e8ne dans\u00a0l\u2019architecture d\u2019int\u00e9rieur. &nbsp;Con la sua cornice curvilinea ed elegante che impreziosisce e cela un\u00a0moderno sistema di illuminazione integrato, \u201cSpekkio\u201d \u00e8 un termosifone\u00a0che assolve pi\u00f9 funzioni in un unico elemento: \u00a0termosifone, specchio e\u00a0sistema di illuminazione. Per questo motivo \u00e8 ideale il suo inserimento\u00a0nell\u2019ambiente bagno, nelle camere da letto ma anche ad esempio in un\u00a0ingresso di rappresentanza, conferendo allo stesso tempo funzione ed\u00a0eleganza all\u2019architettura circostante.","breadcrumb":{"@id":"https:\/\/www.k8radiatori.it\/es\/radiatori\/spekkio\/#breadcrumb"},"inLanguage":"en-US","potentialAction":[{"@type":"ReadAction","target":["https:\/\/www.k8radiatori.it\/es\/radiatori\/spekkio\/"]}]},{"@type":"BreadcrumbList","@id":"https:\/\/www.k8radiatori.it\/es\/radiatori\/spekkio\/#breadcrumb","itemListElement":[{"@type":"ListItem","position":1,"name":"Home","item":"https:\/\/www.k8radiatori.it\/"},{"@type":"ListItem","position":2,"name":"Shop","item":"https:\/\/www.k8radiatori.it\/de\/negozio\/"},{"@type":"ListItem","position":3,"name":"Spekkio"}]},{"@type":"WebSite","@id":"https:\/\/www.k8radiatori.it\/de\/#website","url":"https:\/\/www.k8radiatori.it\/de\/","name":"K8 radiatori","description":"K8 radiatori","publisher":{"@id":"https:\/\/www.k8radiatori.it\/de\/#organization"},"potentialAction":[{"@type":"SearchAction","target":{"@type":"EntryPoint","urlTemplate":"https:\/\/www.k8radiatori.it\/de\/?s={search_term_string}"},"query-input":"required name=search_term_string"}],"inLanguage":"en-US"},{"@type":"Organization","@id":"https:\/\/www.k8radiatori.it\/de\/#organization","name":"K8 radiatori","url":"https:\/\/www.k8radiatori.it\/de\/","logo":{"@type":"ImageObject","inLanguage":"en-US","@id":"https:\/\/www.k8radiatori.it\/de\/#\/schema\/logo\/image\/","url":"https:\/\/www.k8radiatori.it\/wp-content\/uploads\/2016\/03\/logo.png","contentUrl":"https:\/\/www.k8radiatori.it\/wp-content\/uploads\/2016\/03\/logo.png","width":253,"height":283,"caption":"K8 radiatori"},"image":{"@id":"https:\/\/www.k8radiatori.it\/de\/#\/schema\/logo\/image\/"}}]}},"_links":{"self":[{"href":"https:\/\/www.k8radiatori.it\/en\/wp-json\/wp\/v3\/product\/575"}],"collection":[{"href":"https:\/\/www.k8radiatori.it\/en\/wp-json\/wp\/v3\/product"}],"about":[{"href":"https:\/\/www.k8radiatori.it\/en\/wp-json\/wp\/v2\/types\/product"}],"replies":[{"embeddable":true,"href":"https:\/\/www.k8radiatori.it\/en\/wp-json\/wp\/v2\/comments?post=575"}],"wp:featuredmedia":[{"embeddable":true,"href":"https:\/\/www.k8radiatori.it\/en\/wp-json\/wp\/v2\/media\/1103"}],"wp:attachment":[{"href":"https:\/\/www.k8radiatori.it\/en\/wp-json\/wp\/v2\/media?parent=575"}],"wp:term":[{"taxonomy":"product_cat","embeddable":true,"href":"https:\/\/www.k8radiatori.it\/en\/wp-json\/wp\/v2\/product_cat?post=575"},{"taxonomy":"product_tag","embeddable":true,"href":"https:\/\/www.k8radiatori.it\/en\/wp-json\/wp\/v2\/product_tag?post=575"}],"curies":[{"name":"wp","href":"https:\/\/api.w.org\/{rel}","templated":true}]}}