{"id":560,"date":"2015-12-25T09:17:29","date_gmt":"2015-12-25T08:17:29","guid":{"rendered":"http:\/\/www.k8radiatori.it\/en\/?post_type=product&#038;p=560"},"modified":"2023-06-28T19:52:59","modified_gmt":"2023-06-28T17:52:59","slug":"wall","status":"publish","type":"product","link":"https:\/\/www.k8radiatori.it\/en\/radiatori\/wall\/","title":{"rendered":"Wall"},"content":{"rendered":"<p><strong><a href=\"http:\/\/www.k8radiatori.it\/wp-content\/uploads\/2016\/07\/Spekkio-Trama-Wall1.pdf\" target=\"_blank\">Download here the specific data<\/a><\/strong><\/p>\n<p><a href=\"\/contatti\/\">For more information contact us<\/a><\/p>\n<p><a href=\"http:\/\/www.k8radiatori.it\/wp-content\/uploads\/2016\/07\/Wall.jpg\"><img decoding=\"async\" loading=\"lazy\" class=\"size-full wp-image-1226 alignleft\" src=\"http:\/\/www.k8radiatori.it\/wp-content\/uploads\/2016\/07\/Wall.jpg\" alt=\"Immagine radiatore Wall\" width=\"271\" height=\"570\" srcset=\"https:\/\/www.k8radiatori.it\/wp-content\/uploads\/2016\/07\/Wall.jpg 271w, https:\/\/www.k8radiatori.it\/wp-content\/uploads\/2016\/07\/Wall-190x400.jpg 190w\" sizes=\"(max-width: 271px) 100vw, 271px\" \/><\/a><\/p>","protected":false},"excerpt":{"rendered":"<p>Essential design and good thermal yield, these are the main feature of\u00a0the thermal furnishing unit, available both vertical, horizontal and square\u00a0versions. On demand it is available a version to be connected to the\u00a0hidden heating installations behind the radiator and valves which are\u00a0separately accessible.<br \/>\nAvailable in different colours and finishes.<br \/>\nWith its ultra-minimal design, WALL is a discrete presence on the wall or\u00a0in the more lively colour version, it can attract the guest attention. Its\u00a0different available sizes makes it suitable to any ambience.<\/p>\n","protected":false},"featured_media":1105,"comment_status":"closed","ping_status":"closed","template":"","meta":[],"product_cat":[28],"product_tag":[48,110],"yoast_head":"<!-- This site is optimized with the Yoast SEO plugin v20.8 - https:\/\/yoast.com\/wordpress\/plugins\/seo\/ -->\n<title>Wall - K8 radiatori<\/title>\n<meta name=\"description\" content=\"Disegno essenziale e buona resa termica sono le caratteristiche di\u00a0questo termoarredo, disponibile sia in versione verticale, sia orizzontale,\u00a0sia quadrata. A richiesta \u00e8 disponibile la versione con allacciamenti\u00a0all\u2019impianto di riscaldamento nascosti dietro il calorifero e valvole\u00a0accessibili separatamente. Disponibile in diverse dimensioni e finiture. Con il suo design ultraminimalista, WALL \u00e8 una presenza discreta sulla\u00a0parete oppure,nelle versioni con colori accesi, pu\u00f2 catalizzare l\u2019attenzione\u00a0dell\u2019ospite. Le numerose dimensioni disponibili lo rendono adattabile\u00a0a qualsiasi ambiente.Essential design and good thermal yield, these are the main feature of\u00a0the thermal furnishing unit, available both vertical, horizontal and square\u00a0versions. On demand it is available a version to be connected to the\u00a0hidden heating installations behind the radiator and valves which are\u00a0separately accessible. Available in different colours and finishes. With its ultra-minimal design, WALL is a discrete presence on the wall or\u00a0in the more lively colour version, it can attract the guest attention. Its\u00a0different available sizes makes it suitable to any ambience.Essential design and good thermal yield, these are the main feature of\u00a0the thermal furnishing unit, available both vertical, horizontal and square\u00a0versions. On demand it is available a version to be connected to the\u00a0hidden heating installations behind the radiator and valves which are\u00a0separately accessible. Available in different colours and finishes. With its ultra-minimal design, WALL is a discrete presence on the wall or\u00a0in the more lively colour version, it can attract the guest attention. Its\u00a0different available sizes makes it suitable to any ambience.Dessin essentiel ainsi que bon rendement thermique sont parmi les\u00a0caract\u00e9ristiques les plus importantes de cet \u00e9l\u00e9ment d&#039;ameublement, disponible dans sa version verticale, horizontale ou carr\u00e9e. A la demande il y aussi une version avec connexions \u00e0 l&#039;installation de\u00a0chauffage cach\u00e9e derri\u00e8re le radiateur et les soupapes accessibles\u00a0s\u00e9par\u00e9ment. Disponible dans diff\u00e9rents coloris et dimensions. Dessin ultra minimal, WALL est une pr\u00e9sence discr\u00e8te au niveau de la\u00a0paroi out dans les versions plus color\u00e9es, il peut catalyser l\u2019attention de\u00a0l\u2019h\u00f4te. Les diff\u00e9rentes dimensions disponibles en font un \u00e9l\u00e9ment qui\u00a0s\u2019adapte \u00e0 toute ambiance.Dise\u00f1o esencial y buen rendimiento t\u00e9rmico son las caracter\u00edsticas de\u00a0esta termodecoraci\u00f3n disponible en versi\u00f3n vertical, horizontal y\u00a0cuadrada. Bajo pedido est\u00e1 disponible la versi\u00f3n con conexiones a la\u00a0instalaci\u00f3n de calefacci\u00f3n escondidas detr\u00e1s del radiador y v\u00e1lvulas\u00a0accesibles separadamente. Disponible en varios tama\u00f1os y acabados. Con su dise\u00f1o ultra minimalista, WALL es una presencia discreta en la\u00a0pared o en las versiones en colores fuertes puede catalizar la atenci\u00f3n\u00a0del hu\u00e9sped. Gracias a los varios tama\u00f1os disponibles se puede\u00a0adaptar a cualquier ambiente.\" \/>\n<meta name=\"robots\" content=\"index, follow, max-snippet:-1, max-image-preview:large, max-video-preview:-1\" \/>\n<link rel=\"canonical\" href=\"https:\/\/www.k8radiatori.it\/radiatori\/wall\/\" \/>\n<script type=\"application\/ld+json\" class=\"yoast-schema-graph\">{\"@context\":\"https:\/\/schema.org\",\"@graph\":[{\"@type\":\"WebPage\",\"@id\":\"https:\/\/www.k8radiatori.it\/radiatori\/wall\/\",\"url\":\"https:\/\/www.k8radiatori.it\/radiatori\/wall\/\",\"name\":\"Wall - K8 radiatori\",\"isPartOf\":{\"@id\":\"https:\/\/www.k8radiatori.it\/de\/#website\"},\"datePublished\":\"2015-12-25T08:17:29+00:00\",\"dateModified\":\"2023-06-28T17:52:59+00:00\",\"description\":\"Disegno essenziale e buona resa termica sono le caratteristiche di\u00a0questo termoarredo, disponibile sia in versione verticale, sia orizzontale,\u00a0sia quadrata. A richiesta \u00e8 disponibile la versione con allacciamenti\u00a0all\u2019impianto di riscaldamento nascosti dietro il calorifero e valvole\u00a0accessibili separatamente. Disponibile in diverse dimensioni e finiture. Con il suo design ultraminimalista, WALL \u00e8 una presenza discreta sulla\u00a0parete oppure,nelle versioni con colori accesi, pu\u00f2 catalizzare l\u2019attenzione\u00a0dell\u2019ospite. Le numerose dimensioni disponibili lo rendono adattabile\u00a0a qualsiasi ambiente.Essential design and good thermal yield, these are the main feature of\u00a0the thermal furnishing unit, available both vertical, horizontal and square\u00a0versions. On demand it is available a version to be connected to the\u00a0hidden heating installations behind the radiator and valves which are\u00a0separately accessible. Available in different colours and finishes. With its ultra-minimal design, WALL is a discrete presence on the wall or\u00a0in the more lively colour version, it can attract the guest attention. Its\u00a0different available sizes makes it suitable to any ambience.Essential design and good thermal yield, these are the main feature of\u00a0the thermal furnishing unit, available both vertical, horizontal and square\u00a0versions. On demand it is available a version to be connected to the\u00a0hidden heating installations behind the radiator and valves which are\u00a0separately accessible. Available in different colours and finishes. With its ultra-minimal design, WALL is a discrete presence on the wall or\u00a0in the more lively colour version, it can attract the guest attention. Its\u00a0different available sizes makes it suitable to any ambience.Dessin essentiel ainsi que bon rendement thermique sont parmi les\u00a0caract\u00e9ristiques les plus importantes de cet \u00e9l\u00e9ment d'ameublement, disponible dans sa version verticale, horizontale ou carr\u00e9e. A la demande il y aussi une version avec connexions \u00e0 l'installation de\u00a0chauffage cach\u00e9e derri\u00e8re le radiateur et les soupapes accessibles\u00a0s\u00e9par\u00e9ment. Disponible dans diff\u00e9rents coloris et dimensions. Dessin ultra minimal, WALL est une pr\u00e9sence discr\u00e8te au niveau de la\u00a0paroi out dans les versions plus color\u00e9es, il peut catalyser l\u2019attention de\u00a0l\u2019h\u00f4te. Les diff\u00e9rentes dimensions disponibles en font un \u00e9l\u00e9ment qui\u00a0s\u2019adapte \u00e0 toute ambiance.Dise\u00f1o esencial y buen rendimiento t\u00e9rmico son las caracter\u00edsticas de\u00a0esta termodecoraci\u00f3n disponible en versi\u00f3n vertical, horizontal y\u00a0cuadrada. Bajo pedido est\u00e1 disponible la versi\u00f3n con conexiones a la\u00a0instalaci\u00f3n de calefacci\u00f3n escondidas detr\u00e1s del radiador y v\u00e1lvulas\u00a0accesibles separadamente. Disponible en varios tama\u00f1os y acabados. Con su dise\u00f1o ultra minimalista, WALL es una presencia discreta en la\u00a0pared o en las versiones en colores fuertes puede catalizar la atenci\u00f3n\u00a0del hu\u00e9sped. Gracias a los varios tama\u00f1os disponibles se puede\u00a0adaptar a cualquier ambiente.\",\"breadcrumb\":{\"@id\":\"https:\/\/www.k8radiatori.it\/radiatori\/wall\/#breadcrumb\"},\"inLanguage\":\"en-US\",\"potentialAction\":[{\"@type\":\"ReadAction\",\"target\":[\"https:\/\/www.k8radiatori.it\/radiatori\/wall\/\"]}]},{\"@type\":\"BreadcrumbList\",\"@id\":\"https:\/\/www.k8radiatori.it\/radiatori\/wall\/#breadcrumb\",\"itemListElement\":[{\"@type\":\"ListItem\",\"position\":1,\"name\":\"Home\",\"item\":\"https:\/\/www.k8radiatori.it\/\"},{\"@type\":\"ListItem\",\"position\":2,\"name\":\"Shop\",\"item\":\"https:\/\/www.k8radiatori.it\/de\/negozio\/\"},{\"@type\":\"ListItem\",\"position\":3,\"name\":\"Wall\"}]},{\"@type\":\"WebSite\",\"@id\":\"https:\/\/www.k8radiatori.it\/de\/#website\",\"url\":\"https:\/\/www.k8radiatori.it\/de\/\",\"name\":\"K8 radiatori\",\"description\":\"K8 radiatori\",\"publisher\":{\"@id\":\"https:\/\/www.k8radiatori.it\/de\/#organization\"},\"potentialAction\":[{\"@type\":\"SearchAction\",\"target\":{\"@type\":\"EntryPoint\",\"urlTemplate\":\"https:\/\/www.k8radiatori.it\/de\/?s={search_term_string}\"},\"query-input\":\"required name=search_term_string\"}],\"inLanguage\":\"en-US\"},{\"@type\":\"Organization\",\"@id\":\"https:\/\/www.k8radiatori.it\/de\/#organization\",\"name\":\"K8 radiatori\",\"url\":\"https:\/\/www.k8radiatori.it\/de\/\",\"logo\":{\"@type\":\"ImageObject\",\"inLanguage\":\"en-US\",\"@id\":\"https:\/\/www.k8radiatori.it\/de\/#\/schema\/logo\/image\/\",\"url\":\"https:\/\/www.k8radiatori.it\/wp-content\/uploads\/2016\/03\/logo.png\",\"contentUrl\":\"https:\/\/www.k8radiatori.it\/wp-content\/uploads\/2016\/03\/logo.png\",\"width\":253,\"height\":283,\"caption\":\"K8 radiatori\"},\"image\":{\"@id\":\"https:\/\/www.k8radiatori.it\/de\/#\/schema\/logo\/image\/\"}}]}<\/script>\n<!-- \/ Yoast SEO plugin. -->","yoast_head_json":{"title":"Wall - K8 radiatori","description":"Disegno essenziale e buona resa termica sono le caratteristiche di\u00a0questo termoarredo, disponibile sia in versione verticale, sia orizzontale,\u00a0sia quadrata. A richiesta \u00e8 disponibile la versione con allacciamenti\u00a0all\u2019impianto di riscaldamento nascosti dietro il calorifero e valvole\u00a0accessibili separatamente. Disponibile in diverse dimensioni e finiture. Con il suo design ultraminimalista, WALL \u00e8 una presenza discreta sulla\u00a0parete oppure,nelle versioni con colori accesi, pu\u00f2 catalizzare l\u2019attenzione\u00a0dell\u2019ospite. Le numerose dimensioni disponibili lo rendono adattabile\u00a0a qualsiasi ambiente.Essential design and good thermal yield, these are the main feature of\u00a0the thermal furnishing unit, available both vertical, horizontal and square\u00a0versions. On demand it is available a version to be connected to the\u00a0hidden heating installations behind the radiator and valves which are\u00a0separately accessible. Available in different colours and finishes. With its ultra-minimal design, WALL is a discrete presence on the wall or\u00a0in the more lively colour version, it can attract the guest attention. Its\u00a0different available sizes makes it suitable to any ambience.Essential design and good thermal yield, these are the main feature of\u00a0the thermal furnishing unit, available both vertical, horizontal and square\u00a0versions. On demand it is available a version to be connected to the\u00a0hidden heating installations behind the radiator and valves which are\u00a0separately accessible. Available in different colours and finishes. With its ultra-minimal design, WALL is a discrete presence on the wall or\u00a0in the more lively colour version, it can attract the guest attention. Its\u00a0different available sizes makes it suitable to any ambience.Dessin essentiel ainsi que bon rendement thermique sont parmi les\u00a0caract\u00e9ristiques les plus importantes de cet \u00e9l\u00e9ment d'ameublement, disponible dans sa version verticale, horizontale ou carr\u00e9e. A la demande il y aussi une version avec connexions \u00e0 l'installation de\u00a0chauffage cach\u00e9e derri\u00e8re le radiateur et les soupapes accessibles\u00a0s\u00e9par\u00e9ment. Disponible dans diff\u00e9rents coloris et dimensions. Dessin ultra minimal, WALL est une pr\u00e9sence discr\u00e8te au niveau de la\u00a0paroi out dans les versions plus color\u00e9es, il peut catalyser l\u2019attention de\u00a0l\u2019h\u00f4te. Les diff\u00e9rentes dimensions disponibles en font un \u00e9l\u00e9ment qui\u00a0s\u2019adapte \u00e0 toute ambiance.Dise\u00f1o esencial y buen rendimiento t\u00e9rmico son las caracter\u00edsticas de\u00a0esta termodecoraci\u00f3n disponible en versi\u00f3n vertical, horizontal y\u00a0cuadrada. Bajo pedido est\u00e1 disponible la versi\u00f3n con conexiones a la\u00a0instalaci\u00f3n de calefacci\u00f3n escondidas detr\u00e1s del radiador y v\u00e1lvulas\u00a0accesibles separadamente. Disponible en varios tama\u00f1os y acabados. Con su dise\u00f1o ultra minimalista, WALL es una presencia discreta en la\u00a0pared o en las versiones en colores fuertes puede catalizar la atenci\u00f3n\u00a0del hu\u00e9sped. Gracias a los varios tama\u00f1os disponibles se puede\u00a0adaptar a cualquier ambiente.","robots":{"index":"index","follow":"follow","max-snippet":"max-snippet:-1","max-image-preview":"max-image-preview:large","max-video-preview":"max-video-preview:-1"},"canonical":"https:\/\/www.k8radiatori.it\/radiatori\/wall\/","schema":{"@context":"https:\/\/schema.org","@graph":[{"@type":"WebPage","@id":"https:\/\/www.k8radiatori.it\/radiatori\/wall\/","url":"https:\/\/www.k8radiatori.it\/radiatori\/wall\/","name":"Wall - K8 radiatori","isPartOf":{"@id":"https:\/\/www.k8radiatori.it\/de\/#website"},"datePublished":"2015-12-25T08:17:29+00:00","dateModified":"2023-06-28T17:52:59+00:00","description":"Disegno essenziale e buona resa termica sono le caratteristiche di\u00a0questo termoarredo, disponibile sia in versione verticale, sia orizzontale,\u00a0sia quadrata. A richiesta \u00e8 disponibile la versione con allacciamenti\u00a0all\u2019impianto di riscaldamento nascosti dietro il calorifero e valvole\u00a0accessibili separatamente. Disponibile in diverse dimensioni e finiture. Con il suo design ultraminimalista, WALL \u00e8 una presenza discreta sulla\u00a0parete oppure,nelle versioni con colori accesi, pu\u00f2 catalizzare l\u2019attenzione\u00a0dell\u2019ospite. Le numerose dimensioni disponibili lo rendono adattabile\u00a0a qualsiasi ambiente.Essential design and good thermal yield, these are the main feature of\u00a0the thermal furnishing unit, available both vertical, horizontal and square\u00a0versions. On demand it is available a version to be connected to the\u00a0hidden heating installations behind the radiator and valves which are\u00a0separately accessible. Available in different colours and finishes. With its ultra-minimal design, WALL is a discrete presence on the wall or\u00a0in the more lively colour version, it can attract the guest attention. Its\u00a0different available sizes makes it suitable to any ambience.Essential design and good thermal yield, these are the main feature of\u00a0the thermal furnishing unit, available both vertical, horizontal and square\u00a0versions. On demand it is available a version to be connected to the\u00a0hidden heating installations behind the radiator and valves which are\u00a0separately accessible. Available in different colours and finishes. With its ultra-minimal design, WALL is a discrete presence on the wall or\u00a0in the more lively colour version, it can attract the guest attention. Its\u00a0different available sizes makes it suitable to any ambience.Dessin essentiel ainsi que bon rendement thermique sont parmi les\u00a0caract\u00e9ristiques les plus importantes de cet \u00e9l\u00e9ment d'ameublement, disponible dans sa version verticale, horizontale ou carr\u00e9e. A la demande il y aussi une version avec connexions \u00e0 l'installation de\u00a0chauffage cach\u00e9e derri\u00e8re le radiateur et les soupapes accessibles\u00a0s\u00e9par\u00e9ment. Disponible dans diff\u00e9rents coloris et dimensions. Dessin ultra minimal, WALL est une pr\u00e9sence discr\u00e8te au niveau de la\u00a0paroi out dans les versions plus color\u00e9es, il peut catalyser l\u2019attention de\u00a0l\u2019h\u00f4te. Les diff\u00e9rentes dimensions disponibles en font un \u00e9l\u00e9ment qui\u00a0s\u2019adapte \u00e0 toute ambiance.Dise\u00f1o esencial y buen rendimiento t\u00e9rmico son las caracter\u00edsticas de\u00a0esta termodecoraci\u00f3n disponible en versi\u00f3n vertical, horizontal y\u00a0cuadrada. Bajo pedido est\u00e1 disponible la versi\u00f3n con conexiones a la\u00a0instalaci\u00f3n de calefacci\u00f3n escondidas detr\u00e1s del radiador y v\u00e1lvulas\u00a0accesibles separadamente. Disponible en varios tama\u00f1os y acabados. Con su dise\u00f1o ultra minimalista, WALL es una presencia discreta en la\u00a0pared o en las versiones en colores fuertes puede catalizar la atenci\u00f3n\u00a0del hu\u00e9sped. Gracias a los varios tama\u00f1os disponibles se puede\u00a0adaptar a cualquier ambiente.","breadcrumb":{"@id":"https:\/\/www.k8radiatori.it\/radiatori\/wall\/#breadcrumb"},"inLanguage":"en-US","potentialAction":[{"@type":"ReadAction","target":["https:\/\/www.k8radiatori.it\/radiatori\/wall\/"]}]},{"@type":"BreadcrumbList","@id":"https:\/\/www.k8radiatori.it\/radiatori\/wall\/#breadcrumb","itemListElement":[{"@type":"ListItem","position":1,"name":"Home","item":"https:\/\/www.k8radiatori.it\/"},{"@type":"ListItem","position":2,"name":"Shop","item":"https:\/\/www.k8radiatori.it\/de\/negozio\/"},{"@type":"ListItem","position":3,"name":"Wall"}]},{"@type":"WebSite","@id":"https:\/\/www.k8radiatori.it\/de\/#website","url":"https:\/\/www.k8radiatori.it\/de\/","name":"K8 radiatori","description":"K8 radiatori","publisher":{"@id":"https:\/\/www.k8radiatori.it\/de\/#organization"},"potentialAction":[{"@type":"SearchAction","target":{"@type":"EntryPoint","urlTemplate":"https:\/\/www.k8radiatori.it\/de\/?s={search_term_string}"},"query-input":"required name=search_term_string"}],"inLanguage":"en-US"},{"@type":"Organization","@id":"https:\/\/www.k8radiatori.it\/de\/#organization","name":"K8 radiatori","url":"https:\/\/www.k8radiatori.it\/de\/","logo":{"@type":"ImageObject","inLanguage":"en-US","@id":"https:\/\/www.k8radiatori.it\/de\/#\/schema\/logo\/image\/","url":"https:\/\/www.k8radiatori.it\/wp-content\/uploads\/2016\/03\/logo.png","contentUrl":"https:\/\/www.k8radiatori.it\/wp-content\/uploads\/2016\/03\/logo.png","width":253,"height":283,"caption":"K8 radiatori"},"image":{"@id":"https:\/\/www.k8radiatori.it\/de\/#\/schema\/logo\/image\/"}}]}},"_links":{"self":[{"href":"https:\/\/www.k8radiatori.it\/en\/wp-json\/wp\/v3\/product\/560"}],"collection":[{"href":"https:\/\/www.k8radiatori.it\/en\/wp-json\/wp\/v3\/product"}],"about":[{"href":"https:\/\/www.k8radiatori.it\/en\/wp-json\/wp\/v2\/types\/product"}],"replies":[{"embeddable":true,"href":"https:\/\/www.k8radiatori.it\/en\/wp-json\/wp\/v2\/comments?post=560"}],"wp:featuredmedia":[{"embeddable":true,"href":"https:\/\/www.k8radiatori.it\/en\/wp-json\/wp\/v2\/media\/1105"}],"wp:attachment":[{"href":"https:\/\/www.k8radiatori.it\/en\/wp-json\/wp\/v2\/media?parent=560"}],"wp:term":[{"taxonomy":"product_cat","embeddable":true,"href":"https:\/\/www.k8radiatori.it\/en\/wp-json\/wp\/v2\/product_cat?post=560"},{"taxonomy":"product_tag","embeddable":true,"href":"https:\/\/www.k8radiatori.it\/en\/wp-json\/wp\/v2\/product_tag?post=560"}],"curies":[{"name":"wp","href":"https:\/\/api.w.org\/{rel}","templated":true}]}}