{"id":547,"date":"2015-12-25T07:19:31","date_gmt":"2015-12-25T06:19:31","guid":{"rendered":"http:\/\/www.k8radiatori.it\/en\/?post_type=product&#038;p=547"},"modified":"2023-06-29T11:12:32","modified_gmt":"2023-06-29T09:12:32","slug":"tiramolla","status":"publish","type":"product","link":"https:\/\/www.k8radiatori.it\/en\/radiatori\/serviette-tiramolla\/","title":{"rendered":"Tiramolla"},"content":{"rendered":"<p><strong><a href=\"http:\/\/www.k8radiatori.it\/wp-content\/uploads\/2016\/07\/ETA-GENIUS-LIEVE-TIRAMOLLA.pdf\" target=\"_blank\"> Download here the specific data<\/a><\/strong><\/p>\n<p><a href=\"\/contatti\/\">For more information contact us<\/a><\/p>\n<p><a href=\"http:\/\/www.k8radiatori.it\/wp-content\/uploads\/2016\/07\/TIRAMOLLA.jpg\"><img decoding=\"async\" loading=\"lazy\" class=\"size-full wp-image-1276 alignleft\" src=\"http:\/\/www.k8radiatori.it\/wp-content\/uploads\/2016\/07\/TIRAMOLLA.jpg\" alt=\"Immagine radiatore TIRAMOLLA\" width=\"725\" height=\"567\" srcset=\"https:\/\/www.k8radiatori.it\/wp-content\/uploads\/2016\/07\/TIRAMOLLA.jpg 725w, https:\/\/www.k8radiatori.it\/wp-content\/uploads\/2016\/07\/TIRAMOLLA-400x313.jpg 400w, https:\/\/www.k8radiatori.it\/wp-content\/uploads\/2016\/07\/TIRAMOLLA-510x399.jpg 510w\" sizes=\"(max-width: 725px) 100vw, 725px\" \/><\/a><\/p>","protected":false},"excerpt":{"rendered":"<p>It is a serviette heater in steel exhibiting squared and strong lines, standing out for its harmonious design and wide range of available finishes. The two valves and the square frame are suggested among the many accessories. Space and matter are harmoniously mixed in TIRAMOLLA, the serviette heater available in different sizes and finishes, among which galvanised prestigious finishes. It can\u2019t be missing in the most sophisticated bathrooms.<\/p>\n","protected":false},"featured_media":983,"comment_status":"closed","ping_status":"closed","template":"","meta":[],"product_cat":[180],"product_tag":[48,108],"yoast_head":"<!-- This site is optimized with the Yoast SEO plugin v20.8 - https:\/\/yoast.com\/wordpress\/plugins\/seo\/ -->\n<title>Tiramolla - K8 radiatori<\/title>\n<meta name=\"description\" content=\"E\u2019 uno scaldasalviette in acciaio dalle linee squadrate e decise, si fa apprezzare per il suo design armonico e per l\u2019ampia gamma di finiture disponibili. Si raccomanda tra gli accessori la coppia valvola e detentore quadro. Spazio e la materia che si alternano in modo armonioso caratterizzano TIRAMOLLA, scaldasalviette disponibile in diverse dimensioni e finiture, tra cui anche finiture galvaniche di pregio. Non pu\u00f2 mancare nei bagni pi\u00f9 sofisticati.It is a serviette heater in steel exhibiting squared and strong lines, standing out for its harmonious design and wide range of available finishes. The two valves and the square frame are suggested among the many accessories. Space and matter are harmoniously mixed in TIRAMOLLA, the serviette heater available in different sizes and finishes, among which galvanised prestigious finishes. It can\u2019t be missing in the most sophisticated bathrooms.It is a serviette heater in steel exhibiting squared and strong lines, standing out for its harmonious design and wide range of available finishes. The two valves and the square frame are suggested among the many accessories. Space and matter are harmoniously mixed in TIRAMOLLA, the serviette heater available in different sizes and finishes, among which galvanised prestigious finishes. It can\u2019t be missing in the most sophisticated bathrooms.Il s\u2019agit d\u2019un \u00e9l\u00e9ment chauffe-serviettes aux lignes carr\u00e9s et fortes, \u00e0 appr\u00e9cier pour son dessin harmonique et par le grand \u00e9ventail de finitions disponibles. A conseiller parmi les accessoires le couple de soupapes et le cadre du tableau de bord. Espace et mati\u00e8re qui s\u2019altern\u00e8rent harmonieusement, l&#039;\u00e9l\u00e9ment de chauffage des serviettes TIRAMOLLA est disponible dans de dimensions et finitions diff\u00e9rentes, parmi lesquelles les finitions galvanis\u00e9es tr\u00e8s prestigieuses. Il ne pas possible de s\u2019en passer dans les salles de bain les plus sophistiqu\u00e9es.Es un calientatoallas de acero con l\u00edneas escuadradas y firmes; se aprecia gracias a su dise\u00f1o arm\u00f3nico y gracias a su amplia gama de acabados disponibles. Se aconseja entre los accesorios el par v\u00e1lvula y dententor cuadro. Espacio y materia que se alternan de forma armoniosa caracterizan TIRAMOLLA calientatoallas disponible en varios tama\u00f1os y acabados entre los cuales tambi\u00e9n acabados galvanicos de valor. No puede faltar en los ba\u00f1os m\u00e1s sofisticados.\" \/>\n<meta name=\"robots\" content=\"index, follow, max-snippet:-1, max-image-preview:large, max-video-preview:-1\" \/>\n<link rel=\"canonical\" href=\"https:\/\/www.k8radiatori.it\/fr\/radiatori\/chauffe-serviettes-tiramolla\/\" \/>\n<script type=\"application\/ld+json\" class=\"yoast-schema-graph\">{\"@context\":\"https:\/\/schema.org\",\"@graph\":[{\"@type\":\"WebPage\",\"@id\":\"https:\/\/www.k8radiatori.it\/fr\/radiatori\/chauffe-serviettes-tiramolla\/\",\"url\":\"https:\/\/www.k8radiatori.it\/fr\/radiatori\/chauffe-serviettes-tiramolla\/\",\"name\":\"Tiramolla - K8 radiatori\",\"isPartOf\":{\"@id\":\"https:\/\/www.k8radiatori.it\/de\/#website\"},\"datePublished\":\"2015-12-25T06:19:31+00:00\",\"dateModified\":\"2023-06-29T09:12:32+00:00\",\"description\":\"E\u2019 uno scaldasalviette in acciaio dalle linee squadrate e decise, si fa apprezzare per il suo design armonico e per l\u2019ampia gamma di finiture disponibili. Si raccomanda tra gli accessori la coppia valvola e detentore quadro. Spazio e la materia che si alternano in modo armonioso caratterizzano TIRAMOLLA, scaldasalviette disponibile in diverse dimensioni e finiture, tra cui anche finiture galvaniche di pregio. Non pu\u00f2 mancare nei bagni pi\u00f9 sofisticati.It is a serviette heater in steel exhibiting squared and strong lines, standing out for its harmonious design and wide range of available finishes. The two valves and the square frame are suggested among the many accessories. Space and matter are harmoniously mixed in TIRAMOLLA, the serviette heater available in different sizes and finishes, among which galvanised prestigious finishes. It can\u2019t be missing in the most sophisticated bathrooms.It is a serviette heater in steel exhibiting squared and strong lines, standing out for its harmonious design and wide range of available finishes. The two valves and the square frame are suggested among the many accessories. Space and matter are harmoniously mixed in TIRAMOLLA, the serviette heater available in different sizes and finishes, among which galvanised prestigious finishes. It can\u2019t be missing in the most sophisticated bathrooms.Il s\u2019agit d\u2019un \u00e9l\u00e9ment chauffe-serviettes aux lignes carr\u00e9s et fortes, \u00e0 appr\u00e9cier pour son dessin harmonique et par le grand \u00e9ventail de finitions disponibles. A conseiller parmi les accessoires le couple de soupapes et le cadre du tableau de bord. Espace et mati\u00e8re qui s\u2019altern\u00e8rent harmonieusement, l'\u00e9l\u00e9ment de chauffage des serviettes TIRAMOLLA est disponible dans de dimensions et finitions diff\u00e9rentes, parmi lesquelles les finitions galvanis\u00e9es tr\u00e8s prestigieuses. Il ne pas possible de s\u2019en passer dans les salles de bain les plus sophistiqu\u00e9es.Es un calientatoallas de acero con l\u00edneas escuadradas y firmes; se aprecia gracias a su dise\u00f1o arm\u00f3nico y gracias a su amplia gama de acabados disponibles. Se aconseja entre los accesorios el par v\u00e1lvula y dententor cuadro. Espacio y materia que se alternan de forma armoniosa caracterizan TIRAMOLLA calientatoallas disponible en varios tama\u00f1os y acabados entre los cuales tambi\u00e9n acabados galvanicos de valor. No puede faltar en los ba\u00f1os m\u00e1s sofisticados.\",\"breadcrumb\":{\"@id\":\"https:\/\/www.k8radiatori.it\/fr\/radiatori\/chauffe-serviettes-tiramolla\/#breadcrumb\"},\"inLanguage\":\"en-US\",\"potentialAction\":[{\"@type\":\"ReadAction\",\"target\":[\"https:\/\/www.k8radiatori.it\/fr\/radiatori\/chauffe-serviettes-tiramolla\/\"]}]},{\"@type\":\"BreadcrumbList\",\"@id\":\"https:\/\/www.k8radiatori.it\/fr\/radiatori\/chauffe-serviettes-tiramolla\/#breadcrumb\",\"itemListElement\":[{\"@type\":\"ListItem\",\"position\":1,\"name\":\"Home\",\"item\":\"https:\/\/www.k8radiatori.it\/\"},{\"@type\":\"ListItem\",\"position\":2,\"name\":\"Shop\",\"item\":\"https:\/\/www.k8radiatori.it\/de\/negozio\/\"},{\"@type\":\"ListItem\",\"position\":3,\"name\":\"Chauffe-Serviettes Tiramolla\"}]},{\"@type\":\"WebSite\",\"@id\":\"https:\/\/www.k8radiatori.it\/de\/#website\",\"url\":\"https:\/\/www.k8radiatori.it\/de\/\",\"name\":\"K8 radiatori\",\"description\":\"K8 radiatori\",\"publisher\":{\"@id\":\"https:\/\/www.k8radiatori.it\/de\/#organization\"},\"potentialAction\":[{\"@type\":\"SearchAction\",\"target\":{\"@type\":\"EntryPoint\",\"urlTemplate\":\"https:\/\/www.k8radiatori.it\/de\/?s={search_term_string}\"},\"query-input\":\"required name=search_term_string\"}],\"inLanguage\":\"en-US\"},{\"@type\":\"Organization\",\"@id\":\"https:\/\/www.k8radiatori.it\/de\/#organization\",\"name\":\"K8 radiatori\",\"url\":\"https:\/\/www.k8radiatori.it\/de\/\",\"logo\":{\"@type\":\"ImageObject\",\"inLanguage\":\"en-US\",\"@id\":\"https:\/\/www.k8radiatori.it\/de\/#\/schema\/logo\/image\/\",\"url\":\"https:\/\/www.k8radiatori.it\/wp-content\/uploads\/2016\/03\/logo.png\",\"contentUrl\":\"https:\/\/www.k8radiatori.it\/wp-content\/uploads\/2016\/03\/logo.png\",\"width\":253,\"height\":283,\"caption\":\"K8 radiatori\"},\"image\":{\"@id\":\"https:\/\/www.k8radiatori.it\/de\/#\/schema\/logo\/image\/\"}}]}<\/script>\n<!-- \/ Yoast SEO plugin. -->","yoast_head_json":{"title":"Tiramolla - K8 radiatori","description":"E\u2019 uno scaldasalviette in acciaio dalle linee squadrate e decise, si fa apprezzare per il suo design armonico e per l\u2019ampia gamma di finiture disponibili. Si raccomanda tra gli accessori la coppia valvola e detentore quadro. Spazio e la materia che si alternano in modo armonioso caratterizzano TIRAMOLLA, scaldasalviette disponibile in diverse dimensioni e finiture, tra cui anche finiture galvaniche di pregio. Non pu\u00f2 mancare nei bagni pi\u00f9 sofisticati.It is a serviette heater in steel exhibiting squared and strong lines, standing out for its harmonious design and wide range of available finishes. The two valves and the square frame are suggested among the many accessories. Space and matter are harmoniously mixed in TIRAMOLLA, the serviette heater available in different sizes and finishes, among which galvanised prestigious finishes. It can\u2019t be missing in the most sophisticated bathrooms.It is a serviette heater in steel exhibiting squared and strong lines, standing out for its harmonious design and wide range of available finishes. The two valves and the square frame are suggested among the many accessories. Space and matter are harmoniously mixed in TIRAMOLLA, the serviette heater available in different sizes and finishes, among which galvanised prestigious finishes. It can\u2019t be missing in the most sophisticated bathrooms.Il s\u2019agit d\u2019un \u00e9l\u00e9ment chauffe-serviettes aux lignes carr\u00e9s et fortes, \u00e0 appr\u00e9cier pour son dessin harmonique et par le grand \u00e9ventail de finitions disponibles. A conseiller parmi les accessoires le couple de soupapes et le cadre du tableau de bord. Espace et mati\u00e8re qui s\u2019altern\u00e8rent harmonieusement, l'\u00e9l\u00e9ment de chauffage des serviettes TIRAMOLLA est disponible dans de dimensions et finitions diff\u00e9rentes, parmi lesquelles les finitions galvanis\u00e9es tr\u00e8s prestigieuses. Il ne pas possible de s\u2019en passer dans les salles de bain les plus sophistiqu\u00e9es.Es un calientatoallas de acero con l\u00edneas escuadradas y firmes; se aprecia gracias a su dise\u00f1o arm\u00f3nico y gracias a su amplia gama de acabados disponibles. Se aconseja entre los accesorios el par v\u00e1lvula y dententor cuadro. Espacio y materia que se alternan de forma armoniosa caracterizan TIRAMOLLA calientatoallas disponible en varios tama\u00f1os y acabados entre los cuales tambi\u00e9n acabados galvanicos de valor. No puede faltar en los ba\u00f1os m\u00e1s sofisticados.","robots":{"index":"index","follow":"follow","max-snippet":"max-snippet:-1","max-image-preview":"max-image-preview:large","max-video-preview":"max-video-preview:-1"},"canonical":"https:\/\/www.k8radiatori.it\/fr\/radiatori\/chauffe-serviettes-tiramolla\/","schema":{"@context":"https:\/\/schema.org","@graph":[{"@type":"WebPage","@id":"https:\/\/www.k8radiatori.it\/fr\/radiatori\/chauffe-serviettes-tiramolla\/","url":"https:\/\/www.k8radiatori.it\/fr\/radiatori\/chauffe-serviettes-tiramolla\/","name":"Tiramolla - K8 radiatori","isPartOf":{"@id":"https:\/\/www.k8radiatori.it\/de\/#website"},"datePublished":"2015-12-25T06:19:31+00:00","dateModified":"2023-06-29T09:12:32+00:00","description":"E\u2019 uno scaldasalviette in acciaio dalle linee squadrate e decise, si fa apprezzare per il suo design armonico e per l\u2019ampia gamma di finiture disponibili. Si raccomanda tra gli accessori la coppia valvola e detentore quadro. Spazio e la materia che si alternano in modo armonioso caratterizzano TIRAMOLLA, scaldasalviette disponibile in diverse dimensioni e finiture, tra cui anche finiture galvaniche di pregio. Non pu\u00f2 mancare nei bagni pi\u00f9 sofisticati.It is a serviette heater in steel exhibiting squared and strong lines, standing out for its harmonious design and wide range of available finishes. The two valves and the square frame are suggested among the many accessories. Space and matter are harmoniously mixed in TIRAMOLLA, the serviette heater available in different sizes and finishes, among which galvanised prestigious finishes. It can\u2019t be missing in the most sophisticated bathrooms.It is a serviette heater in steel exhibiting squared and strong lines, standing out for its harmonious design and wide range of available finishes. The two valves and the square frame are suggested among the many accessories. Space and matter are harmoniously mixed in TIRAMOLLA, the serviette heater available in different sizes and finishes, among which galvanised prestigious finishes. It can\u2019t be missing in the most sophisticated bathrooms.Il s\u2019agit d\u2019un \u00e9l\u00e9ment chauffe-serviettes aux lignes carr\u00e9s et fortes, \u00e0 appr\u00e9cier pour son dessin harmonique et par le grand \u00e9ventail de finitions disponibles. A conseiller parmi les accessoires le couple de soupapes et le cadre du tableau de bord. Espace et mati\u00e8re qui s\u2019altern\u00e8rent harmonieusement, l'\u00e9l\u00e9ment de chauffage des serviettes TIRAMOLLA est disponible dans de dimensions et finitions diff\u00e9rentes, parmi lesquelles les finitions galvanis\u00e9es tr\u00e8s prestigieuses. Il ne pas possible de s\u2019en passer dans les salles de bain les plus sophistiqu\u00e9es.Es un calientatoallas de acero con l\u00edneas escuadradas y firmes; se aprecia gracias a su dise\u00f1o arm\u00f3nico y gracias a su amplia gama de acabados disponibles. Se aconseja entre los accesorios el par v\u00e1lvula y dententor cuadro. Espacio y materia que se alternan de forma armoniosa caracterizan TIRAMOLLA calientatoallas disponible en varios tama\u00f1os y acabados entre los cuales tambi\u00e9n acabados galvanicos de valor. No puede faltar en los ba\u00f1os m\u00e1s sofisticados.","breadcrumb":{"@id":"https:\/\/www.k8radiatori.it\/fr\/radiatori\/chauffe-serviettes-tiramolla\/#breadcrumb"},"inLanguage":"en-US","potentialAction":[{"@type":"ReadAction","target":["https:\/\/www.k8radiatori.it\/fr\/radiatori\/chauffe-serviettes-tiramolla\/"]}]},{"@type":"BreadcrumbList","@id":"https:\/\/www.k8radiatori.it\/fr\/radiatori\/chauffe-serviettes-tiramolla\/#breadcrumb","itemListElement":[{"@type":"ListItem","position":1,"name":"Home","item":"https:\/\/www.k8radiatori.it\/"},{"@type":"ListItem","position":2,"name":"Shop","item":"https:\/\/www.k8radiatori.it\/de\/negozio\/"},{"@type":"ListItem","position":3,"name":"Chauffe-Serviettes Tiramolla"}]},{"@type":"WebSite","@id":"https:\/\/www.k8radiatori.it\/de\/#website","url":"https:\/\/www.k8radiatori.it\/de\/","name":"K8 radiatori","description":"K8 radiatori","publisher":{"@id":"https:\/\/www.k8radiatori.it\/de\/#organization"},"potentialAction":[{"@type":"SearchAction","target":{"@type":"EntryPoint","urlTemplate":"https:\/\/www.k8radiatori.it\/de\/?s={search_term_string}"},"query-input":"required name=search_term_string"}],"inLanguage":"en-US"},{"@type":"Organization","@id":"https:\/\/www.k8radiatori.it\/de\/#organization","name":"K8 radiatori","url":"https:\/\/www.k8radiatori.it\/de\/","logo":{"@type":"ImageObject","inLanguage":"en-US","@id":"https:\/\/www.k8radiatori.it\/de\/#\/schema\/logo\/image\/","url":"https:\/\/www.k8radiatori.it\/wp-content\/uploads\/2016\/03\/logo.png","contentUrl":"https:\/\/www.k8radiatori.it\/wp-content\/uploads\/2016\/03\/logo.png","width":253,"height":283,"caption":"K8 radiatori"},"image":{"@id":"https:\/\/www.k8radiatori.it\/de\/#\/schema\/logo\/image\/"}}]}},"_links":{"self":[{"href":"https:\/\/www.k8radiatori.it\/en\/wp-json\/wp\/v3\/product\/547"}],"collection":[{"href":"https:\/\/www.k8radiatori.it\/en\/wp-json\/wp\/v3\/product"}],"about":[{"href":"https:\/\/www.k8radiatori.it\/en\/wp-json\/wp\/v2\/types\/product"}],"replies":[{"embeddable":true,"href":"https:\/\/www.k8radiatori.it\/en\/wp-json\/wp\/v2\/comments?post=547"}],"wp:featuredmedia":[{"embeddable":true,"href":"https:\/\/www.k8radiatori.it\/en\/wp-json\/wp\/v2\/media\/983"}],"wp:attachment":[{"href":"https:\/\/www.k8radiatori.it\/en\/wp-json\/wp\/v2\/media?parent=547"}],"wp:term":[{"taxonomy":"product_cat","embeddable":true,"href":"https:\/\/www.k8radiatori.it\/en\/wp-json\/wp\/v2\/product_cat?post=547"},{"taxonomy":"product_tag","embeddable":true,"href":"https:\/\/www.k8radiatori.it\/en\/wp-json\/wp\/v2\/product_tag?post=547"}],"curies":[{"name":"wp","href":"https:\/\/api.w.org\/{rel}","templated":true}]}}