{"id":542,"date":"2015-12-25T06:52:21","date_gmt":"2015-12-25T05:52:21","guid":{"rendered":"http:\/\/www.k8radiatori.it\/en\/?post_type=product&#038;p=542"},"modified":"2023-06-29T11:22:48","modified_gmt":"2023-06-29T09:22:48","slug":"genius","status":"publish","type":"product","link":"https:\/\/www.k8radiatori.it\/en\/radiatori\/genius\/","title":{"rendered":"Genius"},"content":{"rendered":"<p><strong><a href=\"http:\/\/www.k8radiatori.it\/wp-content\/uploads\/2016\/07\/ETA-GENIUS-LIEVE-TIRAMOLLA.pdf\" target=\"_blank\">Download here the specific data<\/a><\/strong><\/p>\n<p><a href=\"\/contatti\/\">For more information contact us<\/a><\/p>\n<p><a href=\"http:\/\/www.k8radiatori.it\/wp-content\/uploads\/2016\/07\/GENIUS.jpg\"><img decoding=\"async\" loading=\"lazy\" class=\"size-full wp-image-1278 alignleft\" src=\"http:\/\/www.k8radiatori.it\/wp-content\/uploads\/2016\/07\/GENIUS.jpg\" alt=\"Immagine radiatore GENIUS\" width=\"221\" height=\"528\" srcset=\"https:\/\/www.k8radiatori.it\/wp-content\/uploads\/2016\/07\/GENIUS.jpg 221w, https:\/\/www.k8radiatori.it\/wp-content\/uploads\/2016\/07\/GENIUS-167x400.jpg 167w\" sizes=\"(max-width: 221px) 100vw, 221px\" \/><\/a><\/p>","protected":false},"excerpt":{"rendered":"<p>The result of K8 research, Genius is the extruded aluminium radiator matching the advantages of a property technology with a modern and alluring design. Patented designed taps and reductions and the elegant assembly kit prove the care of details when selecting Genius for the house and office. Anodised models available, a must for any house.<\/p>\n","protected":false},"featured_media":945,"comment_status":"closed","ping_status":"closed","template":"","meta":[],"product_cat":[180],"product_tag":[107,48],"yoast_head":"<!-- This site is optimized with the Yoast SEO plugin v20.8 - https:\/\/yoast.com\/wordpress\/plugins\/seo\/ -->\n<title>Genius - K8 radiatori<\/title>\n<meta name=\"description\" content=\"Frutto della ricerca K8, Genius \u00e8 il radiatore in alluminio estruso che unisce i vantaggi di una tecnologia esclusiva ad un design moderno ed accattivante. Tappi e riduzioni di disegno brevettato e il kit di montaggio elegante testimoniano la cura dei dettagli di chi sceglie Genius per la sua casa o per l\u2019ufficio. Da apprezzare particolarmente nelle versioni anodizzate, un must della casa.The result of K8 research, Genius is the extruded aluminium radiator matching the advantages of a property technology with a modern and alluring design. Patented designed taps and reductions and the elegant assembly kit prove the care of details when selecting Genius for the house and office. Anodised models available, a must for any house.Het resultaat van de K8 onderzoek , Genius is de ge\u00ebxtrudeerde aluminiumradiator afstemmen van de voordelen van een woning technologie met een moderne en verleidelijke ontwerp. Gepatenteerd ntworpen kranen en reducties en de elegante montageset bewijzen dat de verzorging van Gegevens bij het selecteren van Genius voor het huis en kantoor. Geanodiseerd modellen beschikbaar , een must voor een huis .Le r\u00e9sultat de la recherche K8, Genius est la radiateur en aluminium extrud\u00e9 qui combine les avantages d\u2019une technologie exclusive \u00e0 un dessin moderne et captivant. Douilles et r\u00e9ductions brevet\u00e9s et un kit d&#039;assemblage v\u00e9ritablement \u00e9l\u00e9gant t\u00e9moignent le soin pour les d\u00e9tails de tous ceux qui choisissent Genius pour la maison et le bureau. A appr\u00e9cier les versions anodis\u00e9es, un atout pour n&#039;importe quelle maison.Resultado de la investigaci\u00f3n de K8, Genius es el radiador en aluminio extru\u00eddo que une las ventajas de una tecnolog\u00eda exclusiva con un dise\u00f1o moderno y fascinante. Tapones y reducciones con dise\u00f1o patentado y el kit de montaje elegante testimonian el cuidado de los detalles de los que eligen Genius para su hogar u oficina. Se puede apreciar especialmente en las versiones anodizadas, un must del hogar.\" \/>\n<meta name=\"robots\" content=\"index, follow, max-snippet:-1, max-image-preview:large, max-video-preview:-1\" \/>\n<link rel=\"canonical\" href=\"https:\/\/www.k8radiatori.it\/en\/radiatori\/genius\/\" \/>\n<script type=\"application\/ld+json\" class=\"yoast-schema-graph\">{\"@context\":\"https:\/\/schema.org\",\"@graph\":[{\"@type\":\"WebPage\",\"@id\":\"https:\/\/www.k8radiatori.it\/en\/radiatori\/genius\/\",\"url\":\"https:\/\/www.k8radiatori.it\/en\/radiatori\/genius\/\",\"name\":\"Genius - K8 radiatori\",\"isPartOf\":{\"@id\":\"https:\/\/www.k8radiatori.it\/de\/#website\"},\"datePublished\":\"2015-12-25T05:52:21+00:00\",\"dateModified\":\"2023-06-29T09:22:48+00:00\",\"description\":\"Frutto della ricerca K8, Genius \u00e8 il radiatore in alluminio estruso che unisce i vantaggi di una tecnologia esclusiva ad un design moderno ed accattivante. Tappi e riduzioni di disegno brevettato e il kit di montaggio elegante testimoniano la cura dei dettagli di chi sceglie Genius per la sua casa o per l\u2019ufficio. Da apprezzare particolarmente nelle versioni anodizzate, un must della casa.The result of K8 research, Genius is the extruded aluminium radiator matching the advantages of a property technology with a modern and alluring design. Patented designed taps and reductions and the elegant assembly kit prove the care of details when selecting Genius for the house and office. Anodised models available, a must for any house.Het resultaat van de K8 onderzoek , Genius is de ge\u00ebxtrudeerde aluminiumradiator afstemmen van de voordelen van een woning technologie met een moderne en verleidelijke ontwerp. Gepatenteerd ntworpen kranen en reducties en de elegante montageset bewijzen dat de verzorging van Gegevens bij het selecteren van Genius voor het huis en kantoor. Geanodiseerd modellen beschikbaar , een must voor een huis .Le r\u00e9sultat de la recherche K8, Genius est la radiateur en aluminium extrud\u00e9 qui combine les avantages d\u2019une technologie exclusive \u00e0 un dessin moderne et captivant. Douilles et r\u00e9ductions brevet\u00e9s et un kit d'assemblage v\u00e9ritablement \u00e9l\u00e9gant t\u00e9moignent le soin pour les d\u00e9tails de tous ceux qui choisissent Genius pour la maison et le bureau. A appr\u00e9cier les versions anodis\u00e9es, un atout pour n'importe quelle maison.Resultado de la investigaci\u00f3n de K8, Genius es el radiador en aluminio extru\u00eddo que une las ventajas de una tecnolog\u00eda exclusiva con un dise\u00f1o moderno y fascinante. Tapones y reducciones con dise\u00f1o patentado y el kit de montaje elegante testimonian el cuidado de los detalles de los que eligen Genius para su hogar u oficina. Se puede apreciar especialmente en las versiones anodizadas, un must del hogar.\",\"breadcrumb\":{\"@id\":\"https:\/\/www.k8radiatori.it\/en\/radiatori\/genius\/#breadcrumb\"},\"inLanguage\":\"en-US\",\"potentialAction\":[{\"@type\":\"ReadAction\",\"target\":[\"https:\/\/www.k8radiatori.it\/en\/radiatori\/genius\/\"]}]},{\"@type\":\"BreadcrumbList\",\"@id\":\"https:\/\/www.k8radiatori.it\/en\/radiatori\/genius\/#breadcrumb\",\"itemListElement\":[{\"@type\":\"ListItem\",\"position\":1,\"name\":\"Home\",\"item\":\"https:\/\/www.k8radiatori.it\/\"},{\"@type\":\"ListItem\",\"position\":2,\"name\":\"Shop\",\"item\":\"https:\/\/www.k8radiatori.it\/de\/negozio\/\"},{\"@type\":\"ListItem\",\"position\":3,\"name\":\"Genius\"}]},{\"@type\":\"WebSite\",\"@id\":\"https:\/\/www.k8radiatori.it\/de\/#website\",\"url\":\"https:\/\/www.k8radiatori.it\/de\/\",\"name\":\"K8 radiatori\",\"description\":\"K8 radiatori\",\"publisher\":{\"@id\":\"https:\/\/www.k8radiatori.it\/de\/#organization\"},\"potentialAction\":[{\"@type\":\"SearchAction\",\"target\":{\"@type\":\"EntryPoint\",\"urlTemplate\":\"https:\/\/www.k8radiatori.it\/de\/?s={search_term_string}\"},\"query-input\":\"required name=search_term_string\"}],\"inLanguage\":\"en-US\"},{\"@type\":\"Organization\",\"@id\":\"https:\/\/www.k8radiatori.it\/de\/#organization\",\"name\":\"K8 radiatori\",\"url\":\"https:\/\/www.k8radiatori.it\/de\/\",\"logo\":{\"@type\":\"ImageObject\",\"inLanguage\":\"en-US\",\"@id\":\"https:\/\/www.k8radiatori.it\/de\/#\/schema\/logo\/image\/\",\"url\":\"https:\/\/www.k8radiatori.it\/wp-content\/uploads\/2016\/03\/logo.png\",\"contentUrl\":\"https:\/\/www.k8radiatori.it\/wp-content\/uploads\/2016\/03\/logo.png\",\"width\":253,\"height\":283,\"caption\":\"K8 radiatori\"},\"image\":{\"@id\":\"https:\/\/www.k8radiatori.it\/de\/#\/schema\/logo\/image\/\"}}]}<\/script>\n<!-- \/ Yoast SEO plugin. -->","yoast_head_json":{"title":"Genius - K8 radiatori","description":"Frutto della ricerca K8, Genius \u00e8 il radiatore in alluminio estruso che unisce i vantaggi di una tecnologia esclusiva ad un design moderno ed accattivante. Tappi e riduzioni di disegno brevettato e il kit di montaggio elegante testimoniano la cura dei dettagli di chi sceglie Genius per la sua casa o per l\u2019ufficio. Da apprezzare particolarmente nelle versioni anodizzate, un must della casa.The result of K8 research, Genius is the extruded aluminium radiator matching the advantages of a property technology with a modern and alluring design. Patented designed taps and reductions and the elegant assembly kit prove the care of details when selecting Genius for the house and office. Anodised models available, a must for any house.Het resultaat van de K8 onderzoek , Genius is de ge\u00ebxtrudeerde aluminiumradiator afstemmen van de voordelen van een woning technologie met een moderne en verleidelijke ontwerp. Gepatenteerd ntworpen kranen en reducties en de elegante montageset bewijzen dat de verzorging van Gegevens bij het selecteren van Genius voor het huis en kantoor. Geanodiseerd modellen beschikbaar , een must voor een huis .Le r\u00e9sultat de la recherche K8, Genius est la radiateur en aluminium extrud\u00e9 qui combine les avantages d\u2019une technologie exclusive \u00e0 un dessin moderne et captivant. Douilles et r\u00e9ductions brevet\u00e9s et un kit d'assemblage v\u00e9ritablement \u00e9l\u00e9gant t\u00e9moignent le soin pour les d\u00e9tails de tous ceux qui choisissent Genius pour la maison et le bureau. A appr\u00e9cier les versions anodis\u00e9es, un atout pour n'importe quelle maison.Resultado de la investigaci\u00f3n de K8, Genius es el radiador en aluminio extru\u00eddo que une las ventajas de una tecnolog\u00eda exclusiva con un dise\u00f1o moderno y fascinante. Tapones y reducciones con dise\u00f1o patentado y el kit de montaje elegante testimonian el cuidado de los detalles de los que eligen Genius para su hogar u oficina. Se puede apreciar especialmente en las versiones anodizadas, un must del hogar.","robots":{"index":"index","follow":"follow","max-snippet":"max-snippet:-1","max-image-preview":"max-image-preview:large","max-video-preview":"max-video-preview:-1"},"canonical":"https:\/\/www.k8radiatori.it\/en\/radiatori\/genius\/","schema":{"@context":"https:\/\/schema.org","@graph":[{"@type":"WebPage","@id":"https:\/\/www.k8radiatori.it\/en\/radiatori\/genius\/","url":"https:\/\/www.k8radiatori.it\/en\/radiatori\/genius\/","name":"Genius - K8 radiatori","isPartOf":{"@id":"https:\/\/www.k8radiatori.it\/de\/#website"},"datePublished":"2015-12-25T05:52:21+00:00","dateModified":"2023-06-29T09:22:48+00:00","description":"Frutto della ricerca K8, Genius \u00e8 il radiatore in alluminio estruso che unisce i vantaggi di una tecnologia esclusiva ad un design moderno ed accattivante. Tappi e riduzioni di disegno brevettato e il kit di montaggio elegante testimoniano la cura dei dettagli di chi sceglie Genius per la sua casa o per l\u2019ufficio. Da apprezzare particolarmente nelle versioni anodizzate, un must della casa.The result of K8 research, Genius is the extruded aluminium radiator matching the advantages of a property technology with a modern and alluring design. Patented designed taps and reductions and the elegant assembly kit prove the care of details when selecting Genius for the house and office. Anodised models available, a must for any house.Het resultaat van de K8 onderzoek , Genius is de ge\u00ebxtrudeerde aluminiumradiator afstemmen van de voordelen van een woning technologie met een moderne en verleidelijke ontwerp. Gepatenteerd ntworpen kranen en reducties en de elegante montageset bewijzen dat de verzorging van Gegevens bij het selecteren van Genius voor het huis en kantoor. Geanodiseerd modellen beschikbaar , een must voor een huis .Le r\u00e9sultat de la recherche K8, Genius est la radiateur en aluminium extrud\u00e9 qui combine les avantages d\u2019une technologie exclusive \u00e0 un dessin moderne et captivant. Douilles et r\u00e9ductions brevet\u00e9s et un kit d'assemblage v\u00e9ritablement \u00e9l\u00e9gant t\u00e9moignent le soin pour les d\u00e9tails de tous ceux qui choisissent Genius pour la maison et le bureau. A appr\u00e9cier les versions anodis\u00e9es, un atout pour n'importe quelle maison.Resultado de la investigaci\u00f3n de K8, Genius es el radiador en aluminio extru\u00eddo que une las ventajas de una tecnolog\u00eda exclusiva con un dise\u00f1o moderno y fascinante. Tapones y reducciones con dise\u00f1o patentado y el kit de montaje elegante testimonian el cuidado de los detalles de los que eligen Genius para su hogar u oficina. Se puede apreciar especialmente en las versiones anodizadas, un must del hogar.","breadcrumb":{"@id":"https:\/\/www.k8radiatori.it\/en\/radiatori\/genius\/#breadcrumb"},"inLanguage":"en-US","potentialAction":[{"@type":"ReadAction","target":["https:\/\/www.k8radiatori.it\/en\/radiatori\/genius\/"]}]},{"@type":"BreadcrumbList","@id":"https:\/\/www.k8radiatori.it\/en\/radiatori\/genius\/#breadcrumb","itemListElement":[{"@type":"ListItem","position":1,"name":"Home","item":"https:\/\/www.k8radiatori.it\/"},{"@type":"ListItem","position":2,"name":"Shop","item":"https:\/\/www.k8radiatori.it\/de\/negozio\/"},{"@type":"ListItem","position":3,"name":"Genius"}]},{"@type":"WebSite","@id":"https:\/\/www.k8radiatori.it\/de\/#website","url":"https:\/\/www.k8radiatori.it\/de\/","name":"K8 radiatori","description":"K8 radiatori","publisher":{"@id":"https:\/\/www.k8radiatori.it\/de\/#organization"},"potentialAction":[{"@type":"SearchAction","target":{"@type":"EntryPoint","urlTemplate":"https:\/\/www.k8radiatori.it\/de\/?s={search_term_string}"},"query-input":"required name=search_term_string"}],"inLanguage":"en-US"},{"@type":"Organization","@id":"https:\/\/www.k8radiatori.it\/de\/#organization","name":"K8 radiatori","url":"https:\/\/www.k8radiatori.it\/de\/","logo":{"@type":"ImageObject","inLanguage":"en-US","@id":"https:\/\/www.k8radiatori.it\/de\/#\/schema\/logo\/image\/","url":"https:\/\/www.k8radiatori.it\/wp-content\/uploads\/2016\/03\/logo.png","contentUrl":"https:\/\/www.k8radiatori.it\/wp-content\/uploads\/2016\/03\/logo.png","width":253,"height":283,"caption":"K8 radiatori"},"image":{"@id":"https:\/\/www.k8radiatori.it\/de\/#\/schema\/logo\/image\/"}}]}},"_links":{"self":[{"href":"https:\/\/www.k8radiatori.it\/en\/wp-json\/wp\/v3\/product\/542"}],"collection":[{"href":"https:\/\/www.k8radiatori.it\/en\/wp-json\/wp\/v3\/product"}],"about":[{"href":"https:\/\/www.k8radiatori.it\/en\/wp-json\/wp\/v2\/types\/product"}],"replies":[{"embeddable":true,"href":"https:\/\/www.k8radiatori.it\/en\/wp-json\/wp\/v2\/comments?post=542"}],"wp:featuredmedia":[{"embeddable":true,"href":"https:\/\/www.k8radiatori.it\/en\/wp-json\/wp\/v2\/media\/945"}],"wp:attachment":[{"href":"https:\/\/www.k8radiatori.it\/en\/wp-json\/wp\/v2\/media?parent=542"}],"wp:term":[{"taxonomy":"product_cat","embeddable":true,"href":"https:\/\/www.k8radiatori.it\/en\/wp-json\/wp\/v2\/product_cat?post=542"},{"taxonomy":"product_tag","embeddable":true,"href":"https:\/\/www.k8radiatori.it\/en\/wp-json\/wp\/v2\/product_tag?post=542"}],"curies":[{"name":"wp","href":"https:\/\/api.w.org\/{rel}","templated":true}]}}