{"id":519,"date":"2015-12-24T14:03:23","date_gmt":"2015-12-24T13:03:23","guid":{"rendered":"http:\/\/www.k8radiatori.it\/en\/?post_type=product&#038;p=519"},"modified":"2023-06-29T11:31:48","modified_gmt":"2023-06-29T09:31:48","slug":"vega-o","status":"publish","type":"product","link":"https:\/\/www.k8radiatori.it\/en\/radiatori\/vega-o\/","title":{"rendered":"Vega-O"},"content":{"rendered":"<p><strong><a href=\"http:\/\/www.k8radiatori.it\/wp-content\/uploads\/2016\/07\/VEGA_0-V-2T.pdf\" target=\"_blank\">Download here the specific data<\/a><\/strong><\/p>\n<p><a href=\"\/contatti\/\"> For more information contact us<\/a><\/p>\n<p><a href=\"http:\/\/www.k8radiatori.it\/wp-content\/uploads\/2016\/07\/VEGA-O.jpg\"><img decoding=\"async\" loading=\"lazy\" class=\"alignright size-full wp-image-1281\" src=\"http:\/\/www.k8radiatori.it\/wp-content\/uploads\/2016\/07\/VEGA-O.jpg\" alt=\"Immagine radiatore VEGA-O\" width=\"1089\" height=\"509\" srcset=\"https:\/\/www.k8radiatori.it\/wp-content\/uploads\/2016\/07\/VEGA-O.jpg 1089w, https:\/\/www.k8radiatori.it\/wp-content\/uploads\/2016\/07\/VEGA-O-400x187.jpg 400w, https:\/\/www.k8radiatori.it\/wp-content\/uploads\/2016\/07\/VEGA-O-510x238.jpg 510w\" sizes=\"(max-width: 1089px) 100vw, 1089px\" \/><\/a><\/p>","protected":false},"excerpt":{"rendered":"<p>Vega 0 model is an alluminium alloy heated towel rack (buthroom radiator). It is characterized by a modular structure, composed of 6 elements nipplable modules called Vega 0 6\/8 and Vega 0 7\/8. They both have a height of 640 mm, and the pecularity is that they have 1 or 2 spaces to hold the towel to by warmed. By assembling the above said group of elements , we can obtain radiators composed of 2 or 3 modules, up to a maximum height of 1920 mm.<\/p>\n<p><a class=\"accessories\" href=\"http:\/\/www.k8radiatori.it\/wp-content\/uploads\/2015\/12\/ACCESSORI.pdf\" target=\"_blank\">ACCESSORIES<\/a><\/p>\n","protected":false},"featured_media":1126,"comment_status":"closed","ping_status":"closed","template":"","meta":[],"product_cat":[180],"product_tag":[48,102],"yoast_head":"<!-- This site is optimized with the Yoast SEO plugin v20.8 - https:\/\/yoast.com\/wordpress\/plugins\/seo\/ -->\n<title>Vega-O - K8 radiatori<\/title>\n<meta name=\"description\" content=\"Vega 0 \u00e8 il radiatore scaldasalviette in alluminio estruso. E&#039; caratterizzato da una struttura modulare, ottenuta a partire dai componenti elementari che sono i moduli Vega 0 6\/8 e Vega 0 7\/8. Entrambi hanno un altezza di 640 mm, si differenziano per avere 1 o 2 interspazi per accogliere l&#039;asciugamano da scaldare. Assemblando a piacere i due componenti fondamentali, si possono ottenere radiatori composti da due o tre moduli, fino ad un&#039; altezza di 1920 mm.  ACCESSORIESVega 0 model is an alluminium alloy heated towel rack (buthroom radiator). It is characterized by a modular structure, composed of 6 elements nipplable modules called Vega 0 6\/8 and Vega 0 7\/8. They both have a height of 640 mm, and the pecularity is that they have 1 or 2 spaces to hold the towel to by warmed. By assembling the above said group of elements , we can obtain radiators composed of 2 or 3 modules, up to a maximum height of 1920 mm.  ACCESSORIESVega 0 ist einen Handtuchtrockner aus extrudiertem Aluminium. Er besteht aus Vega 0 6\/8 und Vega 0 7\/8 Bauelementen, die eine Hoehe von 640mm und 1 oder 2 Zwischenr\u00e4umen haben, um Handt\u00fccher zu trocken Die Vega 0 6\/8 und Vega 0 7\/8 Bauelemente k\u00f6nnen bis eine H\u00f6he von 1920 mm nach Wunsch montiert werden.  ACCESSORIESC&#039;est la variante verticale des radiateurs de la s\u00e9rie VEGA, r\u00e9alis\u00e9e compl\u00e9tement en aluminium extrud\u00e9. L&#039;aluminium c&#039;est un excellent conducteur de chaleur par rapport \u00e8l&#039;acier et \u00e8 la fonte, car il permet d&#039;utiliser moins d&#039;eau chaude en offrant le m\u00eame rendement thermique. Ainsi, grace \u00e8 moins de pertes au niveau des conduites, on obtient une \u00e9conomie thermique importante. En plus il s&#039;agit d&#039;un m\u00e9tal tr\u00e8s l\u00e9ger qui facilite l&#039;installation. Les hauteurs disponibles vont d&#039;un minimum de 400mm \u00e8 un maximum de 2500mm. Il ya aussi la possibilit\u00e9 de demander pour des entraxes particuliers surtout si l&#039;on veut remplacer les viex radiateurs.  ACCESSORIESVega 0 es el radiador calienta-toallas en aluminio troquelado. Se caracteriza por una estructura modular, obtenida a partir de los componentes primarios: es decir, los m\u00f3dulos Vega 0 6\/8 y Vega 0 7\/8. Ambos tienen una altura de 640 mm, se diferencian por tener 1 o 2 interespacios donde se pueden colocar la toallas que se desean calentar. Ensamblando los dos componentes fundamentales a gusto del cliente, se puede obtener radiadores formados por dos o tres m\u00f3dulos, hasta una altura de 1920 mm.  ACCESSORIES\" \/>\n<meta name=\"robots\" content=\"index, follow, max-snippet:-1, max-image-preview:large, max-video-preview:-1\" \/>\n<link rel=\"canonical\" href=\"https:\/\/www.k8radiatori.it\/es\/radiatori\/vega-o\/\" \/>\n<script type=\"application\/ld+json\" class=\"yoast-schema-graph\">{\"@context\":\"https:\/\/schema.org\",\"@graph\":[{\"@type\":\"WebPage\",\"@id\":\"https:\/\/www.k8radiatori.it\/es\/radiatori\/vega-o\/\",\"url\":\"https:\/\/www.k8radiatori.it\/es\/radiatori\/vega-o\/\",\"name\":\"Vega-O - K8 radiatori\",\"isPartOf\":{\"@id\":\"https:\/\/www.k8radiatori.it\/de\/#website\"},\"datePublished\":\"2015-12-24T13:03:23+00:00\",\"dateModified\":\"2023-06-29T09:31:48+00:00\",\"description\":\"Vega 0 \u00e8 il radiatore scaldasalviette in alluminio estruso. E' caratterizzato da una struttura modulare, ottenuta a partire dai componenti elementari che sono i moduli Vega 0 6\/8 e Vega 0 7\/8. Entrambi hanno un altezza di 640 mm, si differenziano per avere 1 o 2 interspazi per accogliere l'asciugamano da scaldare. Assemblando a piacere i due componenti fondamentali, si possono ottenere radiatori composti da due o tre moduli, fino ad un' altezza di 1920 mm. ACCESSORIESVega 0 model is an alluminium alloy heated towel rack (buthroom radiator). It is characterized by a modular structure, composed of 6 elements nipplable modules called Vega 0 6\/8 and Vega 0 7\/8. They both have a height of 640 mm, and the pecularity is that they have 1 or 2 spaces to hold the towel to by warmed. By assembling the above said group of elements , we can obtain radiators composed of 2 or 3 modules, up to a maximum height of 1920 mm. ACCESSORIESVega 0 ist einen Handtuchtrockner aus extrudiertem Aluminium. Er besteht aus Vega 0 6\/8 und Vega 0 7\/8 Bauelementen, die eine Hoehe von 640mm und 1 oder 2 Zwischenr\u00e4umen haben, um Handt\u00fccher zu trocken Die Vega 0 6\/8 und Vega 0 7\/8 Bauelemente k\u00f6nnen bis eine H\u00f6he von 1920 mm nach Wunsch montiert werden. ACCESSORIESC'est la variante verticale des radiateurs de la s\u00e9rie VEGA, r\u00e9alis\u00e9e compl\u00e9tement en aluminium extrud\u00e9. L'aluminium c'est un excellent conducteur de chaleur par rapport \u00e8l'acier et \u00e8 la fonte, car il permet d'utiliser moins d'eau chaude en offrant le m\u00eame rendement thermique. Ainsi, grace \u00e8 moins de pertes au niveau des conduites, on obtient une \u00e9conomie thermique importante. En plus il s'agit d'un m\u00e9tal tr\u00e8s l\u00e9ger qui facilite l'installation. Les hauteurs disponibles vont d'un minimum de 400mm \u00e8 un maximum de 2500mm. Il ya aussi la possibilit\u00e9 de demander pour des entraxes particuliers surtout si l'on veut remplacer les viex radiateurs. ACCESSORIESVega 0 es el radiador calienta-toallas en aluminio troquelado. Se caracteriza por una estructura modular, obtenida a partir de los componentes primarios: es decir, los m\u00f3dulos Vega 0 6\/8 y Vega 0 7\/8. Ambos tienen una altura de 640 mm, se diferencian por tener 1 o 2 interespacios donde se pueden colocar la toallas que se desean calentar. Ensamblando los dos componentes fundamentales a gusto del cliente, se puede obtener radiadores formados por dos o tres m\u00f3dulos, hasta una altura de 1920 mm. ACCESSORIES\",\"breadcrumb\":{\"@id\":\"https:\/\/www.k8radiatori.it\/es\/radiatori\/vega-o\/#breadcrumb\"},\"inLanguage\":\"en-US\",\"potentialAction\":[{\"@type\":\"ReadAction\",\"target\":[\"https:\/\/www.k8radiatori.it\/es\/radiatori\/vega-o\/\"]}]},{\"@type\":\"BreadcrumbList\",\"@id\":\"https:\/\/www.k8radiatori.it\/es\/radiatori\/vega-o\/#breadcrumb\",\"itemListElement\":[{\"@type\":\"ListItem\",\"position\":1,\"name\":\"Home\",\"item\":\"https:\/\/www.k8radiatori.it\/\"},{\"@type\":\"ListItem\",\"position\":2,\"name\":\"Shop\",\"item\":\"https:\/\/www.k8radiatori.it\/de\/negozio\/\"},{\"@type\":\"ListItem\",\"position\":3,\"name\":\"Vega-O\"}]},{\"@type\":\"WebSite\",\"@id\":\"https:\/\/www.k8radiatori.it\/de\/#website\",\"url\":\"https:\/\/www.k8radiatori.it\/de\/\",\"name\":\"K8 radiatori\",\"description\":\"K8 radiatori\",\"publisher\":{\"@id\":\"https:\/\/www.k8radiatori.it\/de\/#organization\"},\"potentialAction\":[{\"@type\":\"SearchAction\",\"target\":{\"@type\":\"EntryPoint\",\"urlTemplate\":\"https:\/\/www.k8radiatori.it\/de\/?s={search_term_string}\"},\"query-input\":\"required name=search_term_string\"}],\"inLanguage\":\"en-US\"},{\"@type\":\"Organization\",\"@id\":\"https:\/\/www.k8radiatori.it\/de\/#organization\",\"name\":\"K8 radiatori\",\"url\":\"https:\/\/www.k8radiatori.it\/de\/\",\"logo\":{\"@type\":\"ImageObject\",\"inLanguage\":\"en-US\",\"@id\":\"https:\/\/www.k8radiatori.it\/de\/#\/schema\/logo\/image\/\",\"url\":\"https:\/\/www.k8radiatori.it\/wp-content\/uploads\/2016\/03\/logo.png\",\"contentUrl\":\"https:\/\/www.k8radiatori.it\/wp-content\/uploads\/2016\/03\/logo.png\",\"width\":253,\"height\":283,\"caption\":\"K8 radiatori\"},\"image\":{\"@id\":\"https:\/\/www.k8radiatori.it\/de\/#\/schema\/logo\/image\/\"}}]}<\/script>\n<!-- \/ Yoast SEO plugin. -->","yoast_head_json":{"title":"Vega-O - K8 radiatori","description":"Vega 0 \u00e8 il radiatore scaldasalviette in alluminio estruso. E' caratterizzato da una struttura modulare, ottenuta a partire dai componenti elementari che sono i moduli Vega 0 6\/8 e Vega 0 7\/8. Entrambi hanno un altezza di 640 mm, si differenziano per avere 1 o 2 interspazi per accogliere l'asciugamano da scaldare. Assemblando a piacere i due componenti fondamentali, si possono ottenere radiatori composti da due o tre moduli, fino ad un' altezza di 1920 mm.  ACCESSORIESVega 0 model is an alluminium alloy heated towel rack (buthroom radiator). It is characterized by a modular structure, composed of 6 elements nipplable modules called Vega 0 6\/8 and Vega 0 7\/8. They both have a height of 640 mm, and the pecularity is that they have 1 or 2 spaces to hold the towel to by warmed. By assembling the above said group of elements , we can obtain radiators composed of 2 or 3 modules, up to a maximum height of 1920 mm.  ACCESSORIESVega 0 ist einen Handtuchtrockner aus extrudiertem Aluminium. Er besteht aus Vega 0 6\/8 und Vega 0 7\/8 Bauelementen, die eine Hoehe von 640mm und 1 oder 2 Zwischenr\u00e4umen haben, um Handt\u00fccher zu trocken Die Vega 0 6\/8 und Vega 0 7\/8 Bauelemente k\u00f6nnen bis eine H\u00f6he von 1920 mm nach Wunsch montiert werden.  ACCESSORIESC'est la variante verticale des radiateurs de la s\u00e9rie VEGA, r\u00e9alis\u00e9e compl\u00e9tement en aluminium extrud\u00e9. L'aluminium c'est un excellent conducteur de chaleur par rapport \u00e8l'acier et \u00e8 la fonte, car il permet d'utiliser moins d'eau chaude en offrant le m\u00eame rendement thermique. Ainsi, grace \u00e8 moins de pertes au niveau des conduites, on obtient une \u00e9conomie thermique importante. En plus il s'agit d'un m\u00e9tal tr\u00e8s l\u00e9ger qui facilite l'installation. Les hauteurs disponibles vont d'un minimum de 400mm \u00e8 un maximum de 2500mm. Il ya aussi la possibilit\u00e9 de demander pour des entraxes particuliers surtout si l'on veut remplacer les viex radiateurs.  ACCESSORIESVega 0 es el radiador calienta-toallas en aluminio troquelado. Se caracteriza por una estructura modular, obtenida a partir de los componentes primarios: es decir, los m\u00f3dulos Vega 0 6\/8 y Vega 0 7\/8. Ambos tienen una altura de 640 mm, se diferencian por tener 1 o 2 interespacios donde se pueden colocar la toallas que se desean calentar. Ensamblando los dos componentes fundamentales a gusto del cliente, se puede obtener radiadores formados por dos o tres m\u00f3dulos, hasta una altura de 1920 mm.  ACCESSORIES","robots":{"index":"index","follow":"follow","max-snippet":"max-snippet:-1","max-image-preview":"max-image-preview:large","max-video-preview":"max-video-preview:-1"},"canonical":"https:\/\/www.k8radiatori.it\/es\/radiatori\/vega-o\/","schema":{"@context":"https:\/\/schema.org","@graph":[{"@type":"WebPage","@id":"https:\/\/www.k8radiatori.it\/es\/radiatori\/vega-o\/","url":"https:\/\/www.k8radiatori.it\/es\/radiatori\/vega-o\/","name":"Vega-O - K8 radiatori","isPartOf":{"@id":"https:\/\/www.k8radiatori.it\/de\/#website"},"datePublished":"2015-12-24T13:03:23+00:00","dateModified":"2023-06-29T09:31:48+00:00","description":"Vega 0 \u00e8 il radiatore scaldasalviette in alluminio estruso. E' caratterizzato da una struttura modulare, ottenuta a partire dai componenti elementari che sono i moduli Vega 0 6\/8 e Vega 0 7\/8. Entrambi hanno un altezza di 640 mm, si differenziano per avere 1 o 2 interspazi per accogliere l'asciugamano da scaldare. Assemblando a piacere i due componenti fondamentali, si possono ottenere radiatori composti da due o tre moduli, fino ad un' altezza di 1920 mm. ACCESSORIESVega 0 model is an alluminium alloy heated towel rack (buthroom radiator). It is characterized by a modular structure, composed of 6 elements nipplable modules called Vega 0 6\/8 and Vega 0 7\/8. They both have a height of 640 mm, and the pecularity is that they have 1 or 2 spaces to hold the towel to by warmed. By assembling the above said group of elements , we can obtain radiators composed of 2 or 3 modules, up to a maximum height of 1920 mm. ACCESSORIESVega 0 ist einen Handtuchtrockner aus extrudiertem Aluminium. Er besteht aus Vega 0 6\/8 und Vega 0 7\/8 Bauelementen, die eine Hoehe von 640mm und 1 oder 2 Zwischenr\u00e4umen haben, um Handt\u00fccher zu trocken Die Vega 0 6\/8 und Vega 0 7\/8 Bauelemente k\u00f6nnen bis eine H\u00f6he von 1920 mm nach Wunsch montiert werden. ACCESSORIESC'est la variante verticale des radiateurs de la s\u00e9rie VEGA, r\u00e9alis\u00e9e compl\u00e9tement en aluminium extrud\u00e9. L'aluminium c'est un excellent conducteur de chaleur par rapport \u00e8l'acier et \u00e8 la fonte, car il permet d'utiliser moins d'eau chaude en offrant le m\u00eame rendement thermique. Ainsi, grace \u00e8 moins de pertes au niveau des conduites, on obtient une \u00e9conomie thermique importante. En plus il s'agit d'un m\u00e9tal tr\u00e8s l\u00e9ger qui facilite l'installation. Les hauteurs disponibles vont d'un minimum de 400mm \u00e8 un maximum de 2500mm. Il ya aussi la possibilit\u00e9 de demander pour des entraxes particuliers surtout si l'on veut remplacer les viex radiateurs. ACCESSORIESVega 0 es el radiador calienta-toallas en aluminio troquelado. Se caracteriza por una estructura modular, obtenida a partir de los componentes primarios: es decir, los m\u00f3dulos Vega 0 6\/8 y Vega 0 7\/8. Ambos tienen una altura de 640 mm, se diferencian por tener 1 o 2 interespacios donde se pueden colocar la toallas que se desean calentar. Ensamblando los dos componentes fundamentales a gusto del cliente, se puede obtener radiadores formados por dos o tres m\u00f3dulos, hasta una altura de 1920 mm. ACCESSORIES","breadcrumb":{"@id":"https:\/\/www.k8radiatori.it\/es\/radiatori\/vega-o\/#breadcrumb"},"inLanguage":"en-US","potentialAction":[{"@type":"ReadAction","target":["https:\/\/www.k8radiatori.it\/es\/radiatori\/vega-o\/"]}]},{"@type":"BreadcrumbList","@id":"https:\/\/www.k8radiatori.it\/es\/radiatori\/vega-o\/#breadcrumb","itemListElement":[{"@type":"ListItem","position":1,"name":"Home","item":"https:\/\/www.k8radiatori.it\/"},{"@type":"ListItem","position":2,"name":"Shop","item":"https:\/\/www.k8radiatori.it\/de\/negozio\/"},{"@type":"ListItem","position":3,"name":"Vega-O"}]},{"@type":"WebSite","@id":"https:\/\/www.k8radiatori.it\/de\/#website","url":"https:\/\/www.k8radiatori.it\/de\/","name":"K8 radiatori","description":"K8 radiatori","publisher":{"@id":"https:\/\/www.k8radiatori.it\/de\/#organization"},"potentialAction":[{"@type":"SearchAction","target":{"@type":"EntryPoint","urlTemplate":"https:\/\/www.k8radiatori.it\/de\/?s={search_term_string}"},"query-input":"required name=search_term_string"}],"inLanguage":"en-US"},{"@type":"Organization","@id":"https:\/\/www.k8radiatori.it\/de\/#organization","name":"K8 radiatori","url":"https:\/\/www.k8radiatori.it\/de\/","logo":{"@type":"ImageObject","inLanguage":"en-US","@id":"https:\/\/www.k8radiatori.it\/de\/#\/schema\/logo\/image\/","url":"https:\/\/www.k8radiatori.it\/wp-content\/uploads\/2016\/03\/logo.png","contentUrl":"https:\/\/www.k8radiatori.it\/wp-content\/uploads\/2016\/03\/logo.png","width":253,"height":283,"caption":"K8 radiatori"},"image":{"@id":"https:\/\/www.k8radiatori.it\/de\/#\/schema\/logo\/image\/"}}]}},"_links":{"self":[{"href":"https:\/\/www.k8radiatori.it\/en\/wp-json\/wp\/v3\/product\/519"}],"collection":[{"href":"https:\/\/www.k8radiatori.it\/en\/wp-json\/wp\/v3\/product"}],"about":[{"href":"https:\/\/www.k8radiatori.it\/en\/wp-json\/wp\/v2\/types\/product"}],"replies":[{"embeddable":true,"href":"https:\/\/www.k8radiatori.it\/en\/wp-json\/wp\/v2\/comments?post=519"}],"wp:featuredmedia":[{"embeddable":true,"href":"https:\/\/www.k8radiatori.it\/en\/wp-json\/wp\/v2\/media\/1126"}],"wp:attachment":[{"href":"https:\/\/www.k8radiatori.it\/en\/wp-json\/wp\/v2\/media?parent=519"}],"wp:term":[{"taxonomy":"product_cat","embeddable":true,"href":"https:\/\/www.k8radiatori.it\/en\/wp-json\/wp\/v2\/product_cat?post=519"},{"taxonomy":"product_tag","embeddable":true,"href":"https:\/\/www.k8radiatori.it\/en\/wp-json\/wp\/v2\/product_tag?post=519"}],"curies":[{"name":"wp","href":"https:\/\/api.w.org\/{rel}","templated":true}]}}