{"id":507,"date":"2015-12-24T03:50:23","date_gmt":"2015-12-24T02:50:23","guid":{"rendered":"http:\/\/www.k8radiatori.it\/en\/?post_type=product&#038;p=507"},"modified":"2023-06-29T11:39:54","modified_gmt":"2023-06-29T09:39:54","slug":"ravello","status":"publish","type":"product","link":"https:\/\/www.k8radiatori.it\/en\/radiatori\/ravello\/","title":{"rendered":"Ravello"},"content":{"rendered":"<p><strong><a href=\"http:\/\/www.k8radiatori.it\/wp-content\/uploads\/2016\/07\/MTS-RAVELLO.pdf\" target=\"_blank\">Download here the specific data<\/a><\/strong><\/p>\n<p><a href=\"\/contatti\/\"> For more information contact us<\/a><\/p>\n<p><a href=\"http:\/\/www.k8radiatori.it\/wp-content\/uploads\/2016\/07\/RAVELLO.jpg\"><img decoding=\"async\" loading=\"lazy\" class=\"size-full wp-image-1290 alignleft\" src=\"http:\/\/www.k8radiatori.it\/wp-content\/uploads\/2016\/07\/RAVELLO.jpg\" alt=\"Immagine radiatore RAVELLO\" width=\"704\" height=\"556\" srcset=\"https:\/\/www.k8radiatori.it\/wp-content\/uploads\/2016\/07\/RAVELLO.jpg 704w, https:\/\/www.k8radiatori.it\/wp-content\/uploads\/2016\/07\/RAVELLO-400x316.jpg 400w, https:\/\/www.k8radiatori.it\/wp-content\/uploads\/2016\/07\/RAVELLO-510x403.jpg 510w\" sizes=\"(max-width: 704px) 100vw, 704px\" \/><\/a><\/p>","protected":false},"excerpt":{"rendered":"<p>It is a tubolar radiator, steel made, characterized by horizontal elements, slightly bent arch wise. Its sophisticated, characteristic and appreciated design radiator,makes it a preminent decorative element of strong visual impact. Particularly the round shape of the horinzontal elements, which characterizes the model, allows very easily to hang towels.<\/p>\n","protected":false},"featured_media":1132,"comment_status":"closed","ping_status":"closed","template":"","meta":[],"product_cat":[29],"product_tag":[48,99],"yoast_head":"<!-- This site is optimized with the Yoast SEO plugin v20.8 - https:\/\/yoast.com\/wordpress\/plugins\/seo\/ -->\n<title>Ravello - K8 radiatori<\/title>\n<meta name=\"description\" content=\"Radiatore tubolare in acciaio caratterizzato da elementi orizzontali leggermente curvati ad arco di circonferenza. Il suo design estremamente ricercato e caratterizzante lo rende un elemento di arredamento decorativo di forte impatto e le forme leggermente prospicienti che lo contraddistinguono consentono il comodo alloggiamento di salvietteIt is a tubolar radiator, steel made, characterized by horizontal elements, slightly bent arch wise. Its sophisticated, characteristic and appreciated design radiator,makes it a preminent decorative element of strong visual impact. Particularly the round shape of the horinzontal elements, which characterizes the model, allows very easily to hang towels.Das ist ein Heizk\u00f6rper aus Stahl mit kreisf\u00f6rmig gebogenen Horizontalr\u00f6hren. Er ein Besitz \u00fcberfeinertes Design und eine hohe optische \u00c4sthetik, die sich auch in Detail wiederspiegelt seines leicht und dank gebogenen Ausf\u00fchrung er kann auch als Handtuchtrockner dienen.C&#039;est un radiateur tubolaire, en acier, caract\u00e9ris\u00e9 par des \u00e9l\u00e9ments horizontaux l\u00e9g\u00e8rement courb\u00e9s. Son design tr\u00e8s recherch\u00e9 et caract\u00e9ristique fait de ce radiateur un \u00e9l\u00e9ment d\u00e9coratif \u00e8fort effet visuel. Grace \u00e8 ses formes l\u00e9g\u00e8rement courb\u00e9es on peut tr\u00e8s facilement \u00e9tendre des serviettes de bain.Radiador tubular realizado en acero caracterizado por elementos horizontales ligeramente curvil\u00edneos en forma de arco de una circunferencia. Su design extremadamente sofisticado y caracterizador lo convierte en un modelo decorativo de alto impacto y las formas ligeramente protuberantes que lo contradistinguen permite la c\u00f3moda colocaci\u00f3n de las toallas.\" \/>\n<meta name=\"robots\" content=\"index, follow, max-snippet:-1, max-image-preview:large, max-video-preview:-1\" \/>\n<link rel=\"canonical\" href=\"https:\/\/www.k8radiatori.it\/fr\/radiatori\/ravello\/\" \/>\n<script type=\"application\/ld+json\" class=\"yoast-schema-graph\">{\"@context\":\"https:\/\/schema.org\",\"@graph\":[{\"@type\":\"WebPage\",\"@id\":\"https:\/\/www.k8radiatori.it\/fr\/radiatori\/ravello\/\",\"url\":\"https:\/\/www.k8radiatori.it\/fr\/radiatori\/ravello\/\",\"name\":\"Ravello - K8 radiatori\",\"isPartOf\":{\"@id\":\"https:\/\/www.k8radiatori.it\/de\/#website\"},\"datePublished\":\"2015-12-24T02:50:23+00:00\",\"dateModified\":\"2023-06-29T09:39:54+00:00\",\"description\":\"Radiatore tubolare in acciaio caratterizzato da elementi orizzontali leggermente curvati ad arco di circonferenza. Il suo design estremamente ricercato e caratterizzante lo rende un elemento di arredamento decorativo di forte impatto e le forme leggermente prospicienti che lo contraddistinguono consentono il comodo alloggiamento di salvietteIt is a tubolar radiator, steel made, characterized by horizontal elements, slightly bent arch wise. Its sophisticated, characteristic and appreciated design radiator,makes it a preminent decorative element of strong visual impact. Particularly the round shape of the horinzontal elements, which characterizes the model, allows very easily to hang towels.Das ist ein Heizk\u00f6rper aus Stahl mit kreisf\u00f6rmig gebogenen Horizontalr\u00f6hren. Er ein Besitz \u00fcberfeinertes Design und eine hohe optische \u00c4sthetik, die sich auch in Detail wiederspiegelt seines leicht und dank gebogenen Ausf\u00fchrung er kann auch als Handtuchtrockner dienen.C'est un radiateur tubolaire, en acier, caract\u00e9ris\u00e9 par des \u00e9l\u00e9ments horizontaux l\u00e9g\u00e8rement courb\u00e9s. Son design tr\u00e8s recherch\u00e9 et caract\u00e9ristique fait de ce radiateur un \u00e9l\u00e9ment d\u00e9coratif \u00e8fort effet visuel. Grace \u00e8 ses formes l\u00e9g\u00e8rement courb\u00e9es on peut tr\u00e8s facilement \u00e9tendre des serviettes de bain.Radiador tubular realizado en acero caracterizado por elementos horizontales ligeramente curvil\u00edneos en forma de arco de una circunferencia. Su design extremadamente sofisticado y caracterizador lo convierte en un modelo decorativo de alto impacto y las formas ligeramente protuberantes que lo contradistinguen permite la c\u00f3moda colocaci\u00f3n de las toallas.\",\"breadcrumb\":{\"@id\":\"https:\/\/www.k8radiatori.it\/fr\/radiatori\/ravello\/#breadcrumb\"},\"inLanguage\":\"en-US\",\"potentialAction\":[{\"@type\":\"ReadAction\",\"target\":[\"https:\/\/www.k8radiatori.it\/fr\/radiatori\/ravello\/\"]}]},{\"@type\":\"BreadcrumbList\",\"@id\":\"https:\/\/www.k8radiatori.it\/fr\/radiatori\/ravello\/#breadcrumb\",\"itemListElement\":[{\"@type\":\"ListItem\",\"position\":1,\"name\":\"Home\",\"item\":\"https:\/\/www.k8radiatori.it\/\"},{\"@type\":\"ListItem\",\"position\":2,\"name\":\"Shop\",\"item\":\"https:\/\/www.k8radiatori.it\/de\/negozio\/\"},{\"@type\":\"ListItem\",\"position\":3,\"name\":\"Ravello\"}]},{\"@type\":\"WebSite\",\"@id\":\"https:\/\/www.k8radiatori.it\/de\/#website\",\"url\":\"https:\/\/www.k8radiatori.it\/de\/\",\"name\":\"K8 radiatori\",\"description\":\"K8 radiatori\",\"publisher\":{\"@id\":\"https:\/\/www.k8radiatori.it\/de\/#organization\"},\"potentialAction\":[{\"@type\":\"SearchAction\",\"target\":{\"@type\":\"EntryPoint\",\"urlTemplate\":\"https:\/\/www.k8radiatori.it\/de\/?s={search_term_string}\"},\"query-input\":\"required name=search_term_string\"}],\"inLanguage\":\"en-US\"},{\"@type\":\"Organization\",\"@id\":\"https:\/\/www.k8radiatori.it\/de\/#organization\",\"name\":\"K8 radiatori\",\"url\":\"https:\/\/www.k8radiatori.it\/de\/\",\"logo\":{\"@type\":\"ImageObject\",\"inLanguage\":\"en-US\",\"@id\":\"https:\/\/www.k8radiatori.it\/de\/#\/schema\/logo\/image\/\",\"url\":\"https:\/\/www.k8radiatori.it\/wp-content\/uploads\/2016\/03\/logo.png\",\"contentUrl\":\"https:\/\/www.k8radiatori.it\/wp-content\/uploads\/2016\/03\/logo.png\",\"width\":253,\"height\":283,\"caption\":\"K8 radiatori\"},\"image\":{\"@id\":\"https:\/\/www.k8radiatori.it\/de\/#\/schema\/logo\/image\/\"}}]}<\/script>\n<!-- \/ Yoast SEO plugin. -->","yoast_head_json":{"title":"Ravello - K8 radiatori","description":"Radiatore tubolare in acciaio caratterizzato da elementi orizzontali leggermente curvati ad arco di circonferenza. Il suo design estremamente ricercato e caratterizzante lo rende un elemento di arredamento decorativo di forte impatto e le forme leggermente prospicienti che lo contraddistinguono consentono il comodo alloggiamento di salvietteIt is a tubolar radiator, steel made, characterized by horizontal elements, slightly bent arch wise. Its sophisticated, characteristic and appreciated design radiator,makes it a preminent decorative element of strong visual impact. Particularly the round shape of the horinzontal elements, which characterizes the model, allows very easily to hang towels.Das ist ein Heizk\u00f6rper aus Stahl mit kreisf\u00f6rmig gebogenen Horizontalr\u00f6hren. Er ein Besitz \u00fcberfeinertes Design und eine hohe optische \u00c4sthetik, die sich auch in Detail wiederspiegelt seines leicht und dank gebogenen Ausf\u00fchrung er kann auch als Handtuchtrockner dienen.C'est un radiateur tubolaire, en acier, caract\u00e9ris\u00e9 par des \u00e9l\u00e9ments horizontaux l\u00e9g\u00e8rement courb\u00e9s. Son design tr\u00e8s recherch\u00e9 et caract\u00e9ristique fait de ce radiateur un \u00e9l\u00e9ment d\u00e9coratif \u00e8fort effet visuel. Grace \u00e8 ses formes l\u00e9g\u00e8rement courb\u00e9es on peut tr\u00e8s facilement \u00e9tendre des serviettes de bain.Radiador tubular realizado en acero caracterizado por elementos horizontales ligeramente curvil\u00edneos en forma de arco de una circunferencia. Su design extremadamente sofisticado y caracterizador lo convierte en un modelo decorativo de alto impacto y las formas ligeramente protuberantes que lo contradistinguen permite la c\u00f3moda colocaci\u00f3n de las toallas.","robots":{"index":"index","follow":"follow","max-snippet":"max-snippet:-1","max-image-preview":"max-image-preview:large","max-video-preview":"max-video-preview:-1"},"canonical":"https:\/\/www.k8radiatori.it\/fr\/radiatori\/ravello\/","schema":{"@context":"https:\/\/schema.org","@graph":[{"@type":"WebPage","@id":"https:\/\/www.k8radiatori.it\/fr\/radiatori\/ravello\/","url":"https:\/\/www.k8radiatori.it\/fr\/radiatori\/ravello\/","name":"Ravello - K8 radiatori","isPartOf":{"@id":"https:\/\/www.k8radiatori.it\/de\/#website"},"datePublished":"2015-12-24T02:50:23+00:00","dateModified":"2023-06-29T09:39:54+00:00","description":"Radiatore tubolare in acciaio caratterizzato da elementi orizzontali leggermente curvati ad arco di circonferenza. Il suo design estremamente ricercato e caratterizzante lo rende un elemento di arredamento decorativo di forte impatto e le forme leggermente prospicienti che lo contraddistinguono consentono il comodo alloggiamento di salvietteIt is a tubolar radiator, steel made, characterized by horizontal elements, slightly bent arch wise. Its sophisticated, characteristic and appreciated design radiator,makes it a preminent decorative element of strong visual impact. Particularly the round shape of the horinzontal elements, which characterizes the model, allows very easily to hang towels.Das ist ein Heizk\u00f6rper aus Stahl mit kreisf\u00f6rmig gebogenen Horizontalr\u00f6hren. Er ein Besitz \u00fcberfeinertes Design und eine hohe optische \u00c4sthetik, die sich auch in Detail wiederspiegelt seines leicht und dank gebogenen Ausf\u00fchrung er kann auch als Handtuchtrockner dienen.C'est un radiateur tubolaire, en acier, caract\u00e9ris\u00e9 par des \u00e9l\u00e9ments horizontaux l\u00e9g\u00e8rement courb\u00e9s. Son design tr\u00e8s recherch\u00e9 et caract\u00e9ristique fait de ce radiateur un \u00e9l\u00e9ment d\u00e9coratif \u00e8fort effet visuel. Grace \u00e8 ses formes l\u00e9g\u00e8rement courb\u00e9es on peut tr\u00e8s facilement \u00e9tendre des serviettes de bain.Radiador tubular realizado en acero caracterizado por elementos horizontales ligeramente curvil\u00edneos en forma de arco de una circunferencia. Su design extremadamente sofisticado y caracterizador lo convierte en un modelo decorativo de alto impacto y las formas ligeramente protuberantes que lo contradistinguen permite la c\u00f3moda colocaci\u00f3n de las toallas.","breadcrumb":{"@id":"https:\/\/www.k8radiatori.it\/fr\/radiatori\/ravello\/#breadcrumb"},"inLanguage":"en-US","potentialAction":[{"@type":"ReadAction","target":["https:\/\/www.k8radiatori.it\/fr\/radiatori\/ravello\/"]}]},{"@type":"BreadcrumbList","@id":"https:\/\/www.k8radiatori.it\/fr\/radiatori\/ravello\/#breadcrumb","itemListElement":[{"@type":"ListItem","position":1,"name":"Home","item":"https:\/\/www.k8radiatori.it\/"},{"@type":"ListItem","position":2,"name":"Shop","item":"https:\/\/www.k8radiatori.it\/de\/negozio\/"},{"@type":"ListItem","position":3,"name":"Ravello"}]},{"@type":"WebSite","@id":"https:\/\/www.k8radiatori.it\/de\/#website","url":"https:\/\/www.k8radiatori.it\/de\/","name":"K8 radiatori","description":"K8 radiatori","publisher":{"@id":"https:\/\/www.k8radiatori.it\/de\/#organization"},"potentialAction":[{"@type":"SearchAction","target":{"@type":"EntryPoint","urlTemplate":"https:\/\/www.k8radiatori.it\/de\/?s={search_term_string}"},"query-input":"required name=search_term_string"}],"inLanguage":"en-US"},{"@type":"Organization","@id":"https:\/\/www.k8radiatori.it\/de\/#organization","name":"K8 radiatori","url":"https:\/\/www.k8radiatori.it\/de\/","logo":{"@type":"ImageObject","inLanguage":"en-US","@id":"https:\/\/www.k8radiatori.it\/de\/#\/schema\/logo\/image\/","url":"https:\/\/www.k8radiatori.it\/wp-content\/uploads\/2016\/03\/logo.png","contentUrl":"https:\/\/www.k8radiatori.it\/wp-content\/uploads\/2016\/03\/logo.png","width":253,"height":283,"caption":"K8 radiatori"},"image":{"@id":"https:\/\/www.k8radiatori.it\/de\/#\/schema\/logo\/image\/"}}]}},"_links":{"self":[{"href":"https:\/\/www.k8radiatori.it\/en\/wp-json\/wp\/v3\/product\/507"}],"collection":[{"href":"https:\/\/www.k8radiatori.it\/en\/wp-json\/wp\/v3\/product"}],"about":[{"href":"https:\/\/www.k8radiatori.it\/en\/wp-json\/wp\/v2\/types\/product"}],"replies":[{"embeddable":true,"href":"https:\/\/www.k8radiatori.it\/en\/wp-json\/wp\/v2\/comments?post=507"}],"wp:featuredmedia":[{"embeddable":true,"href":"https:\/\/www.k8radiatori.it\/en\/wp-json\/wp\/v2\/media\/1132"}],"wp:attachment":[{"href":"https:\/\/www.k8radiatori.it\/en\/wp-json\/wp\/v2\/media?parent=507"}],"wp:term":[{"taxonomy":"product_cat","embeddable":true,"href":"https:\/\/www.k8radiatori.it\/en\/wp-json\/wp\/v2\/product_cat?post=507"},{"taxonomy":"product_tag","embeddable":true,"href":"https:\/\/www.k8radiatori.it\/en\/wp-json\/wp\/v2\/product_tag?post=507"}],"curies":[{"name":"wp","href":"https:\/\/api.w.org\/{rel}","templated":true}]}}