{"id":2406,"date":"2023-03-29T12:02:19","date_gmt":"2023-03-29T10:02:19","guid":{"rendered":"http:\/\/www.k8radiatori.it\/?post_type=product&#038;p=2406"},"modified":"2023-06-29T11:33:57","modified_gmt":"2023-06-29T09:33:57","slug":"warmy","status":"publish","type":"product","link":"https:\/\/www.k8radiatori.it\/en\/radiatori\/warmy\/","title":{"rendered":"Warmy"},"content":{"rendered":"<p><strong><a href=\"http:\/\/www.k8radiatori.it\/wp-content\/uploads\/2023\/03\/warmy-1-2-tecnica.pdf\" target=\"_blank\" rel=\"noopener noreferrer\">Scarica qui le specifiche tecniche del radiatore<\/a><\/strong><\/p>\n<p><a href=\"\/contatti\/\">Su richiesta \u00e8 possibile avere schede dettagliate sul prodotto<\/a><\/p>\n<p>&nbsp;<\/p>\n<p><img decoding=\"async\" loading=\"lazy\" class=\"alignnone size-medium wp-image-2409\" src=\"http:\/\/www.k8radiatori.it\/wp-content\/uploads\/2023\/03\/Warmy-1-2-331x400.jpg\" alt=\"\" width=\"331\" height=\"400\" srcset=\"https:\/\/www.k8radiatori.it\/wp-content\/uploads\/2023\/03\/Warmy-1-2-331x400.jpg 331w, https:\/\/www.k8radiatori.it\/wp-content\/uploads\/2023\/03\/Warmy-1-2-510x615.jpg 510w, https:\/\/www.k8radiatori.it\/wp-content\/uploads\/2023\/03\/Warmy-1-2.jpg 967w\" sizes=\"(max-width: 331px) 100vw, 331px\" \/><\/p>\n","protected":false},"excerpt":{"rendered":"<p>Steel. New interpretation of the classic column radiator, in a modern guise with a more captivating design. Composed of vertical pipes with a larger diameter (35 mm), it is proposed with one or two columns. Wide choice of finishes and sizes.<\/p>\n","protected":false},"featured_media":2408,"comment_status":"closed","ping_status":"closed","template":"","meta":[],"product_cat":[180],"product_tag":[48,248],"yoast_head":"<!-- This site is optimized with the Yoast SEO plugin v20.8 - https:\/\/yoast.com\/wordpress\/plugins\/seo\/ -->\n<title>Warmy - K8 radiatori<\/title>\n<meta name=\"description\" content=\"Acciaio. Nuova interpretazione del radiatore classico a colonna, in una veste moderna e dal design pi\u00f9 accattivante. Composto da tubi verticali con un diametro maggiore (35 mm), \u00e8 proposto a una o due colonne. Vasta scelta di finiture e dimensioni.Steel. New interpretation of the classic column radiator, in a modern guise with a more captivating design. Composed of vertical pipes with a larger diameter (35 mm), it is proposed with one or two columns. Wide choice of finishes and sizes.Stahl. Neuinterpretation des klassischen S\u00e4ulenheizk\u00f6rpers, in modernem Gewand und mit fesselndem Design. Er besteht aus vertikalen Rohren mit einem gr\u00f6\u00dferen Durchmesser (35 mm) und wird mit einer oder zwei S\u00e4ulen angeboten. Gro\u00dfe Auswahl an Ausf\u00fchrungen und Gr\u00f6\u00dfen.Acier. Une nouvelle interpr\u00e9tation du radiateur \u00e0 colonne classique, dans une version moderne au design plus s\u00e9duisant. Compos\u00e9 de tubes verticaux de plus grand diam\u00e8tre (35 mm), il est propos\u00e9 avec une ou deux colonnes. Large choix de finitions et de dimensions.Acero. Una nueva interpretaci\u00f3n del cl\u00e1sico radiador de columna, con un dise\u00f1o moderno y m\u00e1s atractivo. Compuesto por tubos verticales de mayor di\u00e1metro (35 mm), est\u00e1 disponible con una o dos columnas. Amplia gama de acabados y tama\u00f1os.\" \/>\n<meta name=\"robots\" content=\"index, follow, max-snippet:-1, max-image-preview:large, max-video-preview:-1\" \/>\n<link rel=\"canonical\" href=\"https:\/\/www.k8radiatori.it\/radiatori\/warmy\/\" \/>\n<meta name=\"twitter:label1\" content=\"Est. reading time\" \/>\n\t<meta name=\"twitter:data1\" content=\"1 minute\" \/>\n<script type=\"application\/ld+json\" class=\"yoast-schema-graph\">{\"@context\":\"https:\/\/schema.org\",\"@graph\":[{\"@type\":\"WebPage\",\"@id\":\"https:\/\/www.k8radiatori.it\/radiatori\/warmy\/\",\"url\":\"https:\/\/www.k8radiatori.it\/radiatori\/warmy\/\",\"name\":\"Warmy - K8 radiatori\",\"isPartOf\":{\"@id\":\"https:\/\/www.k8radiatori.it\/de\/#website\"},\"datePublished\":\"2023-03-29T10:02:19+00:00\",\"dateModified\":\"2023-06-29T09:33:57+00:00\",\"description\":\"Acciaio. Nuova interpretazione del radiatore classico a colonna, in una veste moderna e dal design pi\u00f9 accattivante. Composto da tubi verticali con un diametro maggiore (35 mm), \u00e8 proposto a una o due colonne. Vasta scelta di finiture e dimensioni.Steel. New interpretation of the classic column radiator, in a modern guise with a more captivating design. Composed of vertical pipes with a larger diameter (35 mm), it is proposed with one or two columns. Wide choice of finishes and sizes.Stahl. Neuinterpretation des klassischen S\u00e4ulenheizk\u00f6rpers, in modernem Gewand und mit fesselndem Design. Er besteht aus vertikalen Rohren mit einem gr\u00f6\u00dferen Durchmesser (35 mm) und wird mit einer oder zwei S\u00e4ulen angeboten. Gro\u00dfe Auswahl an Ausf\u00fchrungen und Gr\u00f6\u00dfen.Acier. Une nouvelle interpr\u00e9tation du radiateur \u00e0 colonne classique, dans une version moderne au design plus s\u00e9duisant. Compos\u00e9 de tubes verticaux de plus grand diam\u00e8tre (35 mm), il est propos\u00e9 avec une ou deux colonnes. Large choix de finitions et de dimensions.Acero. Una nueva interpretaci\u00f3n del cl\u00e1sico radiador de columna, con un dise\u00f1o moderno y m\u00e1s atractivo. Compuesto por tubos verticales de mayor di\u00e1metro (35 mm), est\u00e1 disponible con una o dos columnas. Amplia gama de acabados y tama\u00f1os.\",\"breadcrumb\":{\"@id\":\"https:\/\/www.k8radiatori.it\/radiatori\/warmy\/#breadcrumb\"},\"inLanguage\":\"en-US\",\"potentialAction\":[{\"@type\":\"ReadAction\",\"target\":[\"https:\/\/www.k8radiatori.it\/radiatori\/warmy\/\"]}]},{\"@type\":\"BreadcrumbList\",\"@id\":\"https:\/\/www.k8radiatori.it\/radiatori\/warmy\/#breadcrumb\",\"itemListElement\":[{\"@type\":\"ListItem\",\"position\":1,\"name\":\"Home\",\"item\":\"https:\/\/www.k8radiatori.it\/\"},{\"@type\":\"ListItem\",\"position\":2,\"name\":\"Shop\",\"item\":\"https:\/\/www.k8radiatori.it\/de\/negozio\/\"},{\"@type\":\"ListItem\",\"position\":3,\"name\":\"Warmy\"}]},{\"@type\":\"WebSite\",\"@id\":\"https:\/\/www.k8radiatori.it\/de\/#website\",\"url\":\"https:\/\/www.k8radiatori.it\/de\/\",\"name\":\"K8 radiatori\",\"description\":\"K8 radiatori\",\"publisher\":{\"@id\":\"https:\/\/www.k8radiatori.it\/de\/#organization\"},\"potentialAction\":[{\"@type\":\"SearchAction\",\"target\":{\"@type\":\"EntryPoint\",\"urlTemplate\":\"https:\/\/www.k8radiatori.it\/de\/?s={search_term_string}\"},\"query-input\":\"required name=search_term_string\"}],\"inLanguage\":\"en-US\"},{\"@type\":\"Organization\",\"@id\":\"https:\/\/www.k8radiatori.it\/de\/#organization\",\"name\":\"K8 radiatori\",\"url\":\"https:\/\/www.k8radiatori.it\/de\/\",\"logo\":{\"@type\":\"ImageObject\",\"inLanguage\":\"en-US\",\"@id\":\"https:\/\/www.k8radiatori.it\/de\/#\/schema\/logo\/image\/\",\"url\":\"https:\/\/www.k8radiatori.it\/wp-content\/uploads\/2016\/03\/logo.png\",\"contentUrl\":\"https:\/\/www.k8radiatori.it\/wp-content\/uploads\/2016\/03\/logo.png\",\"width\":253,\"height\":283,\"caption\":\"K8 radiatori\"},\"image\":{\"@id\":\"https:\/\/www.k8radiatori.it\/de\/#\/schema\/logo\/image\/\"}}]}<\/script>\n<!-- \/ Yoast SEO plugin. -->","yoast_head_json":{"title":"Warmy - K8 radiatori","description":"Acciaio. Nuova interpretazione del radiatore classico a colonna, in una veste moderna e dal design pi\u00f9 accattivante. Composto da tubi verticali con un diametro maggiore (35 mm), \u00e8 proposto a una o due colonne. Vasta scelta di finiture e dimensioni.Steel. New interpretation of the classic column radiator, in a modern guise with a more captivating design. Composed of vertical pipes with a larger diameter (35 mm), it is proposed with one or two columns. Wide choice of finishes and sizes.Stahl. Neuinterpretation des klassischen S\u00e4ulenheizk\u00f6rpers, in modernem Gewand und mit fesselndem Design. Er besteht aus vertikalen Rohren mit einem gr\u00f6\u00dferen Durchmesser (35 mm) und wird mit einer oder zwei S\u00e4ulen angeboten. Gro\u00dfe Auswahl an Ausf\u00fchrungen und Gr\u00f6\u00dfen.Acier. Une nouvelle interpr\u00e9tation du radiateur \u00e0 colonne classique, dans une version moderne au design plus s\u00e9duisant. Compos\u00e9 de tubes verticaux de plus grand diam\u00e8tre (35 mm), il est propos\u00e9 avec une ou deux colonnes. Large choix de finitions et de dimensions.Acero. Una nueva interpretaci\u00f3n del cl\u00e1sico radiador de columna, con un dise\u00f1o moderno y m\u00e1s atractivo. Compuesto por tubos verticales de mayor di\u00e1metro (35 mm), est\u00e1 disponible con una o dos columnas. Amplia gama de acabados y tama\u00f1os.","robots":{"index":"index","follow":"follow","max-snippet":"max-snippet:-1","max-image-preview":"max-image-preview:large","max-video-preview":"max-video-preview:-1"},"canonical":"https:\/\/www.k8radiatori.it\/radiatori\/warmy\/","twitter_misc":{"Est. reading time":"1 minute"},"schema":{"@context":"https:\/\/schema.org","@graph":[{"@type":"WebPage","@id":"https:\/\/www.k8radiatori.it\/radiatori\/warmy\/","url":"https:\/\/www.k8radiatori.it\/radiatori\/warmy\/","name":"Warmy - K8 radiatori","isPartOf":{"@id":"https:\/\/www.k8radiatori.it\/de\/#website"},"datePublished":"2023-03-29T10:02:19+00:00","dateModified":"2023-06-29T09:33:57+00:00","description":"Acciaio. Nuova interpretazione del radiatore classico a colonna, in una veste moderna e dal design pi\u00f9 accattivante. Composto da tubi verticali con un diametro maggiore (35 mm), \u00e8 proposto a una o due colonne. Vasta scelta di finiture e dimensioni.Steel. New interpretation of the classic column radiator, in a modern guise with a more captivating design. Composed of vertical pipes with a larger diameter (35 mm), it is proposed with one or two columns. Wide choice of finishes and sizes.Stahl. Neuinterpretation des klassischen S\u00e4ulenheizk\u00f6rpers, in modernem Gewand und mit fesselndem Design. Er besteht aus vertikalen Rohren mit einem gr\u00f6\u00dferen Durchmesser (35 mm) und wird mit einer oder zwei S\u00e4ulen angeboten. Gro\u00dfe Auswahl an Ausf\u00fchrungen und Gr\u00f6\u00dfen.Acier. Une nouvelle interpr\u00e9tation du radiateur \u00e0 colonne classique, dans une version moderne au design plus s\u00e9duisant. Compos\u00e9 de tubes verticaux de plus grand diam\u00e8tre (35 mm), il est propos\u00e9 avec une ou deux colonnes. Large choix de finitions et de dimensions.Acero. Una nueva interpretaci\u00f3n del cl\u00e1sico radiador de columna, con un dise\u00f1o moderno y m\u00e1s atractivo. Compuesto por tubos verticales de mayor di\u00e1metro (35 mm), est\u00e1 disponible con una o dos columnas. Amplia gama de acabados y tama\u00f1os.","breadcrumb":{"@id":"https:\/\/www.k8radiatori.it\/radiatori\/warmy\/#breadcrumb"},"inLanguage":"en-US","potentialAction":[{"@type":"ReadAction","target":["https:\/\/www.k8radiatori.it\/radiatori\/warmy\/"]}]},{"@type":"BreadcrumbList","@id":"https:\/\/www.k8radiatori.it\/radiatori\/warmy\/#breadcrumb","itemListElement":[{"@type":"ListItem","position":1,"name":"Home","item":"https:\/\/www.k8radiatori.it\/"},{"@type":"ListItem","position":2,"name":"Shop","item":"https:\/\/www.k8radiatori.it\/de\/negozio\/"},{"@type":"ListItem","position":3,"name":"Warmy"}]},{"@type":"WebSite","@id":"https:\/\/www.k8radiatori.it\/de\/#website","url":"https:\/\/www.k8radiatori.it\/de\/","name":"K8 radiatori","description":"K8 radiatori","publisher":{"@id":"https:\/\/www.k8radiatori.it\/de\/#organization"},"potentialAction":[{"@type":"SearchAction","target":{"@type":"EntryPoint","urlTemplate":"https:\/\/www.k8radiatori.it\/de\/?s={search_term_string}"},"query-input":"required name=search_term_string"}],"inLanguage":"en-US"},{"@type":"Organization","@id":"https:\/\/www.k8radiatori.it\/de\/#organization","name":"K8 radiatori","url":"https:\/\/www.k8radiatori.it\/de\/","logo":{"@type":"ImageObject","inLanguage":"en-US","@id":"https:\/\/www.k8radiatori.it\/de\/#\/schema\/logo\/image\/","url":"https:\/\/www.k8radiatori.it\/wp-content\/uploads\/2016\/03\/logo.png","contentUrl":"https:\/\/www.k8radiatori.it\/wp-content\/uploads\/2016\/03\/logo.png","width":253,"height":283,"caption":"K8 radiatori"},"image":{"@id":"https:\/\/www.k8radiatori.it\/de\/#\/schema\/logo\/image\/"}}]}},"_links":{"self":[{"href":"https:\/\/www.k8radiatori.it\/en\/wp-json\/wp\/v3\/product\/2406"}],"collection":[{"href":"https:\/\/www.k8radiatori.it\/en\/wp-json\/wp\/v3\/product"}],"about":[{"href":"https:\/\/www.k8radiatori.it\/en\/wp-json\/wp\/v2\/types\/product"}],"replies":[{"embeddable":true,"href":"https:\/\/www.k8radiatori.it\/en\/wp-json\/wp\/v2\/comments?post=2406"}],"wp:featuredmedia":[{"embeddable":true,"href":"https:\/\/www.k8radiatori.it\/en\/wp-json\/wp\/v2\/media\/2408"}],"wp:attachment":[{"href":"https:\/\/www.k8radiatori.it\/en\/wp-json\/wp\/v2\/media?parent=2406"}],"wp:term":[{"taxonomy":"product_cat","embeddable":true,"href":"https:\/\/www.k8radiatori.it\/en\/wp-json\/wp\/v2\/product_cat?post=2406"},{"taxonomy":"product_tag","embeddable":true,"href":"https:\/\/www.k8radiatori.it\/en\/wp-json\/wp\/v2\/product_tag?post=2406"}],"curies":[{"name":"wp","href":"https:\/\/api.w.org\/{rel}","templated":true}]}}