{"id":2402,"date":"2023-03-29T11:23:45","date_gmt":"2023-03-29T09:23:45","guid":{"rendered":"http:\/\/www.k8radiatori.it\/es\/?post_type=product&#038;p=2402"},"modified":"2023-06-28T19:46:35","modified_gmt":"2023-06-28T17:46:35","slug":"rebel","status":"publish","type":"product","link":"https:\/\/www.k8radiatori.it\/en\/radiatori\/rebel\/","title":{"rendered":"Rebel"},"content":{"rendered":"<p><strong><a href=\"http:\/\/www.k8radiatori.it\/wp-content\/uploads\/2023\/03\/Rebel-tecnica.pdf\" target=\"_blank\" rel=\"noopener noreferrer\">Scarica qui le specifiche tecniche del radiatore<\/a><\/strong><\/p>\n<p><a href=\"\/contatti\/\">Su richiesta \u00e8 possibile avere schede dettagliate sul prodotto<\/a><\/p>\n<p>&nbsp;<\/p>\n<p><img decoding=\"async\" loading=\"lazy\" class=\"alignnone size-medium wp-image-2405\" src=\"http:\/\/www.k8radiatori.it\/wp-content\/uploads\/2023\/03\/Rebel-117x400.jpg\" alt=\"\" width=\"117\" height=\"400\" srcset=\"https:\/\/www.k8radiatori.it\/wp-content\/uploads\/2023\/03\/Rebel-117x400.jpg 117w, https:\/\/www.k8radiatori.it\/wp-content\/uploads\/2023\/03\/Rebel-448x1536.jpg 448w, https:\/\/www.k8radiatori.it\/wp-content\/uploads\/2023\/03\/Rebel.jpg 500w\" sizes=\"(max-width: 117px) 100vw, 117px\" \/><\/p>\n","protected":false},"excerpt":{"rendered":"<p>Glass. The marble effect is the protagonist of the Rebel version. The thin Laminam slab rich in textures and chromatic contrasts satisfy transversal stylistic needs. The surface surprises with its soft feel or the great creative potential that enhances the emotional aspect of the marble effect.<\/p>\n","protected":false},"featured_media":2403,"comment_status":"closed","ping_status":"closed","template":"","meta":[],"product_cat":[28],"product_tag":[48,247],"yoast_head":"<!-- This site is optimized with the Yoast SEO plugin v20.8 - https:\/\/yoast.com\/wordpress\/plugins\/seo\/ -->\n<title>Rebel - K8 radiatori<\/title>\n<meta name=\"description\" content=\"Vetro. E\u2019 l\u2019effetto marmo il protagonista della versione Rebel. La sottile lastra di Laminam ricca di trame e contrasti cromatici soddisfano esigenze stilistiche trasversali. La superficie sorprende per la sensazione morbida al tatto o per il grande potenziale creativo che esalta l\u2019aspetto emozionale dell\u2019effetto marmo.Glass. The marble effect is the protagonist of the Rebel version. The thin Laminam slab rich in textures and chromatic contrasts satisfy transversal stylistic needs. The surface surprises with its soft feel or the great creative potential that enhances the emotional aspect of the marble effect.Glas. Der Marmoreffekt ist der Protagonist der Rebel Version. Die d\u00fcnne Laminam Platte ist reich an Texturen und Farbkontrasten und befriedigt die transversalen stilistischen bed\u00fcrfnisse. Die Oberfl\u00e4che \u00fcberrascht mit ihrer weichen Haptik und dem gro\u00dfen kreativen Potenzial, das den emotionalen Aspekt des Marmoreffekts hervorhebt.Verre. L\u2019effet marbre est le protagoniste de la version Rebel. La fine plaque de Laminam, riche de trames et de contrastes de couleurs, r\u00e9pond aux exigences de style transversales. La surface surprend par sa sensation douce au toucher ou par son grand potentiel cr\u00e9atif qui exalte l\u2019aspect \u00e9motionnel de l\u2019effet marbre.Vaso. El efecto m\u00e1rmol es el protagonista de la versi\u00f3n Rebel. La fina placa de Laminam, rica en texturas y contrastes de color, responde a las exigencias estil\u00edsticas transversales. La superficie sorprende por la sensaci\u00f3n suave al tacto o por el gran potencial creativo, que realza el aspecto emocional del efecto del m\u00e1rmol.\" \/>\n<meta name=\"robots\" content=\"index, follow, max-snippet:-1, max-image-preview:large, max-video-preview:-1\" \/>\n<link rel=\"canonical\" href=\"https:\/\/www.k8radiatori.it\/fr\/radiatori\/rebel\/\" \/>\n<meta name=\"twitter:label1\" content=\"Est. reading time\" \/>\n\t<meta name=\"twitter:data1\" content=\"1 minute\" \/>\n<script type=\"application\/ld+json\" class=\"yoast-schema-graph\">{\"@context\":\"https:\/\/schema.org\",\"@graph\":[{\"@type\":\"WebPage\",\"@id\":\"https:\/\/www.k8radiatori.it\/fr\/radiatori\/rebel\/\",\"url\":\"https:\/\/www.k8radiatori.it\/fr\/radiatori\/rebel\/\",\"name\":\"Rebel - K8 radiatori\",\"isPartOf\":{\"@id\":\"https:\/\/www.k8radiatori.it\/de\/#website\"},\"datePublished\":\"2023-03-29T09:23:45+00:00\",\"dateModified\":\"2023-06-28T17:46:35+00:00\",\"description\":\"Vetro. E\u2019 l\u2019effetto marmo il protagonista della versione Rebel. La sottile lastra di Laminam ricca di trame e contrasti cromatici soddisfano esigenze stilistiche trasversali. La superficie sorprende per la sensazione morbida al tatto o per il grande potenziale creativo che esalta l\u2019aspetto emozionale dell\u2019effetto marmo.Glass. The marble effect is the protagonist of the Rebel version. The thin Laminam slab rich in textures and chromatic contrasts satisfy transversal stylistic needs. The surface surprises with its soft feel or the great creative potential that enhances the emotional aspect of the marble effect.Glas. Der Marmoreffekt ist der Protagonist der Rebel Version. Die d\u00fcnne Laminam Platte ist reich an Texturen und Farbkontrasten und befriedigt die transversalen stilistischen bed\u00fcrfnisse. Die Oberfl\u00e4che \u00fcberrascht mit ihrer weichen Haptik und dem gro\u00dfen kreativen Potenzial, das den emotionalen Aspekt des Marmoreffekts hervorhebt.Verre. L\u2019effet marbre est le protagoniste de la version Rebel. La fine plaque de Laminam, riche de trames et de contrastes de couleurs, r\u00e9pond aux exigences de style transversales. La surface surprend par sa sensation douce au toucher ou par son grand potentiel cr\u00e9atif qui exalte l\u2019aspect \u00e9motionnel de l\u2019effet marbre.Vaso. El efecto m\u00e1rmol es el protagonista de la versi\u00f3n Rebel. La fina placa de Laminam, rica en texturas y contrastes de color, responde a las exigencias estil\u00edsticas transversales. La superficie sorprende por la sensaci\u00f3n suave al tacto o por el gran potencial creativo, que realza el aspecto emocional del efecto del m\u00e1rmol.\",\"breadcrumb\":{\"@id\":\"https:\/\/www.k8radiatori.it\/fr\/radiatori\/rebel\/#breadcrumb\"},\"inLanguage\":\"en-US\",\"potentialAction\":[{\"@type\":\"ReadAction\",\"target\":[\"https:\/\/www.k8radiatori.it\/fr\/radiatori\/rebel\/\"]}]},{\"@type\":\"BreadcrumbList\",\"@id\":\"https:\/\/www.k8radiatori.it\/fr\/radiatori\/rebel\/#breadcrumb\",\"itemListElement\":[{\"@type\":\"ListItem\",\"position\":1,\"name\":\"Home\",\"item\":\"https:\/\/www.k8radiatori.it\/\"},{\"@type\":\"ListItem\",\"position\":2,\"name\":\"Shop\",\"item\":\"https:\/\/www.k8radiatori.it\/de\/negozio\/\"},{\"@type\":\"ListItem\",\"position\":3,\"name\":\"Rebel\"}]},{\"@type\":\"WebSite\",\"@id\":\"https:\/\/www.k8radiatori.it\/de\/#website\",\"url\":\"https:\/\/www.k8radiatori.it\/de\/\",\"name\":\"K8 radiatori\",\"description\":\"K8 radiatori\",\"publisher\":{\"@id\":\"https:\/\/www.k8radiatori.it\/de\/#organization\"},\"potentialAction\":[{\"@type\":\"SearchAction\",\"target\":{\"@type\":\"EntryPoint\",\"urlTemplate\":\"https:\/\/www.k8radiatori.it\/de\/?s={search_term_string}\"},\"query-input\":\"required name=search_term_string\"}],\"inLanguage\":\"en-US\"},{\"@type\":\"Organization\",\"@id\":\"https:\/\/www.k8radiatori.it\/de\/#organization\",\"name\":\"K8 radiatori\",\"url\":\"https:\/\/www.k8radiatori.it\/de\/\",\"logo\":{\"@type\":\"ImageObject\",\"inLanguage\":\"en-US\",\"@id\":\"https:\/\/www.k8radiatori.it\/de\/#\/schema\/logo\/image\/\",\"url\":\"https:\/\/www.k8radiatori.it\/wp-content\/uploads\/2016\/03\/logo.png\",\"contentUrl\":\"https:\/\/www.k8radiatori.it\/wp-content\/uploads\/2016\/03\/logo.png\",\"width\":253,\"height\":283,\"caption\":\"K8 radiatori\"},\"image\":{\"@id\":\"https:\/\/www.k8radiatori.it\/de\/#\/schema\/logo\/image\/\"}}]}<\/script>\n<!-- \/ Yoast SEO plugin. -->","yoast_head_json":{"title":"Rebel - K8 radiatori","description":"Vetro. E\u2019 l\u2019effetto marmo il protagonista della versione Rebel. La sottile lastra di Laminam ricca di trame e contrasti cromatici soddisfano esigenze stilistiche trasversali. La superficie sorprende per la sensazione morbida al tatto o per il grande potenziale creativo che esalta l\u2019aspetto emozionale dell\u2019effetto marmo.Glass. The marble effect is the protagonist of the Rebel version. The thin Laminam slab rich in textures and chromatic contrasts satisfy transversal stylistic needs. The surface surprises with its soft feel or the great creative potential that enhances the emotional aspect of the marble effect.Glas. Der Marmoreffekt ist der Protagonist der Rebel Version. Die d\u00fcnne Laminam Platte ist reich an Texturen und Farbkontrasten und befriedigt die transversalen stilistischen bed\u00fcrfnisse. Die Oberfl\u00e4che \u00fcberrascht mit ihrer weichen Haptik und dem gro\u00dfen kreativen Potenzial, das den emotionalen Aspekt des Marmoreffekts hervorhebt.Verre. L\u2019effet marbre est le protagoniste de la version Rebel. La fine plaque de Laminam, riche de trames et de contrastes de couleurs, r\u00e9pond aux exigences de style transversales. La surface surprend par sa sensation douce au toucher ou par son grand potentiel cr\u00e9atif qui exalte l\u2019aspect \u00e9motionnel de l\u2019effet marbre.Vaso. El efecto m\u00e1rmol es el protagonista de la versi\u00f3n Rebel. La fina placa de Laminam, rica en texturas y contrastes de color, responde a las exigencias estil\u00edsticas transversales. La superficie sorprende por la sensaci\u00f3n suave al tacto o por el gran potencial creativo, que realza el aspecto emocional del efecto del m\u00e1rmol.","robots":{"index":"index","follow":"follow","max-snippet":"max-snippet:-1","max-image-preview":"max-image-preview:large","max-video-preview":"max-video-preview:-1"},"canonical":"https:\/\/www.k8radiatori.it\/fr\/radiatori\/rebel\/","twitter_misc":{"Est. reading time":"1 minute"},"schema":{"@context":"https:\/\/schema.org","@graph":[{"@type":"WebPage","@id":"https:\/\/www.k8radiatori.it\/fr\/radiatori\/rebel\/","url":"https:\/\/www.k8radiatori.it\/fr\/radiatori\/rebel\/","name":"Rebel - K8 radiatori","isPartOf":{"@id":"https:\/\/www.k8radiatori.it\/de\/#website"},"datePublished":"2023-03-29T09:23:45+00:00","dateModified":"2023-06-28T17:46:35+00:00","description":"Vetro. E\u2019 l\u2019effetto marmo il protagonista della versione Rebel. La sottile lastra di Laminam ricca di trame e contrasti cromatici soddisfano esigenze stilistiche trasversali. La superficie sorprende per la sensazione morbida al tatto o per il grande potenziale creativo che esalta l\u2019aspetto emozionale dell\u2019effetto marmo.Glass. The marble effect is the protagonist of the Rebel version. The thin Laminam slab rich in textures and chromatic contrasts satisfy transversal stylistic needs. The surface surprises with its soft feel or the great creative potential that enhances the emotional aspect of the marble effect.Glas. Der Marmoreffekt ist der Protagonist der Rebel Version. Die d\u00fcnne Laminam Platte ist reich an Texturen und Farbkontrasten und befriedigt die transversalen stilistischen bed\u00fcrfnisse. Die Oberfl\u00e4che \u00fcberrascht mit ihrer weichen Haptik und dem gro\u00dfen kreativen Potenzial, das den emotionalen Aspekt des Marmoreffekts hervorhebt.Verre. L\u2019effet marbre est le protagoniste de la version Rebel. La fine plaque de Laminam, riche de trames et de contrastes de couleurs, r\u00e9pond aux exigences de style transversales. La surface surprend par sa sensation douce au toucher ou par son grand potentiel cr\u00e9atif qui exalte l\u2019aspect \u00e9motionnel de l\u2019effet marbre.Vaso. El efecto m\u00e1rmol es el protagonista de la versi\u00f3n Rebel. La fina placa de Laminam, rica en texturas y contrastes de color, responde a las exigencias estil\u00edsticas transversales. La superficie sorprende por la sensaci\u00f3n suave al tacto o por el gran potencial creativo, que realza el aspecto emocional del efecto del m\u00e1rmol.","breadcrumb":{"@id":"https:\/\/www.k8radiatori.it\/fr\/radiatori\/rebel\/#breadcrumb"},"inLanguage":"en-US","potentialAction":[{"@type":"ReadAction","target":["https:\/\/www.k8radiatori.it\/fr\/radiatori\/rebel\/"]}]},{"@type":"BreadcrumbList","@id":"https:\/\/www.k8radiatori.it\/fr\/radiatori\/rebel\/#breadcrumb","itemListElement":[{"@type":"ListItem","position":1,"name":"Home","item":"https:\/\/www.k8radiatori.it\/"},{"@type":"ListItem","position":2,"name":"Shop","item":"https:\/\/www.k8radiatori.it\/de\/negozio\/"},{"@type":"ListItem","position":3,"name":"Rebel"}]},{"@type":"WebSite","@id":"https:\/\/www.k8radiatori.it\/de\/#website","url":"https:\/\/www.k8radiatori.it\/de\/","name":"K8 radiatori","description":"K8 radiatori","publisher":{"@id":"https:\/\/www.k8radiatori.it\/de\/#organization"},"potentialAction":[{"@type":"SearchAction","target":{"@type":"EntryPoint","urlTemplate":"https:\/\/www.k8radiatori.it\/de\/?s={search_term_string}"},"query-input":"required name=search_term_string"}],"inLanguage":"en-US"},{"@type":"Organization","@id":"https:\/\/www.k8radiatori.it\/de\/#organization","name":"K8 radiatori","url":"https:\/\/www.k8radiatori.it\/de\/","logo":{"@type":"ImageObject","inLanguage":"en-US","@id":"https:\/\/www.k8radiatori.it\/de\/#\/schema\/logo\/image\/","url":"https:\/\/www.k8radiatori.it\/wp-content\/uploads\/2016\/03\/logo.png","contentUrl":"https:\/\/www.k8radiatori.it\/wp-content\/uploads\/2016\/03\/logo.png","width":253,"height":283,"caption":"K8 radiatori"},"image":{"@id":"https:\/\/www.k8radiatori.it\/de\/#\/schema\/logo\/image\/"}}]}},"_links":{"self":[{"href":"https:\/\/www.k8radiatori.it\/en\/wp-json\/wp\/v3\/product\/2402"}],"collection":[{"href":"https:\/\/www.k8radiatori.it\/en\/wp-json\/wp\/v3\/product"}],"about":[{"href":"https:\/\/www.k8radiatori.it\/en\/wp-json\/wp\/v2\/types\/product"}],"replies":[{"embeddable":true,"href":"https:\/\/www.k8radiatori.it\/en\/wp-json\/wp\/v2\/comments?post=2402"}],"wp:featuredmedia":[{"embeddable":true,"href":"https:\/\/www.k8radiatori.it\/en\/wp-json\/wp\/v2\/media\/2403"}],"wp:attachment":[{"href":"https:\/\/www.k8radiatori.it\/en\/wp-json\/wp\/v2\/media?parent=2402"}],"wp:term":[{"taxonomy":"product_cat","embeddable":true,"href":"https:\/\/www.k8radiatori.it\/en\/wp-json\/wp\/v2\/product_cat?post=2402"},{"taxonomy":"product_tag","embeddable":true,"href":"https:\/\/www.k8radiatori.it\/en\/wp-json\/wp\/v2\/product_tag?post=2402"}],"curies":[{"name":"wp","href":"https:\/\/api.w.org\/{rel}","templated":true}]}}