{"id":1736,"date":"2018-07-11T11:14:45","date_gmt":"2018-07-11T09:14:45","guid":{"rendered":"http:\/\/www.k8radiatori.it\/?post_type=product&#038;p=1736"},"modified":"2023-07-01T15:14:39","modified_gmt":"2023-07-01T13:14:39","slug":"reflex","status":"publish","type":"product","link":"https:\/\/www.k8radiatori.it\/en\/radiatori\/reflex\/","title":{"rendered":"Reflex"},"content":{"rendered":"<p><strong><a href=\"http:\/\/www.k8radiatori.it\/wp-content\/uploads\/2023\/03\/Reflex-tecnica.pdf\" target=\"_blank\" rel=\"noopener noreferrer\">Download here the specific data<\/a><\/strong><\/p>\n<p><a href=\"\/en\/contatti\/\">For more information contact us<\/a><\/p>\n<p>&nbsp;<\/p>\n<p><img decoding=\"async\" loading=\"lazy\" class=\"alignnone size-medium wp-image-2395\" src=\"http:\/\/www.k8radiatori.it\/wp-content\/uploads\/2023\/03\/Reflex-316x400.jpg\" alt=\"\" width=\"316\" height=\"400\" srcset=\"https:\/\/www.k8radiatori.it\/wp-content\/uploads\/2023\/03\/Reflex-316x400.jpg 316w, https:\/\/www.k8radiatori.it\/wp-content\/uploads\/2023\/03\/Reflex-510x646.jpg 510w, https:\/\/www.k8radiatori.it\/wp-content\/uploads\/2023\/03\/Reflex.jpg 1000w\" sizes=\"(max-width: 316px) 100vw, 316px\" \/><\/p>\n<p>&nbsp;<\/p>\n<p>&nbsp;<\/p>","protected":false},"excerpt":{"rendered":"<p>It looks like a mirror or a furnishing accessory, but at a touch it becomes an infrared radiating panel that can provide that little extra bit of heat required at some moments during the day, or be used as a supplement to your traditional heating system.<br \/>\nReflex is easily installed on the wall, requiring only a small electrical connection and no masonry work in mounting. Made in tempered glass, it comes in 3 sizes, is equipped with a touch-panel and supplied with a remote control as standard that can be used to switch the radiator on and off.<br \/>\nChoice of three levels of heating power, and button for automatic switch-off after 2 hours of continuous operation.<br \/>\nReflex is also available in the Reflex 40 version with only a width of 40 cm and 3 heights.<\/p>\n","protected":false},"featured_media":1773,"comment_status":"closed","ping_status":"closed","template":"","meta":[],"product_cat":[28],"product_tag":[48,245],"yoast_head":"<!-- This site is optimized with the Yoast SEO plugin v20.8 - https:\/\/yoast.com\/wordpress\/plugins\/seo\/ -->\n<title>Reflex - K8 radiatori<\/title>\n<meta name=\"description\" content=\"Uno specchio o un oggetto d\u2019arredamento all&#039;apparenza ma che nella utilit\u00e0 quotidiana diventa un pannello radiante a raggi infrarossi con la funzione di dare all&#039;ambiente quel plus di calore necessario in alcuni momenti della giornata o come integrazione al tradizionale sistema di riscaldamento. Reflex \u00e8 semplice nella sua installazione a parete, necessita per il funzionamento solo di una presa elettrica schuko e non servono lavori di muratura per eseguirne il montaggio. In cristallo temperato, in 3 dimensioni, dotato di pannello touchpanel e con telecomando fornito di serie, attraverso i quali \u00e8 possibile controllare le funzioni di accensione e spegnimento. Scelta tra tre livelli disponibili di potenza riscaldante, tasto per lo spegnimento automatico dopo 2 ore di funzionamento continuo. Reflex \u00e8 disponibile anche nella versione Reflex 40 con la sola larghezza di 40 cm e 3 altezze.It looks like a mirror or a furnishing accessory, but at a touch it becomes an infrared radiating panel that can provide that little extra bit of heat required at some moments during the day, or be used as a supplement to your traditional heating system. Reflex is easily installed on the wall, requiring only a small electrical connection and no masonry work in mounting. Made in tempered glass, it comes in 3 sizes, is equipped with a touch-panel and supplied with a remote control as standard that can be used to switch the radiator on and off. Choice of three levels of heating power, and button for automatic switch-off after 2 hours of continuous operation. Reflex is also available in the Reflex 40 version with only a width of 40 cm and 3 heights.Es sieht aus wie ein Spiegel oder ein Einrichtungsgegenstand, doch dann verwandelt es sich in ein Infrarot-Heizpaneel, das einem Ambiente die W\u00e4rme verleiht, die in einigen Augenblicken des Tages erforderlich ist, oder ein traditionelles Heizsystem erg\u00e4nzt. Reflex wird ganz einfach an der Wand installiert. F\u00fcr seinen Betrieb braucht es nur eine Schuko-Steckdose, aufw\u00e4ndige Maurerarbeiten bei der Montage entfallen. Das Paneel ist aus getempertem Glas und in drei Gr\u00f6\u00dfen erh\u00e4ltlich. \u00dcber die Touch-Bedientafel und die serienm\u00e4\u00dfig gelieferte Fernsteuerung kann das Ein- und Ausschalten gesteuert werden. Dabei kann unter drei verschiedenen Heizleistungen gew\u00e4hlt werden, das automatische Ausschalten erfolgt nach 2 Stunden ununterbrochenen Betriebs.Das Paneel ist aus getempertem Glas und in drei Gr\u00f6\u00dfen erh\u00e4ltlich. \u00dcber die Touch-Bedientafel und die serienm\u00e4\u00dfig gelieferte Fernsteuerung kann das Ein- und Ausschalten gesteuert werden. Dabei kann unter drei verschiedenen Heizleistungen gew\u00e4hlt werden, das automatische Ausschalten erfolgt nach 2 Stunden ununterbrochenen Betriebs. Reflex ist auch in der Version Reflex 40 mit einer breite von nur 40 cm und 3 H\u00f6hen erh\u00e4ltlich.Il a l\u2019apparence d\u2019un miroir ou d\u2019un objet de d\u00e9coration, mais dans l\u2019utilit\u00e9 quotidienne c\u2019est un panneau rayonnant infrarouge capable d\u2019apporter un compl\u00e9ment de chaleur dans certains moments de la journ\u00e9e ou de servir d\u2019appoint au chauffage traditionnel. D\u2019installation murale simple, pour effectuer son montage Reflex ne n\u00e9cessite que d\u2019une prise schuko, sans aucun besoin de travaux de ma\u00e7onnerie. R\u00e9alis\u00e9 en verre tremp\u00e9 et en 3 dimensions, il est \u00e9quip\u00e9 d\u2019un \u00e9cran tactile et d\u2019une t\u00e9l\u00e9commande fournie de s\u00e9rie, tous deux permettant de contr\u00f4ler les fonctions de branchement et de d\u00e9branchement. Il dispose de trois niveaux de puissance de chauffe et d\u2019une touche pour le d\u00e9branchement automatique apr\u00e8s 2 heures de fonctionnement continu. Reflex est \u00e9galement disponible en version Reflex 40 de seulement 40 cm de largeur et en 3 hauteurs.Un espejo o un objeto de decoraci\u00f3n a la apariencia que en la vida cotidiana deviene un panel radiante de rayos infrarrojos, con la funci\u00f3n de transmitir en el espacio el calor extra necesario en algunos momentos del d\u00eda o integrar el sistema de calefacci\u00f3n tradicional. La instalaci\u00f3n mural de Reflex es muy sencilla, para funcionar necesita \u00fanicamente un enchufe tipo schuko y el montaje no requiere obras de mamposter\u00eda. Se propone en cristal templado de tres tama\u00f1os, dispone de un panel t\u00e1ctil y control remoto de serie con los cuales se controlan las funciones de encendido y apagado. Se pueden seleccionar tres niveles de potencia calefactora y dispone de bot\u00f3n de apagado autom\u00e1tico despu\u00e9s de 2 horas de funcionamiento continuado. Reflex tambi\u00e9n est\u00e1 disponible en la versi\u00f3n Reflex 40 s\u00f3lo con una anchura de 40 cm y 3 alturas.\" \/>\n<meta name=\"robots\" content=\"index, follow, max-snippet:-1, max-image-preview:large, max-video-preview:-1\" \/>\n<link rel=\"canonical\" href=\"https:\/\/www.k8radiatori.it\/radiatori\/reflex\/\" \/>\n<meta name=\"twitter:label1\" content=\"Est. reading time\" \/>\n\t<meta name=\"twitter:data1\" content=\"1 minute\" \/>\n<script type=\"application\/ld+json\" class=\"yoast-schema-graph\">{\"@context\":\"https:\/\/schema.org\",\"@graph\":[{\"@type\":\"WebPage\",\"@id\":\"https:\/\/www.k8radiatori.it\/radiatori\/reflex\/\",\"url\":\"https:\/\/www.k8radiatori.it\/radiatori\/reflex\/\",\"name\":\"Reflex - K8 radiatori\",\"isPartOf\":{\"@id\":\"https:\/\/www.k8radiatori.it\/de\/#website\"},\"datePublished\":\"2018-07-11T09:14:45+00:00\",\"dateModified\":\"2023-07-01T13:14:39+00:00\",\"description\":\"Uno specchio o un oggetto d\u2019arredamento all'apparenza ma che nella utilit\u00e0 quotidiana diventa un pannello radiante a raggi infrarossi con la funzione di dare all'ambiente quel plus di calore necessario in alcuni momenti della giornata o come integrazione al tradizionale sistema di riscaldamento. Reflex \u00e8 semplice nella sua installazione a parete, necessita per il funzionamento solo di una presa elettrica schuko e non servono lavori di muratura per eseguirne il montaggio. In cristallo temperato, in 3 dimensioni, dotato di pannello touchpanel e con telecomando fornito di serie, attraverso i quali \u00e8 possibile controllare le funzioni di accensione e spegnimento. Scelta tra tre livelli disponibili di potenza riscaldante, tasto per lo spegnimento automatico dopo 2 ore di funzionamento continuo. Reflex \u00e8 disponibile anche nella versione Reflex 40 con la sola larghezza di 40 cm e 3 altezze.It looks like a mirror or a furnishing accessory, but at a touch it becomes an infrared radiating panel that can provide that little extra bit of heat required at some moments during the day, or be used as a supplement to your traditional heating system. Reflex is easily installed on the wall, requiring only a small electrical connection and no masonry work in mounting. Made in tempered glass, it comes in 3 sizes, is equipped with a touch-panel and supplied with a remote control as standard that can be used to switch the radiator on and off. Choice of three levels of heating power, and button for automatic switch-off after 2 hours of continuous operation. Reflex is also available in the Reflex 40 version with only a width of 40 cm and 3 heights.Es sieht aus wie ein Spiegel oder ein Einrichtungsgegenstand, doch dann verwandelt es sich in ein Infrarot-Heizpaneel, das einem Ambiente die W\u00e4rme verleiht, die in einigen Augenblicken des Tages erforderlich ist, oder ein traditionelles Heizsystem erg\u00e4nzt. Reflex wird ganz einfach an der Wand installiert. F\u00fcr seinen Betrieb braucht es nur eine Schuko-Steckdose, aufw\u00e4ndige Maurerarbeiten bei der Montage entfallen. Das Paneel ist aus getempertem Glas und in drei Gr\u00f6\u00dfen erh\u00e4ltlich. \u00dcber die Touch-Bedientafel und die serienm\u00e4\u00dfig gelieferte Fernsteuerung kann das Ein- und Ausschalten gesteuert werden. Dabei kann unter drei verschiedenen Heizleistungen gew\u00e4hlt werden, das automatische Ausschalten erfolgt nach 2 Stunden ununterbrochenen Betriebs.Das Paneel ist aus getempertem Glas und in drei Gr\u00f6\u00dfen erh\u00e4ltlich. \u00dcber die Touch-Bedientafel und die serienm\u00e4\u00dfig gelieferte Fernsteuerung kann das Ein- und Ausschalten gesteuert werden. Dabei kann unter drei verschiedenen Heizleistungen gew\u00e4hlt werden, das automatische Ausschalten erfolgt nach 2 Stunden ununterbrochenen Betriebs. Reflex ist auch in der Version Reflex 40 mit einer breite von nur 40 cm und 3 H\u00f6hen erh\u00e4ltlich.Il a l\u2019apparence d\u2019un miroir ou d\u2019un objet de d\u00e9coration, mais dans l\u2019utilit\u00e9 quotidienne c\u2019est un panneau rayonnant infrarouge capable d\u2019apporter un compl\u00e9ment de chaleur dans certains moments de la journ\u00e9e ou de servir d\u2019appoint au chauffage traditionnel. D\u2019installation murale simple, pour effectuer son montage Reflex ne n\u00e9cessite que d\u2019une prise schuko, sans aucun besoin de travaux de ma\u00e7onnerie. R\u00e9alis\u00e9 en verre tremp\u00e9 et en 3 dimensions, il est \u00e9quip\u00e9 d\u2019un \u00e9cran tactile et d\u2019une t\u00e9l\u00e9commande fournie de s\u00e9rie, tous deux permettant de contr\u00f4ler les fonctions de branchement et de d\u00e9branchement. Il dispose de trois niveaux de puissance de chauffe et d\u2019une touche pour le d\u00e9branchement automatique apr\u00e8s 2 heures de fonctionnement continu. Reflex est \u00e9galement disponible en version Reflex 40 de seulement 40 cm de largeur et en 3 hauteurs.Un espejo o un objeto de decoraci\u00f3n a la apariencia que en la vida cotidiana deviene un panel radiante de rayos infrarrojos, con la funci\u00f3n de transmitir en el espacio el calor extra necesario en algunos momentos del d\u00eda o integrar el sistema de calefacci\u00f3n tradicional. La instalaci\u00f3n mural de Reflex es muy sencilla, para funcionar necesita \u00fanicamente un enchufe tipo schuko y el montaje no requiere obras de mamposter\u00eda. Se propone en cristal templado de tres tama\u00f1os, dispone de un panel t\u00e1ctil y control remoto de serie con los cuales se controlan las funciones de encendido y apagado. Se pueden seleccionar tres niveles de potencia calefactora y dispone de bot\u00f3n de apagado autom\u00e1tico despu\u00e9s de 2 horas de funcionamiento continuado. Reflex tambi\u00e9n est\u00e1 disponible en la versi\u00f3n Reflex 40 s\u00f3lo con una anchura de 40 cm y 3 alturas.\",\"breadcrumb\":{\"@id\":\"https:\/\/www.k8radiatori.it\/radiatori\/reflex\/#breadcrumb\"},\"inLanguage\":\"en-US\",\"potentialAction\":[{\"@type\":\"ReadAction\",\"target\":[\"https:\/\/www.k8radiatori.it\/radiatori\/reflex\/\"]}]},{\"@type\":\"BreadcrumbList\",\"@id\":\"https:\/\/www.k8radiatori.it\/radiatori\/reflex\/#breadcrumb\",\"itemListElement\":[{\"@type\":\"ListItem\",\"position\":1,\"name\":\"Home\",\"item\":\"https:\/\/www.k8radiatori.it\/\"},{\"@type\":\"ListItem\",\"position\":2,\"name\":\"Shop\",\"item\":\"https:\/\/www.k8radiatori.it\/de\/negozio\/\"},{\"@type\":\"ListItem\",\"position\":3,\"name\":\"Reflex\"}]},{\"@type\":\"WebSite\",\"@id\":\"https:\/\/www.k8radiatori.it\/de\/#website\",\"url\":\"https:\/\/www.k8radiatori.it\/de\/\",\"name\":\"K8 radiatori\",\"description\":\"K8 radiatori\",\"publisher\":{\"@id\":\"https:\/\/www.k8radiatori.it\/de\/#organization\"},\"potentialAction\":[{\"@type\":\"SearchAction\",\"target\":{\"@type\":\"EntryPoint\",\"urlTemplate\":\"https:\/\/www.k8radiatori.it\/de\/?s={search_term_string}\"},\"query-input\":\"required name=search_term_string\"}],\"inLanguage\":\"en-US\"},{\"@type\":\"Organization\",\"@id\":\"https:\/\/www.k8radiatori.it\/de\/#organization\",\"name\":\"K8 radiatori\",\"url\":\"https:\/\/www.k8radiatori.it\/de\/\",\"logo\":{\"@type\":\"ImageObject\",\"inLanguage\":\"en-US\",\"@id\":\"https:\/\/www.k8radiatori.it\/de\/#\/schema\/logo\/image\/\",\"url\":\"https:\/\/www.k8radiatori.it\/wp-content\/uploads\/2016\/03\/logo.png\",\"contentUrl\":\"https:\/\/www.k8radiatori.it\/wp-content\/uploads\/2016\/03\/logo.png\",\"width\":253,\"height\":283,\"caption\":\"K8 radiatori\"},\"image\":{\"@id\":\"https:\/\/www.k8radiatori.it\/de\/#\/schema\/logo\/image\/\"}}]}<\/script>\n<!-- \/ Yoast SEO plugin. -->","yoast_head_json":{"title":"Reflex - K8 radiatori","description":"Uno specchio o un oggetto d\u2019arredamento all'apparenza ma che nella utilit\u00e0 quotidiana diventa un pannello radiante a raggi infrarossi con la funzione di dare all'ambiente quel plus di calore necessario in alcuni momenti della giornata o come integrazione al tradizionale sistema di riscaldamento. Reflex \u00e8 semplice nella sua installazione a parete, necessita per il funzionamento solo di una presa elettrica schuko e non servono lavori di muratura per eseguirne il montaggio. In cristallo temperato, in 3 dimensioni, dotato di pannello touchpanel e con telecomando fornito di serie, attraverso i quali \u00e8 possibile controllare le funzioni di accensione e spegnimento. Scelta tra tre livelli disponibili di potenza riscaldante, tasto per lo spegnimento automatico dopo 2 ore di funzionamento continuo. Reflex \u00e8 disponibile anche nella versione Reflex 40 con la sola larghezza di 40 cm e 3 altezze.It looks like a mirror or a furnishing accessory, but at a touch it becomes an infrared radiating panel that can provide that little extra bit of heat required at some moments during the day, or be used as a supplement to your traditional heating system. Reflex is easily installed on the wall, requiring only a small electrical connection and no masonry work in mounting. Made in tempered glass, it comes in 3 sizes, is equipped with a touch-panel and supplied with a remote control as standard that can be used to switch the radiator on and off. Choice of three levels of heating power, and button for automatic switch-off after 2 hours of continuous operation. Reflex is also available in the Reflex 40 version with only a width of 40 cm and 3 heights.Es sieht aus wie ein Spiegel oder ein Einrichtungsgegenstand, doch dann verwandelt es sich in ein Infrarot-Heizpaneel, das einem Ambiente die W\u00e4rme verleiht, die in einigen Augenblicken des Tages erforderlich ist, oder ein traditionelles Heizsystem erg\u00e4nzt. Reflex wird ganz einfach an der Wand installiert. F\u00fcr seinen Betrieb braucht es nur eine Schuko-Steckdose, aufw\u00e4ndige Maurerarbeiten bei der Montage entfallen. Das Paneel ist aus getempertem Glas und in drei Gr\u00f6\u00dfen erh\u00e4ltlich. \u00dcber die Touch-Bedientafel und die serienm\u00e4\u00dfig gelieferte Fernsteuerung kann das Ein- und Ausschalten gesteuert werden. Dabei kann unter drei verschiedenen Heizleistungen gew\u00e4hlt werden, das automatische Ausschalten erfolgt nach 2 Stunden ununterbrochenen Betriebs.Das Paneel ist aus getempertem Glas und in drei Gr\u00f6\u00dfen erh\u00e4ltlich. \u00dcber die Touch-Bedientafel und die serienm\u00e4\u00dfig gelieferte Fernsteuerung kann das Ein- und Ausschalten gesteuert werden. Dabei kann unter drei verschiedenen Heizleistungen gew\u00e4hlt werden, das automatische Ausschalten erfolgt nach 2 Stunden ununterbrochenen Betriebs. Reflex ist auch in der Version Reflex 40 mit einer breite von nur 40 cm und 3 H\u00f6hen erh\u00e4ltlich.Il a l\u2019apparence d\u2019un miroir ou d\u2019un objet de d\u00e9coration, mais dans l\u2019utilit\u00e9 quotidienne c\u2019est un panneau rayonnant infrarouge capable d\u2019apporter un compl\u00e9ment de chaleur dans certains moments de la journ\u00e9e ou de servir d\u2019appoint au chauffage traditionnel. D\u2019installation murale simple, pour effectuer son montage Reflex ne n\u00e9cessite que d\u2019une prise schuko, sans aucun besoin de travaux de ma\u00e7onnerie. R\u00e9alis\u00e9 en verre tremp\u00e9 et en 3 dimensions, il est \u00e9quip\u00e9 d\u2019un \u00e9cran tactile et d\u2019une t\u00e9l\u00e9commande fournie de s\u00e9rie, tous deux permettant de contr\u00f4ler les fonctions de branchement et de d\u00e9branchement. Il dispose de trois niveaux de puissance de chauffe et d\u2019une touche pour le d\u00e9branchement automatique apr\u00e8s 2 heures de fonctionnement continu. Reflex est \u00e9galement disponible en version Reflex 40 de seulement 40 cm de largeur et en 3 hauteurs.Un espejo o un objeto de decoraci\u00f3n a la apariencia que en la vida cotidiana deviene un panel radiante de rayos infrarrojos, con la funci\u00f3n de transmitir en el espacio el calor extra necesario en algunos momentos del d\u00eda o integrar el sistema de calefacci\u00f3n tradicional. La instalaci\u00f3n mural de Reflex es muy sencilla, para funcionar necesita \u00fanicamente un enchufe tipo schuko y el montaje no requiere obras de mamposter\u00eda. Se propone en cristal templado de tres tama\u00f1os, dispone de un panel t\u00e1ctil y control remoto de serie con los cuales se controlan las funciones de encendido y apagado. Se pueden seleccionar tres niveles de potencia calefactora y dispone de bot\u00f3n de apagado autom\u00e1tico despu\u00e9s de 2 horas de funcionamiento continuado. Reflex tambi\u00e9n est\u00e1 disponible en la versi\u00f3n Reflex 40 s\u00f3lo con una anchura de 40 cm y 3 alturas.","robots":{"index":"index","follow":"follow","max-snippet":"max-snippet:-1","max-image-preview":"max-image-preview:large","max-video-preview":"max-video-preview:-1"},"canonical":"https:\/\/www.k8radiatori.it\/radiatori\/reflex\/","twitter_misc":{"Est. reading time":"1 minute"},"schema":{"@context":"https:\/\/schema.org","@graph":[{"@type":"WebPage","@id":"https:\/\/www.k8radiatori.it\/radiatori\/reflex\/","url":"https:\/\/www.k8radiatori.it\/radiatori\/reflex\/","name":"Reflex - K8 radiatori","isPartOf":{"@id":"https:\/\/www.k8radiatori.it\/de\/#website"},"datePublished":"2018-07-11T09:14:45+00:00","dateModified":"2023-07-01T13:14:39+00:00","description":"Uno specchio o un oggetto d\u2019arredamento all'apparenza ma che nella utilit\u00e0 quotidiana diventa un pannello radiante a raggi infrarossi con la funzione di dare all'ambiente quel plus di calore necessario in alcuni momenti della giornata o come integrazione al tradizionale sistema di riscaldamento. Reflex \u00e8 semplice nella sua installazione a parete, necessita per il funzionamento solo di una presa elettrica schuko e non servono lavori di muratura per eseguirne il montaggio. In cristallo temperato, in 3 dimensioni, dotato di pannello touchpanel e con telecomando fornito di serie, attraverso i quali \u00e8 possibile controllare le funzioni di accensione e spegnimento. Scelta tra tre livelli disponibili di potenza riscaldante, tasto per lo spegnimento automatico dopo 2 ore di funzionamento continuo. Reflex \u00e8 disponibile anche nella versione Reflex 40 con la sola larghezza di 40 cm e 3 altezze.It looks like a mirror or a furnishing accessory, but at a touch it becomes an infrared radiating panel that can provide that little extra bit of heat required at some moments during the day, or be used as a supplement to your traditional heating system. Reflex is easily installed on the wall, requiring only a small electrical connection and no masonry work in mounting. Made in tempered glass, it comes in 3 sizes, is equipped with a touch-panel and supplied with a remote control as standard that can be used to switch the radiator on and off. Choice of three levels of heating power, and button for automatic switch-off after 2 hours of continuous operation. Reflex is also available in the Reflex 40 version with only a width of 40 cm and 3 heights.Es sieht aus wie ein Spiegel oder ein Einrichtungsgegenstand, doch dann verwandelt es sich in ein Infrarot-Heizpaneel, das einem Ambiente die W\u00e4rme verleiht, die in einigen Augenblicken des Tages erforderlich ist, oder ein traditionelles Heizsystem erg\u00e4nzt. Reflex wird ganz einfach an der Wand installiert. F\u00fcr seinen Betrieb braucht es nur eine Schuko-Steckdose, aufw\u00e4ndige Maurerarbeiten bei der Montage entfallen. Das Paneel ist aus getempertem Glas und in drei Gr\u00f6\u00dfen erh\u00e4ltlich. \u00dcber die Touch-Bedientafel und die serienm\u00e4\u00dfig gelieferte Fernsteuerung kann das Ein- und Ausschalten gesteuert werden. Dabei kann unter drei verschiedenen Heizleistungen gew\u00e4hlt werden, das automatische Ausschalten erfolgt nach 2 Stunden ununterbrochenen Betriebs.Das Paneel ist aus getempertem Glas und in drei Gr\u00f6\u00dfen erh\u00e4ltlich. \u00dcber die Touch-Bedientafel und die serienm\u00e4\u00dfig gelieferte Fernsteuerung kann das Ein- und Ausschalten gesteuert werden. Dabei kann unter drei verschiedenen Heizleistungen gew\u00e4hlt werden, das automatische Ausschalten erfolgt nach 2 Stunden ununterbrochenen Betriebs. Reflex ist auch in der Version Reflex 40 mit einer breite von nur 40 cm und 3 H\u00f6hen erh\u00e4ltlich.Il a l\u2019apparence d\u2019un miroir ou d\u2019un objet de d\u00e9coration, mais dans l\u2019utilit\u00e9 quotidienne c\u2019est un panneau rayonnant infrarouge capable d\u2019apporter un compl\u00e9ment de chaleur dans certains moments de la journ\u00e9e ou de servir d\u2019appoint au chauffage traditionnel. D\u2019installation murale simple, pour effectuer son montage Reflex ne n\u00e9cessite que d\u2019une prise schuko, sans aucun besoin de travaux de ma\u00e7onnerie. R\u00e9alis\u00e9 en verre tremp\u00e9 et en 3 dimensions, il est \u00e9quip\u00e9 d\u2019un \u00e9cran tactile et d\u2019une t\u00e9l\u00e9commande fournie de s\u00e9rie, tous deux permettant de contr\u00f4ler les fonctions de branchement et de d\u00e9branchement. Il dispose de trois niveaux de puissance de chauffe et d\u2019une touche pour le d\u00e9branchement automatique apr\u00e8s 2 heures de fonctionnement continu. Reflex est \u00e9galement disponible en version Reflex 40 de seulement 40 cm de largeur et en 3 hauteurs.Un espejo o un objeto de decoraci\u00f3n a la apariencia que en la vida cotidiana deviene un panel radiante de rayos infrarrojos, con la funci\u00f3n de transmitir en el espacio el calor extra necesario en algunos momentos del d\u00eda o integrar el sistema de calefacci\u00f3n tradicional. La instalaci\u00f3n mural de Reflex es muy sencilla, para funcionar necesita \u00fanicamente un enchufe tipo schuko y el montaje no requiere obras de mamposter\u00eda. Se propone en cristal templado de tres tama\u00f1os, dispone de un panel t\u00e1ctil y control remoto de serie con los cuales se controlan las funciones de encendido y apagado. Se pueden seleccionar tres niveles de potencia calefactora y dispone de bot\u00f3n de apagado autom\u00e1tico despu\u00e9s de 2 horas de funcionamiento continuado. Reflex tambi\u00e9n est\u00e1 disponible en la versi\u00f3n Reflex 40 s\u00f3lo con una anchura de 40 cm y 3 alturas.","breadcrumb":{"@id":"https:\/\/www.k8radiatori.it\/radiatori\/reflex\/#breadcrumb"},"inLanguage":"en-US","potentialAction":[{"@type":"ReadAction","target":["https:\/\/www.k8radiatori.it\/radiatori\/reflex\/"]}]},{"@type":"BreadcrumbList","@id":"https:\/\/www.k8radiatori.it\/radiatori\/reflex\/#breadcrumb","itemListElement":[{"@type":"ListItem","position":1,"name":"Home","item":"https:\/\/www.k8radiatori.it\/"},{"@type":"ListItem","position":2,"name":"Shop","item":"https:\/\/www.k8radiatori.it\/de\/negozio\/"},{"@type":"ListItem","position":3,"name":"Reflex"}]},{"@type":"WebSite","@id":"https:\/\/www.k8radiatori.it\/de\/#website","url":"https:\/\/www.k8radiatori.it\/de\/","name":"K8 radiatori","description":"K8 radiatori","publisher":{"@id":"https:\/\/www.k8radiatori.it\/de\/#organization"},"potentialAction":[{"@type":"SearchAction","target":{"@type":"EntryPoint","urlTemplate":"https:\/\/www.k8radiatori.it\/de\/?s={search_term_string}"},"query-input":"required name=search_term_string"}],"inLanguage":"en-US"},{"@type":"Organization","@id":"https:\/\/www.k8radiatori.it\/de\/#organization","name":"K8 radiatori","url":"https:\/\/www.k8radiatori.it\/de\/","logo":{"@type":"ImageObject","inLanguage":"en-US","@id":"https:\/\/www.k8radiatori.it\/de\/#\/schema\/logo\/image\/","url":"https:\/\/www.k8radiatori.it\/wp-content\/uploads\/2016\/03\/logo.png","contentUrl":"https:\/\/www.k8radiatori.it\/wp-content\/uploads\/2016\/03\/logo.png","width":253,"height":283,"caption":"K8 radiatori"},"image":{"@id":"https:\/\/www.k8radiatori.it\/de\/#\/schema\/logo\/image\/"}}]}},"_links":{"self":[{"href":"https:\/\/www.k8radiatori.it\/en\/wp-json\/wp\/v3\/product\/1736"}],"collection":[{"href":"https:\/\/www.k8radiatori.it\/en\/wp-json\/wp\/v3\/product"}],"about":[{"href":"https:\/\/www.k8radiatori.it\/en\/wp-json\/wp\/v2\/types\/product"}],"replies":[{"embeddable":true,"href":"https:\/\/www.k8radiatori.it\/en\/wp-json\/wp\/v2\/comments?post=1736"}],"wp:featuredmedia":[{"embeddable":true,"href":"https:\/\/www.k8radiatori.it\/en\/wp-json\/wp\/v2\/media\/1773"}],"wp:attachment":[{"href":"https:\/\/www.k8radiatori.it\/en\/wp-json\/wp\/v2\/media?parent=1736"}],"wp:term":[{"taxonomy":"product_cat","embeddable":true,"href":"https:\/\/www.k8radiatori.it\/en\/wp-json\/wp\/v2\/product_cat?post=1736"},{"taxonomy":"product_tag","embeddable":true,"href":"https:\/\/www.k8radiatori.it\/en\/wp-json\/wp\/v2\/product_tag?post=1736"}],"curies":[{"name":"wp","href":"https:\/\/api.w.org\/{rel}","templated":true}]}}