{"id":631,"date":"2015-12-25T13:29:01","date_gmt":"2015-12-25T12:29:01","guid":{"rendered":"http:\/\/www.k8radiatori.it\/en\/?post_type=product&#038;p=631"},"modified":"2023-06-28T19:48:55","modified_gmt":"2023-06-28T17:48:55","slug":"ski","status":"publish","type":"product","link":"https:\/\/www.k8radiatori.it\/de\/radiatori\/ski\/","title":{"rendered":"Ski"},"content":{"rendered":"<p><strong><a href=\"http:\/\/www.k8radiatori.it\/wp-content\/uploads\/2016\/07\/Obliquo-Onde-Ski.pdf\" target=\"_blank\">Scarica qui le specifiche tecniche del radiatore<\/a><\/strong><\/p>\n<p><a href=\"\/contatti\/\">Su richiesta \u00e8 possibile avere schede dettagliate sul prodotto<\/a><\/p>\n<p><a href=\"http:\/\/www.k8radiatori.it\/wp-content\/uploads\/2016\/07\/Ski.jpg\"><img decoding=\"async\" loading=\"lazy\" class=\"size-full wp-image-1222 alignleft\" src=\"http:\/\/www.k8radiatori.it\/wp-content\/uploads\/2016\/07\/Ski.jpg\" alt=\"Immagine radiatore Ski\" width=\"259\" height=\"565\" srcset=\"https:\/\/www.k8radiatori.it\/wp-content\/uploads\/2016\/07\/Ski.jpg 259w, https:\/\/www.k8radiatori.it\/wp-content\/uploads\/2016\/07\/Ski-183x400.jpg 183w\" sizes=\"(max-width: 259px) 100vw, 259px\" \/><\/a><\/p>\n<p>&nbsp;<\/p>","protected":false},"excerpt":{"rendered":"<p>Eine szenische Element entwickelt, um W\u00e4nde mit einer starken Pers\u00f6nlichkeit zu schaffen.<\/p>\n<p>In\u00a0zwei H\u00f6hen, ist Ski in den Versionen 2 und 4 Tipps angeboten.<\/p>\n<p>Es besteht aus drei Elementen\u00a0zusammengesetzt und die verschiedenen Kombinationen von Veredelungen schaffen eine\u00a0kleine Sammlung: Skilift, Slalom, Freestyle und Master.<\/p>\n","protected":false},"featured_media":1098,"comment_status":"closed","ping_status":"closed","template":"","meta":[],"product_cat":[28],"product_tag":[48,127],"yoast_head":"<!-- This site is optimized with the Yoast SEO plugin v20.8 - https:\/\/yoast.com\/wordpress\/plugins\/seo\/ -->\n<title>Ski - K8 radiatori<\/title>\n<meta name=\"description\" content=\"Un elemento scenografico pensato per creare pareti dalla forte personalit\u00e0.  In due altezze, Ski\u00a0\u00e8 proposto nelle versioni a 2 e 4 punte.  E\u2019 composto da tre elementi e le diverse combinazioni\u00a0di finitura creano una piccola collezione: Skilift, Slalom, Freestyle e Maestro.A scenic element designed to create walls with a strong personality.  In two heights,\u00a0Ski is offered in versions 2 and 4 tips.  It is composed of three elements and the different\u00a0combinations of \u00a0finishings create a small collection: Skilift, Slalom, Freestyle and Master.Eine szenische Element entwickelt, um W\u00e4nde mit einer starken Pers\u00f6nlichkeit zu schaffen.  In\u00a0zwei H\u00f6hen, ist Ski in den Versionen 2 und 4 Tipps angeboten.  Es besteht aus drei Elementen\u00a0zusammengesetzt und die verschiedenen Kombinationen von Veredelungen schaffen eine\u00a0kleine Sammlung: Skilift, Slalom, Freestyle und Master.Un \u00e9l\u00e9ment sc\u00e9nique con\u00e7u pour r\u00e9aliser des parois avec une forte personnalit\u00e9.  En deux\u00a0hauteurs, Ski est disponible dans les versions \u00e0 2 et 4 pointes.  L\u2019article se compose de trois\u00a0\u00e9l\u00e9ments et les diff\u00e9rentes combinaisons de finition cr\u00e9ent une petite collection: Skilift, Slalom,\u00a0Freestyle et Maestro.Un elemento de gran efecto pensado para crear paredes con fuerte personalidad.  A dos\u00a0alturas, Ski se presenta en las variantes de 2 y 4 puntas.  Est\u00e1 compuesto por tres elementos\u00a0y las diferentes combinaciones de acabado forman una peque\u00f1a colecci\u00f3n: Skilift, Slalom,\u00a0Freestyle y Maestro.\" \/>\n<meta name=\"robots\" content=\"index, follow, max-snippet:-1, max-image-preview:large, max-video-preview:-1\" \/>\n<link rel=\"canonical\" href=\"https:\/\/www.k8radiatori.it\/en\/radiatori\/ski\/\" \/>\n<script type=\"application\/ld+json\" class=\"yoast-schema-graph\">{\"@context\":\"https:\/\/schema.org\",\"@graph\":[{\"@type\":\"WebPage\",\"@id\":\"https:\/\/www.k8radiatori.it\/en\/radiatori\/ski\/\",\"url\":\"https:\/\/www.k8radiatori.it\/en\/radiatori\/ski\/\",\"name\":\"Ski - K8 radiatori\",\"isPartOf\":{\"@id\":\"https:\/\/www.k8radiatori.it\/de\/#website\"},\"datePublished\":\"2015-12-25T12:29:01+00:00\",\"dateModified\":\"2023-06-28T17:48:55+00:00\",\"description\":\"Un elemento scenografico pensato per creare pareti dalla forte personalit\u00e0. In due altezze, Ski\u00a0\u00e8 proposto nelle versioni a 2 e 4 punte. E\u2019 composto da tre elementi e le diverse combinazioni\u00a0di finitura creano una piccola collezione: Skilift, Slalom, Freestyle e Maestro.A scenic element designed to create walls with a strong personality. In two heights,\u00a0Ski is offered in versions 2 and 4 tips. It is composed of three elements and the different\u00a0combinations of \u00a0finishings create a small collection: Skilift, Slalom, Freestyle and Master.Eine szenische Element entwickelt, um W\u00e4nde mit einer starken Pers\u00f6nlichkeit zu schaffen. In\u00a0zwei H\u00f6hen, ist Ski in den Versionen 2 und 4 Tipps angeboten. Es besteht aus drei Elementen\u00a0zusammengesetzt und die verschiedenen Kombinationen von Veredelungen schaffen eine\u00a0kleine Sammlung: Skilift, Slalom, Freestyle und Master.Un \u00e9l\u00e9ment sc\u00e9nique con\u00e7u pour r\u00e9aliser des parois avec une forte personnalit\u00e9. En deux\u00a0hauteurs, Ski est disponible dans les versions \u00e0 2 et 4 pointes. L\u2019article se compose de trois\u00a0\u00e9l\u00e9ments et les diff\u00e9rentes combinaisons de finition cr\u00e9ent une petite collection: Skilift, Slalom,\u00a0Freestyle et Maestro.Un elemento de gran efecto pensado para crear paredes con fuerte personalidad. A dos\u00a0alturas, Ski se presenta en las variantes de 2 y 4 puntas. Est\u00e1 compuesto por tres elementos\u00a0y las diferentes combinaciones de acabado forman una peque\u00f1a colecci\u00f3n: Skilift, Slalom,\u00a0Freestyle y Maestro.\",\"breadcrumb\":{\"@id\":\"https:\/\/www.k8radiatori.it\/en\/radiatori\/ski\/#breadcrumb\"},\"inLanguage\":\"de-DE\",\"potentialAction\":[{\"@type\":\"ReadAction\",\"target\":[\"https:\/\/www.k8radiatori.it\/en\/radiatori\/ski\/\"]}]},{\"@type\":\"BreadcrumbList\",\"@id\":\"https:\/\/www.k8radiatori.it\/en\/radiatori\/ski\/#breadcrumb\",\"itemListElement\":[{\"@type\":\"ListItem\",\"position\":1,\"name\":\"Home\",\"item\":\"https:\/\/www.k8radiatori.it\/\"},{\"@type\":\"ListItem\",\"position\":2,\"name\":\"Shop\",\"item\":\"https:\/\/www.k8radiatori.it\/de\/negozio\/\"},{\"@type\":\"ListItem\",\"position\":3,\"name\":\"Ski\"}]},{\"@type\":\"WebSite\",\"@id\":\"https:\/\/www.k8radiatori.it\/de\/#website\",\"url\":\"https:\/\/www.k8radiatori.it\/de\/\",\"name\":\"K8 radiatori\",\"description\":\"K8 radiatori\",\"publisher\":{\"@id\":\"https:\/\/www.k8radiatori.it\/de\/#organization\"},\"potentialAction\":[{\"@type\":\"SearchAction\",\"target\":{\"@type\":\"EntryPoint\",\"urlTemplate\":\"https:\/\/www.k8radiatori.it\/de\/?s={search_term_string}\"},\"query-input\":\"required name=search_term_string\"}],\"inLanguage\":\"de-DE\"},{\"@type\":\"Organization\",\"@id\":\"https:\/\/www.k8radiatori.it\/de\/#organization\",\"name\":\"K8 radiatori\",\"url\":\"https:\/\/www.k8radiatori.it\/de\/\",\"logo\":{\"@type\":\"ImageObject\",\"inLanguage\":\"de-DE\",\"@id\":\"https:\/\/www.k8radiatori.it\/de\/#\/schema\/logo\/image\/\",\"url\":\"https:\/\/www.k8radiatori.it\/wp-content\/uploads\/2016\/03\/logo.png\",\"contentUrl\":\"https:\/\/www.k8radiatori.it\/wp-content\/uploads\/2016\/03\/logo.png\",\"width\":253,\"height\":283,\"caption\":\"K8 radiatori\"},\"image\":{\"@id\":\"https:\/\/www.k8radiatori.it\/de\/#\/schema\/logo\/image\/\"}}]}<\/script>\n<!-- \/ Yoast SEO plugin. -->","yoast_head_json":{"title":"Ski - K8 radiatori","description":"Un elemento scenografico pensato per creare pareti dalla forte personalit\u00e0.  In due altezze, Ski\u00a0\u00e8 proposto nelle versioni a 2 e 4 punte.  E\u2019 composto da tre elementi e le diverse combinazioni\u00a0di finitura creano una piccola collezione: Skilift, Slalom, Freestyle e Maestro.A scenic element designed to create walls with a strong personality.  In two heights,\u00a0Ski is offered in versions 2 and 4 tips.  It is composed of three elements and the different\u00a0combinations of \u00a0finishings create a small collection: Skilift, Slalom, Freestyle and Master.Eine szenische Element entwickelt, um W\u00e4nde mit einer starken Pers\u00f6nlichkeit zu schaffen.  In\u00a0zwei H\u00f6hen, ist Ski in den Versionen 2 und 4 Tipps angeboten.  Es besteht aus drei Elementen\u00a0zusammengesetzt und die verschiedenen Kombinationen von Veredelungen schaffen eine\u00a0kleine Sammlung: Skilift, Slalom, Freestyle und Master.Un \u00e9l\u00e9ment sc\u00e9nique con\u00e7u pour r\u00e9aliser des parois avec une forte personnalit\u00e9.  En deux\u00a0hauteurs, Ski est disponible dans les versions \u00e0 2 et 4 pointes.  L\u2019article se compose de trois\u00a0\u00e9l\u00e9ments et les diff\u00e9rentes combinaisons de finition cr\u00e9ent une petite collection: Skilift, Slalom,\u00a0Freestyle et Maestro.Un elemento de gran efecto pensado para crear paredes con fuerte personalidad.  A dos\u00a0alturas, Ski se presenta en las variantes de 2 y 4 puntas.  Est\u00e1 compuesto por tres elementos\u00a0y las diferentes combinaciones de acabado forman una peque\u00f1a colecci\u00f3n: Skilift, Slalom,\u00a0Freestyle y Maestro.","robots":{"index":"index","follow":"follow","max-snippet":"max-snippet:-1","max-image-preview":"max-image-preview:large","max-video-preview":"max-video-preview:-1"},"canonical":"https:\/\/www.k8radiatori.it\/en\/radiatori\/ski\/","schema":{"@context":"https:\/\/schema.org","@graph":[{"@type":"WebPage","@id":"https:\/\/www.k8radiatori.it\/en\/radiatori\/ski\/","url":"https:\/\/www.k8radiatori.it\/en\/radiatori\/ski\/","name":"Ski - K8 radiatori","isPartOf":{"@id":"https:\/\/www.k8radiatori.it\/de\/#website"},"datePublished":"2015-12-25T12:29:01+00:00","dateModified":"2023-06-28T17:48:55+00:00","description":"Un elemento scenografico pensato per creare pareti dalla forte personalit\u00e0. In due altezze, Ski\u00a0\u00e8 proposto nelle versioni a 2 e 4 punte. E\u2019 composto da tre elementi e le diverse combinazioni\u00a0di finitura creano una piccola collezione: Skilift, Slalom, Freestyle e Maestro.A scenic element designed to create walls with a strong personality. In two heights,\u00a0Ski is offered in versions 2 and 4 tips. It is composed of three elements and the different\u00a0combinations of \u00a0finishings create a small collection: Skilift, Slalom, Freestyle and Master.Eine szenische Element entwickelt, um W\u00e4nde mit einer starken Pers\u00f6nlichkeit zu schaffen. In\u00a0zwei H\u00f6hen, ist Ski in den Versionen 2 und 4 Tipps angeboten. Es besteht aus drei Elementen\u00a0zusammengesetzt und die verschiedenen Kombinationen von Veredelungen schaffen eine\u00a0kleine Sammlung: Skilift, Slalom, Freestyle und Master.Un \u00e9l\u00e9ment sc\u00e9nique con\u00e7u pour r\u00e9aliser des parois avec une forte personnalit\u00e9. En deux\u00a0hauteurs, Ski est disponible dans les versions \u00e0 2 et 4 pointes. L\u2019article se compose de trois\u00a0\u00e9l\u00e9ments et les diff\u00e9rentes combinaisons de finition cr\u00e9ent une petite collection: Skilift, Slalom,\u00a0Freestyle et Maestro.Un elemento de gran efecto pensado para crear paredes con fuerte personalidad. A dos\u00a0alturas, Ski se presenta en las variantes de 2 y 4 puntas. Est\u00e1 compuesto por tres elementos\u00a0y las diferentes combinaciones de acabado forman una peque\u00f1a colecci\u00f3n: Skilift, Slalom,\u00a0Freestyle y Maestro.","breadcrumb":{"@id":"https:\/\/www.k8radiatori.it\/en\/radiatori\/ski\/#breadcrumb"},"inLanguage":"de-DE","potentialAction":[{"@type":"ReadAction","target":["https:\/\/www.k8radiatori.it\/en\/radiatori\/ski\/"]}]},{"@type":"BreadcrumbList","@id":"https:\/\/www.k8radiatori.it\/en\/radiatori\/ski\/#breadcrumb","itemListElement":[{"@type":"ListItem","position":1,"name":"Home","item":"https:\/\/www.k8radiatori.it\/"},{"@type":"ListItem","position":2,"name":"Shop","item":"https:\/\/www.k8radiatori.it\/de\/negozio\/"},{"@type":"ListItem","position":3,"name":"Ski"}]},{"@type":"WebSite","@id":"https:\/\/www.k8radiatori.it\/de\/#website","url":"https:\/\/www.k8radiatori.it\/de\/","name":"K8 radiatori","description":"K8 radiatori","publisher":{"@id":"https:\/\/www.k8radiatori.it\/de\/#organization"},"potentialAction":[{"@type":"SearchAction","target":{"@type":"EntryPoint","urlTemplate":"https:\/\/www.k8radiatori.it\/de\/?s={search_term_string}"},"query-input":"required name=search_term_string"}],"inLanguage":"de-DE"},{"@type":"Organization","@id":"https:\/\/www.k8radiatori.it\/de\/#organization","name":"K8 radiatori","url":"https:\/\/www.k8radiatori.it\/de\/","logo":{"@type":"ImageObject","inLanguage":"de-DE","@id":"https:\/\/www.k8radiatori.it\/de\/#\/schema\/logo\/image\/","url":"https:\/\/www.k8radiatori.it\/wp-content\/uploads\/2016\/03\/logo.png","contentUrl":"https:\/\/www.k8radiatori.it\/wp-content\/uploads\/2016\/03\/logo.png","width":253,"height":283,"caption":"K8 radiatori"},"image":{"@id":"https:\/\/www.k8radiatori.it\/de\/#\/schema\/logo\/image\/"}}]}},"_links":{"self":[{"href":"https:\/\/www.k8radiatori.it\/de\/wp-json\/wp\/v3\/product\/631"}],"collection":[{"href":"https:\/\/www.k8radiatori.it\/de\/wp-json\/wp\/v3\/product"}],"about":[{"href":"https:\/\/www.k8radiatori.it\/de\/wp-json\/wp\/v2\/types\/product"}],"replies":[{"embeddable":true,"href":"https:\/\/www.k8radiatori.it\/de\/wp-json\/wp\/v2\/comments?post=631"}],"wp:featuredmedia":[{"embeddable":true,"href":"https:\/\/www.k8radiatori.it\/de\/wp-json\/wp\/v2\/media\/1098"}],"wp:attachment":[{"href":"https:\/\/www.k8radiatori.it\/de\/wp-json\/wp\/v2\/media?parent=631"}],"wp:term":[{"taxonomy":"product_cat","embeddable":true,"href":"https:\/\/www.k8radiatori.it\/de\/wp-json\/wp\/v2\/product_cat?post=631"},{"taxonomy":"product_tag","embeddable":true,"href":"https:\/\/www.k8radiatori.it\/de\/wp-json\/wp\/v2\/product_tag?post=631"}],"curies":[{"name":"wp","href":"https:\/\/api.w.org\/{rel}","templated":true}]}}