{"id":538,"date":"2015-12-25T06:36:41","date_gmt":"2015-12-25T05:36:41","guid":{"rendered":"http:\/\/www.k8radiatori.it\/en\/?post_type=product&#038;p=538"},"modified":"2023-06-29T11:24:37","modified_gmt":"2023-06-29T09:24:37","slug":"lieve","status":"publish","type":"product","link":"https:\/\/www.k8radiatori.it\/de\/radiatori\/lieve\/","title":{"rendered":"Lieve"},"content":{"rendered":"<p><strong><a href=\"http:\/\/www.k8radiatori.it\/wp-content\/uploads\/2016\/07\/ETA-GENIUS-LIEVE-TIRAMOLLA.pdf\" target=\"_blank\">Scarica qui le specifiche tecniche del radiatore<\/a><\/strong><\/p>\n<p><a href=\"\/contatti\/\">Su richiesta \u00e8 possibile avere schede dettagliate sul prodotto<\/a><\/p>\n<p><a href=\"http:\/\/www.k8radiatori.it\/wp-content\/uploads\/2016\/07\/LIEVE.jpg\"><img decoding=\"async\" loading=\"lazy\" class=\"size-full wp-image-1279 alignleft\" src=\"http:\/\/www.k8radiatori.it\/wp-content\/uploads\/2016\/07\/LIEVE.jpg\" alt=\"Immagine radiatore TIRAMOLLA LIEVE\" width=\"740\" height=\"558\" srcset=\"https:\/\/www.k8radiatori.it\/wp-content\/uploads\/2016\/07\/LIEVE.jpg 740w, https:\/\/www.k8radiatori.it\/wp-content\/uploads\/2016\/07\/LIEVE-400x302.jpg 400w, https:\/\/www.k8radiatori.it\/wp-content\/uploads\/2016\/07\/LIEVE-510x385.jpg 510w\" sizes=\"(max-width: 740px) 100vw, 740px\" \/><\/a><\/p>","protected":false},"excerpt":{"rendered":"<p>Mild steel is a radiator by a caratterizzata Particularly harmonious design two to its lightness and, above all, to the design of Both round.shaped its vertical frames and horizontal modules.<\/p>\n","protected":false},"featured_media":950,"comment_status":"closed","ping_status":"closed","template":"","meta":[],"product_cat":[180],"product_tag":[48,106],"yoast_head":"<!-- This site is optimized with the Yoast SEO plugin v20.8 - https:\/\/yoast.com\/wordpress\/plugins\/seo\/ -->\n<title>Lieve - K8 radiatori<\/title>\n<meta name=\"description\" content=\"Lieve \u00e8 un radiatore di acciaio caratterizzato da un disegno di una armoniosit\u00e0 particolare, dovuta alla sua leggerezza, ma soprattutto al suo disegno a tutto tondo sia delle intelaiature verticali che dei moduli orizzontali.Lieve is a steel radiator characterized by a particularly harmonious design due to its lightness and, above all, to the round.shaped design of both its vertical frame and horizontal modules.Mild steel is a radiator by a caratterizzata Particularly harmonious design two to its lightness and, above all, to the design of Both round.shaped its vertical frames and horizontal modules.Lieve est un radiateur en acier caract\u00e9ris\u00e9 par un design singulier, du a sa l\u00e9g\u00e8ret\u00e9 mais aussi aux formes toutes rondes de sa structure et des modules.Lieve es un radiator en acero, caracterizado por un dise\u00f1o que presenta una armon\u00eca particular, debido a su levedad, pero sobretodo a su dise\u00f1o totalmente redondo ya sea de las estructuras verticales como de los m\u00f2;dulos horizontales.\" \/>\n<meta name=\"robots\" content=\"index, follow, max-snippet:-1, max-image-preview:large, max-video-preview:-1\" \/>\n<link rel=\"canonical\" href=\"https:\/\/www.k8radiatori.it\/de\/radiatori\/lieve\/\" \/>\n<script type=\"application\/ld+json\" class=\"yoast-schema-graph\">{\"@context\":\"https:\/\/schema.org\",\"@graph\":[{\"@type\":\"WebPage\",\"@id\":\"https:\/\/www.k8radiatori.it\/de\/radiatori\/lieve\/\",\"url\":\"https:\/\/www.k8radiatori.it\/de\/radiatori\/lieve\/\",\"name\":\"Lieve - K8 radiatori\",\"isPartOf\":{\"@id\":\"https:\/\/www.k8radiatori.it\/de\/#website\"},\"datePublished\":\"2015-12-25T05:36:41+00:00\",\"dateModified\":\"2023-06-29T09:24:37+00:00\",\"description\":\"Lieve \u00e8 un radiatore di acciaio caratterizzato da un disegno di una armoniosit\u00e0 particolare, dovuta alla sua leggerezza, ma soprattutto al suo disegno a tutto tondo sia delle intelaiature verticali che dei moduli orizzontali.Lieve is a steel radiator characterized by a particularly harmonious design due to its lightness and, above all, to the round.shaped design of both its vertical frame and horizontal modules.Mild steel is a radiator by a caratterizzata Particularly harmonious design two to its lightness and, above all, to the design of Both round.shaped its vertical frames and horizontal modules.Lieve est un radiateur en acier caract\u00e9ris\u00e9 par un design singulier, du a sa l\u00e9g\u00e8ret\u00e9 mais aussi aux formes toutes rondes de sa structure et des modules.Lieve es un radiator en acero, caracterizado por un dise\u00f1o que presenta una armon\u00eca particular, debido a su levedad, pero sobretodo a su dise\u00f1o totalmente redondo ya sea de las estructuras verticales como de los m\u00f2;dulos horizontales.\",\"breadcrumb\":{\"@id\":\"https:\/\/www.k8radiatori.it\/de\/radiatori\/lieve\/#breadcrumb\"},\"inLanguage\":\"de-DE\",\"potentialAction\":[{\"@type\":\"ReadAction\",\"target\":[\"https:\/\/www.k8radiatori.it\/de\/radiatori\/lieve\/\"]}]},{\"@type\":\"BreadcrumbList\",\"@id\":\"https:\/\/www.k8radiatori.it\/de\/radiatori\/lieve\/#breadcrumb\",\"itemListElement\":[{\"@type\":\"ListItem\",\"position\":1,\"name\":\"Home\",\"item\":\"https:\/\/www.k8radiatori.it\/\"},{\"@type\":\"ListItem\",\"position\":2,\"name\":\"Shop\",\"item\":\"https:\/\/www.k8radiatori.it\/de\/negozio\/\"},{\"@type\":\"ListItem\",\"position\":3,\"name\":\"Lieve\"}]},{\"@type\":\"WebSite\",\"@id\":\"https:\/\/www.k8radiatori.it\/de\/#website\",\"url\":\"https:\/\/www.k8radiatori.it\/de\/\",\"name\":\"K8 radiatori\",\"description\":\"K8 radiatori\",\"publisher\":{\"@id\":\"https:\/\/www.k8radiatori.it\/de\/#organization\"},\"potentialAction\":[{\"@type\":\"SearchAction\",\"target\":{\"@type\":\"EntryPoint\",\"urlTemplate\":\"https:\/\/www.k8radiatori.it\/de\/?s={search_term_string}\"},\"query-input\":\"required name=search_term_string\"}],\"inLanguage\":\"de-DE\"},{\"@type\":\"Organization\",\"@id\":\"https:\/\/www.k8radiatori.it\/de\/#organization\",\"name\":\"K8 radiatori\",\"url\":\"https:\/\/www.k8radiatori.it\/de\/\",\"logo\":{\"@type\":\"ImageObject\",\"inLanguage\":\"de-DE\",\"@id\":\"https:\/\/www.k8radiatori.it\/de\/#\/schema\/logo\/image\/\",\"url\":\"https:\/\/www.k8radiatori.it\/wp-content\/uploads\/2016\/03\/logo.png\",\"contentUrl\":\"https:\/\/www.k8radiatori.it\/wp-content\/uploads\/2016\/03\/logo.png\",\"width\":253,\"height\":283,\"caption\":\"K8 radiatori\"},\"image\":{\"@id\":\"https:\/\/www.k8radiatori.it\/de\/#\/schema\/logo\/image\/\"}}]}<\/script>\n<!-- \/ Yoast SEO plugin. -->","yoast_head_json":{"title":"Lieve - K8 radiatori","description":"Lieve \u00e8 un radiatore di acciaio caratterizzato da un disegno di una armoniosit\u00e0 particolare, dovuta alla sua leggerezza, ma soprattutto al suo disegno a tutto tondo sia delle intelaiature verticali che dei moduli orizzontali.Lieve is a steel radiator characterized by a particularly harmonious design due to its lightness and, above all, to the round.shaped design of both its vertical frame and horizontal modules.Mild steel is a radiator by a caratterizzata Particularly harmonious design two to its lightness and, above all, to the design of Both round.shaped its vertical frames and horizontal modules.Lieve est un radiateur en acier caract\u00e9ris\u00e9 par un design singulier, du a sa l\u00e9g\u00e8ret\u00e9 mais aussi aux formes toutes rondes de sa structure et des modules.Lieve es un radiator en acero, caracterizado por un dise\u00f1o que presenta una armon\u00eca particular, debido a su levedad, pero sobretodo a su dise\u00f1o totalmente redondo ya sea de las estructuras verticales como de los m\u00f2;dulos horizontales.","robots":{"index":"index","follow":"follow","max-snippet":"max-snippet:-1","max-image-preview":"max-image-preview:large","max-video-preview":"max-video-preview:-1"},"canonical":"https:\/\/www.k8radiatori.it\/de\/radiatori\/lieve\/","schema":{"@context":"https:\/\/schema.org","@graph":[{"@type":"WebPage","@id":"https:\/\/www.k8radiatori.it\/de\/radiatori\/lieve\/","url":"https:\/\/www.k8radiatori.it\/de\/radiatori\/lieve\/","name":"Lieve - K8 radiatori","isPartOf":{"@id":"https:\/\/www.k8radiatori.it\/de\/#website"},"datePublished":"2015-12-25T05:36:41+00:00","dateModified":"2023-06-29T09:24:37+00:00","description":"Lieve \u00e8 un radiatore di acciaio caratterizzato da un disegno di una armoniosit\u00e0 particolare, dovuta alla sua leggerezza, ma soprattutto al suo disegno a tutto tondo sia delle intelaiature verticali che dei moduli orizzontali.Lieve is a steel radiator characterized by a particularly harmonious design due to its lightness and, above all, to the round.shaped design of both its vertical frame and horizontal modules.Mild steel is a radiator by a caratterizzata Particularly harmonious design two to its lightness and, above all, to the design of Both round.shaped its vertical frames and horizontal modules.Lieve est un radiateur en acier caract\u00e9ris\u00e9 par un design singulier, du a sa l\u00e9g\u00e8ret\u00e9 mais aussi aux formes toutes rondes de sa structure et des modules.Lieve es un radiator en acero, caracterizado por un dise\u00f1o que presenta una armon\u00eca particular, debido a su levedad, pero sobretodo a su dise\u00f1o totalmente redondo ya sea de las estructuras verticales como de los m\u00f2;dulos horizontales.","breadcrumb":{"@id":"https:\/\/www.k8radiatori.it\/de\/radiatori\/lieve\/#breadcrumb"},"inLanguage":"de-DE","potentialAction":[{"@type":"ReadAction","target":["https:\/\/www.k8radiatori.it\/de\/radiatori\/lieve\/"]}]},{"@type":"BreadcrumbList","@id":"https:\/\/www.k8radiatori.it\/de\/radiatori\/lieve\/#breadcrumb","itemListElement":[{"@type":"ListItem","position":1,"name":"Home","item":"https:\/\/www.k8radiatori.it\/"},{"@type":"ListItem","position":2,"name":"Shop","item":"https:\/\/www.k8radiatori.it\/de\/negozio\/"},{"@type":"ListItem","position":3,"name":"Lieve"}]},{"@type":"WebSite","@id":"https:\/\/www.k8radiatori.it\/de\/#website","url":"https:\/\/www.k8radiatori.it\/de\/","name":"K8 radiatori","description":"K8 radiatori","publisher":{"@id":"https:\/\/www.k8radiatori.it\/de\/#organization"},"potentialAction":[{"@type":"SearchAction","target":{"@type":"EntryPoint","urlTemplate":"https:\/\/www.k8radiatori.it\/de\/?s={search_term_string}"},"query-input":"required name=search_term_string"}],"inLanguage":"de-DE"},{"@type":"Organization","@id":"https:\/\/www.k8radiatori.it\/de\/#organization","name":"K8 radiatori","url":"https:\/\/www.k8radiatori.it\/de\/","logo":{"@type":"ImageObject","inLanguage":"de-DE","@id":"https:\/\/www.k8radiatori.it\/de\/#\/schema\/logo\/image\/","url":"https:\/\/www.k8radiatori.it\/wp-content\/uploads\/2016\/03\/logo.png","contentUrl":"https:\/\/www.k8radiatori.it\/wp-content\/uploads\/2016\/03\/logo.png","width":253,"height":283,"caption":"K8 radiatori"},"image":{"@id":"https:\/\/www.k8radiatori.it\/de\/#\/schema\/logo\/image\/"}}]}},"_links":{"self":[{"href":"https:\/\/www.k8radiatori.it\/de\/wp-json\/wp\/v3\/product\/538"}],"collection":[{"href":"https:\/\/www.k8radiatori.it\/de\/wp-json\/wp\/v3\/product"}],"about":[{"href":"https:\/\/www.k8radiatori.it\/de\/wp-json\/wp\/v2\/types\/product"}],"replies":[{"embeddable":true,"href":"https:\/\/www.k8radiatori.it\/de\/wp-json\/wp\/v2\/comments?post=538"}],"wp:featuredmedia":[{"embeddable":true,"href":"https:\/\/www.k8radiatori.it\/de\/wp-json\/wp\/v2\/media\/950"}],"wp:attachment":[{"href":"https:\/\/www.k8radiatori.it\/de\/wp-json\/wp\/v2\/media?parent=538"}],"wp:term":[{"taxonomy":"product_cat","embeddable":true,"href":"https:\/\/www.k8radiatori.it\/de\/wp-json\/wp\/v2\/product_cat?post=538"},{"taxonomy":"product_tag","embeddable":true,"href":"https:\/\/www.k8radiatori.it\/de\/wp-json\/wp\/v2\/product_tag?post=538"}],"curies":[{"name":"wp","href":"https:\/\/api.w.org\/{rel}","templated":true}]}}