{"id":515,"date":"2015-12-24T13:54:02","date_gmt":"2015-12-24T12:54:02","guid":{"rendered":"http:\/\/www.k8radiatori.it\/en\/?post_type=product&#038;p=515"},"modified":"2024-01-27T11:38:49","modified_gmt":"2024-01-27T10:38:49","slug":"vega-2t","status":"publish","type":"product","link":"https:\/\/www.k8radiatori.it\/de\/radiatori\/vega-2t\/","title":{"rendered":"Vega-2T"},"content":{"rendered":"<p><strong><a href=\"http:\/\/www.k8radiatori.it\/wp-content\/uploads\/2016\/07\/VEGA_0-V-2T.pdf\" target=\"_blank\" rel=\"noopener\">Scarica qui le specifiche tecniche del radiatore<\/a><\/strong><\/p>\n<p><a href=\"\/contatti\/\">Su richiesta \u00e8 possibile avere schede dettagliate sul prodotto<\/a><\/p>\n<p><a href=\"http:\/\/www.k8radiatori.it\/wp-content\/uploads\/2016\/07\/VEGA-2T.jpg\"><img decoding=\"async\" loading=\"lazy\" class=\"size-full wp-image-1283 alignleft\" src=\"http:\/\/www.k8radiatori.it\/wp-content\/uploads\/2016\/07\/VEGA-2T.jpg\" alt=\"Immagine radiatore VEGA-2T\" width=\"258\" height=\"560\" srcset=\"https:\/\/www.k8radiatori.it\/wp-content\/uploads\/2016\/07\/VEGA-2T.jpg 258w, https:\/\/www.k8radiatori.it\/wp-content\/uploads\/2016\/07\/VEGA-2T-184x400.jpg 184w\" sizes=\"(max-width: 258px) 100vw, 258px\" \/><\/a><\/p>","protected":false},"excerpt":{"rendered":"<p>Das ist ein Modell patentiertes, das ist ganz aus extrudiertem Aluminium. Er hat eine formsch\u00f6ne Gliederbauweise, benutz weniger Heizwasser (dh erzielt Energieeinsparung) und dank des extrudierten aluminiums ist es zweckm\u00e4\u00dfig. Vega 2T ist das Modell in verschiedenen H\u00f6hen (von bis 400mm 2500mm) und in beliebiger Elementeszahl (3 Elemente und mindestens jedenfalls in ungerader Zahl) lieferbar.<\/p>\n","protected":false},"featured_media":988,"comment_status":"closed","ping_status":"closed","template":"","meta":[],"product_cat":[180],"product_tag":[48,101],"yoast_head":"<!-- This site is optimized with the Yoast SEO plugin v20.8 - https:\/\/yoast.com\/wordpress\/plugins\/seo\/ -->\n<title>Vega-2T - K8 radiatori<\/title>\n<meta name=\"description\" content=\"Si tratta di un modello coperto da brevetto realizzato interamente in alluminio estruso con la caratteristica di unire pregevoli qualit\u00e0 di tipo estetico alla funzionalit\u00e0 conferita dall&#039; alluminio estruso nonch\u00e9 il basso contenuto di acqua che garantisce economia di esercizio. Il Vega 2T \u00e8 disponibile in un&#039; ampia gamma di altezze, da 400 mm fino a 2500 mm, con un numero di elementi qualsiasi purch\u00e8 dispari, con un minimo di tre elementi.Vega 2T is a patented model, entirely manufactured in extruded alluminium alloy with the pecularity of combining high quality appearance and functionality due to its high thermal conductivity. Its light weight allows easy installation and low water content guarantees economic running costs. The Vega 2T is available in different sizes, from 400 mm to 2500 mm, with odd number of elements, of minimum 3 elements.Das ist ein Modell patentiertes, das ist ganz aus extrudiertem Aluminium. Er hat eine formsch\u00f6ne Gliederbauweise, benutz weniger Heizwasser (dh erzielt Energieeinsparung) und dank des extrudierten aluminiums ist es zweckm\u00e4\u00dfig. Vega 2T ist das Modell in verschiedenen H\u00f6hen (von bis 400mm 2500mm) und in beliebiger Elementeszahl (3 Elemente und mindestens jedenfalls in ungerader Zahl) lieferbar.C&#039;est un mod\u00e8le brevet\u00e9, r\u00e9alis\u00e9 compl\u00e9tement en aluminium extrud\u00e9. Il a la particularit\u00e9 de concilier la qualit\u00e9 de son design avec la fonctionnalit\u00e9 d\u00e9rivante de sa conduction thermique tr\u00e8s \u00e9lev\u00e9e. Son poids l\u00e9ger permet une installation tr\u00e8s simple et le contenu r\u00e9duit d&#039;eau chaude garantit une \u00e9conomie thermique importante. Le mod\u00e8le VEGA 2T est disponible \u00e8partir d&#039;une hauteur de 400mm jusqu&#039;\u00e8 une hauteur de 2500mm. On peut aussi demander n&#039;importe quel nombre d&#039;\u00e9l\u00e9ments, pourvu qu&#039;ils soient impairs et \u00e8 partir d&#039;un minimum de trois.Es un modelo patentado realizado completamente en aluminio troquelado caracteriz\u00e1ndose por el hecho de unir apreciables cualidades de tipo est\u00e9tico, dada la funcionalidad que ofrece el aluminio troquelado, con el poco contenido de agua que garantiza econom\u00eda de ejecuci\u00f3n. Tenemos a la disposici\u00f3n el modelo Vega 2T en una amplia gama de alturas, desde 400 mm hasta 2500 mm, con un m\u00famero de elementos cualquiera siempre y cuando sean impares, con un m\u00ednimo de tres elementos.\" \/>\n<meta name=\"robots\" content=\"index, follow, max-snippet:-1, max-image-preview:large, max-video-preview:-1\" \/>\n<link rel=\"canonical\" href=\"https:\/\/www.k8radiatori.it\/radiatori\/vega-2t\/\" \/>\n<meta name=\"twitter:label1\" content=\"Gesch\u00e4tzte Lesezeit\" \/>\n\t<meta name=\"twitter:data1\" content=\"1 Minute\" \/>\n<script type=\"application\/ld+json\" class=\"yoast-schema-graph\">{\"@context\":\"https:\/\/schema.org\",\"@graph\":[{\"@type\":\"WebPage\",\"@id\":\"https:\/\/www.k8radiatori.it\/radiatori\/vega-2t\/\",\"url\":\"https:\/\/www.k8radiatori.it\/radiatori\/vega-2t\/\",\"name\":\"Vega-2T - K8 radiatori\",\"isPartOf\":{\"@id\":\"https:\/\/www.k8radiatori.it\/de\/#website\"},\"datePublished\":\"2015-12-24T12:54:02+00:00\",\"dateModified\":\"2024-01-27T10:38:49+00:00\",\"description\":\"Si tratta di un modello coperto da brevetto realizzato interamente in alluminio estruso con la caratteristica di unire pregevoli qualit\u00e0 di tipo estetico alla funzionalit\u00e0 conferita dall' alluminio estruso nonch\u00e9 il basso contenuto di acqua che garantisce economia di esercizio. Il Vega 2T \u00e8 disponibile in un' ampia gamma di altezze, da 400 mm fino a 2500 mm, con un numero di elementi qualsiasi purch\u00e8 dispari, con un minimo di tre elementi.Vega 2T is a patented model, entirely manufactured in extruded alluminium alloy with the pecularity of combining high quality appearance and functionality due to its high thermal conductivity. Its light weight allows easy installation and low water content guarantees economic running costs. The Vega 2T is available in different sizes, from 400 mm to 2500 mm, with odd number of elements, of minimum 3 elements.Das ist ein Modell patentiertes, das ist ganz aus extrudiertem Aluminium. Er hat eine formsch\u00f6ne Gliederbauweise, benutz weniger Heizwasser (dh erzielt Energieeinsparung) und dank des extrudierten aluminiums ist es zweckm\u00e4\u00dfig. Vega 2T ist das Modell in verschiedenen H\u00f6hen (von bis 400mm 2500mm) und in beliebiger Elementeszahl (3 Elemente und mindestens jedenfalls in ungerader Zahl) lieferbar.C'est un mod\u00e8le brevet\u00e9, r\u00e9alis\u00e9 compl\u00e9tement en aluminium extrud\u00e9. Il a la particularit\u00e9 de concilier la qualit\u00e9 de son design avec la fonctionnalit\u00e9 d\u00e9rivante de sa conduction thermique tr\u00e8s \u00e9lev\u00e9e. Son poids l\u00e9ger permet une installation tr\u00e8s simple et le contenu r\u00e9duit d'eau chaude garantit une \u00e9conomie thermique importante. Le mod\u00e8le VEGA 2T est disponible \u00e8partir d'une hauteur de 400mm jusqu'\u00e8 une hauteur de 2500mm. On peut aussi demander n'importe quel nombre d'\u00e9l\u00e9ments, pourvu qu'ils soient impairs et \u00e8 partir d'un minimum de trois.Es un modelo patentado realizado completamente en aluminio troquelado caracteriz\u00e1ndose por el hecho de unir apreciables cualidades de tipo est\u00e9tico, dada la funcionalidad que ofrece el aluminio troquelado, con el poco contenido de agua que garantiza econom\u00eda de ejecuci\u00f3n. Tenemos a la disposici\u00f3n el modelo Vega 2T en una amplia gama de alturas, desde 400 mm hasta 2500 mm, con un m\u00famero de elementos cualquiera siempre y cuando sean impares, con un m\u00ednimo de tres elementos.\",\"breadcrumb\":{\"@id\":\"https:\/\/www.k8radiatori.it\/radiatori\/vega-2t\/#breadcrumb\"},\"inLanguage\":\"de-DE\",\"potentialAction\":[{\"@type\":\"ReadAction\",\"target\":[\"https:\/\/www.k8radiatori.it\/radiatori\/vega-2t\/\"]}]},{\"@type\":\"BreadcrumbList\",\"@id\":\"https:\/\/www.k8radiatori.it\/radiatori\/vega-2t\/#breadcrumb\",\"itemListElement\":[{\"@type\":\"ListItem\",\"position\":1,\"name\":\"Home\",\"item\":\"https:\/\/www.k8radiatori.it\/\"},{\"@type\":\"ListItem\",\"position\":2,\"name\":\"Shop\",\"item\":\"https:\/\/www.k8radiatori.it\/de\/negozio\/\"},{\"@type\":\"ListItem\",\"position\":3,\"name\":\"Vega-2T\"}]},{\"@type\":\"WebSite\",\"@id\":\"https:\/\/www.k8radiatori.it\/de\/#website\",\"url\":\"https:\/\/www.k8radiatori.it\/de\/\",\"name\":\"K8 radiatori\",\"description\":\"K8 radiatori\",\"publisher\":{\"@id\":\"https:\/\/www.k8radiatori.it\/de\/#organization\"},\"potentialAction\":[{\"@type\":\"SearchAction\",\"target\":{\"@type\":\"EntryPoint\",\"urlTemplate\":\"https:\/\/www.k8radiatori.it\/de\/?s={search_term_string}\"},\"query-input\":\"required name=search_term_string\"}],\"inLanguage\":\"de-DE\"},{\"@type\":\"Organization\",\"@id\":\"https:\/\/www.k8radiatori.it\/de\/#organization\",\"name\":\"K8 radiatori\",\"url\":\"https:\/\/www.k8radiatori.it\/de\/\",\"logo\":{\"@type\":\"ImageObject\",\"inLanguage\":\"de-DE\",\"@id\":\"https:\/\/www.k8radiatori.it\/de\/#\/schema\/logo\/image\/\",\"url\":\"https:\/\/www.k8radiatori.it\/wp-content\/uploads\/2016\/03\/logo.png\",\"contentUrl\":\"https:\/\/www.k8radiatori.it\/wp-content\/uploads\/2016\/03\/logo.png\",\"width\":253,\"height\":283,\"caption\":\"K8 radiatori\"},\"image\":{\"@id\":\"https:\/\/www.k8radiatori.it\/de\/#\/schema\/logo\/image\/\"}}]}<\/script>\n<!-- \/ Yoast SEO plugin. -->","yoast_head_json":{"title":"Vega-2T - K8 radiatori","description":"Si tratta di un modello coperto da brevetto realizzato interamente in alluminio estruso con la caratteristica di unire pregevoli qualit\u00e0 di tipo estetico alla funzionalit\u00e0 conferita dall' alluminio estruso nonch\u00e9 il basso contenuto di acqua che garantisce economia di esercizio. Il Vega 2T \u00e8 disponibile in un' ampia gamma di altezze, da 400 mm fino a 2500 mm, con un numero di elementi qualsiasi purch\u00e8 dispari, con un minimo di tre elementi.Vega 2T is a patented model, entirely manufactured in extruded alluminium alloy with the pecularity of combining high quality appearance and functionality due to its high thermal conductivity. Its light weight allows easy installation and low water content guarantees economic running costs. The Vega 2T is available in different sizes, from 400 mm to 2500 mm, with odd number of elements, of minimum 3 elements.Das ist ein Modell patentiertes, das ist ganz aus extrudiertem Aluminium. Er hat eine formsch\u00f6ne Gliederbauweise, benutz weniger Heizwasser (dh erzielt Energieeinsparung) und dank des extrudierten aluminiums ist es zweckm\u00e4\u00dfig. Vega 2T ist das Modell in verschiedenen H\u00f6hen (von bis 400mm 2500mm) und in beliebiger Elementeszahl (3 Elemente und mindestens jedenfalls in ungerader Zahl) lieferbar.C'est un mod\u00e8le brevet\u00e9, r\u00e9alis\u00e9 compl\u00e9tement en aluminium extrud\u00e9. Il a la particularit\u00e9 de concilier la qualit\u00e9 de son design avec la fonctionnalit\u00e9 d\u00e9rivante de sa conduction thermique tr\u00e8s \u00e9lev\u00e9e. Son poids l\u00e9ger permet une installation tr\u00e8s simple et le contenu r\u00e9duit d'eau chaude garantit une \u00e9conomie thermique importante. Le mod\u00e8le VEGA 2T est disponible \u00e8partir d'une hauteur de 400mm jusqu'\u00e8 une hauteur de 2500mm. On peut aussi demander n'importe quel nombre d'\u00e9l\u00e9ments, pourvu qu'ils soient impairs et \u00e8 partir d'un minimum de trois.Es un modelo patentado realizado completamente en aluminio troquelado caracteriz\u00e1ndose por el hecho de unir apreciables cualidades de tipo est\u00e9tico, dada la funcionalidad que ofrece el aluminio troquelado, con el poco contenido de agua que garantiza econom\u00eda de ejecuci\u00f3n. Tenemos a la disposici\u00f3n el modelo Vega 2T en una amplia gama de alturas, desde 400 mm hasta 2500 mm, con un m\u00famero de elementos cualquiera siempre y cuando sean impares, con un m\u00ednimo de tres elementos.","robots":{"index":"index","follow":"follow","max-snippet":"max-snippet:-1","max-image-preview":"max-image-preview:large","max-video-preview":"max-video-preview:-1"},"canonical":"https:\/\/www.k8radiatori.it\/radiatori\/vega-2t\/","twitter_misc":{"Gesch\u00e4tzte Lesezeit":"1 Minute"},"schema":{"@context":"https:\/\/schema.org","@graph":[{"@type":"WebPage","@id":"https:\/\/www.k8radiatori.it\/radiatori\/vega-2t\/","url":"https:\/\/www.k8radiatori.it\/radiatori\/vega-2t\/","name":"Vega-2T - K8 radiatori","isPartOf":{"@id":"https:\/\/www.k8radiatori.it\/de\/#website"},"datePublished":"2015-12-24T12:54:02+00:00","dateModified":"2024-01-27T10:38:49+00:00","description":"Si tratta di un modello coperto da brevetto realizzato interamente in alluminio estruso con la caratteristica di unire pregevoli qualit\u00e0 di tipo estetico alla funzionalit\u00e0 conferita dall' alluminio estruso nonch\u00e9 il basso contenuto di acqua che garantisce economia di esercizio. Il Vega 2T \u00e8 disponibile in un' ampia gamma di altezze, da 400 mm fino a 2500 mm, con un numero di elementi qualsiasi purch\u00e8 dispari, con un minimo di tre elementi.Vega 2T is a patented model, entirely manufactured in extruded alluminium alloy with the pecularity of combining high quality appearance and functionality due to its high thermal conductivity. Its light weight allows easy installation and low water content guarantees economic running costs. The Vega 2T is available in different sizes, from 400 mm to 2500 mm, with odd number of elements, of minimum 3 elements.Das ist ein Modell patentiertes, das ist ganz aus extrudiertem Aluminium. Er hat eine formsch\u00f6ne Gliederbauweise, benutz weniger Heizwasser (dh erzielt Energieeinsparung) und dank des extrudierten aluminiums ist es zweckm\u00e4\u00dfig. Vega 2T ist das Modell in verschiedenen H\u00f6hen (von bis 400mm 2500mm) und in beliebiger Elementeszahl (3 Elemente und mindestens jedenfalls in ungerader Zahl) lieferbar.C'est un mod\u00e8le brevet\u00e9, r\u00e9alis\u00e9 compl\u00e9tement en aluminium extrud\u00e9. Il a la particularit\u00e9 de concilier la qualit\u00e9 de son design avec la fonctionnalit\u00e9 d\u00e9rivante de sa conduction thermique tr\u00e8s \u00e9lev\u00e9e. Son poids l\u00e9ger permet une installation tr\u00e8s simple et le contenu r\u00e9duit d'eau chaude garantit une \u00e9conomie thermique importante. Le mod\u00e8le VEGA 2T est disponible \u00e8partir d'une hauteur de 400mm jusqu'\u00e8 une hauteur de 2500mm. On peut aussi demander n'importe quel nombre d'\u00e9l\u00e9ments, pourvu qu'ils soient impairs et \u00e8 partir d'un minimum de trois.Es un modelo patentado realizado completamente en aluminio troquelado caracteriz\u00e1ndose por el hecho de unir apreciables cualidades de tipo est\u00e9tico, dada la funcionalidad que ofrece el aluminio troquelado, con el poco contenido de agua que garantiza econom\u00eda de ejecuci\u00f3n. Tenemos a la disposici\u00f3n el modelo Vega 2T en una amplia gama de alturas, desde 400 mm hasta 2500 mm, con un m\u00famero de elementos cualquiera siempre y cuando sean impares, con un m\u00ednimo de tres elementos.","breadcrumb":{"@id":"https:\/\/www.k8radiatori.it\/radiatori\/vega-2t\/#breadcrumb"},"inLanguage":"de-DE","potentialAction":[{"@type":"ReadAction","target":["https:\/\/www.k8radiatori.it\/radiatori\/vega-2t\/"]}]},{"@type":"BreadcrumbList","@id":"https:\/\/www.k8radiatori.it\/radiatori\/vega-2t\/#breadcrumb","itemListElement":[{"@type":"ListItem","position":1,"name":"Home","item":"https:\/\/www.k8radiatori.it\/"},{"@type":"ListItem","position":2,"name":"Shop","item":"https:\/\/www.k8radiatori.it\/de\/negozio\/"},{"@type":"ListItem","position":3,"name":"Vega-2T"}]},{"@type":"WebSite","@id":"https:\/\/www.k8radiatori.it\/de\/#website","url":"https:\/\/www.k8radiatori.it\/de\/","name":"K8 radiatori","description":"K8 radiatori","publisher":{"@id":"https:\/\/www.k8radiatori.it\/de\/#organization"},"potentialAction":[{"@type":"SearchAction","target":{"@type":"EntryPoint","urlTemplate":"https:\/\/www.k8radiatori.it\/de\/?s={search_term_string}"},"query-input":"required name=search_term_string"}],"inLanguage":"de-DE"},{"@type":"Organization","@id":"https:\/\/www.k8radiatori.it\/de\/#organization","name":"K8 radiatori","url":"https:\/\/www.k8radiatori.it\/de\/","logo":{"@type":"ImageObject","inLanguage":"de-DE","@id":"https:\/\/www.k8radiatori.it\/de\/#\/schema\/logo\/image\/","url":"https:\/\/www.k8radiatori.it\/wp-content\/uploads\/2016\/03\/logo.png","contentUrl":"https:\/\/www.k8radiatori.it\/wp-content\/uploads\/2016\/03\/logo.png","width":253,"height":283,"caption":"K8 radiatori"},"image":{"@id":"https:\/\/www.k8radiatori.it\/de\/#\/schema\/logo\/image\/"}}]}},"_links":{"self":[{"href":"https:\/\/www.k8radiatori.it\/de\/wp-json\/wp\/v3\/product\/515"}],"collection":[{"href":"https:\/\/www.k8radiatori.it\/de\/wp-json\/wp\/v3\/product"}],"about":[{"href":"https:\/\/www.k8radiatori.it\/de\/wp-json\/wp\/v2\/types\/product"}],"replies":[{"embeddable":true,"href":"https:\/\/www.k8radiatori.it\/de\/wp-json\/wp\/v2\/comments?post=515"}],"wp:featuredmedia":[{"embeddable":true,"href":"https:\/\/www.k8radiatori.it\/de\/wp-json\/wp\/v2\/media\/988"}],"wp:attachment":[{"href":"https:\/\/www.k8radiatori.it\/de\/wp-json\/wp\/v2\/media?parent=515"}],"wp:term":[{"taxonomy":"product_cat","embeddable":true,"href":"https:\/\/www.k8radiatori.it\/de\/wp-json\/wp\/v2\/product_cat?post=515"},{"taxonomy":"product_tag","embeddable":true,"href":"https:\/\/www.k8radiatori.it\/de\/wp-json\/wp\/v2\/product_tag?post=515"}],"curies":[{"name":"wp","href":"https:\/\/api.w.org\/{rel}","templated":true}]}}