{"id":511,"date":"2015-12-24T03:59:54","date_gmt":"2015-12-24T02:59:54","guid":{"rendered":"http:\/\/www.k8radiatori.it\/en\/?post_type=product&#038;p=511"},"modified":"2023-06-29T11:42:20","modified_gmt":"2023-06-29T09:42:20","slug":"uts","status":"publish","type":"product","link":"https:\/\/www.k8radiatori.it\/de\/radiatori\/heizkorper-uts\/","title":{"rendered":"UTS"},"content":{"rendered":"<p><strong><a href=\"http:\/\/www.k8radiatori.it\/wp-content\/uploads\/2016\/07\/UTS.pdf\" target=\"_blank\">Scarica qui le specifiche tecniche del radiatore<\/a><\/strong><\/p>\n<p><a href=\"\/contatti\/\">Su richiesta \u00e8 possibile avere schede dettagliate sul prodotto<\/a>7<\/p>\n<p><a href=\"http:\/\/www.k8radiatori.it\/wp-content\/uploads\/2016\/07\/UTS.jpg\"><img decoding=\"async\" loading=\"lazy\" class=\"size-full wp-image-1299 aligncenter\" src=\"http:\/\/www.k8radiatori.it\/wp-content\/uploads\/2016\/07\/UTS.jpg\" alt=\"Immagine radiatore UTS\" width=\"1190\" height=\"528\" srcset=\"https:\/\/www.k8radiatori.it\/wp-content\/uploads\/2016\/07\/UTS.jpg 1190w, https:\/\/www.k8radiatori.it\/wp-content\/uploads\/2016\/07\/UTS-400x177.jpg 400w, https:\/\/www.k8radiatori.it\/wp-content\/uploads\/2016\/07\/UTS-510x226.jpg 510w\" sizes=\"(max-width: 1190px) 100vw, 1190px\" \/><\/a><\/p>","protected":false},"excerpt":{"rendered":"<p>Das ist ein klassischer Heizk\u00f6rper aus Stahl mit geraden Horizontalr\u00f6hren. Er hat ein schlichtes aber reizendes Design und ist ganz allgemein sehr dekorativ. Dank seiner Gestalt und der reichen Ausstattung des Zubeh\u00f6res, kann dieser Heizk\u00f6rper auch zum Trocknen von Handt\u00fcchern, W\u00e4sche und Badem\u00e4ntel dienen.<\/p>\n","protected":false},"featured_media":1135,"comment_status":"closed","ping_status":"closed","template":"","meta":[],"product_cat":[29],"product_tag":[48,100],"yoast_head":"<!-- This site is optimized with the Yoast SEO plugin v20.8 - https:\/\/yoast.com\/wordpress\/plugins\/seo\/ -->\n<title>UTS - K8 radiatori<\/title>\n<meta name=\"description\" content=\"Classico radiatore tubolare in acciaio caratterizzato da elementi orizzontali rettilinei saldati sulle due spalle. Il suo desing semplice ma allo stesso tempo accativante lo rende un elemento di arredamento decorativo e le forme che lo contraddistinguono il comodo alloggiamento di salviette, biancheria e accappatoi, anche in virt\u00f9 della ricca dotazione di accessori studiata appositamente.Uts is the classic tubolar radiator steel made, characterized by horizontal straight steel element, welded on the vertical elements. Its designed, very simple but at the same time of a pleasent shape, makes Uts radiator a furnishing element and it is useful and functional to heat rooms and, at the same time, to dry and maintain warm towels, bathrobes, and other kind of clothings for personal comfort, also using the different optionals which have been studied for like external towel holder and hook.Das ist ein klassischer Heizk\u00f6rper aus Stahl mit geraden Horizontalr\u00f6hren. Er hat ein schlichtes aber reizendes Design und ist ganz allgemein sehr dekorativ. Dank seiner Gestalt und der reichen Ausstattung des Zubeh\u00f6res, kann dieser Heizk\u00f6rper auch zum Trocknen von Handt\u00fcchern, W\u00e4sche und Badem\u00e4ntel dienen.C&#039;est le classique radiateur tubolaire en acier, caract\u00e9ris\u00e9 par des \u00e9l\u00e9;ments rectilignes horizontaux, soud\u00e9;s aux deux \u00e9;l\u00e9;ments verticaux. Son dessin simple et particulier en m\u00eame temps donne \u00e8ce radiateur la possibilit\u00e9; d&#039;\u00eatre un \u00e9;l\u00e9;ment d&#039;embellissement pour la maison. En plus il faut ajouter que sa structure, qui peut \u00eatre enrichie par d&#039;autres accessoires sp\u00e9;ciaux, permet d&#039;y \u00e9;tendre des serviettes de bain, des peignoirs et du linge.Radiador tubular cl\u00e1sico realizado en acero caracterizado por elementos horizontales rectil\u00edneos soldados sobre las dos bases. Su design sencillo pero a la vez cautivador lo convierten en un elemento de decoraci\u00f3n; as\u00ed como tambi\u00e9n las formas que lo contradistinguen ya que permiten la c\u00f3moda colocaci\u00f3n de las toallas, prendas de vestir y albornoces gracias a la rica dotaci\u00f3n de accesorios estudiados exclusivamente para ello.\" \/>\n<meta name=\"robots\" content=\"index, follow, max-snippet:-1, max-image-preview:large, max-video-preview:-1\" \/>\n<link rel=\"canonical\" href=\"https:\/\/www.k8radiatori.it\/radiatori\/radiatore-uts\/\" \/>\n<script type=\"application\/ld+json\" class=\"yoast-schema-graph\">{\"@context\":\"https:\/\/schema.org\",\"@graph\":[{\"@type\":\"WebPage\",\"@id\":\"https:\/\/www.k8radiatori.it\/radiatori\/radiatore-uts\/\",\"url\":\"https:\/\/www.k8radiatori.it\/radiatori\/radiatore-uts\/\",\"name\":\"UTS - K8 radiatori\",\"isPartOf\":{\"@id\":\"https:\/\/www.k8radiatori.it\/de\/#website\"},\"datePublished\":\"2015-12-24T02:59:54+00:00\",\"dateModified\":\"2023-06-29T09:42:20+00:00\",\"description\":\"Classico radiatore tubolare in acciaio caratterizzato da elementi orizzontali rettilinei saldati sulle due spalle. Il suo desing semplice ma allo stesso tempo accativante lo rende un elemento di arredamento decorativo e le forme che lo contraddistinguono il comodo alloggiamento di salviette, biancheria e accappatoi, anche in virt\u00f9 della ricca dotazione di accessori studiata appositamente.Uts is the classic tubolar radiator steel made, characterized by horizontal straight steel element, welded on the vertical elements. Its designed, very simple but at the same time of a pleasent shape, makes Uts radiator a furnishing element and it is useful and functional to heat rooms and, at the same time, to dry and maintain warm towels, bathrobes, and other kind of clothings for personal comfort, also using the different optionals which have been studied for like external towel holder and hook.Das ist ein klassischer Heizk\u00f6rper aus Stahl mit geraden Horizontalr\u00f6hren. Er hat ein schlichtes aber reizendes Design und ist ganz allgemein sehr dekorativ. Dank seiner Gestalt und der reichen Ausstattung des Zubeh\u00f6res, kann dieser Heizk\u00f6rper auch zum Trocknen von Handt\u00fcchern, W\u00e4sche und Badem\u00e4ntel dienen.C'est le classique radiateur tubolaire en acier, caract\u00e9ris\u00e9 par des \u00e9l\u00e9;ments rectilignes horizontaux, soud\u00e9;s aux deux \u00e9;l\u00e9;ments verticaux. Son dessin simple et particulier en m\u00eame temps donne \u00e8ce radiateur la possibilit\u00e9; d'\u00eatre un \u00e9;l\u00e9;ment d'embellissement pour la maison. En plus il faut ajouter que sa structure, qui peut \u00eatre enrichie par d'autres accessoires sp\u00e9;ciaux, permet d'y \u00e9;tendre des serviettes de bain, des peignoirs et du linge.Radiador tubular cl\u00e1sico realizado en acero caracterizado por elementos horizontales rectil\u00edneos soldados sobre las dos bases. Su design sencillo pero a la vez cautivador lo convierten en un elemento de decoraci\u00f3n; as\u00ed como tambi\u00e9n las formas que lo contradistinguen ya que permiten la c\u00f3moda colocaci\u00f3n de las toallas, prendas de vestir y albornoces gracias a la rica dotaci\u00f3n de accesorios estudiados exclusivamente para ello.\",\"breadcrumb\":{\"@id\":\"https:\/\/www.k8radiatori.it\/radiatori\/radiatore-uts\/#breadcrumb\"},\"inLanguage\":\"de-DE\",\"potentialAction\":[{\"@type\":\"ReadAction\",\"target\":[\"https:\/\/www.k8radiatori.it\/radiatori\/radiatore-uts\/\"]}]},{\"@type\":\"BreadcrumbList\",\"@id\":\"https:\/\/www.k8radiatori.it\/radiatori\/radiatore-uts\/#breadcrumb\",\"itemListElement\":[{\"@type\":\"ListItem\",\"position\":1,\"name\":\"Home\",\"item\":\"https:\/\/www.k8radiatori.it\/\"},{\"@type\":\"ListItem\",\"position\":2,\"name\":\"Shop\",\"item\":\"https:\/\/www.k8radiatori.it\/de\/negozio\/\"},{\"@type\":\"ListItem\",\"position\":3,\"name\":\"UTS\"}]},{\"@type\":\"WebSite\",\"@id\":\"https:\/\/www.k8radiatori.it\/de\/#website\",\"url\":\"https:\/\/www.k8radiatori.it\/de\/\",\"name\":\"K8 radiatori\",\"description\":\"K8 radiatori\",\"publisher\":{\"@id\":\"https:\/\/www.k8radiatori.it\/de\/#organization\"},\"potentialAction\":[{\"@type\":\"SearchAction\",\"target\":{\"@type\":\"EntryPoint\",\"urlTemplate\":\"https:\/\/www.k8radiatori.it\/de\/?s={search_term_string}\"},\"query-input\":\"required name=search_term_string\"}],\"inLanguage\":\"de-DE\"},{\"@type\":\"Organization\",\"@id\":\"https:\/\/www.k8radiatori.it\/de\/#organization\",\"name\":\"K8 radiatori\",\"url\":\"https:\/\/www.k8radiatori.it\/de\/\",\"logo\":{\"@type\":\"ImageObject\",\"inLanguage\":\"de-DE\",\"@id\":\"https:\/\/www.k8radiatori.it\/de\/#\/schema\/logo\/image\/\",\"url\":\"https:\/\/www.k8radiatori.it\/wp-content\/uploads\/2016\/03\/logo.png\",\"contentUrl\":\"https:\/\/www.k8radiatori.it\/wp-content\/uploads\/2016\/03\/logo.png\",\"width\":253,\"height\":283,\"caption\":\"K8 radiatori\"},\"image\":{\"@id\":\"https:\/\/www.k8radiatori.it\/de\/#\/schema\/logo\/image\/\"}}]}<\/script>\n<!-- \/ Yoast SEO plugin. -->","yoast_head_json":{"title":"UTS - K8 radiatori","description":"Classico radiatore tubolare in acciaio caratterizzato da elementi orizzontali rettilinei saldati sulle due spalle. Il suo desing semplice ma allo stesso tempo accativante lo rende un elemento di arredamento decorativo e le forme che lo contraddistinguono il comodo alloggiamento di salviette, biancheria e accappatoi, anche in virt\u00f9 della ricca dotazione di accessori studiata appositamente.Uts is the classic tubolar radiator steel made, characterized by horizontal straight steel element, welded on the vertical elements. Its designed, very simple but at the same time of a pleasent shape, makes Uts radiator a furnishing element and it is useful and functional to heat rooms and, at the same time, to dry and maintain warm towels, bathrobes, and other kind of clothings for personal comfort, also using the different optionals which have been studied for like external towel holder and hook.Das ist ein klassischer Heizk\u00f6rper aus Stahl mit geraden Horizontalr\u00f6hren. Er hat ein schlichtes aber reizendes Design und ist ganz allgemein sehr dekorativ. Dank seiner Gestalt und der reichen Ausstattung des Zubeh\u00f6res, kann dieser Heizk\u00f6rper auch zum Trocknen von Handt\u00fcchern, W\u00e4sche und Badem\u00e4ntel dienen.C'est le classique radiateur tubolaire en acier, caract\u00e9ris\u00e9 par des \u00e9l\u00e9;ments rectilignes horizontaux, soud\u00e9;s aux deux \u00e9;l\u00e9;ments verticaux. Son dessin simple et particulier en m\u00eame temps donne \u00e8ce radiateur la possibilit\u00e9; d'\u00eatre un \u00e9;l\u00e9;ment d'embellissement pour la maison. En plus il faut ajouter que sa structure, qui peut \u00eatre enrichie par d'autres accessoires sp\u00e9;ciaux, permet d'y \u00e9;tendre des serviettes de bain, des peignoirs et du linge.Radiador tubular cl\u00e1sico realizado en acero caracterizado por elementos horizontales rectil\u00edneos soldados sobre las dos bases. Su design sencillo pero a la vez cautivador lo convierten en un elemento de decoraci\u00f3n; as\u00ed como tambi\u00e9n las formas que lo contradistinguen ya que permiten la c\u00f3moda colocaci\u00f3n de las toallas, prendas de vestir y albornoces gracias a la rica dotaci\u00f3n de accesorios estudiados exclusivamente para ello.","robots":{"index":"index","follow":"follow","max-snippet":"max-snippet:-1","max-image-preview":"max-image-preview:large","max-video-preview":"max-video-preview:-1"},"canonical":"https:\/\/www.k8radiatori.it\/radiatori\/radiatore-uts\/","schema":{"@context":"https:\/\/schema.org","@graph":[{"@type":"WebPage","@id":"https:\/\/www.k8radiatori.it\/radiatori\/radiatore-uts\/","url":"https:\/\/www.k8radiatori.it\/radiatori\/radiatore-uts\/","name":"UTS - K8 radiatori","isPartOf":{"@id":"https:\/\/www.k8radiatori.it\/de\/#website"},"datePublished":"2015-12-24T02:59:54+00:00","dateModified":"2023-06-29T09:42:20+00:00","description":"Classico radiatore tubolare in acciaio caratterizzato da elementi orizzontali rettilinei saldati sulle due spalle. Il suo desing semplice ma allo stesso tempo accativante lo rende un elemento di arredamento decorativo e le forme che lo contraddistinguono il comodo alloggiamento di salviette, biancheria e accappatoi, anche in virt\u00f9 della ricca dotazione di accessori studiata appositamente.Uts is the classic tubolar radiator steel made, characterized by horizontal straight steel element, welded on the vertical elements. Its designed, very simple but at the same time of a pleasent shape, makes Uts radiator a furnishing element and it is useful and functional to heat rooms and, at the same time, to dry and maintain warm towels, bathrobes, and other kind of clothings for personal comfort, also using the different optionals which have been studied for like external towel holder and hook.Das ist ein klassischer Heizk\u00f6rper aus Stahl mit geraden Horizontalr\u00f6hren. Er hat ein schlichtes aber reizendes Design und ist ganz allgemein sehr dekorativ. Dank seiner Gestalt und der reichen Ausstattung des Zubeh\u00f6res, kann dieser Heizk\u00f6rper auch zum Trocknen von Handt\u00fcchern, W\u00e4sche und Badem\u00e4ntel dienen.C'est le classique radiateur tubolaire en acier, caract\u00e9ris\u00e9 par des \u00e9l\u00e9;ments rectilignes horizontaux, soud\u00e9;s aux deux \u00e9;l\u00e9;ments verticaux. Son dessin simple et particulier en m\u00eame temps donne \u00e8ce radiateur la possibilit\u00e9; d'\u00eatre un \u00e9;l\u00e9;ment d'embellissement pour la maison. En plus il faut ajouter que sa structure, qui peut \u00eatre enrichie par d'autres accessoires sp\u00e9;ciaux, permet d'y \u00e9;tendre des serviettes de bain, des peignoirs et du linge.Radiador tubular cl\u00e1sico realizado en acero caracterizado por elementos horizontales rectil\u00edneos soldados sobre las dos bases. Su design sencillo pero a la vez cautivador lo convierten en un elemento de decoraci\u00f3n; as\u00ed como tambi\u00e9n las formas que lo contradistinguen ya que permiten la c\u00f3moda colocaci\u00f3n de las toallas, prendas de vestir y albornoces gracias a la rica dotaci\u00f3n de accesorios estudiados exclusivamente para ello.","breadcrumb":{"@id":"https:\/\/www.k8radiatori.it\/radiatori\/radiatore-uts\/#breadcrumb"},"inLanguage":"de-DE","potentialAction":[{"@type":"ReadAction","target":["https:\/\/www.k8radiatori.it\/radiatori\/radiatore-uts\/"]}]},{"@type":"BreadcrumbList","@id":"https:\/\/www.k8radiatori.it\/radiatori\/radiatore-uts\/#breadcrumb","itemListElement":[{"@type":"ListItem","position":1,"name":"Home","item":"https:\/\/www.k8radiatori.it\/"},{"@type":"ListItem","position":2,"name":"Shop","item":"https:\/\/www.k8radiatori.it\/de\/negozio\/"},{"@type":"ListItem","position":3,"name":"UTS"}]},{"@type":"WebSite","@id":"https:\/\/www.k8radiatori.it\/de\/#website","url":"https:\/\/www.k8radiatori.it\/de\/","name":"K8 radiatori","description":"K8 radiatori","publisher":{"@id":"https:\/\/www.k8radiatori.it\/de\/#organization"},"potentialAction":[{"@type":"SearchAction","target":{"@type":"EntryPoint","urlTemplate":"https:\/\/www.k8radiatori.it\/de\/?s={search_term_string}"},"query-input":"required name=search_term_string"}],"inLanguage":"de-DE"},{"@type":"Organization","@id":"https:\/\/www.k8radiatori.it\/de\/#organization","name":"K8 radiatori","url":"https:\/\/www.k8radiatori.it\/de\/","logo":{"@type":"ImageObject","inLanguage":"de-DE","@id":"https:\/\/www.k8radiatori.it\/de\/#\/schema\/logo\/image\/","url":"https:\/\/www.k8radiatori.it\/wp-content\/uploads\/2016\/03\/logo.png","contentUrl":"https:\/\/www.k8radiatori.it\/wp-content\/uploads\/2016\/03\/logo.png","width":253,"height":283,"caption":"K8 radiatori"},"image":{"@id":"https:\/\/www.k8radiatori.it\/de\/#\/schema\/logo\/image\/"}}]}},"_links":{"self":[{"href":"https:\/\/www.k8radiatori.it\/de\/wp-json\/wp\/v3\/product\/511"}],"collection":[{"href":"https:\/\/www.k8radiatori.it\/de\/wp-json\/wp\/v3\/product"}],"about":[{"href":"https:\/\/www.k8radiatori.it\/de\/wp-json\/wp\/v2\/types\/product"}],"replies":[{"embeddable":true,"href":"https:\/\/www.k8radiatori.it\/de\/wp-json\/wp\/v2\/comments?post=511"}],"wp:featuredmedia":[{"embeddable":true,"href":"https:\/\/www.k8radiatori.it\/de\/wp-json\/wp\/v2\/media\/1135"}],"wp:attachment":[{"href":"https:\/\/www.k8radiatori.it\/de\/wp-json\/wp\/v2\/media?parent=511"}],"wp:term":[{"taxonomy":"product_cat","embeddable":true,"href":"https:\/\/www.k8radiatori.it\/de\/wp-json\/wp\/v2\/product_cat?post=511"},{"taxonomy":"product_tag","embeddable":true,"href":"https:\/\/www.k8radiatori.it\/de\/wp-json\/wp\/v2\/product_tag?post=511"}],"curies":[{"name":"wp","href":"https:\/\/api.w.org\/{rel}","templated":true}]}}