{"id":2646,"date":"2023-07-01T15:06:13","date_gmt":"2023-07-01T13:06:13","guid":{"rendered":"https:\/\/www.k8radiatori.it\/?post_type=product&#038;p=2646"},"modified":"2023-07-03T14:22:18","modified_gmt":"2023-07-03T12:22:18","slug":"reflex-40","status":"publish","type":"product","link":"https:\/\/www.k8radiatori.it\/de\/radiatori\/reflex-40\/","title":{"rendered":"Reflex 40"},"content":{"rendered":"<p><strong><a href=\"http:\/\/www.k8radiatori.it\/wp-content\/uploads\/2023\/03\/Reflex-tecnica.pdf\" target=\"_blank\" rel=\"noopener noreferrer\">Scarica qui le specifiche tecniche del radiatore<\/a><\/strong><\/p>\n<p><a href=\"\/de\/contatti\/\">Su richiesta \u00e8 possibile avere schede dettagliate sul prodotto<\/a><\/p>\n<p>&nbsp;<\/p>\n<p><img decoding=\"async\" loading=\"lazy\" class=\"alignnone size-medium wp-image-2395\" src=\"http:\/\/www.k8radiatori.it\/wp-content\/uploads\/2023\/03\/Reflex-316x400.jpg\" alt=\"\" width=\"316\" height=\"400\" srcset=\"https:\/\/www.k8radiatori.it\/wp-content\/uploads\/2023\/03\/Reflex-316x400.jpg 316w, https:\/\/www.k8radiatori.it\/wp-content\/uploads\/2023\/03\/Reflex-510x646.jpg 510w, https:\/\/www.k8radiatori.it\/wp-content\/uploads\/2023\/03\/Reflex.jpg 1000w\" sizes=\"(max-width: 316px) 100vw, 316px\" \/><\/p>\n<p>&nbsp;<\/p>\n<p>&nbsp;<\/p>","protected":false},"excerpt":{"rendered":"<p>Ein Spiegel oder ein dekoratives Objekt, das auf den ersten Blick wie ein M\u00f6belst\u00fcck aussieht, aber im t\u00e4glichen Gebrauch zu einem Infrarot-Strahlungsheizpanel wird, um dem Raum zu bestimmten Tageszeiten oder als Erg\u00e4nzung zur herk\u00f6mmlichen Heizanlage zus\u00e4tzliche W\u00e4rme zu verleihen.<\/p>\n<p>Reflex ist einfach an der Wand zu installieren, es ben\u00f6tigt nur eine Schuko-Steckdose zum Betrieb und es sind keine Maurerarbeiten f\u00fcr die Montage erforderlich. Aus geh\u00e4rtetem Glas, in 3 Dimensionen erh\u00e4ltlich, mit Touchpanel und serienm\u00e4\u00dfigem Fernbedienung, \u00fcber die die Ein- und Ausschaltfunktionen gesteuert werden k\u00f6nnen.<\/p>\n<p>Es stehen drei verschiedene Heizleistungsstufen zur Auswahl, mit einem Knopf f\u00fcr die automatische Abschaltung nach 2 Stunden ununterbrochenem Betrieb.<\/p>\n<p>Reflex 40 hat eine Breite von 40 cm und ist in 3 verschiedenen H\u00f6hen erh\u00e4ltlich.<\/p>\n","protected":false},"featured_media":1773,"comment_status":"closed","ping_status":"closed","template":"","meta":[],"product_cat":[28],"product_tag":[48,245],"yoast_head":"<!-- This site is optimized with the Yoast SEO plugin v20.8 - https:\/\/yoast.com\/wordpress\/plugins\/seo\/ -->\n<title>Reflex 40 - K8 radiatori<\/title>\n<meta name=\"description\" content=\"Uno specchio o un oggetto d\u2019arredamento all&#039;apparenza ma che nella utilit\u00e0 quotidiana diventa un pannello radiante a raggi infrarossi con la funzione di dare all&#039;ambiente quel plus di calore necessario in alcuni momenti della giornata o come integrazione al tradizionale sistema di riscaldamento.  Reflex \u00e8 semplice nella sua installazione a parete, necessita per il funzionamento solo di una presa elettrica schuko e non servono lavori di muratura per eseguirne il montaggio. In cristallo temperato, in 3 dimensioni, dotato di pannello touchpanel e con telecomando fornito di serie, attraverso i quali \u00e8 possibile controllare le funzioni di accensione e spegnimento. Scelta tra tre livelli disponibili di potenza riscaldante, tasto per lo spegnimento automatico dopo 2 ore di funzionamento continuo.  Reflex 40 \u00e8 largo 40 cm e disponibile\u00a0 in 3 altezze.It looks like a mirror or a furnishing accessory, but at a touch it becomes an infrared radiating panel that can provide that little extra bit of heat required at some moments during the day, or be used as a supplement to your traditional heating system.  Reflex is easily installed on the wall, requiring only a small electrical connection and no masonry work in mounting. Made in tempered glass, it comes in 3 sizes, is equipped with a touch-panel and supplied with a remote control as standard that can be used to switch the radiator on and off. Choice of three levels of heating power, and button for automatic switch-off after 2 hours of continuous operation.  Reflex has a width of 40 cm and is available in 3 different heights.Ein Spiegel oder ein dekoratives Objekt, das auf den ersten Blick wie ein M\u00f6belst\u00fcck aussieht, aber im t\u00e4glichen Gebrauch zu einem Infrarot-Strahlungsheizpanel wird, um dem Raum zu bestimmten Tageszeiten oder als Erg\u00e4nzung zur herk\u00f6mmlichen Heizanlage zus\u00e4tzliche W\u00e4rme zu verleihen.  Reflex ist einfach an der Wand zu installieren, es ben\u00f6tigt nur eine Schuko-Steckdose zum Betrieb und es sind keine Maurerarbeiten f\u00fcr die Montage erforderlich. Aus geh\u00e4rtetem Glas, in 3 Dimensionen erh\u00e4ltlich, mit Touchpanel und serienm\u00e4\u00dfigem Fernbedienung, \u00fcber die die Ein- und Ausschaltfunktionen gesteuert werden k\u00f6nnen.  Es stehen drei verschiedene Heizleistungsstufen zur Auswahl, mit einem Knopf f\u00fcr die automatische Abschaltung nach 2 Stunden ununterbrochenem Betrieb.  Reflex 40 hat eine Breite von 40 cm und ist in 3 verschiedenen H\u00f6hen erh\u00e4ltlich.Un miroir ou un objet de d\u00e9coration en apparence, mais qui dans l&#039;utilisation quotidienne se transforme en un panneau radiant \u00e0 infrarouges avec la fonction de fournir cette chaleur suppl\u00e9mentaire n\u00e9cessaire \u00e0 certains moments de la journ\u00e9e ou en compl\u00e9ment du syst\u00e8me de chauffage traditionnel.  Reflex est facile \u00e0 installer sur le mur, il ne n\u00e9cessite qu&#039;une prise \u00e9lectrique schuko pour fonctionner et aucun travaux de ma\u00e7onnerie ne sont n\u00e9cessaires pour son montage. Fabriqu\u00e9 en verre tremp\u00e9, en 3 dimensions, \u00e9quip\u00e9 d&#039;un panneau tactile et d&#039;une t\u00e9l\u00e9commande fournie en standard, \u00e0 travers lesquels il est possible de contr\u00f4ler les fonctions d&#039;allumage et d&#039;extinction.  Il existe trois niveaux de puissance de chauffage disponibles, avec un bouton d&#039;arr\u00eat automatique apr\u00e8s 2 heures de fonctionnement continu.  Reflex 40 a une largeur de 40 cm et est disponible en 3 hauteurs.Un espejo o un objeto decorativo en apariencia, pero que en el uso diario se convierte en un panel radiante de rayos infrarrojos con la funci\u00f3n de brindar ese plus de calor necesario en ciertos momentos del d\u00eda o como complemento al sistema de calefacci\u00f3n tradicional.  Reflex es f\u00e1cil de instalar en la pared, solo requiere un enchufe el\u00e9ctrico tipo schuko para funcionar y no se necesitan trabajos de alba\u00f1iler\u00eda para su montaje. Est\u00e1 hecho de vidrio templado, en 3 dimensiones, con un panel t\u00e1ctil y un control remoto incluidos, a trav\u00e9s de los cuales se pueden controlar las funciones de encendido y apagado.  Puedes elegir entre tres niveles de potencia de calefacci\u00f3n disponibles y tiene un bot\u00f3n de apagado autom\u00e1tico despu\u00e9s de 2 horas de funcionamiento continuo.  Reflex 40 tiene un ancho de 40 cm y est\u00e1 disponible en 3 alturas.\" \/>\n<meta name=\"robots\" content=\"index, follow, max-snippet:-1, max-image-preview:large, max-video-preview:-1\" \/>\n<link rel=\"canonical\" href=\"https:\/\/www.k8radiatori.it\/radiatori\/reflex-40\/\" \/>\n<meta name=\"twitter:label1\" content=\"Gesch\u00e4tzte Lesezeit\" \/>\n\t<meta name=\"twitter:data1\" content=\"1 Minute\" \/>\n<script type=\"application\/ld+json\" class=\"yoast-schema-graph\">{\"@context\":\"https:\/\/schema.org\",\"@graph\":[{\"@type\":\"WebPage\",\"@id\":\"https:\/\/www.k8radiatori.it\/radiatori\/reflex-40\/\",\"url\":\"https:\/\/www.k8radiatori.it\/radiatori\/reflex-40\/\",\"name\":\"Reflex 40 - K8 radiatori\",\"isPartOf\":{\"@id\":\"https:\/\/www.k8radiatori.it\/de\/#website\"},\"datePublished\":\"2023-07-01T13:06:13+00:00\",\"dateModified\":\"2023-07-03T12:22:18+00:00\",\"description\":\"Uno specchio o un oggetto d\u2019arredamento all'apparenza ma che nella utilit\u00e0 quotidiana diventa un pannello radiante a raggi infrarossi con la funzione di dare all'ambiente quel plus di calore necessario in alcuni momenti della giornata o come integrazione al tradizionale sistema di riscaldamento. Reflex \u00e8 semplice nella sua installazione a parete, necessita per il funzionamento solo di una presa elettrica schuko e non servono lavori di muratura per eseguirne il montaggio. In cristallo temperato, in 3 dimensioni, dotato di pannello touchpanel e con telecomando fornito di serie, attraverso i quali \u00e8 possibile controllare le funzioni di accensione e spegnimento. Scelta tra tre livelli disponibili di potenza riscaldante, tasto per lo spegnimento automatico dopo 2 ore di funzionamento continuo. Reflex 40 \u00e8 largo 40 cm e disponibile\u00a0 in 3 altezze.It looks like a mirror or a furnishing accessory, but at a touch it becomes an infrared radiating panel that can provide that little extra bit of heat required at some moments during the day, or be used as a supplement to your traditional heating system. Reflex is easily installed on the wall, requiring only a small electrical connection and no masonry work in mounting. Made in tempered glass, it comes in 3 sizes, is equipped with a touch-panel and supplied with a remote control as standard that can be used to switch the radiator on and off. Choice of three levels of heating power, and button for automatic switch-off after 2 hours of continuous operation. Reflex has a width of 40 cm and is available in 3 different heights.Ein Spiegel oder ein dekoratives Objekt, das auf den ersten Blick wie ein M\u00f6belst\u00fcck aussieht, aber im t\u00e4glichen Gebrauch zu einem Infrarot-Strahlungsheizpanel wird, um dem Raum zu bestimmten Tageszeiten oder als Erg\u00e4nzung zur herk\u00f6mmlichen Heizanlage zus\u00e4tzliche W\u00e4rme zu verleihen. Reflex ist einfach an der Wand zu installieren, es ben\u00f6tigt nur eine Schuko-Steckdose zum Betrieb und es sind keine Maurerarbeiten f\u00fcr die Montage erforderlich. Aus geh\u00e4rtetem Glas, in 3 Dimensionen erh\u00e4ltlich, mit Touchpanel und serienm\u00e4\u00dfigem Fernbedienung, \u00fcber die die Ein- und Ausschaltfunktionen gesteuert werden k\u00f6nnen. Es stehen drei verschiedene Heizleistungsstufen zur Auswahl, mit einem Knopf f\u00fcr die automatische Abschaltung nach 2 Stunden ununterbrochenem Betrieb. Reflex 40 hat eine Breite von 40 cm und ist in 3 verschiedenen H\u00f6hen erh\u00e4ltlich.Un miroir ou un objet de d\u00e9coration en apparence, mais qui dans l'utilisation quotidienne se transforme en un panneau radiant \u00e0 infrarouges avec la fonction de fournir cette chaleur suppl\u00e9mentaire n\u00e9cessaire \u00e0 certains moments de la journ\u00e9e ou en compl\u00e9ment du syst\u00e8me de chauffage traditionnel. Reflex est facile \u00e0 installer sur le mur, il ne n\u00e9cessite qu'une prise \u00e9lectrique schuko pour fonctionner et aucun travaux de ma\u00e7onnerie ne sont n\u00e9cessaires pour son montage. Fabriqu\u00e9 en verre tremp\u00e9, en 3 dimensions, \u00e9quip\u00e9 d'un panneau tactile et d'une t\u00e9l\u00e9commande fournie en standard, \u00e0 travers lesquels il est possible de contr\u00f4ler les fonctions d'allumage et d'extinction. Il existe trois niveaux de puissance de chauffage disponibles, avec un bouton d'arr\u00eat automatique apr\u00e8s 2 heures de fonctionnement continu. Reflex 40 a une largeur de 40 cm et est disponible en 3 hauteurs.Un espejo o un objeto decorativo en apariencia, pero que en el uso diario se convierte en un panel radiante de rayos infrarrojos con la funci\u00f3n de brindar ese plus de calor necesario en ciertos momentos del d\u00eda o como complemento al sistema de calefacci\u00f3n tradicional. Reflex es f\u00e1cil de instalar en la pared, solo requiere un enchufe el\u00e9ctrico tipo schuko para funcionar y no se necesitan trabajos de alba\u00f1iler\u00eda para su montaje. Est\u00e1 hecho de vidrio templado, en 3 dimensiones, con un panel t\u00e1ctil y un control remoto incluidos, a trav\u00e9s de los cuales se pueden controlar las funciones de encendido y apagado. Puedes elegir entre tres niveles de potencia de calefacci\u00f3n disponibles y tiene un bot\u00f3n de apagado autom\u00e1tico despu\u00e9s de 2 horas de funcionamiento continuo. Reflex 40 tiene un ancho de 40 cm y est\u00e1 disponible en 3 alturas.\",\"breadcrumb\":{\"@id\":\"https:\/\/www.k8radiatori.it\/radiatori\/reflex-40\/#breadcrumb\"},\"inLanguage\":\"de-DE\",\"potentialAction\":[{\"@type\":\"ReadAction\",\"target\":[\"https:\/\/www.k8radiatori.it\/radiatori\/reflex-40\/\"]}]},{\"@type\":\"BreadcrumbList\",\"@id\":\"https:\/\/www.k8radiatori.it\/radiatori\/reflex-40\/#breadcrumb\",\"itemListElement\":[{\"@type\":\"ListItem\",\"position\":1,\"name\":\"Home\",\"item\":\"https:\/\/www.k8radiatori.it\/\"},{\"@type\":\"ListItem\",\"position\":2,\"name\":\"Shop\",\"item\":\"https:\/\/www.k8radiatori.it\/de\/negozio\/\"},{\"@type\":\"ListItem\",\"position\":3,\"name\":\"Reflex 40\"}]},{\"@type\":\"WebSite\",\"@id\":\"https:\/\/www.k8radiatori.it\/de\/#website\",\"url\":\"https:\/\/www.k8radiatori.it\/de\/\",\"name\":\"K8 radiatori\",\"description\":\"K8 radiatori\",\"publisher\":{\"@id\":\"https:\/\/www.k8radiatori.it\/de\/#organization\"},\"potentialAction\":[{\"@type\":\"SearchAction\",\"target\":{\"@type\":\"EntryPoint\",\"urlTemplate\":\"https:\/\/www.k8radiatori.it\/de\/?s={search_term_string}\"},\"query-input\":\"required name=search_term_string\"}],\"inLanguage\":\"de-DE\"},{\"@type\":\"Organization\",\"@id\":\"https:\/\/www.k8radiatori.it\/de\/#organization\",\"name\":\"K8 radiatori\",\"url\":\"https:\/\/www.k8radiatori.it\/de\/\",\"logo\":{\"@type\":\"ImageObject\",\"inLanguage\":\"de-DE\",\"@id\":\"https:\/\/www.k8radiatori.it\/de\/#\/schema\/logo\/image\/\",\"url\":\"https:\/\/www.k8radiatori.it\/wp-content\/uploads\/2016\/03\/logo.png\",\"contentUrl\":\"https:\/\/www.k8radiatori.it\/wp-content\/uploads\/2016\/03\/logo.png\",\"width\":253,\"height\":283,\"caption\":\"K8 radiatori\"},\"image\":{\"@id\":\"https:\/\/www.k8radiatori.it\/de\/#\/schema\/logo\/image\/\"}}]}<\/script>\n<!-- \/ Yoast SEO plugin. -->","yoast_head_json":{"title":"Reflex 40 - K8 radiatori","description":"Uno specchio o un oggetto d\u2019arredamento all'apparenza ma che nella utilit\u00e0 quotidiana diventa un pannello radiante a raggi infrarossi con la funzione di dare all'ambiente quel plus di calore necessario in alcuni momenti della giornata o come integrazione al tradizionale sistema di riscaldamento.  Reflex \u00e8 semplice nella sua installazione a parete, necessita per il funzionamento solo di una presa elettrica schuko e non servono lavori di muratura per eseguirne il montaggio. In cristallo temperato, in 3 dimensioni, dotato di pannello touchpanel e con telecomando fornito di serie, attraverso i quali \u00e8 possibile controllare le funzioni di accensione e spegnimento. Scelta tra tre livelli disponibili di potenza riscaldante, tasto per lo spegnimento automatico dopo 2 ore di funzionamento continuo.  Reflex 40 \u00e8 largo 40 cm e disponibile\u00a0 in 3 altezze.It looks like a mirror or a furnishing accessory, but at a touch it becomes an infrared radiating panel that can provide that little extra bit of heat required at some moments during the day, or be used as a supplement to your traditional heating system.  Reflex is easily installed on the wall, requiring only a small electrical connection and no masonry work in mounting. Made in tempered glass, it comes in 3 sizes, is equipped with a touch-panel and supplied with a remote control as standard that can be used to switch the radiator on and off. Choice of three levels of heating power, and button for automatic switch-off after 2 hours of continuous operation.  Reflex has a width of 40 cm and is available in 3 different heights.Ein Spiegel oder ein dekoratives Objekt, das auf den ersten Blick wie ein M\u00f6belst\u00fcck aussieht, aber im t\u00e4glichen Gebrauch zu einem Infrarot-Strahlungsheizpanel wird, um dem Raum zu bestimmten Tageszeiten oder als Erg\u00e4nzung zur herk\u00f6mmlichen Heizanlage zus\u00e4tzliche W\u00e4rme zu verleihen.  Reflex ist einfach an der Wand zu installieren, es ben\u00f6tigt nur eine Schuko-Steckdose zum Betrieb und es sind keine Maurerarbeiten f\u00fcr die Montage erforderlich. Aus geh\u00e4rtetem Glas, in 3 Dimensionen erh\u00e4ltlich, mit Touchpanel und serienm\u00e4\u00dfigem Fernbedienung, \u00fcber die die Ein- und Ausschaltfunktionen gesteuert werden k\u00f6nnen.  Es stehen drei verschiedene Heizleistungsstufen zur Auswahl, mit einem Knopf f\u00fcr die automatische Abschaltung nach 2 Stunden ununterbrochenem Betrieb.  Reflex 40 hat eine Breite von 40 cm und ist in 3 verschiedenen H\u00f6hen erh\u00e4ltlich.Un miroir ou un objet de d\u00e9coration en apparence, mais qui dans l'utilisation quotidienne se transforme en un panneau radiant \u00e0 infrarouges avec la fonction de fournir cette chaleur suppl\u00e9mentaire n\u00e9cessaire \u00e0 certains moments de la journ\u00e9e ou en compl\u00e9ment du syst\u00e8me de chauffage traditionnel.  Reflex est facile \u00e0 installer sur le mur, il ne n\u00e9cessite qu'une prise \u00e9lectrique schuko pour fonctionner et aucun travaux de ma\u00e7onnerie ne sont n\u00e9cessaires pour son montage. Fabriqu\u00e9 en verre tremp\u00e9, en 3 dimensions, \u00e9quip\u00e9 d'un panneau tactile et d'une t\u00e9l\u00e9commande fournie en standard, \u00e0 travers lesquels il est possible de contr\u00f4ler les fonctions d'allumage et d'extinction.  Il existe trois niveaux de puissance de chauffage disponibles, avec un bouton d'arr\u00eat automatique apr\u00e8s 2 heures de fonctionnement continu.  Reflex 40 a une largeur de 40 cm et est disponible en 3 hauteurs.Un espejo o un objeto decorativo en apariencia, pero que en el uso diario se convierte en un panel radiante de rayos infrarrojos con la funci\u00f3n de brindar ese plus de calor necesario en ciertos momentos del d\u00eda o como complemento al sistema de calefacci\u00f3n tradicional.  Reflex es f\u00e1cil de instalar en la pared, solo requiere un enchufe el\u00e9ctrico tipo schuko para funcionar y no se necesitan trabajos de alba\u00f1iler\u00eda para su montaje. Est\u00e1 hecho de vidrio templado, en 3 dimensiones, con un panel t\u00e1ctil y un control remoto incluidos, a trav\u00e9s de los cuales se pueden controlar las funciones de encendido y apagado.  Puedes elegir entre tres niveles de potencia de calefacci\u00f3n disponibles y tiene un bot\u00f3n de apagado autom\u00e1tico despu\u00e9s de 2 horas de funcionamiento continuo.  Reflex 40 tiene un ancho de 40 cm y est\u00e1 disponible en 3 alturas.","robots":{"index":"index","follow":"follow","max-snippet":"max-snippet:-1","max-image-preview":"max-image-preview:large","max-video-preview":"max-video-preview:-1"},"canonical":"https:\/\/www.k8radiatori.it\/radiatori\/reflex-40\/","twitter_misc":{"Gesch\u00e4tzte Lesezeit":"1 Minute"},"schema":{"@context":"https:\/\/schema.org","@graph":[{"@type":"WebPage","@id":"https:\/\/www.k8radiatori.it\/radiatori\/reflex-40\/","url":"https:\/\/www.k8radiatori.it\/radiatori\/reflex-40\/","name":"Reflex 40 - K8 radiatori","isPartOf":{"@id":"https:\/\/www.k8radiatori.it\/de\/#website"},"datePublished":"2023-07-01T13:06:13+00:00","dateModified":"2023-07-03T12:22:18+00:00","description":"Uno specchio o un oggetto d\u2019arredamento all'apparenza ma che nella utilit\u00e0 quotidiana diventa un pannello radiante a raggi infrarossi con la funzione di dare all'ambiente quel plus di calore necessario in alcuni momenti della giornata o come integrazione al tradizionale sistema di riscaldamento. Reflex \u00e8 semplice nella sua installazione a parete, necessita per il funzionamento solo di una presa elettrica schuko e non servono lavori di muratura per eseguirne il montaggio. In cristallo temperato, in 3 dimensioni, dotato di pannello touchpanel e con telecomando fornito di serie, attraverso i quali \u00e8 possibile controllare le funzioni di accensione e spegnimento. Scelta tra tre livelli disponibili di potenza riscaldante, tasto per lo spegnimento automatico dopo 2 ore di funzionamento continuo. Reflex 40 \u00e8 largo 40 cm e disponibile\u00a0 in 3 altezze.It looks like a mirror or a furnishing accessory, but at a touch it becomes an infrared radiating panel that can provide that little extra bit of heat required at some moments during the day, or be used as a supplement to your traditional heating system. Reflex is easily installed on the wall, requiring only a small electrical connection and no masonry work in mounting. Made in tempered glass, it comes in 3 sizes, is equipped with a touch-panel and supplied with a remote control as standard that can be used to switch the radiator on and off. Choice of three levels of heating power, and button for automatic switch-off after 2 hours of continuous operation. Reflex has a width of 40 cm and is available in 3 different heights.Ein Spiegel oder ein dekoratives Objekt, das auf den ersten Blick wie ein M\u00f6belst\u00fcck aussieht, aber im t\u00e4glichen Gebrauch zu einem Infrarot-Strahlungsheizpanel wird, um dem Raum zu bestimmten Tageszeiten oder als Erg\u00e4nzung zur herk\u00f6mmlichen Heizanlage zus\u00e4tzliche W\u00e4rme zu verleihen. Reflex ist einfach an der Wand zu installieren, es ben\u00f6tigt nur eine Schuko-Steckdose zum Betrieb und es sind keine Maurerarbeiten f\u00fcr die Montage erforderlich. Aus geh\u00e4rtetem Glas, in 3 Dimensionen erh\u00e4ltlich, mit Touchpanel und serienm\u00e4\u00dfigem Fernbedienung, \u00fcber die die Ein- und Ausschaltfunktionen gesteuert werden k\u00f6nnen. Es stehen drei verschiedene Heizleistungsstufen zur Auswahl, mit einem Knopf f\u00fcr die automatische Abschaltung nach 2 Stunden ununterbrochenem Betrieb. Reflex 40 hat eine Breite von 40 cm und ist in 3 verschiedenen H\u00f6hen erh\u00e4ltlich.Un miroir ou un objet de d\u00e9coration en apparence, mais qui dans l'utilisation quotidienne se transforme en un panneau radiant \u00e0 infrarouges avec la fonction de fournir cette chaleur suppl\u00e9mentaire n\u00e9cessaire \u00e0 certains moments de la journ\u00e9e ou en compl\u00e9ment du syst\u00e8me de chauffage traditionnel. Reflex est facile \u00e0 installer sur le mur, il ne n\u00e9cessite qu'une prise \u00e9lectrique schuko pour fonctionner et aucun travaux de ma\u00e7onnerie ne sont n\u00e9cessaires pour son montage. Fabriqu\u00e9 en verre tremp\u00e9, en 3 dimensions, \u00e9quip\u00e9 d'un panneau tactile et d'une t\u00e9l\u00e9commande fournie en standard, \u00e0 travers lesquels il est possible de contr\u00f4ler les fonctions d'allumage et d'extinction. Il existe trois niveaux de puissance de chauffage disponibles, avec un bouton d'arr\u00eat automatique apr\u00e8s 2 heures de fonctionnement continu. Reflex 40 a une largeur de 40 cm et est disponible en 3 hauteurs.Un espejo o un objeto decorativo en apariencia, pero que en el uso diario se convierte en un panel radiante de rayos infrarrojos con la funci\u00f3n de brindar ese plus de calor necesario en ciertos momentos del d\u00eda o como complemento al sistema de calefacci\u00f3n tradicional. Reflex es f\u00e1cil de instalar en la pared, solo requiere un enchufe el\u00e9ctrico tipo schuko para funcionar y no se necesitan trabajos de alba\u00f1iler\u00eda para su montaje. Est\u00e1 hecho de vidrio templado, en 3 dimensiones, con un panel t\u00e1ctil y un control remoto incluidos, a trav\u00e9s de los cuales se pueden controlar las funciones de encendido y apagado. Puedes elegir entre tres niveles de potencia de calefacci\u00f3n disponibles y tiene un bot\u00f3n de apagado autom\u00e1tico despu\u00e9s de 2 horas de funcionamiento continuo. Reflex 40 tiene un ancho de 40 cm y est\u00e1 disponible en 3 alturas.","breadcrumb":{"@id":"https:\/\/www.k8radiatori.it\/radiatori\/reflex-40\/#breadcrumb"},"inLanguage":"de-DE","potentialAction":[{"@type":"ReadAction","target":["https:\/\/www.k8radiatori.it\/radiatori\/reflex-40\/"]}]},{"@type":"BreadcrumbList","@id":"https:\/\/www.k8radiatori.it\/radiatori\/reflex-40\/#breadcrumb","itemListElement":[{"@type":"ListItem","position":1,"name":"Home","item":"https:\/\/www.k8radiatori.it\/"},{"@type":"ListItem","position":2,"name":"Shop","item":"https:\/\/www.k8radiatori.it\/de\/negozio\/"},{"@type":"ListItem","position":3,"name":"Reflex 40"}]},{"@type":"WebSite","@id":"https:\/\/www.k8radiatori.it\/de\/#website","url":"https:\/\/www.k8radiatori.it\/de\/","name":"K8 radiatori","description":"K8 radiatori","publisher":{"@id":"https:\/\/www.k8radiatori.it\/de\/#organization"},"potentialAction":[{"@type":"SearchAction","target":{"@type":"EntryPoint","urlTemplate":"https:\/\/www.k8radiatori.it\/de\/?s={search_term_string}"},"query-input":"required name=search_term_string"}],"inLanguage":"de-DE"},{"@type":"Organization","@id":"https:\/\/www.k8radiatori.it\/de\/#organization","name":"K8 radiatori","url":"https:\/\/www.k8radiatori.it\/de\/","logo":{"@type":"ImageObject","inLanguage":"de-DE","@id":"https:\/\/www.k8radiatori.it\/de\/#\/schema\/logo\/image\/","url":"https:\/\/www.k8radiatori.it\/wp-content\/uploads\/2016\/03\/logo.png","contentUrl":"https:\/\/www.k8radiatori.it\/wp-content\/uploads\/2016\/03\/logo.png","width":253,"height":283,"caption":"K8 radiatori"},"image":{"@id":"https:\/\/www.k8radiatori.it\/de\/#\/schema\/logo\/image\/"}}]}},"_links":{"self":[{"href":"https:\/\/www.k8radiatori.it\/de\/wp-json\/wp\/v3\/product\/2646"}],"collection":[{"href":"https:\/\/www.k8radiatori.it\/de\/wp-json\/wp\/v3\/product"}],"about":[{"href":"https:\/\/www.k8radiatori.it\/de\/wp-json\/wp\/v2\/types\/product"}],"replies":[{"embeddable":true,"href":"https:\/\/www.k8radiatori.it\/de\/wp-json\/wp\/v2\/comments?post=2646"}],"wp:featuredmedia":[{"embeddable":true,"href":"https:\/\/www.k8radiatori.it\/de\/wp-json\/wp\/v2\/media\/1773"}],"wp:attachment":[{"href":"https:\/\/www.k8radiatori.it\/de\/wp-json\/wp\/v2\/media?parent=2646"}],"wp:term":[{"taxonomy":"product_cat","embeddable":true,"href":"https:\/\/www.k8radiatori.it\/de\/wp-json\/wp\/v2\/product_cat?post=2646"},{"taxonomy":"product_tag","embeddable":true,"href":"https:\/\/www.k8radiatori.it\/de\/wp-json\/wp\/v2\/product_tag?post=2646"}],"curies":[{"name":"wp","href":"https:\/\/api.w.org\/{rel}","templated":true}]}}