{"id":2624,"date":"2023-06-27T15:56:50","date_gmt":"2023-06-27T13:56:50","guid":{"rendered":"https:\/\/www.k8radiatori.it\/?post_type=product&#038;p=2624"},"modified":"2023-07-01T11:50:29","modified_gmt":"2023-07-01T09:50:29","slug":"mine-ambient","status":"publish","type":"product","link":"https:\/\/www.k8radiatori.it\/de\/radiatori\/mine-ambient\/","title":{"rendered":"Mine Ambient"},"content":{"rendered":"<p><strong><a href=\"https:\/\/www.k8radiatori.it\/wp-content\/uploads\/2023\/06\/mine-ambient_scheda-tecnica.pdf\" target=\"_blank\" rel=\"noopener noreferrer\">Scarica qui le specifiche tecniche del radiatore<\/a><\/strong><\/p>\n<p><a href=\"\/contatti\/\">Su richiesta \u00e8 possibile avere schede dettagliate sul prodotto<\/a><\/p>\n<p>&nbsp;<\/p>\n<p><img decoding=\"async\" loading=\"lazy\" class=\"alignnone wp-image-2615 size-medium\" src=\"https:\/\/www.k8radiatori.it\/wp-content\/uploads\/2023\/06\/Mine-Ambient-dimensions-320x400.jpg\" alt=\"\" width=\"320\" height=\"400\" srcset=\"https:\/\/www.k8radiatori.it\/wp-content\/uploads\/2023\/06\/Mine-Ambient-dimensions-320x400.jpg 320w, https:\/\/www.k8radiatori.it\/wp-content\/uploads\/2023\/06\/Mine-Ambient-dimensions-510x638.jpg 510w, https:\/\/www.k8radiatori.it\/wp-content\/uploads\/2023\/06\/Mine-Ambient-dimensions-1229x1536.jpg 1229w, https:\/\/www.k8radiatori.it\/wp-content\/uploads\/2023\/06\/Mine-Ambient-dimensions-rotated.jpg 1280w\" sizes=\"(max-width: 320px) 100vw, 320px\" \/><\/p>\n","protected":false},"excerpt":{"rendered":"<p>Die <strong>Ambient-Version des Mine-Radiators<\/strong> ist mit zwei Schalen ausgestattet, die zur Befeuchtung und Beduftung der Umgebung dienen. Erh\u00e4ltlich in einer breiten Palette von Oberfl\u00e4chen, kann er auch nach individuellen W\u00fcnschen angefertigt werden.<\/p>\n","protected":false},"featured_media":2616,"comment_status":"closed","ping_status":"closed","template":"","meta":[],"product_cat":[28],"product_tag":[48,267,268],"yoast_head":"<!-- This site is optimized with the Yoast SEO plugin v20.8 - https:\/\/yoast.com\/wordpress\/plugins\/seo\/ -->\n<title>Mine Ambient - K8 radiatori<\/title>\n<meta name=\"description\" content=\"La versione Ambient del radiatore Mine \u00e8 dotata di due vaschette realizzate per umidificare e profumare gli ambienti. Disponibile con un importante gamma di finiture, inoltre \u00e8 realizzabile anche su misura e con finiture a richiestaThe Ambient version of the Mine radiator is equipped with two trays designed to humidify and perfume the surroundings. Available with a wide range of finishes, it can also be custom-made with finishes upon request.Die Ambient-Version des Mine-Radiators ist mit zwei Schalen ausgestattet, die zur Befeuchtung und Beduftung der Umgebung dienen. Erh\u00e4ltlich in einer breiten Palette von Oberfl\u00e4chen, kann er auch nach individuellen W\u00fcnschen angefertigt werden.La version Ambient du radiateur Mine est \u00e9quip\u00e9e de deux plateaux con\u00e7us pour humidifier et parfumer les espaces. Disponible avec un large \u00e9ventail de finitions, il peut \u00e9galement \u00eatre r\u00e9alis\u00e9 sur mesure et avec des finitions sur demande.La versi\u00f3n Ambient del radiador Mine est\u00e1 equipada con dos bandejas dise\u00f1adas para humidificar y perfumar los ambientes. Disponible con una amplia gama de acabados, tambi\u00e9n se puede fabricar a medida y con acabados a pedido.\" \/>\n<meta name=\"robots\" content=\"index, follow, max-snippet:-1, max-image-preview:large, max-video-preview:-1\" \/>\n<link rel=\"canonical\" href=\"https:\/\/www.k8radiatori.it\/radiatori\/mine-ambient\/\" \/>\n<meta name=\"twitter:label1\" content=\"Gesch\u00e4tzte Lesezeit\" \/>\n\t<meta name=\"twitter:data1\" content=\"1 Minute\" \/>\n<script type=\"application\/ld+json\" class=\"yoast-schema-graph\">{\"@context\":\"https:\/\/schema.org\",\"@graph\":[{\"@type\":\"WebPage\",\"@id\":\"https:\/\/www.k8radiatori.it\/radiatori\/mine-ambient\/\",\"url\":\"https:\/\/www.k8radiatori.it\/radiatori\/mine-ambient\/\",\"name\":\"Mine Ambient - K8 radiatori\",\"isPartOf\":{\"@id\":\"https:\/\/www.k8radiatori.it\/de\/#website\"},\"datePublished\":\"2023-06-27T13:56:50+00:00\",\"dateModified\":\"2023-07-01T09:50:29+00:00\",\"description\":\"La versione Ambient del radiatore Mine \u00e8 dotata di due vaschette realizzate per umidificare e profumare gli ambienti. Disponibile con un importante gamma di finiture, inoltre \u00e8 realizzabile anche su misura e con finiture a richiestaThe Ambient version of the Mine radiator is equipped with two trays designed to humidify and perfume the surroundings. Available with a wide range of finishes, it can also be custom-made with finishes upon request.Die Ambient-Version des Mine-Radiators ist mit zwei Schalen ausgestattet, die zur Befeuchtung und Beduftung der Umgebung dienen. Erh\u00e4ltlich in einer breiten Palette von Oberfl\u00e4chen, kann er auch nach individuellen W\u00fcnschen angefertigt werden.La version Ambient du radiateur Mine est \u00e9quip\u00e9e de deux plateaux con\u00e7us pour humidifier et parfumer les espaces. Disponible avec un large \u00e9ventail de finitions, il peut \u00e9galement \u00eatre r\u00e9alis\u00e9 sur mesure et avec des finitions sur demande.La versi\u00f3n Ambient del radiador Mine est\u00e1 equipada con dos bandejas dise\u00f1adas para humidificar y perfumar los ambientes. Disponible con una amplia gama de acabados, tambi\u00e9n se puede fabricar a medida y con acabados a pedido.\",\"breadcrumb\":{\"@id\":\"https:\/\/www.k8radiatori.it\/radiatori\/mine-ambient\/#breadcrumb\"},\"inLanguage\":\"de-DE\",\"potentialAction\":[{\"@type\":\"ReadAction\",\"target\":[\"https:\/\/www.k8radiatori.it\/radiatori\/mine-ambient\/\"]}]},{\"@type\":\"BreadcrumbList\",\"@id\":\"https:\/\/www.k8radiatori.it\/radiatori\/mine-ambient\/#breadcrumb\",\"itemListElement\":[{\"@type\":\"ListItem\",\"position\":1,\"name\":\"Home\",\"item\":\"https:\/\/www.k8radiatori.it\/\"},{\"@type\":\"ListItem\",\"position\":2,\"name\":\"Shop\",\"item\":\"https:\/\/www.k8radiatori.it\/de\/negozio\/\"},{\"@type\":\"ListItem\",\"position\":3,\"name\":\"Mine Ambient\"}]},{\"@type\":\"WebSite\",\"@id\":\"https:\/\/www.k8radiatori.it\/de\/#website\",\"url\":\"https:\/\/www.k8radiatori.it\/de\/\",\"name\":\"K8 radiatori\",\"description\":\"K8 radiatori\",\"publisher\":{\"@id\":\"https:\/\/www.k8radiatori.it\/de\/#organization\"},\"potentialAction\":[{\"@type\":\"SearchAction\",\"target\":{\"@type\":\"EntryPoint\",\"urlTemplate\":\"https:\/\/www.k8radiatori.it\/de\/?s={search_term_string}\"},\"query-input\":\"required name=search_term_string\"}],\"inLanguage\":\"de-DE\"},{\"@type\":\"Organization\",\"@id\":\"https:\/\/www.k8radiatori.it\/de\/#organization\",\"name\":\"K8 radiatori\",\"url\":\"https:\/\/www.k8radiatori.it\/de\/\",\"logo\":{\"@type\":\"ImageObject\",\"inLanguage\":\"de-DE\",\"@id\":\"https:\/\/www.k8radiatori.it\/de\/#\/schema\/logo\/image\/\",\"url\":\"https:\/\/www.k8radiatori.it\/wp-content\/uploads\/2016\/03\/logo.png\",\"contentUrl\":\"https:\/\/www.k8radiatori.it\/wp-content\/uploads\/2016\/03\/logo.png\",\"width\":253,\"height\":283,\"caption\":\"K8 radiatori\"},\"image\":{\"@id\":\"https:\/\/www.k8radiatori.it\/de\/#\/schema\/logo\/image\/\"}}]}<\/script>\n<!-- \/ Yoast SEO plugin. -->","yoast_head_json":{"title":"Mine Ambient - K8 radiatori","description":"La versione Ambient del radiatore Mine \u00e8 dotata di due vaschette realizzate per umidificare e profumare gli ambienti. Disponibile con un importante gamma di finiture, inoltre \u00e8 realizzabile anche su misura e con finiture a richiestaThe Ambient version of the Mine radiator is equipped with two trays designed to humidify and perfume the surroundings. Available with a wide range of finishes, it can also be custom-made with finishes upon request.Die Ambient-Version des Mine-Radiators ist mit zwei Schalen ausgestattet, die zur Befeuchtung und Beduftung der Umgebung dienen. Erh\u00e4ltlich in einer breiten Palette von Oberfl\u00e4chen, kann er auch nach individuellen W\u00fcnschen angefertigt werden.La version Ambient du radiateur Mine est \u00e9quip\u00e9e de deux plateaux con\u00e7us pour humidifier et parfumer les espaces. Disponible avec un large \u00e9ventail de finitions, il peut \u00e9galement \u00eatre r\u00e9alis\u00e9 sur mesure et avec des finitions sur demande.La versi\u00f3n Ambient del radiador Mine est\u00e1 equipada con dos bandejas dise\u00f1adas para humidificar y perfumar los ambientes. Disponible con una amplia gama de acabados, tambi\u00e9n se puede fabricar a medida y con acabados a pedido.","robots":{"index":"index","follow":"follow","max-snippet":"max-snippet:-1","max-image-preview":"max-image-preview:large","max-video-preview":"max-video-preview:-1"},"canonical":"https:\/\/www.k8radiatori.it\/radiatori\/mine-ambient\/","twitter_misc":{"Gesch\u00e4tzte Lesezeit":"1 Minute"},"schema":{"@context":"https:\/\/schema.org","@graph":[{"@type":"WebPage","@id":"https:\/\/www.k8radiatori.it\/radiatori\/mine-ambient\/","url":"https:\/\/www.k8radiatori.it\/radiatori\/mine-ambient\/","name":"Mine Ambient - K8 radiatori","isPartOf":{"@id":"https:\/\/www.k8radiatori.it\/de\/#website"},"datePublished":"2023-06-27T13:56:50+00:00","dateModified":"2023-07-01T09:50:29+00:00","description":"La versione Ambient del radiatore Mine \u00e8 dotata di due vaschette realizzate per umidificare e profumare gli ambienti. Disponibile con un importante gamma di finiture, inoltre \u00e8 realizzabile anche su misura e con finiture a richiestaThe Ambient version of the Mine radiator is equipped with two trays designed to humidify and perfume the surroundings. Available with a wide range of finishes, it can also be custom-made with finishes upon request.Die Ambient-Version des Mine-Radiators ist mit zwei Schalen ausgestattet, die zur Befeuchtung und Beduftung der Umgebung dienen. Erh\u00e4ltlich in einer breiten Palette von Oberfl\u00e4chen, kann er auch nach individuellen W\u00fcnschen angefertigt werden.La version Ambient du radiateur Mine est \u00e9quip\u00e9e de deux plateaux con\u00e7us pour humidifier et parfumer les espaces. Disponible avec un large \u00e9ventail de finitions, il peut \u00e9galement \u00eatre r\u00e9alis\u00e9 sur mesure et avec des finitions sur demande.La versi\u00f3n Ambient del radiador Mine est\u00e1 equipada con dos bandejas dise\u00f1adas para humidificar y perfumar los ambientes. Disponible con una amplia gama de acabados, tambi\u00e9n se puede fabricar a medida y con acabados a pedido.","breadcrumb":{"@id":"https:\/\/www.k8radiatori.it\/radiatori\/mine-ambient\/#breadcrumb"},"inLanguage":"de-DE","potentialAction":[{"@type":"ReadAction","target":["https:\/\/www.k8radiatori.it\/radiatori\/mine-ambient\/"]}]},{"@type":"BreadcrumbList","@id":"https:\/\/www.k8radiatori.it\/radiatori\/mine-ambient\/#breadcrumb","itemListElement":[{"@type":"ListItem","position":1,"name":"Home","item":"https:\/\/www.k8radiatori.it\/"},{"@type":"ListItem","position":2,"name":"Shop","item":"https:\/\/www.k8radiatori.it\/de\/negozio\/"},{"@type":"ListItem","position":3,"name":"Mine Ambient"}]},{"@type":"WebSite","@id":"https:\/\/www.k8radiatori.it\/de\/#website","url":"https:\/\/www.k8radiatori.it\/de\/","name":"K8 radiatori","description":"K8 radiatori","publisher":{"@id":"https:\/\/www.k8radiatori.it\/de\/#organization"},"potentialAction":[{"@type":"SearchAction","target":{"@type":"EntryPoint","urlTemplate":"https:\/\/www.k8radiatori.it\/de\/?s={search_term_string}"},"query-input":"required name=search_term_string"}],"inLanguage":"de-DE"},{"@type":"Organization","@id":"https:\/\/www.k8radiatori.it\/de\/#organization","name":"K8 radiatori","url":"https:\/\/www.k8radiatori.it\/de\/","logo":{"@type":"ImageObject","inLanguage":"de-DE","@id":"https:\/\/www.k8radiatori.it\/de\/#\/schema\/logo\/image\/","url":"https:\/\/www.k8radiatori.it\/wp-content\/uploads\/2016\/03\/logo.png","contentUrl":"https:\/\/www.k8radiatori.it\/wp-content\/uploads\/2016\/03\/logo.png","width":253,"height":283,"caption":"K8 radiatori"},"image":{"@id":"https:\/\/www.k8radiatori.it\/de\/#\/schema\/logo\/image\/"}}]}},"_links":{"self":[{"href":"https:\/\/www.k8radiatori.it\/de\/wp-json\/wp\/v3\/product\/2624"}],"collection":[{"href":"https:\/\/www.k8radiatori.it\/de\/wp-json\/wp\/v3\/product"}],"about":[{"href":"https:\/\/www.k8radiatori.it\/de\/wp-json\/wp\/v2\/types\/product"}],"replies":[{"embeddable":true,"href":"https:\/\/www.k8radiatori.it\/de\/wp-json\/wp\/v2\/comments?post=2624"}],"wp:featuredmedia":[{"embeddable":true,"href":"https:\/\/www.k8radiatori.it\/de\/wp-json\/wp\/v2\/media\/2616"}],"wp:attachment":[{"href":"https:\/\/www.k8radiatori.it\/de\/wp-json\/wp\/v2\/media?parent=2624"}],"wp:term":[{"taxonomy":"product_cat","embeddable":true,"href":"https:\/\/www.k8radiatori.it\/de\/wp-json\/wp\/v2\/product_cat?post=2624"},{"taxonomy":"product_tag","embeddable":true,"href":"https:\/\/www.k8radiatori.it\/de\/wp-json\/wp\/v2\/product_tag?post=2624"}],"curies":[{"name":"wp","href":"https:\/\/api.w.org\/{rel}","templated":true}]}}