{"id":2623,"date":"2023-06-27T15:54:04","date_gmt":"2023-06-27T13:54:04","guid":{"rendered":"https:\/\/www.k8radiatori.it\/?post_type=product&#038;p=2623"},"modified":"2023-07-01T11:51:59","modified_gmt":"2023-07-01T09:51:59","slug":"mine-horizontal","status":"publish","type":"product","link":"https:\/\/www.k8radiatori.it\/de\/radiatori\/mine-horizontal\/","title":{"rendered":"Mine Horizontal"},"content":{"rendered":"<p><strong><a href=\"https:\/\/www.k8radiatori.it\/wp-content\/uploads\/2023\/06\/mine-horinzontal_scheda-tecnica.pdf\" target=\"_blank\" rel=\"noopener noreferrer\">Scarica qui le specifiche tecniche del radiatore<\/a><\/strong><\/p>\n<p><a href=\"\/contatti\/\">Su richiesta \u00e8 possibile avere schede dettagliate sul prodotto<\/a><\/p>\n<p>&nbsp;<\/p>\n<p><img decoding=\"async\" loading=\"lazy\" class=\"alignnone wp-image-2613 size-medium\" src=\"https:\/\/www.k8radiatori.it\/wp-content\/uploads\/2023\/06\/Mine-Horinzontal-dimensions-400x320.jpg\" alt=\"\" width=\"400\" height=\"320\" srcset=\"https:\/\/www.k8radiatori.it\/wp-content\/uploads\/2023\/06\/Mine-Horinzontal-dimensions-400x320.jpg 400w, https:\/\/www.k8radiatori.it\/wp-content\/uploads\/2023\/06\/Mine-Horinzontal-dimensions-510x408.jpg 510w, https:\/\/www.k8radiatori.it\/wp-content\/uploads\/2023\/06\/Mine-Horinzontal-dimensions-1536x1229.jpg 1536w, https:\/\/www.k8radiatori.it\/wp-content\/uploads\/2023\/06\/Mine-Horinzontal-dimensions.jpg 1600w\" sizes=\"(max-width: 400px) 100vw, 400px\" \/><\/p>\n","protected":false},"excerpt":{"rendered":"<p>Die<strong> Horizontal-Version<\/strong> ist eine interessante L\u00f6sung, um die verf\u00fcgbaren R\u00e4ume horizontal zu nutzen und unserem Zuhause eine Note von Originalit\u00e4t und Modernit\u00e4t zu verleihen. Dieser Heizk\u00f6rper bietet eine breite Palette an Oberfl\u00e4chen und kann auch nach individuellen W\u00fcnschen in Ma\u00dfanfertigung und Oberfl\u00e4chengestaltung hergestellt werden.<\/p>\n","protected":false},"featured_media":2611,"comment_status":"closed","ping_status":"closed","template":"","meta":[],"product_cat":[28],"product_tag":[48,267,268],"yoast_head":"<!-- This site is optimized with the Yoast SEO plugin v20.8 - https:\/\/yoast.com\/wordpress\/plugins\/seo\/ -->\n<title>Mine Horizontal - K8 radiatori<\/title>\n<meta name=\"description\" content=\"La versione Horizontal, interessante soluzione per sfruttare in orizzontale gli spazi disponibili e donare un tocco di originalit\u00e0\u00a0 e di modernit\u00e0 alla nostra casa. Questo radiatore ha un importante gamma di finiture, inoltre \u00e8 realizzabile anche su misura e finiture a richiesta.The Horizontal version, an interesting solution for utilizing available spaces horizontally and adding a touch of originality and modernity to our homes. This radiator offers a wide range of finishes, and it can also be custom-made with finishes upon request.Die Horizontal-Version ist eine interessante L\u00f6sung, um die verf\u00fcgbaren R\u00e4ume horizontal zu nutzen und unserem Zuhause eine Note von Originalit\u00e4t und Modernit\u00e4t zu verleihen. Dieser Heizk\u00f6rper bietet eine breite Palette an Oberfl\u00e4chen und kann auch nach individuellen W\u00fcnschen in Ma\u00dfanfertigung und Oberfl\u00e4chengestaltung hergestellt werden.La version Horizontal, une solution int\u00e9ressante pour exploiter les espaces disponibles de mani\u00e8re horizontale et apporter une touche d&#039;originalit\u00e9 et de modernit\u00e9 \u00e0 notre maison. Ce radiateur offre une large gamme de finitions et peut \u00e9galement \u00eatre r\u00e9alis\u00e9 sur mesure avec des finitions sur demande.La versi\u00f3n Horizontal, una soluci\u00f3n interesante para aprovechar los espacios disponibles en posici\u00f3n horizontal y agregar un toque de originalidad y modernidad a nuestro hogar. Este radiador ofrece una amplia gama de acabados y tambi\u00e9n se puede fabricar a medida con acabados personalizados seg\u00fan la solicitud.\" \/>\n<meta name=\"robots\" content=\"index, follow, max-snippet:-1, max-image-preview:large, max-video-preview:-1\" \/>\n<link rel=\"canonical\" href=\"https:\/\/www.k8radiatori.it\/radiatori\/mine-horizontal\/\" \/>\n<meta name=\"twitter:label1\" content=\"Gesch\u00e4tzte Lesezeit\" \/>\n\t<meta name=\"twitter:data1\" content=\"1 Minute\" \/>\n<script type=\"application\/ld+json\" class=\"yoast-schema-graph\">{\"@context\":\"https:\/\/schema.org\",\"@graph\":[{\"@type\":\"WebPage\",\"@id\":\"https:\/\/www.k8radiatori.it\/radiatori\/mine-horizontal\/\",\"url\":\"https:\/\/www.k8radiatori.it\/radiatori\/mine-horizontal\/\",\"name\":\"Mine Horizontal - K8 radiatori\",\"isPartOf\":{\"@id\":\"https:\/\/www.k8radiatori.it\/de\/#website\"},\"datePublished\":\"2023-06-27T13:54:04+00:00\",\"dateModified\":\"2023-07-01T09:51:59+00:00\",\"description\":\"La versione Horizontal, interessante soluzione per sfruttare in orizzontale gli spazi disponibili e donare un tocco di originalit\u00e0\u00a0 e di modernit\u00e0 alla nostra casa. Questo radiatore ha un importante gamma di finiture, inoltre \u00e8 realizzabile anche su misura e finiture a richiesta.The Horizontal version, an interesting solution for utilizing available spaces horizontally and adding a touch of originality and modernity to our homes. This radiator offers a wide range of finishes, and it can also be custom-made with finishes upon request.Die Horizontal-Version ist eine interessante L\u00f6sung, um die verf\u00fcgbaren R\u00e4ume horizontal zu nutzen und unserem Zuhause eine Note von Originalit\u00e4t und Modernit\u00e4t zu verleihen. Dieser Heizk\u00f6rper bietet eine breite Palette an Oberfl\u00e4chen und kann auch nach individuellen W\u00fcnschen in Ma\u00dfanfertigung und Oberfl\u00e4chengestaltung hergestellt werden.La version Horizontal, une solution int\u00e9ressante pour exploiter les espaces disponibles de mani\u00e8re horizontale et apporter une touche d'originalit\u00e9 et de modernit\u00e9 \u00e0 notre maison. Ce radiateur offre une large gamme de finitions et peut \u00e9galement \u00eatre r\u00e9alis\u00e9 sur mesure avec des finitions sur demande.La versi\u00f3n Horizontal, una soluci\u00f3n interesante para aprovechar los espacios disponibles en posici\u00f3n horizontal y agregar un toque de originalidad y modernidad a nuestro hogar. Este radiador ofrece una amplia gama de acabados y tambi\u00e9n se puede fabricar a medida con acabados personalizados seg\u00fan la solicitud.\",\"breadcrumb\":{\"@id\":\"https:\/\/www.k8radiatori.it\/radiatori\/mine-horizontal\/#breadcrumb\"},\"inLanguage\":\"de-DE\",\"potentialAction\":[{\"@type\":\"ReadAction\",\"target\":[\"https:\/\/www.k8radiatori.it\/radiatori\/mine-horizontal\/\"]}]},{\"@type\":\"BreadcrumbList\",\"@id\":\"https:\/\/www.k8radiatori.it\/radiatori\/mine-horizontal\/#breadcrumb\",\"itemListElement\":[{\"@type\":\"ListItem\",\"position\":1,\"name\":\"Home\",\"item\":\"https:\/\/www.k8radiatori.it\/\"},{\"@type\":\"ListItem\",\"position\":2,\"name\":\"Shop\",\"item\":\"https:\/\/www.k8radiatori.it\/de\/negozio\/\"},{\"@type\":\"ListItem\",\"position\":3,\"name\":\"Mine Horizontal\"}]},{\"@type\":\"WebSite\",\"@id\":\"https:\/\/www.k8radiatori.it\/de\/#website\",\"url\":\"https:\/\/www.k8radiatori.it\/de\/\",\"name\":\"K8 radiatori\",\"description\":\"K8 radiatori\",\"publisher\":{\"@id\":\"https:\/\/www.k8radiatori.it\/de\/#organization\"},\"potentialAction\":[{\"@type\":\"SearchAction\",\"target\":{\"@type\":\"EntryPoint\",\"urlTemplate\":\"https:\/\/www.k8radiatori.it\/de\/?s={search_term_string}\"},\"query-input\":\"required name=search_term_string\"}],\"inLanguage\":\"de-DE\"},{\"@type\":\"Organization\",\"@id\":\"https:\/\/www.k8radiatori.it\/de\/#organization\",\"name\":\"K8 radiatori\",\"url\":\"https:\/\/www.k8radiatori.it\/de\/\",\"logo\":{\"@type\":\"ImageObject\",\"inLanguage\":\"de-DE\",\"@id\":\"https:\/\/www.k8radiatori.it\/de\/#\/schema\/logo\/image\/\",\"url\":\"https:\/\/www.k8radiatori.it\/wp-content\/uploads\/2016\/03\/logo.png\",\"contentUrl\":\"https:\/\/www.k8radiatori.it\/wp-content\/uploads\/2016\/03\/logo.png\",\"width\":253,\"height\":283,\"caption\":\"K8 radiatori\"},\"image\":{\"@id\":\"https:\/\/www.k8radiatori.it\/de\/#\/schema\/logo\/image\/\"}}]}<\/script>\n<!-- \/ Yoast SEO plugin. -->","yoast_head_json":{"title":"Mine Horizontal - K8 radiatori","description":"La versione Horizontal, interessante soluzione per sfruttare in orizzontale gli spazi disponibili e donare un tocco di originalit\u00e0\u00a0 e di modernit\u00e0 alla nostra casa. Questo radiatore ha un importante gamma di finiture, inoltre \u00e8 realizzabile anche su misura e finiture a richiesta.The Horizontal version, an interesting solution for utilizing available spaces horizontally and adding a touch of originality and modernity to our homes. This radiator offers a wide range of finishes, and it can also be custom-made with finishes upon request.Die Horizontal-Version ist eine interessante L\u00f6sung, um die verf\u00fcgbaren R\u00e4ume horizontal zu nutzen und unserem Zuhause eine Note von Originalit\u00e4t und Modernit\u00e4t zu verleihen. Dieser Heizk\u00f6rper bietet eine breite Palette an Oberfl\u00e4chen und kann auch nach individuellen W\u00fcnschen in Ma\u00dfanfertigung und Oberfl\u00e4chengestaltung hergestellt werden.La version Horizontal, une solution int\u00e9ressante pour exploiter les espaces disponibles de mani\u00e8re horizontale et apporter une touche d'originalit\u00e9 et de modernit\u00e9 \u00e0 notre maison. Ce radiateur offre une large gamme de finitions et peut \u00e9galement \u00eatre r\u00e9alis\u00e9 sur mesure avec des finitions sur demande.La versi\u00f3n Horizontal, una soluci\u00f3n interesante para aprovechar los espacios disponibles en posici\u00f3n horizontal y agregar un toque de originalidad y modernidad a nuestro hogar. Este radiador ofrece una amplia gama de acabados y tambi\u00e9n se puede fabricar a medida con acabados personalizados seg\u00fan la solicitud.","robots":{"index":"index","follow":"follow","max-snippet":"max-snippet:-1","max-image-preview":"max-image-preview:large","max-video-preview":"max-video-preview:-1"},"canonical":"https:\/\/www.k8radiatori.it\/radiatori\/mine-horizontal\/","twitter_misc":{"Gesch\u00e4tzte Lesezeit":"1 Minute"},"schema":{"@context":"https:\/\/schema.org","@graph":[{"@type":"WebPage","@id":"https:\/\/www.k8radiatori.it\/radiatori\/mine-horizontal\/","url":"https:\/\/www.k8radiatori.it\/radiatori\/mine-horizontal\/","name":"Mine Horizontal - K8 radiatori","isPartOf":{"@id":"https:\/\/www.k8radiatori.it\/de\/#website"},"datePublished":"2023-06-27T13:54:04+00:00","dateModified":"2023-07-01T09:51:59+00:00","description":"La versione Horizontal, interessante soluzione per sfruttare in orizzontale gli spazi disponibili e donare un tocco di originalit\u00e0\u00a0 e di modernit\u00e0 alla nostra casa. Questo radiatore ha un importante gamma di finiture, inoltre \u00e8 realizzabile anche su misura e finiture a richiesta.The Horizontal version, an interesting solution for utilizing available spaces horizontally and adding a touch of originality and modernity to our homes. This radiator offers a wide range of finishes, and it can also be custom-made with finishes upon request.Die Horizontal-Version ist eine interessante L\u00f6sung, um die verf\u00fcgbaren R\u00e4ume horizontal zu nutzen und unserem Zuhause eine Note von Originalit\u00e4t und Modernit\u00e4t zu verleihen. Dieser Heizk\u00f6rper bietet eine breite Palette an Oberfl\u00e4chen und kann auch nach individuellen W\u00fcnschen in Ma\u00dfanfertigung und Oberfl\u00e4chengestaltung hergestellt werden.La version Horizontal, une solution int\u00e9ressante pour exploiter les espaces disponibles de mani\u00e8re horizontale et apporter une touche d'originalit\u00e9 et de modernit\u00e9 \u00e0 notre maison. Ce radiateur offre une large gamme de finitions et peut \u00e9galement \u00eatre r\u00e9alis\u00e9 sur mesure avec des finitions sur demande.La versi\u00f3n Horizontal, una soluci\u00f3n interesante para aprovechar los espacios disponibles en posici\u00f3n horizontal y agregar un toque de originalidad y modernidad a nuestro hogar. Este radiador ofrece una amplia gama de acabados y tambi\u00e9n se puede fabricar a medida con acabados personalizados seg\u00fan la solicitud.","breadcrumb":{"@id":"https:\/\/www.k8radiatori.it\/radiatori\/mine-horizontal\/#breadcrumb"},"inLanguage":"de-DE","potentialAction":[{"@type":"ReadAction","target":["https:\/\/www.k8radiatori.it\/radiatori\/mine-horizontal\/"]}]},{"@type":"BreadcrumbList","@id":"https:\/\/www.k8radiatori.it\/radiatori\/mine-horizontal\/#breadcrumb","itemListElement":[{"@type":"ListItem","position":1,"name":"Home","item":"https:\/\/www.k8radiatori.it\/"},{"@type":"ListItem","position":2,"name":"Shop","item":"https:\/\/www.k8radiatori.it\/de\/negozio\/"},{"@type":"ListItem","position":3,"name":"Mine Horizontal"}]},{"@type":"WebSite","@id":"https:\/\/www.k8radiatori.it\/de\/#website","url":"https:\/\/www.k8radiatori.it\/de\/","name":"K8 radiatori","description":"K8 radiatori","publisher":{"@id":"https:\/\/www.k8radiatori.it\/de\/#organization"},"potentialAction":[{"@type":"SearchAction","target":{"@type":"EntryPoint","urlTemplate":"https:\/\/www.k8radiatori.it\/de\/?s={search_term_string}"},"query-input":"required name=search_term_string"}],"inLanguage":"de-DE"},{"@type":"Organization","@id":"https:\/\/www.k8radiatori.it\/de\/#organization","name":"K8 radiatori","url":"https:\/\/www.k8radiatori.it\/de\/","logo":{"@type":"ImageObject","inLanguage":"de-DE","@id":"https:\/\/www.k8radiatori.it\/de\/#\/schema\/logo\/image\/","url":"https:\/\/www.k8radiatori.it\/wp-content\/uploads\/2016\/03\/logo.png","contentUrl":"https:\/\/www.k8radiatori.it\/wp-content\/uploads\/2016\/03\/logo.png","width":253,"height":283,"caption":"K8 radiatori"},"image":{"@id":"https:\/\/www.k8radiatori.it\/de\/#\/schema\/logo\/image\/"}}]}},"_links":{"self":[{"href":"https:\/\/www.k8radiatori.it\/de\/wp-json\/wp\/v3\/product\/2623"}],"collection":[{"href":"https:\/\/www.k8radiatori.it\/de\/wp-json\/wp\/v3\/product"}],"about":[{"href":"https:\/\/www.k8radiatori.it\/de\/wp-json\/wp\/v2\/types\/product"}],"replies":[{"embeddable":true,"href":"https:\/\/www.k8radiatori.it\/de\/wp-json\/wp\/v2\/comments?post=2623"}],"wp:featuredmedia":[{"embeddable":true,"href":"https:\/\/www.k8radiatori.it\/de\/wp-json\/wp\/v2\/media\/2611"}],"wp:attachment":[{"href":"https:\/\/www.k8radiatori.it\/de\/wp-json\/wp\/v2\/media?parent=2623"}],"wp:term":[{"taxonomy":"product_cat","embeddable":true,"href":"https:\/\/www.k8radiatori.it\/de\/wp-json\/wp\/v2\/product_cat?post=2623"},{"taxonomy":"product_tag","embeddable":true,"href":"https:\/\/www.k8radiatori.it\/de\/wp-json\/wp\/v2\/product_tag?post=2623"}],"curies":[{"name":"wp","href":"https:\/\/api.w.org\/{rel}","templated":true}]}}