{"id":2415,"date":"2023-03-29T12:28:02","date_gmt":"2023-03-29T10:28:02","guid":{"rendered":"http:\/\/www.k8radiatori.it\/?post_type=product&#038;p=2415"},"modified":"2023-06-29T11:34:44","modified_gmt":"2023-06-29T09:34:44","slug":"warmy-s","status":"publish","type":"product","link":"https:\/\/www.k8radiatori.it\/de\/radiatori\/warmy-s\/","title":{"rendered":"Warmy S"},"content":{"rendered":"<p><strong><a href=\"http:\/\/www.k8radiatori.it\/wp-content\/uploads\/2023\/03\/warmy-S-tecnica.pdf\" target=\"_blank\" rel=\"noopener noreferrer\">Scarica qui le specifiche tecniche del radiatore<\/a><\/strong><\/p>\n<p><a href=\"\/contatti\/\">Su richiesta \u00e8 possibile avere schede dettagliate sul prodotto<\/a><\/p>\n<p><img decoding=\"async\" loading=\"lazy\" class=\"alignnone size-medium wp-image-2417\" src=\"http:\/\/www.k8radiatori.it\/wp-content\/uploads\/2023\/03\/Warmy-S-1.jpg\" alt=\"\" width=\"120\" height=\"400\" \/><\/p>\n","protected":false},"excerpt":{"rendered":"<p>Stahl. Auch in der Version als Handtuchw\u00e4rmer erh\u00e4ltlich, bei der L\u00fccken der horizontalen Rohre (Durchmesser<br \/>\n35 mm) \u201cfunktionale Leerr\u00e4ume\u201d schaffen um als Handtuchhalter zu dienen, wenn sie mit dem entsprechenden Zubeh\u00f6r ausgestattet sind. Gro\u00dfe an Oberfl\u00e4chen und Gr\u00f6\u00dfen.<\/p>\n","protected":false},"featured_media":2418,"comment_status":"closed","ping_status":"closed","template":"","meta":[],"product_cat":[180],"product_tag":[48,250],"yoast_head":"<!-- This site is optimized with the Yoast SEO plugin v20.8 - https:\/\/yoast.com\/wordpress\/plugins\/seo\/ -->\n<title>Warmy S - K8 radiatori<\/title>\n<meta name=\"description\" content=\"Acciaio. Disponibile anche nella versione scaldasalviette dove il costante ritmo di vuoto e pieno dei tubi orizzontali (diametro 35 mm) \u00e8 interrotto per lasciare spazio a \u2018vuoti funzionali\u2019 utili come porta salviette o porta accappatoi se corredati dei loro accessori. Ampia scelta di finiture e dimensioni.Steel. Also available in the towel warmer version where the constant empty and full rhythm of the horizontal tubes (diameter 35 mm) is interrupted to leave room for \u2018functional voids\u2019 useful as towel racks or bathrobes if equipped with their accessories. Wide choice of finishes and sizes.Stahl. Auch in der Version als Handtuchw\u00e4rmer erh\u00e4ltlich, bei der L\u00fccken der horizontalen Rohre (Durchmesser 35 mm) \u201cfunktionale Leerr\u00e4ume\u201d schaffen um als Handtuchhalter zu dienen, wenn sie mit dem entsprechenden Zubeh\u00f6r ausgestattet sind. Gro\u00dfe an Oberfl\u00e4chen und Gr\u00f6\u00dfen.Acier. \u00c9galement disponible en version s\u00e8che-serviettes o\u00f9 le rythme constant de pleins et de vides des horizontaux (diam\u00e8tre 35 mm) est interrompu pour faire place \u00e0 des \u201cvides fonctionnels\u201d utiles comme porte serviettes ou porte-peignoirs s\u2019ils sont \u00e9quip\u00e9s de leurs accessoires. Large choix de finitions et de dimensions.Acero. Disponible tambi\u00e9n en la versi\u00f3n toallero calentador, en el que el ritmo constante de tubos horizontales vac\u00edos y llenos (35 mm de di\u00e1metro) se interrumpe para dejar espacio a \u00abvac\u00edos funcionales\u00bb \u00fatiles para apoyar toallas o albornoces si est\u00e1n equipados con sus accesorios. Amplia gama de acabados y tama\u00f1os.\" \/>\n<meta name=\"robots\" content=\"index, follow, max-snippet:-1, max-image-preview:large, max-video-preview:-1\" \/>\n<link rel=\"canonical\" href=\"https:\/\/www.k8radiatori.it\/fr\/radiatori\/warmy-s\/\" \/>\n<meta name=\"twitter:label1\" content=\"Gesch\u00e4tzte Lesezeit\" \/>\n\t<meta name=\"twitter:data1\" content=\"2 Minuten\" \/>\n<script type=\"application\/ld+json\" class=\"yoast-schema-graph\">{\"@context\":\"https:\/\/schema.org\",\"@graph\":[{\"@type\":\"WebPage\",\"@id\":\"https:\/\/www.k8radiatori.it\/fr\/radiatori\/warmy-s\/\",\"url\":\"https:\/\/www.k8radiatori.it\/fr\/radiatori\/warmy-s\/\",\"name\":\"Warmy S - K8 radiatori\",\"isPartOf\":{\"@id\":\"https:\/\/www.k8radiatori.it\/de\/#website\"},\"datePublished\":\"2023-03-29T10:28:02+00:00\",\"dateModified\":\"2023-06-29T09:34:44+00:00\",\"description\":\"Acciaio. Disponibile anche nella versione scaldasalviette dove il costante ritmo di vuoto e pieno dei tubi orizzontali (diametro 35 mm) \u00e8 interrotto per lasciare spazio a \u2018vuoti funzionali\u2019 utili come porta salviette o porta accappatoi se corredati dei loro accessori. Ampia scelta di finiture e dimensioni.Steel. Also available in the towel warmer version where the constant empty and full rhythm of the horizontal tubes (diameter 35 mm) is interrupted to leave room for \u2018functional voids\u2019 useful as towel racks or bathrobes if equipped with their accessories. Wide choice of finishes and sizes.Stahl. Auch in der Version als Handtuchw\u00e4rmer erh\u00e4ltlich, bei der L\u00fccken der horizontalen Rohre (Durchmesser 35 mm) \u201cfunktionale Leerr\u00e4ume\u201d schaffen um als Handtuchhalter zu dienen, wenn sie mit dem entsprechenden Zubeh\u00f6r ausgestattet sind. Gro\u00dfe an Oberfl\u00e4chen und Gr\u00f6\u00dfen.Acier. \u00c9galement disponible en version s\u00e8che-serviettes o\u00f9 le rythme constant de pleins et de vides des horizontaux (diam\u00e8tre 35 mm) est interrompu pour faire place \u00e0 des \u201cvides fonctionnels\u201d utiles comme porte serviettes ou porte-peignoirs s\u2019ils sont \u00e9quip\u00e9s de leurs accessoires. Large choix de finitions et de dimensions.Acero. Disponible tambi\u00e9n en la versi\u00f3n toallero calentador, en el que el ritmo constante de tubos horizontales vac\u00edos y llenos (35 mm de di\u00e1metro) se interrumpe para dejar espacio a \u00abvac\u00edos funcionales\u00bb \u00fatiles para apoyar toallas o albornoces si est\u00e1n equipados con sus accesorios. Amplia gama de acabados y tama\u00f1os.\",\"breadcrumb\":{\"@id\":\"https:\/\/www.k8radiatori.it\/fr\/radiatori\/warmy-s\/#breadcrumb\"},\"inLanguage\":\"de-DE\",\"potentialAction\":[{\"@type\":\"ReadAction\",\"target\":[\"https:\/\/www.k8radiatori.it\/fr\/radiatori\/warmy-s\/\"]}]},{\"@type\":\"BreadcrumbList\",\"@id\":\"https:\/\/www.k8radiatori.it\/fr\/radiatori\/warmy-s\/#breadcrumb\",\"itemListElement\":[{\"@type\":\"ListItem\",\"position\":1,\"name\":\"Home\",\"item\":\"https:\/\/www.k8radiatori.it\/\"},{\"@type\":\"ListItem\",\"position\":2,\"name\":\"Shop\",\"item\":\"https:\/\/www.k8radiatori.it\/de\/negozio\/\"},{\"@type\":\"ListItem\",\"position\":3,\"name\":\"Warmy S\"}]},{\"@type\":\"WebSite\",\"@id\":\"https:\/\/www.k8radiatori.it\/de\/#website\",\"url\":\"https:\/\/www.k8radiatori.it\/de\/\",\"name\":\"K8 radiatori\",\"description\":\"K8 radiatori\",\"publisher\":{\"@id\":\"https:\/\/www.k8radiatori.it\/de\/#organization\"},\"potentialAction\":[{\"@type\":\"SearchAction\",\"target\":{\"@type\":\"EntryPoint\",\"urlTemplate\":\"https:\/\/www.k8radiatori.it\/de\/?s={search_term_string}\"},\"query-input\":\"required name=search_term_string\"}],\"inLanguage\":\"de-DE\"},{\"@type\":\"Organization\",\"@id\":\"https:\/\/www.k8radiatori.it\/de\/#organization\",\"name\":\"K8 radiatori\",\"url\":\"https:\/\/www.k8radiatori.it\/de\/\",\"logo\":{\"@type\":\"ImageObject\",\"inLanguage\":\"de-DE\",\"@id\":\"https:\/\/www.k8radiatori.it\/de\/#\/schema\/logo\/image\/\",\"url\":\"https:\/\/www.k8radiatori.it\/wp-content\/uploads\/2016\/03\/logo.png\",\"contentUrl\":\"https:\/\/www.k8radiatori.it\/wp-content\/uploads\/2016\/03\/logo.png\",\"width\":253,\"height\":283,\"caption\":\"K8 radiatori\"},\"image\":{\"@id\":\"https:\/\/www.k8radiatori.it\/de\/#\/schema\/logo\/image\/\"}}]}<\/script>\n<!-- \/ Yoast SEO plugin. -->","yoast_head_json":{"title":"Warmy S - K8 radiatori","description":"Acciaio. Disponibile anche nella versione scaldasalviette dove il costante ritmo di vuoto e pieno dei tubi orizzontali (diametro 35 mm) \u00e8 interrotto per lasciare spazio a \u2018vuoti funzionali\u2019 utili come porta salviette o porta accappatoi se corredati dei loro accessori. Ampia scelta di finiture e dimensioni.Steel. Also available in the towel warmer version where the constant empty and full rhythm of the horizontal tubes (diameter 35 mm) is interrupted to leave room for \u2018functional voids\u2019 useful as towel racks or bathrobes if equipped with their accessories. Wide choice of finishes and sizes.Stahl. Auch in der Version als Handtuchw\u00e4rmer erh\u00e4ltlich, bei der L\u00fccken der horizontalen Rohre (Durchmesser 35 mm) \u201cfunktionale Leerr\u00e4ume\u201d schaffen um als Handtuchhalter zu dienen, wenn sie mit dem entsprechenden Zubeh\u00f6r ausgestattet sind. Gro\u00dfe an Oberfl\u00e4chen und Gr\u00f6\u00dfen.Acier. \u00c9galement disponible en version s\u00e8che-serviettes o\u00f9 le rythme constant de pleins et de vides des horizontaux (diam\u00e8tre 35 mm) est interrompu pour faire place \u00e0 des \u201cvides fonctionnels\u201d utiles comme porte serviettes ou porte-peignoirs s\u2019ils sont \u00e9quip\u00e9s de leurs accessoires. Large choix de finitions et de dimensions.Acero. Disponible tambi\u00e9n en la versi\u00f3n toallero calentador, en el que el ritmo constante de tubos horizontales vac\u00edos y llenos (35 mm de di\u00e1metro) se interrumpe para dejar espacio a \u00abvac\u00edos funcionales\u00bb \u00fatiles para apoyar toallas o albornoces si est\u00e1n equipados con sus accesorios. Amplia gama de acabados y tama\u00f1os.","robots":{"index":"index","follow":"follow","max-snippet":"max-snippet:-1","max-image-preview":"max-image-preview:large","max-video-preview":"max-video-preview:-1"},"canonical":"https:\/\/www.k8radiatori.it\/fr\/radiatori\/warmy-s\/","twitter_misc":{"Gesch\u00e4tzte Lesezeit":"2 Minuten"},"schema":{"@context":"https:\/\/schema.org","@graph":[{"@type":"WebPage","@id":"https:\/\/www.k8radiatori.it\/fr\/radiatori\/warmy-s\/","url":"https:\/\/www.k8radiatori.it\/fr\/radiatori\/warmy-s\/","name":"Warmy S - K8 radiatori","isPartOf":{"@id":"https:\/\/www.k8radiatori.it\/de\/#website"},"datePublished":"2023-03-29T10:28:02+00:00","dateModified":"2023-06-29T09:34:44+00:00","description":"Acciaio. Disponibile anche nella versione scaldasalviette dove il costante ritmo di vuoto e pieno dei tubi orizzontali (diametro 35 mm) \u00e8 interrotto per lasciare spazio a \u2018vuoti funzionali\u2019 utili come porta salviette o porta accappatoi se corredati dei loro accessori. Ampia scelta di finiture e dimensioni.Steel. Also available in the towel warmer version where the constant empty and full rhythm of the horizontal tubes (diameter 35 mm) is interrupted to leave room for \u2018functional voids\u2019 useful as towel racks or bathrobes if equipped with their accessories. Wide choice of finishes and sizes.Stahl. Auch in der Version als Handtuchw\u00e4rmer erh\u00e4ltlich, bei der L\u00fccken der horizontalen Rohre (Durchmesser 35 mm) \u201cfunktionale Leerr\u00e4ume\u201d schaffen um als Handtuchhalter zu dienen, wenn sie mit dem entsprechenden Zubeh\u00f6r ausgestattet sind. Gro\u00dfe an Oberfl\u00e4chen und Gr\u00f6\u00dfen.Acier. \u00c9galement disponible en version s\u00e8che-serviettes o\u00f9 le rythme constant de pleins et de vides des horizontaux (diam\u00e8tre 35 mm) est interrompu pour faire place \u00e0 des \u201cvides fonctionnels\u201d utiles comme porte serviettes ou porte-peignoirs s\u2019ils sont \u00e9quip\u00e9s de leurs accessoires. Large choix de finitions et de dimensions.Acero. Disponible tambi\u00e9n en la versi\u00f3n toallero calentador, en el que el ritmo constante de tubos horizontales vac\u00edos y llenos (35 mm de di\u00e1metro) se interrumpe para dejar espacio a \u00abvac\u00edos funcionales\u00bb \u00fatiles para apoyar toallas o albornoces si est\u00e1n equipados con sus accesorios. Amplia gama de acabados y tama\u00f1os.","breadcrumb":{"@id":"https:\/\/www.k8radiatori.it\/fr\/radiatori\/warmy-s\/#breadcrumb"},"inLanguage":"de-DE","potentialAction":[{"@type":"ReadAction","target":["https:\/\/www.k8radiatori.it\/fr\/radiatori\/warmy-s\/"]}]},{"@type":"BreadcrumbList","@id":"https:\/\/www.k8radiatori.it\/fr\/radiatori\/warmy-s\/#breadcrumb","itemListElement":[{"@type":"ListItem","position":1,"name":"Home","item":"https:\/\/www.k8radiatori.it\/"},{"@type":"ListItem","position":2,"name":"Shop","item":"https:\/\/www.k8radiatori.it\/de\/negozio\/"},{"@type":"ListItem","position":3,"name":"Warmy S"}]},{"@type":"WebSite","@id":"https:\/\/www.k8radiatori.it\/de\/#website","url":"https:\/\/www.k8radiatori.it\/de\/","name":"K8 radiatori","description":"K8 radiatori","publisher":{"@id":"https:\/\/www.k8radiatori.it\/de\/#organization"},"potentialAction":[{"@type":"SearchAction","target":{"@type":"EntryPoint","urlTemplate":"https:\/\/www.k8radiatori.it\/de\/?s={search_term_string}"},"query-input":"required name=search_term_string"}],"inLanguage":"de-DE"},{"@type":"Organization","@id":"https:\/\/www.k8radiatori.it\/de\/#organization","name":"K8 radiatori","url":"https:\/\/www.k8radiatori.it\/de\/","logo":{"@type":"ImageObject","inLanguage":"de-DE","@id":"https:\/\/www.k8radiatori.it\/de\/#\/schema\/logo\/image\/","url":"https:\/\/www.k8radiatori.it\/wp-content\/uploads\/2016\/03\/logo.png","contentUrl":"https:\/\/www.k8radiatori.it\/wp-content\/uploads\/2016\/03\/logo.png","width":253,"height":283,"caption":"K8 radiatori"},"image":{"@id":"https:\/\/www.k8radiatori.it\/de\/#\/schema\/logo\/image\/"}}]}},"_links":{"self":[{"href":"https:\/\/www.k8radiatori.it\/de\/wp-json\/wp\/v3\/product\/2415"}],"collection":[{"href":"https:\/\/www.k8radiatori.it\/de\/wp-json\/wp\/v3\/product"}],"about":[{"href":"https:\/\/www.k8radiatori.it\/de\/wp-json\/wp\/v2\/types\/product"}],"replies":[{"embeddable":true,"href":"https:\/\/www.k8radiatori.it\/de\/wp-json\/wp\/v2\/comments?post=2415"}],"wp:featuredmedia":[{"embeddable":true,"href":"https:\/\/www.k8radiatori.it\/de\/wp-json\/wp\/v2\/media\/2418"}],"wp:attachment":[{"href":"https:\/\/www.k8radiatori.it\/de\/wp-json\/wp\/v2\/media?parent=2415"}],"wp:term":[{"taxonomy":"product_cat","embeddable":true,"href":"https:\/\/www.k8radiatori.it\/de\/wp-json\/wp\/v2\/product_cat?post=2415"},{"taxonomy":"product_tag","embeddable":true,"href":"https:\/\/www.k8radiatori.it\/de\/wp-json\/wp\/v2\/product_tag?post=2415"}],"curies":[{"name":"wp","href":"https:\/\/api.w.org\/{rel}","templated":true}]}}