{"id":2411,"date":"2023-03-29T12:09:17","date_gmt":"2023-03-29T10:09:17","guid":{"rendered":"http:\/\/www.k8radiatori.it\/?post_type=product&#038;p=2411"},"modified":"2023-06-29T11:35:35","modified_gmt":"2023-06-29T09:35:35","slug":"warmy-o","status":"publish","type":"product","link":"https:\/\/www.k8radiatori.it\/de\/radiatori\/warmy-o\/","title":{"rendered":"Warmy O"},"content":{"rendered":"<p><strong><a href=\"http:\/\/www.k8radiatori.it\/wp-content\/uploads\/2023\/03\/warmy-O-tecnica.pdf\" target=\"_blank\" rel=\"noopener noreferrer\">Scarica qui le specifiche tecniche del radiatore<\/a><\/strong><\/p>\n<p><a href=\"\/contatti\/\">Su richiesta \u00e8 possibile avere schede dettagliate sul prodotto<\/a><\/p>\n<p>&nbsp;<\/p>\n<p><img decoding=\"async\" loading=\"lazy\" class=\"alignnone size-medium wp-image-2414\" src=\"http:\/\/www.k8radiatori.it\/wp-content\/uploads\/2023\/03\/warmy-O-1-2-400x217.jpg\" alt=\"\" width=\"400\" height=\"217\" srcset=\"https:\/\/www.k8radiatori.it\/wp-content\/uploads\/2023\/03\/warmy-O-1-2-400x217.jpg 400w, https:\/\/www.k8radiatori.it\/wp-content\/uploads\/2023\/03\/warmy-O-1-2-510x276.jpg 510w, https:\/\/www.k8radiatori.it\/wp-content\/uploads\/2023\/03\/warmy-O-1-2.jpg 1000w\" sizes=\"(max-width: 400px) 100vw, 400px\" \/><\/p>\n","protected":false},"excerpt":{"rendered":"<p>Stahl. Der Heizk\u00f6rper Warmy O ist durch einen rhythmischen Verlauf von horizontalen Rohren mit einem Durchmesser von 35 mm gekennzeichnet. Er wird mit einer oder zwei S\u00e4ulen und in einer gro\u00dfen Auswahl an Ausf\u00fchrungen und Gr\u00f6\u00dfen angeboten.<\/p>\n","protected":false},"featured_media":2413,"comment_status":"closed","ping_status":"closed","template":"","meta":[],"product_cat":[180],"product_tag":[48,249],"yoast_head":"<!-- This site is optimized with the Yoast SEO plugin v20.8 - https:\/\/yoast.com\/wordpress\/plugins\/seo\/ -->\n<title>Warmy O - K8 radiatori<\/title>\n<meta name=\"description\" content=\"Acciaio. Una scansione ritmica di tubi orizzontali con diametro di 35 mm disegnano sulla parete il radiatore Warmy O. E\u2019 proposto a una o due colonne e in una ampia scelta di finiture e dimensioni.Steel. A rhythmic scan of horizontal pipes with a diameter of 35 mm draw the Warmy O radiator on the wall. It is offered with one or two columns and in a wide choice of finishes and sizes.Stahl. Der Heizk\u00f6rper Warmy O ist durch einen rhythmischen Verlauf von horizontalen Rohren mit einem Durchmesser von 35 mm gekennzeichnet. Er wird mit einer oder zwei S\u00e4ulen und in einer gro\u00dfen Auswahl an Ausf\u00fchrungen und Gr\u00f6\u00dfen angeboten.Acier. Une scansion rythmique de tubes horizontaux de 35 mm de diam\u00e8tre dessine sur le mur le radiateur Warmy O. Il est propos\u00e9 \u00e0 une ou deux colonnes et dans un large choix de finitions et de dimensions.Acero. El radiador Warmy O dibuja en la pared unaextensi\u00f3n r\u00edtmica de tubos horizontales de 35 mm de di\u00e1metro. Est\u00e1 disponible con una o dos columnas y en una amplia gama de acabados y tama\u00f1os.\" \/>\n<meta name=\"robots\" content=\"index, follow, max-snippet:-1, max-image-preview:large, max-video-preview:-1\" \/>\n<link rel=\"canonical\" href=\"https:\/\/www.k8radiatori.it\/es\/radiatori\/warmy-o\/\" \/>\n<meta name=\"twitter:label1\" content=\"Gesch\u00e4tzte Lesezeit\" \/>\n\t<meta name=\"twitter:data1\" content=\"2 Minuten\" \/>\n<script type=\"application\/ld+json\" class=\"yoast-schema-graph\">{\"@context\":\"https:\/\/schema.org\",\"@graph\":[{\"@type\":\"WebPage\",\"@id\":\"https:\/\/www.k8radiatori.it\/es\/radiatori\/warmy-o\/\",\"url\":\"https:\/\/www.k8radiatori.it\/es\/radiatori\/warmy-o\/\",\"name\":\"Warmy O - K8 radiatori\",\"isPartOf\":{\"@id\":\"https:\/\/www.k8radiatori.it\/de\/#website\"},\"datePublished\":\"2023-03-29T10:09:17+00:00\",\"dateModified\":\"2023-06-29T09:35:35+00:00\",\"description\":\"Acciaio. Una scansione ritmica di tubi orizzontali con diametro di 35 mm disegnano sulla parete il radiatore Warmy O. E\u2019 proposto a una o due colonne e in una ampia scelta di finiture e dimensioni.Steel. A rhythmic scan of horizontal pipes with a diameter of 35 mm draw the Warmy O radiator on the wall. It is offered with one or two columns and in a wide choice of finishes and sizes.Stahl. Der Heizk\u00f6rper Warmy O ist durch einen rhythmischen Verlauf von horizontalen Rohren mit einem Durchmesser von 35 mm gekennzeichnet. Er wird mit einer oder zwei S\u00e4ulen und in einer gro\u00dfen Auswahl an Ausf\u00fchrungen und Gr\u00f6\u00dfen angeboten.Acier. Une scansion rythmique de tubes horizontaux de 35 mm de diam\u00e8tre dessine sur le mur le radiateur Warmy O. Il est propos\u00e9 \u00e0 une ou deux colonnes et dans un large choix de finitions et de dimensions.Acero. El radiador Warmy O dibuja en la pared unaextensi\u00f3n r\u00edtmica de tubos horizontales de 35 mm de di\u00e1metro. Est\u00e1 disponible con una o dos columnas y en una amplia gama de acabados y tama\u00f1os.\",\"breadcrumb\":{\"@id\":\"https:\/\/www.k8radiatori.it\/es\/radiatori\/warmy-o\/#breadcrumb\"},\"inLanguage\":\"de-DE\",\"potentialAction\":[{\"@type\":\"ReadAction\",\"target\":[\"https:\/\/www.k8radiatori.it\/es\/radiatori\/warmy-o\/\"]}]},{\"@type\":\"BreadcrumbList\",\"@id\":\"https:\/\/www.k8radiatori.it\/es\/radiatori\/warmy-o\/#breadcrumb\",\"itemListElement\":[{\"@type\":\"ListItem\",\"position\":1,\"name\":\"Home\",\"item\":\"https:\/\/www.k8radiatori.it\/\"},{\"@type\":\"ListItem\",\"position\":2,\"name\":\"Shop\",\"item\":\"https:\/\/www.k8radiatori.it\/de\/negozio\/\"},{\"@type\":\"ListItem\",\"position\":3,\"name\":\"Warmy O\"}]},{\"@type\":\"WebSite\",\"@id\":\"https:\/\/www.k8radiatori.it\/de\/#website\",\"url\":\"https:\/\/www.k8radiatori.it\/de\/\",\"name\":\"K8 radiatori\",\"description\":\"K8 radiatori\",\"publisher\":{\"@id\":\"https:\/\/www.k8radiatori.it\/de\/#organization\"},\"potentialAction\":[{\"@type\":\"SearchAction\",\"target\":{\"@type\":\"EntryPoint\",\"urlTemplate\":\"https:\/\/www.k8radiatori.it\/de\/?s={search_term_string}\"},\"query-input\":\"required name=search_term_string\"}],\"inLanguage\":\"de-DE\"},{\"@type\":\"Organization\",\"@id\":\"https:\/\/www.k8radiatori.it\/de\/#organization\",\"name\":\"K8 radiatori\",\"url\":\"https:\/\/www.k8radiatori.it\/de\/\",\"logo\":{\"@type\":\"ImageObject\",\"inLanguage\":\"de-DE\",\"@id\":\"https:\/\/www.k8radiatori.it\/de\/#\/schema\/logo\/image\/\",\"url\":\"https:\/\/www.k8radiatori.it\/wp-content\/uploads\/2016\/03\/logo.png\",\"contentUrl\":\"https:\/\/www.k8radiatori.it\/wp-content\/uploads\/2016\/03\/logo.png\",\"width\":253,\"height\":283,\"caption\":\"K8 radiatori\"},\"image\":{\"@id\":\"https:\/\/www.k8radiatori.it\/de\/#\/schema\/logo\/image\/\"}}]}<\/script>\n<!-- \/ Yoast SEO plugin. -->","yoast_head_json":{"title":"Warmy O - K8 radiatori","description":"Acciaio. Una scansione ritmica di tubi orizzontali con diametro di 35 mm disegnano sulla parete il radiatore Warmy O. E\u2019 proposto a una o due colonne e in una ampia scelta di finiture e dimensioni.Steel. A rhythmic scan of horizontal pipes with a diameter of 35 mm draw the Warmy O radiator on the wall. It is offered with one or two columns and in a wide choice of finishes and sizes.Stahl. Der Heizk\u00f6rper Warmy O ist durch einen rhythmischen Verlauf von horizontalen Rohren mit einem Durchmesser von 35 mm gekennzeichnet. Er wird mit einer oder zwei S\u00e4ulen und in einer gro\u00dfen Auswahl an Ausf\u00fchrungen und Gr\u00f6\u00dfen angeboten.Acier. Une scansion rythmique de tubes horizontaux de 35 mm de diam\u00e8tre dessine sur le mur le radiateur Warmy O. Il est propos\u00e9 \u00e0 une ou deux colonnes et dans un large choix de finitions et de dimensions.Acero. El radiador Warmy O dibuja en la pared unaextensi\u00f3n r\u00edtmica de tubos horizontales de 35 mm de di\u00e1metro. Est\u00e1 disponible con una o dos columnas y en una amplia gama de acabados y tama\u00f1os.","robots":{"index":"index","follow":"follow","max-snippet":"max-snippet:-1","max-image-preview":"max-image-preview:large","max-video-preview":"max-video-preview:-1"},"canonical":"https:\/\/www.k8radiatori.it\/es\/radiatori\/warmy-o\/","twitter_misc":{"Gesch\u00e4tzte Lesezeit":"2 Minuten"},"schema":{"@context":"https:\/\/schema.org","@graph":[{"@type":"WebPage","@id":"https:\/\/www.k8radiatori.it\/es\/radiatori\/warmy-o\/","url":"https:\/\/www.k8radiatori.it\/es\/radiatori\/warmy-o\/","name":"Warmy O - K8 radiatori","isPartOf":{"@id":"https:\/\/www.k8radiatori.it\/de\/#website"},"datePublished":"2023-03-29T10:09:17+00:00","dateModified":"2023-06-29T09:35:35+00:00","description":"Acciaio. Una scansione ritmica di tubi orizzontali con diametro di 35 mm disegnano sulla parete il radiatore Warmy O. E\u2019 proposto a una o due colonne e in una ampia scelta di finiture e dimensioni.Steel. A rhythmic scan of horizontal pipes with a diameter of 35 mm draw the Warmy O radiator on the wall. It is offered with one or two columns and in a wide choice of finishes and sizes.Stahl. Der Heizk\u00f6rper Warmy O ist durch einen rhythmischen Verlauf von horizontalen Rohren mit einem Durchmesser von 35 mm gekennzeichnet. Er wird mit einer oder zwei S\u00e4ulen und in einer gro\u00dfen Auswahl an Ausf\u00fchrungen und Gr\u00f6\u00dfen angeboten.Acier. Une scansion rythmique de tubes horizontaux de 35 mm de diam\u00e8tre dessine sur le mur le radiateur Warmy O. Il est propos\u00e9 \u00e0 une ou deux colonnes et dans un large choix de finitions et de dimensions.Acero. El radiador Warmy O dibuja en la pared unaextensi\u00f3n r\u00edtmica de tubos horizontales de 35 mm de di\u00e1metro. Est\u00e1 disponible con una o dos columnas y en una amplia gama de acabados y tama\u00f1os.","breadcrumb":{"@id":"https:\/\/www.k8radiatori.it\/es\/radiatori\/warmy-o\/#breadcrumb"},"inLanguage":"de-DE","potentialAction":[{"@type":"ReadAction","target":["https:\/\/www.k8radiatori.it\/es\/radiatori\/warmy-o\/"]}]},{"@type":"BreadcrumbList","@id":"https:\/\/www.k8radiatori.it\/es\/radiatori\/warmy-o\/#breadcrumb","itemListElement":[{"@type":"ListItem","position":1,"name":"Home","item":"https:\/\/www.k8radiatori.it\/"},{"@type":"ListItem","position":2,"name":"Shop","item":"https:\/\/www.k8radiatori.it\/de\/negozio\/"},{"@type":"ListItem","position":3,"name":"Warmy O"}]},{"@type":"WebSite","@id":"https:\/\/www.k8radiatori.it\/de\/#website","url":"https:\/\/www.k8radiatori.it\/de\/","name":"K8 radiatori","description":"K8 radiatori","publisher":{"@id":"https:\/\/www.k8radiatori.it\/de\/#organization"},"potentialAction":[{"@type":"SearchAction","target":{"@type":"EntryPoint","urlTemplate":"https:\/\/www.k8radiatori.it\/de\/?s={search_term_string}"},"query-input":"required name=search_term_string"}],"inLanguage":"de-DE"},{"@type":"Organization","@id":"https:\/\/www.k8radiatori.it\/de\/#organization","name":"K8 radiatori","url":"https:\/\/www.k8radiatori.it\/de\/","logo":{"@type":"ImageObject","inLanguage":"de-DE","@id":"https:\/\/www.k8radiatori.it\/de\/#\/schema\/logo\/image\/","url":"https:\/\/www.k8radiatori.it\/wp-content\/uploads\/2016\/03\/logo.png","contentUrl":"https:\/\/www.k8radiatori.it\/wp-content\/uploads\/2016\/03\/logo.png","width":253,"height":283,"caption":"K8 radiatori"},"image":{"@id":"https:\/\/www.k8radiatori.it\/de\/#\/schema\/logo\/image\/"}}]}},"_links":{"self":[{"href":"https:\/\/www.k8radiatori.it\/de\/wp-json\/wp\/v3\/product\/2411"}],"collection":[{"href":"https:\/\/www.k8radiatori.it\/de\/wp-json\/wp\/v3\/product"}],"about":[{"href":"https:\/\/www.k8radiatori.it\/de\/wp-json\/wp\/v2\/types\/product"}],"replies":[{"embeddable":true,"href":"https:\/\/www.k8radiatori.it\/de\/wp-json\/wp\/v2\/comments?post=2411"}],"wp:featuredmedia":[{"embeddable":true,"href":"https:\/\/www.k8radiatori.it\/de\/wp-json\/wp\/v2\/media\/2413"}],"wp:attachment":[{"href":"https:\/\/www.k8radiatori.it\/de\/wp-json\/wp\/v2\/media?parent=2411"}],"wp:term":[{"taxonomy":"product_cat","embeddable":true,"href":"https:\/\/www.k8radiatori.it\/de\/wp-json\/wp\/v2\/product_cat?post=2411"},{"taxonomy":"product_tag","embeddable":true,"href":"https:\/\/www.k8radiatori.it\/de\/wp-json\/wp\/v2\/product_tag?post=2411"}],"curies":[{"name":"wp","href":"https:\/\/api.w.org\/{rel}","templated":true}]}}