{"id":1717,"date":"2018-07-02T15:34:53","date_gmt":"2018-07-02T13:34:53","guid":{"rendered":"http:\/\/www.k8radiatori.it\/?post_type=product&#038;p=1717"},"modified":"2018-07-11T09:56:10","modified_gmt":"2018-07-11T07:56:10","slug":"prisma-0","status":"publish","type":"product","link":"https:\/\/www.k8radiatori.it\/de\/radiatori\/prisma-0\/","title":{"rendered":"Prisma 0"},"content":{"rendered":"<p><strong><a href=\"http:\/\/www.k8radiatori.it\/wp-content\/uploads\/2018\/07\/prisma.pdf\" target=\"_blank\" rel=\"noopener\">Scarica qui le specifiche tecniche del radiatore<\/a><\/strong><\/p>\n<p><a href=\"\/contatti\/\">Su richiesta \u00e8 possibile avere schede dettagliate sul prodotto<\/a><\/p>\n<p>&nbsp;<\/p>\n<p><a href=\"http:\/\/www.k8radiatori.it\/wp-content\/uploads\/2018\/07\/radiatori-Prisma-0.jpg\"><img decoding=\"async\" loading=\"lazy\" class=\"size-full wp-image-1724 alignleft\" src=\"http:\/\/www.k8radiatori.it\/wp-content\/uploads\/2018\/07\/radiatori-Prisma-0.jpg\" alt=\"\" width=\"400\" height=\"404\" srcset=\"https:\/\/www.k8radiatori.it\/wp-content\/uploads\/2018\/07\/radiatori-Prisma-0.jpg 400w, https:\/\/www.k8radiatori.it\/wp-content\/uploads\/2018\/07\/radiatori-Prisma-0-396x400.jpg 396w\" sizes=\"(max-width: 400px) 100vw, 400px\" \/><\/a><\/p>","protected":false},"excerpt":{"rendered":"<p>Diese innovative L\u00f6sung eignet sich gleicherma\u00dfen f\u00fcr Renovierungen, Neubauten oder auch zum Ersetzen alter Heizk\u00f6rper und bietet \u00fcberall eine hohe Wohnbehaglichkeit.<br \/>\nPrisma ist ein Heizk\u00f6rper mit einzigartigen Eigenschaften: Seine W\u00e4rmeabgabe ist hoch, dank der besonderen Geometrie der einzelnen Elemente entsteht eine ausgezeichnete optische und dynamische Wirkung, ein vielseitiges Projekt mit einer vielseitigen \u00c4sthetik.<br \/>\nZudem auch ein flexibles Projekt mit einer starken Pers\u00f6nlichkeit, das die M\u00f6glichkeit bietet, den Heizk\u00f6rper entweder mit vertikalen oder horizontalen Elementen an der Wand zu positionieren, so dass neue \u00e4sthetische Eindr\u00fccke und farbenfrohe Effekte entstehen.<\/p>\n","protected":false},"featured_media":1695,"comment_status":"closed","ping_status":"closed","template":"","meta":[],"product_cat":[28],"product_tag":[],"yoast_head":"<!-- This site is optimized with the Yoast SEO plugin v20.8 - https:\/\/yoast.com\/wordpress\/plugins\/seo\/ -->\n<title>Prisma 0 - K8 radiatori<\/title>\n<meta name=\"description\" content=\"Questa soluzione innovativa per le ristrutturazioni, le nuove costruzioni o la sostituzione di vecchi elementi, offre tutto il benessere residenziale necessario. Prisma \u00e8 un radiatore dalle caratteristiche uniche: elevate prestazioni in termini di resa termica; una particolare geometria del singolo elemento per creare un efficace effetto ottico\/dinamico; una versatile scelta progettuale\/estetica. Un progetto flessibile dalla forte personalit\u00e0, offre la possibilit\u00e0 di posizionare il radiatore a muro con elementi verticali o elementi orizzontali, creando nuove scenografie estetiche con effetti grafici a tutto colore sulla parete.This innovative solution for renovations, new constructions or replacing old elements, provides all the residential wellbeing required of it.  Prisma is a radiator offering unique characteristics: high heat yield performance; a special geometric design of the individual element to create an effective optical\/dynamic effect; and a versatile aesthetic approach to the design. This flexible design features bold personality, and allows the radiator to be placed against a wall with vertical elements or horizontal elements to create new settings with colourful graphic effects on the wall.Diese innovative L\u00f6sung eignet sich gleicherma\u00dfen f\u00fcr Renovierungen, Neubauten oder auch zum Ersetzen alter Heizk\u00f6rper und bietet \u00fcberall eine hohe Wohnbehaglichkeit.  Prisma ist ein Heizk\u00f6rper mit einzigartigen Eigenschaften: Seine W\u00e4rmeabgabe ist hoch, dank der besonderen Geometrie der einzelnen Elemente entsteht eine ausgezeichnete optische und dynamische Wirkung, ein vielseitiges Projekt mit einer vielseitigen \u00c4sthetik. Zudem auch ein flexibles Projekt mit einer starken Pers\u00f6nlichkeit, das die M\u00f6glichkeit bietet, den Heizk\u00f6rper entweder mit vertikalen oder horizontalen Elementen an der Wand zu positionieren, so dass neue \u00e4sthetische Eindr\u00fccke und farbenfrohe Effekte entstehen.Cette solution innovante dans le cadre de r\u00e9novations, de nouvelles constructions ou de remplacements d\u2019anciens \u00e9quipements offre tout le bien-\u00eatre r\u00e9sidentiel n\u00e9cessaire. Prisma est un radiateur aux caract\u00e9ristiques uniques: une excellente performance thermique; une g\u00e9om\u00e9trie particuli\u00e8re de l\u2019\u00e9l\u00e9ment unique pour cr\u00e9er un effet optique\/dynamique tr\u00e8s efficace; un choix conceptuel\/ esth\u00e9tique polyvalent.  Un projet adaptable, dot\u00e9 d\u2019une forte personnalit\u00e9, offrant la possibilit\u00e9 de positionner le radiateur contre un mur avec des \u00e9l\u00e9ments \u00e0 la verticale ou \u00e0 l\u2019horizontale, tout en cr\u00e9ant un nouveau d\u00e9cor mural esth\u00e9tique, graphique et color\u00e9.Esta soluci\u00f3n innovadora para las reformas, las construcciones nuevas o la sustituci\u00f3n de viejos elementos, ofrece todo el bienestar residencial necesario.  Prisma es un radiador con unas caracter\u00edsticas \u00fanicas: altas prestaciones en cuanto a rendimiento t\u00e9rmico; una geometr\u00eda peculiar de cada elemento con vistas a crear un efecto \u00f3ptico\/din\u00e1mico eficaz; una soluci\u00f3n de proyecto\/est\u00e9tica vers\u00e1til. Un proyecto flexible, con una personalidad fuerte, que permite colocar el radiador mural con elementos verticales o elementos horizontales, creando nuevas escenograf\u00edas est\u00e9ticas, con efectos gr\u00e1ficos a todo color en la pared.\" \/>\n<meta name=\"robots\" content=\"index, follow, max-snippet:-1, max-image-preview:large, max-video-preview:-1\" \/>\n<link rel=\"canonical\" href=\"https:\/\/www.k8radiatori.it\/es\/radiatori\/prisma-0\/\" \/>\n<script type=\"application\/ld+json\" class=\"yoast-schema-graph\">{\"@context\":\"https:\/\/schema.org\",\"@graph\":[{\"@type\":\"WebPage\",\"@id\":\"https:\/\/www.k8radiatori.it\/es\/radiatori\/prisma-0\/\",\"url\":\"https:\/\/www.k8radiatori.it\/es\/radiatori\/prisma-0\/\",\"name\":\"Prisma 0 - K8 radiatori\",\"isPartOf\":{\"@id\":\"https:\/\/www.k8radiatori.it\/de\/#website\"},\"datePublished\":\"2018-07-02T13:34:53+00:00\",\"dateModified\":\"2018-07-11T07:56:10+00:00\",\"description\":\"Questa soluzione innovativa per le ristrutturazioni, le nuove costruzioni o la sostituzione di vecchi elementi, offre tutto il benessere residenziale necessario. Prisma \u00e8 un radiatore dalle caratteristiche uniche: elevate prestazioni in termini di resa termica; una particolare geometria del singolo elemento per creare un efficace effetto ottico\/dinamico; una versatile scelta progettuale\/estetica. Un progetto flessibile dalla forte personalit\u00e0, offre la possibilit\u00e0 di posizionare il radiatore a muro con elementi verticali o elementi orizzontali, creando nuove scenografie estetiche con effetti grafici a tutto colore sulla parete.This innovative solution for renovations, new constructions or replacing old elements, provides all the residential wellbeing required of it. Prisma is a radiator offering unique characteristics: high heat yield performance; a special geometric design of the individual element to create an effective optical\/dynamic effect; and a versatile aesthetic approach to the design. This flexible design features bold personality, and allows the radiator to be placed against a wall with vertical elements or horizontal elements to create new settings with colourful graphic effects on the wall.Diese innovative L\u00f6sung eignet sich gleicherma\u00dfen f\u00fcr Renovierungen, Neubauten oder auch zum Ersetzen alter Heizk\u00f6rper und bietet \u00fcberall eine hohe Wohnbehaglichkeit. Prisma ist ein Heizk\u00f6rper mit einzigartigen Eigenschaften: Seine W\u00e4rmeabgabe ist hoch, dank der besonderen Geometrie der einzelnen Elemente entsteht eine ausgezeichnete optische und dynamische Wirkung, ein vielseitiges Projekt mit einer vielseitigen \u00c4sthetik. Zudem auch ein flexibles Projekt mit einer starken Pers\u00f6nlichkeit, das die M\u00f6glichkeit bietet, den Heizk\u00f6rper entweder mit vertikalen oder horizontalen Elementen an der Wand zu positionieren, so dass neue \u00e4sthetische Eindr\u00fccke und farbenfrohe Effekte entstehen.Cette solution innovante dans le cadre de r\u00e9novations, de nouvelles constructions ou de remplacements d\u2019anciens \u00e9quipements offre tout le bien-\u00eatre r\u00e9sidentiel n\u00e9cessaire. Prisma est un radiateur aux caract\u00e9ristiques uniques: une excellente performance thermique; une g\u00e9om\u00e9trie particuli\u00e8re de l\u2019\u00e9l\u00e9ment unique pour cr\u00e9er un effet optique\/dynamique tr\u00e8s efficace; un choix conceptuel\/ esth\u00e9tique polyvalent. Un projet adaptable, dot\u00e9 d\u2019une forte personnalit\u00e9, offrant la possibilit\u00e9 de positionner le radiateur contre un mur avec des \u00e9l\u00e9ments \u00e0 la verticale ou \u00e0 l\u2019horizontale, tout en cr\u00e9ant un nouveau d\u00e9cor mural esth\u00e9tique, graphique et color\u00e9.Esta soluci\u00f3n innovadora para las reformas, las construcciones nuevas o la sustituci\u00f3n de viejos elementos, ofrece todo el bienestar residencial necesario. Prisma es un radiador con unas caracter\u00edsticas \u00fanicas: altas prestaciones en cuanto a rendimiento t\u00e9rmico; una geometr\u00eda peculiar de cada elemento con vistas a crear un efecto \u00f3ptico\/din\u00e1mico eficaz; una soluci\u00f3n de proyecto\/est\u00e9tica vers\u00e1til. Un proyecto flexible, con una personalidad fuerte, que permite colocar el radiador mural con elementos verticales o elementos horizontales, creando nuevas escenograf\u00edas est\u00e9ticas, con efectos gr\u00e1ficos a todo color en la pared.\",\"breadcrumb\":{\"@id\":\"https:\/\/www.k8radiatori.it\/es\/radiatori\/prisma-0\/#breadcrumb\"},\"inLanguage\":\"de-DE\",\"potentialAction\":[{\"@type\":\"ReadAction\",\"target\":[\"https:\/\/www.k8radiatori.it\/es\/radiatori\/prisma-0\/\"]}]},{\"@type\":\"BreadcrumbList\",\"@id\":\"https:\/\/www.k8radiatori.it\/es\/radiatori\/prisma-0\/#breadcrumb\",\"itemListElement\":[{\"@type\":\"ListItem\",\"position\":1,\"name\":\"Home\",\"item\":\"https:\/\/www.k8radiatori.it\/\"},{\"@type\":\"ListItem\",\"position\":2,\"name\":\"Shop\",\"item\":\"https:\/\/www.k8radiatori.it\/de\/negozio\/\"},{\"@type\":\"ListItem\",\"position\":3,\"name\":\"Prisma 0\"}]},{\"@type\":\"WebSite\",\"@id\":\"https:\/\/www.k8radiatori.it\/de\/#website\",\"url\":\"https:\/\/www.k8radiatori.it\/de\/\",\"name\":\"K8 radiatori\",\"description\":\"K8 radiatori\",\"publisher\":{\"@id\":\"https:\/\/www.k8radiatori.it\/de\/#organization\"},\"potentialAction\":[{\"@type\":\"SearchAction\",\"target\":{\"@type\":\"EntryPoint\",\"urlTemplate\":\"https:\/\/www.k8radiatori.it\/de\/?s={search_term_string}\"},\"query-input\":\"required name=search_term_string\"}],\"inLanguage\":\"de-DE\"},{\"@type\":\"Organization\",\"@id\":\"https:\/\/www.k8radiatori.it\/de\/#organization\",\"name\":\"K8 radiatori\",\"url\":\"https:\/\/www.k8radiatori.it\/de\/\",\"logo\":{\"@type\":\"ImageObject\",\"inLanguage\":\"de-DE\",\"@id\":\"https:\/\/www.k8radiatori.it\/de\/#\/schema\/logo\/image\/\",\"url\":\"https:\/\/www.k8radiatori.it\/wp-content\/uploads\/2016\/03\/logo.png\",\"contentUrl\":\"https:\/\/www.k8radiatori.it\/wp-content\/uploads\/2016\/03\/logo.png\",\"width\":253,\"height\":283,\"caption\":\"K8 radiatori\"},\"image\":{\"@id\":\"https:\/\/www.k8radiatori.it\/de\/#\/schema\/logo\/image\/\"}}]}<\/script>\n<!-- \/ Yoast SEO plugin. -->","yoast_head_json":{"title":"Prisma 0 - K8 radiatori","description":"Questa soluzione innovativa per le ristrutturazioni, le nuove costruzioni o la sostituzione di vecchi elementi, offre tutto il benessere residenziale necessario. Prisma \u00e8 un radiatore dalle caratteristiche uniche: elevate prestazioni in termini di resa termica; una particolare geometria del singolo elemento per creare un efficace effetto ottico\/dinamico; una versatile scelta progettuale\/estetica. Un progetto flessibile dalla forte personalit\u00e0, offre la possibilit\u00e0 di posizionare il radiatore a muro con elementi verticali o elementi orizzontali, creando nuove scenografie estetiche con effetti grafici a tutto colore sulla parete.This innovative solution for renovations, new constructions or replacing old elements, provides all the residential wellbeing required of it.  Prisma is a radiator offering unique characteristics: high heat yield performance; a special geometric design of the individual element to create an effective optical\/dynamic effect; and a versatile aesthetic approach to the design. This flexible design features bold personality, and allows the radiator to be placed against a wall with vertical elements or horizontal elements to create new settings with colourful graphic effects on the wall.Diese innovative L\u00f6sung eignet sich gleicherma\u00dfen f\u00fcr Renovierungen, Neubauten oder auch zum Ersetzen alter Heizk\u00f6rper und bietet \u00fcberall eine hohe Wohnbehaglichkeit.  Prisma ist ein Heizk\u00f6rper mit einzigartigen Eigenschaften: Seine W\u00e4rmeabgabe ist hoch, dank der besonderen Geometrie der einzelnen Elemente entsteht eine ausgezeichnete optische und dynamische Wirkung, ein vielseitiges Projekt mit einer vielseitigen \u00c4sthetik. Zudem auch ein flexibles Projekt mit einer starken Pers\u00f6nlichkeit, das die M\u00f6glichkeit bietet, den Heizk\u00f6rper entweder mit vertikalen oder horizontalen Elementen an der Wand zu positionieren, so dass neue \u00e4sthetische Eindr\u00fccke und farbenfrohe Effekte entstehen.Cette solution innovante dans le cadre de r\u00e9novations, de nouvelles constructions ou de remplacements d\u2019anciens \u00e9quipements offre tout le bien-\u00eatre r\u00e9sidentiel n\u00e9cessaire. Prisma est un radiateur aux caract\u00e9ristiques uniques: une excellente performance thermique; une g\u00e9om\u00e9trie particuli\u00e8re de l\u2019\u00e9l\u00e9ment unique pour cr\u00e9er un effet optique\/dynamique tr\u00e8s efficace; un choix conceptuel\/ esth\u00e9tique polyvalent.  Un projet adaptable, dot\u00e9 d\u2019une forte personnalit\u00e9, offrant la possibilit\u00e9 de positionner le radiateur contre un mur avec des \u00e9l\u00e9ments \u00e0 la verticale ou \u00e0 l\u2019horizontale, tout en cr\u00e9ant un nouveau d\u00e9cor mural esth\u00e9tique, graphique et color\u00e9.Esta soluci\u00f3n innovadora para las reformas, las construcciones nuevas o la sustituci\u00f3n de viejos elementos, ofrece todo el bienestar residencial necesario.  Prisma es un radiador con unas caracter\u00edsticas \u00fanicas: altas prestaciones en cuanto a rendimiento t\u00e9rmico; una geometr\u00eda peculiar de cada elemento con vistas a crear un efecto \u00f3ptico\/din\u00e1mico eficaz; una soluci\u00f3n de proyecto\/est\u00e9tica vers\u00e1til. Un proyecto flexible, con una personalidad fuerte, que permite colocar el radiador mural con elementos verticales o elementos horizontales, creando nuevas escenograf\u00edas est\u00e9ticas, con efectos gr\u00e1ficos a todo color en la pared.","robots":{"index":"index","follow":"follow","max-snippet":"max-snippet:-1","max-image-preview":"max-image-preview:large","max-video-preview":"max-video-preview:-1"},"canonical":"https:\/\/www.k8radiatori.it\/es\/radiatori\/prisma-0\/","schema":{"@context":"https:\/\/schema.org","@graph":[{"@type":"WebPage","@id":"https:\/\/www.k8radiatori.it\/es\/radiatori\/prisma-0\/","url":"https:\/\/www.k8radiatori.it\/es\/radiatori\/prisma-0\/","name":"Prisma 0 - K8 radiatori","isPartOf":{"@id":"https:\/\/www.k8radiatori.it\/de\/#website"},"datePublished":"2018-07-02T13:34:53+00:00","dateModified":"2018-07-11T07:56:10+00:00","description":"Questa soluzione innovativa per le ristrutturazioni, le nuove costruzioni o la sostituzione di vecchi elementi, offre tutto il benessere residenziale necessario. Prisma \u00e8 un radiatore dalle caratteristiche uniche: elevate prestazioni in termini di resa termica; una particolare geometria del singolo elemento per creare un efficace effetto ottico\/dinamico; una versatile scelta progettuale\/estetica. Un progetto flessibile dalla forte personalit\u00e0, offre la possibilit\u00e0 di posizionare il radiatore a muro con elementi verticali o elementi orizzontali, creando nuove scenografie estetiche con effetti grafici a tutto colore sulla parete.This innovative solution for renovations, new constructions or replacing old elements, provides all the residential wellbeing required of it. Prisma is a radiator offering unique characteristics: high heat yield performance; a special geometric design of the individual element to create an effective optical\/dynamic effect; and a versatile aesthetic approach to the design. This flexible design features bold personality, and allows the radiator to be placed against a wall with vertical elements or horizontal elements to create new settings with colourful graphic effects on the wall.Diese innovative L\u00f6sung eignet sich gleicherma\u00dfen f\u00fcr Renovierungen, Neubauten oder auch zum Ersetzen alter Heizk\u00f6rper und bietet \u00fcberall eine hohe Wohnbehaglichkeit. Prisma ist ein Heizk\u00f6rper mit einzigartigen Eigenschaften: Seine W\u00e4rmeabgabe ist hoch, dank der besonderen Geometrie der einzelnen Elemente entsteht eine ausgezeichnete optische und dynamische Wirkung, ein vielseitiges Projekt mit einer vielseitigen \u00c4sthetik. Zudem auch ein flexibles Projekt mit einer starken Pers\u00f6nlichkeit, das die M\u00f6glichkeit bietet, den Heizk\u00f6rper entweder mit vertikalen oder horizontalen Elementen an der Wand zu positionieren, so dass neue \u00e4sthetische Eindr\u00fccke und farbenfrohe Effekte entstehen.Cette solution innovante dans le cadre de r\u00e9novations, de nouvelles constructions ou de remplacements d\u2019anciens \u00e9quipements offre tout le bien-\u00eatre r\u00e9sidentiel n\u00e9cessaire. Prisma est un radiateur aux caract\u00e9ristiques uniques: une excellente performance thermique; une g\u00e9om\u00e9trie particuli\u00e8re de l\u2019\u00e9l\u00e9ment unique pour cr\u00e9er un effet optique\/dynamique tr\u00e8s efficace; un choix conceptuel\/ esth\u00e9tique polyvalent. Un projet adaptable, dot\u00e9 d\u2019une forte personnalit\u00e9, offrant la possibilit\u00e9 de positionner le radiateur contre un mur avec des \u00e9l\u00e9ments \u00e0 la verticale ou \u00e0 l\u2019horizontale, tout en cr\u00e9ant un nouveau d\u00e9cor mural esth\u00e9tique, graphique et color\u00e9.Esta soluci\u00f3n innovadora para las reformas, las construcciones nuevas o la sustituci\u00f3n de viejos elementos, ofrece todo el bienestar residencial necesario. Prisma es un radiador con unas caracter\u00edsticas \u00fanicas: altas prestaciones en cuanto a rendimiento t\u00e9rmico; una geometr\u00eda peculiar de cada elemento con vistas a crear un efecto \u00f3ptico\/din\u00e1mico eficaz; una soluci\u00f3n de proyecto\/est\u00e9tica vers\u00e1til. Un proyecto flexible, con una personalidad fuerte, que permite colocar el radiador mural con elementos verticales o elementos horizontales, creando nuevas escenograf\u00edas est\u00e9ticas, con efectos gr\u00e1ficos a todo color en la pared.","breadcrumb":{"@id":"https:\/\/www.k8radiatori.it\/es\/radiatori\/prisma-0\/#breadcrumb"},"inLanguage":"de-DE","potentialAction":[{"@type":"ReadAction","target":["https:\/\/www.k8radiatori.it\/es\/radiatori\/prisma-0\/"]}]},{"@type":"BreadcrumbList","@id":"https:\/\/www.k8radiatori.it\/es\/radiatori\/prisma-0\/#breadcrumb","itemListElement":[{"@type":"ListItem","position":1,"name":"Home","item":"https:\/\/www.k8radiatori.it\/"},{"@type":"ListItem","position":2,"name":"Shop","item":"https:\/\/www.k8radiatori.it\/de\/negozio\/"},{"@type":"ListItem","position":3,"name":"Prisma 0"}]},{"@type":"WebSite","@id":"https:\/\/www.k8radiatori.it\/de\/#website","url":"https:\/\/www.k8radiatori.it\/de\/","name":"K8 radiatori","description":"K8 radiatori","publisher":{"@id":"https:\/\/www.k8radiatori.it\/de\/#organization"},"potentialAction":[{"@type":"SearchAction","target":{"@type":"EntryPoint","urlTemplate":"https:\/\/www.k8radiatori.it\/de\/?s={search_term_string}"},"query-input":"required name=search_term_string"}],"inLanguage":"de-DE"},{"@type":"Organization","@id":"https:\/\/www.k8radiatori.it\/de\/#organization","name":"K8 radiatori","url":"https:\/\/www.k8radiatori.it\/de\/","logo":{"@type":"ImageObject","inLanguage":"de-DE","@id":"https:\/\/www.k8radiatori.it\/de\/#\/schema\/logo\/image\/","url":"https:\/\/www.k8radiatori.it\/wp-content\/uploads\/2016\/03\/logo.png","contentUrl":"https:\/\/www.k8radiatori.it\/wp-content\/uploads\/2016\/03\/logo.png","width":253,"height":283,"caption":"K8 radiatori"},"image":{"@id":"https:\/\/www.k8radiatori.it\/de\/#\/schema\/logo\/image\/"}}]}},"_links":{"self":[{"href":"https:\/\/www.k8radiatori.it\/de\/wp-json\/wp\/v3\/product\/1717"}],"collection":[{"href":"https:\/\/www.k8radiatori.it\/de\/wp-json\/wp\/v3\/product"}],"about":[{"href":"https:\/\/www.k8radiatori.it\/de\/wp-json\/wp\/v2\/types\/product"}],"replies":[{"embeddable":true,"href":"https:\/\/www.k8radiatori.it\/de\/wp-json\/wp\/v2\/comments?post=1717"}],"wp:featuredmedia":[{"embeddable":true,"href":"https:\/\/www.k8radiatori.it\/de\/wp-json\/wp\/v2\/media\/1695"}],"wp:attachment":[{"href":"https:\/\/www.k8radiatori.it\/de\/wp-json\/wp\/v2\/media?parent=1717"}],"wp:term":[{"taxonomy":"product_cat","embeddable":true,"href":"https:\/\/www.k8radiatori.it\/de\/wp-json\/wp\/v2\/product_cat?post=1717"},{"taxonomy":"product_tag","embeddable":true,"href":"https:\/\/www.k8radiatori.it\/de\/wp-json\/wp\/v2\/product_tag?post=1717"}],"curies":[{"name":"wp","href":"https:\/\/api.w.org\/{rel}","templated":true}]}}