{"id":1712,"date":"2018-07-04T16:04:18","date_gmt":"2018-07-04T14:04:18","guid":{"rendered":"http:\/\/www.k8radiatori.it\/?post_type=product&#038;p=1712"},"modified":"2023-03-28T11:36:06","modified_gmt":"2023-03-28T09:36:06","slug":"eta-evolution","status":"publish","type":"product","link":"https:\/\/www.k8radiatori.it\/de\/radiatori\/eta-evolution\/","title":{"rendered":"Eta Evolution"},"content":{"rendered":"<p><strong><a href=\"http:\/\/www.k8radiatori.it\/wp-content\/uploads\/2018\/07\/eta-evolution.pdf\" target=\"_blank\" rel=\"noopener\">Scarica qui le specifiche tecniche del radiatore<\/a><\/strong><\/p>\n<p><a href=\"\/de\/contatti\/\">Su richiesta \u00e8 possibile avere schede dettagliate sul prodotto<\/a><\/p>\n<p><a href=\"http:\/\/www.k8radiatori.it\/wp-content\/uploads\/2018\/07\/radiatori-Eta-Evolution.jpg\"><img decoding=\"async\" loading=\"lazy\" class=\"size-full wp-image-1726 alignleft\" src=\"http:\/\/www.k8radiatori.it\/wp-content\/uploads\/2018\/07\/radiatori-Eta-Evolution.jpg\" alt=\"\" width=\"350\" height=\"467\" srcset=\"https:\/\/www.k8radiatori.it\/wp-content\/uploads\/2018\/07\/radiatori-Eta-Evolution.jpg 350w, https:\/\/www.k8radiatori.it\/wp-content\/uploads\/2018\/07\/radiatori-Eta-Evolution-300x400.jpg 300w\" sizes=\"(max-width: 350px) 100vw, 350px\" \/><\/a><\/p>","protected":false},"excerpt":{"rendered":"<p>Als Restyling eines \u201ahistorischen\u2018 Heizk\u00f6rpers der Produktion K8 ist Eta Evolution, die Weiterentwicklung des Modells Eta, der klassische Heizk\u00f6rper mit vertikalen Elementen, wobei jetzt aber das Design der Seite der einzelnen Elemente \u00fcberarbeitet wurde und harmonischer und ansprechender wirkt.<br \/>\nEta Evolution hat alle Vorteile von Eta geerbt: eine ausgezeichnete W\u00e4rmeleitung, rasches Warmwerden und einen sehr geringen Wassergehalt.<br \/>\nDamit ist Eta Evolution ein Heizk\u00f6rper, der eine wirksame L\u00f6sung in Sachen Energieeinsparung bietet.<\/p>\n","protected":false},"featured_media":1713,"comment_status":"closed","ping_status":"closed","template":"","meta":[],"product_cat":[180],"product_tag":[],"yoast_head":"<!-- This site is optimized with the Yoast SEO plugin v20.8 - https:\/\/yoast.com\/wordpress\/plugins\/seo\/ -->\n<title>Eta Evolution - K8 radiatori<\/title>\n<meta name=\"description\" content=\"Eta Evolution \u00e8 il classico termosifone a moduli verticali rivisitato nel disegno del fianco del singolo elemento, con un aspetto pi\u00f9 armonioso e piacevole\" \/>\n<meta name=\"robots\" content=\"index, follow, max-snippet:-1, max-image-preview:large, max-video-preview:-1\" \/>\n<link rel=\"canonical\" href=\"https:\/\/www.k8radiatori.it\/radiatori\/eta-evolution\/\" \/>\n<script type=\"application\/ld+json\" class=\"yoast-schema-graph\">{\"@context\":\"https:\/\/schema.org\",\"@graph\":[{\"@type\":\"WebPage\",\"@id\":\"https:\/\/www.k8radiatori.it\/radiatori\/eta-evolution\/\",\"url\":\"https:\/\/www.k8radiatori.it\/radiatori\/eta-evolution\/\",\"name\":\"Eta Evolution - K8 radiatori\",\"isPartOf\":{\"@id\":\"https:\/\/www.k8radiatori.it\/de\/#website\"},\"datePublished\":\"2018-07-04T14:04:18+00:00\",\"dateModified\":\"2023-03-28T09:36:06+00:00\",\"description\":\"Eta Evolution \u00e8 il classico termosifone a moduli verticali rivisitato nel disegno del fianco del singolo elemento, con un aspetto pi\u00f9 armonioso e piacevole\",\"breadcrumb\":{\"@id\":\"https:\/\/www.k8radiatori.it\/radiatori\/eta-evolution\/#breadcrumb\"},\"inLanguage\":\"de-DE\",\"potentialAction\":[{\"@type\":\"ReadAction\",\"target\":[\"https:\/\/www.k8radiatori.it\/radiatori\/eta-evolution\/\"]}]},{\"@type\":\"BreadcrumbList\",\"@id\":\"https:\/\/www.k8radiatori.it\/radiatori\/eta-evolution\/#breadcrumb\",\"itemListElement\":[{\"@type\":\"ListItem\",\"position\":1,\"name\":\"Home\",\"item\":\"https:\/\/www.k8radiatori.it\/\"},{\"@type\":\"ListItem\",\"position\":2,\"name\":\"Shop\",\"item\":\"https:\/\/www.k8radiatori.it\/de\/negozio\/\"},{\"@type\":\"ListItem\",\"position\":3,\"name\":\"Eta Evolution\"}]},{\"@type\":\"WebSite\",\"@id\":\"https:\/\/www.k8radiatori.it\/de\/#website\",\"url\":\"https:\/\/www.k8radiatori.it\/de\/\",\"name\":\"K8 radiatori\",\"description\":\"K8 radiatori\",\"publisher\":{\"@id\":\"https:\/\/www.k8radiatori.it\/de\/#organization\"},\"potentialAction\":[{\"@type\":\"SearchAction\",\"target\":{\"@type\":\"EntryPoint\",\"urlTemplate\":\"https:\/\/www.k8radiatori.it\/de\/?s={search_term_string}\"},\"query-input\":\"required name=search_term_string\"}],\"inLanguage\":\"de-DE\"},{\"@type\":\"Organization\",\"@id\":\"https:\/\/www.k8radiatori.it\/de\/#organization\",\"name\":\"K8 radiatori\",\"url\":\"https:\/\/www.k8radiatori.it\/de\/\",\"logo\":{\"@type\":\"ImageObject\",\"inLanguage\":\"de-DE\",\"@id\":\"https:\/\/www.k8radiatori.it\/de\/#\/schema\/logo\/image\/\",\"url\":\"https:\/\/www.k8radiatori.it\/wp-content\/uploads\/2016\/03\/logo.png\",\"contentUrl\":\"https:\/\/www.k8radiatori.it\/wp-content\/uploads\/2016\/03\/logo.png\",\"width\":253,\"height\":283,\"caption\":\"K8 radiatori\"},\"image\":{\"@id\":\"https:\/\/www.k8radiatori.it\/de\/#\/schema\/logo\/image\/\"}}]}<\/script>\n<!-- \/ Yoast SEO plugin. -->","yoast_head_json":{"title":"Eta Evolution - K8 radiatori","description":"Eta Evolution \u00e8 il classico termosifone a moduli verticali rivisitato nel disegno del fianco del singolo elemento, con un aspetto pi\u00f9 armonioso e piacevole","robots":{"index":"index","follow":"follow","max-snippet":"max-snippet:-1","max-image-preview":"max-image-preview:large","max-video-preview":"max-video-preview:-1"},"canonical":"https:\/\/www.k8radiatori.it\/radiatori\/eta-evolution\/","schema":{"@context":"https:\/\/schema.org","@graph":[{"@type":"WebPage","@id":"https:\/\/www.k8radiatori.it\/radiatori\/eta-evolution\/","url":"https:\/\/www.k8radiatori.it\/radiatori\/eta-evolution\/","name":"Eta Evolution - K8 radiatori","isPartOf":{"@id":"https:\/\/www.k8radiatori.it\/de\/#website"},"datePublished":"2018-07-04T14:04:18+00:00","dateModified":"2023-03-28T09:36:06+00:00","description":"Eta Evolution \u00e8 il classico termosifone a moduli verticali rivisitato nel disegno del fianco del singolo elemento, con un aspetto pi\u00f9 armonioso e piacevole","breadcrumb":{"@id":"https:\/\/www.k8radiatori.it\/radiatori\/eta-evolution\/#breadcrumb"},"inLanguage":"de-DE","potentialAction":[{"@type":"ReadAction","target":["https:\/\/www.k8radiatori.it\/radiatori\/eta-evolution\/"]}]},{"@type":"BreadcrumbList","@id":"https:\/\/www.k8radiatori.it\/radiatori\/eta-evolution\/#breadcrumb","itemListElement":[{"@type":"ListItem","position":1,"name":"Home","item":"https:\/\/www.k8radiatori.it\/"},{"@type":"ListItem","position":2,"name":"Shop","item":"https:\/\/www.k8radiatori.it\/de\/negozio\/"},{"@type":"ListItem","position":3,"name":"Eta Evolution"}]},{"@type":"WebSite","@id":"https:\/\/www.k8radiatori.it\/de\/#website","url":"https:\/\/www.k8radiatori.it\/de\/","name":"K8 radiatori","description":"K8 radiatori","publisher":{"@id":"https:\/\/www.k8radiatori.it\/de\/#organization"},"potentialAction":[{"@type":"SearchAction","target":{"@type":"EntryPoint","urlTemplate":"https:\/\/www.k8radiatori.it\/de\/?s={search_term_string}"},"query-input":"required name=search_term_string"}],"inLanguage":"de-DE"},{"@type":"Organization","@id":"https:\/\/www.k8radiatori.it\/de\/#organization","name":"K8 radiatori","url":"https:\/\/www.k8radiatori.it\/de\/","logo":{"@type":"ImageObject","inLanguage":"de-DE","@id":"https:\/\/www.k8radiatori.it\/de\/#\/schema\/logo\/image\/","url":"https:\/\/www.k8radiatori.it\/wp-content\/uploads\/2016\/03\/logo.png","contentUrl":"https:\/\/www.k8radiatori.it\/wp-content\/uploads\/2016\/03\/logo.png","width":253,"height":283,"caption":"K8 radiatori"},"image":{"@id":"https:\/\/www.k8radiatori.it\/de\/#\/schema\/logo\/image\/"}}]}},"_links":{"self":[{"href":"https:\/\/www.k8radiatori.it\/de\/wp-json\/wp\/v3\/product\/1712"}],"collection":[{"href":"https:\/\/www.k8radiatori.it\/de\/wp-json\/wp\/v3\/product"}],"about":[{"href":"https:\/\/www.k8radiatori.it\/de\/wp-json\/wp\/v2\/types\/product"}],"replies":[{"embeddable":true,"href":"https:\/\/www.k8radiatori.it\/de\/wp-json\/wp\/v2\/comments?post=1712"}],"wp:featuredmedia":[{"embeddable":true,"href":"https:\/\/www.k8radiatori.it\/de\/wp-json\/wp\/v2\/media\/1713"}],"wp:attachment":[{"href":"https:\/\/www.k8radiatori.it\/de\/wp-json\/wp\/v2\/media?parent=1712"}],"wp:term":[{"taxonomy":"product_cat","embeddable":true,"href":"https:\/\/www.k8radiatori.it\/de\/wp-json\/wp\/v2\/product_cat?post=1712"},{"taxonomy":"product_tag","embeddable":true,"href":"https:\/\/www.k8radiatori.it\/de\/wp-json\/wp\/v2\/product_tag?post=1712"}],"curies":[{"name":"wp","href":"https:\/\/api.w.org\/{rel}","templated":true}]}}