{"id":763,"date":"2016-03-14T19:44:16","date_gmt":"2016-03-14T18:44:16","guid":{"rendered":"http:\/\/www.k8radiatori.it\/?page_id=763"},"modified":"2016-07-26T10:15:18","modified_gmt":"2016-07-26T08:15:18","slug":"faq","status":"publish","type":"page","link":"https:\/\/www.k8radiatori.it\/de\/10-motivi-per\/","title":{"rendered":"FAQ"},"content":{"rendered":"<p>[vc_row][vc_column][vc_column_text]<\/p>\n<h1>FAQ<\/h1>\n<p>10 Gr\u00fcnde, die f\u00fcr einen\u00a0Heizk\u00f6rper von K8 sprechen.\u00a0Ein K8 Heizk\u00f6rper verf\u00fcgt \u00fcber\u00a0Eigenschaften, dank denen\u00a0er zu den besten auf dem\u00a0Markt erh\u00e4ltlichen Heizk\u00f6rpern\u00a0geh\u00f6rt. Wie eine DNA lassen\u00a0sich bestimmte Eigenschaften\u00a0in den Produkten erkennen[\/vc_column_text][\/vc_column][\/vc_row][vc_row][vc_column width=&#8220;1\/2&#8243;][vc_column_text]<strong>01. EXTRUDIERTES\u00a0ALUMINIUM UND STAHL,\u00a0UMWELTFREUNDLICHE\u00a0MATERIALIEN<\/strong><br \/>\nExtrudiertes Aluminium und\u00a0Stahl sind die Materialien, die\u00a0f\u00fcr den Bau der gesamten\u00a0Produktpalette von K8\u00a0verwendet werden. Sie k\u00f6nnen\u00a0recycelt und unendlich oft\u00a0wieder verwendet werden.\u00a0K8 wendet sich damit an\u00a0eine dem Umweltschutz\u00a0aufgeschlossene Kundschaft.[\/vc_column_text][\/vc_column][vc_column width=&#8220;1\/2&#8243;][vc_column_text]<strong>02. EXTRUDIERTES\u00a0ALUMINIUM, EIN\u00a0MATERIAL MIT\u00a0INNOVATIVEN FORMEN<\/strong><br \/>\nEs handelt sich um ein leichtes\u00a0Material, aus dem Heizk\u00f6rper\u00a0in modernen, innovativen\u00a0Formen und vielen Ma\u00dfen\u00a0produziert werden k\u00f6nnen.[\/vc_column_text][\/vc_column][\/vc_row][vc_row][vc_column width=&#8220;1\/2&#8243;][vc_column_text]<strong>03. HEIZK\u00d6RPER F\u00dcR\u00a0JEDEN LEBENSSTIL<\/strong><br \/>\nDie Produktpalette von K8\u00a0umfasst Heizk\u00f6rper aus\u00a0extrudiertem Aluminium und\u00a0Stahl, die f\u00fcr alle Bed\u00fcrfnisse\u00a0und jeden Lebensstil passen\u00a0und extrem schnell W\u00e4rme\u00a0liefern, wenn dies n\u00f6tig ist.[\/vc_column_text][\/vc_column][vc_column width=&#8220;1\/2&#8243;][vc_column_text]<strong>04. HOHE\u00a0W\u00c4RMELEISTUNG<\/strong><br \/>\nF\u00fcr K8 ist nicht nur die Form\u00a0eines Heizk\u00f6rpers wichtig.\u00a0Vor allem das extrudierte\u00a0Aluminium besitzt physikalische\u00a0Eigenschaften, mit denen\u00a0\u00e4u\u00dferst leistungsf\u00e4hig Produkte\u00a0erzeugt werden.[\/vc_column_text][\/vc_column][\/vc_row][vc_row][vc_column width=&#8220;1\/2&#8243;][vc_column_text]<strong>05. ENERGIEERSPARNIS<\/strong><br \/>\nBei K8 basiert die Energieersparnis\u00a0auf der Steuerung\u00a0sowie darauf, dass die\u00a0optimale Betriebstemperatur\u00a0sehr schnell erreicht wird.\u00a0Die hohe W\u00e4rmeleistung, die\u00a0mit einer geringeren Menge\u00a0an umlaufendem Wasser\u00a0einhergeht, f\u00fchrt dazu, dass\u00a0die Betriebstemperatur schnell\u00a0erreicht wird, sodass nicht nur\u00a0Energie, sondern auch Geld\u00a0gespart werden.[\/vc_column_text][\/vc_column][vc_column width=&#8220;1\/2&#8243;][vc_column_text]<strong>06. DESIGN<\/strong><br \/>\nDie \u00c4sthetik des Heizk\u00f6rpers\u00a0ist Teil der K8 Kultur. Die\u00a0modernen Trends des\u00a0Wohnens werden interpretiert.[\/vc_column_text][\/vc_column][\/vc_row][vc_row][vc_column width=&#8220;1\/2&#8243;][vc_column_text]<strong>07. MODULARIT\u00c4T UND\u00a0EIN BREITES ANGEBOT AN\u00a0OBERFL\u00c4CHEN<\/strong><br \/>\nDie Heizk\u00f6rper von K8\u00a0sind in Breite und H\u00f6he\u00a0modular angelegt. Einige\u00a0Modelle k\u00f6nnen frei, auch\u00a0in der Mitte des Raumes,\u00a0aufgestellt werden. Bei\u00a0den Plattenheizk\u00f6rpern\u00a0steht eine breite Auswahl\u00a0an Abmessungen zur\u00a0Verf\u00fcgung. K8 bietet ein\u00a0breites Angebot an lackierten\u00a0Oberfl\u00e4chen mit zertizierter\u00a0Standardlackierungen ohne\u00a0Schwermetalle. Zus\u00e4tzlich\u00a0stehen Oberfl\u00e4chen mit\u00a0Metalleffekt, galvanisierte\u00a0und einzigartig eloxierte\u00a0Oberfl\u00e4chen zur Wahl. Das\u00a0gesamte Know-how der\u00a0Gruppe Consonni kommt zum\u00a0Einsatz.[\/vc_column_text][\/vc_column][vc_column width=&#8220;1\/2&#8243;][vc_column_text]<strong>08. LANGE LEBENSDAUER<\/strong><br \/>\nDie Untersuchungen zur\u00a0Qualit\u00e4t von Materialien und\u00a0Oberfl\u00e4chen konzentrieren\u00a0sich vor allem auf die\u00a0Zuverl\u00e4ssigkeit und die\u00a0Lebensdauer der Produkte.\u00a0F\u00fcr Heizk\u00f6rper von K8 besteht\u00a0eine Garantie von f\u00fcnf Jahren.[\/vc_column_text][\/vc_column][\/vc_row][vc_row][vc_column width=&#8220;1\/2&#8243;][vc_column_text]<strong>09. CUSTOM MADE<\/strong><br \/>\nHerstellung von Produkten\u00a0f\u00fcr Projekt spezialisiert. Die\u00a0Abmessungen, Oberfl\u00e4chen\u00a0und Anschl\u00fcsse werden den\u00a0Kundenw\u00fcnschen angepasst.\u00a0Zusammen mit Architekten\u00a0und Planern werden die besten\u00a0L\u00f6sungen erstellt.[\/vc_column_text][\/vc_column][vc_column width=&#8220;1\/2&#8243;][vc_column_text]<strong>10. 100% MADE IN ITALY<\/strong><br \/>\nDer gesamte\u00a0Produktionsprozess bei K8 ist\u00a0von gro\u00dfer Transparenz. Wir\u00a0garantieren f\u00fcr die Qualit\u00e4t\u00a0eines Produktes, das in Italien\u00a0entworfen, geplant, hergestellt\u00a0und zusammengebaut wird.\u00a0Das Ziel ist, die italienische\u00a0Qualit\u00e4t auf dem nationalen\u00a0sowie internationalen Markt zu\u00a0sch\u00fctzen und zu f\u00f6rdern.[\/vc_column_text][\/vc_column][\/vc_row]<\/p>","protected":false},"excerpt":{"rendered":"<p>[vc_row][vc_column][vc_column_text] FAQ 10 Gr\u00fcnde, die f\u00fcr einen\u00a0Heizk\u00f6rper von K8 sprechen.\u00a0Ein K8 Heizk\u00f6rper verf\u00fcgt \u00fcber\u00a0Eigenschaften, dank denen\u00a0er zu den besten auf dem\u00a0Markt erh\u00e4ltlichen Heizk\u00f6rpern\u00a0geh\u00f6rt. Wie eine DNA lassen\u00a0sich bestimmte Eigenschaften\u00a0in den Produkten erkennen[\/vc_column_text][\/vc_column][\/vc_row][vc_row][vc_column width=&#8220;1\/2&#8243;][vc_column_text]01. EXTRUDIERTES\u00a0ALUMINIUM UND STAHL,\u00a0UMWELTFREUNDLICHE\u00a0MATERIALIEN Extrudiertes Aluminium und\u00a0Stahl sind die Materialien, die\u00a0f\u00fcr den Bau der gesamten\u00a0Produktpalette von K8\u00a0verwendet werden. Sie k\u00f6nnen\u00a0recycelt und unendlich oft\u00a0wieder &#8230;..<\/p>\n","protected":false},"author":1,"featured_media":0,"parent":0,"menu_order":0,"comment_status":"closed","ping_status":"closed","template":"","meta":[],"acf":[],"yoast_head":"<!-- This site is optimized with the Yoast SEO plugin v20.8 - https:\/\/yoast.com\/wordpress\/plugins\/seo\/ -->\n<title>FAQ - K8 radiatori<\/title>\n<meta name=\"description\" content=\"10 motivi per scegliere un\u00a0 radiatore K8 Un radiatore K8 ha qualita intrinseche ed estrinseche che lo annoverano tra i migliori caloriferi sul mercato, - K8 radiatori\" \/>\n<meta name=\"robots\" content=\"index, follow, max-snippet:-1, max-image-preview:large, max-video-preview:-1\" \/>\n<link rel=\"canonical\" href=\"https:\/\/www.k8radiatori.it\/fr\/10-motivi-per\/\" \/>\n<meta name=\"twitter:label1\" content=\"Gesch\u00e4tzte Lesezeit\" \/>\n\t<meta name=\"twitter:data1\" content=\"17 Minuten\" \/>\n<script type=\"application\/ld+json\" class=\"yoast-schema-graph\">{\"@context\":\"https:\/\/schema.org\",\"@graph\":[{\"@type\":\"WebPage\",\"@id\":\"https:\/\/www.k8radiatori.it\/fr\/10-motivi-per\/\",\"url\":\"https:\/\/www.k8radiatori.it\/fr\/10-motivi-per\/\",\"name\":\"FAQ - K8 radiatori\",\"isPartOf\":{\"@id\":\"https:\/\/www.k8radiatori.it\/de\/#website\"},\"datePublished\":\"2016-03-14T18:44:16+00:00\",\"dateModified\":\"2016-07-26T08:15:18+00:00\",\"description\":\"10 motivi per scegliere un\u00a0 radiatore K8 Un radiatore K8 ha qualita intrinseche ed estrinseche che lo annoverano tra i migliori caloriferi sul mercato, - K8 radiatori\",\"breadcrumb\":{\"@id\":\"https:\/\/www.k8radiatori.it\/fr\/10-motivi-per\/#breadcrumb\"},\"inLanguage\":\"de-DE\",\"potentialAction\":[{\"@type\":\"ReadAction\",\"target\":[\"https:\/\/www.k8radiatori.it\/fr\/10-motivi-per\/\"]}]},{\"@type\":\"BreadcrumbList\",\"@id\":\"https:\/\/www.k8radiatori.it\/fr\/10-motivi-per\/#breadcrumb\",\"itemListElement\":[{\"@type\":\"ListItem\",\"position\":1,\"name\":\"Home\",\"item\":\"https:\/\/www.k8radiatori.it\/\"},{\"@type\":\"ListItem\",\"position\":2,\"name\":\"FAQ\"}]},{\"@type\":\"WebSite\",\"@id\":\"https:\/\/www.k8radiatori.it\/de\/#website\",\"url\":\"https:\/\/www.k8radiatori.it\/de\/\",\"name\":\"K8 radiatori\",\"description\":\"K8 radiatori\",\"publisher\":{\"@id\":\"https:\/\/www.k8radiatori.it\/de\/#organization\"},\"potentialAction\":[{\"@type\":\"SearchAction\",\"target\":{\"@type\":\"EntryPoint\",\"urlTemplate\":\"https:\/\/www.k8radiatori.it\/de\/?s={search_term_string}\"},\"query-input\":\"required name=search_term_string\"}],\"inLanguage\":\"de-DE\"},{\"@type\":\"Organization\",\"@id\":\"https:\/\/www.k8radiatori.it\/de\/#organization\",\"name\":\"K8 radiatori\",\"url\":\"https:\/\/www.k8radiatori.it\/de\/\",\"logo\":{\"@type\":\"ImageObject\",\"inLanguage\":\"de-DE\",\"@id\":\"https:\/\/www.k8radiatori.it\/de\/#\/schema\/logo\/image\/\",\"url\":\"https:\/\/www.k8radiatori.it\/wp-content\/uploads\/2016\/03\/logo.png\",\"contentUrl\":\"https:\/\/www.k8radiatori.it\/wp-content\/uploads\/2016\/03\/logo.png\",\"width\":253,\"height\":283,\"caption\":\"K8 radiatori\"},\"image\":{\"@id\":\"https:\/\/www.k8radiatori.it\/de\/#\/schema\/logo\/image\/\"}}]}<\/script>\n<!-- \/ Yoast SEO plugin. -->","yoast_head_json":{"title":"FAQ - K8 radiatori","description":"10 motivi per scegliere un\u00a0 radiatore K8 Un radiatore K8 ha qualita intrinseche ed estrinseche che lo annoverano tra i migliori caloriferi sul mercato, - K8 radiatori","robots":{"index":"index","follow":"follow","max-snippet":"max-snippet:-1","max-image-preview":"max-image-preview:large","max-video-preview":"max-video-preview:-1"},"canonical":"https:\/\/www.k8radiatori.it\/fr\/10-motivi-per\/","twitter_misc":{"Gesch\u00e4tzte Lesezeit":"17 Minuten"},"schema":{"@context":"https:\/\/schema.org","@graph":[{"@type":"WebPage","@id":"https:\/\/www.k8radiatori.it\/fr\/10-motivi-per\/","url":"https:\/\/www.k8radiatori.it\/fr\/10-motivi-per\/","name":"FAQ - K8 radiatori","isPartOf":{"@id":"https:\/\/www.k8radiatori.it\/de\/#website"},"datePublished":"2016-03-14T18:44:16+00:00","dateModified":"2016-07-26T08:15:18+00:00","description":"10 motivi per scegliere un\u00a0 radiatore K8 Un radiatore K8 ha qualita intrinseche ed estrinseche che lo annoverano tra i migliori caloriferi sul mercato, - K8 radiatori","breadcrumb":{"@id":"https:\/\/www.k8radiatori.it\/fr\/10-motivi-per\/#breadcrumb"},"inLanguage":"de-DE","potentialAction":[{"@type":"ReadAction","target":["https:\/\/www.k8radiatori.it\/fr\/10-motivi-per\/"]}]},{"@type":"BreadcrumbList","@id":"https:\/\/www.k8radiatori.it\/fr\/10-motivi-per\/#breadcrumb","itemListElement":[{"@type":"ListItem","position":1,"name":"Home","item":"https:\/\/www.k8radiatori.it\/"},{"@type":"ListItem","position":2,"name":"FAQ"}]},{"@type":"WebSite","@id":"https:\/\/www.k8radiatori.it\/de\/#website","url":"https:\/\/www.k8radiatori.it\/de\/","name":"K8 radiatori","description":"K8 radiatori","publisher":{"@id":"https:\/\/www.k8radiatori.it\/de\/#organization"},"potentialAction":[{"@type":"SearchAction","target":{"@type":"EntryPoint","urlTemplate":"https:\/\/www.k8radiatori.it\/de\/?s={search_term_string}"},"query-input":"required name=search_term_string"}],"inLanguage":"de-DE"},{"@type":"Organization","@id":"https:\/\/www.k8radiatori.it\/de\/#organization","name":"K8 radiatori","url":"https:\/\/www.k8radiatori.it\/de\/","logo":{"@type":"ImageObject","inLanguage":"de-DE","@id":"https:\/\/www.k8radiatori.it\/de\/#\/schema\/logo\/image\/","url":"https:\/\/www.k8radiatori.it\/wp-content\/uploads\/2016\/03\/logo.png","contentUrl":"https:\/\/www.k8radiatori.it\/wp-content\/uploads\/2016\/03\/logo.png","width":253,"height":283,"caption":"K8 radiatori"},"image":{"@id":"https:\/\/www.k8radiatori.it\/de\/#\/schema\/logo\/image\/"}}]}},"_links":{"self":[{"href":"https:\/\/www.k8radiatori.it\/de\/wp-json\/wp\/v2\/pages\/763"}],"collection":[{"href":"https:\/\/www.k8radiatori.it\/de\/wp-json\/wp\/v2\/pages"}],"about":[{"href":"https:\/\/www.k8radiatori.it\/de\/wp-json\/wp\/v2\/types\/page"}],"author":[{"embeddable":true,"href":"https:\/\/www.k8radiatori.it\/de\/wp-json\/wp\/v2\/users\/1"}],"replies":[{"embeddable":true,"href":"https:\/\/www.k8radiatori.it\/de\/wp-json\/wp\/v2\/comments?post=763"}],"version-history":[{"count":13,"href":"https:\/\/www.k8radiatori.it\/de\/wp-json\/wp\/v2\/pages\/763\/revisions"}],"predecessor-version":[{"id":1330,"href":"https:\/\/www.k8radiatori.it\/de\/wp-json\/wp\/v2\/pages\/763\/revisions\/1330"}],"wp:attachment":[{"href":"https:\/\/www.k8radiatori.it\/de\/wp-json\/wp\/v2\/media?parent=763"}],"curies":[{"name":"wp","href":"https:\/\/api.w.org\/{rel}","templated":true}]}}