{"id":744,"date":"2016-03-14T18:58:19","date_gmt":"2016-03-14T17:58:19","guid":{"rendered":"http:\/\/www.k8radiatori.it\/?page_id=744"},"modified":"2016-04-18T15:48:48","modified_gmt":"2016-04-18T13:48:48","slug":"chi-siamo","status":"publish","type":"page","link":"https:\/\/www.k8radiatori.it\/de\/chi-siamo\/","title":{"rendered":"Firma"},"content":{"rendered":"<p><\/p>\n<h1>Firma<\/h1>\n<p>Seit 1962 produziert K8 innovative und dekorative Heizk\u00f6rper und verkauft sie sowohl in Italien als auch ins Ausland. K8 Heizk\u00f6rper sind ideal im Wohn- und B\u00fcrobereich, im \u00f6ffentlichen Geb\u00e4ude und Zweitwohnungen, usw&#8230;. Die Formen und Details unserer Heizk\u00f6rper sind unkonventionell und entsprechen den Anspr\u00fcchen dieser Kunden, die auf Einzelheiten achten und originelle, hochwertige Materialien und Finishs w\u00fcnschen.<\/p>\n<h1>Unsere Produkte<\/h1>\n<p>Badeinrichtung: Heizk\u00f6rper mit Horizontalr\u00f6hren aus Aluminium oder Stahl und Heizwasser-oder Elektrisch-handtuchtrockner, die eine beschr\u00e4nkte W\u00e4rmeproduktion und daher Energieeinsparung erzielen. Heizk\u00f6rper: Heizk\u00f6rper mit Vertikalr\u00f6hren aus Stahl oder aus extrudiertes Aluminium, die eine H\u00f6he von 400 bis 2500 mm haben.<\/p>","protected":false},"excerpt":{"rendered":"<p>Firma Seit 1962 produziert K8 innovative und dekorative Heizk\u00f6rper und verkauft sie sowohl in Italien als auch ins Ausland. K8 Heizk\u00f6rper sind ideal im Wohn- und B\u00fcrobereich, im \u00f6ffentlichen Geb\u00e4ude und Zweitwohnungen, usw&#8230;. Die Formen und Details unserer Heizk\u00f6rper sind unkonventionell und entsprechen den Anspr\u00fcchen dieser Kunden, die auf Einzelheiten achten und originelle, hochwertige Materialien &#8230;..<\/p>\n","protected":false},"author":1,"featured_media":0,"parent":0,"menu_order":0,"comment_status":"closed","ping_status":"closed","template":"","meta":[],"acf":[],"yoast_head":"<!-- This site is optimized with the Yoast SEO plugin v20.8 - https:\/\/yoast.com\/wordpress\/plugins\/seo\/ -->\n<title>Firma - K8 radiatori<\/title>\n<meta name=\"description\" content=\"Chi siamo La Societ\u00e0 dal 1962 fabbrica e vende in Italia ed all&#039;estero caloriferi innovativi e decorativi per ambienti domestici, di rappresentanza, di - K8 radiatori\" \/>\n<meta name=\"robots\" content=\"index, follow, max-snippet:-1, max-image-preview:large, max-video-preview:-1\" \/>\n<link rel=\"canonical\" href=\"https:\/\/www.k8radiatori.it\/en\/enchi-siamo\/\" \/>\n<meta name=\"twitter:label1\" content=\"Gesch\u00e4tzte Lesezeit\" \/>\n\t<meta name=\"twitter:data1\" content=\"3 Minuten\" \/>\n<script type=\"application\/ld+json\" class=\"yoast-schema-graph\">{\"@context\":\"https:\/\/schema.org\",\"@graph\":[{\"@type\":\"WebPage\",\"@id\":\"https:\/\/www.k8radiatori.it\/en\/enchi-siamo\/\",\"url\":\"https:\/\/www.k8radiatori.it\/en\/enchi-siamo\/\",\"name\":\"Firma - K8 radiatori\",\"isPartOf\":{\"@id\":\"https:\/\/www.k8radiatori.it\/de\/#website\"},\"datePublished\":\"2016-03-14T17:58:19+00:00\",\"dateModified\":\"2016-04-18T13:48:48+00:00\",\"description\":\"Chi siamo La Societ\u00e0 dal 1962 fabbrica e vende in Italia ed all'estero caloriferi innovativi e decorativi per ambienti domestici, di rappresentanza, di - K8 radiatori\",\"breadcrumb\":{\"@id\":\"https:\/\/www.k8radiatori.it\/en\/enchi-siamo\/#breadcrumb\"},\"inLanguage\":\"de-DE\",\"potentialAction\":[{\"@type\":\"ReadAction\",\"target\":[\"https:\/\/www.k8radiatori.it\/en\/enchi-siamo\/\"]}]},{\"@type\":\"BreadcrumbList\",\"@id\":\"https:\/\/www.k8radiatori.it\/en\/enchi-siamo\/#breadcrumb\",\"itemListElement\":[{\"@type\":\"ListItem\",\"position\":1,\"name\":\"Home\",\"item\":\"https:\/\/www.k8radiatori.it\/\"},{\"@type\":\"ListItem\",\"position\":2,\"name\":\"Company\"}]},{\"@type\":\"WebSite\",\"@id\":\"https:\/\/www.k8radiatori.it\/de\/#website\",\"url\":\"https:\/\/www.k8radiatori.it\/de\/\",\"name\":\"K8 radiatori\",\"description\":\"K8 radiatori\",\"publisher\":{\"@id\":\"https:\/\/www.k8radiatori.it\/de\/#organization\"},\"potentialAction\":[{\"@type\":\"SearchAction\",\"target\":{\"@type\":\"EntryPoint\",\"urlTemplate\":\"https:\/\/www.k8radiatori.it\/de\/?s={search_term_string}\"},\"query-input\":\"required name=search_term_string\"}],\"inLanguage\":\"de-DE\"},{\"@type\":\"Organization\",\"@id\":\"https:\/\/www.k8radiatori.it\/de\/#organization\",\"name\":\"K8 radiatori\",\"url\":\"https:\/\/www.k8radiatori.it\/de\/\",\"logo\":{\"@type\":\"ImageObject\",\"inLanguage\":\"de-DE\",\"@id\":\"https:\/\/www.k8radiatori.it\/de\/#\/schema\/logo\/image\/\",\"url\":\"https:\/\/www.k8radiatori.it\/wp-content\/uploads\/2016\/03\/logo.png\",\"contentUrl\":\"https:\/\/www.k8radiatori.it\/wp-content\/uploads\/2016\/03\/logo.png\",\"width\":253,\"height\":283,\"caption\":\"K8 radiatori\"},\"image\":{\"@id\":\"https:\/\/www.k8radiatori.it\/de\/#\/schema\/logo\/image\/\"}}]}<\/script>\n<!-- \/ Yoast SEO plugin. -->","yoast_head_json":{"title":"Firma - K8 radiatori","description":"Chi siamo La Societ\u00e0 dal 1962 fabbrica e vende in Italia ed all'estero caloriferi innovativi e decorativi per ambienti domestici, di rappresentanza, di - K8 radiatori","robots":{"index":"index","follow":"follow","max-snippet":"max-snippet:-1","max-image-preview":"max-image-preview:large","max-video-preview":"max-video-preview:-1"},"canonical":"https:\/\/www.k8radiatori.it\/en\/enchi-siamo\/","twitter_misc":{"Gesch\u00e4tzte Lesezeit":"3 Minuten"},"schema":{"@context":"https:\/\/schema.org","@graph":[{"@type":"WebPage","@id":"https:\/\/www.k8radiatori.it\/en\/enchi-siamo\/","url":"https:\/\/www.k8radiatori.it\/en\/enchi-siamo\/","name":"Firma - K8 radiatori","isPartOf":{"@id":"https:\/\/www.k8radiatori.it\/de\/#website"},"datePublished":"2016-03-14T17:58:19+00:00","dateModified":"2016-04-18T13:48:48+00:00","description":"Chi siamo La Societ\u00e0 dal 1962 fabbrica e vende in Italia ed all'estero caloriferi innovativi e decorativi per ambienti domestici, di rappresentanza, di - K8 radiatori","breadcrumb":{"@id":"https:\/\/www.k8radiatori.it\/en\/enchi-siamo\/#breadcrumb"},"inLanguage":"de-DE","potentialAction":[{"@type":"ReadAction","target":["https:\/\/www.k8radiatori.it\/en\/enchi-siamo\/"]}]},{"@type":"BreadcrumbList","@id":"https:\/\/www.k8radiatori.it\/en\/enchi-siamo\/#breadcrumb","itemListElement":[{"@type":"ListItem","position":1,"name":"Home","item":"https:\/\/www.k8radiatori.it\/"},{"@type":"ListItem","position":2,"name":"Company"}]},{"@type":"WebSite","@id":"https:\/\/www.k8radiatori.it\/de\/#website","url":"https:\/\/www.k8radiatori.it\/de\/","name":"K8 radiatori","description":"K8 radiatori","publisher":{"@id":"https:\/\/www.k8radiatori.it\/de\/#organization"},"potentialAction":[{"@type":"SearchAction","target":{"@type":"EntryPoint","urlTemplate":"https:\/\/www.k8radiatori.it\/de\/?s={search_term_string}"},"query-input":"required name=search_term_string"}],"inLanguage":"de-DE"},{"@type":"Organization","@id":"https:\/\/www.k8radiatori.it\/de\/#organization","name":"K8 radiatori","url":"https:\/\/www.k8radiatori.it\/de\/","logo":{"@type":"ImageObject","inLanguage":"de-DE","@id":"https:\/\/www.k8radiatori.it\/de\/#\/schema\/logo\/image\/","url":"https:\/\/www.k8radiatori.it\/wp-content\/uploads\/2016\/03\/logo.png","contentUrl":"https:\/\/www.k8radiatori.it\/wp-content\/uploads\/2016\/03\/logo.png","width":253,"height":283,"caption":"K8 radiatori"},"image":{"@id":"https:\/\/www.k8radiatori.it\/de\/#\/schema\/logo\/image\/"}}]}},"_links":{"self":[{"href":"https:\/\/www.k8radiatori.it\/de\/wp-json\/wp\/v2\/pages\/744"}],"collection":[{"href":"https:\/\/www.k8radiatori.it\/de\/wp-json\/wp\/v2\/pages"}],"about":[{"href":"https:\/\/www.k8radiatori.it\/de\/wp-json\/wp\/v2\/types\/page"}],"author":[{"embeddable":true,"href":"https:\/\/www.k8radiatori.it\/de\/wp-json\/wp\/v2\/users\/1"}],"replies":[{"embeddable":true,"href":"https:\/\/www.k8radiatori.it\/de\/wp-json\/wp\/v2\/comments?post=744"}],"version-history":[{"count":4,"href":"https:\/\/www.k8radiatori.it\/de\/wp-json\/wp\/v2\/pages\/744\/revisions"}],"predecessor-version":[{"id":1036,"href":"https:\/\/www.k8radiatori.it\/de\/wp-json\/wp\/v2\/pages\/744\/revisions\/1036"}],"wp:attachment":[{"href":"https:\/\/www.k8radiatori.it\/de\/wp-json\/wp\/v2\/media?parent=744"}],"curies":[{"name":"wp","href":"https:\/\/api.w.org\/{rel}","templated":true}]}}